{"id":9,"date":"2020-03-03T22:18:20","date_gmt":"2020-03-04T04:18:20","guid":{"rendered":"http:\/\/pdadcv.artcom.mx\/portafolio-demo\/?page_id=9"},"modified":"2024-09-09T17:28:48","modified_gmt":"2024-09-09T17:28:48","slug":"mi-ple","status":"publish","type":"page","link":"https:\/\/dcv.artcom.mx\/pda\/1200386\/mi-ple\/","title":{"rendered":"Mi PLE"},"content":{"rendered":"<p>[et_pb_section fb_built=\u00bb1&#8243; admin_label=\u00bbHero Section\u00bb _builder_version=\u00bb4.20.4&#8243; background_color=\u00bb#353358&#8243; background_image=\u00bbhttp:\/\/dcv.artcom.mx\/pda\/1200386\/wp-content\/uploads\/sites\/25\/2022\/03\/Artboard-1.jpg\u00bb background_blend=\u00bbmultiply\u00bb width=\u00bb100%\u00bb max_width=\u00bb100%\u00bb min_height=\u00bb527px\u00bb height=\u00bb762px\u00bb max_height=\u00bb865px\u00bb custom_padding=\u00bb2px|0px|117px|0px||\u00bb filter_brightness=\u00bb113%\u00bb animation_style=\u00bbslide\u00bb animation_direction=\u00bbtop\u00bb animation_intensity_slide=\u00bb2%\u00bb animation_starting_opacity=\u00bb100%\u00bb global_colors_info=\u00bb{}\u00bb][et_pb_row _builder_version=\u00bb4.16&#8243; _module_preset=\u00bbdefault\u00bb custom_padding=\u00bb212px|||||\u00bb global_colors_info=\u00bb{}\u00bb][et_pb_column type=\u00bb4_4&#8243; _builder_version=\u00bb4.16&#8243; _module_preset=\u00bbdefault\u00bb global_colors_info=\u00bb{}\u00bb][et_pb_text _builder_version=\u00bb4.16&#8243; _module_preset=\u00bbdefault\u00bb text_font=\u00bbEast Sea Dokdo|700|||||||\u00bb text_text_color=\u00bb#FFFFFF\u00bb text_font_size=\u00bb53px\u00bb transform_scale=\u00bb204%|204%\u00bb transform_translate=\u00bb4px|18px\u00bb global_colors_info=\u00bb{}\u00bb]<\/p>\n<p style=\"text-align: center\">Mi PLE<\/p>\n<p style=\"text-align: center\">[\/et_pb_text][et_pb_text _builder_version=\u00bb4.16&#8243; _module_preset=\u00bbdefault\u00bb text_font=\u00bbIBM Plex Sans|300|||||||\u00bb text_text_color=\u00bb#F4ACC4&#8243; text_font_size=\u00bb30px\u00bb text_line_height=\u00bb1.4em\u00bb text_orientation=\u00bbjustified\u00bb global_colors_info=\u00bb{}\u00bb]<\/p>\n<p>Mi PLE es mi <strong><span style=\"color: #ffffff\">Entorno Personal de Aprendizaje.<\/span><\/strong> En este entorno se encuentran todas las fuentes de informaci\u00f3n e inspiraci\u00f3n que consulto para realizar mis proyectos, buscar inspiraci\u00f3n o que han influenciado en mi desarrollo creativo.<\/p>\n<p>[\/et_pb_text][\/et_pb_column][\/et_pb_row][\/et_pb_section][et_pb_section fb_built=\u00bb1&#8243; admin_label=\u00bbCollections\u00bb _builder_version=\u00bb4.20.4&#8243; background_color=\u00bb#CB409C\u00bb background_image=\u00bbhttp:\/\/dcv.artcom.mx\/pda\/1200386\/wp-content\/uploads\/sites\/25\/2022\/03\/fondo5.jpg\u00bb background_size=\u00bbstretch\u00bb background_vertical_offset=\u00bb-41%\u00bb background_blend=\u00bbmultiply\u00bb min_height=\u00bb596.6px\u00bb custom_margin=\u00bb-33px|||||\u00bb custom_padding=\u00bb3px|0px|0px|0px||\u00bb global_colors_info=\u00bb{}\u00bb][et_pb_row _builder_version=\u00bb4.24.2&#8243; _module_preset=\u00bbdefault\u00bb min_height=\u00bb118px\u00bb custom_margin=\u00bb18px|auto|-49px|auto||\u00bb custom_padding=\u00bb0px||8px|||\u00bb hover_enabled=\u00bb0&#8243; global_colors_info=\u00bb{}\u00bb width=\u00bb79%\u00bb sticky_enabled=\u00bb0&#8243; max_width=\u00bb1924px\u00bb][et_pb_column type=\u00bb4_4&#8243; _builder_version=\u00bb4.16&#8243; _module_preset=\u00bbdefault\u00bb global_colors_info=\u00bb{}\u00bb][et_pb_image src=\u00bbhttp:\/\/dcv.artcom.mx\/pda\/1200386\/wp-content\/uploads\/sites\/25\/2022\/03\/Ripped-Paper-8.png\u00bb title_text=\u00bbRipped Paper (8)\u00bb _builder_version=\u00bb4.24.2&#8243; _module_preset=\u00bbdefault\u00bb transform_scale=\u00bb160%|160%\u00bb transform_translate=\u00bb4px|-62px\u00bb hover_enabled=\u00bb0&#8243; global_colors_info=\u00bb{}\u00bb force_fullwidth=\u00bbon\u00bb sticky_enabled=\u00bb0&#8243;][\/et_pb_image][\/et_pb_column][\/et_pb_row][et_pb_row _builder_version=\u00bb4.20.4&#8243; _module_preset=\u00bbdefault\u00bb custom_padding=\u00bb128px||0px|||\u00bb global_colors_info=\u00bb{}\u00bb][et_pb_column type=\u00bb4_4&#8243; _builder_version=\u00bb4.20.4&#8243; _module_preset=\u00bbdefault\u00bb global_colors_info=\u00bb{}\u00bb][et_pb_text _builder_version=\u00bb4.20.4&#8243; _module_preset=\u00bbdefault\u00bb text_font=\u00bbEast Sea Dokdo||||||||\u00bb text_text_color=\u00bb#FFFFFF\u00bb text_font_size=\u00bb73px\u00bb text_line_height=\u00bb0.7em\u00bb transform_scale=\u00bb112%|112%\u00bb transform_translate=\u00bb0px|-25px\u00bb text_orientation=\u00bbcenter\u00bb global_colors_info=\u00bb{}\u00bb]<\/p>\n<p>CREATIVOS\u00a0<\/p>\n<p>[\/et_pb_text][\/et_pb_column][\/et_pb_row][et_pb_row column_structure=\u00bb1_3,1_3,1_3&#8243; _builder_version=\u00bb4.16&#8243; _module_preset=\u00bbdefault\u00bb custom_margin=\u00bb5px|auto||auto||\u00bb custom_padding=\u00bb23px||219px|||\u00bb global_colors_info=\u00bb{}\u00bb][et_pb_column type=\u00bb1_3&#8243; _builder_version=\u00bb4.16&#8243; _module_preset=\u00bbdefault\u00bb global_colors_info=\u00bb{}\u00bb][et_pb_text _builder_version=\u00bb4.20.4&#8243; _module_preset=\u00bbdefault\u00bb text_font=\u00bbIBM Plex Sans|500|on||||||\u00bb text_text_color=\u00bb#CB409C\u00bb text_font_size=\u00bb28px\u00bb text_orientation=\u00bbcenter\u00bb border_color_all=\u00bb#F4ACC4&#8243; global_colors_info=\u00bb{}\u00bb]<\/p>\n<p>Ra\u00fal Trevi\u00f1o<\/p>\n<p>[\/et_pb_text][et_pb_image src=\u00bbhttp:\/\/dcv.artcom.mx\/pda\/1200386\/wp-content\/uploads\/sites\/25\/2021\/04\/portada-sarah_orig.png\u00bb title_text=\u00bbportada-sarah_orig\u00bb url=\u00bbhttps:\/\/www.instagram.com\/raultrevinoart\/?hl=es-la\u00bb _builder_version=\u00bb4.16&#8243; _module_preset=\u00bbdefault\u00bb min_height=\u00bb235.5px\u00bb custom_padding=\u00bb|0px||||\u00bb border_width_all=\u00bb7px\u00bb border_color_all=\u00bbRGBA(255,255,255,0)\u00bb box_shadow_style=\u00bbpreset1&#8243; box_shadow_blur=\u00bb29px\u00bb box_shadow_color=\u00bb#060A30&#8243; global_colors_info=\u00bb{}\u00bb][\/et_pb_image][\/et_pb_column][et_pb_column type=\u00bb1_3&#8243; _builder_version=\u00bb4.16&#8243; _module_preset=\u00bbdefault\u00bb global_colors_info=\u00bb{}\u00bb][et_pb_text _builder_version=\u00bb4.20.4&#8243; _module_preset=\u00bbdefault\u00bb text_font=\u00bbIBM Plex Sans|500|on||||||\u00bb text_text_color=\u00bb#CB409C\u00bb text_font_size=\u00bb28px\u00bb header_font=\u00bb||on||||||\u00bb global_colors_info=\u00bb{}\u00bb]<\/p>\n<p style=\"text-align: center\">Alisvart<\/p>\n<p>[\/et_pb_text][et_pb_image src=\u00bbhttp:\/\/dcv.artcom.mx\/pda\/1200386\/wp-content\/uploads\/sites\/25\/2021\/05\/alisvart.jpeg\u00bb title_text=\u00bbalisvart\u00bb url=\u00bbhttps:\/\/www.instagram.com\/alisvart\/?hl=es-la\u00bb _builder_version=\u00bb4.20.4&#8243; _module_preset=\u00bbdefault\u00bb custom_margin=\u00bb||-116px|||\u00bb border_width_all=\u00bb7px\u00bb border_color_all=\u00bbRGBA(255,255,255,0)\u00bb box_shadow_style=\u00bbpreset1&#8243; box_shadow_blur=\u00bb24px\u00bb box_shadow_color=\u00bb#060A30&#8243; global_colors_info=\u00bb{}\u00bb][\/et_pb_image][\/et_pb_column][et_pb_column type=\u00bb1_3&#8243; _builder_version=\u00bb4.16&#8243; _module_preset=\u00bbdefault\u00bb global_colors_info=\u00bb{}\u00bb][et_pb_text _builder_version=\u00bb4.20.4&#8243; _module_preset=\u00bbdefault\u00bb text_font=\u00bbIBM Plex Sans|500|on||||||\u00bb text_text_color=\u00bb#CB409C\u00bb text_font_size=\u00bb28px\u00bb text_orientation=\u00bbcenter\u00bb global_colors_info=\u00bb{}\u00bb]<\/p>\n<p>Diana Peredo<\/p>\n<p>[\/et_pb_text][et_pb_image src=\u00bbhttp:\/\/dcv.artcom.mx\/pda\/1200386\/wp-content\/uploads\/sites\/25\/2021\/05\/diperedo.jpeg\u00bb title_text=\u00bbdiperedo\u00bb url=\u00bbhttps:\/\/www.instagram.com\/di.peredo\/?hl=es-la\u00bb _builder_version=\u00bb4.16&#8243; _module_preset=\u00bbdefault\u00bb min_height=\u00bb230.5px\u00bb custom_padding=\u00bb||0px|||\u00bb border_width_all=\u00bb7px\u00bb border_color_all=\u00bbRGBA(255,255,255,0)\u00bb box_shadow_style=\u00bbpreset1&#8243; box_shadow_blur=\u00bb24px\u00bb box_shadow_color=\u00bb#060A30&#8243; global_colors_info=\u00bb{}\u00bb][\/et_pb_image][\/et_pb_column][\/et_pb_row][et_pb_row _builder_version=\u00bb4.20.4&#8243; _module_preset=\u00bbdefault\u00bb custom_padding=\u00bb128px||0px|||\u00bb global_colors_info=\u00bb{}\u00bb][et_pb_column type=\u00bb4_4&#8243; _builder_version=\u00bb4.20.4&#8243; _module_preset=\u00bbdefault\u00bb global_colors_info=\u00bb{}\u00bb][et_pb_text _builder_version=\u00bb4.20.4&#8243; _module_preset=\u00bbdefault\u00bb text_font=\u00bbEast Sea Dokdo||||||||\u00bb text_text_color=\u00bb#FFFFFF\u00bb text_font_size=\u00bb73px\u00bb text_line_height=\u00bb0.7em\u00bb transform_scale=\u00bb112%|112%\u00bb transform_translate=\u00bb0px|-25px\u00bb text_orientation=\u00bbcenter\u00bb global_colors_info=\u00bb{}\u00bb]<\/p>\n<p>INSPO\u00a0<\/p>\n<p>[\/et_pb_text][\/et_pb_column][\/et_pb_row][et_pb_row column_structure=\u00bb1_3,1_3,1_3&#8243; _builder_version=\u00bb4.16&#8243; _module_preset=\u00bbdefault\u00bb custom_margin=\u00bb-12px|auto||auto||\u00bb custom_padding=\u00bb34px||235px|||\u00bb global_colors_info=\u00bb{}\u00bb][et_pb_column type=\u00bb1_3&#8243; _builder_version=\u00bb4.16&#8243; _module_preset=\u00bbdefault\u00bb global_colors_info=\u00bb{}\u00bb][et_pb_text _builder_version=\u00bb4.20.4&#8243; _module_preset=\u00bbdefault\u00bb text_font=\u00bbIBM Plex Sans|500|on||||||\u00bb text_text_color=\u00bb#CB409C\u00bb text_font_size=\u00bb28px\u00bb text_orientation=\u00bbcenter\u00bb border_color_all=\u00bb#F4ACC4&#8243; global_colors_info=\u00bb{}\u00bb]<\/p>\n<p>Pinterest<\/p>\n<p>[\/et_pb_text][et_pb_image src=\u00bbhttp:\/\/dcv.artcom.mx\/pda\/1200386\/wp-content\/uploads\/sites\/25\/2021\/05\/pinterest.jpeg\u00bb title_text=\u00bbpinterest\u00bb url=\u00bbhttps:\/\/www.instagram.com\/raultrevinoart\/?hl=es-la\u00bb _builder_version=\u00bb4.16&#8243; _module_preset=\u00bbdefault\u00bb border_width_all=\u00bb7px\u00bb border_color_all=\u00bbRGBA(255,255,255,0)\u00bb box_shadow_style=\u00bbpreset1&#8243; box_shadow_blur=\u00bb29px\u00bb box_shadow_color=\u00bb#060A30&#8243; global_colors_info=\u00bb{}\u00bb][\/et_pb_image][\/et_pb_column][et_pb_column type=\u00bb1_3&#8243; _builder_version=\u00bb4.16&#8243; _module_preset=\u00bbdefault\u00bb global_colors_info=\u00bb{}\u00bb][et_pb_text _builder_version=\u00bb4.20.4&#8243; _module_preset=\u00bbdefault\u00bb text_font=\u00bbIBM Plex Sans|500|on||||||\u00bb text_text_color=\u00bb#CB409C\u00bb text_font_size=\u00bb28px\u00bb global_colors_info=\u00bb{}\u00bb]<\/p>\n<p style=\"text-align: center\">Behance<\/p>\n<p>[\/et_pb_text][et_pb_image src=\u00bbhttp:\/\/dcv.artcom.mx\/pda\/1200386\/wp-content\/uploads\/sites\/25\/2021\/05\/behance.png\u00bb title_text=\u00bbbehance\u00bb url=\u00bbhttps:\/\/www.instagram.com\/alisvart\/?hl=es-la\u00bb _builder_version=\u00bb4.20.4&#8243; _module_preset=\u00bbdefault\u00bb border_width_all=\u00bb7px\u00bb border_color_all=\u00bbRGBA(255,255,255,0)\u00bb box_shadow_style=\u00bbpreset1&#8243; box_shadow_blur=\u00bb24px\u00bb box_shadow_color=\u00bb#060A30&#8243; global_colors_info=\u00bb{}\u00bb][\/et_pb_image][\/et_pb_column][et_pb_column type=\u00bb1_3&#8243; _builder_version=\u00bb4.16&#8243; _module_preset=\u00bbdefault\u00bb global_colors_info=\u00bb{}\u00bb][et_pb_text _builder_version=\u00bb4.20.4&#8243; _module_preset=\u00bbdefault\u00bb text_font=\u00bbIBM Plex Sans|500|on||||||\u00bb text_text_color=\u00bb#CB409C\u00bb text_font_size=\u00bb28px\u00bb text_orientation=\u00bbcenter\u00bb global_colors_info=\u00bb{}\u00bb]<\/p>\n<p>Designspiration<\/p>\n<p>[\/et_pb_text][et_pb_image src=\u00bbhttp:\/\/dcv.artcom.mx\/pda\/1200386\/wp-content\/uploads\/sites\/25\/2022\/04\/pF9PQcRA_400x400.jpeg\u00bb title_text=\u00bbpF9PQcRA_400x400&#8243; url=\u00bbhttps:\/\/www.instagram.com\/di.peredo\/?hl=es-la\u00bb _builder_version=\u00bb4.16&#8243; _module_preset=\u00bbdefault\u00bb min_height=\u00bb230.5px\u00bb custom_padding=\u00bb||0px|||\u00bb border_width_all=\u00bb7px\u00bb border_color_all=\u00bbRGBA(255,255,255,0)\u00bb box_shadow_style=\u00bbpreset1&#8243; box_shadow_blur=\u00bb24px\u00bb box_shadow_color=\u00bb#060A30&#8243; global_colors_info=\u00bb{}\u00bb][\/et_pb_image][\/et_pb_column][\/et_pb_row][et_pb_row _builder_version=\u00bb4.20.4&#8243; _module_preset=\u00bbdefault\u00bb custom_padding=\u00bb128px||0px|||\u00bb global_colors_info=\u00bb{}\u00bb][et_pb_column type=\u00bb4_4&#8243; _builder_version=\u00bb4.20.4&#8243; _module_preset=\u00bbdefault\u00bb global_colors_info=\u00bb{}\u00bb][et_pb_text _builder_version=\u00bb4.20.4&#8243; _module_preset=\u00bbdefault\u00bb text_font=\u00bbEast Sea Dokdo||||||||\u00bb text_text_color=\u00bb#FFFFFF\u00bb text_font_size=\u00bb73px\u00bb text_line_height=\u00bb0.7em\u00bb transform_scale=\u00bb112%|112%\u00bb transform_translate=\u00bb0px|-25px\u00bb text_orientation=\u00bbcenter\u00bb global_colors_info=\u00bb{}\u00bb]<\/p>\n<p>MY PLACE:)<\/p>\n<p>[\/et_pb_text][\/et_pb_column][\/et_pb_row][et_pb_row column_structure=\u00bb1_3,1_3,1_3&#8243; _builder_version=\u00bb4.16&#8243; _module_preset=\u00bbdefault\u00bb custom_margin=\u00bb-12px|auto||auto||\u00bb custom_padding=\u00bb47px||151px|||\u00bb global_colors_info=\u00bb{}\u00bb][et_pb_column type=\u00bb1_3&#8243; _builder_version=\u00bb4.16&#8243; _module_preset=\u00bbdefault\u00bb global_colors_info=\u00bb{}\u00bb][et_pb_image src=\u00bbhttp:\/\/dcv.artcom.mx\/pda\/1200386\/wp-content\/uploads\/sites\/25\/2021\/02\/IMG_20200702_220509.jpg\u00bb title_text=\u00bbIMG_20200702_220509&#8243; url=\u00bbhttps:\/\/www.instagram.com\/raultrevinoart\/?hl=es-la\u00bb _builder_version=\u00bb4.16&#8243; _module_preset=\u00bbdefault\u00bb border_width_all=\u00bb7px\u00bb border_color_all=\u00bbRGBA(255,255,255,0)\u00bb box_shadow_style=\u00bbpreset1&#8243; box_shadow_blur=\u00bb29px\u00bb box_shadow_color=\u00bb#060A30&#8243; global_colors_info=\u00bb{}\u00bb][\/et_pb_image][\/et_pb_column][et_pb_column type=\u00bb1_3&#8243; _builder_version=\u00bb4.16&#8243; _module_preset=\u00bbdefault\u00bb global_colors_info=\u00bb{}\u00bb][et_pb_text _builder_version=\u00bb4.24.2&#8243; _module_preset=\u00bbdefault\u00bb text_font=\u00bbIBM Plex Sans|500|on||||||\u00bb text_text_color=\u00bb#CB409C\u00bb text_font_size=\u00bb28px\u00bb hover_enabled=\u00bb0&#8243; global_colors_info=\u00bb{}\u00bb sticky_enabled=\u00bb0&#8243;]<\/p>\n<p style=\"text-align: center\">@studio_rdz<\/p>\n<p>[\/et_pb_text][et_pb_image src=\u00bbhttp:\/\/dcv.artcom.mx\/pda\/1200386\/wp-content\/uploads\/sites\/25\/2021\/04\/retrato.jpeg\u00bb title_text=\u00bbretrato\u00bb url=\u00bbhttps:\/\/www.instagram.com\/alisvart\/?hl=es-la\u00bb _builder_version=\u00bb4.20.4&#8243; _module_preset=\u00bbdefault\u00bb border_width_all=\u00bb7px\u00bb border_color_all=\u00bbRGBA(255,255,255,0)\u00bb box_shadow_style=\u00bbpreset1&#8243; box_shadow_blur=\u00bb24px\u00bb box_shadow_color=\u00bb#060A30&#8243; global_colors_info=\u00bb{}\u00bb][\/et_pb_image][\/et_pb_column][et_pb_column type=\u00bb1_3&#8243; _builder_version=\u00bb4.16&#8243; _module_preset=\u00bbdefault\u00bb global_colors_info=\u00bb{}\u00bb][et_pb_image src=\u00bbhttp:\/\/dcv.artcom.mx\/pda\/1200386\/wp-content\/uploads\/sites\/25\/2022\/04\/WhatsApp-Image-2022-04-01-at-1.40.43-AM.jpeg\u00bb title_text=\u00bbWhatsApp Image 2022-04-01 at 1.40.43 AM\u00bb url=\u00bbhttps:\/\/www.instagram.com\/di.peredo\/?hl=es-la\u00bb _builder_version=\u00bb4.16&#8243; _module_preset=\u00bbdefault\u00bb min_height=\u00bb230.5px\u00bb custom_padding=\u00bb||0px|||\u00bb border_width_all=\u00bb7px\u00bb border_color_all=\u00bbRGBA(255,255,255,0)\u00bb box_shadow_style=\u00bbpreset1&#8243; box_shadow_blur=\u00bb24px\u00bb box_shadow_color=\u00bb#060A30&#8243; global_colors_info=\u00bb{}\u00bb][\/et_pb_image][\/et_pb_column][\/et_pb_row][\/et_pb_section]<\/p>\n","protected":false},"excerpt":{"rendered":"<p>Mi PLE Mi PLE es mi Entorno Personal de Aprendizaje. En este entorno se encuentran todas las fuentes de informaci\u00f3n e inspiraci\u00f3n que consulto para realizar mis proyectos, buscar inspiraci\u00f3n o que han influenciado en mi desarrollo creativo.CREATIVOS\u00a0Ra\u00fal Trevi\u00f1oAlisvartDiana PeredoINSPO\u00a0PinterestBehanceDesignspirationMY PLACE:)@studio_rdz<\/p>\n","protected":false},"author":29,"featured_media":0,"parent":0,"menu_order":4,"comment_status":"closed","ping_status":"closed","template":"","meta":{"_et_pb_use_builder":"on","_et_pb_old_content":"","_et_gb_content_width":"","inline_featured_image":false,"footnotes":""},"_links":{"self":[{"href":"https:\/\/dcv.artcom.mx\/pda\/1200386\/wp-json\/wp\/v2\/pages\/9"}],"collection":[{"href":"https:\/\/dcv.artcom.mx\/pda\/1200386\/wp-json\/wp\/v2\/pages"}],"about":[{"href":"https:\/\/dcv.artcom.mx\/pda\/1200386\/wp-json\/wp\/v2\/types\/page"}],"author":[{"embeddable":true,"href":"https:\/\/dcv.artcom.mx\/pda\/1200386\/wp-json\/wp\/v2\/users\/29"}],"replies":[{"embeddable":true,"href":"https:\/\/dcv.artcom.mx\/pda\/1200386\/wp-json\/wp\/v2\/comments?post=9"}],"version-history":[{"count":18,"href":"https:\/\/dcv.artcom.mx\/pda\/1200386\/wp-json\/wp\/v2\/pages\/9\/revisions"}],"predecessor-version":[{"id":1951,"href":"https:\/\/dcv.artcom.mx\/pda\/1200386\/wp-json\/wp\/v2\/pages\/9\/revisions\/1951"}],"wp:attachment":[{"href":"https:\/\/dcv.artcom.mx\/pda\/1200386\/wp-json\/wp\/v2\/media?parent=9"}],"curies":[{"name":"wp","href":"https:\/\/api.w.org\/{rel}","templated":true}]}}