{"id":7,"date":"2020-03-03T22:17:35","date_gmt":"2020-03-04T04:17:35","guid":{"rendered":"http:\/\/pdadcv.artcom.mx\/portafolio-demo\/?page_id=7"},"modified":"2022-05-10T21:07:11","modified_gmt":"2022-05-10T21:07:11","slug":"mi-carrera","status":"publish","type":"page","link":"https:\/\/dcv.artcom.mx\/pda\/1200386\/mi-carrera\/","title":{"rendered":"Mi carrera"},"content":{"rendered":"<p>[et_pb_section fb_built=\u00bb1&#8243; _builder_version=\u00bb4.14.7&#8243; _module_preset=\u00bbdefault\u00bb background_enable_color=\u00bboff\u00bb background_image=\u00bbhttp:\/\/dcv.artcom.mx\/pda\/1200386\/wp-content\/uploads\/sites\/25\/2022\/03\/fondoblanco.jpg\u00bb parallax=\u00bbon\u00bb parallax_method=\u00bboff\u00bb global_colors_info=\u00bb{}\u00bb][et_pb_row column_structure=\u00bb3_5,2_5&#8243; _builder_version=\u00bb4.14.7&#8243; _module_preset=\u00bbdefault\u00bb global_colors_info=\u00bb{}\u00bb][et_pb_column type=\u00bb3_5&#8243; _builder_version=\u00bb4.9.3&#8243; _module_preset=\u00bbdefault\u00bb global_colors_info=\u00bb{}\u00bb][et_pb_image src=\u00bbhttp:\/\/dcv.artcom.mx\/pda\/1200386\/wp-content\/uploads\/sites\/25\/2022\/02\/angie1.jpeg\u00bb title_text=\u00bbangie1&#8243; _builder_version=\u00bb4.14.7&#8243; _module_preset=\u00bbdefault\u00bb border_width_all=\u00bb7px\u00bb border_color_all=\u00bbRGBA(255,255,255,0)\u00bb box_shadow_style=\u00bbpreset1&#8243; box_shadow_color=\u00bb#060A30&#8243; global_colors_info=\u00bb{}\u00bb][\/et_pb_image][\/et_pb_column][et_pb_column type=\u00bb2_5&#8243; _builder_version=\u00bb4.9.3&#8243; _module_preset=\u00bbdefault\u00bb global_colors_info=\u00bb{}\u00bb][et_pb_text _builder_version=\u00bb4.14.7&#8243; _module_preset=\u00bbdefault\u00bb text_font=\u00bbEast Sea Dokdo|700|||||||\u00bb text_text_color=\u00bb#FFFFFF\u00bb text_font_size=\u00bb58px\u00bb text_line_height=\u00bb1.8em\u00bb transform_scale=\u00bb200%|200%\u00bb transform_translate=\u00bb74px|0px\u00bb width=\u00bb74%\u00bb max_width=\u00bb100%\u00bb text_text_shadow_style=\u00bbpreset3&#8243; text_text_shadow_blur_strength=\u00bb0.4em\u00bb text_text_shadow_color=\u00bb#353358&#8243; global_colors_info=\u00bb{}\u00bb]<\/p>\n<p>Mi carrera<\/p>\n<p>[\/et_pb_text][et_pb_text _builder_version=\u00bb4.14.7&#8243; _module_preset=\u00bbdefault\u00bb text_font=\u00bb|700||||on|||\u00bb text_text_color=\u00bb#FFFFFF\u00bb text_font_size=\u00bb56px\u00bb text_line_height=\u00bb0.8em\u00bb global_colors_info=\u00bb{}\u00bb]<\/p>\n<p><span style=\"color: #cb409c\">D<\/span>ise\u00f1o de<\/p>\n<p><span style=\"color: #cb409c\">C<\/span>omunicaci\u00f3n<\/p>\n<p><span style=\"color: #cb409c\">V<\/span>isual<\/p>\n<p>[\/et_pb_text][\/et_pb_column][\/et_pb_row][\/et_pb_section][et_pb_section fb_built=\u00bb1&#8243; admin_label=\u00bbHero Section\u00bb _builder_version=\u00bb4.14.7&#8243; background_enable_color=\u00bboff\u00bb background_image=\u00bbhttp:\/\/dcv.artcom.mx\/pda\/1200386\/wp-content\/uploads\/sites\/25\/2022\/03\/Artboard-2.jpg\u00bb parallax=\u00bbon\u00bb parallax_method=\u00bboff\u00bb min_height=\u00bb783.3px\u00bb custom_padding=\u00bb3px|0px|0px|0px||\u00bb animation_style=\u00bbslide\u00bb animation_direction=\u00bbtop\u00bb animation_intensity_slide=\u00bb2%\u00bb animation_starting_opacity=\u00bb100%\u00bb locked=\u00bboff\u00bb global_colors_info=\u00bb{}\u00bb][et_pb_row column_structure=\u00bb1_2,1_2&#8243; _builder_version=\u00bb3.25&#8243; background_size=\u00bbinitial\u00bb background_position=\u00bbtop_left\u00bb background_repeat=\u00bbrepeat\u00bb custom_margin=\u00bb|auto|-401px|auto||\u00bb custom_padding=\u00bb||0px|||\u00bb custom_width_px=\u00bb1440px\u00bb global_colors_info=\u00bb{}\u00bb][et_pb_column type=\u00bb1_2&#8243; _builder_version=\u00bb3.25&#8243; custom_padding=\u00bb|||\u00bb global_colors_info=\u00bb{}\u00bb custom_padding__hover=\u00bb|||\u00bb][et_pb_text _builder_version=\u00bb4.14.7&#8243; text_font=\u00bbEast Sea Dokdo||||||||\u00bb text_text_color=\u00bb#FFFFFF\u00bb text_font_size=\u00bb100px\u00bb header_font=\u00bb||||||||\u00bb header_text_color=\u00bb#ffffff\u00bb header_font_size=\u00bb60px\u00bb header_line_height=\u00bb1.5em\u00bb header_2_font=\u00bbEast Sea Dokdo|700|||||||\u00bb header_2_text_color=\u00bb#FFD166&#8243; header_2_font_size=\u00bb42px\u00bb header_2_line_height=\u00bb1.5em\u00bb header_3_font=\u00bb||||||||\u00bb header_4_font=\u00bb||||||||\u00bb header_5_font=\u00bb||||||||\u00bb header_6_font=\u00bb||||||||\u00bb background_size=\u00bbinitial\u00bb background_position=\u00bbtop_left\u00bb background_repeat=\u00bbrepeat\u00bb transform_translate=\u00bb0px|28px\u00bb custom_margin=\u00bb||10px|\u00bb locked=\u00bboff\u00bb global_colors_info=\u00bb{}\u00bb]<\/p>\n<p>&#8230; DCV?<\/p>\n<p>[\/et_pb_text][et_pb_text _builder_version=\u00bb4.14.7&#8243; text_font=\u00bbIBM Plex Sans||||||||\u00bb text_text_color=\u00bb#F4ACC4&#8243; text_font_size=\u00bb19px\u00bb text_line_height=\u00bb1.5em\u00bb header_font=\u00bb||||||||\u00bb transform_translate=\u00bb0px|80px\u00bb text_orientation=\u00bbjustified\u00bb custom_padding=\u00bb||0px|||\u00bb locked=\u00bboff\u00bb global_colors_info=\u00bb{}\u00bb]<\/p>\n<p>Antes de elegir estudiar DCV ya hab\u00eda decidido que quer\u00eda estudiar algo relacionado a las artes, algo en donde pudiera desarrollar mi creatividad y que me permitiera innovar y explorar un mundo de ideas donde aprendiese de la experimentaci\u00f3n y el error.<\/p>\n<p>&nbsp;<\/p>\n<p>[\/et_pb_text][\/et_pb_column][et_pb_column type=\u00bb1_2&#8243; _builder_version=\u00bb3.25&#8243; custom_padding=\u00bb|||\u00bb global_colors_info=\u00bb{}\u00bb custom_padding__hover=\u00bb|||\u00bb][et_pb_image src=\u00bbhttp:\/\/dcv.artcom.mx\/pda\/1200386\/wp-content\/uploads\/sites\/25\/2021\/04\/yo5-1-scaled.jpg\u00bb title_text=\u00bbyo5&#8243; _builder_version=\u00bb4.14.7&#8243; _module_preset=\u00bbdefault\u00bb border_width_all=\u00bb7px\u00bb border_color_all=\u00bbRGBA(255,255,255,0)\u00bb box_shadow_style=\u00bbpreset1&#8243; box_shadow_color=\u00bb#060A30&#8243; global_colors_info=\u00bb{}\u00bb][\/et_pb_image][\/et_pb_column][\/et_pb_row][\/et_pb_section][et_pb_section fb_built=\u00bb1&#8243; specialty=\u00bbon\u00bb _builder_version=\u00bb4.9.3&#8243; _module_preset=\u00bbdefault\u00bb min_height=\u00bb191.9px\u00bb custom_margin=\u00bb-2px|||||\u00bb global_colors_info=\u00bb{}\u00bb][et_pb_column type=\u00bb1_2&#8243; specialty_columns=\u00bb2&#8243; _builder_version=\u00bb3.25&#8243; custom_padding=\u00bb|||\u00bb global_colors_info=\u00bb{}\u00bb custom_padding__hover=\u00bb|||\u00bb][et_pb_row_inner _builder_version=\u00bb4.9.3&#8243; _module_preset=\u00bbdefault\u00bb custom_margin=\u00bb-328px|||||\u00bb custom_padding=\u00bb0px|||||\u00bb global_colors_info=\u00bb{}\u00bb][et_pb_column_inner saved_specialty_column_type=\u00bb1_2&#8243; _builder_version=\u00bb4.9.3&#8243; _module_preset=\u00bbdefault\u00bb global_colors_info=\u00bb{}\u00bb][et_pb_text _builder_version=\u00bb4.14.7&#8243; _module_preset=\u00bbdefault\u00bb text_font=\u00bbIBM Plex Sans||||||||\u00bb text_text_color=\u00bb#353358&#8243; text_font_size=\u00bb19px\u00bb text_line_height=\u00bb1.6em\u00bb text_orientation=\u00bbjustified\u00bb custom_margin=\u00bb-29px|||||\u00bb custom_padding=\u00bb0px|||||\u00bb global_colors_info=\u00bb{}\u00bb]<\/p>\n<p>Es por eso que eleg\u00ed estudiar dise\u00f1o, consider\u00e9 que ser\u00eda la mejor opci\u00f3n para trabajar como creativa y hacer de mi creatividad una herramienta para resolver problemas de manera divertida pero \u00fatil y con prop\u00f3sito en el mundo. Adem\u00e1s de que me es m\u00e1s f\u00e1cil y placentero el aprender haciendo algo pr\u00e1ctico donde yo misma puedo observar el avance de mis habilidades.<\/p>\n<p>[\/et_pb_text][et_pb_text _builder_version=\u00bb4.14.7&#8243; _module_preset=\u00bbdefault\u00bb text_font=\u00bbEast Sea Dokdo|700|||||||\u00bb text_text_color=\u00bb#CB409C\u00bb text_font_size=\u00bb55px\u00bb text_line_height=\u00bb1.6em\u00bb global_colors_info=\u00bb{}\u00bb]<\/p>\n<p>Mis expectativas en la carrera<\/p>\n<p>[\/et_pb_text][et_pb_text _builder_version=\u00bb4.14.7&#8243; _module_preset=\u00bbdefault\u00bb text_font=\u00bbIBM Plex Sans||||||||\u00bb text_text_color=\u00bb#353358&#8243; text_font_size=\u00bb18px\u00bb text_line_height=\u00bb1.8em\u00bb transform_translate=\u00bb0px|-32px\u00bb text_orientation=\u00bbjustified\u00bb global_colors_info=\u00bb{}\u00bb]<\/p>\n<p>Espero aprender a dominar el mundo del dise\u00f1o, tanto la parte est\u00e9tica y visual, como la parte social y emp\u00e1tica. Todo con el fin de generar impacto con mi trabajo y dejar un huella.<\/p>\n<p>[\/et_pb_text][\/et_pb_column_inner][\/et_pb_row_inner][\/et_pb_column][et_pb_column type=\u00bb1_2&#8243; _builder_version=\u00bb3.25&#8243; custom_padding=\u00bb|||\u00bb global_colors_info=\u00bb{}\u00bb custom_padding__hover=\u00bb|||\u00bb][\/et_pb_column][\/et_pb_section][et_pb_section fb_built=\u00bb1&#8243; _builder_version=\u00bb4.14.7&#8243; _module_preset=\u00bbdefault\u00bb background_enable_color=\u00bboff\u00bb background_image=\u00bbhttp:\/\/dcv.artcom.mx\/pda\/1200386\/wp-content\/uploads\/sites\/25\/2022\/03\/portada2.jpg\u00bb min_height=\u00bb885px\u00bb custom_margin=\u00bb||-76px|||\u00bb custom_padding=\u00bb178px||3px|||\u00bb global_colors_info=\u00bb{}\u00bb][et_pb_row _builder_version=\u00bb4.14.7&#8243; _module_preset=\u00bbdefault\u00bb custom_padding=\u00bb225px||57px|||\u00bb global_colors_info=\u00bb{}\u00bb][et_pb_column type=\u00bb4_4&#8243; _builder_version=\u00bb4.14.7&#8243; _module_preset=\u00bbdefault\u00bb global_colors_info=\u00bb{}\u00bb][et_pb_text _builder_version=\u00bb4.14.7&#8243; _module_preset=\u00bbdefault\u00bb text_font=\u00bbEast Sea Dokdo||||||||\u00bb text_text_color=\u00bb#ffffff\u00bb text_font_size=\u00bb90px\u00bb text_orientation=\u00bbcenter\u00bb global_colors_info=\u00bb{}\u00bb]<\/p>\n<p>Mis limitaciones<\/p>\n<p>[\/et_pb_text][et_pb_text _builder_version=\u00bb4.14.7&#8243; _module_preset=\u00bbdefault\u00bb text_font=\u00bbIBM Plex Sans|300|||||||\u00bb text_font_size=\u00bb30px\u00bb text_line_height=\u00bb1.5em\u00bb text_orientation=\u00bbcenter\u00bb custom_padding=\u00bb||0px|||\u00bb global_colors_info=\u00bb{}\u00bb]<\/p>\n<p>Al ser estudiantes a\u00fan y trabajar en la escuela, me es complicado tener tiempo para proyectos extras. Tambi\u00e9n considero qu\u00e9 suelo tomar tiempo considerable para recreaci\u00f3n, vida social y familiar, por lo tanto en per\u00edodo de clases no suelo aceptar proyectos extras ya que no podr\u00eda terminarlos en poco tiempo.<\/p>\n<p>&nbsp;<\/p>\n<p>[\/et_pb_text][\/et_pb_column][\/et_pb_row][et_pb_row _builder_version=\u00bb4.14.7&#8243; _module_preset=\u00bbdefault\u00bb custom_padding=\u00bb0px||43px|||\u00bb global_colors_info=\u00bb{}\u00bb][et_pb_column type=\u00bb4_4&#8243; _builder_version=\u00bb4.14.7&#8243; _module_preset=\u00bbdefault\u00bb global_colors_info=\u00bb{}\u00bb][et_pb_text _builder_version=\u00bb4.14.7&#8243; _module_preset=\u00bbdefault\u00bb text_font=\u00bbEast Sea Dokdo||||||||\u00bb text_text_color=\u00bb#ffffff\u00bb text_font_size=\u00bb90px\u00bb text_line_height=\u00bb0.8em\u00bb text_orientation=\u00bbcenter\u00bb global_colors_info=\u00bb{}\u00bb]<\/p>\n<p>Mis fortalezas<\/p>\n<p>[\/et_pb_text][et_pb_counters admin_label=\u00bbContadores de barra\u00bb _builder_version=\u00bb4.14.7&#8243; _module_preset=\u00bbdefault\u00bb transform_scale=\u00bb96%|96%\u00bb transform_translate=\u00bb51px|-23px\u00bb hover_enabled=\u00bb0&#8243; global_colors_info=\u00bb{}\u00bb animation_style=\u00bbfade\u00bb sticky_enabled=\u00bb0&#8243;][et_pb_counter percent=\u00bb85&#8243; bar_background_color=\u00bb#CB409C\u00bb _builder_version=\u00bb4.14.7&#8243; _module_preset=\u00bbdefault\u00bb title_font=\u00bbIBM Plex Sans||||||||\u00bb title_text_color=\u00bb#ffffff\u00bb title_font_size=\u00bb24px\u00bb title_line_height=\u00bb1.9em\u00bb percent_font=\u00bbIBM Plex Sans||||||||\u00bb percent_font_size=\u00bb17px\u00bb background_color=\u00bb#060A30&#8243; background_enable_color=\u00bbon\u00bb background_enable_video_mp4=\u00bbon\u00bb background_enable_video_webm=\u00bbon\u00bb width=\u00bb100%\u00bb border_width_all=\u00bb5px\u00bb border_color_all=\u00bb#060A30&#8243; global_colors_info=\u00bb{}\u00bb background_enable_color_default=\u00bbon\u00bb parallax_default=\u00bboff\u00bb parallax_method_default=\u00bbon\u00bb bar_background_color_default=\u00bb#f4acc4&#8243; use_percentages=\u00bbon\u00bb]Ilustraci\u00f3n digital[\/et_pb_counter][et_pb_counter percent=\u00bb80&#8243; bar_background_color=\u00bb#CB409C\u00bb _builder_version=\u00bb4.14.7&#8243; _module_preset=\u00bbdefault\u00bb title_font=\u00bbIBM Plex Sans||||||||\u00bb title_text_color=\u00bb#ffffff\u00bb title_font_size=\u00bb24px\u00bb title_line_height=\u00bb1.9em\u00bb percent_font=\u00bbIBM Plex Sans||||||||\u00bb percent_font_size=\u00bb17px\u00bb background_color=\u00bb#060A30&#8243; background_enable_color=\u00bbon\u00bb background_enable_video_mp4=\u00bbon\u00bb background_enable_video_webm=\u00bbon\u00bb width=\u00bb100%\u00bb border_width_all=\u00bb5px\u00bb border_color_all=\u00bb#060A30&#8243; global_colors_info=\u00bb{}\u00bb background_enable_color_default=\u00bbon\u00bb parallax_default=\u00bboff\u00bb parallax_method_default=\u00bbon\u00bb bar_background_color_default=\u00bb#f4acc4&#8243; use_percentages=\u00bbon\u00bb]Ilustraci\u00f3n tradicional[\/et_pb_counter][et_pb_counter percent=\u00bb70&#8243; bar_background_color=\u00bb#CB409C\u00bb _builder_version=\u00bb4.14.7&#8243; _module_preset=\u00bbdefault\u00bb title_font=\u00bbIBM Plex Sans||||||||\u00bb title_text_color=\u00bb#ffffff\u00bb title_font_size=\u00bb24px\u00bb title_line_height=\u00bb1.9em\u00bb percent_font=\u00bbIBM Plex Sans||||||||\u00bb percent_font_size=\u00bb17px\u00bb background_color=\u00bb#060A30&#8243; background_enable_color=\u00bbon\u00bb background_enable_video_mp4=\u00bbon\u00bb background_enable_video_webm=\u00bbon\u00bb width=\u00bb100%\u00bb border_width_all=\u00bb5px\u00bb border_color_all=\u00bb#060A30&#8243; global_colors_info=\u00bb{}\u00bb background_enable_color_default=\u00bbon\u00bb parallax_default=\u00bboff\u00bb parallax_method_default=\u00bbon\u00bb bar_background_color_default=\u00bb#f4acc4&#8243; use_percentages=\u00bbon\u00bb]Creatividad[\/et_pb_counter][et_pb_counter percent=\u00bb75&#8243; bar_background_color=\u00bb#CB409C\u00bb _builder_version=\u00bb4.14.7&#8243; _module_preset=\u00bbdefault\u00bb title_font=\u00bbIBM Plex Sans||||||||\u00bb title_text_color=\u00bb#ffffff\u00bb title_font_size=\u00bb24px\u00bb title_line_height=\u00bb1.9em\u00bb percent_font=\u00bbIBM Plex Sans||||||||\u00bb percent_font_size=\u00bb17px\u00bb background_color=\u00bb#060A30&#8243; background_enable_color=\u00bbon\u00bb background_enable_video_mp4=\u00bbon\u00bb background_enable_video_webm=\u00bbon\u00bb width=\u00bb100%\u00bb border_width_all=\u00bb5px\u00bb border_color_all=\u00bb#060A30&#8243; global_colors_info=\u00bb{}\u00bb background_enable_color_default=\u00bbon\u00bb parallax_default=\u00bboff\u00bb parallax_method_default=\u00bbon\u00bb bar_background_color_default=\u00bb#f4acc4&#8243; use_percentages=\u00bbon\u00bb]Disposici\u00f3n para aprender[\/et_pb_counter][et_pb_counter percent=\u00bb85&#8243; bar_background_color=\u00bb#CB409C\u00bb _builder_version=\u00bb4.14.7&#8243; _module_preset=\u00bbdefault\u00bb title_font=\u00bbIBM Plex Sans||||||||\u00bb title_text_color=\u00bb#ffffff\u00bb title_font_size=\u00bb24px\u00bb title_line_height=\u00bb1.9em\u00bb percent_font=\u00bbIBM Plex Sans||||||||\u00bb percent_font_size=\u00bb17px\u00bb background_color=\u00bb#060A30&#8243; background_enable_color=\u00bbon\u00bb background_enable_video_mp4=\u00bbon\u00bb background_enable_video_webm=\u00bbon\u00bb width=\u00bb100%\u00bb border_width_all=\u00bb5px\u00bb border_color_all=\u00bb#060A30&#8243; global_colors_info=\u00bb{}\u00bb background_enable_color_default=\u00bbon\u00bb parallax_default=\u00bboff\u00bb parallax_method_default=\u00bbon\u00bb bar_background_color_default=\u00bb#f4acc4&#8243; use_percentages=\u00bbon\u00bb]Imagen profesional[\/et_pb_counter][et_pb_counter percent=\u00bb70&#8243; bar_background_color=\u00bb#CB409C\u00bb _builder_version=\u00bb4.14.7&#8243; _module_preset=\u00bbdefault\u00bb title_font=\u00bbIBM Plex Sans||||||||\u00bb title_text_color=\u00bb#ffffff\u00bb title_font_size=\u00bb24px\u00bb title_line_height=\u00bb1.9em\u00bb percent_font=\u00bbIBM Plex Sans||||||||\u00bb percent_font_size=\u00bb17px\u00bb background_color=\u00bb#060A30&#8243; background_enable_color=\u00bbon\u00bb background_enable_video_mp4=\u00bbon\u00bb background_enable_video_webm=\u00bbon\u00bb width=\u00bb100%\u00bb border_width_all=\u00bb5px\u00bb border_color_all=\u00bb#060A30&#8243; global_colors_info=\u00bb{}\u00bb background_enable_color_default=\u00bbon\u00bb parallax_default=\u00bboff\u00bb parallax_method_default=\u00bbon\u00bb bar_background_color_default=\u00bb#f4acc4&#8243; use_percentages=\u00bbon\u00bb]Hablar en p\u00fablico[\/et_pb_counter][\/et_pb_counters][\/et_pb_column][\/et_pb_row][\/et_pb_section]<\/p>\n","protected":false},"excerpt":{"rendered":"<p>Mi carreraDise\u00f1o de Comunicaci\u00f3n Visual&#8230; DCV?Antes de elegir estudiar DCV ya hab\u00eda decidido que quer\u00eda estudiar algo relacionado a las artes, algo en donde pudiera desarrollar mi creatividad y que me permitiera innovar y explorar un mundo de ideas donde aprendiese de la experimentaci\u00f3n y el error. &nbsp;Es por eso que eleg\u00ed estudiar dise\u00f1o, consider\u00e9 [&hellip;]<\/p>\n","protected":false},"author":29,"featured_media":0,"parent":0,"menu_order":3,"comment_status":"closed","ping_status":"closed","template":"","meta":{"_et_pb_use_builder":"on","_et_pb_old_content":"","_et_gb_content_width":"","inline_featured_image":false,"footnotes":""},"_links":{"self":[{"href":"https:\/\/dcv.artcom.mx\/pda\/1200386\/wp-json\/wp\/v2\/pages\/7"}],"collection":[{"href":"https:\/\/dcv.artcom.mx\/pda\/1200386\/wp-json\/wp\/v2\/pages"}],"about":[{"href":"https:\/\/dcv.artcom.mx\/pda\/1200386\/wp-json\/wp\/v2\/types\/page"}],"author":[{"embeddable":true,"href":"https:\/\/dcv.artcom.mx\/pda\/1200386\/wp-json\/wp\/v2\/users\/29"}],"replies":[{"embeddable":true,"href":"https:\/\/dcv.artcom.mx\/pda\/1200386\/wp-json\/wp\/v2\/comments?post=7"}],"version-history":[{"count":25,"href":"https:\/\/dcv.artcom.mx\/pda\/1200386\/wp-json\/wp\/v2\/pages\/7\/revisions"}],"predecessor-version":[{"id":1476,"href":"https:\/\/dcv.artcom.mx\/pda\/1200386\/wp-json\/wp\/v2\/pages\/7\/revisions\/1476"}],"wp:attachment":[{"href":"https:\/\/dcv.artcom.mx\/pda\/1200386\/wp-json\/wp\/v2\/media?parent=7"}],"curies":[{"name":"wp","href":"https:\/\/api.w.org\/{rel}","templated":true}]}}