{"id":159,"date":"2020-03-03T22:11:41","date_gmt":"2020-03-04T04:11:41","guid":{"rendered":"http:\/\/pdadcv.artcom.mx\/portafolio-demo\/?page_id=2"},"modified":"2023-05-03T02:54:55","modified_gmt":"2023-05-03T02:54:55","slug":"acerca-de-mi","status":"publish","type":"page","link":"https:\/\/dcv.artcom.mx\/pda\/1200386\/acerca-de-mi\/","title":{"rendered":"Acerca de mi"},"content":{"rendered":"<p>[et_pb_section fb_built=\u00bb1&#8243; admin_label=\u00bbHero Section\u00bb _builder_version=\u00bb4.16&#8243; background_enable_color=\u00bboff\u00bb background_color_gradient_direction=\u00bb131deg\u00bb background_image=\u00bbhttp:\/\/dcv.artcom.mx\/pda\/1200386\/wp-content\/uploads\/sites\/25\/2022\/03\/fondoportada.jpg\u00bb min_height=\u00bb1032.7px\u00bb custom_margin=\u00bb||-61px|||\u00bb custom_padding=\u00bb80px|0px|3px|0px||\u00bb animation_direction=\u00bbtop\u00bb locked=\u00bboff\u00bb global_colors_info=\u00bb{}\u00bb][et_pb_row column_structure=\u00bb1_2,1_2&#8243; _builder_version=\u00bb4.16&#8243; min_height=\u00bb818.7px\u00bb custom_padding=\u00bb||4px|||\u00bb custom_width_px=\u00bb1440px\u00bb global_colors_info=\u00bb{}\u00bb][et_pb_column type=\u00bb1_2&#8243; _builder_version=\u00bb4.16&#8243; custom_padding=\u00bb|||\u00bb global_colors_info=\u00bb{}\u00bb custom_padding__hover=\u00bb|||\u00bb][et_pb_text _builder_version=\u00bb4.16&#8243; text_font=\u00bb||||||||\u00bb text_line_height=\u00bb0.1em\u00bb header_font=\u00bbEast Sea Dokdo|700|||||||\u00bb header_text_color=\u00bb#FFFFFF\u00bb header_font_size=\u00bb64px\u00bb header_line_height=\u00bb1.5em\u00bb header_2_font=\u00bb||||||||\u00bb header_3_font=\u00bb||||||||\u00bb header_4_font=\u00bb||||||||\u00bb header_5_font=\u00bb||||||||\u00bb header_6_font=\u00bb||||||||\u00bb transform_scale=\u00bb168%|168%\u00bb transform_translate=\u00bb101px|15px\u00bb custom_margin=\u00bb||20px|\u00bb animation_style=\u00bbslide\u00bb animation_direction=\u00bbleft\u00bb locked=\u00bboff\u00bb global_colors_info=\u00bb{}\u00bb]<\/p>\n<h1>Acerca de Angie<\/h1>\n<p>&nbsp;<\/p>\n<p>[\/et_pb_text][et_pb_text _builder_version=\u00bb4.16&#8243; text_font=\u00bbIBM Plex Sans|500|||||||\u00bb text_text_color=\u00bb#F4ACC4&#8243; text_font_size=\u00bb23px\u00bb text_line_height=\u00bb1.5em\u00bb header_font=\u00bbPoppins|500|||||||\u00bb header_font_size=\u00bb35px\u00bb custom_padding=\u00bb||0px|||\u00bb animation_style=\u00bbslide\u00bb animation_direction=\u00bbleft\u00bb locked=\u00bboff\u00bb global_colors_info=\u00bb{}\u00bb]<\/p>\n<p style=\"text-align: justify\">Hola, mucho gusto. Mi nombre es <span style=\"color: #ffffff\"><strong>Angela Isabel Rodr\u00edguez Alonso<\/strong><\/span>, pero puedes decirme Angie.<\/p>\n<p>[\/et_pb_text][et_pb_text _builder_version=\u00bb4.16&#8243; _module_preset=\u00bbdefault\u00bb text_font=\u00bb|600|||||||\u00bb text_text_color=\u00bb#F4ACC4&#8243; text_font_size=\u00bb16px\u00bb transform_translate=\u00bb0px|-22px\u00bb text_orientation=\u00bbjustified\u00bb global_colors_info=\u00bb{}\u00bb]<\/p>\n<p><span style=\"font-weight: 400\">Nac\u00ed en Montemorelos, Nuevo Le\u00f3n, aunque la mayor parte de mi vida la he pasado en M\u00e9rida, Yucat\u00e1n. As\u00ed que me considero yucateca de coraz\u00f3n. Actualmente tengo 18 a\u00f1os y estudio la carrera de Dise\u00f1o de Comunicaci\u00f3n Visual en la universidad de Montemorelos. Me gusta mucho el arte, de lo que m\u00e1s disfruto hacer en mis tiempos libres es dibujar y pintar, tambi\u00e9n adoro el ciclismo. Intento siempre estar involucrada en actividades para desarrollar mis habilidades creativas, sociales y de liderazgo. Me interesa mucho la ilustraci\u00f3n y es mi meta convertirme en una ilustradora profesional, aportando con mis habilidades, estudios y talentos al plan de de salvaci\u00f3n de Dios<\/span><\/p>\n<p>[\/et_pb_text][\/et_pb_column][et_pb_column type=\u00bb1_2&#8243; _builder_version=\u00bb4.16&#8243; custom_padding=\u00bb|||\u00bb global_colors_info=\u00bb{}\u00bb custom_padding__hover=\u00bb|||\u00bb][et_pb_gallery gallery_ids=\u00bb1128,1127,1129&#8243; fullwidth=\u00bbon\u00bb _builder_version=\u00bb4.20.4&#8243; _module_preset=\u00bbdefault\u00bb transform_scale=\u00bb92%|92%\u00bb transform_translate=\u00bb0px|29px\u00bb transform_translate_linked=\u00bboff\u00bb border_width_all=\u00bb10px\u00bb border_color_all=\u00bbRGBA(255,255,255,0)\u00bb global_colors_info=\u00bb{}\u00bb][\/et_pb_gallery][\/et_pb_column][\/et_pb_row][\/et_pb_section][et_pb_section fb_built=\u00bb1&#8243; _builder_version=\u00bb4.16&#8243; _module_preset=\u00bbdefault\u00bb custom_padding=\u00bb126px|||||\u00bb global_colors_info=\u00bb{}\u00bb][et_pb_row column_structure=\u00bb1_3,1_3,1_3&#8243; _builder_version=\u00bb4.16&#8243; _module_preset=\u00bbdefault\u00bb custom_padding=\u00bb3px|||||\u00bb global_colors_info=\u00bb{}\u00bb][et_pb_column type=\u00bb1_3&#8243; _builder_version=\u00bb4.16&#8243; _module_preset=\u00bbdefault\u00bb global_colors_info=\u00bb{}\u00bb][et_pb_text _builder_version=\u00bb4.16&#8243; _module_preset=\u00bbdefault\u00bb text_font=\u00bbEast Sea Dokdo||||||||\u00bb text_text_color=\u00bb#353358&#8243; text_font_size=\u00bb70px\u00bb text_orientation=\u00bbcenter\u00bb global_colors_info=\u00bb{}\u00bb]<\/p>\n<p>Estudios:<\/p>\n<p>[\/et_pb_text][et_pb_text _builder_version=\u00bb4.16&#8243; _module_preset=\u00bbdefault\u00bb text_text_color=\u00bb#595B82&#8243; global_colors_info=\u00bb{}\u00bb]<\/p>\n<p style=\"text-align: justify\">En mi preparaci\u00f3n acad\u00e9mica he pasado por distintas instituciones en varios estados de la Rep\u00fablica Mexicana tales como:<\/p>\n<ul>\n<li>COLMAY (Colegio del Mayab)<\/li>\n<li>Colegio Elena Harmon<\/li>\n<li>CEART (Centro estatal de las artes Baja California)<\/li>\n<li>Resonare Allegretto<\/li>\n<li>Universidad de Montemorelos<\/li>\n<\/ul>\n<p>[\/et_pb_text][\/et_pb_column][et_pb_column type=\u00bb1_3&#8243; _builder_version=\u00bb4.16&#8243; _module_preset=\u00bbdefault\u00bb global_colors_info=\u00bb{}\u00bb][et_pb_text _builder_version=\u00bb4.16&#8243; _module_preset=\u00bbdefault\u00bb text_font=\u00bbEast Sea Dokdo||||||||\u00bb text_text_color=\u00bb#353358&#8243; text_font_size=\u00bb70px\u00bb text_orientation=\u00bbcenter\u00bb global_colors_info=\u00bb{}\u00bb]<\/p>\n<p>Trabajos:<\/p>\n<p>[\/et_pb_text][et_pb_text _builder_version=\u00bb4.16&#8243; _module_preset=\u00bbdefault\u00bb text_font=\u00bbIBM Plex Sans||||||||\u00bb text_text_color=\u00bb#595B82&#8243; global_colors_info=\u00bb{}\u00bb]<\/p>\n<p style=\"text-align: justify\">En mi prepaparaci\u00f3n profesional he trabajado en diferentes proyectos para aprender sobre m\u00e1s sobre mi profesional tales como:<\/p>\n<ul>\n<li>Director de media ministerio handmine<\/li>\n<li>Dise\u00f1ador UMEDIA DISE\u00d1O<\/li>\n<\/ul>\n<p>Colaboraciones como freelancer:<\/p>\n<ul>\n<li>Uni\u00f3n Mexicana del Sureste<\/li>\n<li>Hope Channel Inter-\u00c1merica<\/li>\n<\/ul>\n<p>[\/et_pb_text][\/et_pb_column][et_pb_column type=\u00bb1_3&#8243; _builder_version=\u00bb4.16&#8243; _module_preset=\u00bbdefault\u00bb global_colors_info=\u00bb{}\u00bb][et_pb_text _builder_version=\u00bb4.16&#8243; _module_preset=\u00bbdefault\u00bb text_font=\u00bbEast Sea Dokdo||||||||\u00bb text_text_color=\u00bb#353358&#8243; text_font_size=\u00bb70px\u00bb text_orientation=\u00bbcenter\u00bb global_colors_info=\u00bb{}\u00bb]<\/p>\n<p>Metas:<\/p>\n<p>[\/et_pb_text][et_pb_text _builder_version=\u00bb4.16&#8243; _module_preset=\u00bbdefault\u00bb text_text_color=\u00bb#595B82&#8243; global_colors_info=\u00bb{}\u00bb]<\/p>\n<p><strong>Corto plazo:<\/strong><\/p>\n<ul>\n<li>Concluir exitosamente la carrea de Dise\u00f1o de Comunicaci\u00f3n Visual, en la Universidad de Montemorelos.<\/li>\n<\/ul>\n<p><strong>Mediano plazo:<\/strong><\/p>\n<ul>\n<li>Trabajar como freelancer en proyectos de dise\u00f1o y especialmente de ilustraci\u00f3n.<\/li>\n<\/ul>\n<p><strong>Largo plazo:<\/strong><\/p>\n<ul>\n<li>Estudiar una maestr\u00eda en ilustraci\u00f3n en Espa\u00f1a<\/li>\n<li>Trabajar produciendo contenido visual para la Iglesia Adventista del s\u00e9ptimo d\u00eda.<\/li>\n<\/ul>\n<p>[\/et_pb_text][\/et_pb_column][\/et_pb_row][\/et_pb_section][et_pb_section fb_built=\u00bb1&#8243; admin_label=\u00bbStats\u00bb _builder_version=\u00bb4.16&#8243; background_enable_color=\u00bboff\u00bb min_height=\u00bb317.5px\u00bb custom_margin=\u00bb-69px|||||\u00bb custom_padding=\u00bb38px|0px|64px|0px||\u00bb global_colors_info=\u00bb{}\u00bb][et_pb_row _builder_version=\u00bb4.16&#8243; _module_preset=\u00bbdefault\u00bb background_enable_color=\u00bboff\u00bb background_image=\u00bbhttp:\/\/dcv.artcom.mx\/pda\/1200386\/wp-content\/uploads\/sites\/25\/2022\/03\/fondo4.jpg\u00bb parallax=\u00bbon\u00bb width=\u00bb79.2%\u00bb min_height=\u00bb267px\u00bb height=\u00bb373px\u00bb custom_margin=\u00bb39px|auto|280px|auto|false|false\u00bb custom_padding=\u00bb|||0px|false|false\u00bb animation_style=\u00bbslide\u00bb box_shadow_style=\u00bbpreset1&#8243; box_shadow_color=\u00bb#060A30&#8243; global_colors_info=\u00bb{}\u00bb][et_pb_column type=\u00bb4_4&#8243; _builder_version=\u00bb4.16&#8243; _module_preset=\u00bbdefault\u00bb global_colors_info=\u00bb{}\u00bb][et_pb_text _builder_version=\u00bb4.16&#8243; _module_preset=\u00bbdefault\u00bb text_font_size=\u00bb48px\u00bb header_font=\u00bb|600|||||||\u00bb header_text_color=\u00bb#FFFFFF\u00bb header_font_size=\u00bb81px\u00bb transform_scale=\u00bb116%|116%\u00bb transform_translate=\u00bb0px|-58px\u00bb custom_margin=\u00bb40px||||false|false\u00bb global_colors_info=\u00bb{}\u00bb]<\/p>\n<h1 style=\"text-align: center\">En esto creo:<\/h1>\n<p>[\/et_pb_text][et_pb_text _builder_version=\u00bb4.16&#8243; _module_preset=\u00bbdefault\u00bb text_font=\u00bbIBM Plex Sans||on||||||\u00bb text_text_color=\u00bb#F4ACC4&#8243; text_font_size=\u00bb23px\u00bb text_line_height=\u00bb1.5em\u00bb header_text_color=\u00bb#FFD166&#8243; transform_scale=\u00bb104%|104%\u00bb transform_translate=\u00bb69px|-91px\u00bb text_orientation=\u00bbcenter\u00bb max_width=\u00bb77%\u00bb custom_margin=\u00bb|50px|50px|50px|false|false\u00bb custom_padding=\u00bb1px|||||\u00bb global_colors_info=\u00bb{}\u00bb]<\/p>\n<p style=\"text-align: justify\">\u00abCreo que <strong><span style=\"color: #ffffff\">Dios es el mayor creativo<\/span><\/strong> en el universo y tiene un prop\u00f3sito para mi y para ti. \u00c9l <strong><span style=\"color: #ffffff\">otorga talentos<\/span><\/strong> y <span style=\"color: #ffffff\"><strong>creatividad<\/strong> <\/span>para que los utilicemos para su servicio y llevemos el mensaje del gran amor de Dios a todo el mundo. No fuimos producto de la casualidad, <span style=\"color: #ef476f\"><span style=\"color: #f4acc4\">tenemos un<\/span> <span style=\"color: #ffffff\"><strong>prop\u00f3sit<\/strong>o <span style=\"color: #f4acc4\">y <\/span><strong>una misi\u00f3n que cumplir.<\/strong><\/span><\/span>\u00ab<\/p>\n<p>[\/et_pb_text][\/et_pb_column][\/et_pb_row][\/et_pb_section][et_pb_section fb_built=\u00bb1&#8243; _builder_version=\u00bb4.20.4&#8243; _module_preset=\u00bbdefault\u00bb background_image=\u00bbhttp:\/\/dcv.artcom.mx\/pda\/1200386\/wp-content\/uploads\/sites\/25\/2022\/03\/blanco3-1.jpg\u00bb height=\u00bb883px\u00bb max_height=\u00bb965px\u00bb custom_margin=\u00bb||-164px|||\u00bb custom_padding=\u00bb2px||11px|||\u00bb global_colors_info=\u00bb{}\u00bb][et_pb_row _builder_version=\u00bb4.16&#8243; _module_preset=\u00bbdefault\u00bb custom_margin=\u00bb-73px|auto||auto||\u00bb custom_padding=\u00bb0px||4px|||\u00bb global_colors_info=\u00bb{}\u00bb][et_pb_column type=\u00bb4_4&#8243; _builder_version=\u00bb4.16&#8243; _module_preset=\u00bbdefault\u00bb global_colors_info=\u00bb{}\u00bb][et_pb_text _builder_version=\u00bb4.20.4&#8243; _module_preset=\u00bbdefault\u00bb text_font=\u00bbEast Sea Dokdo||on|||on|||\u00bb text_text_color=\u00bb#353358&#8243; text_font_size=\u00bb100px\u00bb text_line_height=\u00bb1.8em\u00bb background_enable_image=\u00bboff\u00bb background_position=\u00bbtop_left\u00bb transform_scale=\u00bb130%|130%\u00bb transform_translate=\u00bb0px|-3px\u00bb text_orientation=\u00bbcenter\u00bb custom_padding=\u00bb0px||0px|||\u00bb global_colors_info=\u00bb{}\u00bb]<\/p>\n<p>Mis recuerdos favoritos<\/p>\n<p>[\/et_pb_text][\/et_pb_column][\/et_pb_row][et_pb_row column_structure=\u00bb1_3,1_3,1_3&#8243; _builder_version=\u00bb4.20.4&#8243; _module_preset=\u00bbdefault\u00bb min_height=\u00bb386.4px\u00bb custom_margin=\u00bb-17px|auto||auto||\u00bb custom_padding=\u00bb0px||33px|||\u00bb global_colors_info=\u00bb{}\u00bb][et_pb_column type=\u00bb1_3&#8243; _builder_version=\u00bb4.20.4&#8243; _module_preset=\u00bbdefault\u00bb global_colors_info=\u00bb{}\u00bb][et_pb_gallery gallery_ids=\u00bb1749,1739,1738,1748,1737&#8243; fullwidth=\u00bbon\u00bb _builder_version=\u00bb4.20.4&#8243; _module_preset=\u00bbdefault\u00bb hover_enabled=\u00bb0&#8243; global_colors_info=\u00bb{}\u00bb sticky_enabled=\u00bb0&#8243;][\/et_pb_gallery][\/et_pb_column][et_pb_column type=\u00bb1_3&#8243; _builder_version=\u00bb4.20.4&#8243; _module_preset=\u00bbdefault\u00bb global_colors_info=\u00bb{}\u00bb][et_pb_gallery gallery_ids=\u00bb1746,1751,1747,1755,1743,1753&#8243; fullwidth=\u00bbon\u00bb _builder_version=\u00bb4.20.4&#8243; _module_preset=\u00bbdefault\u00bb hover_enabled=\u00bb0&#8243; global_colors_info=\u00bb{}\u00bb sticky_enabled=\u00bb0&#8243;][\/et_pb_gallery][\/et_pb_column][et_pb_column type=\u00bb1_3&#8243; _builder_version=\u00bb4.20.4&#8243; _module_preset=\u00bbdefault\u00bb global_colors_info=\u00bb{}\u00bb][et_pb_gallery gallery_ids=\u00bb1750,1752,1740,1754,1742,1745,1741&#8243; fullwidth=\u00bbon\u00bb _builder_version=\u00bb4.20.4&#8243; _module_preset=\u00bbdefault\u00bb hover_enabled=\u00bb0&#8243; global_colors_info=\u00bb{}\u00bb sticky_enabled=\u00bb0&#8243;][\/et_pb_gallery][\/et_pb_column][\/et_pb_row][\/et_pb_section][et_pb_section fb_built=\u00bb1&#8243; specialty=\u00bbon\u00bb _builder_version=\u00bb4.16&#8243; _module_preset=\u00bbdefault\u00bb background_enable_color=\u00bboff\u00bb background_enable_image=\u00bboff\u00bb min_height=\u00bb872.6px\u00bb custom_margin=\u00bb-43px|||||\u00bb custom_padding=\u00bb137px||0px|||\u00bb global_colors_info=\u00bb{}\u00bb][et_pb_column type=\u00bb1_2&#8243; specialty_columns=\u00bb2&#8243; _builder_version=\u00bb4.16&#8243; custom_padding=\u00bb|||\u00bb global_colors_info=\u00bb{}\u00bb custom_padding__hover=\u00bb|||\u00bb][et_pb_row_inner _builder_version=\u00bb4.16&#8243; _module_preset=\u00bbdefault\u00bb global_colors_info=\u00bb{}\u00bb][et_pb_column_inner saved_specialty_column_type=\u00bb1_2&#8243; _builder_version=\u00bb4.16&#8243; _module_preset=\u00bbdefault\u00bb global_colors_info=\u00bb{}\u00bb][et_pb_text _builder_version=\u00bb4.16&#8243; _module_preset=\u00bbdefault\u00bb text_font=\u00bbEast Sea Dokdo|700|||||||\u00bb text_text_color=\u00bb#CB409C\u00bb text_font_size=\u00bb90px\u00bb animation_style=\u00bbslide\u00bb animation_direction=\u00bbleft\u00bb global_colors_info=\u00bb{}\u00bb]<\/p>\n<p>About me<\/p>\n<p>[\/et_pb_text][et_pb_text _builder_version=\u00bb4.16&#8243; _module_preset=\u00bbdefault\u00bb text_font=\u00bbIBM Plex Sans|600|||||||\u00bb text_text_color=\u00bb#060A30&#8243; text_font_size=\u00bb23px\u00bb text_line_height=\u00bb1.8em\u00bb global_colors_info=\u00bb{}\u00bb]<\/p>\n<p><span>Hi nice to meet you. My name is <span style=\"color: #cb409c\">Angela Isabel Rodr\u00edguez Alonso<\/span>, but you can call me Angie.<\/span><\/p>\n<p>[\/et_pb_text][et_pb_text _builder_version=\u00bb4.16&#8243; _module_preset=\u00bbdefault\u00bb text_font=\u00bbIBM Plex Sans|700|||||||\u00bb text_text_color=\u00bb#353358&#8243; text_font_size=\u00bb18px\u00bb text_line_height=\u00bb1.8em\u00bb text_orientation=\u00bbjustified\u00bb global_colors_info=\u00bb{}\u00bb]<\/p>\n<p style=\"font-weight: 400\">I was born in Montemorelos, Nuevo Le\u00f3n, although most of my life I have spent in M\u00e9rida,Yucatan.\u00a0 So I consider myself Yucatecan at heart.<span> <\/span>I am currently 18 years old and I study my career in\u00a0Visual Communication and Design at Montemorelos University. I love art a lot, in my free time I<span>\u00a0<\/span><span>\u00a0<\/span><span>\u00a0<\/span>enjoy drawing and painting, and I also like biking.\u00a0I always try to be involved in activities to develop my creative, social and leadership skills. I am very interested in illustration and it is my goal to become\u00a0a professional illustrator, contributing with my skills, studies and talents to Gods plan of\u00a0Salvation.<\/p>\n<p>[\/et_pb_text][\/et_pb_column_inner][\/et_pb_row_inner][\/et_pb_column][et_pb_column type=\u00bb1_2&#8243; _builder_version=\u00bb4.16&#8243; custom_padding=\u00bb|||\u00bb global_colors_info=\u00bb{}\u00bb custom_padding__hover=\u00bb|||\u00bb][et_pb_image src=\u00bbhttp:\/\/dcv.artcom.mx\/pda\/1200386\/wp-content\/uploads\/sites\/25\/2021\/04\/yo4-1-scaled.jpg\u00bb title_text=\u00bbyo4&#8243; _builder_version=\u00bb4.16&#8243; _module_preset=\u00bbdefault\u00bb transform_scale=\u00bb82%|82%\u00bb transform_translate=\u00bb4px|-103px\u00bb box_shadow_style=\u00bbpreset1&#8243; box_shadow_color=\u00bb#060A30&#8243; global_colors_info=\u00bb{}\u00bb][\/et_pb_image][\/et_pb_column][\/et_pb_section][et_pb_section fb_built=\u00bb1&#8243; _builder_version=\u00bb4.16&#8243; _module_preset=\u00bbdefault\u00bb custom_margin=\u00bb||8px|||\u00bb custom_padding=\u00bb109px||0px|||\u00bb global_colors_info=\u00bb{}\u00bb][et_pb_row column_structure=\u00bb1_3,1_3,1_3&#8243; _builder_version=\u00bb4.16&#8243; _module_preset=\u00bbdefault\u00bb custom_padding=\u00bb3px|||||\u00bb global_colors_info=\u00bb{}\u00bb][et_pb_column type=\u00bb1_3&#8243; _builder_version=\u00bb4.16&#8243; _module_preset=\u00bbdefault\u00bb global_colors_info=\u00bb{}\u00bb][et_pb_text _builder_version=\u00bb4.16&#8243; _module_preset=\u00bbdefault\u00bb text_font=\u00bbEast Sea Dokdo||||||||\u00bb text_text_color=\u00bb#353358&#8243; text_font_size=\u00bb70px\u00bb text_orientation=\u00bbcenter\u00bb global_colors_info=\u00bb{}\u00bb]<\/p>\n<p>Education:<\/p>\n<p>[\/et_pb_text][et_pb_text _builder_version=\u00bb4.16&#8243; _module_preset=\u00bbdefault\u00bb text_text_color=\u00bb#595B82&#8243; global_colors_info=\u00bb{}\u00bb]<\/p>\n<p style=\"text-align: justify\">In my academic preparation I have passed through different institutions in several states of the Mexican Republic such as:<\/p>\n<ul>\n<li>COLMAY (Colegio del Mayab)<\/li>\n<li>Colegio Elena Harmon<\/li>\n<li>CEART (Centro estatal de las artes Baja California)<\/li>\n<li>Resonare Allegretto<\/li>\n<li>Universidad de Montemorelos<\/li>\n<li>CEBA (Centro Estatal de Bellas Artes)<\/li>\n<\/ul>\n<p>[\/et_pb_text][\/et_pb_column][et_pb_column type=\u00bb1_3&#8243; _builder_version=\u00bb4.16&#8243; _module_preset=\u00bbdefault\u00bb global_colors_info=\u00bb{}\u00bb][et_pb_text _builder_version=\u00bb4.16&#8243; _module_preset=\u00bbdefault\u00bb text_font=\u00bbEast Sea Dokdo||||||||\u00bb text_text_color=\u00bb#353358&#8243; text_font_size=\u00bb70px\u00bb text_line_height=\u00bb0.5em\u00bb text_orientation=\u00bbcenter\u00bb global_colors_info=\u00bb{}\u00bb]<\/p>\n<p>Work experience:<\/p>\n<p>[\/et_pb_text][et_pb_text _builder_version=\u00bb4.16&#8243; _module_preset=\u00bbdefault\u00bb text_font=\u00bbIBM Plex Sans||||||||\u00bb text_text_color=\u00bb#595B82&#8243; global_colors_info=\u00bb{}\u00bb]<\/p>\n<p style=\"text-align: justify\">In my professional preparation I have worked on different projects to learn more about my professional such as:<\/p>\n<ul>\n<li>Director of media handmine ministry<\/li>\n<li>Designer UMEDIA DESIGN<\/li>\n<\/ul>\n<p>Collaborations as a freelancer:<\/p>\n<ul>\n<li>Uni\u00f3n Mexicana del Sureste<\/li>\n<li>Hope Channel Inter-\u00c1merica<\/li>\n<\/ul>\n<p>[\/et_pb_text][\/et_pb_column][et_pb_column type=\u00bb1_3&#8243; _builder_version=\u00bb4.16&#8243; _module_preset=\u00bbdefault\u00bb global_colors_info=\u00bb{}\u00bb][et_pb_text _builder_version=\u00bb4.16&#8243; _module_preset=\u00bbdefault\u00bb text_font=\u00bbEast Sea Dokdo||||||||\u00bb text_text_color=\u00bb#353358&#8243; text_font_size=\u00bb70px\u00bb text_orientation=\u00bbcenter\u00bb global_colors_info=\u00bb{}\u00bb]<\/p>\n<p>Goals:<\/p>\n<p>[\/et_pb_text][et_pb_text _builder_version=\u00bb4.16&#8243; _module_preset=\u00bbdefault\u00bb text_text_color=\u00bb#595B82&#8243; global_colors_info=\u00bb{}\u00bb]<\/p>\n<p><strong>Short term:<\/strong><\/p>\n<ul>\n<li>Successfully complete the Visual Communication Design career at the University of Montemorelos.<\/li>\n<\/ul>\n<p><strong>Medium term:<\/strong><\/p>\n<ul>\n<li>Work as freelancer on design projects, especially in the ilustration area.<\/li>\n<\/ul>\n<p><strong>Long term:<\/strong><\/p>\n<ul>\n<li>Study a master&#8217;s degree in illustration in Spain.<\/li>\n<li>Work producing visual content for the Seventh-day Adventist Church.<\/li>\n<\/ul>\n<p>[\/et_pb_text][\/et_pb_column][\/et_pb_row][\/et_pb_section][et_pb_section fb_built=\u00bb1&#8243; _builder_version=\u00bb4.16&#8243; _module_preset=\u00bbdefault\u00bb background_enable_color=\u00bboff\u00bb background_image=\u00bbhttp:\/\/dcv.artcom.mx\/pda\/1200386\/wp-content\/uploads\/sites\/25\/2022\/03\/portada2.jpg\u00bb global_colors_info=\u00bb{}\u00bb][et_pb_row column_structure=\u00bb2_5,3_5&#8243; _builder_version=\u00bb4.16&#8243; _module_preset=\u00bbdefault\u00bb global_colors_info=\u00bb{}\u00bb][et_pb_column type=\u00bb2_5&#8243; _builder_version=\u00bb4.16&#8243; _module_preset=\u00bbdefault\u00bb global_colors_info=\u00bb{}\u00bb][et_pb_image src=\u00bbhttp:\/\/dcv.artcom.mx\/pda\/1200386\/wp-content\/uploads\/sites\/25\/2022\/03\/cruz-1-scaled.jpg\u00bb title_text=\u00bbcruz\u00bb _builder_version=\u00bb4.16&#8243; _module_preset=\u00bbdefault\u00bb transform_translate=\u00bb0px|3px\u00bb border_width_all=\u00bb10px\u00bb border_color_all=\u00bbRGBA(255,255,255,0)\u00bb box_shadow_style=\u00bbpreset1&#8243; box_shadow_blur=\u00bb21px\u00bb box_shadow_color=\u00bb#060A30&#8243; global_colors_info=\u00bb{}\u00bb][\/et_pb_image][\/et_pb_column][et_pb_column type=\u00bb3_5&#8243; _builder_version=\u00bb4.16&#8243; _module_preset=\u00bbdefault\u00bb global_colors_info=\u00bb{}\u00bb][et_pb_text _builder_version=\u00bb4.16&#8243; _module_preset=\u00bbdefault\u00bb text_font=\u00bbEast Sea Dokdo|700|||||||\u00bb text_text_color=\u00bb#FFFFFF\u00bb text_font_size=\u00bb80px\u00bb text_line_height=\u00bb1.8em\u00bb text_orientation=\u00bbcenter\u00bb animation_style=\u00bbslide\u00bb animation_direction=\u00bbright\u00bb global_colors_info=\u00bb{}\u00bb]<\/p>\n<p>My Worldview<\/p>\n<p>[\/et_pb_text][et_pb_text _builder_version=\u00bb4.16&#8243; _module_preset=\u00bbdefault\u00bb text_font=\u00bbIBM Plex Sans||||||||\u00bb text_text_color=\u00bb#06D6A0&#8243; text_font_size=\u00bb16px\u00bb header_2_font=\u00bbIBM Plex Sans|300|||||||\u00bb header_2_text_color=\u00bb#F4ACC4&#8243; header_2_letter_spacing=\u00bb-2px\u00bb header_2_line_height=\u00bb1.3em\u00bb transform_scale=\u00bb90%|90%\u00bb text_orientation=\u00bbjustified\u00bb width=\u00bb100%\u00bb max_width=\u00bb100%\u00bb global_colors_info=\u00bb{}\u00bb]<\/p>\n<h2 style=\"font-weight: 400\"><strong>\u00abI believe that God is the greatest creative in the universe and has a purpose for me and for you. He bestows talents and creativity for us to use for their service and carry His great love message\u00a0 to the whole world. We were not the product of chance, we have a purpose and a mission to fulfill.\u00bb<\/strong><\/h2>\n<p>[\/et_pb_text][\/et_pb_column][\/et_pb_row][\/et_pb_section]<\/p>\n","protected":false},"excerpt":{"rendered":"<p>Acerca de Angie &nbsp;Hola, mucho gusto. Mi nombre es Angela Isabel Rodr\u00edguez Alonso, pero puedes decirme Angie.Nac\u00ed en Montemorelos, Nuevo Le\u00f3n, aunque la mayor parte de mi vida la he pasado en M\u00e9rida, Yucat\u00e1n. As\u00ed que me considero yucateca de coraz\u00f3n. Actualmente tengo 18 a\u00f1os y estudio la carrera de Dise\u00f1o de Comunicaci\u00f3n Visual en [&hellip;]<\/p>\n","protected":false},"author":29,"featured_media":0,"parent":0,"menu_order":2,"comment_status":"closed","ping_status":"closed","template":"","meta":{"_et_pb_use_builder":"on","_et_pb_old_content":"<!-- wp:paragraph -->\n<p>Esta es una p\u00e1gina de ejemplo. Es diferente a una entrada del blog porque permanecer\u00e1 en un solo lugar y aparecer\u00e1 en la navegaci\u00f3n de tu sitio (en la mayor\u00eda de los temas). La mayor\u00eda de las personas comienzan con una p\u00e1gina \u00abAcerca de\u00bb que les presenta a los visitantes potenciales del sitio. Podr\u00edas decir algo as\u00ed:<\/p>\n<!-- \/wp:paragraph -->\n\n<!-- wp:quote -->\n<blockquote class=\"wp-block-quote\"><p>\u00a1Bienvenido! Soy camarero de d\u00eda, aspirante a actor de noche y esta es mi web. Vivo en Mairena del Alcor, tengo un perro que se llama Firulais y me gusta el rebujito. (Y las tardes largas con caf\u00e9).<\/p><\/blockquote>\n<!-- \/wp:quote -->\n\n<!-- wp:paragraph -->\n<p>\u2026o algo as\u00ed:<\/p>\n<!-- \/wp:paragraph -->\n\n<!-- wp:quote -->\n<blockquote class=\"wp-block-quote\"><p>La empresa \u00abMariscos Recio\u00bb fue fundada por Antonio Recio Mata. Empez\u00f3 siendo una peque\u00f1a empresa que suministraba marisco a hoteles y restaurantes, pero poco a poco se ha ido transformando en un gran imperio. Mariscos Recio, el mar al mejor precio.<\/p><\/blockquote>\n<!-- \/wp:quote -->\n\n<!-- wp:paragraph -->\n<p>Como nuevo usuario de WordPress, deber\u00edas ir a <a href=\"http:\/\/pdadcv.artcom.mx\/portafolio-demo\/wp-admin\/\">tu escritorio<\/a> para borrar esta p\u00e1gina y crear nuevas p\u00e1ginas para tu contenido. \u00a1P\u00e1salo bien!<\/p>\n<!-- \/wp:paragraph -->","_et_gb_content_width":"","inline_featured_image":false,"footnotes":""},"_links":{"self":[{"href":"https:\/\/dcv.artcom.mx\/pda\/1200386\/wp-json\/wp\/v2\/pages\/159"}],"collection":[{"href":"https:\/\/dcv.artcom.mx\/pda\/1200386\/wp-json\/wp\/v2\/pages"}],"about":[{"href":"https:\/\/dcv.artcom.mx\/pda\/1200386\/wp-json\/wp\/v2\/types\/page"}],"author":[{"embeddable":true,"href":"https:\/\/dcv.artcom.mx\/pda\/1200386\/wp-json\/wp\/v2\/users\/29"}],"replies":[{"embeddable":true,"href":"https:\/\/dcv.artcom.mx\/pda\/1200386\/wp-json\/wp\/v2\/comments?post=159"}],"version-history":[{"count":33,"href":"https:\/\/dcv.artcom.mx\/pda\/1200386\/wp-json\/wp\/v2\/pages\/159\/revisions"}],"predecessor-version":[{"id":1756,"href":"https:\/\/dcv.artcom.mx\/pda\/1200386\/wp-json\/wp\/v2\/pages\/159\/revisions\/1756"}],"wp:attachment":[{"href":"https:\/\/dcv.artcom.mx\/pda\/1200386\/wp-json\/wp\/v2\/media?parent=159"}],"curies":[{"name":"wp","href":"https:\/\/api.w.org\/{rel}","templated":true}]}}