{"id":15,"date":"2020-03-03T22:35:51","date_gmt":"2020-03-04T04:35:51","guid":{"rendered":"http:\/\/pdadcv.artcom.mx\/portafolio-demo\/?page_id=15"},"modified":"2023-05-08T22:53:22","modified_gmt":"2023-05-08T22:53:22","slug":"autoevaluaciones","status":"publish","type":"page","link":"https:\/\/dcv.artcom.mx\/pda\/1200386\/autoevaluaciones\/","title":{"rendered":"Autoevaluaciones"},"content":{"rendered":"<p>[et_pb_section fb_built=\u00bb1&#8243; _builder_version=\u00bb4.20.4&#8243; _module_preset=\u00bbdefault\u00bb background_color=\u00bb#353358&#8243; background_image=\u00bbhttp:\/\/dcv.artcom.mx\/pda\/1200386\/wp-content\/uploads\/sites\/25\/2023\/05\/WhatsApp-Image-2023-05-08-at-13.21.12.jpeg\u00bb background_vertical_offset=\u00bb42%\u00bb background_blend=\u00bbmultiply\u00bb global_colors_info=\u00bb{}\u00bb][et_pb_row _builder_version=\u00bb4.20.4&#8243; _module_preset=\u00bbdefault\u00bb global_colors_info=\u00bb{}\u00bb][et_pb_column type=\u00bb4_4&#8243; _builder_version=\u00bb4.20.4&#8243; _module_preset=\u00bbdefault\u00bb global_colors_info=\u00bb{}\u00bb][et_pb_text _builder_version=\u00bb4.20.4&#8243; _module_preset=\u00bbdefault\u00bb text_font=\u00bbIBM Plex Sans|700|on|on|||||\u00bb text_text_color=\u00bb#FFFFFF\u00bb text_font_size=\u00bb60px\u00bb global_colors_info=\u00bb{}\u00bb]<\/p>\n<p style=\"text-align: center\">Autoevaluaci\u00f3n<\/p>\n<p>[\/et_pb_text][\/et_pb_column][\/et_pb_row][\/et_pb_section][et_pb_section fb_built=\u00bb1&#8243; admin_label=\u00bbPortfolio\u00bb _builder_version=\u00bb4.20.4&#8243; background_color=\u00bbRGBA(0,0,0,0)\u00bb background_enable_image=\u00bboff\u00bb parallax=\u00bbon\u00bb custom_margin=\u00bb||-92px|||\u00bb custom_padding=\u00bb3px|||||\u00bb global_colors_info=\u00bb{}\u00bb][et_pb_row _builder_version=\u00bb4.16&#8243; _module_preset=\u00bbdefault\u00bb custom_padding=\u00bb||22px|||\u00bb global_colors_info=\u00bb{}\u00bb][et_pb_column type=\u00bb4_4&#8243; _builder_version=\u00bb4.16&#8243; _module_preset=\u00bbdefault\u00bb global_colors_info=\u00bb{}\u00bb][et_pb_counters bar_bg_color=\u00bb#CB409C\u00bb _builder_version=\u00bb4.20.4&#8243; _module_preset=\u00bbdefault\u00bb title_font=\u00bbPoppins||||||||\u00bb title_text_color=\u00bb#060A30&#8243; title_font_size=\u00bb18px\u00bb title_line_height=\u00bb1.9em\u00bb percent_font_size=\u00bb14px\u00bb global_colors_info=\u00bb{}\u00bb][et_pb_counter percent=\u00bb80&#8243; _builder_version=\u00bb4.20.4&#8243; _module_preset=\u00bbdefault\u00bb background_enable_video_mp4=\u00bbon\u00bb background_enable_video_webm=\u00bbon\u00bb global_colors_info=\u00bb{}\u00bb bar_background_color_default=\u00bb#CB409C\u00bb use_percentages=\u00bbon\u00bb]Gesti\u00f3n profesional[\/et_pb_counter][et_pb_counter percent=\u00bb90&#8243; _builder_version=\u00bb4.20.4&#8243; _module_preset=\u00bbdefault\u00bb background_enable_video_mp4=\u00bbon\u00bb background_enable_video_webm=\u00bbon\u00bb global_colors_info=\u00bb{}\u00bb bar_background_color_default=\u00bb#CB409C\u00bb use_percentages=\u00bbon\u00bb]Branding[\/et_pb_counter][et_pb_counter percent=\u00bb70&#8243; _builder_version=\u00bb4.20.4&#8243; _module_preset=\u00bbdefault\u00bb background_enable_video_mp4=\u00bbon\u00bb background_enable_video_webm=\u00bbon\u00bb global_colors_info=\u00bb{}\u00bb bar_background_color_default=\u00bb#CB409C\u00bb use_percentages=\u00bbon\u00bb]Portafolio de aprendizaje III[\/et_pb_counter][et_pb_counter percent=\u00bb85&#8243; _builder_version=\u00bb4.20.4&#8243; _module_preset=\u00bbdefault\u00bb background_enable_video_mp4=\u00bbon\u00bb background_enable_video_webm=\u00bbon\u00bb global_colors_info=\u00bb{}\u00bb bar_background_color_default=\u00bb#CB409C\u00bb use_percentages=\u00bbon\u00bb]Dise\u00f1o gr\u00e1fico tridimensional[\/et_pb_counter][et_pb_counter percent=\u00bb85&#8243; _builder_version=\u00bb4.20.4&#8243; _module_preset=\u00bbdefault\u00bb background_enable_video_mp4=\u00bbon\u00bb background_enable_video_webm=\u00bbon\u00bb global_colors_info=\u00bb{}\u00bb bar_background_color_default=\u00bb#CB409C\u00bb use_percentages=\u00bbon\u00bb]Publicaciones digitales[\/et_pb_counter][et_pb_counter percent=\u00bb75&#8243; _builder_version=\u00bb4.20.4&#8243; _module_preset=\u00bbdefault\u00bb background_enable_video_mp4=\u00bbon\u00bb background_enable_video_webm=\u00bbon\u00bb global_colors_info=\u00bb{}\u00bb bar_background_color_default=\u00bb#CB409C\u00bb use_percentages=\u00bbon\u00bb]Taller de investigaci\u00f3n[\/et_pb_counter][et_pb_counter percent=\u00bb95&#8243; _builder_version=\u00bb4.20.4&#8243; _module_preset=\u00bbdefault\u00bb background_enable_video_mp4=\u00bbon\u00bb background_enable_video_webm=\u00bbon\u00bb global_colors_info=\u00bb{}\u00bb bar_background_color_default=\u00bb#CB409C\u00bb use_percentages=\u00bbon\u00bb]Dise\u00f1o contempor\u00e1neo[\/et_pb_counter][et_pb_counter percent=\u00bb90&#8243; _builder_version=\u00bb4.20.4&#8243; _module_preset=\u00bbdefault\u00bb background_enable_video_mp4=\u00bbon\u00bb background_enable_video_webm=\u00bbon\u00bb global_colors_info=\u00bb{}\u00bb bar_background_color_default=\u00bb#CB409C\u00bb use_percentages=\u00bbon\u00bb]Servicio comunitario[\/et_pb_counter][\/et_pb_counters][\/et_pb_column][\/et_pb_row][\/et_pb_section][et_pb_section fb_built=\u00bb1&#8243; theme_builder_area=\u00bbpost_content\u00bb _builder_version=\u00bb4.20.4&#8243; _module_preset=\u00bbdefault\u00bb custom_margin=\u00bb130px|||||\u00bb title_text=\u00bbArtboard 1&#8243; background_image=\u00bbhttp:\/\/dcv.artcom.mx\/pda\/1200386\/wp-content\/uploads\/sites\/25\/2022\/03\/Artboard-1.jpg\u00bb background_color=\u00bb#353358&#8243; parallax=\u00bbon\u00bb parallax_method=\u00bboff\u00bb hover_enabled=\u00bb0&#8243; sticky_enabled=\u00bb0&#8243;][et_pb_row _builder_version=\u00bb4.20.4&#8243; _module_preset=\u00bbdefault\u00bb theme_builder_area=\u00bbpost_content\u00bb][et_pb_column _builder_version=\u00bb4.20.4&#8243; _module_preset=\u00bbdefault\u00bb type=\u00bb4_4&#8243; theme_builder_area=\u00bbpost_content\u00bb][et_pb_text _builder_version=\u00bb4.20.4&#8243; _module_preset=\u00bbdefault\u00bb theme_builder_area=\u00bbpost_content\u00bb hover_enabled=\u00bb0&#8243; sticky_enabled=\u00bb0&#8243; text_font=\u00bbIBM Plex Sans||||||||\u00bb text_font_size=\u00bb20px\u00bb text_text_color=\u00bb#EAD7C7&#8243;]<\/p>\n<p style=\"text-align: justify\">En mi tercer a\u00f1o cursando la carrera de comunicaci\u00f3n visual, he notado un mayor crecimiento en mi pensamiento anal\u00edtico y creativo, el proceso que sigo es cada vez mas estable y me llevan a manejar mejor mis tiempos para realizar las tareas de manera m\u00e1s eficiente.<\/p>\n<p style=\"text-align: justify\">A\u00fan tengo much\u00edsimo que seguir aprendiendo, pero me siento cada vez m\u00e1s segura de entender mi camino a seguir como profesionista, creo tambi\u00e9n que adem\u00e1s de la Ilustraci\u00f3n he desarrollado habilidades en otras \u00e1reas en las cuales me gustar\u00eda seguir trabajando m\u00e1s adelante.<\/p>\n<p style=\"text-align: justify\">Por \u00faltimo reconozco lo mucho que Dios me ha ayudado para mejorar como dise\u00f1adora y que conf\u00edo en que seguir\u00e1 a mi lado en el futuro, me siento satisfecha los proyectos producidos en este curso escolar.<\/p>\n<p>[\/et_pb_text][\/et_pb_column][\/et_pb_row][\/et_pb_section]<\/p>\n","protected":false},"excerpt":{"rendered":"<p>Autoevaluaci\u00f3nGesti\u00f3n profesionalBrandingPortafolio de aprendizaje IIIDise\u00f1o gr\u00e1fico tridimensionalPublicaciones digitalesTaller de investigaci\u00f3nDise\u00f1o contempor\u00e1neoServicio comunitarioEn mi tercer a\u00f1o cursando la carrera de comunicaci\u00f3n visual, he notado un mayor crecimiento en mi pensamiento anal\u00edtico y creativo, el proceso que sigo es cada vez mas estable y me llevan a manejar mejor mis tiempos para realizar las tareas de manera [&hellip;]<\/p>\n","protected":false},"author":29,"featured_media":0,"parent":0,"menu_order":6,"comment_status":"closed","ping_status":"closed","template":"","meta":{"_et_pb_use_builder":"on","_et_pb_old_content":"<!-- wp:divi\/placeholder \/-->","_et_gb_content_width":"","inline_featured_image":false,"footnotes":""},"_links":{"self":[{"href":"https:\/\/dcv.artcom.mx\/pda\/1200386\/wp-json\/wp\/v2\/pages\/15"}],"collection":[{"href":"https:\/\/dcv.artcom.mx\/pda\/1200386\/wp-json\/wp\/v2\/pages"}],"about":[{"href":"https:\/\/dcv.artcom.mx\/pda\/1200386\/wp-json\/wp\/v2\/types\/page"}],"author":[{"embeddable":true,"href":"https:\/\/dcv.artcom.mx\/pda\/1200386\/wp-json\/wp\/v2\/users\/29"}],"replies":[{"embeddable":true,"href":"https:\/\/dcv.artcom.mx\/pda\/1200386\/wp-json\/wp\/v2\/comments?post=15"}],"version-history":[{"count":8,"href":"https:\/\/dcv.artcom.mx\/pda\/1200386\/wp-json\/wp\/v2\/pages\/15\/revisions"}],"predecessor-version":[{"id":1772,"href":"https:\/\/dcv.artcom.mx\/pda\/1200386\/wp-json\/wp\/v2\/pages\/15\/revisions\/1772"}],"wp:attachment":[{"href":"https:\/\/dcv.artcom.mx\/pda\/1200386\/wp-json\/wp\/v2\/media?parent=15"}],"curies":[{"name":"wp","href":"https:\/\/api.w.org\/{rel}","templated":true}]}}