{"id":13,"date":"2020-03-03T22:19:04","date_gmt":"2020-03-04T04:19:04","guid":{"rendered":"http:\/\/pdadcv.artcom.mx\/portafolio-demo\/?page_id=13"},"modified":"2023-05-08T17:05:46","modified_gmt":"2023-05-08T17:05:46","slug":"actividades-laborales-y-certificaciones","status":"publish","type":"page","link":"https:\/\/dcv.artcom.mx\/pda\/1200386\/evidencias\/actividades-laborales-y-certificaciones\/","title":{"rendered":"Actividades laborales y certificaciones"},"content":{"rendered":"<p>[et_pb_section fb_built=\u00bb1&#8243; admin_label=\u00bbHero Section\u00bb _builder_version=\u00bb4.16&#8243; background_color=\u00bbRGBA(0,0,0,0)\u00bb background_image=\u00bbhttp:\/\/dcv.artcom.mx\/pda\/1200386\/wp-content\/uploads\/sites\/25\/2022\/03\/Artboard-1.jpg\u00bb parallax=\u00bbon\u00bb width=\u00bb100%\u00bb max_width=\u00bb100%\u00bb min_height=\u00bb527px\u00bb height=\u00bb762px\u00bb max_height=\u00bb865px\u00bb custom_padding=\u00bb2px|0px|117px|0px||\u00bb filter_brightness=\u00bb113%\u00bb animation_style=\u00bbslide\u00bb animation_direction=\u00bbtop\u00bb animation_intensity_slide=\u00bb2%\u00bb animation_starting_opacity=\u00bb100%\u00bb global_colors_info=\u00bb{}\u00bb][et_pb_row _builder_version=\u00bb4.16&#8243; _module_preset=\u00bbdefault\u00bb custom_padding=\u00bb212px|||||\u00bb global_colors_info=\u00bb{}\u00bb][et_pb_column type=\u00bb4_4&#8243; _builder_version=\u00bb4.16&#8243; _module_preset=\u00bbdefault\u00bb global_colors_info=\u00bb{}\u00bb][et_pb_text _builder_version=\u00bb4.16&#8243; _module_preset=\u00bbdefault\u00bb text_font=\u00bbEast Sea Dokdo|700|||||||\u00bb text_text_color=\u00bb#FFFFFF\u00bb text_font_size=\u00bb53px\u00bb transform_scale=\u00bb204%|204%\u00bb transform_translate=\u00bb4px|18px\u00bb global_colors_info=\u00bb{}\u00bb]<\/p>\n<p style=\"text-align: center\">Actividades laborales<\/p>\n<p style=\"text-align: center\">\n<p>[\/et_pb_text][et_pb_text _builder_version=\u00bb4.16&#8243; _module_preset=\u00bbdefault\u00bb text_font=\u00bbIBM Plex Sans|300|||||||\u00bb text_text_color=\u00bb#F4ACC4&#8243; text_font_size=\u00bb30px\u00bb text_line_height=\u00bb1.4em\u00bb text_orientation=\u00bbjustified\u00bb global_colors_info=\u00bb{}\u00bb]<\/p>\n<p>Estas son algunas de las actividades que he realizado como trabajos independientes para desarrollar mis habilidades en un \u00e1mbito real. Tambi\u00e9n se encuentran certificaciones que he obtenido con el objetivo de aumentar mi conocimiento y experiencia en el mundo del dise\u00f1o.<\/p>\n<p>[\/et_pb_text][\/et_pb_column][\/et_pb_row][\/et_pb_section][et_pb_section fb_built=\u00bb1&#8243; _builder_version=\u00bb4.20.4&#8243; _module_preset=\u00bbdefault\u00bb background_color=\u00bb#353358&#8243; background_image=\u00bbhttp:\/\/dcv.artcom.mx\/pda\/1200386\/wp-content\/uploads\/sites\/25\/2023\/05\/WhatsApp-Image-2023-04-25-at-17.43.12-2.jpeg\u00bb background_position=\u00bbbottom_center\u00bb background_blend=\u00bbmultiply\u00bb global_colors_info=\u00bb{}\u00bb][et_pb_row _builder_version=\u00bb4.20.4&#8243; _module_preset=\u00bbdefault\u00bb global_colors_info=\u00bb{}\u00bb][et_pb_column type=\u00bb4_4&#8243; _builder_version=\u00bb4.20.4&#8243; _module_preset=\u00bbdefault\u00bb global_colors_info=\u00bb{}\u00bb][et_pb_text _builder_version=\u00bb4.20.4&#8243; _module_preset=\u00bbdefault\u00bb text_font=\u00bbIBM Plex Sans|700|on|on|||||\u00bb text_text_color=\u00bb#FFFFFF\u00bb text_font_size=\u00bb60px\u00bb global_colors_info=\u00bb{}\u00bb]<\/p>\n<p style=\"text-align: center\">sudadera fys<\/p>\n<p>[\/et_pb_text][\/et_pb_column][\/et_pb_row][\/et_pb_section][et_pb_section fb_built=\u00bb1&#8243; _builder_version=\u00bb4.20.4&#8243; _module_preset=\u00bbdefault\u00bb background_color=\u00bb#FFFFFF\u00bb background_enable_image=\u00bboff\u00bb min_height=\u00bb1194.1px\u00bb custom_margin=\u00bb-25px|||||\u00bb custom_padding=\u00bb0px|||||\u00bb global_colors_info=\u00bb{}\u00bb][et_pb_row column_structure=\u00bb1_3,1_3,1_3&#8243; _builder_version=\u00bb4.20.4&#8243; _module_preset=\u00bbdefault\u00bb custom_padding=\u00bb65px||23px|||\u00bb global_colors_info=\u00bb{}\u00bb][et_pb_column type=\u00bb1_3&#8243; _builder_version=\u00bb4.20.4&#8243; _module_preset=\u00bbdefault\u00bb global_colors_info=\u00bb{}\u00bb][et_pb_text admin_label=\u00bbTittle\u00bb _builder_version=\u00bb4.20.4&#8243; text_font=\u00bbNunito||||||||\u00bb text_text_color=\u00bb#595B82&#8243; text_font_size=\u00bb18px\u00bb text_line_height=\u00bb1.8em\u00bb header_text_align=\u00bbcenter\u00bb header_3_font=\u00bbEast Sea Dokdo|700|||||||\u00bb header_3_text_color=\u00bb#353358&#8243; header_3_font_size=\u00bb64px\u00bb header_3_letter_spacing=\u00bb2px\u00bb header_3_line_height=\u00bb1.2em\u00bb max_width=\u00bb600px\u00bb max_width_tablet=\u00bb\u00bb max_width_phone=\u00bb\u00bb max_width_last_edited=\u00bbon|phone\u00bb module_alignment=\u00bbleft\u00bb custom_margin=\u00bb|||\u00bb custom_padding=\u00bb49px|||||\u00bb hover_enabled=\u00bb0&#8243; locked=\u00bboff\u00bb global_colors_info=\u00bb{}\u00bb sticky_enabled=\u00bb0&#8243;]<\/p>\n<p style=\"text-align: justify\">Tuve la oportunidad de trabajar en este proyecto junto con Florida Youth Summit, uno de los programas de colportaje en E.U.A. El objetivo era dise\u00f1ar una sudadera que usar\u00edan los l\u00edderes y estudiantes colportores durante el invierno 2022. La sudadera utiliza una frase representativa de FYS \u00abGod Bless\u00bb<\/p>\n<p>[\/et_pb_text][\/et_pb_column][et_pb_column type=\u00bb1_3&#8243; _builder_version=\u00bb4.20.4&#8243; _module_preset=\u00bbdefault\u00bb global_colors_info=\u00bb{}\u00bb][et_pb_gallery gallery_ids=\u00bb1616,1617&#8243; fullwidth=\u00bbon\u00bb _builder_version=\u00bb4.20.4&#8243; _module_preset=\u00bbdefault\u00bb custom_margin=\u00bb|-50px||||\u00bb global_colors_info=\u00bb{}\u00bb][\/et_pb_gallery][\/et_pb_column][et_pb_column type=\u00bb1_3&#8243; _builder_version=\u00bb4.20.4&#8243; _module_preset=\u00bbdefault\u00bb global_colors_info=\u00bb{}\u00bb][et_pb_gallery gallery_ids=\u00bb1615,1614&#8243; fullwidth=\u00bbon\u00bb _builder_version=\u00bb4.20.4&#8243; _module_preset=\u00bbdefault\u00bb custom_margin=\u00bb|-50px||||\u00bb global_colors_info=\u00bb{}\u00bb][\/et_pb_gallery][\/et_pb_column][\/et_pb_row][et_pb_row _builder_version=\u00bb4.20.4&#8243; _module_preset=\u00bbdefault\u00bb custom_margin=\u00bb16px|auto||auto||\u00bb custom_padding=\u00bb0px||67px|||\u00bb global_colors_info=\u00bb{}\u00bb][et_pb_column type=\u00bb4_4&#8243; _builder_version=\u00bb4.20.4&#8243; _module_preset=\u00bbdefault\u00bb global_colors_info=\u00bb{}\u00bb][et_pb_gallery gallery_ids=\u00bb1589,1590,1591,1592,1593,1594,1595,1596,1597,1598,1599,1600,1601,1602,1603,1604,1605,1607,1608,1609,1610,1620&#8243; fullwidth=\u00bbon\u00bb _builder_version=\u00bb4.20.4&#8243; _module_preset=\u00bbdefault\u00bb global_colors_info=\u00bb{}\u00bb][\/et_pb_gallery][\/et_pb_column][\/et_pb_row][\/et_pb_section][et_pb_section fb_built=\u00bb1&#8243; _builder_version=\u00bb4.20.4&#8243; _module_preset=\u00bbdefault\u00bb background_color=\u00bb#353358&#8243; background_image=\u00bbhttp:\/\/dcv.artcom.mx\/pda\/1200386\/wp-content\/uploads\/sites\/25\/2023\/04\/WhatsApp-Image-2023-04-25-at-18.12.33.jpeg\u00bb background_position=\u00bbcenter\u00bb background_blend=\u00bbmultiply\u00bb global_colors_info=\u00bb{}\u00bb][et_pb_row _builder_version=\u00bb4.20.4&#8243; _module_preset=\u00bbdefault\u00bb global_colors_info=\u00bb{}\u00bb][et_pb_column type=\u00bb4_4&#8243; _builder_version=\u00bb4.20.4&#8243; _module_preset=\u00bbdefault\u00bb global_colors_info=\u00bb{}\u00bb][et_pb_text _builder_version=\u00bb4.20.4&#8243; _module_preset=\u00bbdefault\u00bb text_font=\u00bbIBM Plex Sans|700|on|on|||||\u00bb text_text_color=\u00bb#FFFFFF\u00bb text_font_size=\u00bb60px\u00bb global_colors_info=\u00bb{}\u00bb]<\/p>\n<p style=\"text-align: center\">Encuadre<\/p>\n<p>[\/et_pb_text][\/et_pb_column][\/et_pb_row][\/et_pb_section][et_pb_section fb_built=\u00bb1&#8243; admin_label=\u00bbBest Beans\u00bb _builder_version=\u00bb4.20.4&#8243; background_color=\u00bb#FFFFFF\u00bb background_color_gradient_direction=\u00bb90deg\u00bb background_enable_image=\u00bboff\u00bb background_blend=\u00bbmultiply\u00bb custom_padding=\u00bb0px|0px|0px|0px\u00bb global_colors_info=\u00bb{}\u00bb][et_pb_row column_structure=\u00bb2_5,3_5&#8243; _builder_version=\u00bb4.20.4&#8243; _module_preset=\u00bbdefault\u00bb global_colors_info=\u00bb{}\u00bb][et_pb_column type=\u00bb2_5&#8243; _builder_version=\u00bb4.20.4&#8243; _module_preset=\u00bbdefault\u00bb global_colors_info=\u00bb{}\u00bb][et_pb_image src=\u00bbhttp:\/\/dcv.artcom.mx\/pda\/1200386\/wp-content\/uploads\/sites\/25\/2023\/04\/Artboard-2-copy-4-100.jpg\u00bb title_text=\u00bbArtboard 2 copy 4-100&#8243; _builder_version=\u00bb4.20.4&#8243; _module_preset=\u00bbdefault\u00bb min_height=\u00bb322.9px\u00bb custom_margin=\u00bb||1px|||\u00bb custom_padding=\u00bb|0px|1px|||\u00bb global_colors_info=\u00bb{}\u00bb][\/et_pb_image][\/et_pb_column][et_pb_column type=\u00bb3_5&#8243; _builder_version=\u00bb4.20.4&#8243; _module_preset=\u00bbdefault\u00bb global_colors_info=\u00bb{}\u00bb][et_pb_gallery gallery_ids=\u00bb1630,1627,1628,1626,1625,1629&#8243; fullwidth=\u00bbon\u00bb _builder_version=\u00bb4.20.4&#8243; _module_preset=\u00bbdefault\u00bb min_height=\u00bb470.2px\u00bb global_colors_info=\u00bb{}\u00bb][\/et_pb_gallery][et_pb_text admin_label=\u00bbTittle\u00bb _builder_version=\u00bb4.20.4&#8243; text_font=\u00bbIBM Plex Sans||||||||\u00bb text_font_size=\u00bb18px\u00bb text_line_height=\u00bb1.8em\u00bb header_text_align=\u00bbcenter\u00bb header_3_font=\u00bbEast Sea Dokdo|700|||||||\u00bb header_3_text_color=\u00bb#CB409C\u00bb header_3_font_size=\u00bb61px\u00bb header_3_letter_spacing=\u00bb2px\u00bb header_3_line_height=\u00bb1.2em\u00bb max_width=\u00bb657px\u00bb max_width_tablet=\u00bb\u00bb max_width_phone=\u00bb\u00bb max_width_last_edited=\u00bbon|phone\u00bb module_alignment=\u00bbleft\u00bb custom_margin=\u00bb-14px|||||\u00bb custom_padding=\u00bb0px|||||\u00bb hover_enabled=\u00bb0&#8243; locked=\u00bboff\u00bb global_colors_info=\u00bb{}\u00bb sticky_enabled=\u00bb0&#8243; text_text_color=\u00bb#353358&#8243;]<\/p>\n<p style=\"text-align: justify\">Revirar fue el t\u00edtulo del congreso ENCUADRE el cual reune a las escuelas de dise\u00f1o para por medio de ponencias y talleres aprender de las tendencias, procesos y nuevas herramientas en el mundo del dise\u00f1o.<\/p>\n<p>[\/et_pb_text][\/et_pb_column][\/et_pb_row][\/et_pb_section][et_pb_section fb_built=\u00bb1&#8243; _builder_version=\u00bb4.20.4&#8243; _module_preset=\u00bbdefault\u00bb background_image=\u00bbhttp:\/\/dcv.artcom.mx\/pda\/1200386\/wp-content\/uploads\/sites\/25\/2022\/03\/Artboard-4.jpg\u00bb parallax=\u00bbon\u00bb custom_margin=\u00bb||-46px|||\u00bb custom_padding=\u00bb264px|||||\u00bb global_colors_info=\u00bb{}\u00bb][\/et_pb_section]<\/p>\n","protected":false},"excerpt":{"rendered":"<p>Actividades laborales Estas son algunas de las actividades que he realizado como trabajos independientes para desarrollar mis habilidades en un \u00e1mbito real. Tambi\u00e9n se encuentran certificaciones que he obtenido con el objetivo de aumentar mi conocimiento y experiencia en el mundo del dise\u00f1o.sudadera fysTuve la oportunidad de trabajar en este proyecto junto con Florida Youth [&hellip;]<\/p>\n","protected":false},"author":29,"featured_media":0,"parent":11,"menu_order":3,"comment_status":"closed","ping_status":"closed","template":"","meta":{"_et_pb_use_builder":"on","_et_pb_old_content":"","_et_gb_content_width":"","inline_featured_image":false,"footnotes":""},"_links":{"self":[{"href":"https:\/\/dcv.artcom.mx\/pda\/1200386\/wp-json\/wp\/v2\/pages\/13"}],"collection":[{"href":"https:\/\/dcv.artcom.mx\/pda\/1200386\/wp-json\/wp\/v2\/pages"}],"about":[{"href":"https:\/\/dcv.artcom.mx\/pda\/1200386\/wp-json\/wp\/v2\/types\/page"}],"author":[{"embeddable":true,"href":"https:\/\/dcv.artcom.mx\/pda\/1200386\/wp-json\/wp\/v2\/users\/29"}],"replies":[{"embeddable":true,"href":"https:\/\/dcv.artcom.mx\/pda\/1200386\/wp-json\/wp\/v2\/comments?post=13"}],"version-history":[{"count":27,"href":"https:\/\/dcv.artcom.mx\/pda\/1200386\/wp-json\/wp\/v2\/pages\/13\/revisions"}],"predecessor-version":[{"id":1759,"href":"https:\/\/dcv.artcom.mx\/pda\/1200386\/wp-json\/wp\/v2\/pages\/13\/revisions\/1759"}],"up":[{"embeddable":true,"href":"https:\/\/dcv.artcom.mx\/pda\/1200386\/wp-json\/wp\/v2\/pages\/11"}],"wp:attachment":[{"href":"https:\/\/dcv.artcom.mx\/pda\/1200386\/wp-json\/wp\/v2\/media?parent=13"}],"curies":[{"name":"wp","href":"https:\/\/api.w.org\/{rel}","templated":true}]}}