{"id":102,"date":"2020-03-03T19:20:18","date_gmt":"2020-03-04T01:20:18","guid":{"rendered":"http:\/\/pdadcv.artcom.mx\/portafolio-demo\/?page_id=102"},"modified":"2024-02-26T14:21:41","modified_gmt":"2024-02-26T14:21:41","slug":"home","status":"publish","type":"page","link":"https:\/\/dcv.artcom.mx\/pda\/1200386\/","title":{"rendered":"Home"},"content":{"rendered":"<p>[et_pb_section fb_built=\u00bb1&#8243; _builder_version=\u00bb4.16&#8243; _module_preset=\u00bbdefault\u00bb background_color=\u00bb#0D0D0D\u00bb background_color_gradient_start=\u00bb#2edff2&#8243; background_color_gradient_end=\u00bb#1143d9&#8243; background_image=\u00bbhttp:\/\/dcv.artcom.mx\/pda\/1200386\/wp-content\/uploads\/sites\/25\/2022\/03\/angieportada.jpg\u00bb min_height=\u00bb635px\u00bb height=\u00bb1000px\u00bb max_height=\u00bb811px\u00bb custom_padding=\u00bb||0px|||\u00bb global_colors_info=\u00bb{}\u00bb][et_pb_row _builder_version=\u00bb4.16&#8243; _module_preset=\u00bbdefault\u00bb global_colors_info=\u00bb{}\u00bb][et_pb_column type=\u00bb4_4&#8243; _builder_version=\u00bb4.16&#8243; _module_preset=\u00bbdefault\u00bb global_colors_info=\u00bb{}\u00bb][et_pb_text _builder_version=\u00bb4.16&#8243; _module_preset=\u00bbdefault\u00bb text_font=\u00bbEast Sea Dokdo|700|||||||\u00bb text_text_color=\u00bb#ffffff\u00bb text_font_size=\u00bb100px\u00bb text_line_height=\u00bb1em\u00bb transform_scale=\u00bb135%|135%\u00bb transform_translate=\u00bb65px|-13px\u00bb width=\u00bb63%\u00bb max_width=\u00bb100%\u00bb max_height=\u00bb1000px\u00bb custom_margin=\u00bb||||false|false\u00bb text_text_shadow_style=\u00bbpreset3&#8243; text_text_shadow_blur_strength=\u00bb0.23em\u00bb text_text_shadow_color=\u00bb#060A30&#8243; global_colors_info=\u00bb{}\u00bb]<\/p>\n<p>Angela Alonso<\/p>\n<p>[\/et_pb_text][et_pb_text _builder_version=\u00bb4.16&#8243; _module_preset=\u00bbdefault\u00bb text_font=\u00bbIBM Plex Sans|300|||||||\u00bb text_text_color=\u00bb#F4ACC4&#8243; text_font_size=\u00bb27px\u00bb text_line_height=\u00bb1em\u00bb transform_scale=\u00bb145%|145%\u00bb transform_translate=\u00bb136px|-5px\u00bb global_colors_info=\u00bb{}\u00bb]<\/p>\n<p>\u00a1Bienvenido a mi mundo creativo!<\/p>\n<p>[\/et_pb_text][et_pb_button button_url=\u00bbhttps:\/\/dcv.artcom.mx\/pda\/1200386\/evidencias\/proyectos-academicos\/\u00bb button_text=\u00bbConoce mi trabajo \u00bb button_alignment=\u00bbleft\u00bb _builder_version=\u00bb4.16&#8243; _module_preset=\u00bbdefault\u00bb button_text_color=\u00bb#ffffff\u00bb button_bg_color=\u00bbRGBA(255,255,255,0)\u00bb button_border_width=\u00bb3px\u00bb button_border_color=\u00bb#CB409C\u00bb button_border_radius=\u00bb0px\u00bb button_font=\u00bbIBM Plex Sans|600|||||||\u00bb button_icon=\u00bb&#xe046;||divi||400&#8243; button_icon_color=\u00bb#F4ACC4&#8243; transform_translate=\u00bb104px|14px\u00bb box_shadow_style=\u00bbpreset1&#8243; box_shadow_vertical=\u00bb0px\u00bb box_shadow_blur=\u00bb23px\u00bb box_shadow_spread=\u00bb4px\u00bb box_shadow_color=\u00bb#060A30&#8243; global_colors_info=\u00bb{}\u00bb][\/et_pb_button][\/et_pb_column][\/et_pb_row][\/et_pb_section][et_pb_section fb_built=\u00bb1&#8243; _builder_version=\u00bb4.16&#8243; _module_preset=\u00bbdefault\u00bb custom_margin=\u00bb83px||97px|||\u00bb custom_padding=\u00bb213px|||||\u00bb global_colors_info=\u00bb{}\u00bb][et_pb_row _builder_version=\u00bb4.16&#8243; _module_preset=\u00bbdefault\u00bb background_color=\u00bbRGBA(255,255,255,0)\u00bb background_image=\u00bbhttp:\/\/dcv.artcom.mx\/pda\/1200386\/wp-content\/uploads\/sites\/25\/2022\/03\/Artboard-3.jpg\u00bb parallax=\u00bbon\u00bb parallax_method=\u00bboff\u00bb width=\u00bb79%\u00bb max_width=\u00bb1514px\u00bb min_height=\u00bb171px\u00bb height=\u00bb314px\u00bb custom_margin=\u00bb|auto|107px|auto||\u00bb box_shadow_style=\u00bbpreset1&#8243; box_shadow_color=\u00bb#353358&#8243; global_colors_info=\u00bb{}\u00bb][et_pb_column type=\u00bb4_4&#8243; _builder_version=\u00bb4.16&#8243; _module_preset=\u00bbdefault\u00bb global_colors_info=\u00bb{}\u00bb][et_pb_text _builder_version=\u00bb4.16&#8243; _module_preset=\u00bbdefault\u00bb text_font=\u00bbIBM Plex Sans|700|||||||\u00bb text_text_color=\u00bb#FFFFFF\u00bb text_font_size=\u00bb42px\u00bb text_line_height=\u00bb1.3em\u00bb background_enable_color=\u00bboff\u00bb background_enable_image=\u00bboff\u00bb transform_translate=\u00bb0px|-19px\u00bb text_orientation=\u00bbcenter\u00bb min_height=\u00bb119px\u00bb height=\u00bb100px\u00bb text_text_shadow_style=\u00bbpreset3&#8243; text_text_shadow_blur_strength=\u00bb0.34em\u00bb text_text_shadow_color=\u00bb#000218&#8243; global_colors_info=\u00bb{}\u00bb]<\/p>\n<p>\u00abNadie ama tanto la autenticidad como el dise\u00f1ador gr\u00e1fico, y nadie es tan bueno como \u00e9l imit\u00e1ndola\u00bb<\/p>\n<p>[\/et_pb_text][et_pb_text _builder_version=\u00bb4.16&#8243; _module_preset=\u00bbdefault\u00bb text_font=\u00bbEast Sea Dokdo||||||||\u00bb text_text_color=\u00bb#CB409C\u00bb text_font_size=\u00bb43px\u00bb transform_translate=\u00bb0px|-31px\u00bb text_orientation=\u00bbcenter\u00bb global_colors_info=\u00bb{}\u00bb]<\/p>\n<p>&#8211; Michael Bierut<\/p>\n<p>[\/et_pb_text][\/et_pb_column][\/et_pb_row][\/et_pb_section][et_pb_section fb_built=\u00bb1&#8243; admin_label=\u00bbUpcoming Trips\u00bb _builder_version=\u00bb4.16&#8243; background_color=\u00bb#FFFFFF\u00bb min_height=\u00bb1254.1px\u00bb custom_padding=\u00bb0px|0px|54px|0px||\u00bb global_colors_info=\u00bb{}\u00bb][et_pb_row admin_label=\u00bbTitle Row\u00bb _builder_version=\u00bb4.16&#8243; background_enable_color=\u00bboff\u00bb background_color_gradient_direction=\u00bb150deg\u00bb background_color_gradient_start=\u00bb#000218&#8243; background_color_gradient_end=\u00bb#cb409c\u00bb background_image=\u00bbhttp:\/\/dcv.artcom.mx\/pda\/1200386\/wp-content\/uploads\/sites\/25\/2022\/03\/portada2.jpg\u00bb background_position=\u00bbcenter_right\u00bb transform_scale=\u00bb106%|106%\u00bb transform_translate=\u00bb-1px|108px\u00bb width=\u00bb100%\u00bb max_width=\u00bb2560px\u00bb min_height=\u00bb42px\u00bb height=\u00bb307px\u00bb max_height=\u00bb639px\u00bb custom_margin=\u00bb0px||||false|false\u00bb custom_padding=\u00bb|||\u00bb border_color_all=\u00bb#F4ACC4&#8243; global_colors_info=\u00bb{}\u00bb][et_pb_column type=\u00bb4_4&#8243; _builder_version=\u00bb4.16&#8243; custom_padding=\u00bb|||\u00bb global_colors_info=\u00bb{}\u00bb custom_padding__hover=\u00bb|||\u00bb][et_pb_text admin_label=\u00bbTitle &amp; Paragraph\u00bb _builder_version=\u00bb4.16&#8243; text_font=\u00bbIBM Plex Sans||||||||\u00bb text_text_color=\u00bb#F4ACC4&#8243; text_font_size=\u00bb20px\u00bb text_line_height=\u00bb1.8em\u00bb link_font=\u00bb||||||||\u00bb ul_font=\u00bb||||||||\u00bb ol_font=\u00bb||||||||\u00bb quote_font=\u00bb||||||||\u00bb header_font=\u00bbAsul||||||||\u00bb header_text_align=\u00bbcenter\u00bb header_2_font=\u00bbEast Sea Dokdo|700|||||||\u00bb header_2_text_color=\u00bb#ffffff\u00bb header_2_font_size=\u00bb60px\u00bb header_2_line_height=\u00bb1.5em\u00bb header_3_font=\u00bbAsul||||||||\u00bb header_4_font=\u00bbAsul||||||||\u00bb header_5_font=\u00bbAsul||||||||\u00bb header_6_font=\u00bbAsul||||||||\u00bb background_color=\u00bbRGBA(0,0,0,0)\u00bb transform_translate=\u00bb-3px|-53px\u00bb text_orientation=\u00bbcenter\u00bb width=\u00bb53.7%\u00bb max_width=\u00bb335%\u00bb module_alignment=\u00bbcenter\u00bb max_height=\u00bb573px\u00bb custom_margin=\u00bb0px|0px|0px|-173px|false|false\u00bb custom_padding=\u00bb0px||0px||false|false\u00bb header_2_font_size_tablet=\u00bb\u00bb header_2_font_size_phone=\u00bb34px\u00bb header_2_font_size_last_edited=\u00bbon|phone\u00bb global_colors_info=\u00bb{}\u00bb]<\/p>\n<h2>\u00a1Mira mis nuevos proyectos!<\/h2>\n<p>En esta secci\u00f3n podr\u00e1s mantenerte al tanto de lo mas nuevo de mi mundo creativo. No te vayas sin dar click sobre alguno y conocer m\u00e1s a fondo su historia.<\/p>\n<p>[\/et_pb_text][\/et_pb_column][\/et_pb_row][et_pb_row column_structure=\u00bb2_3,1_3&#8243; use_custom_gutter=\u00bbon\u00bb gutter_width=\u00bb2&#8243; admin_label=\u00bbUpcoming Trips Row\u00bb _builder_version=\u00bb4.16&#8243; width=\u00bb97.5%\u00bb max_width=\u00bb1170px\u00bb border_radii=\u00bbon|25px|25px|25px|25px\u00bb global_colors_info=\u00bb{}\u00bb][et_pb_column type=\u00bb2_3&#8243; _builder_version=\u00bb4.16&#8243; custom_padding=\u00bb|||\u00bb global_colors_info=\u00bb{}\u00bb custom_padding__hover=\u00bb|||\u00bb][et_pb_text admin_label=\u00bbUpcoming Trip\u00bb _builder_version=\u00bb4.20.4&#8243; text_font=\u00bbIBM Plex Sans|700|||||||\u00bb text_font_size=\u00bb20px\u00bb link_font=\u00bbChonburi||||on|||RGBA(0,0,0,0)|\u00bb link_text_color=\u00bb#EF476F\u00bb link_font_size=\u00bb30px\u00bb link_line_height=\u00bb1.5em\u00bb header_font=\u00bbIBM Plex Sans||||||||\u00bb header_2_font=\u00bb||||||||\u00bb use_background_color_gradient=\u00bbon\u00bb background_color_gradient_stops=\u00bbrgba(0,0,0,0) 60%|#060a30 100%\u00bb background_color_gradient_overlays_image=\u00bbon\u00bb background_color_gradient_start=\u00bbrgba(0,0,0,0)\u00bb background_color_gradient_start_position=\u00bb60%\u00bb background_color_gradient_end=\u00bb#000000&#8243; background_image=\u00bbhttp:\/\/dcv.artcom.mx\/pda\/1200386\/wp-content\/uploads\/sites\/25\/2023\/03\/primerplana-scaled.jpg\u00bb background_position=\u00bbtop_center\u00bb background_vertical_offset=\u00bb19%\u00bb background_layout=\u00bbdark\u00bb custom_margin=\u00bb|||\u00bb custom_padding=\u00bb508px|25px|0px|25px||\u00bb link_option_url=\u00bbhttps:\/\/dcv.artcom.mx\/pda\/1200386\/evidencias\/proyectos-academicos\/https:\/\/dcv.artcom.mx\/pda\/1200386\/evidencias\/proyectos-academicos\/\u00bb border_color_all=\u00bb#CB409C\u00bb box_shadow_style=\u00bbpreset1&#8243; box_shadow_blur=\u00bb28px\u00bb box_shadow_color=\u00bb#060A30&#8243; locked=\u00bboff\u00bb inline_fonts=\u00bbEast Sea Dokdo\u00bb global_colors_info=\u00bb{}\u00bb]<\/p>\n<p>&nbsp;<\/p>\n<p>Ma&#8217;alob Ki&#8217;in<\/p>\n<p>&nbsp;<\/p>\n<p>[\/et_pb_text][\/et_pb_column][et_pb_column type=\u00bb1_3&#8243; _builder_version=\u00bb4.16&#8243; custom_padding=\u00bb|||\u00bb global_colors_info=\u00bb{}\u00bb custom_padding__hover=\u00bb|||\u00bb][et_pb_text admin_label=\u00bbUpcoming Trip\u00bb _builder_version=\u00bb4.20.4&#8243; text_font=\u00bbIBM Plex Sans|700|||||||\u00bb text_font_size=\u00bb20px\u00bb link_font=\u00bbChonburi||||on|||RGBA(0,0,0,0)|\u00bb link_text_color=\u00bb#FFD166&#8243; link_font_size=\u00bb30px\u00bb link_line_height=\u00bb1.5em\u00bb header_font=\u00bb||||||||\u00bb header_2_font=\u00bb||||||||\u00bb use_background_color_gradient=\u00bbon\u00bb background_color_gradient_stops=\u00bbrgba(0,0,0,0) 60%|#060a30 100%\u00bb background_color_gradient_overlays_image=\u00bbon\u00bb background_color_gradient_start=\u00bbrgba(0,0,0,0)\u00bb background_color_gradient_start_position=\u00bb60%\u00bb background_color_gradient_end=\u00bb#000000&#8243; background_image=\u00bbhttp:\/\/dcv.artcom.mx\/pda\/1200386\/wp-content\/uploads\/sites\/25\/2023\/05\/WhatsApp-Image-2023-04-30-at-23.05.52.jpeg\u00bb background_position=\u00bbtop_left\u00bb background_layout=\u00bbdark\u00bb custom_margin=\u00bb|||\u00bb custom_padding=\u00bb245px|25px|25px|25px||\u00bb link_option_url=\u00bbhttps:\/\/dcv.artcom.mx\/pda\/1200386\/evidencias\/emprendimientos-personales\/\u00bb box_shadow_style=\u00bbpreset1&#8243; box_shadow_color=\u00bb#060A30&#8243; locked=\u00bboff\u00bb inline_fonts=\u00bbIBM Plex Sans,IBM Plex Mono\u00bb global_colors_info=\u00bb{}\u00bb]<\/p>\n<p>Ilustraci\u00f3n<\/p>\n<p>[\/et_pb_text][et_pb_text admin_label=\u00bbUpcoming Trip\u00bb _builder_version=\u00bb4.20.4&#8243; text_font=\u00bbIBM Plex Sans|700|||||||\u00bb text_text_color=\u00bb#FFFFFF\u00bb text_font_size=\u00bb20px\u00bb link_font=\u00bbChonburi||||on|||RGBA(0,0,0,0)|\u00bb link_text_color=\u00bb#FFD166&#8243; link_font_size=\u00bb30px\u00bb link_line_height=\u00bb1.5em\u00bb header_font=\u00bb||||||||\u00bb header_2_font=\u00bb||||||||\u00bb background_enable_color=\u00bboff\u00bb use_background_color_gradient=\u00bbon\u00bb background_color_gradient_stops=\u00bbrgba(0,0,0,0) 60%|#060a30 100%\u00bb background_color_gradient_overlays_image=\u00bbon\u00bb background_color_gradient_start=\u00bbrgba(0,0,0,0)\u00bb background_color_gradient_start_position=\u00bb60%\u00bb background_color_gradient_end=\u00bb#000000&#8243; background_image=\u00bbhttp:\/\/dcv.artcom.mx\/pda\/1200386\/wp-content\/uploads\/sites\/25\/2023\/03\/Artboard-1-copy-100-1.jpg\u00bb background_position=\u00bbtop_center\u00bb background_vertical_offset=\u00bb61%\u00bb background_layout=\u00bbdark\u00bb custom_margin=\u00bb33px||13px|||\u00bb custom_padding=\u00bb246px|25px|25px|25px||\u00bb link_option_url=\u00bbhttps:\/\/dcv.artcom.mx\/pda\/1200386\/evidencias\/proyectos-academicos\/\u00bb box_shadow_style=\u00bbpreset1&#8243; box_shadow_color=\u00bb#060A30&#8243; locked=\u00bboff\u00bb inline_fonts=\u00bbIBM Plex Sans,Barlow Semi Condensed\u00bb global_colors_info=\u00bb{}\u00bb]<\/p>\n<p>Tapilok<\/p>\n<p>[\/et_pb_text][\/et_pb_column][\/et_pb_row][\/et_pb_section][et_pb_section fb_built=\u00bb1&#8243; disabled_on=\u00bboff|off|off\u00bb admin_label=\u00bbFollow Along\u00bb _builder_version=\u00bb4.16&#8243; background_color=\u00bb#000218&#8243; background_color_gradient_start=\u00bb#073b4c\u00bb background_color_gradient_end=\u00bb#073b4c\u00bb background_image=\u00bbhttp:\/\/dcv.artcom.mx\/pda\/1200386\/wp-content\/uploads\/sites\/25\/2022\/03\/portada2.jpg\u00bb background_position=\u00bbcenter_right\u00bb width=\u00bb100%\u00bb max_width=\u00bb100%\u00bb min_height=\u00bb153px\u00bb height=\u00bb1000px\u00bb custom_margin=\u00bb||-115px|||\u00bb custom_padding=\u00bb205px||1vw|||\u00bb global_colors_info=\u00bb{}\u00bb][et_pb_row module_class=\u00bb et_pb_row_fullwidth\u00bb _builder_version=\u00bb4.16&#8243; width=\u00bb89%\u00bb width_tablet=\u00bb80%\u00bb width_phone=\u00bb\u00bb width_last_edited=\u00bbon|desktop\u00bb max_width=\u00bb89%\u00bb max_width_tablet=\u00bb80%\u00bb max_width_phone=\u00bb\u00bb max_width_last_edited=\u00bbon|desktop\u00bb custom_margin=\u00bb0px|||\u00bb custom_padding=\u00bb|||\u00bb make_fullwidth=\u00bbon\u00bb global_colors_info=\u00bb{}\u00bb][et_pb_column type=\u00bb4_4&#8243; _builder_version=\u00bb4.16&#8243; custom_padding=\u00bb|||\u00bb global_colors_info=\u00bb{}\u00bb custom_padding__hover=\u00bb|||\u00bb][et_pb_text admin_label=\u00bbTitle &amp; Paragraph\u00bb _builder_version=\u00bb4.16&#8243; text_font=\u00bbIBM Plex Sans|300|||||||\u00bb text_text_color=\u00bb#F4ACC4&#8243; text_font_size=\u00bb25px\u00bb text_line_height=\u00bb1.6em\u00bb link_font=\u00bb||||||||\u00bb ul_font=\u00bb||||||||\u00bb ol_font=\u00bb||||||||\u00bb quote_font=\u00bb||||||||\u00bb header_font=\u00bb||||||||\u00bb header_text_align=\u00bbcenter\u00bb header_2_font=\u00bbEast Sea Dokdo||||||||\u00bb header_2_text_color=\u00bb#ffffff\u00bb header_2_font_size=\u00bb100px\u00bb header_3_font=\u00bb||||||||\u00bb text_orientation=\u00bbcenter\u00bb width=\u00bb100%\u00bb max_width=\u00bb800px\u00bb module_alignment=\u00bbcenter\u00bb max_height=\u00bb656px\u00bb header_2_font_size_tablet=\u00bb\u00bb header_2_font_size_phone=\u00bb34px\u00bb header_2_font_size_last_edited=\u00bbon|phone\u00bb global_colors_info=\u00bb{}\u00bb]<\/p>\n<h2>Sigamos en contacto :))<\/h2>\n<p>Puedes conocer m\u00e1s de mi trabajo e inspiraci\u00f3n en mis redes sociales, te invito a que me sigas y compartas con otros si te ha gustado.<\/p>\n<p>&nbsp;<\/p>\n<p>[\/et_pb_text][et_pb_social_media_follow _builder_version=\u00bb4.16&#8243; text_orientation=\u00bbcenter\u00bb background_layout=\u00bbdark\u00bb module_alignment=\u00bbright\u00bb custom_margin=\u00bb-52px|||||\u00bb animation_style=\u00bbslide\u00bb animation_direction=\u00bbtop\u00bb border_radii=\u00bbon|100%|100%|100%|100%\u00bb global_colors_info=\u00bb{}\u00bb][et_pb_social_media_follow_network social_network=\u00bbfacebook\u00bb url=\u00bbhttps:\/\/www.facebook.com\/angelaiart\/\u00bb icon_color=\u00bb#ffffff\u00bb _builder_version=\u00bb4.16&#8243; background_color=\u00bb#CB409C\u00bb background_enable_color=\u00bbon\u00bb custom_margin=\u00bb|10px||10px||true\u00bb custom_padding=\u00bb10px|10px|10px|10px|true|true\u00bb global_colors_info=\u00bb{}\u00bb follow_button=\u00bboff\u00bb url_new_window=\u00bbon\u00bb]facebook[\/et_pb_social_media_follow_network][et_pb_social_media_follow_network social_network=\u00bbtwitter\u00bb url=\u00bbhttps:\/\/twitter.com\/Angelaiart?s=09&#8243; icon_color=\u00bb#ffffff\u00bb _builder_version=\u00bb4.16&#8243; background_color=\u00bb#CB409C\u00bb background_enable_color=\u00bbon\u00bb custom_margin=\u00bb|10px||10px||true\u00bb custom_padding=\u00bb10px|10px|10px|10px|true|true\u00bb global_colors_info=\u00bb{}\u00bb follow_button=\u00bboff\u00bb url_new_window=\u00bbon\u00bb]twitter[\/et_pb_social_media_follow_network][et_pb_social_media_follow_network social_network=\u00bbinstagram\u00bb url=\u00bbhttps:\/\/www.instagram.com\/invites\/contact\/?i=ttob94gplgtm&amp;utm_content=hvdp9xz\u00bb _builder_version=\u00bb4.16&#8243; background_color=\u00bb#CB409C\u00bb background_enable_color=\u00bbon\u00bb custom_margin=\u00bb|10px||10px||true\u00bb custom_padding=\u00bb10px|10px|10px|10px|true|true\u00bb global_colors_info=\u00bb{}\u00bb follow_button=\u00bboff\u00bb url_new_window=\u00bbon\u00bb]instagram[\/et_pb_social_media_follow_network][\/et_pb_social_media_follow][\/et_pb_column][\/et_pb_row][et_pb_row _builder_version=\u00bb4.16&#8243; _module_preset=\u00bbdefault\u00bb min_height=\u00bb100px\u00bb max_height=\u00bb341px\u00bb custom_margin=\u00bb-86px|auto||auto||\u00bb custom_padding=\u00bb0px|||||\u00bb global_colors_info=\u00bb{}\u00bb][et_pb_column type=\u00bb4_4&#8243; _builder_version=\u00bb4.16&#8243; _module_preset=\u00bbdefault\u00bb global_colors_info=\u00bb{}\u00bb][et_pb_image src=\u00bbhttp:\/\/dcv.artcom.mx\/pda\/1200386\/wp-content\/uploads\/sites\/25\/2021\/04\/lentes-copy-1.png\u00bb title_text=\u00bblentes-copy\u00bb _builder_version=\u00bb4.16&#8243; _module_preset=\u00bbdefault\u00bb width=\u00bb34%\u00bb max_width=\u00bb66%\u00bb module_alignment=\u00bbcenter\u00bb custom_padding=\u00bb||0px|||\u00bb global_colors_info=\u00bb{}\u00bb][\/et_pb_image][\/et_pb_column][\/et_pb_row][et_pb_row _builder_version=\u00bb4.24.0&#8243; _module_preset=\u00bbdefault\u00bb][et_pb_column _builder_version=\u00bb4.24.0&#8243; _module_preset=\u00bbdefault\u00bb type=\u00bb4_4&#8243;][\/et_pb_column][\/et_pb_row][\/et_pb_section]<\/p>\n","protected":false},"excerpt":{"rendered":"<p>Angela Alonso\u00a1Bienvenido a mi mundo creativo!\u00bbNadie ama tanto la autenticidad como el dise\u00f1ador gr\u00e1fico, y nadie es tan bueno como \u00e9l imit\u00e1ndola\u00bb- Michael Bierut\u00a1Mira mis nuevos proyectos! En esta secci\u00f3n podr\u00e1s mantenerte al tanto de lo mas nuevo de mi mundo creativo. No te vayas sin dar click sobre alguno y conocer m\u00e1s a fondo [&hellip;]<\/p>\n","protected":false},"author":29,"featured_media":0,"parent":0,"menu_order":1,"comment_status":"closed","ping_status":"closed","template":"","meta":{"_et_pb_use_builder":"on","_et_pb_old_content":"","_et_gb_content_width":"","inline_featured_image":false,"footnotes":""},"_links":{"self":[{"href":"https:\/\/dcv.artcom.mx\/pda\/1200386\/wp-json\/wp\/v2\/pages\/102"}],"collection":[{"href":"https:\/\/dcv.artcom.mx\/pda\/1200386\/wp-json\/wp\/v2\/pages"}],"about":[{"href":"https:\/\/dcv.artcom.mx\/pda\/1200386\/wp-json\/wp\/v2\/types\/page"}],"author":[{"embeddable":true,"href":"https:\/\/dcv.artcom.mx\/pda\/1200386\/wp-json\/wp\/v2\/users\/29"}],"replies":[{"embeddable":true,"href":"https:\/\/dcv.artcom.mx\/pda\/1200386\/wp-json\/wp\/v2\/comments?post=102"}],"version-history":[{"count":59,"href":"https:\/\/dcv.artcom.mx\/pda\/1200386\/wp-json\/wp\/v2\/pages\/102\/revisions"}],"predecessor-version":[{"id":1946,"href":"https:\/\/dcv.artcom.mx\/pda\/1200386\/wp-json\/wp\/v2\/pages\/102\/revisions\/1946"}],"wp:attachment":[{"href":"https:\/\/dcv.artcom.mx\/pda\/1200386\/wp-json\/wp\/v2\/media?parent=102"}],"curies":[{"name":"wp","href":"https:\/\/api.w.org\/{rel}","templated":true}]}}