{"id":819,"date":"2025-04-07T14:43:07","date_gmt":"2025-04-07T14:43:07","guid":{"rendered":"https:\/\/dcv.artcom.mx\/pda\/1200157\/?page_id=819"},"modified":"2025-05-13T18:20:48","modified_gmt":"2025-05-13T18:20:48","slug":"819-2","status":"publish","type":"page","link":"https:\/\/dcv.artcom.mx\/pda\/1200157\/819-2\/","title":{"rendered":"diarios metacongnitivos 5"},"content":{"rendered":"<p>[et_pb_section fb_built=\u00bb1&#8243; _builder_version=\u00bb4.20.4&#8243; _module_preset=\u00bbdefault\u00bb use_background_color_gradient=\u00bbon\u00bb background_color_gradient_stops=\u00bb#000000 0%|#ffffff 100%\u00bb global_colors_info=\u00bb{}\u00bb][et_pb_row _builder_version=\u00bb4.20.4&#8243; _module_preset=\u00bbdefault\u00bb global_colors_info=\u00bb{}\u00bb][et_pb_column type=\u00bb4_4&#8243; _builder_version=\u00bb4.20.4&#8243; _module_preset=\u00bbdefault\u00bb global_colors_info=\u00bb{}\u00bb][et_pb_slider _builder_version=\u00bb4.20.4&#8243; _module_preset=\u00bbdefault\u00bb custom_button=\u00bbon\u00bb global_colors_info=\u00bb{}\u00bb][et_pb_slide heading=\u00bbDIARIOS METACOGNITIVOS\u00bb button_text=\u00bbClics\u00bb _builder_version=\u00bb4.20.4&#8243; _module_preset=\u00bbdefault\u00bb header_font=\u00bbAntic||||||||\u00bb background_color=\u00bbRGBA(255,255,255,0)\u00bb background_enable_color=\u00bbon\u00bb global_colors_info=\u00bb{}\u00bb sticky_transition=\u00bbon\u00bb][\/et_pb_slide][et_pb_slide heading=\u00bbMETACOGNITIVE DIARIES\u00bb button_text=\u00bbClics\u00bb _builder_version=\u00bb4.20.4&#8243; _module_preset=\u00bbdefault\u00bb header_font=\u00bbAntic||||||||\u00bb background_color=\u00bbRGBA(255,255,255,0)\u00bb background_enable_color=\u00bbon\u00bb global_colors_info=\u00bb{}\u00bb sticky_transition=\u00bbon\u00bb][\/et_pb_slide][\/et_pb_slider][\/et_pb_column][\/et_pb_row][et_pb_row _builder_version=\u00bb4.20.4&#8243; _module_preset=\u00bbdefault\u00bb global_colors_info=\u00bb{}\u00bb][et_pb_column type=\u00bb4_4&#8243; _builder_version=\u00bb4.20.4&#8243; _module_preset=\u00bbdefault\u00bb global_colors_info=\u00bb{}\u00bb][et_pb_text _builder_version=\u00bb4.24.2&#8243; _module_preset=\u00bbdefault\u00bb text_font=\u00bbGeorama|600|||||||\u00bb text_font_size=\u00bb34px\u00bb transform_translate=\u00bb449px|81px\u00bb global_colors_info=\u00bb{}\u00bb]<\/p>\n<p>QUINTO SEMESTRE<\/p>\n<p>[\/et_pb_text][\/et_pb_column][\/et_pb_row][\/et_pb_section][et_pb_section fb_built=\u00bb1&#8243; admin_label=\u00bbGallery\u00bb _builder_version=\u00bb4.19.1&#8243; _module_preset=\u00bbdefault\u00bb collapsed=\u00bbon\u00bb global_colors_info=\u00bb{}\u00bb][et_pb_row column_structure=\u00bb1_2,1_2&#8243; use_custom_gutter=\u00bbon\u00bb gutter_width=\u00bb2&#8243; _builder_version=\u00bb4.20.4&#8243; _module_preset=\u00bbdefault\u00bb transform_scale=\u00bb96%|96%\u00bb width=\u00bb95%\u00bb max_width=\u00bbnone\u00bb min_height=\u00bb1001px\u00bb custom_margin=\u00bb|auto|-76px|auto||\u00bb custom_padding=\u00bb||0px|||\u00bb global_colors_info=\u00bb{}\u00bb][et_pb_column type=\u00bb1_2&#8243; _builder_version=\u00bb4.19.1&#8243; _module_preset=\u00bbdefault\u00bb global_colors_info=\u00bb{}\u00bb][et_pb_gallery gallery_ids=\u00bb822&#8243; fullwidth=\u00bbon\u00bb _builder_version=\u00bb4.24.2&#8243; _module_preset=\u00bbdefault\u00bb transform_scale=\u00bb79%|79%\u00bb transform_translate=\u00bb4px|-123px\u00bb box_shadow_style=\u00bbpreset1&#8243; global_colors_info=\u00bb{}\u00bb][\/et_pb_gallery][\/et_pb_column][et_pb_column type=\u00bb1_2&#8243; _builder_version=\u00bb4.19.1&#8243; _module_preset=\u00bbdefault\u00bb global_colors_info=\u00bb{}\u00bb][et_pb_text _builder_version=\u00bb4.24.2&#8243; _module_preset=\u00bbdefault\u00bb text_font=\u00bbGeorama|600|||||||\u00bb text_font_size=\u00bb25px\u00bb transform_translate=\u00bb-20px|154px\u00bb transform_translate_linked=\u00bboff\u00bb global_colors_info=\u00bb{}\u00bb]<\/p>\n<p><span>Manual de programa se\u00f1al\u00e9tico<\/span><\/p>\n<p>[\/et_pb_text][et_pb_text _builder_version=\u00bb4.24.2&#8243; _module_preset=\u00bbdefault\u00bb transform_translate=\u00bb-20px|158px\u00bb custom_padding=\u00bb|28px||||\u00bb global_colors_info=\u00bb{}\u00bb]<\/p>\n<p><span>Materia: DISE\u00d1O DE INFORMACI\u00d3N AMBIENTAL<\/span><\/p>\n<p><span>En este proyecto se realizo el programa se\u00f1aletico de una exposicion a elegir en mi caso elegi realizar la se\u00f1alizacion de la exposici\u00f3n del 82 aniversario de la universidad de montemorelos.<\/span><span><\/span><\/p>\n<p>[\/et_pb_text][\/et_pb_column][\/et_pb_row][et_pb_row column_structure=\u00bb1_2,1_2&#8243; use_custom_gutter=\u00bbon\u00bb gutter_width=\u00bb2&#8243; _builder_version=\u00bb4.20.4&#8243; _module_preset=\u00bbdefault\u00bb transform_scale=\u00bb96%|96%\u00bb width=\u00bb95%\u00bb max_width=\u00bbnone\u00bb min_height=\u00bb1001px\u00bb custom_margin=\u00bb|auto|-76px|auto||\u00bb custom_padding=\u00bb||0px|||\u00bb global_colors_info=\u00bb{}\u00bb][et_pb_column type=\u00bb1_2&#8243; _builder_version=\u00bb4.19.1&#8243; _module_preset=\u00bbdefault\u00bb global_colors_info=\u00bb{}\u00bb][et_pb_gallery gallery_ids=\u00bb823,824&#8243; fullwidth=\u00bbon\u00bb _builder_version=\u00bb4.24.2&#8243; _module_preset=\u00bbdefault\u00bb transform_scale=\u00bb59%|59%\u00bb transform_translate=\u00bb4px|-250px\u00bb transform_translate_linked=\u00bboff\u00bb box_shadow_style=\u00bbpreset1&#8243; global_colors_info=\u00bb{}\u00bb][\/et_pb_gallery][et_pb_text _builder_version=\u00bb4.24.2&#8243; _module_preset=\u00bbdefault\u00bb text_font=\u00bbGeorama|600|||||||\u00bb text_font_size=\u00bb27px\u00bb transform_translate=\u00bb138px|-306px\u00bb transform_translate_linked=\u00bboff\u00bb global_colors_info=\u00bb{}\u00bb]<\/p>\n<h3 class=\"panel-title\"><span id=\"ctl00_ContentPanelCentral_lbltitulo\">Ideaci\u00f3n e identificaci\u00f3n<\/span><\/h3>\n<p>[\/et_pb_text][et_pb_text _builder_version=\u00bb4.24.2&#8243; _module_preset=\u00bbdefault\u00bb transform_translate=\u00bb104px|-294px\u00bb transform_translate_linked=\u00bboff\u00bb width=\u00bb95.3%\u00bb global_colors_info=\u00bb{}\u00bb]<\/p>\n<div style=\"text-align: center\">\n<p><span style=\"font-family: Verdana, Arial\"><span>En esta primera etapa investigamos sobre que proyecto deseamos trabajar, como abordaremos el proyecto, que publico responde y la segmentaci\u00f3n geografica\u00a0<\/span><\/span><\/p>\n<\/div>\n<p>[\/et_pb_text][\/et_pb_column][et_pb_column type=\u00bb1_2&#8243; _builder_version=\u00bb4.19.1&#8243; _module_preset=\u00bbdefault\u00bb global_colors_info=\u00bb{}\u00bb][et_pb_gallery gallery_ids=\u00bb827,828,829&#8243; fullwidth=\u00bbon\u00bb _builder_version=\u00bb4.24.2&#8243; _module_preset=\u00bbdefault\u00bb transform_scale=\u00bb62%|62%\u00bb transform_translate=\u00bb-7px|-197px\u00bb box_shadow_style=\u00bbpreset1&#8243; global_colors_info=\u00bb{}\u00bb][\/et_pb_gallery][et_pb_text _builder_version=\u00bb4.24.2&#8243; _module_preset=\u00bbdefault\u00bb text_font=\u00bbGeorama||||||||\u00bb text_text_color=\u00bb#000000&#8243; text_font_size=\u00bb22px\u00bb transform_translate=\u00bb151px|-292px\u00bb transform_translate_linked=\u00bboff\u00bb global_colors_info=\u00bb{}\u00bb]<\/p>\n<h3 class=\"panel-title\"><span id=\"ctl00_ContentPanelCentral_lbltitulo\">An\u00e1lisis etnogr\u00e1fico de los usuarios<\/span><\/h3>\n<p>[\/et_pb_text][et_pb_text _builder_version=\u00bb4.24.2&#8243; _module_preset=\u00bbdefault\u00bb transform_translate=\u00bb128px|-286px\u00bb transform_translate_linked=\u00bboff\u00bb global_colors_info=\u00bb{}\u00bb]<\/p>\n<div><span style=\"font-family: Verdana, Arial\"><span> Realizamos un an\u00e1lisis etnogr\u00e1fico a dichos \u201cpersonajes t\u00edpicos\u201d <\/span><\/span><\/div>\n<div><span style=\"font-family: Verdana, Arial\"><span>aplicando las siguientes herramientas o m\u00e9todos:<\/span><\/span><\/div>\n<div>\n<ul>\n<li><span style=\"font-family: Verdana, Arial\"><span>Mood-board de \u201cEstilo de vida\u201d<\/span><\/span><\/li>\n<li><span style=\"font-family: Verdana, Arial\"><span>Redacci\u00f3n de \u201cHistoria de vida\u201d<\/span><\/span><\/li>\n<li><span style=\"font-family: Verdana, Arial\"><span>\u201cMapa de empat\u00eda\u201d concerniente al la problem\u00e1tica y necesidades de informaci\u00f3n<\/span><\/span><\/li>\n<li><span style=\"font-family: Verdana, Arial\"><span> y orientaci\u00f3n en el entorno a intervenir.<\/span><\/span><\/li>\n<\/ul>\n<\/div>\n<p>[\/et_pb_text][\/et_pb_column][\/et_pb_row][et_pb_row column_structure=\u00bb1_2,1_2&#8243; use_custom_gutter=\u00bbon\u00bb gutter_width=\u00bb2&#8243; _builder_version=\u00bb4.20.4&#8243; _module_preset=\u00bbdefault\u00bb transform_scale=\u00bb96%|96%\u00bb width=\u00bb95%\u00bb max_width=\u00bbnone\u00bb min_height=\u00bb459px\u00bb custom_margin=\u00bb|auto|-76px|auto||\u00bb custom_padding=\u00bb||0px|||\u00bb global_colors_info=\u00bb{}\u00bb][et_pb_column type=\u00bb1_2&#8243; _builder_version=\u00bb4.19.1&#8243; _module_preset=\u00bbdefault\u00bb global_colors_info=\u00bb{}\u00bb][et_pb_gallery gallery_ids=\u00bb834,835,836&#8243; fullwidth=\u00bbon\u00bb _builder_version=\u00bb4.24.2&#8243; _module_preset=\u00bbdefault\u00bb transform_scale=\u00bb89%|89%\u00bb transform_translate=\u00bb12px|-282px\u00bb box_shadow_style=\u00bbpreset1&#8243; global_colors_info=\u00bb{}\u00bb][\/et_pb_gallery][et_pb_text _builder_version=\u00bb4.24.2&#8243; _module_preset=\u00bbdefault\u00bb text_font=\u00bbGeorama|600|||||||\u00bb text_font_size=\u00bb27px\u00bb transform_translate=\u00bb22px|-271px\u00bb transform_translate_linked=\u00bboff\u00bb global_colors_info=\u00bb{}\u00bb]<\/p>\n<h3 class=\"panel-title\"><span id=\"ctl00_ContentPanelCentral_lblTitulo\"> Desarrollo de Informaci\u00f3n<\/span><\/h3>\n<p>[\/et_pb_text][et_pb_text _builder_version=\u00bb4.24.2&#8243; _module_preset=\u00bbdefault\u00bb transform_translate=\u00bb21px|-262px\u00bb width=\u00bb95.3%\u00bb global_colors_info=\u00bb{}\u00bb]<\/p>\n<div style=\"text-align: center\">\n<p><span>Identificaci\u00f3n, clasificaci\u00f3n (en DDI impresos o interactivos), an\u00e1lisis, organizaci\u00f3n y producci\u00f3n de las piezas informativas necesarias para transmitir de forma efectiva la informaci\u00f3n requerida.<\/span><\/p>\n<p>&nbsp;<\/p>\n<\/div>\n<p>[\/et_pb_text][\/et_pb_column][et_pb_column type=\u00bb1_2&#8243; _builder_version=\u00bb4.19.1&#8243; _module_preset=\u00bbdefault\u00bb global_colors_info=\u00bb{}\u00bb][et_pb_gallery gallery_ids=\u00bb837,838,839,840,841,842,843,844&#8243; fullwidth=\u00bbon\u00bb _builder_version=\u00bb4.24.2&#8243; _module_preset=\u00bbdefault\u00bb transform_scale=\u00bb97%|97%\u00bb transform_translate=\u00bb49px|-255px\u00bb box_shadow_style=\u00bbpreset1&#8243; global_colors_info=\u00bb{}\u00bb][\/et_pb_gallery][et_pb_text _builder_version=\u00bb4.24.2&#8243; _module_preset=\u00bbdefault\u00bb text_font=\u00bbGeorama||||||||\u00bb text_text_color=\u00bb#000000&#8243; text_font_size=\u00bb22px\u00bb transform_translate=\u00bb261px|-187px\u00bb global_colors_info=\u00bb{}\u00bb]<\/p>\n<h3 class=\"panel-title\"><span id=\"ctl00_ContentPanelCentral_lbltitulo\">Dise\u00f1o final<\/span><\/h3>\n<p>[\/et_pb_text][et_pb_text _builder_version=\u00bb4.24.2&#8243; _module_preset=\u00bbdefault\u00bb transform_translate=\u00bb34px|-205px\u00bb global_colors_info=\u00bb{}\u00bb]<\/p>\n<p style=\"text-align: center\"><span>se realizo la implementacion de todas las etapas para obtener el<\/span><\/p>\n<p style=\"text-align: center\"><span> resultado y poder exponerlo en expo artcom<\/span><\/p>\n<p>[\/et_pb_text][\/et_pb_column][\/et_pb_row][\/et_pb_section][et_pb_section fb_built=\u00bb1&#8243; admin_label=\u00bbFooter\u00bb _builder_version=\u00bb4.19.2&#8243; _module_preset=\u00bbdefault\u00bb background_color=\u00bb#0F0F0F\u00bb custom_padding=\u00bb8vw||8vw||true|false\u00bb saved_tabs=\u00bball\u00bb collapsed=\u00bbon\u00bb global_colors_info=\u00bb{}\u00bb][et_pb_row column_structure=\u00bb1_2,1_2&#8243; _builder_version=\u00bb4.19.2&#8243; _module_preset=\u00bbdefault\u00bb custom_padding=\u00bb||60px||false|false\u00bb global_colors_info=\u00bb{}\u00bb][et_pb_column type=\u00bb1_2&#8243; _builder_version=\u00bb4.19.2&#8243; _module_preset=\u00bbdefault\u00bb custom_padding_tablet=\u00bb||30px||false|false\u00bb custom_padding_phone=\u00bb\u00bb custom_padding_last_edited=\u00bbon|tablet\u00bb global_colors_info=\u00bb{}\u00bb][et_pb_text _builder_version=\u00bb4.20.4&#8243; _module_preset=\u00bb158e11b0-189b-49e1-bbf5-6686c967eebc\u00bb header_3_text_color=\u00bb#FFFFFF\u00bb global_colors_info=\u00bb{}\u00bb]<\/p>\n<h3>SIGUEME EN MIS REDES SOCIALES<\/h3>\n<p>[\/et_pb_text][et_pb_button button_url=\u00bb@ET-DC@eyJkeW5hbWljIjp0cnVlLCJjb250ZW50IjoicG9zdF9saW5rX3VybF9wYWdlIiwic2V0dGluZ3MiOnsicG9zdF9pZCI6Ijg1NSIsImVuYWJsZV9odG1sIjoib2ZmIn19@\u00bb button_text=\u00bbver mas\u00bb _builder_version=\u00bb4.24.2&#8243; _dynamic_attributes=\u00bbbutton_url\u00bb _module_preset=\u00bbdefault\u00bb custom_button=\u00bbon\u00bb button_text_color=\u00bb#FFFFFF\u00bb button_border_width=\u00bb1px\u00bb button_border_radius=\u00bb27px\u00bb button_font=\u00bbMontserrat||||||||\u00bb transform_scale=\u00bb113%|113%\u00bb transform_translate=\u00bb282px|44px\u00bb hover_enabled=\u00bb0&#8243; global_colors_info=\u00bb{}\u00bb sticky_enabled=\u00bb0&#8243;][\/et_pb_button][et_pb_social_media_follow _builder_version=\u00bb4.20.4&#8243; _module_preset=\u00bbdefault\u00bb text_orientation=\u00bbleft\u00bb border_radii=\u00bbon|43px|43px|43px|43px\u00bb locked=\u00bboff\u00bb global_colors_info=\u00bb{}\u00bb][et_pb_social_media_follow_network social_network=\u00bbfacebook\u00bb url=\u00bbhttps:\/\/www.facebook.com\/aby.jeronimo.96\/\u00bb _builder_version=\u00bb4.20.4&#8243; _module_preset=\u00bbdefault\u00bb background_color=\u00bb#000000&#8243; background_enable_color=\u00bbon\u00bb transform_scale=\u00bb209%|209%\u00bb global_colors_info=\u00bb{}\u00bb follow_button=\u00bboff\u00bb url_new_window=\u00bbon\u00bb]facebook[\/et_pb_social_media_follow_network][et_pb_social_media_follow_network social_network=\u00bbinstagram\u00bb url=\u00bbhttps:\/\/www.instagram.com\/gracejeronimo00\/\u00bb _builder_version=\u00bb4.20.4&#8243; _module_preset=\u00bbdefault\u00bb background_color=\u00bb#000000&#8243; background_enable_color=\u00bbon\u00bb transform_scale=\u00bb206%|206%\u00bb transform_translate=\u00bb31px|-2px\u00bb global_colors_info=\u00bb{}\u00bb follow_button=\u00bboff\u00bb url_new_window=\u00bbon\u00bb]instagram[\/et_pb_social_media_follow_network][et_pb_social_media_follow_network social_network=\u00bbyoutube\u00bb url=\u00bbhttps:\/\/www.youtube.com\/@gracejeronimo4963&#8243; _builder_version=\u00bb4.20.4&#8243; _module_preset=\u00bbdefault\u00bb background_color=\u00bb#000000&#8243; background_enable_color=\u00bbon\u00bb transform_scale=\u00bb219%|219%\u00bb transform_translate=\u00bb52px|-2px\u00bb global_colors_info=\u00bb{}\u00bb follow_button=\u00bboff\u00bb url_new_window=\u00bbon\u00bb]youtube[\/et_pb_social_media_follow_network][\/et_pb_social_media_follow][\/et_pb_column][et_pb_column type=\u00bb1_2&#8243; _builder_version=\u00bb4.19.1&#8243; _module_preset=\u00bbdefault\u00bb global_colors_info=\u00bb{}\u00bb][\/et_pb_column][\/et_pb_row][\/et_pb_section]<\/p>\n","protected":false},"excerpt":{"rendered":"<p>QUINTO SEMESTREManual de programa se\u00f1al\u00e9ticoMateria: DISE\u00d1O DE INFORMACI\u00d3N AMBIENTAL En este proyecto se realizo el programa se\u00f1aletico de una exposicion a elegir en mi caso elegi realizar la se\u00f1alizacion de la exposici\u00f3n del 82 aniversario de la universidad de montemorelos.Ideaci\u00f3n e identificaci\u00f3n En esta primera etapa investigamos sobre que proyecto deseamos trabajar, como abordaremos el [&hellip;]<\/p>\n","protected":false},"author":53,"featured_media":0,"parent":0,"menu_order":0,"comment_status":"closed","ping_status":"closed","template":"","meta":{"_et_pb_use_builder":"on","_et_pb_old_content":"","_et_gb_content_width":"","inline_featured_image":false,"footnotes":""},"_links":{"self":[{"href":"https:\/\/dcv.artcom.mx\/pda\/1200157\/wp-json\/wp\/v2\/pages\/819"}],"collection":[{"href":"https:\/\/dcv.artcom.mx\/pda\/1200157\/wp-json\/wp\/v2\/pages"}],"about":[{"href":"https:\/\/dcv.artcom.mx\/pda\/1200157\/wp-json\/wp\/v2\/types\/page"}],"author":[{"embeddable":true,"href":"https:\/\/dcv.artcom.mx\/pda\/1200157\/wp-json\/wp\/v2\/users\/53"}],"replies":[{"embeddable":true,"href":"https:\/\/dcv.artcom.mx\/pda\/1200157\/wp-json\/wp\/v2\/comments?post=819"}],"version-history":[{"count":7,"href":"https:\/\/dcv.artcom.mx\/pda\/1200157\/wp-json\/wp\/v2\/pages\/819\/revisions"}],"predecessor-version":[{"id":913,"href":"https:\/\/dcv.artcom.mx\/pda\/1200157\/wp-json\/wp\/v2\/pages\/819\/revisions\/913"}],"wp:attachment":[{"href":"https:\/\/dcv.artcom.mx\/pda\/1200157\/wp-json\/wp\/v2\/media?parent=819"}],"curies":[{"name":"wp","href":"https:\/\/api.w.org\/{rel}","templated":true}]}}