{"id":71,"date":"2020-03-03T18:04:57","date_gmt":"2020-03-04T00:04:57","guid":{"rendered":"http:\/\/pdadcv.artcom.mx\/portafolio-demo\/?page_id=71"},"modified":"2023-04-23T16:40:41","modified_gmt":"2023-04-23T16:40:41","slug":"proyectos-academicos","status":"publish","type":"page","link":"https:\/\/dcv.artcom.mx\/pda\/1200157\/evidencias\/proyectos-academicos\/","title":{"rendered":"1er semestre"},"content":{"rendered":"<p>[et_pb_section fb_built=\u00bb1&#8243; _builder_version=\u00bb4.20.4&#8243; _module_preset=\u00bbdefault\u00bb use_background_color_gradient=\u00bbon\u00bb background_color_gradient_stops=\u00bb#000000 0%|#ffffff 100%\u00bb global_colors_info=\u00bb{}\u00bb][et_pb_row _builder_version=\u00bb4.20.4&#8243; _module_preset=\u00bbdefault\u00bb global_colors_info=\u00bb{}\u00bb][et_pb_column type=\u00bb4_4&#8243; _builder_version=\u00bb4.20.4&#8243; _module_preset=\u00bbdefault\u00bb global_colors_info=\u00bb{}\u00bb][et_pb_slider _builder_version=\u00bb4.20.4&#8243; _module_preset=\u00bbdefault\u00bb custom_button=\u00bbon\u00bb global_colors_info=\u00bb{}\u00bb][et_pb_slide heading=\u00bbPROYECTOS DESTACADOS\u00bb button_text=\u00bbClics\u00bb _builder_version=\u00bb4.20.4&#8243; _module_preset=\u00bbdefault\u00bb header_font=\u00bbAntic||||||||\u00bb background_color=\u00bbRGBA(255,255,255,0)\u00bb background_enable_color=\u00bbon\u00bb global_colors_info=\u00bb{}\u00bb sticky_transition=\u00bbon\u00bb][\/et_pb_slide][et_pb_slide heading=\u00bbFEATURED PROJECTS\u00bb button_text=\u00bbClics\u00bb _builder_version=\u00bb4.20.4&#8243; _module_preset=\u00bbdefault\u00bb header_font=\u00bbAntic||||||||\u00bb background_color=\u00bbRGBA(255,255,255,0)\u00bb background_enable_color=\u00bbon\u00bb global_colors_info=\u00bb{}\u00bb sticky_transition=\u00bbon\u00bb][\/et_pb_slide][\/et_pb_slider][\/et_pb_column][\/et_pb_row][\/et_pb_section][et_pb_section fb_built=\u00bb1&#8243; fullwidth=\u00bbon\u00bb _builder_version=\u00bb4.20.4&#8243; _module_preset=\u00bbdefault\u00bb global_colors_info=\u00bb{}\u00bb][\/et_pb_section][et_pb_section fb_built=\u00bb1&#8243; admin_label=\u00bbGallery\u00bb _builder_version=\u00bb4.20.4&#8243; _module_preset=\u00bbdefault\u00bb min_height=\u00bb2332.2px\u00bb custom_margin=\u00bb||265px|||\u00bb custom_padding=\u00bb||156px|||\u00bb collapsed=\u00bbon\u00bb global_colors_info=\u00bb{}\u00bb][et_pb_row column_structure=\u00bb3_5,2_5&#8243; _builder_version=\u00bb4.20.4&#8243; _module_preset=\u00bbdefault\u00bb global_colors_info=\u00bb{}\u00bb][et_pb_column type=\u00bb3_5&#8243; _builder_version=\u00bb4.20.4&#8243; _module_preset=\u00bbdefault\u00bb global_colors_info=\u00bb{}\u00bb][et_pb_gallery gallery_ids=\u00bb381,382,383,384,385,386,387,388,389,390,391,392,393,394&#8243; fullwidth=\u00bbon\u00bb _builder_version=\u00bb4.20.4&#8243; _module_preset=\u00bbdefault\u00bb global_colors_info=\u00bb{}\u00bb][\/et_pb_gallery][\/et_pb_column][et_pb_column type=\u00bb2_5&#8243; _builder_version=\u00bb4.20.4&#8243; _module_preset=\u00bbdefault\u00bb global_colors_info=\u00bb{}\u00bb][et_pb_text _builder_version=\u00bb4.20.4&#8243; _module_preset=\u00bbdefault\u00bb text_font=\u00bbGeorama|600|||||||\u00bb text_text_color=\u00bb#000000&#8243; text_font_size=\u00bb25px\u00bb global_colors_info=\u00bb{}\u00bb]<\/p>\n<p style=\"text-align: center\"><span>\u201cTipograf\u00eda personal creada\u201d<\/span><\/p>\n<p>[\/et_pb_text][et_pb_text _builder_version=\u00bb4.20.4&#8243; _module_preset=\u00bbdefault\u00bb transform_translate=\u00bb0px|64px\u00bb global_colors_info=\u00bb{}\u00bb]<\/p>\n<p style=\"text-align: left\">Materia: FUNDAMENTOS DE TIPOGRAFIA.<\/p>\n<p>[\/et_pb_text][et_pb_text _builder_version=\u00bb4.20.4&#8243; _module_preset=\u00bbdefault\u00bb transform_translate=\u00bb0px|48px\u00bb global_colors_info=\u00bb{}\u00bb]<\/p>\n<p>Este proyecto en lo personal fue uno de los que mas disfrute hacer, aunque al principio si se me hizo un poco complicado, pero solo imaginar que al final tendria una tipografia dise\u00f1ada por mi me motivo mas a seguir.<\/p>\n<p>[\/et_pb_text][\/et_pb_column][\/et_pb_row][et_pb_row column_structure=\u00bb1_4,1_4,1_4,1_4&#8243; _builder_version=\u00bb4.20.4&#8243; _module_preset=\u00bbdefault\u00bb min_height=\u00bb564.7px\u00bb custom_padding=\u00bb||63px|||\u00bb global_colors_info=\u00bb{}\u00bb][et_pb_column type=\u00bb1_4&#8243; _builder_version=\u00bb4.20.4&#8243; _module_preset=\u00bbdefault\u00bb global_colors_info=\u00bb{}\u00bb][et_pb_gallery gallery_ids=\u00bb253,252&#8243; fullwidth=\u00bbon\u00bb _builder_version=\u00bb4.20.4&#8243; _module_preset=\u00bbdefault\u00bb transform_scale=\u00bb182%|182%\u00bb transform_translate=\u00bb53px|77px\u00bb global_colors_info=\u00bb{}\u00bb][\/et_pb_gallery][\/et_pb_column][et_pb_column type=\u00bb1_4&#8243; _builder_version=\u00bb4.20.4&#8243; _module_preset=\u00bbdefault\u00bb global_colors_info=\u00bb{}\u00bb][et_pb_text _builder_version=\u00bb4.20.4&#8243; _module_preset=\u00bbdefault\u00bb header_3_font=\u00bbGeorama|600|||||||\u00bb header_3_font_size=\u00bb25px\u00bb transform_translate=\u00bb217px|79px\u00bb global_colors_info=\u00bb{}\u00bb]<\/p>\n<h3 class=\"panel-title\"><span id=\"ctl00_ContentPanelCentral_lbltitulo\">Trazado de fotograf\u00eda<\/span><\/h3>\n<p>[\/et_pb_text][et_pb_text _builder_version=\u00bb4.20.4&#8243; _module_preset=\u00bbdefault\u00bb transform_translate=\u00bb190px|73px\u00bb global_colors_info=\u00bb{}\u00bb]<\/p>\n<p>Materia: TALLER DE GRAFICOS VECTORIALES<\/p>\n<p>En esta actividad aprendimos a usar la pluma y hacer los diferentes trazos para asi poder hacer una ilustracion de fotografia.<\/p>\n<p>[\/et_pb_text][\/et_pb_column][et_pb_column type=\u00bb1_4&#8243; _builder_version=\u00bb4.20.4&#8243; _module_preset=\u00bbdefault\u00bb global_colors_info=\u00bb{}\u00bb][et_pb_gallery gallery_ids=\u00bb396&#8243; fullwidth=\u00bbon\u00bb _builder_version=\u00bb4.20.4&#8243; _module_preset=\u00bbdefault\u00bb transform_scale=\u00bb181%|181%\u00bb transform_translate=\u00bb159px|25px\u00bb global_colors_info=\u00bb{}\u00bb][\/et_pb_gallery][et_pb_text _builder_version=\u00bb4.20.4&#8243; _module_preset=\u00bbdefault\u00bb text_font=\u00bbGeorama||||||||\u00bb text_text_color=\u00bb#000000&#8243; text_font_size=\u00bb25px\u00bb transform_translate=\u00bb331px|97px\u00bb global_colors_info=\u00bb{}\u00bb]<\/p>\n<p>Letra faltante<\/p>\n<p>[\/et_pb_text][et_pb_text _builder_version=\u00bb4.20.4&#8243; _module_preset=\u00bbdefault\u00bb transform_translate=\u00bb317px|84px\u00bb global_colors_info=\u00bb{}\u00bb]<\/p>\n<p>Materia: FUNDAMENTOS DEL DISE\u00d1O GRAFICO<\/p>\n<p><span>Creamos un cartel utilizando recortes de papel en el cual omitimos una letra de la palabra por un objeto.<\/span><\/p>\n<p>[\/et_pb_text][\/et_pb_column][et_pb_column type=\u00bb1_4&#8243; _builder_version=\u00bb4.20.4&#8243; _module_preset=\u00bbdefault\u00bb global_colors_info=\u00bb{}\u00bb][\/et_pb_column][\/et_pb_row][et_pb_row column_structure=\u00bb2_5,3_5&#8243; _builder_version=\u00bb4.20.4&#8243; _module_preset=\u00bbdefault\u00bb min_height=\u00bb526.1px\u00bb global_colors_info=\u00bb{}\u00bb][et_pb_column type=\u00bb2_5&#8243; _builder_version=\u00bb4.20.4&#8243; _module_preset=\u00bbdefault\u00bb global_colors_info=\u00bb{}\u00bb][et_pb_gallery gallery_ids=\u00bb401,402,400,403&#8243; fullwidth=\u00bbon\u00bb _builder_version=\u00bb4.20.4&#8243; _module_preset=\u00bbdefault\u00bb transform_scale=\u00bb150%|150%\u00bb transform_translate=\u00bb60px|42px\u00bb global_colors_info=\u00bb{}\u00bb][\/et_pb_gallery][\/et_pb_column][et_pb_column type=\u00bb3_5&#8243; _builder_version=\u00bb4.20.4&#8243; _module_preset=\u00bbdefault\u00bb global_colors_info=\u00bb{}\u00bb][et_pb_text _builder_version=\u00bb4.20.4&#8243; _module_preset=\u00bbdefault\u00bb text_font=\u00bbGeorama|600|||||||\u00bb text_text_color=\u00bb#000000&#8243; text_font_size=\u00bb25px\u00bb transform_translate=\u00bb269px|32px\u00bb global_colors_info=\u00bb{}\u00bb]<\/p>\n<h3 class=\"panel-title\"><span id=\"ctl00_ContentPanelCentral_lbltitulo\">Postal y tarjeta con patrones y brochas<\/span><\/h3>\n<p>[\/et_pb_text][et_pb_text _builder_version=\u00bb4.20.4&#8243; _module_preset=\u00bbdefault\u00bb transform_translate=\u00bb180px|91px\u00bb global_colors_info=\u00bb{}\u00bb]<\/p>\n<p>Materia: TALLER DE GRAFICOS VECTORIALES<\/p>\n<p><span>realizamos el dise\u00f1o de una postal y de una tarjeta de felicitaci\u00f3n que contuviera motivos alusivos a temporadas o festividades del a\u00f1o en mi caso me inspire en el maquilleje y en el dia del maquillista y de inspiracion navide\u00f1a.<\/span><\/p>\n<p>[\/et_pb_text][\/et_pb_column][\/et_pb_row][et_pb_row column_structure=\u00bb1_4,1_4,1_4,1_4&#8243; _builder_version=\u00bb4.20.4&#8243; _module_preset=\u00bbdefault\u00bb width=\u00bb88.4%\u00bb min_height=\u00bb197px\u00bb global_colors_info=\u00bb{}\u00bb][et_pb_column type=\u00bb1_4&#8243; _builder_version=\u00bb4.20.4&#8243; _module_preset=\u00bbdefault\u00bb global_colors_info=\u00bb{}\u00bb][et_pb_gallery gallery_ids=\u00bb406&#8243; fullwidth=\u00bbon\u00bb _builder_version=\u00bb4.20.4&#8243; _module_preset=\u00bbdefault\u00bb transform_scale=\u00bb199%|199%\u00bb transform_translate=\u00bb52px|44px\u00bb global_colors_info=\u00bb{}\u00bb][\/et_pb_gallery][et_pb_text _builder_version=\u00bb4.20.4&#8243; _module_preset=\u00bbdefault\u00bb text_font=\u00bbGeorama|600|||||||\u00bb text_font_size=\u00bb25px\u00bb transform_translate=\u00bb129px|155px\u00bb global_colors_info=\u00bb{}\u00bb]<\/p>\n<h3 class=\"panel-title\"><span id=\"ctl00_ContentPanelCentral_lbltitulo\">Dibujo inspirado en el estilo de Egipto<\/span><\/h3>\n<p>[\/et_pb_text][et_pb_text _builder_version=\u00bb4.20.4&#8243; _module_preset=\u00bbdefault\u00bb transform_translate=\u00bb117px|132px\u00bb global_colors_info=\u00bb{}\u00bb]<\/p>\n<p>Materia: HISTORIA DEL ARTE.<\/p>\n<p>[\/et_pb_text][\/et_pb_column][et_pb_column type=\u00bb1_4&#8243; _builder_version=\u00bb4.20.4&#8243; _module_preset=\u00bbdefault\u00bb global_colors_info=\u00bb{}\u00bb][\/et_pb_column][et_pb_column type=\u00bb1_4&#8243; _builder_version=\u00bb4.20.4&#8243; _module_preset=\u00bbdefault\u00bb global_colors_info=\u00bb{}\u00bb][et_pb_gallery gallery_ids=\u00bb407&#8243; fullwidth=\u00bbon\u00bb _builder_version=\u00bb4.20.4&#8243; _module_preset=\u00bbdefault\u00bb transform_scale=\u00bb161%|161%\u00bb transform_translate=\u00bb55px|29px\u00bb global_colors_info=\u00bb{}\u00bb][\/et_pb_gallery][\/et_pb_column][et_pb_column type=\u00bb1_4&#8243; _builder_version=\u00bb4.20.4&#8243; _module_preset=\u00bbdefault\u00bb global_colors_info=\u00bb{}\u00bb][et_pb_text _builder_version=\u00bb4.20.4&#8243; _module_preset=\u00bbdefault\u00bb text_font=\u00bbGeorama|600|||||||\u00bb text_font_size=\u00bb22px\u00bb transform_translate=\u00bb163px|-13px\u00bb global_colors_info=\u00bb{}\u00bb]<\/p>\n<h3 class=\"panel-title\"><span id=\"ctl00_ContentPanelCentral_lbltitulo\">Informe de lectura Unidad 3<\/span><\/h3>\n<p>[\/et_pb_text][et_pb_text _builder_version=\u00bb4.20.4&#8243; _module_preset=\u00bbdefault\u00bb transform_translate=\u00bb141px|-22px\u00bb global_colors_info=\u00bb{}\u00bb]<\/p>\n<p><span style=\"font-family: Verdana, Arial\"><span>\u00a0Materia: FUNDAMENTOS DEL DISE\u00d1O GRAFICO<\/span><\/span><\/p>\n<p><span style=\"font-family: Verdana, Arial\"><span>Leimos el libro <a href=\"https:\/\/drive.google.com\/open?id=1pc2ZOwpuYBFQl9KBeMd071LKrSTIzyUe\">Sensaci\u00f3n, significado y aplicaci\u00f3n del color<\/a>\u00a0<\/span><\/span><span>y En la l\u00e1mina hicimos uso de las leyes de Gestalt y jerarquizaci\u00f3n, pero sobre todo haciendo \u00e9nfasis en el color, elegimos una paleta crom\u00e1tica arm\u00f3nica para nuestra\u00a0 composici\u00f3n.<\/span><\/p>\n<p>[\/et_pb_text][\/et_pb_column][\/et_pb_row][et_pb_row column_structure=\u00bb2_3,1_3&#8243; _builder_version=\u00bb4.20.4&#8243; _module_preset=\u00bbdefault\u00bb min_height=\u00bb541.9px\u00bb custom_padding=\u00bb||65px|||\u00bb global_colors_info=\u00bb{}\u00bb][et_pb_column type=\u00bb2_3&#8243; _builder_version=\u00bb4.20.4&#8243; _module_preset=\u00bbdefault\u00bb global_colors_info=\u00bb{}\u00bb][et_pb_gallery gallery_ids=\u00bb410,409&#8243; fullwidth=\u00bbon\u00bb _builder_version=\u00bb4.20.4&#8243; _module_preset=\u00bbdefault\u00bb transform_translate=\u00bb-31px|104px\u00bb global_colors_info=\u00bb{}\u00bb][\/et_pb_gallery][\/et_pb_column][et_pb_column type=\u00bb1_3&#8243; _builder_version=\u00bb4.20.4&#8243; _module_preset=\u00bbdefault\u00bb global_colors_info=\u00bb{}\u00bb][et_pb_text _builder_version=\u00bb4.20.4&#8243; _module_preset=\u00bbdefault\u00bb text_font=\u00bbGeorama|600|||||||\u00bb text_font_size=\u00bb26px\u00bb transform_scale=\u00bb109%|109%\u00bb transform_translate=\u00bb15px|121px\u00bb global_colors_info=\u00bb{}\u00bb]<\/p>\n<h3 class=\"panel-title\"><span id=\"ctl00_ContentPanelCentral_lbltitulo\">Presentaci\u00f3n del partido<\/span><\/h3>\n<p>[\/et_pb_text][et_pb_text _builder_version=\u00bb4.20.4&#8243; _module_preset=\u00bbdefault\u00bb transform_translate=\u00bb1px|138px\u00bb global_colors_info=\u00bb{}\u00bb]<\/p>\n<p>Materia: PROCESO CREATIVO<\/p>\n<p>la verdad fue uno de los proyectos que mas me disfrute, ya que teniamos que inventar un partido politico, y hacer el logo y la causa por la cual luchamos, es un proyecto que hicimos por equipo y uno de los integrante tenia que ser el candidato a presidente, estuvo muy padre.<\/p>\n<p>[\/et_pb_text][\/et_pb_column][\/et_pb_row][et_pb_row column_structure=\u00bb1_4,1_4,1_4,1_4&#8243; _builder_version=\u00bb4.20.4&#8243; _module_preset=\u00bbdefault\u00bb min_height=\u00bb416px\u00bb global_colors_info=\u00bb{}\u00bb][et_pb_column type=\u00bb1_4&#8243; _builder_version=\u00bb4.20.4&#8243; _module_preset=\u00bbdefault\u00bb global_colors_info=\u00bb{}\u00bb][et_pb_gallery gallery_ids=\u00bb415,416,417&#8243; fullwidth=\u00bbon\u00bb _builder_version=\u00bb4.20.4&#8243; _module_preset=\u00bbdefault\u00bb transform_scale=\u00bb169%|169%\u00bb transform_translate=\u00bb13px|41px\u00bb global_colors_info=\u00bb{}\u00bb][\/et_pb_gallery][\/et_pb_column][et_pb_column type=\u00bb1_4&#8243; _builder_version=\u00bb4.20.4&#8243; _module_preset=\u00bbdefault\u00bb global_colors_info=\u00bb{}\u00bb][et_pb_text _builder_version=\u00bb4.20.4&#8243; _module_preset=\u00bbdefault\u00bb text_font=\u00bbGeorama||||||||\u00bb text_font_size=\u00bb25px\u00bb transform_scale=\u00bb99%|99%\u00bb transform_translate=\u00bb75px|26px\u00bb global_colors_info=\u00bb{}\u00bb]<\/p>\n<h3 class=\"panel-title\"><span id=\"ctl00_ContentPanelCentral_lbltitulo\">Ejercicios de los principios de Gestalt<\/span><\/h3>\n<p>[\/et_pb_text][et_pb_text _builder_version=\u00bb4.20.4&#8243; _module_preset=\u00bbdefault\u00bb transform_translate=\u00bb51px|4px\u00bb global_colors_info=\u00bb{}\u00bb]<\/p>\n<p>Materia: FUNDAMENTOS DEL DISE\u00d1O GRAFICO<\/p>\n<p><span>creamos 3 l\u00e1minas en un soporte r\u00edgido como papel ilustraci\u00f3n de 25x25cm con una Marialuisa de 2.5cm y aplicamos uno de los principios de gestalt.<\/span><\/p>\n<p>&nbsp;<\/p>\n<p>[\/et_pb_text][\/et_pb_column][et_pb_column type=\u00bb1_4&#8243; _builder_version=\u00bb4.20.4&#8243; _module_preset=\u00bbdefault\u00bb global_colors_info=\u00bb{}\u00bb][et_pb_gallery gallery_ids=\u00bb419,420&#8243; fullwidth=\u00bbon\u00bb _builder_version=\u00bb4.20.4&#8243; _module_preset=\u00bbdefault\u00bb transform_scale=\u00bb141%|141%\u00bb transform_translate=\u00bb66px|54px\u00bb global_colors_info=\u00bb{}\u00bb][\/et_pb_gallery][\/et_pb_column][et_pb_column type=\u00bb1_4&#8243; _builder_version=\u00bb4.20.4&#8243; _module_preset=\u00bbdefault\u00bb global_colors_info=\u00bb{}\u00bb][et_pb_text _builder_version=\u00bb4.20.4&#8243; _module_preset=\u00bbdefault\u00bb transform_translate=\u00bb112px|112px\u00bb global_colors_info=\u00bb{}\u00bb]<\/p>\n<p><span>Materia: DIBUJO ACADEMICO<\/span><\/p>\n<p><span>Dibujamos un bodeg\u00f3n, representado de forma realista. Resaltando los valores tonales y respetando las reglas de composici\u00f3n en el dibujo.<\/span><\/p>\n<p>[\/et_pb_text][et_pb_text _builder_version=\u00bb4.20.4&#8243; _module_preset=\u00bbdefault\u00bb text_font=\u00bbGeorama||||||||\u00bb text_text_color=\u00bb#000000&#8243; text_font_size=\u00bb22px\u00bb transform_translate=\u00bb138px|-124px\u00bb global_colors_info=\u00bb{}\u00bb]<\/p>\n<p>Proyecto II<\/p>\n<p>[\/et_pb_text][\/et_pb_column][\/et_pb_row][et_pb_row column_structure=\u00bb2_5,3_5&#8243; _builder_version=\u00bb4.20.4&#8243; _module_preset=\u00bbdefault\u00bb min_height=\u00bb333px\u00bb global_colors_info=\u00bb{}\u00bb][et_pb_column type=\u00bb2_5&#8243; _builder_version=\u00bb4.20.4&#8243; _module_preset=\u00bbdefault\u00bb global_colors_info=\u00bb{}\u00bb][et_pb_text _builder_version=\u00bb4.20.4&#8243; _module_preset=\u00bbdefault\u00bb text_font=\u00bbGeorama|600|||||||\u00bb text_font_size=\u00bb21px\u00bb transform_translate=\u00bb123px|128px\u00bb global_colors_info=\u00bb{}\u00bb]<\/p>\n<h3 class=\"panel-title\"><span id=\"ctl00_ContentPanelCentral_lbltitulo\">Abstracci\u00f3n \/ Ampliaci\u00f3n<\/span><\/h3>\n<p>[\/et_pb_text][et_pb_text _builder_version=\u00bb4.20.4&#8243; _module_preset=\u00bbdefault\u00bb transform_translate=\u00bb62px|124px\u00bb global_colors_info=\u00bb{}\u00bb]<\/p>\n<p><span>Materia: FUNDAMENTOS DE TIPOGRAFIA<\/span><\/p>\n<p><span>Elegimos 5 letras preferidas\u00a0 y realizamos de ellas 3 acercamientos a detalle de los trazos m\u00e1s llamativos de las mismas, procuraramos enfocar sus tratos m\u00e1s est\u00e9ticos e interesantes.<\/span><\/p>\n<p>[\/et_pb_text][\/et_pb_column][et_pb_column type=\u00bb3_5&#8243; _builder_version=\u00bb4.20.4&#8243; _module_preset=\u00bbdefault\u00bb global_colors_info=\u00bb{}\u00bb][et_pb_gallery gallery_ids=\u00bb421,422&#8243; fullwidth=\u00bbon\u00bb _builder_version=\u00bb4.20.4&#8243; _module_preset=\u00bbdefault\u00bb transform_scale=\u00bb75%|75%\u00bb transform_translate=\u00bb53px|-166px\u00bb global_colors_info=\u00bb{}\u00bb][\/et_pb_gallery][et_pb_button button_text=\u00bbVer mas\u00bb _builder_version=\u00bb4.20.4&#8243; _module_preset=\u00bbdefault\u00bb custom_button=\u00bbon\u00bb button_text_color=\u00bb#000000&#8243; button_border_radius=\u00bb24px\u00bb button_font=\u00bbAntic||||||||\u00bb button_url=\u00bb@ET-DC@eyJkeW5hbWljIjp0cnVlLCJjb250ZW50IjoicG9zdF9saW5rX3VybF9wYWdlIiwic2V0dGluZ3MiOnsicG9zdF9pZCI6IjY3In19@\u00bb _dynamic_attributes=\u00bbbutton_url\u00bb transform_translate=\u00bb181px|-201px\u00bb hover_enabled=\u00bb0&#8243; sticky_enabled=\u00bb0&#8243;][\/et_pb_button][\/et_pb_column][\/et_pb_row][\/et_pb_section]<\/p>\n","protected":false},"excerpt":{"rendered":"<p>\u201cTipograf\u00eda personal creada\u201dMateria: FUNDAMENTOS DE TIPOGRAFIA.Este proyecto en lo personal fue uno de los que mas disfrute hacer, aunque al principio si se me hizo un poco complicado, pero solo imaginar que al final tendria una tipografia dise\u00f1ada por mi me motivo mas a seguir.Trazado de fotograf\u00edaMateria: TALLER DE GRAFICOS VECTORIALES En esta actividad aprendimos [&hellip;]<\/p>\n","protected":false},"author":53,"featured_media":0,"parent":11,"menu_order":1,"comment_status":"closed","ping_status":"closed","template":"","meta":{"_et_pb_use_builder":"on","_et_pb_old_content":"","_et_gb_content_width":"","inline_featured_image":false,"footnotes":""},"_links":{"self":[{"href":"https:\/\/dcv.artcom.mx\/pda\/1200157\/wp-json\/wp\/v2\/pages\/71"}],"collection":[{"href":"https:\/\/dcv.artcom.mx\/pda\/1200157\/wp-json\/wp\/v2\/pages"}],"about":[{"href":"https:\/\/dcv.artcom.mx\/pda\/1200157\/wp-json\/wp\/v2\/types\/page"}],"author":[{"embeddable":true,"href":"https:\/\/dcv.artcom.mx\/pda\/1200157\/wp-json\/wp\/v2\/users\/53"}],"replies":[{"embeddable":true,"href":"https:\/\/dcv.artcom.mx\/pda\/1200157\/wp-json\/wp\/v2\/comments?post=71"}],"version-history":[{"count":15,"href":"https:\/\/dcv.artcom.mx\/pda\/1200157\/wp-json\/wp\/v2\/pages\/71\/revisions"}],"predecessor-version":[{"id":426,"href":"https:\/\/dcv.artcom.mx\/pda\/1200157\/wp-json\/wp\/v2\/pages\/71\/revisions\/426"}],"up":[{"embeddable":true,"href":"https:\/\/dcv.artcom.mx\/pda\/1200157\/wp-json\/wp\/v2\/pages\/11"}],"wp:attachment":[{"href":"https:\/\/dcv.artcom.mx\/pda\/1200157\/wp-json\/wp\/v2\/media?parent=71"}],"curies":[{"name":"wp","href":"https:\/\/api.w.org\/{rel}","templated":true}]}}