{"id":69,"date":"2020-03-03T18:04:36","date_gmt":"2020-03-04T00:04:36","guid":{"rendered":"http:\/\/pdadcv.artcom.mx\/portafolio-demo\/?page_id=69"},"modified":"2025-05-13T18:23:59","modified_gmt":"2025-05-13T18:23:59","slug":"emprendimientos-personales","status":"publish","type":"page","link":"https:\/\/dcv.artcom.mx\/pda\/1200157\/evidencias\/emprendimientos-personales\/","title":{"rendered":"Emprendimientos personales"},"content":{"rendered":"<p>[et_pb_section fb_built=\u00bb1&#8243; admin_label=\u00bbProjects\u00bb _builder_version=\u00bb4.20.0&#8243; _module_preset=\u00bbdefault\u00bb collapsed=\u00bbon\u00bb global_colors_info=\u00bb{}\u00bb][et_pb_row _builder_version=\u00bb4.20.0&#8243; _module_preset=\u00bbdefault\u00bb global_colors_info=\u00bb{}\u00bb][et_pb_column type=\u00bb4_4&#8243; _builder_version=\u00bb4.20.0&#8243; _module_preset=\u00bbdefault\u00bb global_colors_info=\u00bb{}\u00bb][et_pb_text _builder_version=\u00bb4.20.4&#8243; _module_preset=\u00bb1470806c-bc6f-40a1-a8fb-f0e86c705a90&#8243; text_font=\u00bbGeorama||||||||\u00bb text_font_size=\u00bb7px\u00bb header_2_font=\u00bbGeorama|||on|||||\u00bb transform_scale=\u00bb64%|64%\u00bb transform_translate=\u00bb8px|-36px\u00bb text_orientation=\u00bbcenter\u00bb global_colors_info=\u00bb{}\u00bb]<\/p>\n<h2>EMPRENDIMIENTOS PERSONALES<\/h2>\n<p>[\/et_pb_text][\/et_pb_column][\/et_pb_row][et_pb_row column_structure=\u00bb1_2,1_2&#8243; _builder_version=\u00bb4.20.0&#8243; _module_preset=\u00bbdefault\u00bb min_height=\u00bb2168.1px\u00bb custom_padding=\u00bb||134px|||\u00bb global_colors_info=\u00bb{}\u00bb][et_pb_column type=\u00bb1_2&#8243; _builder_version=\u00bb4.20.0&#8243; _module_preset=\u00bbdefault\u00bb custom_padding_tablet=\u00bb||30px||false|false\u00bb custom_padding_phone=\u00bb||30px||false|false\u00bb custom_padding_last_edited=\u00bbon|tablet\u00bb global_colors_info=\u00bb{}\u00bb][et_pb_text _builder_version=\u00bb4.20.4&#8243; _module_preset=\u00bbfd23d7e5-9f09-4ea0-9da1-71f43f7fb309&#8243; header_4_font=\u00bbAntic|600||on|||||\u00bb custom_margin=\u00bb||10px||false|false\u00bb global_colors_info=\u00bb{}\u00bb]<\/p>\n<h4>logo de mi pagina de facebook<\/h4>\n<p>[\/et_pb_text][et_pb_gallery gallery_ids=\u00bb475,473,474,471,472,476&#8243; fullwidth=\u00bbon\u00bb _builder_version=\u00bb4.20.4&#8243; _module_preset=\u00bbdefault\u00bb global_colors_info=\u00bb{}\u00bb][\/et_pb_gallery][et_pb_text _builder_version=\u00bb4.20.4&#8243; _module_preset=\u00bb054e242c-b964-4331-9c62-b5b034edd862&#8243; global_colors_info=\u00bb{}\u00bb]<\/p>\n<p><span>Presentaci\u00f3n del logo, tipograf\u00eda y paleta de colores.<\/span><\/p>\n<p>[\/et_pb_text][et_pb_gallery gallery_ids=\u00bb479&#8243; fullwidth=\u00bbon\u00bb _builder_version=\u00bb4.20.4&#8243; _module_preset=\u00bbdefault\u00bb box_shadow_style=\u00bbpreset1&#8243; global_colors_info=\u00bb{}\u00bb][\/et_pb_gallery][et_pb_text _builder_version=\u00bb4.20.4&#8243; _module_preset=\u00bbdefault\u00bb width=\u00bb100%\u00bb global_colors_info=\u00bb{}\u00bb]<\/p>\n<div class=\"x11i5rnm xat24cr x1mh8g0r x1vvkbs xtlvy1s x126k92a\">\n<div dir=\"auto\"><span><a><\/a><\/span>ilustraci\u00f3n 14 de febrero<span class=\"x3nfvp2 x1j61x8r x1fcty0u xdj266r xhhsvwb xat24cr xgzva0m xxymvpz xlup9mm x1kky2od\"><img loading=\"lazy\" decoding=\"async\" height=\"16\" width=\"16\" alt=\"\u2764\ufe0f\" src=\"https:\/\/static.xx.fbcdn.net\/images\/emoji.php\/v9\/tf3\/1.5\/16\/2764.png\" \/><\/span><span class=\"x3nfvp2 x1j61x8r x1fcty0u xdj266r xhhsvwb xat24cr xgzva0m xxymvpz xlup9mm x1kky2od\"><img loading=\"lazy\" decoding=\"async\" height=\"16\" width=\"16\" alt=\"\u2763\ufe0f\" src=\"https:\/\/static.xx.fbcdn.net\/images\/emoji.php\/v9\/t72\/1.5\/16\/2763.png\" \/><\/span><\/div>\n<div dir=\"auto\">(1 o 2 personas)<\/div>\n<\/div>\n<div class=\"x11i5rnm xat24cr x1mh8g0r x1vvkbs xtlvy1s x126k92a\">\n<div dir=\"auto\">PAQUETE PREMIUM: caja personalizada + ilustraci\u00f3n impresa con alta calidad + sticker personalizado + portarretrato de 20 cm x 25 cm. por solo $480<\/div>\n<\/div>\n<div class=\"x11i5rnm xat24cr x1mh8g0r x1vvkbs xtlvy1s x126k92a\">\n<div dir=\"auto\">Paquete premium disponible solo en MONTEMORELOS N.L<\/div>\n<\/div>\n<div class=\"x11i5rnm xat24cr x1mh8g0r x1vvkbs xtlvy1s x126k92a\">\n<div dir=\"auto\">PAQUETE DIGITAL: ilustraci\u00f3n digital en alta calidad, entregables en formato jpg y png en Alta resoluci\u00f3n por correo electr\u00f3nico.<\/div>\n<div dir=\"auto\">costo $150<\/div>\n<\/div>\n<div class=\"x11i5rnm xat24cr x1mh8g0r x1vvkbs xtlvy1s x126k92a\">\n<div dir=\"auto\">Paquete digital disponible en el lugar que te encuentres.<\/div>\n<\/div>\n<div class=\"x11i5rnm xat24cr x1mh8g0r x1vvkbs xtlvy1s x126k92a\">\n<div dir=\"auto\">Cada personaje o persona extra: $50<\/div>\n<\/div>\n<div class=\"x11i5rnm xat24cr x1mh8g0r x1vvkbs xtlvy1s x126k92a\">\n<div dir=\"auto\">\u00a1PIDE LA TUYA A TIEMPO!<\/div>\n<div dir=\"auto\">Envianos tu foto y aparta con el 50%<\/div>\n<\/div>\n<p>[\/et_pb_text][\/et_pb_column][et_pb_column type=\u00bb1_2&#8243; _builder_version=\u00bb4.20.0&#8243; _module_preset=\u00bbdefault\u00bb global_colors_info=\u00bb{}\u00bb][et_pb_text _builder_version=\u00bb4.20.4&#8243; _module_preset=\u00bbfd23d7e5-9f09-4ea0-9da1-71f43f7fb309&#8243; header_4_font=\u00bbAntic|600||on|||||\u00bb transform_scale=\u00bb80%|80%\u00bb transform_translate=\u00bb97px|-42px\u00bb custom_margin=\u00bb||10px||false|false\u00bb global_colors_info=\u00bb{}\u00bb]<\/p>\n<h4>DISE\u00d1O DE EMPAQUE 14 FEBRERO<\/h4>\n<p>[\/et_pb_text][et_pb_gallery gallery_ids=\u00bb477,478&#8243; fullwidth=\u00bbon\u00bb _builder_version=\u00bb4.20.4&#8243; _module_preset=\u00bbdefault\u00bb transform_scale=\u00bb81%|81%\u00bb transform_translate=\u00bb96px|-147px\u00bb box_shadow_style=\u00bbpreset1&#8243; global_colors_info=\u00bb{}\u00bb][\/et_pb_gallery][et_pb_text _builder_version=\u00bb4.20.4&#8243; _module_preset=\u00bbdefault\u00bb transform_translate=\u00bb141px|-199px\u00bb global_colors_info=\u00bb{}\u00bb]<\/p>\n<p>Creacion de empaque para cuadro para el 14 de febrero<\/p>\n<p>[\/et_pb_text][et_pb_gallery gallery_ids=\u00bb481,482&#8243; fullwidth=\u00bbon\u00bb _builder_version=\u00bb4.20.4&#8243; _module_preset=\u00bbdefault\u00bb transform_scale=\u00bb118%|118%\u00bb transform_translate=\u00bb82px|-78px\u00bb box_shadow_style=\u00bbpreset1&#8243; global_colors_info=\u00bb{}\u00bb][\/et_pb_gallery][et_pb_gallery gallery_ids=\u00bb797,798,799,800,801&#8243; fullwidth=\u00bbon\u00bb _builder_version=\u00bb4.24.2&#8243; _module_preset=\u00bbdefault\u00bb transform_translate=\u00bb54px|0px\u00bb transform_translate_linked=\u00bboff\u00bb global_colors_info=\u00bb{}\u00bb][\/et_pb_gallery][et_pb_text _builder_version=\u00bb4.24.2&#8243; _module_preset=\u00bbdefault\u00bb transform_scale_linked=\u00bboff\u00bb transform_translate=\u00bb54px|0px\u00bb transform_translate_linked=\u00bboff\u00bb global_colors_info=\u00bb{}\u00bb]<\/p>\n<p><span>Durante las vacaciones, tuve la oportunidad de impartir cuatro masterclasses de maquillaje. Me apasiona compartir el conocimiento que he adquirido, y alrededor de 60 participantes se unieron a mis sesiones. Una de las cosas que m\u00e1s valoro de ser dise\u00f1adora es la posibilidad de desarrollar la identidad visual completa de cada masterclass, abarcando desde la creaci\u00f3n de los anuncios promocionales hasta el dise\u00f1o de las carpetas y diplomas entregados a cada una de las participantes.<\/span><\/p>\n<p>[\/et_pb_text][\/et_pb_column][\/et_pb_row][et_pb_row column_structure=\u00bb1_2,1_2&#8243; _builder_version=\u00bb4.20.4&#8243; _module_preset=\u00bbdefault\u00bb global_colors_info=\u00bb{}\u00bb][et_pb_column type=\u00bb1_2&#8243; _builder_version=\u00bb4.20.4&#8243; _module_preset=\u00bbdefault\u00bb global_colors_info=\u00bb{}\u00bb][\/et_pb_column][et_pb_column type=\u00bb1_2&#8243; _builder_version=\u00bb4.20.4&#8243; _module_preset=\u00bbdefault\u00bb global_colors_info=\u00bb{}\u00bb][et_pb_button button_url=\u00bb@ET-DC@eyJkeW5hbWljIjp0cnVlLCJjb250ZW50IjoicG9zdF9saW5rX3VybF9wYWdlIiwic2V0dGluZ3MiOnsicG9zdF9pZCI6IjE1IiwiZW5hYmxlX2h0bWwiOiJvZmYifX0=@\u00bb button_text=\u00bbver mas\u00bb _builder_version=\u00bb4.24.2&#8243; _dynamic_attributes=\u00bbbutton_url\u00bb _module_preset=\u00bbdefault\u00bb custom_button=\u00bbon\u00bb button_text_color=\u00bb#000000&#8243; button_border_color=\u00bb#000000&#8243; button_border_radius=\u00bb23px\u00bb button_font=\u00bbGeorama||||||||\u00bb hover_enabled=\u00bb0&#8243; global_colors_info=\u00bb{}\u00bb sticky_enabled=\u00bb0&#8243;][\/et_pb_button][\/et_pb_column][\/et_pb_row][\/et_pb_section]<\/p>\n","protected":false},"excerpt":{"rendered":"<p>EMPRENDIMIENTOS PERSONALESlogo de mi pagina de facebookPresentaci\u00f3n del logo, tipograf\u00eda y paleta de colores. ilustraci\u00f3n 14 de febrero (1 o 2 personas) PAQUETE PREMIUM: caja personalizada + ilustraci\u00f3n impresa con alta calidad + sticker personalizado + portarretrato de 20 cm x 25 cm. por solo $480 Paquete premium disponible solo en MONTEMORELOS N.L PAQUETE DIGITAL: [&hellip;]<\/p>\n","protected":false},"author":53,"featured_media":0,"parent":11,"menu_order":4,"comment_status":"closed","ping_status":"closed","template":"","meta":{"_et_pb_use_builder":"on","_et_pb_old_content":"<!-- wp:divi\/placeholder \/-->","_et_gb_content_width":"","inline_featured_image":false,"footnotes":""},"_links":{"self":[{"href":"https:\/\/dcv.artcom.mx\/pda\/1200157\/wp-json\/wp\/v2\/pages\/69"}],"collection":[{"href":"https:\/\/dcv.artcom.mx\/pda\/1200157\/wp-json\/wp\/v2\/pages"}],"about":[{"href":"https:\/\/dcv.artcom.mx\/pda\/1200157\/wp-json\/wp\/v2\/types\/page"}],"author":[{"embeddable":true,"href":"https:\/\/dcv.artcom.mx\/pda\/1200157\/wp-json\/wp\/v2\/users\/53"}],"replies":[{"embeddable":true,"href":"https:\/\/dcv.artcom.mx\/pda\/1200157\/wp-json\/wp\/v2\/comments?post=69"}],"version-history":[{"count":5,"href":"https:\/\/dcv.artcom.mx\/pda\/1200157\/wp-json\/wp\/v2\/pages\/69\/revisions"}],"predecessor-version":[{"id":915,"href":"https:\/\/dcv.artcom.mx\/pda\/1200157\/wp-json\/wp\/v2\/pages\/69\/revisions\/915"}],"up":[{"embeddable":true,"href":"https:\/\/dcv.artcom.mx\/pda\/1200157\/wp-json\/wp\/v2\/pages\/11"}],"wp:attachment":[{"href":"https:\/\/dcv.artcom.mx\/pda\/1200157\/wp-json\/wp\/v2\/media?parent=69"}],"curies":[{"name":"wp","href":"https:\/\/api.w.org\/{rel}","templated":true}]}}