{"id":17,"date":"2020-03-03T22:36:20","date_gmt":"2020-03-04T04:36:20","guid":{"rendered":"http:\/\/pdadcv.artcom.mx\/portafolio-demo\/?page_id=17"},"modified":"2025-05-13T18:17:59","modified_gmt":"2025-05-13T18:17:59","slug":"investigaciones","status":"publish","type":"page","link":"https:\/\/dcv.artcom.mx\/pda\/1200157\/investigaciones\/","title":{"rendered":"Investigaciones"},"content":{"rendered":"<p>[et_pb_section fb_built=\u00bb1&#8243; _builder_version=\u00bb4.20.4&#8243; _module_preset=\u00bbdefault\u00bb use_background_color_gradient=\u00bbon\u00bb background_color_gradient_stops=\u00bb#000000 0%|#ffffff 100%\u00bb global_colors_info=\u00bb{}\u00bb][et_pb_row _builder_version=\u00bb4.20.4&#8243; _module_preset=\u00bbdefault\u00bb global_colors_info=\u00bb{}\u00bb][et_pb_column type=\u00bb4_4&#8243; _builder_version=\u00bb4.20.4&#8243; _module_preset=\u00bbdefault\u00bb global_colors_info=\u00bb{}\u00bb][et_pb_slider _builder_version=\u00bb4.20.4&#8243; _module_preset=\u00bbdefault\u00bb custom_button=\u00bbon\u00bb global_colors_info=\u00bb{}\u00bb][et_pb_slide heading=\u00bbINVESTIGACIONES\u00bb _builder_version=\u00bb4.20.4&#8243; _module_preset=\u00bbdefault\u00bb header_font=\u00bbAntic||||||||\u00bb background_color=\u00bbRGBA(255,255,255,0)\u00bb background_enable_color=\u00bbon\u00bb global_colors_info=\u00bb{}\u00bb sticky_transition=\u00bbon\u00bb][\/et_pb_slide][et_pb_slide heading=\u00bbRESEARCH\u00bb _builder_version=\u00bb4.20.4&#8243; _module_preset=\u00bbdefault\u00bb header_font=\u00bbAntic||||||||\u00bb background_color=\u00bbRGBA(255,255,255,0)\u00bb background_enable_color=\u00bbon\u00bb global_colors_info=\u00bb{}\u00bb sticky_transition=\u00bbon\u00bb][\/et_pb_slide][\/et_pb_slider][\/et_pb_column][\/et_pb_row][et_pb_row _builder_version=\u00bb4.20.4&#8243; _module_preset=\u00bbdefault\u00bb global_colors_info=\u00bb{}\u00bb][et_pb_column type=\u00bb4_4&#8243; _builder_version=\u00bb4.20.4&#8243; _module_preset=\u00bbdefault\u00bb global_colors_info=\u00bb{}\u00bb][et_pb_text _builder_version=\u00bb4.20.4&#8243; _module_preset=\u00bbdefault\u00bb text_font=\u00bbGeorama|600|||||||\u00bb text_text_color=\u00bb#000000&#8243; text_font_size=\u00bb22px\u00bb transform_translate=\u00bb461px|-8px\u00bb global_colors_info=\u00bb{}\u00bb]<\/p>\n<p>PLANTEAMIENTO<\/p>\n<p>[\/et_pb_text][et_pb_text _builder_version=\u00bb4.24.2&#8243; _module_preset=\u00bbdefault\u00bb text_font=\u00bb|600|||||||\u00bb text_text_color=\u00bb#000000&#8243; transform_scale=\u00bb103%|103%\u00bb transform_translate=\u00bb12px|206px\u00bb transform_translate_linked=\u00bboff\u00bb custom_padding=\u00bb|0px||0px||\u00bb global_colors_info=\u00bb{}\u00bb]<\/p>\n<p style=\"font-weight: 400\"><span>En la industria cosm\u00e9tica, la identidad corporativa juega un papel fundamental en la construcci\u00f3n de marcas l\u00edderes y su capacidad para captar la lealtad del consumidor. Dado el alto nivel de competencia en este sector, las empresas deben diferenciarse no solo a trav\u00e9s de la calidad de sus productos, sino tambi\u00e9n mediante una identidad corporativa s\u00f3lida y coherente. La identidad <\/span>de marca, menciona Aaker (2012). <span>\u00a0<\/span>que es m\u00e1s que un simple logotipo o dise\u00f1o visual, es una construcci\u00f3n estrat\u00e9gica que define la personalidad y los valores de una empresa, permitiendo crear v\u00ednculos emocionales profundos con los consumidores. En sectores competitivos como el de la cosm\u00e9tica, donde las opciones son m\u00faltiples y la diferenciaci\u00f3n es fundamental, una identidad s\u00f3lida ayuda a las marcas a sobresalir, generando confianza y lealtad a trav\u00e9s de una coherencia consistente en todos los puntos de contacto con el cliente.<\/p>\n<p style=\"font-weight: 400\"><span>Desde inicios del siglo XX, la industria cosm\u00e9tica ha comprendido que la construcci\u00f3n de una identidad de marca s\u00f3lida es clave para establecer una conexi\u00f3n emocional con el consumidor. Marcas pioneras como Helena Rubinstein y Elizabeth Arden fueron de las primeras en aplicar estrategias de branding que destacaban el valor de la belleza y el bienestar, posicion\u00e1ndose como l\u00edderes y referentes de confianza en el mercado. Estas empresas entendieron que una identidad corporativa coherente y reconocible no solo ayudaba a vender productos, sino que tambi\u00e9n constru\u00eda una reputaci\u00f3n s\u00f3lida en el largo plazo (Peiss, 1998). Tambi\u00e9n Aaker (1991) En su obra sobre la gesti\u00f3n de marcas, Aaker argumenta que la identidad de una marca es un activo fundamental para cualquier empresa, siendo clave en la diferenciaci\u00f3n y la creaci\u00f3n de valor a largo plazo.<\/span><\/p>\n<p style=\"font-weight: 400\"><strong>\u00a0<\/strong><span style=\"font-size: 14px\">Sin embargo, aunque existen marcas que dominan el mercado, como L\u2019Or\u00e9al y Est\u00e9e Lauder, a\u00fan no est\u00e1 completamente claro qu\u00e9 factores comunes comparten estas identidades corporativas que las han convertido en l\u00edderes. Ambas marcas han logrado establecer una conexi\u00f3n emocional con sus consumidores a trav\u00e9s de campa\u00f1as publicitarias que destacan no solo la belleza exterior, sino tambi\u00e9n la confianza y el empoderamiento personal. Esta estrategia de comunicaci\u00f3n efectiva crea una relaci\u00f3n m\u00e1s profunda y duradera con el cliente, m\u00e1s all\u00e1 de la simple transacci\u00f3n comercial.<\/span><\/p>\n<p style=\"font-weight: 400\"><span>\u00a0<\/span><span>La capacidad de ofrecer productos que cumplen con las tendencias emergentes y las necesidades cambiantes de los consumidores es crucial para mantener una posici\u00f3n destacada en el mercado.<\/span><\/p>\n<p style=\"font-weight: 400\"><span>Otro factor com\u00fan es la coherencia en la experiencia del cliente. Las marcas l\u00edderes garantizan que cada punto de contacto con el consumidor ya sea en tiendas f\u00edsicas, en l\u00ednea o a trav\u00e9s de redes sociales, refleje la identidad corporativa de manera uniforme. Esta coherencia fortalece el reconocimiento de la marca y asegura que los consumidores tengan una experiencia positiva y consistente, lo que a su vez fomenta la lealtad y la repetici\u00f3n de compra. <\/span><\/p>\n<p style=\"font-weight: 400\"><span>Esta investigaci\u00f3n busca analizar estos factores comunes, con el objetivo de identificar elementos esenciales en la creaci\u00f3n de una identidad corporativa exitosa dentro del mercado cosm\u00e9tico. Al comprender qu\u00e9 aspectos contribuyen al liderazgo de marcas como L\u2019Or\u00e9al y Est\u00e9e Lauder, se puede proporcionar un marco de referencia valioso para los dise\u00f1adores de branding podr\u00e1n aplicar estos conocimientos al momento de crear y desarrollar identidades corporativas en el \u00e1rea cosm\u00e9tica, asegurando que las nuevas marcas no solo se diferencien en t\u00e9rminos de producto, sino que tambi\u00e9n establezcan una presencia s\u00f3lida y coherente en el mercado. En \u00faltima instancia, una identidad corporativa bien definida y ejecutada puede ser el factor decisivo que impulse a una marca cosm\u00e9tica hacia el \u00e9xito y la preferencia del consumidor en un entorno altamente competitivo.<\/span><\/p>\n<p>[\/et_pb_text][\/et_pb_column][\/et_pb_row][\/et_pb_section][et_pb_section fb_built=\u00bb1&#8243; admin_label=\u00bbGallery\u00bb _builder_version=\u00bb4.19.1&#8243; _module_preset=\u00bbdefault\u00bb min_height=\u00bb1308px\u00bb custom_padding=\u00bb||231px|||\u00bb collapsed=\u00bbon\u00bb global_colors_info=\u00bb{}\u00bb][et_pb_row column_structure=\u00bb1_2,1_2&#8243; use_custom_gutter=\u00bbon\u00bb gutter_width=\u00bb2&#8243; _builder_version=\u00bb4.24.2&#8243; _module_preset=\u00bbdefault\u00bb transform_scale=\u00bb96%|96%\u00bb transform_translate=\u00bb0px|300px\u00bb transform_translate_linked=\u00bboff\u00bb width=\u00bb95%\u00bb max_width=\u00bbnone\u00bb min_height=\u00bb1045px\u00bb custom_margin=\u00bb|auto|52px|auto||\u00bb custom_padding=\u00bb||0px|||\u00bb global_colors_info=\u00bb{}\u00bb][et_pb_column type=\u00bb1_2&#8243; _builder_version=\u00bb4.19.1&#8243; _module_preset=\u00bbdefault\u00bb global_colors_info=\u00bb{}\u00bb][et_pb_text _builder_version=\u00bb4.24.2&#8243; _module_preset=\u00bbdefault\u00bb transform_translate=\u00bb17px|319px\u00bb hover_enabled=\u00bb0&#8243; global_colors_info=\u00bb{}\u00bb text_font=\u00bb||||||||\u00bb text_font_size=\u00bb17px\u00bb transform_translate_linked=\u00bboff\u00bb sticky_enabled=\u00bb0&#8243; text_text_color=\u00bb#FFFFFF\u00bb]<\/p>\n<div>\n<div style=\"text-align: left\">\n<p style=\"font-weight: 400\"><span lang=\"ES\"><strong>Objetivo general<\/strong><\/span><\/p>\n<\/div>\n<div style=\"text-align: left\"><span lang=\"ES\">Identificar los factores comunes en las identidades corporativas de las marcas l\u00edderes en la industria cosm\u00e9tica.<\/span><\/div>\n<div><\/div>\n<\/div>\n<div><\/div>\n<p>[\/et_pb_text][et_pb_text _builder_version=\u00bb4.24.2&#8243; _module_preset=\u00bbdefault\u00bb transform_translate=\u00bb17px|319px\u00bb hover_enabled=\u00bb0&#8243; global_colors_info=\u00bb{}\u00bb text_font=\u00bb||||||||\u00bb text_font_size=\u00bb17px\u00bb transform_translate_linked=\u00bboff\u00bb sticky_enabled=\u00bb0&#8243; text_text_color=\u00bb#FFFFFF\u00bb]<\/p>\n<div>\n<div style=\"text-align: left\">\n<p style=\"font-weight: 400\"><span lang=\"ES\"><strong>Objetivo general<\/strong><\/span><\/p>\n<\/div>\n<div style=\"text-align: left\"><span lang=\"ES\">Identificar los factores comunes en las identidades corporativas de las marcas l\u00edderes en la industria cosm\u00e9tica.<\/span><\/div>\n<div><\/div>\n<\/div>\n<div><\/div>\n<p>[\/et_pb_text][et_pb_text _builder_version=\u00bb4.24.2&#8243; _module_preset=\u00bbdefault\u00bb transform_translate=\u00bb17px|319px\u00bb hover_enabled=\u00bb0&#8243; global_colors_info=\u00bb{}\u00bb text_font=\u00bb||||||||\u00bb text_font_size=\u00bb17px\u00bb transform_translate_linked=\u00bboff\u00bb sticky_enabled=\u00bb0&#8243;]<\/p>\n<div>\n<div style=\"text-align: left\">\n<p style=\"font-weight: 400\"><span lang=\"ES\"><strong>Objetivo general<\/strong><\/span><\/p>\n<\/div>\n<div style=\"text-align: left\"><span lang=\"ES\">Identificar los factores comunes en las identidades corporativas de las marcas l\u00edderes en la industria cosm\u00e9tica.<\/span><\/div>\n<div><\/div>\n<\/div>\n<div><\/div>\n<p>[\/et_pb_text][\/et_pb_column][et_pb_column type=\u00bb1_2&#8243; _builder_version=\u00bb4.19.1&#8243; _module_preset=\u00bbdefault\u00bb global_colors_info=\u00bb{}\u00bb][et_pb_text _builder_version=\u00bb4.24.2&#8243; _module_preset=\u00bbdefault\u00bb text_font=\u00bbGeorama|600|||||||\u00bb text_text_color=\u00bb#000000&#8243; text_font_size=\u00bb25px\u00bb transform_translate=\u00bb-152px|-173px\u00bb hover_enabled=\u00bb0&#8243; global_colors_info=\u00bb{}\u00bb transform_translate_linked=\u00bboff\u00bb sticky_enabled=\u00bb0&#8243;]<\/p>\n<p>PREGUNTA DE INVESTIGACION<\/p>\n<p>[\/et_pb_text][et_pb_text _builder_version=\u00bb4.24.2&#8243; _module_preset=\u00bbdefault\u00bb transform_translate=\u00bb-301px|-138px\u00bb custom_margin=\u00bb|-34px||||\u00bb custom_padding=\u00bb|0px||0px||\u00bb hover_enabled=\u00bb0&#8243; global_colors_info=\u00bb{}\u00bb sticky_enabled=\u00bb0&#8243; transform_translate_linked=\u00bboff\u00bb]<\/p>\n<div style=\"text-align: center\"><span lang=\"ES\">\u00bfCu\u00e1les son los factores comunes en las identidades corporativas de las marcas l\u00edderes en cosm\u00e9tica que las consolidan como referentes de confianza y prestigio?<\/span><\/div>\n<div><\/div>\n<p>[\/et_pb_text][et_pb_text _builder_version=\u00bb4.24.2&#8243; _module_preset=\u00bbdefault\u00bb transform_translate_linked=\u00bboff\u00bb transform_translate=\u00bb-300px|-138px\u00bb hover_enabled=\u00bb0&#8243; sticky_enabled=\u00bb0&#8243;]<\/p>\n<p style=\"font-weight: 400;text-align: center\">En un mercado tan competitivo como el de la cosm\u00e9tica, construir una identidad corporativa s\u00f3lida se ha convertido en algo esencial. Hoy en d\u00eda, este concepto abarca mucho m\u00e1s que solo un logotipo bonito. Incluye desde la narrativa de la marca y sus valores hasta la experiencia que ofrece al cliente en cada interacci\u00f3n (Kotler &amp; Keller, 2012). Las marcas que logran integrar estos elementos de forma efectiva suelen ser las que mejor conectan con sus consumidores y destacan frente a la competencia.<span> Una de las tendencias m\u00e1s importantes actualmente es la apuesta por dise\u00f1os que transmitan naturalidad y autenticidad. Los consumidores parecen sentirse m\u00e1s atra\u00eddos por logotipos simples, que reflejen transparencia y honestidad. Esto tiene a\u00fan m\u00e1s peso en el \u00e1mbito de la cosm\u00e9tica, donde los valores de sostenibilidad y cuidado del medio ambiente est\u00e1n en el centro de muchas decisiones de compra. Seg\u00fan Machado et al. (2019), marcas como L\u2019Or\u00e9al han redise\u00f1ado su identidad visual para alinearse con estas expectativas, mostrando un compromiso con la belleza natural y sostenible.<\/span><\/p>\n<p style=\"font-weight: 400;text-align: center\">Otro tema relevante es la sostenibilidad. Seg\u00fan Nielsen (2020), las marcas que demuestran responsabilidad ambiental suelen ser preferidas por los consumidores actuales, especialmente en el sector de la cosm\u00e9tica. Est\u00e9e Lauder y L\u2019Or\u00e9al han incorporado pr\u00e1cticas sostenibles en sus procesos y productos, logrando destacarse frente a otras empresas.<\/p>\n<p>[\/et_pb_text][et_pb_text _builder_version=\u00bb4.24.2&#8243; _module_preset=\u00bbdefault\u00bb transform_translate=\u00bb38px|-4px\u00bb hover_enabled=\u00bb0&#8243; global_colors_info=\u00bb{}\u00bb sticky_enabled=\u00bb0&#8243; transform_translate_linked=\u00bboff\u00bb text_font_size=\u00bb16px\u00bb]<\/p>\n<p style=\"font-weight: 400\"><strong><span>Objetivos espec\u00edficos<\/span><\/strong><\/p>\n<p style=\"font-weight: 400\"><span>Identificar los elementos clave de una identidad.<\/span><\/p>\n<p style=\"font-weight: 400\"><span>Analizar la relaci\u00f3n entre la identidad corporativa y la percepci\u00f3n de los consumidores.<\/span><\/p>\n<p style=\"font-weight: 400\"><span>Analizar los elementos visuales y comunicativos que caracterizan las identidades corporativas de las marcas l\u00edderes.<\/span><\/p>\n<p style=\"font-weight: 400\"><span>\u00a0\u00a0\u00a0\u00a0\u00a0\u00a0 Examinar los elementos visuales y comunicacionales que conforman la identidad corporativa \u00a0\u00a0\u00a0\u00a0\u00a0de las marcas l\u00edderes en cosm\u00e9tica.<\/span><\/p>\n<p>[\/et_pb_text][\/et_pb_column][\/et_pb_row][\/et_pb_section]<\/p>\n","protected":false},"excerpt":{"rendered":"<p>PLANTEAMIENTOEn la industria cosm\u00e9tica, la identidad corporativa juega un papel fundamental en la construcci\u00f3n de marcas l\u00edderes y su capacidad para captar la lealtad del consumidor. Dado el alto nivel de competencia en este sector, las empresas deben diferenciarse no solo a trav\u00e9s de la calidad de sus productos, sino tambi\u00e9n mediante una identidad corporativa [&hellip;]<\/p>\n","protected":false},"author":53,"featured_media":0,"parent":0,"menu_order":7,"comment_status":"closed","ping_status":"closed","template":"","meta":{"_et_pb_use_builder":"on","_et_pb_old_content":"<!-- wp:divi\/placeholder \/-->","_et_gb_content_width":"","inline_featured_image":false,"footnotes":""},"_links":{"self":[{"href":"https:\/\/dcv.artcom.mx\/pda\/1200157\/wp-json\/wp\/v2\/pages\/17"}],"collection":[{"href":"https:\/\/dcv.artcom.mx\/pda\/1200157\/wp-json\/wp\/v2\/pages"}],"about":[{"href":"https:\/\/dcv.artcom.mx\/pda\/1200157\/wp-json\/wp\/v2\/types\/page"}],"author":[{"embeddable":true,"href":"https:\/\/dcv.artcom.mx\/pda\/1200157\/wp-json\/wp\/v2\/users\/53"}],"replies":[{"embeddable":true,"href":"https:\/\/dcv.artcom.mx\/pda\/1200157\/wp-json\/wp\/v2\/comments?post=17"}],"version-history":[{"count":5,"href":"https:\/\/dcv.artcom.mx\/pda\/1200157\/wp-json\/wp\/v2\/pages\/17\/revisions"}],"predecessor-version":[{"id":911,"href":"https:\/\/dcv.artcom.mx\/pda\/1200157\/wp-json\/wp\/v2\/pages\/17\/revisions\/911"}],"wp:attachment":[{"href":"https:\/\/dcv.artcom.mx\/pda\/1200157\/wp-json\/wp\/v2\/media?parent=17"}],"curies":[{"name":"wp","href":"https:\/\/api.w.org\/{rel}","templated":true}]}}