{"id":9,"date":"2020-03-03T22:18:20","date_gmt":"2020-03-04T04:18:20","guid":{"rendered":"http:\/\/pdadcv.artcom.mx\/portafolio-demo\/?page_id=9"},"modified":"2023-05-03T17:00:15","modified_gmt":"2023-05-03T17:00:15","slug":"mi-ple","status":"publish","type":"page","link":"https:\/\/dcv.artcom.mx\/pda\/1190657\/mi-ple\/","title":{"rendered":"Mi PLE"},"content":{"rendered":"<p>[et_pb_section fb_built=\u00bb1&#8243; fullwidth=\u00bbon\u00bb _builder_version=\u00bb4.16&#8243; _module_preset=\u00bbdefault\u00bb global_colors_info=\u00bb{}\u00bb][et_pb_fullwidth_header title=\u00bbMi PLE\u00bb _builder_version=\u00bb4.16&#8243; _module_preset=\u00bbdefault\u00bb title_text_color=\u00bb#0A0A0A\u00bb global_colors_info=\u00bb{}\u00bb][\/et_pb_fullwidth_header][\/et_pb_section][et_pb_section fb_built=\u00bb1&#8243; _builder_version=\u00bb4.16&#8243; _module_preset=\u00bbdefault\u00bb background_color=\u00bb#0F4AFC\u00bb custom_padding=\u00bb4px||4px|||\u00bb global_colors_info=\u00bb{}\u00bb][et_pb_row _builder_version=\u00bb4.16&#8243; _module_preset=\u00bbdefault\u00bb global_colors_info=\u00bb{}\u00bb][et_pb_column type=\u00bb4_4&#8243; _builder_version=\u00bb4.16&#8243; _module_preset=\u00bbdefault\u00bb global_colors_info=\u00bb{}\u00bb][et_pb_text _builder_version=\u00bb4.16&#8243; _module_preset=\u00bbdefault\u00bb global_colors_info=\u00bb{}\u00bb]<\/p>\n<h2><span style=\"color: #fafafa\">Inspiraci\u00f3n<\/span><\/h2>\n<p>[\/et_pb_text][\/et_pb_column][\/et_pb_row][\/et_pb_section][et_pb_section fb_built=\u00bb1&#8243; fullwidth=\u00bbon\u00bb _builder_version=\u00bb4.16&#8243; _module_preset=\u00bbdefault\u00bb background_color=\u00bb#0A0A0A\u00bb global_colors_info=\u00bb{}\u00bb][et_pb_fullwidth_slider _builder_version=\u00bb4.20.4&#8243; _module_preset=\u00bbdefault\u00bb background_color=\u00bbRGBA(255,255,255,0)\u00bb custom_padding=\u00bb28px|||||\u00bb hover_enabled=\u00bb0&#8243; global_colors_info=\u00bb{}\u00bb sticky_enabled=\u00bb0&#8243;][et_pb_slide heading=\u00bbEye on Design\u00bb button_text=\u00bbSitio\u00bb button_link=\u00bbhttps:\/\/eyeondesign.aiga.org\/\u00bb url_new_window=\u00bbon\u00bb image=\u00bbhttp:\/\/dcv.artcom.mx\/pda\/1190657\/wp-content\/uploads\/sites\/3\/2022\/04\/AIGA_LOGO_1200X800-13.png\u00bb _builder_version=\u00bb4.20.4&#8243; _module_preset=\u00bbdefault\u00bb custom_button=\u00bbon\u00bb button_text_color=\u00bb#0F4AFC\u00bb global_colors_info=\u00bb{}\u00bb sticky_transition=\u00bbon\u00bb]<\/p>\n<p style=\"text-align: left\"><span class=\"color_15\" style=\"color: #ffffff\">Eye on Design tiene muchos art\u00edculos sobre el dise\u00f1o. Todos los d\u00edas se est\u00e1n publicando un tema de dise\u00f1o aplicado en distintas areas.<\/span><\/p>\n<p>[\/et_pb_slide][et_pb_slide heading=\u00bbCreative Boom\u00bb button_text=\u00bbSitio\u00bb button_link=\u00bbhttps:\/\/www.creativeboom.com\/\u00bb url_new_window=\u00bbon\u00bb image=\u00bbhttp:\/\/dcv.artcom.mx\/pda\/1190657\/wp-content\/uploads\/sites\/3\/2023\/03\/Creative-Boom-is-a-UK-based-online-magazine-dedicated-to-designers-illustrators-artists-and-photographers.jpeg\u00bb _builder_version=\u00bb4.20.4&#8243; _module_preset=\u00bbdefault\u00bb custom_button=\u00bbon\u00bb button_text_color=\u00bb#0F4AFC\u00bb global_colors_info=\u00bb{}\u00bb sticky_transition=\u00bbon\u00bb]<\/p>\n<p style=\"text-align: left\"><span class=\"color_15\" style=\"color: #ffffff\">Proporciona art\u00edculos de lo m\u00e1s actual en el dise\u00f1o; acompa\u00f1ado de consejos, recursos e inspiraci\u00f3n para cualquier proyecto.<\/span><\/p>\n<p>[\/et_pb_slide][et_pb_slide heading=\u00bbIt&#8217;s Nice That\u00bb button_text=\u00bbSitio\u00bb button_link=\u00bbhttps:\/\/www.itsnicethat.com\/\u00bb url_new_window=\u00bbon\u00bb image=\u00bbhttp:\/\/dcv.artcom.mx\/pda\/1190657\/wp-content\/uploads\/sites\/3\/2023\/03\/INT-1007&#215;1106-1.png\u00bb _builder_version=\u00bb4.20.4&#8243; _module_preset=\u00bbdefault\u00bb custom_button=\u00bbon\u00bb button_text_color=\u00bb#0F4AFC\u00bb global_colors_info=\u00bb{}\u00bb sticky_transition=\u00bbon\u00bb]<\/p>\n<p style=\"text-align: left\">Art\u00edculos para inspirar la creatividad, It&#8217;s Nice That tiene contenido para cualquier disciplina creativa.\u00a0<\/p>\n<p>[\/et_pb_slide][et_pb_slide heading=\u00bbMedium\u00bb button_text=\u00bbSitio\u00bb button_link=\u00bbhttps:\/\/medium.com\/\u00bb image=\u00bbhttp:\/\/dcv.artcom.mx\/pda\/1190657\/wp-content\/uploads\/sites\/3\/2023\/03\/unnamed.png\u00bb _builder_version=\u00bb4.20.4&#8243; _module_preset=\u00bbdefault\u00bb custom_button=\u00bbon\u00bb button_text_color=\u00bb#0F4AFC\u00bb hover_enabled=\u00bb0&#8243; global_colors_info=\u00bb{}\u00bb sticky_transition=\u00bbon\u00bb url_new_window=\u00bbon\u00bb sticky_enabled=\u00bb0&#8243;]<\/p>\n<p style=\"text-align: left\">Un sitio para encontrar ideas de expertos y voces creativas para formar un pensamiento dinamico y conocer m\u00e1s del mundo.<\/p>\n<p>[\/et_pb_slide][et_pb_slide heading=\u00bbSpotify\u00bb button_text=\u00bbSitio\u00bb image=\u00bbhttp:\/\/dcv.artcom.mx\/pda\/1190657\/wp-content\/uploads\/sites\/3\/2022\/04\/800px-Spotify_logo_without_text.svg.png\u00bb _builder_version=\u00bb4.20.4&#8243; _module_preset=\u00bbdefault\u00bb custom_button=\u00bbon\u00bb button_text_color=\u00bb#0F4AFC\u00bb hover_enabled=\u00bb0&#8243; global_colors_info=\u00bb{}\u00bb sticky_transition=\u00bbon\u00bb button_link=\u00bbhttps:\/\/open.spotify.com\/\u00bb url_new_window=\u00bbon\u00bb sticky_enabled=\u00bb0&#8243;]<\/p>\n<p style=\"text-align: left\"><span class=\"color_15\">En Spotify se puede encontrar varios Podcasts de dise\u00f1o y artes en ingles y espa\u00f1ol. Les dejo una lista de los que escucho:<\/span><\/p>\n<p style=\"text-align: left\"><a href=\"https:\/\/open.spotify.com\/show\/0kzemyI4McfKExE9z4Pdnd\" target=\"_blank\" rel=\"noopener\">Creative Boom Podcast<\/a><span class=\"color_15\"><\/span><\/p>\n<p style=\"text-align: left\"><a href=\"https:\/\/open.spotify.com\/show\/42ZoQYfuyoFBB2RmkON6FV\" target=\"_blank\" rel=\"noopener\">It&#8217;s Nice That Podcast<\/a><\/p>\n<p style=\"text-align: left\"><a href=\"https:\/\/open.spotify.com\/show\/1FWgW64mpHnQYkZi8Ui2nw\" target=\"_blank\" rel=\"noopener\">Five on Design<\/a><\/p>\n<p style=\"text-align: left\"><a href=\"https:\/\/open.spotify.com\/show\/59RliaMdeDAkEgp9nj1Mkj\" target=\"_blank\" rel=\"noopener\">Design Better Podcast<\/a><\/p>\n<p style=\"text-align: left\"><a href=\"https:\/\/open.spotify.com\/show\/3TVq5fuaZPSzlD84bk3Oqj\" target=\"_blank\" rel=\"noopener\">The Second Studio<\/a><\/p>\n<p style=\"text-align: left\"><span class=\"color_15\"><\/span><\/p>\n<p>[\/et_pb_slide][et_pb_slide heading=\u00bbYoutube\u00bb button_text=\u00bbSitio\u00bb image=\u00bbhttp:\/\/dcv.artcom.mx\/pda\/1190657\/wp-content\/uploads\/sites\/3\/2022\/04\/youtube-logo-hd-8.png\u00bb _builder_version=\u00bb4.20.4&#8243; _module_preset=\u00bbdefault\u00bb custom_button=\u00bbon\u00bb button_text_color=\u00bb#0F4AFC\u00bb hover_enabled=\u00bb0&#8243; global_colors_info=\u00bb{}\u00bb sticky_transition=\u00bbon\u00bb button_link=\u00bbhttps:\/\/www.youtube.com\/\u00bb url_new_window=\u00bbon\u00bb sticky_enabled=\u00bb0&#8243;]<\/p>\n<p style=\"text-align: left\"><span class=\"color_15\" style=\"color: #ffffff\">En YouTube se puede encontrar videos sobre el dise\u00f1o y muchos dise\u00f1adores que comparten su conocimiento. Les dejo una lista de las cuentas que sigo:<\/span><\/p>\n<p style=\"text-align: left\"><a href=\"https:\/\/www.youtube.com\/@TEDx\/featured\" target=\"_blank\" rel=\"noopener\">Ted Talk<\/a><span class=\"color_15\" style=\"color: #ffffff\"><\/span><\/p>\n<p style=\"text-align: left\"><a href=\"https:\/\/www.youtube.com\/@Vox\" target=\"_blank\" rel=\"noopener\">Vox<\/a><\/p>\n<p style=\"text-align: left\"><a href=\"https:\/\/www.youtube.com\/@WIRED\" target=\"_blank\" rel=\"noopener\">Wired<\/a><\/p>\n<p style=\"text-align: left\"><a href=\"https:\/\/www.youtube.com\/@envatotuts\" target=\"_blank\" rel=\"noopener\">Envato Tuts+<\/a><\/p>\n<p style=\"text-align: left\"><span class=\"color_15\" style=\"color: #ffffff\"><\/span><\/p>\n<p>[\/et_pb_slide][et_pb_slide heading=\u00bbInstagram\u00bb button_text=\u00bbSitio\u00bb image=\u00bbhttp:\/\/dcv.artcom.mx\/pda\/1190657\/wp-content\/uploads\/sites\/3\/2022\/04\/800px-Instagram-Icon.png\u00bb _builder_version=\u00bb4.20.4&#8243; _module_preset=\u00bbdefault\u00bb custom_button=\u00bbon\u00bb button_text_color=\u00bb#0F4AFC\u00bb hover_enabled=\u00bb0&#8243; global_colors_info=\u00bb{}\u00bb sticky_transition=\u00bbon\u00bb sticky_enabled=\u00bb0&#8243;]<\/p>\n<p style=\"text-align: left\">Una plataforma popular para publicar contenido, en Instagram encuentro trabajos de dise\u00f1adores, recursos nuevos, peque\u00f1os tutorial\u00e9s y mas. Le comparto algunas cuentas que sigo:<\/p>\n<p style=\"text-align: left\"><a href=\"https:\/\/instagram.com\/prospect100?igshid=YmMyMTA2M2Y=\" target=\"_blank\" rel=\"noopener\">PROSPECT 100<\/a><\/p>\n<p style=\"text-align: left\"><a href=\"https:\/\/instagram.com\/bigbeardamian?igshid=YmMyMTA2M2Y=\" target=\"_blank\" rel=\"noopener\">Damian Orellana<\/a><\/p>\n<p style=\"text-align: left\"><a href=\"https:\/\/instagram.com\/boringfriends?igshid=YmMyMTA2M2Y=\" target=\"_blank\" rel=\"noopener\">boringfriends<\/a><\/p>\n<p style=\"text-align: left\"><a href=\"https:\/\/instagram.com\/andwalsh?igshid=YmMyMTA2M2Y=\" target=\"_blank\" rel=\"noopener\">&amp;Walsh<\/a><\/p>\n<p style=\"text-align: left\"><a href=\"https:\/\/instagram.com\/made.by.james?igshid=YmMyMTA2M2Y=\" target=\"_blank\" rel=\"noopener\">James Martin<\/a><\/p>\n<p style=\"text-align: left\"><a href=\"https:\/\/instagram.com\/callumscreativeclub?igshid=YmMyMTA2M2Y=\" target=\"_blank\" rel=\"noopener\">callumscreativeclub<\/a><\/p>\n<p style=\"text-align: left\"><a href=\"https:\/\/instagram.com\/type01_?igshid=YmMyMTA2M2Y=\" target=\"_blank\" rel=\"noopener\">type_01<\/a><\/p>\n<p style=\"text-align: left\">[\/et_pb_slide][et_pb_slide heading=\u00bbBehance\u00bb button_text=\u00bbSitio\u00bb image=\u00bbhttp:\/\/dcv.artcom.mx\/pda\/1190657\/wp-content\/uploads\/sites\/3\/2023\/03\/Behance-Logo.png\u00bb _builder_version=\u00bb4.20.4&#8243; _module_preset=\u00bbdefault\u00bb custom_button=\u00bbon\u00bb button_text_color=\u00bb#0F4AFC\u00bb hover_enabled=\u00bb0&#8243; global_colors_info=\u00bb{}\u00bb sticky_transition=\u00bbon\u00bb button_link=\u00bbhttps:\/\/www.behance.net\/\u00bb sticky_enabled=\u00bb0&#8243; url_new_window=\u00bbon\u00bb]<\/p>\n<p style=\"text-align: left\">Para trabajos profesionales y acceso a portafolios, Behance es una recurso en donde puedo crear moodboards de trabajo para mis proyectos.<\/p>\n<p>[\/et_pb_slide][et_pb_slide heading=\u00bbDribbble\u00bb button_text=\u00bbSitio\u00bb image=\u00bbhttp:\/\/dcv.artcom.mx\/pda\/1190657\/wp-content\/uploads\/sites\/3\/2023\/03\/dribbble-icon-1-logo-png-transparent.png\u00bb _builder_version=\u00bb4.20.4&#8243; _module_preset=\u00bbdefault\u00bb custom_button=\u00bbon\u00bb button_text_color=\u00bb#0F4AFC\u00bb hover_enabled=\u00bb0&#8243; global_colors_info=\u00bb{}\u00bb sticky_transition=\u00bbon\u00bb button_link=\u00bbhttps:\/\/dribbble.com\/\u00bb url_new_window=\u00bbon\u00bb sticky_enabled=\u00bb0&#8243;]<\/p>\n<p style=\"text-align: left\">Un sitio de portafolios profesionales de dise\u00f1adores y agencias de dise\u00f1o de todo el mundo.\u00a0<\/p>\n<p>[\/et_pb_slide][\/et_pb_fullwidth_slider][\/et_pb_section][et_pb_section fb_built=\u00bb1&#8243; _builder_version=\u00bb4.16&#8243; _module_preset=\u00bbdefault\u00bb background_color=\u00bb#0F4AFC\u00bb custom_padding=\u00bb4px||4px|||\u00bb global_colors_info=\u00bb{}\u00bb][et_pb_row _builder_version=\u00bb4.16&#8243; _module_preset=\u00bbdefault\u00bb global_colors_info=\u00bb{}\u00bb][et_pb_column type=\u00bb4_4&#8243; _builder_version=\u00bb4.16&#8243; _module_preset=\u00bbdefault\u00bb global_colors_info=\u00bb{}\u00bb][et_pb_text _builder_version=\u00bb4.16&#8243; _module_preset=\u00bbdefault\u00bb global_colors_info=\u00bb{}\u00bb]<\/p>\n<h2><span style=\"color: #fafafa\">Producci\u00f3n<\/span><\/h2>\n<p>[\/et_pb_text][\/et_pb_column][\/et_pb_row][\/et_pb_section][et_pb_section fb_built=\u00bb1&#8243; fullwidth=\u00bbon\u00bb _builder_version=\u00bb4.16&#8243; _module_preset=\u00bbdefault\u00bb background_color=\u00bb#0A0A0A\u00bb global_colors_info=\u00bb{}\u00bb][et_pb_fullwidth_slider _builder_version=\u00bb4.16&#8243; _module_preset=\u00bbdefault\u00bb background_color=\u00bbRGBA(255,255,255,0)\u00bb custom_padding=\u00bb28px|||||\u00bb global_colors_info=\u00bb{}\u00bb][et_pb_slide heading=\u00bbIllustrator\u00bb image=\u00bbhttp:\/\/dcv.artcom.mx\/pda\/1190657\/wp-content\/uploads\/sites\/3\/2022\/04\/adobe-Illustrator-logo-1-1.png\u00bb _builder_version=\u00bb4.16&#8243; _module_preset=\u00bbdefault\u00bb custom_button=\u00bbon\u00bb button_text_color=\u00bb#0F4AFC\u00bb global_colors_info=\u00bb{}\u00bb sticky_transition=\u00bbon\u00bb]<\/p>\n<p style=\"text-align: left\">A trav\u00e9s de Illustrator puedo crear ilustraciones detalladas y elementos gr\u00e1ficos.<\/p>\n<p>[\/et_pb_slide][et_pb_slide heading=\u00bbPhotoshop\u00bb url_new_window=\u00bbon\u00bb image=\u00bbhttp:\/\/dcv.artcom.mx\/pda\/1190657\/wp-content\/uploads\/sites\/3\/2022\/04\/adobe-photoshop-logo-2.png\u00bb _builder_version=\u00bb4.16&#8243; _module_preset=\u00bbdefault\u00bb custom_button=\u00bbon\u00bb button_text_color=\u00bb#0F4AFC\u00bb global_colors_info=\u00bb{}\u00bb sticky_transition=\u00bbon\u00bb]<\/p>\n<p style=\"text-align: left\"><span class=\"color_15\">Con photoshop puedo crear perspectivas, collages, y editar imag\u00e9nes para proyectos.<\/span><\/p>\n<p>[\/et_pb_slide][et_pb_slide heading=\u00bbLightroom\u00bb image=\u00bbhttp:\/\/dcv.artcom.mx\/pda\/1190657\/wp-content\/uploads\/sites\/3\/2022\/04\/LIGHTROOM-logo-2021.png\u00bb _builder_version=\u00bb4.16&#8243; _module_preset=\u00bbdefault\u00bb custom_button=\u00bbon\u00bb button_text_color=\u00bb#0F4AFC\u00bb global_colors_info=\u00bb{}\u00bb sticky_transition=\u00bbon\u00bb]<\/p>\n<p style=\"text-align: left\">Usando Lightroom puedo editar fotos para comunicar un mensaje unic\u00f3 en ellos.<\/p>\n<p>[\/et_pb_slide][et_pb_slide heading=\u00bbInDesign\u00bb image=\u00bbhttp:\/\/dcv.artcom.mx\/pda\/1190657\/wp-content\/uploads\/sites\/3\/2023\/03\/Adobe-InDesign-Logo.png\u00bb _builder_version=\u00bb4.16&#8243; _module_preset=\u00bbdefault\u00bb global_colors_info=\u00bb{}\u00bb sticky_transition=\u00bbon\u00bb]<\/p>\n<p style=\"text-align: left\">Con InDesign creamos contenido editorial para ambos medios impresos y digitales.<\/p>\n<p>[\/et_pb_slide][et_pb_slide heading=\u00bbCanva\u00bb image=\u00bbhttp:\/\/dcv.artcom.mx\/pda\/1190657\/wp-content\/uploads\/sites\/3\/2023\/03\/Canva-New-Logo.png\u00bb _builder_version=\u00bb4.16&#8243; _module_preset=\u00bbdefault\u00bb global_colors_info=\u00bb{}\u00bb sticky_transition=\u00bbon\u00bb]<\/p>\n<p><span class=\"color_15\" style=\"color: #fafafa\">Usando Canva se crean presentaciones para exponer asignaciones y investigaciones que e realizado en diferentes materias.<\/span><\/p>\n<p>[\/et_pb_slide][et_pb_slide heading=\u00bbBlender\u00bb image=\u00bbhttp:\/\/dcv.artcom.mx\/pda\/1190657\/wp-content\/uploads\/sites\/3\/2023\/03\/Blender_logo_no_text.svg.png\u00bb _builder_version=\u00bb4.16&#8243; _module_preset=\u00bbdefault\u00bb global_colors_info=\u00bb{}\u00bb sticky_transition=\u00bbon\u00bb]<\/p>\n<p style=\"text-align: left\">Con Blender se crean piezas tridimensionales lo cual tuvo un aporte en el proyecto integrador del sexto semestre.<\/p>\n<p>[\/et_pb_slide][et_pb_slide heading=\u00bbNotion\u00bb image=\u00bbhttp:\/\/dcv.artcom.mx\/pda\/1190657\/wp-content\/uploads\/sites\/3\/2023\/03\/Notion_app_logo.png\u00bb _builder_version=\u00bb4.16&#8243; _module_preset=\u00bbdefault\u00bb global_colors_info=\u00bb{}\u00bb sticky_transition=\u00bbon\u00bb]<\/p>\n<p style=\"text-align: left\">Una herramienta para tomar notas y gestionar mis proyectos. Este software se utilizo todos los d\u00edas.<\/p>\n<p>[\/et_pb_slide][\/et_pb_fullwidth_slider][\/et_pb_section][et_pb_section fb_built=\u00bb1&#8243; _builder_version=\u00bb4.16&#8243; _module_preset=\u00bbdefault\u00bb background_color=\u00bb#0F4AFC\u00bb custom_padding=\u00bb4px||4px|||\u00bb global_colors_info=\u00bb{}\u00bb][et_pb_row _builder_version=\u00bb4.16&#8243; _module_preset=\u00bbdefault\u00bb global_colors_info=\u00bb{}\u00bb][et_pb_column type=\u00bb4_4&#8243; _builder_version=\u00bb4.16&#8243; _module_preset=\u00bbdefault\u00bb global_colors_info=\u00bb{}\u00bb][et_pb_text _builder_version=\u00bb4.16&#8243; _module_preset=\u00bbdefault\u00bb global_colors_info=\u00bb{}\u00bb]<\/p>\n<h2><span style=\"color: #fafafa\">Divulgaci\u00f3n<\/span><\/h2>\n<p>[\/et_pb_text][\/et_pb_column][\/et_pb_row][\/et_pb_section][et_pb_section fb_built=\u00bb1&#8243; fullwidth=\u00bbon\u00bb _builder_version=\u00bb4.16&#8243; _module_preset=\u00bbdefault\u00bb background_color=\u00bb#0A0A0A\u00bb global_colors_info=\u00bb{}\u00bb][et_pb_fullwidth_slider _builder_version=\u00bb4.20.4&#8243; _module_preset=\u00bbdefault\u00bb background_color=\u00bbRGBA(255,255,255,0)\u00bb custom_padding=\u00bb28px|||||\u00bb hover_enabled=\u00bb0&#8243; global_colors_info=\u00bb{}\u00bb sticky_enabled=\u00bb0&#8243;][et_pb_slide heading=\u00bbWordPress\u00bb button_text=\u00bbProyectos Acad\u00e9micos\u00bb image=\u00bbhttp:\/\/dcv.artcom.mx\/pda\/1190657\/wp-content\/uploads\/sites\/3\/2022\/04\/Wordpress_Blue_logo.png\u00bb _builder_version=\u00bb4.20.4&#8243; _module_preset=\u00bbdefault\u00bb custom_button=\u00bbon\u00bb button_text_color=\u00bb#0F4AFC\u00bb hover_enabled=\u00bb0&#8243; global_colors_info=\u00bb{}\u00bb sticky_transition=\u00bbon\u00bb button_link=\u00bbhttps:\/\/dcv.artcom.mx\/pda\/1190657\/evidencias\/proyectos-academicos_03\/\u00bb sticky_enabled=\u00bb0&#8243;]<\/p>\n<p style=\"text-align: left\"><span style=\"color: #ffffff\">A trav\u00e9s de este sitio web puedo compartir mis trabajos de los semestres; cada trabajo con una descripci\u00f3n de lo que aprendi.<\/span><\/p>\n<p>[\/et_pb_slide][et_pb_slide heading=\u00bbInstagram\u00bb button_text=\u00bbdamaris.escalante_\u00bb url_new_window=\u00bbon\u00bb image=\u00bbhttp:\/\/dcv.artcom.mx\/pda\/1190657\/wp-content\/uploads\/sites\/3\/2022\/04\/800px-Instagram-Icon.png\u00bb _builder_version=\u00bb4.20.4&#8243; _module_preset=\u00bbdefault\u00bb custom_button=\u00bbon\u00bb button_text_color=\u00bb#0F4AFC\u00bb hover_enabled=\u00bb0&#8243; global_colors_info=\u00bb{}\u00bb sticky_transition=\u00bbon\u00bb button_link=\u00bbhttps:\/\/instagram.com\/damaris.escalante_?igshid=YmMyMTA2M2Y=\u00bb sticky_enabled=\u00bb0&#8243;]<\/p>\n<p style=\"text-align: left\"><span class=\"color_15\" style=\"color: #ffffff\">Por las redes sociales puedo subir photos de mis trabajos, cosas que e aprendido, hallazgos valiosos, incluso dise\u00f1os inspiradores o innovadores.<\/span><\/p>\n<p>[\/et_pb_slide][\/et_pb_fullwidth_slider][\/et_pb_section]<\/p>\n","protected":false},"excerpt":{"rendered":"<p>Inspiraci\u00f3nEye on Design tiene muchos art\u00edculos sobre el dise\u00f1o. Todos los d\u00edas se est\u00e1n publicando un tema de dise\u00f1o aplicado en distintas areas.Proporciona art\u00edculos de lo m\u00e1s actual en el dise\u00f1o; acompa\u00f1ado de consejos, recursos e inspiraci\u00f3n para cualquier proyecto.Art\u00edculos para inspirar la creatividad, It&#8217;s Nice That tiene contenido para cualquier disciplina creativa.\u00a0Un sitio para [&hellip;]<\/p>\n","protected":false},"author":7,"featured_media":0,"parent":0,"menu_order":4,"comment_status":"closed","ping_status":"closed","template":"","meta":{"_et_pb_use_builder":"on","_et_pb_old_content":"","_et_gb_content_width":"","inline_featured_image":false,"footnotes":""},"_links":{"self":[{"href":"https:\/\/dcv.artcom.mx\/pda\/1190657\/wp-json\/wp\/v2\/pages\/9"}],"collection":[{"href":"https:\/\/dcv.artcom.mx\/pda\/1190657\/wp-json\/wp\/v2\/pages"}],"about":[{"href":"https:\/\/dcv.artcom.mx\/pda\/1190657\/wp-json\/wp\/v2\/types\/page"}],"author":[{"embeddable":true,"href":"https:\/\/dcv.artcom.mx\/pda\/1190657\/wp-json\/wp\/v2\/users\/7"}],"replies":[{"embeddable":true,"href":"https:\/\/dcv.artcom.mx\/pda\/1190657\/wp-json\/wp\/v2\/comments?post=9"}],"version-history":[{"count":32,"href":"https:\/\/dcv.artcom.mx\/pda\/1190657\/wp-json\/wp\/v2\/pages\/9\/revisions"}],"predecessor-version":[{"id":938,"href":"https:\/\/dcv.artcom.mx\/pda\/1190657\/wp-json\/wp\/v2\/pages\/9\/revisions\/938"}],"wp:attachment":[{"href":"https:\/\/dcv.artcom.mx\/pda\/1190657\/wp-json\/wp\/v2\/media?parent=9"}],"curies":[{"name":"wp","href":"https:\/\/api.w.org\/{rel}","templated":true}]}}