{"id":692,"date":"2023-01-29T21:26:45","date_gmt":"2023-01-29T21:26:45","guid":{"rendered":"https:\/\/dcv.artcom.mx\/pda\/1190657\/?page_id=692"},"modified":"2023-05-07T06:12:09","modified_gmt":"2023-05-07T06:12:09","slug":"actividades-eclesiasticas-y-espirituales_03","status":"publish","type":"page","link":"https:\/\/dcv.artcom.mx\/pda\/1190657\/evidencias\/actividades-eclesiasticas-y-espirituales_03\/","title":{"rendered":"Actividades eclesi\u00e1sticas y espirituales_03"},"content":{"rendered":"<p>[et_pb_section fb_built=\u00bb1&#8243; fullwidth=\u00bbon\u00bb _builder_version=\u00bb4.16&#8243; _module_preset=\u00bbdefault\u00bb global_colors_info=\u00bb{}\u00bb][et_pb_fullwidth_header title=\u00bbActividades Eclesi\u00e1sticas y Espirituales\u00bb _builder_version=\u00bb4.16&#8243; _module_preset=\u00bbdefault\u00bb title_text_color=\u00bb#0A0A0A\u00bb background_color=\u00bb#F2F2F2&#8243; global_colors_info=\u00bb{}\u00bb][\/et_pb_fullwidth_header][\/et_pb_section][et_pb_section fb_built=\u00bb1&#8243; _builder_version=\u00bb4.16&#8243; _module_preset=\u00bbdefault\u00bb global_colors_info=\u00bb{}\u00bb][et_pb_row column_structure=\u00bb3_5,2_5&#8243; _builder_version=\u00bb4.16&#8243; _module_preset=\u00bbdefault\u00bb custom_padding=\u00bb||0px|||\u00bb global_colors_info=\u00bb{}\u00bb][et_pb_column type=\u00bb3_5&#8243; _builder_version=\u00bb4.16&#8243; _module_preset=\u00bbdefault\u00bb global_colors_info=\u00bb{}\u00bb][et_pb_text _builder_version=\u00bb4.16&#8243; _module_preset=\u00bbdefault\u00bb global_colors_info=\u00bb{}\u00bb]<\/p>\n<h1><span style=\"color: #0f4afc\">Reconciliaci\u00f3n Espiritual<\/span><\/h1>\n<p>[\/et_pb_text][et_pb_text _builder_version=\u00bb4.16&#8243; _module_preset=\u00bbdefault\u00bb custom_margin=\u00bb|49px||||\u00bb global_colors_info=\u00bb{}\u00bb]<\/p>\n<p>Una noche en donde participamos en poder formar nuevamente una conexi\u00f3n con Dios mediante la oraci\u00f3n, la alabanza, una actividad d\u00ednamica y la &#8216;entrada al cielo.&#8217;<\/p>\n<p>[\/et_pb_text][\/et_pb_column][et_pb_column type=\u00bb2_5&#8243; _builder_version=\u00bb4.16&#8243; _module_preset=\u00bbdefault\u00bb global_colors_info=\u00bb{}\u00bb][et_pb_slider _builder_version=\u00bb4.16&#8243; _module_preset=\u00bbdefault\u00bb custom_padding=\u00bb|141px|0px|223px||\u00bb global_colors_info=\u00bb{}\u00bb][et_pb_slide image=\u00bbhttp:\/\/dcv.artcom.mx\/pda\/1190657\/wp-content\/uploads\/sites\/3\/2023\/03\/IMG_6871.jpg\u00bb _builder_version=\u00bb4.16&#8243; _module_preset=\u00bbdefault\u00bb global_colors_info=\u00bb{}\u00bb sticky_transition=\u00bbon\u00bb][\/et_pb_slide][et_pb_slide video_url=\u00bbhttp:\/\/dcv.artcom.mx\/pda\/1190657\/wp-content\/uploads\/sites\/3\/2023\/04\/Reconciliacio\u0301n-Espiritual_compressed.mp4&#8243; _builder_version=\u00bb4.16&#8243; _module_preset=\u00bbdefault\u00bb global_colors_info=\u00bb{}\u00bb sticky_transition=\u00bbon\u00bb][\/et_pb_slide][\/et_pb_slider][\/et_pb_column][\/et_pb_row][\/et_pb_section][et_pb_section fb_built=\u00bb1&#8243; _builder_version=\u00bb4.16&#8243; _module_preset=\u00bbdefault\u00bb global_colors_info=\u00bb{}\u00bb][et_pb_row column_structure=\u00bb3_5,2_5&#8243; _builder_version=\u00bb4.16&#8243; _module_preset=\u00bbdefault\u00bb global_colors_info=\u00bb{}\u00bb][et_pb_column type=\u00bb3_5&#8243; _builder_version=\u00bb4.16&#8243; _module_preset=\u00bbdefault\u00bb global_colors_info=\u00bb{}\u00bb][et_pb_text _builder_version=\u00bb4.16&#8243; _module_preset=\u00bbdefault\u00bb global_colors_info=\u00bb{}\u00bb]<\/p>\n<h1><span style=\"color: #0f4afc\">Misi\u00f3n Extrema<\/span><\/h1>\n<p>[\/et_pb_text][et_pb_text _builder_version=\u00bb4.16&#8243; _module_preset=\u00bbdefault\u00bb global_colors_info=\u00bb{}\u00bb]<\/p>\n<p>Un viaje misionero a la Sierra Tarahumara dirigido por el Pastor Andrade. Entre las diversas actividades, se realizo un programa para ni\u00f1os de la cual se utilizo el material desarrollado en la materia de Dise\u00f1o Editorial.<\/p>\n<p>[\/et_pb_text][\/et_pb_column][et_pb_column type=\u00bb2_5&#8243; _builder_version=\u00bb4.16&#8243; _module_preset=\u00bbdefault\u00bb global_colors_info=\u00bb{}\u00bb][et_pb_slider _builder_version=\u00bb4.16&#8243; _module_preset=\u00bbdefault\u00bb global_colors_info=\u00bb{}\u00bb][et_pb_slide video_url=\u00bbhttp:\/\/dcv.artcom.mx\/pda\/1190657\/wp-content\/uploads\/sites\/3\/2023\/04\/Sierra-Tarahumara_1_compressed.mp4&#8243; _builder_version=\u00bb4.16&#8243; _module_preset=\u00bbdefault\u00bb global_colors_info=\u00bb{}\u00bb sticky_transition=\u00bbon\u00bb][\/et_pb_slide][et_pb_slide video_url=\u00bbhttps:\/\/youtu.be\/SfKyKvVzwdY\u00bb _builder_version=\u00bb4.16&#8243; _module_preset=\u00bbdefault\u00bb global_colors_info=\u00bb{}\u00bb sticky_transition=\u00bbon\u00bb][\/et_pb_slide][et_pb_slide _builder_version=\u00bb4.16&#8243; _module_preset=\u00bbdefault\u00bb global_colors_info=\u00bb{}\u00bb sticky_transition=\u00bbon\u00bb][\/et_pb_slide][\/et_pb_slider][\/et_pb_column][\/et_pb_row][et_pb_row column_structure=\u00bb3_5,2_5&#8243; _builder_version=\u00bb4.16&#8243; _module_preset=\u00bbdefault\u00bb global_colors_info=\u00bb{}\u00bb][et_pb_column type=\u00bb3_5&#8243; _builder_version=\u00bb4.16&#8243; _module_preset=\u00bbdefault\u00bb global_colors_info=\u00bb{}\u00bb][et_pb_text _builder_version=\u00bb4.20.4&#8243; _module_preset=\u00bbdefault\u00bb global_colors_info=\u00bb{}\u00bb]<\/p>\n<h1><span style=\"color: #0f4afc\">REtiro Espiritual<\/span><\/h1>\n<p>[\/et_pb_text][et_pb_text _builder_version=\u00bb4.20.4&#8243; _module_preset=\u00bbdefault\u00bb hover_enabled=\u00bb0&#8243; global_colors_info=\u00bb{}\u00bb sticky_enabled=\u00bb0&#8243;]<\/p>\n<p>Durante el sexto semestre, fuimos a La Estanzuela. Aqu\u00ed pudimos disfrutar de momentos de convivio con nuestros amigos, compa\u00f1eros y la naturaleza. Fue un momento de paz y tranquilidad, tomando como centro de atenci\u00f3n la grande que es nuestro Dios.<\/p>\n<p>[\/et_pb_text][\/et_pb_column][et_pb_column type=\u00bb2_5&#8243; _builder_version=\u00bb4.16&#8243; _module_preset=\u00bbdefault\u00bb global_colors_info=\u00bb{}\u00bb][et_pb_slider _builder_version=\u00bb4.20.4&#8243; _module_preset=\u00bbdefault\u00bb hover_enabled=\u00bb0&#8243; sticky_enabled=\u00bb0&#8243;][et_pb_slide _builder_version=\u00bb4.20.4&#8243; _module_preset=\u00bbdefault\u00bb title_text=\u00bbIMG_B534BC4909A6-1&#8243; image=\u00bbhttp:\/\/dcv.artcom.mx\/pda\/1190657\/wp-content\/uploads\/sites\/3\/2023\/05\/IMG_B534BC4909A6-1.jpeg\u00bb hover_enabled=\u00bb0&#8243; sticky_enabled=\u00bb0&#8243;][\/et_pb_slide][et_pb_slide _builder_version=\u00bb4.20.4&#8243; _module_preset=\u00bbdefault\u00bb video_url=\u00bbhttp:\/\/dcv.artcom.mx\/pda\/1190657\/wp-content\/uploads\/sites\/3\/2023\/05\/Retiro.mp4&#8243; title_text=\u00bbRetiro\u00bb hover_enabled=\u00bb0&#8243; sticky_enabled=\u00bb0&#8243;][\/et_pb_slide][\/et_pb_slider][\/et_pb_column][\/et_pb_row][\/et_pb_section]<\/p>\n","protected":false},"excerpt":{"rendered":"<p>Reconciliaci\u00f3n EspiritualUna noche en donde participamos en poder formar nuevamente una conexi\u00f3n con Dios mediante la oraci\u00f3n, la alabanza, una actividad d\u00ednamica y la &#8216;entrada al cielo.&#8217;Misi\u00f3n ExtremaUn viaje misionero a la Sierra Tarahumara dirigido por el Pastor Andrade. Entre las diversas actividades, se realizo un programa para ni\u00f1os de la cual se utilizo el [&hellip;]<\/p>\n","protected":false},"author":7,"featured_media":0,"parent":11,"menu_order":5,"comment_status":"closed","ping_status":"closed","template":"","meta":{"_et_pb_use_builder":"on","_et_pb_old_content":"<!-- wp:divi\/placeholder \/-->","_et_gb_content_width":"","inline_featured_image":false,"footnotes":""},"_links":{"self":[{"href":"https:\/\/dcv.artcom.mx\/pda\/1190657\/wp-json\/wp\/v2\/pages\/692"}],"collection":[{"href":"https:\/\/dcv.artcom.mx\/pda\/1190657\/wp-json\/wp\/v2\/pages"}],"about":[{"href":"https:\/\/dcv.artcom.mx\/pda\/1190657\/wp-json\/wp\/v2\/types\/page"}],"author":[{"embeddable":true,"href":"https:\/\/dcv.artcom.mx\/pda\/1190657\/wp-json\/wp\/v2\/users\/7"}],"replies":[{"embeddable":true,"href":"https:\/\/dcv.artcom.mx\/pda\/1190657\/wp-json\/wp\/v2\/comments?post=692"}],"version-history":[{"count":10,"href":"https:\/\/dcv.artcom.mx\/pda\/1190657\/wp-json\/wp\/v2\/pages\/692\/revisions"}],"predecessor-version":[{"id":996,"href":"https:\/\/dcv.artcom.mx\/pda\/1190657\/wp-json\/wp\/v2\/pages\/692\/revisions\/996"}],"up":[{"embeddable":true,"href":"https:\/\/dcv.artcom.mx\/pda\/1190657\/wp-json\/wp\/v2\/pages\/11"}],"wp:attachment":[{"href":"https:\/\/dcv.artcom.mx\/pda\/1190657\/wp-json\/wp\/v2\/media?parent=692"}],"curies":[{"name":"wp","href":"https:\/\/api.w.org\/{rel}","templated":true}]}}