{"id":330,"date":"2022-03-11T18:38:33","date_gmt":"2022-03-11T18:38:33","guid":{"rendered":"https:\/\/dcv.artcom.mx\/pda\/1190657\/?page_id=330"},"modified":"2022-03-11T18:41:22","modified_gmt":"2022-03-11T18:41:22","slug":"emprendimientos-personales-2","status":"publish","type":"page","link":"https:\/\/dcv.artcom.mx\/pda\/1190657\/evidencias\/emprendimientos-personales-2\/","title":{"rendered":"Emprendimientos personales"},"content":{"rendered":"<p>[et_pb_section fb_built=\u00bb1&#8243; make_equal=\u00bbon\u00bb use_custom_gutter=\u00bbon\u00bb specialty=\u00bbon\u00bb bg_img_1=\u00bbhttp:\/\/pdadcv.artcom.mx\/portafolio-demo\/wp-content\/uploads\/sites\/2\/2020\/03\/fashion-21.jpg\u00bb padding_top_2=\u00bb100px\u00bb padding_right_2=\u00bb40px\u00bb padding_bottom_2=\u00bb100px\u00bb padding_left_2=\u00bb40px\u00bb _builder_version=\u00bb3.22&#8243; inner_width=\u00bb100%\u00bb inner_max_width=\u00bb100%\u00bb custom_margin=\u00bb|||\u00bb custom_padding=\u00bb0px|0px|0px|0px\u00bb custom_css_main_element=\u00bbmargin-left: 0 !important;\u00bb use_custom_width=\u00bbon\u00bb width_unit=\u00bboff\u00bb custom_width_percent=\u00bb100%\u00bb global_colors_info=\u00bb{}\u00bb][et_pb_column type=\u00bb1_2&#8243; _builder_version=\u00bb3.25&#8243; custom_padding=\u00bb|||\u00bb global_colors_info=\u00bb{}\u00bb custom_padding__hover=\u00bb|||\u00bb][et_pb_gallery gallery_ids=\u00bb286,284,263,261&#8243; posts_number=\u00bb1&#8243; _builder_version=\u00bb4.14.7&#8243; _module_preset=\u00bbdefault\u00bb global_colors_info=\u00bb{}\u00bb][\/et_pb_gallery][\/et_pb_column][et_pb_column type=\u00bb1_2&#8243; specialty_columns=\u00bb2&#8243; _builder_version=\u00bb3.25&#8243; custom_padding=\u00bb|||\u00bb global_colors_info=\u00bb{}\u00bb custom_padding__hover=\u00bb|||\u00bb][et_pb_row_inner _builder_version=\u00bb3.25&#8243; max_width=\u00bb800px\u00bb custom_padding=\u00bb30px|0px|30px|0px\u00bb animation_style=\u00bbslide\u00bb animation_direction=\u00bbbottom\u00bb animation_intensity_slide=\u00bb10%\u00bb global_colors_info=\u00bb{}\u00bb][et_pb_column_inner saved_specialty_column_type=\u00bb1_2&#8243; _builder_version=\u00bb3.25&#8243; custom_padding=\u00bb|||\u00bb global_colors_info=\u00bb{}\u00bb custom_padding__hover=\u00bb|||\u00bb][et_pb_text _builder_version=\u00bb4.14.7&#8243; text_font=\u00bbPlayfair Display||||||||\u00bb header_font=\u00bbPoppins|600|||||||\u00bb header_text_align=\u00bbcenter\u00bb header_font_size=\u00bb56px\u00bb custom_padding=\u00bb||0px|||\u00bb inline_fonts=\u00bbPlayfair Display\u00bb global_colors_info=\u00bb{}\u00bb]<\/p>\n<h1 style=\"text-align: left\"><strong><span style=\"font-family: 'Playfair Display'\">Emprendimientos Personales<\/span><\/strong><\/h1>\n<p>[\/et_pb_text][et_pb_text _builder_version=\u00bb4.14.7&#8243; text_font=\u00bbRaleway||||||||\u00bb text_text_color=\u00bb#fea100&#8243; text_letter_spacing=\u00bb1px\u00bb text_line_height=\u00bb1.8em\u00bb text_orientation=\u00bbcenter\u00bb module_alignment=\u00bbcenter\u00bb min_height=\u00bb24px\u00bb custom_padding=\u00bb||0px|||\u00bb inline_fonts=\u00bbRoboto,Raleway\u00bb global_colors_info=\u00bb{}\u00bb]<\/p>\n<h4 style=\"text-align: left\"><span style=\"font-family: Raleway;color: #d6c1ab;font-weight: normal\">Dise\u00f1o en Comunicaci\u00f3n Visual<\/span><\/h4>\n<p>[\/et_pb_text][\/et_pb_column_inner][\/et_pb_row_inner][et_pb_row_inner _builder_version=\u00bb3.25&#8243; max_width=\u00bb800px\u00bb custom_padding=\u00bb30px|0px|30px|0px\u00bb animation_style=\u00bbslide\u00bb animation_direction=\u00bbbottom\u00bb animation_intensity_slide=\u00bb10%\u00bb global_colors_info=\u00bb{}\u00bb][et_pb_column_inner saved_specialty_column_type=\u00bb1_2&#8243; _builder_version=\u00bb3.25&#8243; custom_padding=\u00bb|||\u00bb global_colors_info=\u00bb{}\u00bb custom_padding__hover=\u00bb|||\u00bb][et_pb_text _builder_version=\u00bb4.14.7&#8243; text_font=\u00bbRaleway|600|||||||\u00bb text_text_color=\u00bbrgba(0,0,0,0.6)\u00bb text_font_size=\u00bb16px\u00bb text_line_height=\u00bb1.9em\u00bb header_font=\u00bb||||||||\u00bb header_2_font=\u00bb||||||||\u00bb module_alignment=\u00bbcenter\u00bb custom_margin=\u00bb|||\u00bb locked=\u00bboff\u00bb global_colors_info=\u00bb{}\u00bb]<\/p>\n<p><span style=\"color: #24252c\">Presentaci\u00f3n de la carrera y los motivos por los cuales la estudias, nam auctor consequat ex, non dignissim velit. Maecenas tincidunt volutpat commodo. Vestibulum dignissim purus purus, et efficitur mauris porttitor placerat. Donec rhoncus enim sed nulla imperdiet malesuada.Nam auctor consequat ex, non dignissim velit. Maecenas tincidunt volutpat commodo. Vestibulum dignissim purus purus, et efficitur mauris porttitor placerat.\u00a0<\/span><\/p>\n<p>[\/et_pb_text][\/et_pb_column_inner][\/et_pb_row_inner][et_pb_row_inner column_structure=\u00bb1_2,1_2&#8243; _builder_version=\u00bb3.25&#8243; max_width=\u00bb800px\u00bb custom_padding=\u00bb30px||30px|\u00bb global_colors_info=\u00bb{}\u00bb][et_pb_column_inner type=\u00bb1_2&#8243; saved_specialty_column_type=\u00bb1_2&#8243; _builder_version=\u00bb3.25&#8243; custom_padding=\u00bb|||\u00bb global_colors_info=\u00bb{}\u00bb custom_padding__hover=\u00bb|||\u00bb][et_pb_text _builder_version=\u00bb4.14.7&#8243; text_font=\u00bbRaleway||||||||\u00bb text_text_color=\u00bbrgba(0,0,0,0.4)\u00bb text_line_height=\u00bb1.9em\u00bb header_font=\u00bb||||||||\u00bb header_2_font=\u00bb||||||||\u00bb module_alignment=\u00bbcenter\u00bb custom_margin=\u00bb|||\u00bb locked=\u00bboff\u00bb global_colors_info=\u00bb{}\u00bb]<\/p>\n<p><span style=\"color: #24252c\">Vivamus lacus mauris, rutrum in nulla sed, euismod varius turpis. Fusce vel consequat orci. Vestibulum consequat nulla a turpis maximus tincidunt. Vivamus lacus mauris, rutrum in nulla sed, euismod varius turpis.<\/span><\/p>\n<p>[\/et_pb_text][\/et_pb_column_inner][et_pb_column_inner type=\u00bb1_2&#8243; saved_specialty_column_type=\u00bb1_2&#8243; _builder_version=\u00bb3.25&#8243; custom_padding=\u00bb|||\u00bb global_colors_info=\u00bb{}\u00bb custom_padding__hover=\u00bb|||\u00bb][et_pb_text _builder_version=\u00bb4.14.7&#8243; text_font=\u00bbRaleway||||||||\u00bb text_text_color=\u00bbrgba(0,0,0,0.4)\u00bb text_line_height=\u00bb1.9em\u00bb header_font=\u00bb||||||||\u00bb header_2_font=\u00bb||||||||\u00bb module_alignment=\u00bbcenter\u00bb custom_margin=\u00bb|||\u00bb locked=\u00bboff\u00bb global_colors_info=\u00bb{}\u00bb]<\/p>\n<p><span style=\"color: #24252c\">Donec rhoncus enim sed nulla imperdiet malesuada. Nunc pharetra urna a felis bibendum molestie. Vivamus lacus mauris, rutrum in nulla sed, euismod.\u00a0 Fusce vel consequat orci.<\/span><\/p>\n<p>[\/et_pb_text][\/et_pb_column_inner][\/et_pb_row_inner][\/et_pb_column][\/et_pb_section]<\/p>\n","protected":false},"excerpt":{"rendered":"<p>Emprendimientos PersonalesDise\u00f1o en Comunicaci\u00f3n VisualPresentaci\u00f3n de la carrera y los motivos por los cuales la estudias, nam auctor consequat ex, non dignissim velit. Maecenas tincidunt volutpat commodo. Vestibulum dignissim purus purus, et efficitur mauris porttitor placerat. Donec rhoncus enim sed nulla imperdiet malesuada.Nam auctor consequat ex, non dignissim velit. Maecenas tincidunt volutpat commodo. Vestibulum dignissim [&hellip;]<\/p>\n","protected":false},"author":7,"featured_media":0,"parent":11,"menu_order":4,"comment_status":"closed","ping_status":"closed","template":"","meta":{"_et_pb_use_builder":"on","_et_pb_old_content":"<!-- wp:divi\/placeholder \/-->","_et_gb_content_width":"","inline_featured_image":false,"footnotes":""},"_links":{"self":[{"href":"https:\/\/dcv.artcom.mx\/pda\/1190657\/wp-json\/wp\/v2\/pages\/330"}],"collection":[{"href":"https:\/\/dcv.artcom.mx\/pda\/1190657\/wp-json\/wp\/v2\/pages"}],"about":[{"href":"https:\/\/dcv.artcom.mx\/pda\/1190657\/wp-json\/wp\/v2\/types\/page"}],"author":[{"embeddable":true,"href":"https:\/\/dcv.artcom.mx\/pda\/1190657\/wp-json\/wp\/v2\/users\/7"}],"replies":[{"embeddable":true,"href":"https:\/\/dcv.artcom.mx\/pda\/1190657\/wp-json\/wp\/v2\/comments?post=330"}],"version-history":[{"count":1,"href":"https:\/\/dcv.artcom.mx\/pda\/1190657\/wp-json\/wp\/v2\/pages\/330\/revisions"}],"predecessor-version":[{"id":334,"href":"https:\/\/dcv.artcom.mx\/pda\/1190657\/wp-json\/wp\/v2\/pages\/330\/revisions\/334"}],"up":[{"embeddable":true,"href":"https:\/\/dcv.artcom.mx\/pda\/1190657\/wp-json\/wp\/v2\/pages\/11"}],"wp:attachment":[{"href":"https:\/\/dcv.artcom.mx\/pda\/1190657\/wp-json\/wp\/v2\/media?parent=330"}],"curies":[{"name":"wp","href":"https:\/\/api.w.org\/{rel}","templated":true}]}}