{"id":160,"date":"2020-03-03T22:17:35","date_gmt":"2020-03-04T04:17:35","guid":{"rendered":"http:\/\/pdadcv.artcom.mx\/portafolio-demo\/?page_id=7"},"modified":"2023-03-21T16:58:01","modified_gmt":"2023-03-21T16:58:01","slug":"mi-carrera","status":"publish","type":"page","link":"https:\/\/dcv.artcom.mx\/pda\/1190657\/mi-carrera\/","title":{"rendered":"Mi carrera"},"content":{"rendered":"<p>[et_pb_section fb_built=\u00bb1&#8243; fullwidth=\u00bbon\u00bb _builder_version=\u00bb4.14.7&#8243; _module_preset=\u00bbdefault\u00bb global_colors_info=\u00bb{}\u00bb][et_pb_fullwidth_header title=\u00bbMi Carrera\u00bb _builder_version=\u00bb4.14.7&#8243; _module_preset=\u00bbdefault\u00bb title_text_color=\u00bb#0A0A0A\u00bb background_color=\u00bb#F2F2F2&#8243; global_colors_info=\u00bb{}\u00bb][\/et_pb_fullwidth_header][\/et_pb_section][et_pb_section fb_built=\u00bb1&#8243; _builder_version=\u00bb4.14.7&#8243; _module_preset=\u00bbdefault\u00bb global_colors_info=\u00bb{}\u00bb][et_pb_row column_structure=\u00bb1_2,1_2&#8243; _builder_version=\u00bb4.14.7&#8243; _module_preset=\u00bbdefault\u00bb global_colors_info=\u00bb{}\u00bb][et_pb_column type=\u00bb1_2&#8243; _builder_version=\u00bb4.14.7&#8243; _module_preset=\u00bbdefault\u00bb global_colors_info=\u00bb{}\u00bb][et_pb_image src=\u00bbhttp:\/\/dcv.artcom.mx\/pda\/1190657\/wp-content\/uploads\/sites\/3\/2023\/03\/carrera-1.jpg\u00bb title_text=\u00bbcarrera\u00bb _builder_version=\u00bb4.14.7&#8243; _module_preset=\u00bbdefault\u00bb min_height=\u00bb269.2px\u00bb global_colors_info=\u00bb{}\u00bb][\/et_pb_image][\/et_pb_column][et_pb_column type=\u00bb1_2&#8243; _builder_version=\u00bb4.14.7&#8243; _module_preset=\u00bbdefault\u00bb global_colors_info=\u00bb{}\u00bb][et_pb_text _builder_version=\u00bb4.14.7&#8243; _module_preset=\u00bbdefault\u00bb text_text_color=\u00bb#0F4AFC\u00bb custom_margin=\u00bb1px|||||\u00bb locked=\u00bboff\u00bb global_colors_info=\u00bb{}\u00bb]<\/p>\n<h2><span style=\"color: #0f4afc\">Dise\u00f1o de comunicaci\u00f3n visual<\/span><\/h2>\n<p>[\/et_pb_text][et_pb_text _builder_version=\u00bb4.14.7&#8243; _module_preset=\u00bbdefault\u00bb min_height=\u00bb172.6px\u00bb custom_margin=\u00bb|1px|-6px|||\u00bb custom_padding=\u00bb||0px|||\u00bb global_colors_info=\u00bb{}\u00bb]<\/p>\n<p><span style=\"color: #24252c\">La carrera que he elegido tiene una variedad de \u00e1reas en las que puedo aprender habilidades que me ayuden en el desarrollo de un dise\u00f1o. Tambi\u00e9n presenta distintas \u00e1reas en las que puedo especializarme para el entorno profesional. Esta carrera de cuatro a\u00f1os tiene justo lo que necesito para explotar libremente mi creatividad y agregarle conocimientos esenciales que son fundamentales para crear un gran dise\u00f1o.<\/span><\/p>\n<p>[\/et_pb_text][\/et_pb_column][\/et_pb_row][\/et_pb_section][et_pb_section fb_built=\u00bb1&#8243; _builder_version=\u00bb4.14.7&#8243; _module_preset=\u00bbdefault\u00bb background_color=\u00bb#0A0A0A\u00bb global_colors_info=\u00bb{}\u00bb][et_pb_row column_structure=\u00bb1_2,1_2&#8243; _builder_version=\u00bb4.14.7&#8243; _module_preset=\u00bbdefault\u00bb global_colors_info=\u00bb{}\u00bb][et_pb_column type=\u00bb1_2&#8243; _builder_version=\u00bb4.14.7&#8243; _module_preset=\u00bbdefault\u00bb global_colors_info=\u00bb{}\u00bb][et_pb_text _builder_version=\u00bb4.14.7&#8243; _module_preset=\u00bbdefault\u00bb global_colors_info=\u00bb{}\u00bb]<\/p>\n<h5><span style=\"color: #0f4afc\">Materias de quinto Semestre:<\/span><\/h5>\n<p><span style=\"color: #fafafa\">Dise\u00f1o de Informaci\u00f3n Ambiental<\/span><\/p>\n<p><span style=\"color: #fafafa\">Dise\u00f1o Editorial<\/span><\/p>\n<p><span style=\"color: #fafafa\">Fotograf\u00eda Comercial<\/span><\/p>\n<p><span style=\"color: #fafafa\">Publicidad<\/span><\/p>\n<p><span style=\"color: #fafafa\">Taller de Producci\u00f3n Audiovisual<\/span><\/p>\n<p><span style=\"color: #fafafa\">Taller de Investigaci\u00f3n I<\/span><\/p>\n<p>[\/et_pb_text][\/et_pb_column][et_pb_column type=\u00bb1_2&#8243; _builder_version=\u00bb4.14.7&#8243; _module_preset=\u00bbdefault\u00bb global_colors_info=\u00bb{}\u00bb][et_pb_text _builder_version=\u00bb4.14.7&#8243; _module_preset=\u00bbdefault\u00bb global_colors_info=\u00bb{}\u00bb]<\/p>\n<h5><span style=\"color: #0f4afc\">Materias de Sexto Semestre:<\/span><\/h5>\n<p><span style=\"color: #fafafa\">Branding<\/span><\/p>\n<p><span style=\"color: #fafafa\">Dise\u00f1o Contemporaneo<\/span><\/p>\n<p><span style=\"color: #fafafa\">Dise\u00f1o Gr\u00e1fico Tridimensional<\/span><\/p>\n<p><span style=\"color: #fafafa\">Gesti\u00f3n Profesional<\/span><\/p>\n<p><span style=\"color: #fafafa;font-size: 18px\">Taller Experimental Tridimensional<\/span><\/p>\n<p><span style=\"color: #fafafa;font-size: 18px\">Publicaciones Digitales<\/span><\/p>\n<p><span style=\"color: #fafafa\">Taller de Investigaci\u00f3n II<\/span><\/p>\n<p>[\/et_pb_text][\/et_pb_column][\/et_pb_row][\/et_pb_section]<\/p>\n","protected":false},"excerpt":{"rendered":"<p>Dise\u00f1o de comunicaci\u00f3n visualLa carrera que he elegido tiene una variedad de \u00e1reas en las que puedo aprender habilidades que me ayuden en el desarrollo de un dise\u00f1o. Tambi\u00e9n presenta distintas \u00e1reas en las que puedo especializarme para el entorno profesional. Esta carrera de cuatro a\u00f1os tiene justo lo que necesito para explotar libremente mi [&hellip;]<\/p>\n","protected":false},"author":7,"featured_media":0,"parent":0,"menu_order":3,"comment_status":"closed","ping_status":"closed","template":"","meta":{"_et_pb_use_builder":"on","_et_pb_old_content":"","_et_gb_content_width":"","inline_featured_image":false,"footnotes":""},"_links":{"self":[{"href":"https:\/\/dcv.artcom.mx\/pda\/1190657\/wp-json\/wp\/v2\/pages\/160"}],"collection":[{"href":"https:\/\/dcv.artcom.mx\/pda\/1190657\/wp-json\/wp\/v2\/pages"}],"about":[{"href":"https:\/\/dcv.artcom.mx\/pda\/1190657\/wp-json\/wp\/v2\/types\/page"}],"author":[{"embeddable":true,"href":"https:\/\/dcv.artcom.mx\/pda\/1190657\/wp-json\/wp\/v2\/users\/7"}],"replies":[{"embeddable":true,"href":"https:\/\/dcv.artcom.mx\/pda\/1190657\/wp-json\/wp\/v2\/comments?post=160"}],"version-history":[{"count":14,"href":"https:\/\/dcv.artcom.mx\/pda\/1190657\/wp-json\/wp\/v2\/pages\/160\/revisions"}],"predecessor-version":[{"id":884,"href":"https:\/\/dcv.artcom.mx\/pda\/1190657\/wp-json\/wp\/v2\/pages\/160\/revisions\/884"}],"wp:attachment":[{"href":"https:\/\/dcv.artcom.mx\/pda\/1190657\/wp-json\/wp\/v2\/media?parent=160"}],"curies":[{"name":"wp","href":"https:\/\/api.w.org\/{rel}","templated":true}]}}