{"id":159,"date":"2020-03-03T22:11:41","date_gmt":"2020-03-04T04:11:41","guid":{"rendered":"http:\/\/pdadcv.artcom.mx\/portafolio-demo\/?page_id=2"},"modified":"2023-05-09T22:25:33","modified_gmt":"2023-05-09T22:25:33","slug":"acerca-de-mi","status":"publish","type":"page","link":"https:\/\/dcv.artcom.mx\/pda\/1190657\/acerca-de-mi\/","title":{"rendered":"Acerca de mi"},"content":{"rendered":"<p>[et_pb_section fb_built=\u00bb1&#8243; fullwidth=\u00bbon\u00bb _builder_version=\u00bb4.16&#8243; _module_preset=\u00bbdefault\u00bb global_colors_info=\u00bb{}\u00bb][et_pb_fullwidth_header title=\u00bbAcerca de Mi\u00bb _builder_version=\u00bb4.16&#8243; _module_preset=\u00bbdefault\u00bb title_text_color=\u00bb#0A0A0A\u00bb background_color=\u00bb#F2F2F2&#8243; global_colors_info=\u00bb{}\u00bb][\/et_pb_fullwidth_header][\/et_pb_section][et_pb_section fb_built=\u00bb1&#8243; _builder_version=\u00bb4.16&#8243; _module_preset=\u00bbdefault\u00bb background_image=\u00bbhttp:\/\/dcv.artcom.mx\/pda\/1190657\/wp-content\/uploads\/sites\/3\/2023\/03\/de-mi.jpg\u00bb global_colors_info=\u00bb{}\u00bb][et_pb_row _builder_version=\u00bb4.16&#8243; _module_preset=\u00bbdefault\u00bb global_colors_info=\u00bb{}\u00bb][et_pb_column type=\u00bb4_4&#8243; _builder_version=\u00bb4.16&#8243; _module_preset=\u00bbdefault\u00bb global_colors_info=\u00bb{}\u00bb][et_pb_text _builder_version=\u00bb4.16&#8243; _module_preset=\u00bbdefault\u00bb global_colors_info=\u00bb{}\u00bb]<\/p>\n<p><span style=\"font-size: medium\">Hola soy Damaris Escalante Rios. Tengo 22 a\u00f1os, nac\u00ed y crec\u00ed en Chico, California. Hablo ingl\u00e9s y espa\u00f1ol con fluidez, y conozco un poco del lenguaje de se\u00f1as estadounidense (aun estoy practicando). Me interesa la fotograf\u00eda, particularmente de paisajes y candids. Tambi\u00e9n hago retratos y fotos de eventos para cualquier persona interesada. Me encanta ver pel\u00edculas de los a\u00f1os 80, o sitcoms. Me gusta caminar por el bosque o hacer viajes de mochilero. Ir a playas fr\u00edas me hace feliz y toco el piano cuando tengo un momento libre. <\/span><\/p>\n<p><span style=\"font-size: medium\">Soy adaptable al cambio y estoy abierto a aprender y adquirir nuevas experiencias. Me gusta ser organizada en mi tiempo y espacio y detallada en los proyectos y tareas asignadas. Soy amable y cort\u00e9s con los que me rodean. Prefiero trabajar solo y a veces esto puede limitar mis habilidades, pero hago lo mejor que puedo para trabajar bien en grupos. Espero dar siempre lo mejor de m\u00ed misma y estar contenta con mis proyectos. Solo yo s\u00e9 el esfuerzo que puse en lo que hice y mientras hice mi mejor esfuerzo, estoy satisfecha. <\/span><\/p>\n<p><span style=\"font-size: medium\">Espero graduarme y trabajar dos a\u00f1os para una agencia de dise\u00f1o. Me gustar\u00eda luego obtener una Maestr\u00eda en otro pa\u00eds, aunque todav\u00eda estoy explorando en qu\u00e9 \u00e1rea. Incluso me gustar\u00eda hacer tiempo y tomarme un a\u00f1o como misionera. Me encantar\u00eda ir a la India y servir all\u00ed. <\/span><\/p>\n<p><span style=\"font-size: medium;color: #f2f2f2\"><strong>Cosmovisi\u00f3n<\/strong><br \/>Creo que hay personas genuinamente buenas que intentan marcar una diferencia positiva en el mundo. Aun as\u00ed, el mundo puede ser ca\u00f3tico, pero todo tiene su prop\u00f3sito. Mis acciones vuelven a m\u00ed; sea \u200b\u200bbueno o malo. Crea un efecto domin\u00f3, donde lo que hago impacta a otros, de una manera peque\u00f1a o grande. Creo que debo disfrutar cada momento que me dan, ser curioso, aventurero y feliz. Tambi\u00e9n creo que hay algo m\u00e1s grande que m\u00ed misma. Creo en Dios, porque eleg\u00ed aceptar que \u00c9l me gu\u00eda a un futuro mejor en el cielo.<\/span><\/p>\n<p>[\/et_pb_text][\/et_pb_column][\/et_pb_row][\/et_pb_section][et_pb_section fb_built=\u00bb1&#8243; _builder_version=\u00bb4.16&#8243; _module_preset=\u00bbdefault\u00bb background_color=\u00bb#0A0A0A\u00bb background_enable_image=\u00bboff\u00bb global_colors_info=\u00bb{}\u00bb][et_pb_row _builder_version=\u00bb4.16&#8243; _module_preset=\u00bbdefault\u00bb global_colors_info=\u00bb{}\u00bb][et_pb_column type=\u00bb4_4&#8243; _builder_version=\u00bb4.16&#8243; _module_preset=\u00bbdefault\u00bb global_colors_info=\u00bb{}\u00bb][et_pb_text _builder_version=\u00bb4.16&#8243; _module_preset=\u00bbdefault\u00bb global_colors_info=\u00bb{}\u00bb]<\/p>\n<h1><span style=\"color: #0f4afc\">About Me<\/span><\/h1>\n<p>[\/et_pb_text][et_pb_text _builder_version=\u00bb4.16&#8243; _module_preset=\u00bbdefault\u00bb global_colors_info=\u00bb{}\u00bb]<\/p>\n<p><span style=\"font-family: inherit;font-weight: normal;color: #fafafa\">Hi, I&#8217;m Damaris Escalante Rios. I&#8217;m 22 years old, born and raised in Chico, California. I am fluent in both English and Spanish, and know a little bit of American Sign Language (still practicing). I&#8217;m interested in photography, particularly of landscapes and candids. I enjoy the small details that go unnoticed. I also take portraits and event photos for anyone interested. I love to watch movies from the 80&#8217;s, or sitcoms. I like to hike through the forest or go on backpacking trips. Cloud watching picnics and going to cold beaches makes me happy. I play the piano whenever I have the chance, always something peaceful and slow.<\/span><\/p>\n<p><span style=\"font-family: inherit;color: #fafafa;font-weight: normal\">I&#8217;m adaptable to change and am open to learning and acquiring new experiences. I like being organized in my time and space and detailed in the projects and assignments given. I&#8217;m friendly and curtious to those around me. I prefer to work alone and it can limit my abilities at times, but I do my best to work well in groups. I expect of myself to always do my best and be content with my projects. Only I know the effort that I put into what I did and as long as I tried my hardest, I am satisfied.<\/span><\/p>\n<p><span style=\"font-family: inherit;color: #fafafa;font-weight: normal\">I hope to graduate and work two years for a design agency. I would like to then get a Masters in another country, through I&#8217;m still exploring in what area. I would even like to make time and take a year as a missionary. I would love to go to India and serve there.<\/span><\/p>\n<p><span style=\"font-family: inherit;color: #fafafa;font-weight: normal\"><\/span><\/p>\n<p><span style=\"font-family: inherit;font-weight: normal\"><strong><span style=\"color: #fafafa\">Worldview<\/span><\/strong><\/span><\/p>\n<p><span style=\"font-family: inherit;color: #fafafa;font-weight: normal\">I think there are genuinely good people that try to make a positive difference in the world. Even so, the world can be caotic, but everything has its purpose. My actions circle back to me; be it good or bad. It&#8217;s creates a domino effect, where what I do impacts others, in a small or big way. I believe I should enjoy every moment that I&#8217;m given, to be curious, adventurous, and happy. I also believe there is something greater that myself. I believe in God, because I chose to accept that He guides me to a better future in heaven.<\/span><\/p>\n<p>[\/et_pb_text][\/et_pb_column][\/et_pb_row][\/et_pb_section]<\/p>\n","protected":false},"excerpt":{"rendered":"<p>Hola soy Damaris Escalante Rios. Tengo 22 a\u00f1os, nac\u00ed y crec\u00ed en Chico, California. Hablo ingl\u00e9s y espa\u00f1ol con fluidez, y conozco un poco del lenguaje de se\u00f1as estadounidense (aun estoy practicando). Me interesa la fotograf\u00eda, particularmente de paisajes y candids. Tambi\u00e9n hago retratos y fotos de eventos para cualquier persona interesada. Me encanta ver [&hellip;]<\/p>\n","protected":false},"author":7,"featured_media":0,"parent":0,"menu_order":2,"comment_status":"closed","ping_status":"closed","template":"","meta":{"_et_pb_use_builder":"on","_et_pb_old_content":"<!-- wp:paragraph -->\n<p>Esta es una p\u00e1gina de ejemplo. Es diferente a una entrada del blog porque permanecer\u00e1 en un solo lugar y aparecer\u00e1 en la navegaci\u00f3n de tu sitio (en la mayor\u00eda de los temas). La mayor\u00eda de las personas comienzan con una p\u00e1gina \u00abAcerca de\u00bb que les presenta a los visitantes potenciales del sitio. Podr\u00edas decir algo as\u00ed:<\/p>\n<!-- \/wp:paragraph -->\n\n<!-- wp:quote -->\n<blockquote class=\"wp-block-quote\"><p>\u00a1Bienvenido! Soy camarero de d\u00eda, aspirante a actor de noche y esta es mi web. Vivo en Mairena del Alcor, tengo un perro que se llama Firulais y me gusta el rebujito. (Y las tardes largas con caf\u00e9).<\/p><\/blockquote>\n<!-- \/wp:quote -->\n\n<!-- wp:paragraph -->\n<p>\u2026o algo as\u00ed:<\/p>\n<!-- \/wp:paragraph -->\n\n<!-- wp:quote -->\n<blockquote class=\"wp-block-quote\"><p>La empresa \u00abMariscos Recio\u00bb fue fundada por Antonio Recio Mata. Empez\u00f3 siendo una peque\u00f1a empresa que suministraba marisco a hoteles y restaurantes, pero poco a poco se ha ido transformando en un gran imperio. Mariscos Recio, el mar al mejor precio.<\/p><\/blockquote>\n<!-- \/wp:quote -->\n\n<!-- wp:paragraph -->\n<p>Como nuevo usuario de WordPress, deber\u00edas ir a <a href=\"http:\/\/pdadcv.artcom.mx\/portafolio-demo\/wp-admin\/\">tu escritorio<\/a> para borrar esta p\u00e1gina y crear nuevas p\u00e1ginas para tu contenido. \u00a1P\u00e1salo bien!<\/p>\n<!-- \/wp:paragraph -->","_et_gb_content_width":"","inline_featured_image":false,"footnotes":""},"_links":{"self":[{"href":"https:\/\/dcv.artcom.mx\/pda\/1190657\/wp-json\/wp\/v2\/pages\/159"}],"collection":[{"href":"https:\/\/dcv.artcom.mx\/pda\/1190657\/wp-json\/wp\/v2\/pages"}],"about":[{"href":"https:\/\/dcv.artcom.mx\/pda\/1190657\/wp-json\/wp\/v2\/types\/page"}],"author":[{"embeddable":true,"href":"https:\/\/dcv.artcom.mx\/pda\/1190657\/wp-json\/wp\/v2\/users\/7"}],"replies":[{"embeddable":true,"href":"https:\/\/dcv.artcom.mx\/pda\/1190657\/wp-json\/wp\/v2\/comments?post=159"}],"version-history":[{"count":23,"href":"https:\/\/dcv.artcom.mx\/pda\/1190657\/wp-json\/wp\/v2\/pages\/159\/revisions"}],"predecessor-version":[{"id":1022,"href":"https:\/\/dcv.artcom.mx\/pda\/1190657\/wp-json\/wp\/v2\/pages\/159\/revisions\/1022"}],"wp:attachment":[{"href":"https:\/\/dcv.artcom.mx\/pda\/1190657\/wp-json\/wp\/v2\/media?parent=159"}],"curies":[{"name":"wp","href":"https:\/\/api.w.org\/{rel}","templated":true}]}}