{"id":15,"date":"2020-03-03T22:35:51","date_gmt":"2020-03-04T04:35:51","guid":{"rendered":"http:\/\/pdadcv.artcom.mx\/portafolio-demo\/?page_id=15"},"modified":"2023-05-07T05:58:23","modified_gmt":"2023-05-07T05:58:23","slug":"autoevaluaciones","status":"publish","type":"page","link":"https:\/\/dcv.artcom.mx\/pda\/1190657\/autoevaluaciones\/","title":{"rendered":""},"content":{"rendered":"<p>[et_pb_section fb_built=\u00bb1&#8243; fullwidth=\u00bbon\u00bb _builder_version=\u00bb4.16&#8243; _module_preset=\u00bbdefault\u00bb background_color=\u00bb#FAFAFA\u00bb global_colors_info=\u00bb{}\u00bb][et_pb_fullwidth_header title=\u00bbAutoevaluaci\u00f3n\u00bb _builder_version=\u00bb4.16&#8243; _module_preset=\u00bbdefault\u00bb title_text_color=\u00bb#0A0A0A\u00bb background_color=\u00bbRGBA(255,255,255,0)\u00bb global_colors_info=\u00bb{}\u00bb][\/et_pb_fullwidth_header][\/et_pb_section][et_pb_section fb_built=\u00bb1&#8243; _builder_version=\u00bb4.16&#8243; _module_preset=\u00bbdefault\u00bb min_height=\u00bb137px\u00bb global_colors_info=\u00bb{}\u00bb][et_pb_row _builder_version=\u00bb4.16&#8243; _module_preset=\u00bbdefault\u00bb custom_padding=\u00bb||4px|||\u00bb global_colors_info=\u00bb{}\u00bb][et_pb_column type=\u00bb4_4&#8243; _builder_version=\u00bb4.16&#8243; _module_preset=\u00bbdefault\u00bb global_colors_info=\u00bb{}\u00bb][et_pb_text _builder_version=\u00bb4.16&#8243; _module_preset=\u00bbdefault\u00bb text_text_color=\u00bb#0F4AFC\u00bb global_colors_info=\u00bb{}\u00bb]<\/p>\n<h1><span style=\"color: #0f4afc\">Quinto Semestre<\/span><\/h1>\n<p>[\/et_pb_text][\/et_pb_column][\/et_pb_row][\/et_pb_section][et_pb_section fb_built=\u00bb1&#8243; _builder_version=\u00bb4.16&#8243; _module_preset=\u00bbdefault\u00bb min_height=\u00bb630.2px\u00bb custom_padding=\u00bb1px||0px|||\u00bb global_colors_info=\u00bb{}\u00bb][et_pb_row column_structure=\u00bb1_2,1_2&#8243; _builder_version=\u00bb4.16&#8243; _module_preset=\u00bbdefault\u00bb custom_margin=\u00bb-3px|auto||auto||\u00bb global_colors_info=\u00bb{}\u00bb][et_pb_column type=\u00bb1_2&#8243; _builder_version=\u00bb4.16&#8243; _module_preset=\u00bbdefault\u00bb global_colors_info=\u00bb{}\u00bb][et_pb_accordion _builder_version=\u00bb4.16&#8243; _module_preset=\u00bbdefault\u00bb global_colors_info=\u00bb{}\u00bb][et_pb_accordion_item title=\u00bbDise\u00f1o de Informaci\u00f3n Ambiental\u00bb open=\u00bbon\u00bb _builder_version=\u00bb4.16&#8243; _module_preset=\u00bbdefault\u00bb global_colors_info=\u00bb{}\u00bb]<\/p>\n<p>Aunque aprendi mucho en esta materia y me gusto el contenido, creo que no me tome el tiempo para poder realizar un trabajo esforzado en cada proyecto.<\/p>\n<p>[\/et_pb_accordion_item][et_pb_accordion_item title=\u00bbDise\u00f1o Editorial\u00bb _builder_version=\u00bb4.16&#8243; _module_preset=\u00bbdefault\u00bb global_colors_info=\u00bb{}\u00bb open=\u00bboff\u00bb]<\/p>\n<p>Me gusto mucho el trabajo que se realizo en esta materia, especialmente la forma en que trabajamos el proyecto integrador de Misi\u00f3n Extrema.<\/p>\n<p>[\/et_pb_accordion_item][et_pb_accordion_item title=\u00bbFotograf\u00eda Comercial\u00bb _builder_version=\u00bb4.16&#8243; _module_preset=\u00bbdefault\u00bb global_colors_info=\u00bb{}\u00bb open=\u00bboff\u00bb]<\/p>\n<p>Aunque no se aprovecho la materia tanto como hubiera querido, creo que me dio el acercamiento suficiente para conocer como crear un trabajo professional fotogr\u00e1fico para un cliente.<\/p>\n<p>[\/et_pb_accordion_item][et_pb_accordion_item title=\u00bbPublicidad\u00bb _builder_version=\u00bb4.16&#8243; _module_preset=\u00bbdefault\u00bb global_colors_info=\u00bb{}\u00bb open=\u00bboff\u00bb]<\/p>\n<p>Esta fue una materia de la cual pude haberme esforzado m\u00e1s. Batalle un poco en trabajar en equipo para el proyecto final, sin embargo, creo que ayudo en el crecimiento professional.<\/p>\n<p>[\/et_pb_accordion_item][et_pb_accordion_item title=\u00bbTaller de Producci\u00f3n Audiovisual\u00bb _builder_version=\u00bb4.16&#8243; _module_preset=\u00bbdefault\u00bb global_colors_info=\u00bb{}\u00bb open=\u00bboff\u00bb]<\/p>\n<p>Your content goes here. Edit or remove this text inline or in the module Content settings. You can also style every aspect of this content in the module Design settings and even apply custom CSS to this text in the module Advanced settings.<\/p>\n<p>[\/et_pb_accordion_item][et_pb_accordion_item title=\u00bbTaller de Investigaci\u00f3n I\u00bb _builder_version=\u00bb4.16&#8243; _module_preset=\u00bbdefault\u00bb global_colors_info=\u00bb{}\u00bb open=\u00bboff\u00bb]<\/p>\n<p>Aunque e cambiado de investigaci\u00f3n, la materia me ayudo a poder desarrollar el inicio de una investigaci\u00f3n bien estructurada.\u00a0<\/p>\n<p>[\/et_pb_accordion_item][\/et_pb_accordion][\/et_pb_column][et_pb_column type=\u00bb1_2&#8243; _builder_version=\u00bb4.16&#8243; _module_preset=\u00bbdefault\u00bb global_colors_info=\u00bb{}\u00bb][et_pb_counters _builder_version=\u00bb4.16&#8243; _module_preset=\u00bbdefault\u00bb global_colors_info=\u00bb{}\u00bb][et_pb_counter percent=\u00bb80&#8243; bar_background_color=\u00bb#0F4AFC\u00bb _builder_version=\u00bb4.16&#8243; _module_preset=\u00bbdefault\u00bb background_enable_video_mp4=\u00bbon\u00bb background_enable_video_webm=\u00bbon\u00bb global_colors_info=\u00bb{}\u00bb bar_background_color_default=\u00bb#f2efed\u00bb use_percentages=\u00bbon\u00bb]Dise\u00f1o de Informaci\u00f3n Ambiental[\/et_pb_counter][et_pb_counter percent=\u00bb90&#8243; bar_background_color=\u00bb#0F4AFC\u00bb _builder_version=\u00bb4.16&#8243; _module_preset=\u00bbdefault\u00bb background_enable_video_mp4=\u00bbon\u00bb background_enable_video_webm=\u00bbon\u00bb global_colors_info=\u00bb{}\u00bb bar_background_color_default=\u00bb#f2efed\u00bb use_percentages=\u00bbon\u00bb]Dise\u00f1o Editorial[\/et_pb_counter][et_pb_counter percent=\u00bb95&#8243; bar_background_color=\u00bb#0F4AFC\u00bb _builder_version=\u00bb4.16&#8243; _module_preset=\u00bbdefault\u00bb background_enable_video_mp4=\u00bbon\u00bb background_enable_video_webm=\u00bbon\u00bb global_colors_info=\u00bb{}\u00bb bar_background_color_default=\u00bb#f2efed\u00bb use_percentages=\u00bbon\u00bb]Fotograf\u00eda Comercial[\/et_pb_counter][et_pb_counter percent=\u00bb80&#8243; bar_background_color=\u00bb#0F4AFC\u00bb _builder_version=\u00bb4.16&#8243; _module_preset=\u00bbdefault\u00bb background_enable_video_mp4=\u00bbon\u00bb background_enable_video_webm=\u00bbon\u00bb global_colors_info=\u00bb{}\u00bb bar_background_color_default=\u00bb#f2efed\u00bb use_percentages=\u00bbon\u00bb]Publicidad[\/et_pb_counter][et_pb_counter percent=\u00bb95&#8243; bar_background_color=\u00bb#0F4AFC\u00bb _builder_version=\u00bb4.16&#8243; _module_preset=\u00bbdefault\u00bb background_enable_video_mp4=\u00bbon\u00bb background_enable_video_webm=\u00bbon\u00bb global_colors_info=\u00bb{}\u00bb bar_background_color_default=\u00bb#f2efed\u00bb use_percentages=\u00bbon\u00bb]Taller de Producci\u00f3n Audiovisual[\/et_pb_counter][et_pb_counter percent=\u00bb90&#8243; bar_background_color=\u00bb#0F4AFC\u00bb _builder_version=\u00bb4.16&#8243; _module_preset=\u00bbdefault\u00bb background_enable_video_mp4=\u00bbon\u00bb background_enable_video_webm=\u00bbon\u00bb global_colors_info=\u00bb{}\u00bb bar_background_color_default=\u00bb#f2efed\u00bb use_percentages=\u00bbon\u00bb]Taller de Investigaci\u00f3n I[\/et_pb_counter][\/et_pb_counters][\/et_pb_column][\/et_pb_row][\/et_pb_section][et_pb_section fb_built=\u00bb1&#8243; _builder_version=\u00bb4.16&#8243; _module_preset=\u00bbdefault\u00bb min_height=\u00bb137px\u00bb global_colors_info=\u00bb{}\u00bb][et_pb_row _builder_version=\u00bb4.16&#8243; _module_preset=\u00bbdefault\u00bb custom_padding=\u00bb||4px|||\u00bb global_colors_info=\u00bb{}\u00bb][et_pb_column type=\u00bb4_4&#8243; _builder_version=\u00bb4.16&#8243; _module_preset=\u00bbdefault\u00bb global_colors_info=\u00bb{}\u00bb][et_pb_text _builder_version=\u00bb4.16&#8243; _module_preset=\u00bbdefault\u00bb text_text_color=\u00bb#0F4AFC\u00bb global_colors_info=\u00bb{}\u00bb]<\/p>\n<h1><span style=\"color: #0f4afc\">Sexto Semestre<\/span><\/h1>\n<p>[\/et_pb_text][\/et_pb_column][\/et_pb_row][\/et_pb_section][et_pb_section fb_built=\u00bb1&#8243; _builder_version=\u00bb4.16&#8243; _module_preset=\u00bbdefault\u00bb min_height=\u00bb822.2px\u00bb custom_padding=\u00bb1px||0px|||\u00bb global_colors_info=\u00bb{}\u00bb][et_pb_row column_structure=\u00bb1_2,1_2&#8243; _builder_version=\u00bb4.16&#8243; _module_preset=\u00bbdefault\u00bb custom_margin=\u00bb-3px|auto||auto||\u00bb global_colors_info=\u00bb{}\u00bb][et_pb_column type=\u00bb1_2&#8243; _builder_version=\u00bb4.16&#8243; _module_preset=\u00bbdefault\u00bb global_colors_info=\u00bb{}\u00bb][et_pb_accordion _builder_version=\u00bb4.16&#8243; _module_preset=\u00bbdefault\u00bb global_colors_info=\u00bb{}\u00bb][et_pb_accordion_item title=\u00bbBranding\u00bb open=\u00bboff\u00bb _builder_version=\u00bb4.16&#8243; _module_preset=\u00bbdefault\u00bb global_colors_info=\u00bb{}\u00bb]<\/p>\n<p>Durante el transcurso de este semestre, me ayudo poder ser parte de un equipo para el proyecto integrador, ya que trabajamos tranquilamente en cada etapa. De forma general, creo que pude haber sido un poco mas responsable con mi tiempo, para poder cumplir mejor con las entregas.<\/p>\n<p>[\/et_pb_accordion_item][et_pb_accordion_item title=\u00bbDise\u00f1o Contemporaneo\u00bb _builder_version=\u00bb4.16&#8243; _module_preset=\u00bbdefault\u00bb global_colors_info=\u00bb{}\u00bb open=\u00bboff\u00bb]<\/p>\n<p>En esta materia le pude haber realizado un mayor esfuerzo. No creo haber entregado de los mejores trabajos que s\u00e9 que puedo hacer, sin embargo me sirve como aprendizaje para el proximo a\u00f1o de las cosas a no hacer.<\/p>\n<p>[\/et_pb_accordion_item][et_pb_accordion_item title=\u00bbDise\u00f1o Gr\u00e1fico Tridimensional\u00bb _builder_version=\u00bb4.16&#8243; _module_preset=\u00bbdefault\u00bb global_colors_info=\u00bb{}\u00bb open=\u00bboff\u00bb]<\/p>\n<p>Con esta materia me e dado cuenta que deber\u00eda ejercer mas el autoaprendizaje. Creo que alcance realizar buenos proyectos pero al aprender Blender, deberia haber separado m\u00e1s tiempo para entender el programa.<\/p>\n<p>[\/et_pb_accordion_item][et_pb_accordion_item title=\u00bbTaller Experimental Tridimensional\u00bb _builder_version=\u00bb4.16&#8243; _module_preset=\u00bbdefault\u00bb global_colors_info=\u00bb{}\u00bb open=\u00bboff\u00bb]<\/p>\n<p>Me gusto que pude indagar un poco m\u00e1s en el area art\u00edstica con esta materia. Aunque al final deb\u00ed de haber mejor administrado mi tiempo para completar los proyecto, me gustaron los resultados.<\/p>\n<p>[\/et_pb_accordion_item][et_pb_accordion_item title=\u00bbGesti\u00f3n Profesional\u00bb _builder_version=\u00bb4.16&#8243; _module_preset=\u00bbdefault\u00bb global_colors_info=\u00bb{}\u00bb open=\u00bboff\u00bb]<\/p>\n<p>Aunque maneje mayormente la gesti\u00f3n <span>log\u00edstica<\/span>, creo que e descubierto que tengo una buena habilidad para poder organizar, solo falta ponerlo en practica constante.<\/p>\n<p>[\/et_pb_accordion_item][et_pb_accordion_item title=\u00bbPublicaciones Digitales\u00bb _builder_version=\u00bb4.16&#8243; _module_preset=\u00bbdefault\u00bb global_colors_info=\u00bb{}\u00bb open=\u00bboff\u00bb]<\/p>\n<p>Con esta materia aprend\u00ed distintas manera en las que puedo crear publicaciones llamativas. Aun con elementos simples, e obtenido las bases para poder crear dinamismo e interactividad para los usuarios.<\/p>\n<p>[\/et_pb_accordion_item][et_pb_accordion_item title=\u00bbTaller de Investigaci\u00f3n II\u00bb _builder_version=\u00bb4.16&#8243; _module_preset=\u00bbdefault\u00bb global_colors_info=\u00bb{}\u00bb open=\u00bbon\u00bb]<\/p>\n<p>Me gusto el cambio que realize en mi investigaci\u00f3n, aunque se me dificulto bastante poder terminar los documentos a lado de todas las dem\u00e1s actividades.<\/p>\n<p>[\/et_pb_accordion_item][\/et_pb_accordion][\/et_pb_column][et_pb_column type=\u00bb1_2&#8243; _builder_version=\u00bb4.16&#8243; _module_preset=\u00bbdefault\u00bb global_colors_info=\u00bb{}\u00bb][et_pb_counters _builder_version=\u00bb4.20.4&#8243; _module_preset=\u00bbdefault\u00bb hover_enabled=\u00bb0&#8243; global_colors_info=\u00bb{}\u00bb sticky_enabled=\u00bb0&#8243;][et_pb_counter percent=\u00bb90&#8243; bar_background_color=\u00bb#0F4AFC\u00bb _builder_version=\u00bb4.20.4&#8243; _module_preset=\u00bbdefault\u00bb background_enable_video_mp4=\u00bbon\u00bb background_enable_video_webm=\u00bbon\u00bb global_colors_info=\u00bb{}\u00bb bar_background_color_default=\u00bb#f2efed\u00bb use_percentages=\u00bbon\u00bb]Branding[\/et_pb_counter][et_pb_counter percent=\u00bb80&#8243; bar_background_color=\u00bb#0F4AFC\u00bb _builder_version=\u00bb4.20.4&#8243; _module_preset=\u00bbdefault\u00bb background_enable_video_mp4=\u00bbon\u00bb background_enable_video_webm=\u00bbon\u00bb hover_enabled=\u00bb0&#8243; global_colors_info=\u00bb{}\u00bb bar_background_color_default=\u00bb#f2efed\u00bb use_percentages=\u00bbon\u00bb sticky_enabled=\u00bb0&#8243;]Dise\u00f1o Contemporaneo[\/et_pb_counter][et_pb_counter percent=\u00bb95&#8243; bar_background_color=\u00bb#0F4AFC\u00bb _builder_version=\u00bb4.20.4&#8243; _module_preset=\u00bbdefault\u00bb background_enable_video_mp4=\u00bbon\u00bb background_enable_video_webm=\u00bbon\u00bb hover_enabled=\u00bb0&#8243; global_colors_info=\u00bb{}\u00bb bar_background_color_default=\u00bb#f2efed\u00bb use_percentages=\u00bbon\u00bb sticky_enabled=\u00bb0&#8243;]<\/p>\n<p>Dise\u00f1o Gr\u00e1fico Tridimensional<\/p>\n<p>[\/et_pb_counter][et_pb_counter percent=\u00bb98&#8243; bar_background_color=\u00bb#0F4AFC\u00bb _builder_version=\u00bb4.20.4&#8243; _module_preset=\u00bbdefault\u00bb background_enable_video_mp4=\u00bbon\u00bb background_enable_video_webm=\u00bbon\u00bb hover_enabled=\u00bb0&#8243; global_colors_info=\u00bb{}\u00bb bar_background_color_default=\u00bb#f2efed\u00bb use_percentages=\u00bbon\u00bb sticky_enabled=\u00bb0&#8243;]<\/p>\n<p>Taller Experimental Tridimensional<\/p>\n<p>[\/et_pb_counter][et_pb_counter percent=\u00bb100&#8243; bar_background_color=\u00bb#0F4AFC\u00bb _builder_version=\u00bb4.20.4&#8243; _module_preset=\u00bbdefault\u00bb background_enable_video_mp4=\u00bbon\u00bb background_enable_video_webm=\u00bbon\u00bb global_colors_info=\u00bb{}\u00bb bar_background_color_default=\u00bb#f2efed\u00bb use_percentages=\u00bbon\u00bb]Gesti\u00f3n Profesional[\/et_pb_counter][et_pb_counter percent=\u00bb90&#8243; bar_background_color=\u00bb#0F4AFC\u00bb _builder_version=\u00bb4.20.4&#8243; _module_preset=\u00bbdefault\u00bb background_enable_video_mp4=\u00bbon\u00bb background_enable_video_webm=\u00bbon\u00bb global_colors_info=\u00bb{}\u00bb bar_background_color_default=\u00bb#f2efed\u00bb use_percentages=\u00bbon\u00bb]Publicaciones Digitales[\/et_pb_counter][et_pb_counter percent=\u00bb80&#8243; bar_background_color=\u00bb#0F4AFC\u00bb _builder_version=\u00bb4.20.4&#8243; _module_preset=\u00bbdefault\u00bb background_enable_video_mp4=\u00bbon\u00bb background_enable_video_webm=\u00bbon\u00bb global_colors_info=\u00bb{}\u00bb bar_background_color_default=\u00bb#f2efed\u00bb use_percentages=\u00bbon\u00bb]Taller de Investigaci\u00f3n II[\/et_pb_counter][\/et_pb_counters][\/et_pb_column][\/et_pb_row][\/et_pb_section]<\/p>\n","protected":false},"excerpt":{"rendered":"<p>Quinto SemestreAunque aprendi mucho en esta materia y me gusto el contenido, creo que no me tome el tiempo para poder realizar un trabajo esforzado en cada proyecto.Me gusto mucho el trabajo que se realizo en esta materia, especialmente la forma en que trabajamos el proyecto integrador de Misi\u00f3n Extrema.Aunque no se aprovecho la materia [&hellip;]<\/p>\n","protected":false},"author":7,"featured_media":0,"parent":0,"menu_order":6,"comment_status":"closed","ping_status":"closed","template":"","meta":{"_et_pb_use_builder":"on","_et_pb_old_content":"<!-- wp:divi\/placeholder \/-->","_et_gb_content_width":"","inline_featured_image":false,"footnotes":""},"_links":{"self":[{"href":"https:\/\/dcv.artcom.mx\/pda\/1190657\/wp-json\/wp\/v2\/pages\/15"}],"collection":[{"href":"https:\/\/dcv.artcom.mx\/pda\/1190657\/wp-json\/wp\/v2\/pages"}],"about":[{"href":"https:\/\/dcv.artcom.mx\/pda\/1190657\/wp-json\/wp\/v2\/types\/page"}],"author":[{"embeddable":true,"href":"https:\/\/dcv.artcom.mx\/pda\/1190657\/wp-json\/wp\/v2\/users\/7"}],"replies":[{"embeddable":true,"href":"https:\/\/dcv.artcom.mx\/pda\/1190657\/wp-json\/wp\/v2\/comments?post=15"}],"version-history":[{"count":30,"href":"https:\/\/dcv.artcom.mx\/pda\/1190657\/wp-json\/wp\/v2\/pages\/15\/revisions"}],"predecessor-version":[{"id":990,"href":"https:\/\/dcv.artcom.mx\/pda\/1190657\/wp-json\/wp\/v2\/pages\/15\/revisions\/990"}],"wp:attachment":[{"href":"https:\/\/dcv.artcom.mx\/pda\/1190657\/wp-json\/wp\/v2\/media?parent=15"}],"curies":[{"name":"wp","href":"https:\/\/api.w.org\/{rel}","templated":true}]}}