{"id":7,"date":"2020-03-03T22:17:35","date_gmt":"2020-03-04T04:17:35","guid":{"rendered":"http:\/\/pdadcv.artcom.mx\/portafolio-demo\/?page_id=7"},"modified":"2021-05-03T11:06:04","modified_gmt":"2021-05-03T11:06:04","slug":"mi-carrera","status":"publish","type":"page","link":"https:\/\/dcv.artcom.mx\/pda\/1190637\/mi-carrera\/","title":{"rendered":"Mi carrera"},"content":{"rendered":"<p>[et_pb_section fb_built=\u00bb1&#8243; make_equal=\u00bbon\u00bb use_custom_gutter=\u00bbon\u00bb gutter_width=\u00bb2&#8243; specialty=\u00bbon\u00bb background_color_1=\u00bb#FFA822&#8243; bg_img_1=\u00bbhttp:\/\/pdadcv.artcom.mx\/portafolio-demo\/wp-content\/uploads\/sites\/2\/2020\/03\/fashion-21.jpg\u00bb padding_top_2=\u00bb100px\u00bb padding_right_2=\u00bb40px\u00bb padding_bottom_2=\u00bb100px\u00bb padding_left_2=\u00bb40px\u00bb _builder_version=\u00bb4.9.0&#8243; background_color=\u00bb#FFFFFF\u00bb use_background_color_gradient=\u00bbon\u00bb background_color_gradient_start=\u00bb#ffffff\u00bb background_color_gradient_end=\u00bb#134e6f\u00bb background_color_gradient_direction=\u00bb1deg\u00bb background_color_gradient_end_position=\u00bb24%\u00bb inner_width=\u00bb100%\u00bb inner_max_width=\u00bb100%\u00bb custom_margin=\u00bb|||\u00bb custom_padding=\u00bb163px|0px|0px|0px||\u00bb custom_css_main_element=\u00bbmargin-left: 0 !important;\u00bb use_custom_width=\u00bbon\u00bb width_unit=\u00bboff\u00bb custom_width_percent=\u00bb100%\u00bb][et_pb_column type=\u00bb1_2&#8243; _builder_version=\u00bb3.25&#8243; custom_padding=\u00bb|||\u00bb custom_padding__hover=\u00bb|||\u00bb][et_pb_audio title=\u00bbMi carrera\u00bb _builder_version=\u00bb4.9.3&#8243; _module_preset=\u00bbdefault\u00bb title_level=\u00bbh6&#8243; title_font=\u00bbDM Serif Display|700|||||||\u00bb title_text_color=\u00bb#FFFFFF\u00bb title_font_size=\u00bb100px\u00bb title_letter_spacing=\u00bb28px\u00bb title_line_height=\u00bb1em\u00bb caption_text_color=\u00bb#FFFFFF\u00bb caption_letter_spacing=\u00bb8px\u00bb background_color=\u00bb#FFA822&#8243; filter_opacity=\u00bb20%\u00bb animation_style=\u00bbzoom\u00bb][\/et_pb_audio][et_pb_audio title=\u00bbEl\u00ed\u00bb _builder_version=\u00bb4.9.0&#8243; _module_preset=\u00bbdefault\u00bb title_level=\u00bbh6&#8243; title_font=\u00bbDM Serif Display|700|||||||\u00bb title_text_color=\u00bb#FFFFFF\u00bb title_font_size=\u00bb100px\u00bb title_letter_spacing=\u00bb28px\u00bb title_line_height=\u00bb1em\u00bb caption_text_color=\u00bb#FFFFFF\u00bb caption_letter_spacing=\u00bb8px\u00bb background_color=\u00bb#FFA822&#8243; filter_opacity=\u00bb20%\u00bb animation_style=\u00bbzoom\u00bb][\/et_pb_audio][\/et_pb_column][et_pb_column type=\u00bb1_2&#8243; specialty_columns=\u00bb2&#8243; _builder_version=\u00bb3.25&#8243; custom_padding=\u00bb|||\u00bb custom_padding__hover=\u00bb|||\u00bb][et_pb_row_inner _builder_version=\u00bb4.9.2&#8243; background_color=\u00bb#1AC0C6&#8243; max_width=\u00bb800px\u00bb custom_margin=\u00bb|||-40px||\u00bb custom_padding=\u00bb30px|0px|30px|0px||\u00bb animation_style=\u00bbslide\u00bb animation_direction=\u00bbbottom\u00bb animation_intensity_slide=\u00bb10%\u00bb box_shadow_style=\u00bbpreset6&#8243;][et_pb_column_inner saved_specialty_column_type=\u00bb1_2&#8243; _builder_version=\u00bb3.25&#8243; custom_padding=\u00bb|||\u00bb custom_padding__hover=\u00bb|||\u00bb][et_pb_text _builder_version=\u00bb4.9.3&#8243; text_font=\u00bb||||||||\u00bb header_font=\u00bbDM Serif Display|700|||||||\u00bb header_text_align=\u00bbcenter\u00bb header_font_size=\u00bb56px\u00bb]<\/p>\n<h1>Mi carrera<\/h1>\n<p>[\/et_pb_text][et_pb_divider color=\u00bb#134E6F\u00bb divider_weight=\u00bb3px\u00bb disabled_on=\u00bbon|on|off\u00bb _builder_version=\u00bb4.9.0&#8243; width=\u00bb86%\u00bb max_width=\u00bb100px\u00bb module_alignment=\u00bbcenter\u00bb height=\u00bb10px\u00bb custom_margin=\u00bb||20px|\u00bb animation_style=\u00bbzoom\u00bb animation_direction=\u00bbbottom\u00bb saved_tabs=\u00bball\u00bb locked=\u00bboff\u00bb][\/et_pb_divider][et_pb_text _builder_version=\u00bb4.9.2&#8243; text_font=\u00bb||||||||\u00bb text_text_color=\u00bb#FFFFFF\u00bb text_font_size=\u00bb16px\u00bb text_letter_spacing=\u00bb1px\u00bb text_line_height=\u00bb1.8em\u00bb background_color=\u00bb#134E6F\u00bb text_orientation=\u00bbcenter\u00bb module_alignment=\u00bbcenter\u00bb min_height=\u00bb32px\u00bb custom_padding=\u00bb||0px|||\u00bb]<\/p>\n<p>Dise\u00f1o en Comunicaci\u00f3n Visual<\/p>\n<p>[\/et_pb_text][\/et_pb_column_inner][\/et_pb_row_inner][et_pb_row_inner _builder_version=\u00bb4.9.2&#8243; background_color=\u00bb#134E6F\u00bb use_background_color_gradient=\u00bbon\u00bb background_color_gradient_start=\u00bb#134e6f\u00bb background_color_gradient_end=\u00bb#134e6f\u00bb transform_translate=\u00bb4px|0px\u00bb max_width=\u00bb744px\u00bb custom_margin=\u00bb|-608px||-48px||\u00bb custom_padding=\u00bb30px|4px|30px|3px||\u00bb animation_style=\u00bbslide\u00bb animation_direction=\u00bbbottom\u00bb animation_intensity_slide=\u00bb10%\u00bb][et_pb_column_inner saved_specialty_column_type=\u00bb1_2&#8243; _builder_version=\u00bb3.25&#8243; custom_padding=\u00bb|||\u00bb custom_padding__hover=\u00bb|||\u00bb][et_pb_text _builder_version=\u00bb4.9.4&#8243; text_font=\u00bb||||||||\u00bb text_text_color=\u00bb#FFFFFF\u00bb text_font_size=\u00bb16px\u00bb text_line_height=\u00bb1.9em\u00bb header_font=\u00bb||||||||\u00bb header_2_font=\u00bb||||||||\u00bb transform_scale=\u00bb101%|101%\u00bb transform_scale_linked=\u00bboff\u00bb transform_translate=\u00bb-12px|35px\u00bb transform_translate_linked=\u00bboff\u00bb width=\u00bb100%\u00bb module_alignment=\u00bbcenter\u00bb custom_margin=\u00bb41px|-1490px||-150px||\u00bb custom_padding=\u00bb|0px||54px||\u00bb hover_enabled=\u00bb0&#8243; border_radii=\u00bboff||||\u00bb locked=\u00bboff\u00bb sticky_enabled=\u00bb0&#8243;]<\/p>\n<p style=\"text-align: justify\"><span>La carrera de Licenciatura en dise\u00f1o de comunicaci\u00f3n visual, est\u00e1 enfocada en el desempe\u00f1o de \u00a0la creatividad, para transmitir mensajes visuales, haciendo uso de las herramientas \u00a0y colores adecuados y las aplicaciones correctas para lograr persuadir\u00a0<\/span>impactar las mentes humanas.<\/p>\n<p>&nbsp;<\/p>\n<p>[\/et_pb_text][\/et_pb_column_inner][\/et_pb_row_inner][et_pb_row_inner column_structure=\u00bb1_2,1_2&#8243; _builder_version=\u00bb4.9.0&#8243; background_color=\u00bb#134E6F\u00bb use_background_color_gradient=\u00bbon\u00bb background_color_gradient_start=\u00bbrgba(0,0,0,0)\u00bb background_color_gradient_end=\u00bbrgba(0,0,0,0)\u00bb max_width=\u00bb794px\u00bb custom_margin=\u00bb|-101px||-11px||\u00bb custom_padding=\u00bb30px||125px|0px||\u00bb hover_enabled=\u00bb0&#8243; sticky_enabled=\u00bb0&#8243;][et_pb_column_inner type=\u00bb1_2&#8243; saved_specialty_column_type=\u00bb1_2&#8243; _builder_version=\u00bb3.25&#8243; custom_padding=\u00bb|||\u00bb custom_padding__hover=\u00bb|||\u00bb][et_pb_text _builder_version=\u00bb4.9.3&#8243; text_font=\u00bb||||||||\u00bb text_text_color=\u00bb#FFFFFF\u00bb text_line_height=\u00bb1.9em\u00bb header_font=\u00bb||||||||\u00bb header_2_font=\u00bb||||||||\u00bb transform_scale_linked=\u00bboff\u00bb transform_translate=\u00bb22px|0px\u00bb transform_translate_linked=\u00bboff\u00bb width=\u00bb88%\u00bb module_alignment=\u00bbcenter\u00bb min_height=\u00bb209px\u00bb custom_margin=\u00bb|116px|21px|116px||true\u00bb custom_padding=\u00bb|7px|0px|0px||\u00bb locked=\u00bboff\u00bb]<\/p>\n<p style=\"text-align: justify\"><span>Es importante un conocimineto profundo \u00a0de los softwares como herramientas de trabajo para esta carrera. Para integrarse a las compentancias laborales \u00a0el uso de las mismas son primordiales.<\/span><\/p>\n<p>[\/et_pb_text][\/et_pb_column_inner][et_pb_column_inner type=\u00bb1_2&#8243; saved_specialty_column_type=\u00bb1_2&#8243; _builder_version=\u00bb3.25&#8243; custom_padding=\u00bb|||\u00bb custom_padding__hover=\u00bb|||\u00bb][et_pb_text _builder_version=\u00bb4.9.2&#8243; text_font=\u00bb||||||||\u00bb text_text_color=\u00bb#FFFFFF\u00bb text_line_height=\u00bb1.9em\u00bb header_font=\u00bb||||||||\u00bb header_2_font=\u00bb||||||||\u00bb transform_translate=\u00bb-22px|0px\u00bb transform_translate_linked=\u00bboff\u00bb width=\u00bb99.8%\u00bb module_alignment=\u00bbcenter\u00bb custom_margin=\u00bb|||6px||\u00bb custom_padding=\u00bb|36px||23px||\u00bb locked=\u00bboff\u00bb]<\/p>\n<p style=\"text-align: justify\"><span>La creatividad es parte fundamnetal para esta carreara, sin embargo, para ser un buen dise\u00f1ador, la base radica en ser un buen investigador para ser exitosos.<\/span><\/p>\n<p>[\/et_pb_text][\/et_pb_column_inner][\/et_pb_row_inner][\/et_pb_column][\/et_pb_section][et_pb_section fb_built=\u00bb1&#8243; admin_label=\u00bbHero Section\u00bb _builder_version=\u00bb4.9.4&#8243; custom_padding=\u00bb80px|0px|0px|0px||\u00bb animation_style=\u00bbslide\u00bb animation_direction=\u00bbtop\u00bb animation_intensity_slide=\u00bb2%\u00bb animation_starting_opacity=\u00bb100%\u00bb hover_enabled=\u00bb0&#8243; locked=\u00bboff\u00bb use_background_color_gradient=\u00bbon\u00bb background_color_gradient_end=\u00bb#ff6150&#8243; background_color_gradient_start=\u00bb#ff6150&#8243; sticky_enabled=\u00bb0&#8243;][et_pb_row column_structure=\u00bb1_2,1_2&#8243; _builder_version=\u00bb4.9.2&#8243; background_color=\u00bb#FF6150&#8243; use_background_color_gradient=\u00bbon\u00bb background_color_gradient_start=\u00bbrgba(0,0,0,0)\u00bb background_color_gradient_end=\u00bbrgba(0,0,0,0)\u00bb background_size=\u00bbinitial\u00bb background_position=\u00bbtop_left\u00bb background_repeat=\u00bbrepeat\u00bb width=\u00bb76.7%\u00bb custom_margin=\u00bb|112px||112px||true\u00bb custom_padding=\u00bb|2px||0px||\u00bb custom_width_px=\u00bb1440px\u00bb][et_pb_column type=\u00bb1_2&#8243; _builder_version=\u00bb3.25&#8243; custom_padding=\u00bb|||\u00bb custom_padding__hover=\u00bb|||\u00bb][et_pb_text _builder_version=\u00bb4.9.3&#8243; text_font=\u00bb||||||||\u00bb header_font=\u00bbDM Serif Display|700|||||||\u00bb header_text_color=\u00bb#FFFFFF\u00bb header_font_size=\u00bb60px\u00bb header_line_height=\u00bb1.5em\u00bb header_2_font=\u00bbDM Serif Display|700|||||||\u00bb header_2_text_color=\u00bb#FFFFFF\u00bb header_2_font_size=\u00bb42px\u00bb header_2_line_height=\u00bb1.5em\u00bb header_3_font=\u00bb||||||||\u00bb header_4_font=\u00bb||||||||\u00bb header_5_font=\u00bb||||||||\u00bb header_6_font=\u00bb||||||||\u00bb background_size=\u00bbinitial\u00bb background_position=\u00bbtop_left\u00bb background_repeat=\u00bbrepeat\u00bb transform_translate=\u00bb20px|0px\u00bb transform_translate_linked=\u00bboff\u00bb custom_margin=\u00bb||10px|20px||\u00bb custom_padding=\u00bb|||4px||\u00bb locked=\u00bboff\u00bb]<\/p>\n<h2>Mi historia<\/h2>\n<p>[\/et_pb_text][et_pb_text _builder_version=\u00bb4.9.3&#8243; text_font=\u00bb||||||||\u00bb text_text_color=\u00bbrgba(255,255,255,0.8)\u00bb text_font_size=\u00bb18px\u00bb text_line_height=\u00bb1.8em\u00bb header_font=\u00bb||||||||\u00bb transform_translate=\u00bb22px|0px\u00bb transform_translate_linked=\u00bboff\u00bb custom_padding=\u00bb|||18px||\u00bb locked=\u00bboff\u00bb]<\/p>\n<p>De ni\u00f1o siempre me preguntaba de que forma pod\u00eda servir a Dios.<\/p>\n<p>[\/et_pb_text][\/et_pb_column][et_pb_column type=\u00bb1_2&#8243; _builder_version=\u00bb3.25&#8243; custom_padding=\u00bb|||\u00bb custom_padding__hover=\u00bb|||\u00bb][\/et_pb_column][\/et_pb_row][\/et_pb_section][et_pb_section fb_built=\u00bb1&#8243; specialty=\u00bbon\u00bb admin_label=\u00bbAbout Us\u00bb _builder_version=\u00bb4.9.0&#8243; background_color=\u00bb#DEE0E6&#8243; custom_margin=\u00bb||0px|||\u00bb custom_padding=\u00bb||81px|||\u00bb][et_pb_column type=\u00bb1_2&#8243; specialty_columns=\u00bb2&#8243; _builder_version=\u00bb3.25&#8243; custom_padding=\u00bb|||\u00bb custom_padding__hover=\u00bb|||\u00bb][et_pb_row_inner _builder_version=\u00bb3.25&#8243; background_size=\u00bbinitial\u00bb background_position=\u00bbtop_left\u00bb background_repeat=\u00bbrepeat\u00bb][et_pb_column_inner saved_specialty_column_type=\u00bb1_2&#8243; _builder_version=\u00bb3.25&#8243; custom_padding=\u00bb|||\u00bb custom_padding__hover=\u00bb|||\u00bb][et_pb_text _builder_version=\u00bb4.9.3&#8243; text_font=\u00bb||||||||\u00bb text_text_color=\u00bb#032B35&#8243; text_font_size=\u00bb16px\u00bb text_line_height=\u00bb1.9em\u00bb header_font=\u00bb||||||||\u00bb header_2_font=\u00bb||||||||\u00bb module_alignment=\u00bbcenter\u00bb custom_margin=\u00bb|||\u00bb custom_padding=\u00bb||0px|||\u00bb]<\/p>\n<p style=\"text-align: justify\"><span>Mi padre fue un modelo para conocer y seguir a Jes\u00fas, fue mi inspiraci\u00f3n.<\/span><\/p>\n<p style=\"text-align: justify\"><span> Dese muy peque\u00f1o tuve la inquietud de servir a Dios, pero no sab\u00eda como. En la familia pasamos una serie de problemas y adversidades \u00a0por lo cual siempre me preguntaba \u00bfqu\u00e9 espera Dios de m\u00ed? Con los el paso de los a\u00f1os, los problemas no mejoraron, todo lo contrario, fue as\u00ed como llegamos a Montemorelos N.L. M\u00e9xico. Fue este Municipio en donde comenc\u00e9 a ve con m\u00e1s claridad los planes que Dios ten\u00eda para m\u00ed.<\/span><\/p>\n<p style=\"text-align: justify\"><span>Hoy estudio la Licenciatura en dise\u00f1o de comunicaci\u00f3n visual, y tengo muy claro que servir\u00e9 a Dios a trav\u00e9s de mis talentos y habilidades.<\/span><\/p>\n<p>[\/et_pb_text][\/et_pb_column_inner][\/et_pb_row_inner][et_pb_row_inner column_structure=\u00bb1_2,1_2&#8243; _builder_version=\u00bb3.25&#8243; background_size=\u00bbinitial\u00bb background_position=\u00bbtop_left\u00bb background_repeat=\u00bbrepeat\u00bb][et_pb_column_inner type=\u00bb1_2&#8243; saved_specialty_column_type=\u00bb1_2&#8243; _builder_version=\u00bb3.25&#8243; custom_padding=\u00bb|||\u00bb custom_padding__hover=\u00bb|||\u00bb][et_pb_text _builder_version=\u00bb4.9.2&#8243; text_font=\u00bb||||||||\u00bb text_text_color=\u00bb#160604&#8243; text_line_height=\u00bb1.9em\u00bb header_font=\u00bb||||||||\u00bb header_2_font=\u00bb||||||||\u00bb module_alignment=\u00bbcenter\u00bb custom_margin=\u00bb||30px|\u00bb]<\/p>\n<p style=\"text-align: justify\"><span>Algo que me caracteriza como fortaleza es que no me rindo tan f\u00e1cil cuando comienzo un proyecto o mis sue\u00f1os.\u00a0<\/span><\/p>\n<p style=\"text-align: justify\"><span>Soy muy persistente, intuitivo y calculador. No me gusta tomar desiciones prematuras.<\/span><\/p>\n<p>[\/et_pb_text][\/et_pb_column_inner][et_pb_column_inner type=\u00bb1_2&#8243; saved_specialty_column_type=\u00bb1_2&#8243; _builder_version=\u00bb3.25&#8243; custom_padding=\u00bb|||\u00bb custom_padding__hover=\u00bb|||\u00bb][et_pb_text _builder_version=\u00bb4.9.2&#8243; text_font=\u00bb||||||||\u00bb text_text_color=\u00bb#032B35&#8243; text_line_height=\u00bb1.9em\u00bb header_font=\u00bb||||||||\u00bb header_2_font=\u00bb||||||||\u00bb module_alignment=\u00bbcenter\u00bb custom_margin=\u00bb||30px|\u00bb]<\/p>\n<p style=\"text-align: justify\"><span>No tengo muy en claro cuales ser\u00edan mis limitaciones, pero, quizas una sea que mi persistencia que es una de mis fortalezas , se convierta en una de mis debilidades debido a que insisto tanto en entender algo dif\u00edcil, que no siento como se me va el tiempo para entrgar mis proyectos.<\/span><\/p>\n<p>[\/et_pb_text][\/et_pb_column_inner][\/et_pb_row_inner][\/et_pb_column][et_pb_column type=\u00bb1_2&#8243; _builder_version=\u00bb3.25&#8243; custom_padding=\u00bb|||\u00bb custom_padding__hover=\u00bb|||\u00bb][et_pb_image src=\u00bbhttp:\/\/dcv.artcom.mx\/pda\/1190637\/wp-content\/uploads\/sites\/23\/2021\/03\/FF817BD5-1B16-4859-910F-AA3A077453B7.jpeg\u00bb title_text=\u00bbFF817BD5-1B16-4859-910F-AA3A077453B7&#8243; force_fullwidth=\u00bbon\u00bb _builder_version=\u00bb4.9.4&#8243; background_color=\u00bb#FFA822&#8243; custom_margin=\u00bb-50%|||\u00bb custom_margin_tablet=\u00bb0px|||\u00bb custom_margin_phone=\u00bb\u00bb custom_margin_last_edited=\u00bbon|phone\u00bb custom_padding=\u00bb0px|||||\u00bb animation_style=\u00bbslide\u00bb animation_direction=\u00bbtop\u00bb animation_duration=\u00bb1500ms\u00bb animation_intensity_slide=\u00bb6%\u00bb animation_starting_opacity=\u00bb100%\u00bb box_shadow_style=\u00bbpreset4&#8243; box_shadow_blur=\u00bb10px\u00bb box_shadow_color=\u00bbrgba(0,0,0,0.2)\u00bb always_center_on_mobile=\u00bboff\u00bb locked=\u00bboff\u00bb transform_translate_linked=\u00bboff\u00bb transform_translate=\u00bb0px|-67px\u00bb][\/et_pb_image][\/et_pb_column][\/et_pb_section]<\/p>\n","protected":false},"excerpt":{"rendered":"<p>Mi carreraDise\u00f1o en Comunicaci\u00f3n VisualLa carrera de Licenciatura en dise\u00f1o de comunicaci\u00f3n visual, est\u00e1 enfocada en el desempe\u00f1o de \u00a0la creatividad, para transmitir mensajes visuales, haciendo uso de las herramientas \u00a0y colores adecuados y las aplicaciones correctas para lograr persuadir\u00a0impactar las mentes humanas. &nbsp;Es importante un conocimineto profundo \u00a0de los softwares como herramientas de trabajo [&hellip;]<\/p>\n","protected":false},"author":27,"featured_media":0,"parent":0,"menu_order":3,"comment_status":"closed","ping_status":"closed","template":"","meta":{"_et_pb_use_builder":"on","_et_pb_old_content":"","_et_gb_content_width":"","inline_featured_image":false,"footnotes":""},"_links":{"self":[{"href":"https:\/\/dcv.artcom.mx\/pda\/1190637\/wp-json\/wp\/v2\/pages\/7"}],"collection":[{"href":"https:\/\/dcv.artcom.mx\/pda\/1190637\/wp-json\/wp\/v2\/pages"}],"about":[{"href":"https:\/\/dcv.artcom.mx\/pda\/1190637\/wp-json\/wp\/v2\/types\/page"}],"author":[{"embeddable":true,"href":"https:\/\/dcv.artcom.mx\/pda\/1190637\/wp-json\/wp\/v2\/users\/27"}],"replies":[{"embeddable":true,"href":"https:\/\/dcv.artcom.mx\/pda\/1190637\/wp-json\/wp\/v2\/comments?post=7"}],"version-history":[{"count":32,"href":"https:\/\/dcv.artcom.mx\/pda\/1190637\/wp-json\/wp\/v2\/pages\/7\/revisions"}],"predecessor-version":[{"id":923,"href":"https:\/\/dcv.artcom.mx\/pda\/1190637\/wp-json\/wp\/v2\/pages\/7\/revisions\/923"}],"wp:attachment":[{"href":"https:\/\/dcv.artcom.mx\/pda\/1190637\/wp-json\/wp\/v2\/media?parent=7"}],"curies":[{"name":"wp","href":"https:\/\/api.w.org\/{rel}","templated":true}]}}