{"id":259,"date":"2020-03-03T19:20:18","date_gmt":"2020-03-04T01:20:18","guid":{"rendered":"http:\/\/pdadcv.artcom.mx\/portafolio-demo\/?page_id=102"},"modified":"2021-04-04T22:32:41","modified_gmt":"2021-04-04T22:32:41","slug":"home-2","status":"publish","type":"page","link":"https:\/\/dcv.artcom.mx\/pda\/1190637\/","title":{"rendered":"Home"},"content":{"rendered":"<p>[et_pb_section fb_built=\u00bb1&#8243; fullwidth=\u00bbon\u00bb admin_label=\u00bbHeader\u00bb _builder_version=\u00bb3.22&#8243; background_color=\u00bb#b7b9c7&#8243; custom_padding=\u00bb0px|0|0px|0px|false|false\u00bb custom_margin=\u00bb||-26px|||\u00bb][et_pb_fullwidth_image src=\u00bbhttp:\/\/dcv.artcom.mx\/pda\/1190637\/wp-content\/uploads\/sites\/23\/2021\/03\/2&#8230;jpg\u00bb title_text=\u00bb2..\u00bb _builder_version=\u00bb4.9.3&#8243; _module_preset=\u00bbdefault\u00bb min_height=\u00bb733px\u00bb custom_margin=\u00bb||147px|||\u00bb custom_padding=\u00bb0px||2px|||\u00bb hover_enabled=\u00bb0&#8243; transform_scale_linked=\u00bboff\u00bb transform_translate=\u00bb0px|-44px\u00bb transform_translate_linked=\u00bboff\u00bb sticky_enabled=\u00bb0&#8243; width=\u00bb100%\u00bb][\/et_pb_fullwidth_image][et_pb_fullwidth_header title=\u00bbHola, soy El\u00ed\u00bb subhead=\u00bbSoy dise\u00f1ador visual y fot\u00f3grafo. Me gustan las convivencias al aire libre y estar en contacto con la naturaleza.\u00bb text_orientation=\u00bbcenter\u00bb button_one_text=\u00bbsegundo  portafolio  acad\u00e9mico  \u00bb background_overlay_color=\u00bbrgba(83,90,128,0.3)\u00bb content_max_width=\u00bb90%\u00bb _builder_version=\u00bb4.9.3&#8243; title_font=\u00bbDM Serif Display|700|||||||\u00bb title_text_align=\u00bbcenter\u00bb title_font_size=\u00bb7vw\u00bb title_line_height=\u00bb1.1em\u00bb content_font=\u00bb|700|||||||\u00bb content_text_align=\u00bbleft\u00bb content_font_size=\u00bb32px\u00bb subhead_font=\u00bb||||||||\u00bb subhead_text_align=\u00bbcenter\u00bb subhead_text_color=\u00bb#FFFFFF\u00bb subhead_font_size=\u00bb30px\u00bb subhead_line_height=\u00bb2em\u00bb background_color=\u00bb#134E6F\u00bb use_background_color_gradient=\u00bbon\u00bb background_color_gradient_start=\u00bb#134e6f\u00bb background_color_gradient_end=\u00bbrgba(0,0,0,0)\u00bb background_color_gradient_direction=\u00bb183deg\u00bb background_enable_image=\u00bboff\u00bb parallax=\u00bbon\u00bb parallax_method=\u00bbon\u00bb custom_button_one=\u00bbon\u00bb button_one_text_size=\u00bb17px\u00bb button_one_text_color=\u00bb#134E6F\u00bb button_one_bg_color=\u00bb#FFA822&#8243; button_one_border_width=\u00bb10px\u00bb button_one_border_color=\u00bbRGBA(0,0,0,0)\u00bb button_one_border_radius=\u00bb100px\u00bb button_one_font=\u00bbAlmarai|800||on|||||\u00bb button_one_use_icon=\u00bboff\u00bb width=\u00bb100%\u00bb min_height=\u00bb519px\u00bb custom_margin=\u00bb-150px||94px|||\u00bb custom_padding=\u00bb13px||0px|||\u00bb custom_padding_tablet=\u00bb100px|||\u00bb custom_padding_phone=\u00bb\u00bb custom_padding_last_edited=\u00bbon|phone\u00bb animation_style=\u00bbfade\u00bb animation_direction=\u00bbtop\u00bb hover_enabled=\u00bb0&#8243; title_font_size_tablet=\u00bb60px\u00bb title_font_size_phone=\u00bb\u00bb title_font_size_last_edited=\u00bbon|phone\u00bb subhead_font_size_tablet=\u00bb\u00bb subhead_font_size_phone=\u00bb20px\u00bb subhead_font_size_last_edited=\u00bbon|desktop\u00bb subhead_line_height_tablet=\u00bb\u00bb subhead_line_height_phone=\u00bb1.5em\u00bb subhead_line_height_last_edited=\u00bbon|phone\u00bb button_one_text_color_hover=\u00bb#ffffff\u00bb button_one_border_color_hover=\u00bb#ff9e59&#8243; button_one_border_radius_hover=\u00bb100px\u00bb button_one_bg_color_hover=\u00bb#ff9e59&#8243; global_colors_info=\u00bb{%22gcid-a3b3da90-1d85-4f8a-8415-caea195424f3%22:%91%93}\u00bb button_one_text_size__hover_enabled=\u00bboff\u00bb button_two_text_size__hover_enabled=\u00bboff\u00bb button_one_text_color__hover_enabled=\u00bbon\u00bb button_one_text_color__hover=\u00bb#ffffff\u00bb button_two_text_color__hover_enabled=\u00bboff\u00bb button_one_border_width__hover_enabled=\u00bboff\u00bb button_two_border_width__hover_enabled=\u00bboff\u00bb button_one_border_color__hover_enabled=\u00bbon\u00bb button_one_border_color__hover=\u00bb#ff9e59&#8243; button_two_border_color__hover_enabled=\u00bboff\u00bb button_one_border_radius__hover_enabled=\u00bbon\u00bb button_one_border_radius__hover=\u00bb100px\u00bb button_two_border_radius__hover_enabled=\u00bboff\u00bb button_one_letter_spacing__hover_enabled=\u00bboff\u00bb button_two_letter_spacing__hover_enabled=\u00bboff\u00bb button_one_bg_color__hover_enabled=\u00bbon\u00bb button_one_bg_color__hover=\u00bb#ff9e59&#8243; button_two_bg_color__hover_enabled=\u00bboff\u00bb transform_translate_linked=\u00bboff\u00bb transform_translate=\u00bb0px|-54px\u00bb sticky_enabled=\u00bb0&#8243;][\/et_pb_fullwidth_header][\/et_pb_section][et_pb_section fb_built=\u00bb1&#8243; admin_label=\u00bbTravel History\u00bb _builder_version=\u00bb4.9.0&#8243; background_color=\u00bb#134E6F\u00bb custom_padding=\u00bb|||\u00bb min_height=\u00bb252px\u00bb][et_pb_row column_structure=\u00bb1_4,1_4,1_4,1_4&#8243; _builder_version=\u00bb4.9.0&#8243; background_color=\u00bb#FFFFFF\u00bb min_height=\u00bb361px\u00bb custom_margin=\u00bb-103px|auto|-113px|auto||\u00bb custom_padding=\u00bb60px|43px|60px|43px|true|true\u00bb animation_style=\u00bbzoom\u00bb animation_duration=\u00bb1700ms\u00bb animation_intensity_zoom=\u00bb80%\u00bb border_radii=\u00bbon|5px|5px|5px|5px\u00bb border_color_all=\u00bb#FFFFFF\u00bb border_width_top=\u00bb10px\u00bb locked=\u00bboff\u00bb][et_pb_column type=\u00bb1_4&#8243; _builder_version=\u00bb3.25&#8243; custom_padding=\u00bb|||\u00bb custom_padding__hover=\u00bb|||\u00bb][et_pb_number_counter title=\u00bblibros le\u00eddos\u00bb number=\u00bb23&#8243; percent_sign=\u00bboff\u00bb _builder_version=\u00bb4.9.0&#8243; title_font=\u00bb|800||on|||||\u00bb title_text_color=\u00bb#134E6F\u00bb title_font_size=\u00bb15px\u00bb title_letter_spacing=\u00bb1px\u00bb title_line_height=\u00bb2em\u00bb number_font=\u00bbNoto Serif|700|||||||\u00bb number_text_color=\u00bb#FFA822&#8243; number_line_height=\u00bb1.5em\u00bb width=\u00bb100%\u00bb animation_style=\u00bbzoom\u00bb animation_intensity_zoom=\u00bb5%\u00bb][\/et_pb_number_counter][\/et_pb_column][et_pb_column type=\u00bb1_4&#8243; _builder_version=\u00bb3.25&#8243; custom_padding=\u00bb|||\u00bb custom_padding__hover=\u00bb|||\u00bb][et_pb_number_counter title=\u00bbPel\u00edculas criticadas\u00bb number=\u00bb5&#8243; percent_sign=\u00bboff\u00bb _builder_version=\u00bb4.9.0&#8243; title_font=\u00bb|800||on|||||\u00bb title_text_color=\u00bb#134E6F\u00bb title_font_size=\u00bb15px\u00bb title_letter_spacing=\u00bb1px\u00bb title_line_height=\u00bb2em\u00bb number_font=\u00bbNoto Serif|700|||||||\u00bb number_text_color=\u00bb#FFA822&#8243; number_line_height=\u00bb1.5em\u00bb animation_style=\u00bbzoom\u00bb animation_delay=\u00bb100ms\u00bb animation_intensity_zoom=\u00bb5%\u00bb][\/et_pb_number_counter][\/et_pb_column][et_pb_column type=\u00bb1_4&#8243; _builder_version=\u00bb3.25&#8243; custom_padding=\u00bb|||\u00bb custom_padding__hover=\u00bb|||\u00bb][et_pb_number_counter title=\u00bbpa\u00edses visitados\u00bb number=\u00bb1&#8243; percent_sign=\u00bboff\u00bb _builder_version=\u00bb4.9.0&#8243; title_font=\u00bb|800||on|||||\u00bb title_text_color=\u00bb#134E6F\u00bb title_font_size=\u00bb15px\u00bb title_letter_spacing=\u00bb1px\u00bb title_line_height=\u00bb2em\u00bb number_font=\u00bbNoto Serif|700|||||||\u00bb number_text_color=\u00bb#FFA822&#8243; number_line_height=\u00bb1.5em\u00bb animation_style=\u00bbzoom\u00bb animation_delay=\u00bb200ms\u00bb animation_intensity_zoom=\u00bb5%\u00bb][\/et_pb_number_counter][\/et_pb_column][et_pb_column type=\u00bb1_4&#8243; _builder_version=\u00bb3.25&#8243; custom_padding=\u00bb|||\u00bb custom_padding__hover=\u00bb|||\u00bb][et_pb_number_counter title=\u00bbProyectos realizados\u00bb number=\u00bb8&#8243; percent_sign=\u00bboff\u00bb _builder_version=\u00bb4.9.0&#8243; title_font=\u00bb|800||on|||||\u00bb title_text_color=\u00bb#134E6F\u00bb title_font_size=\u00bb15px\u00bb title_letter_spacing=\u00bb1px\u00bb title_line_height=\u00bb2em\u00bb number_font=\u00bbNoto Serif|700|||||||\u00bb number_text_color=\u00bb#FFA822&#8243; number_line_height=\u00bb1.5em\u00bb animation_style=\u00bbzoom\u00bb animation_delay=\u00bb300ms\u00bb animation_intensity_zoom=\u00bb5%\u00bb][\/et_pb_number_counter][\/et_pb_column][\/et_pb_row][\/et_pb_section][et_pb_section fb_built=\u00bb1&#8243; _builder_version=\u00bb4.9.0&#8243; background_color=\u00bb#FFFFFF\u00bb custom_padding=\u00bb|||\u00bb locked=\u00bboff\u00bb][et_pb_row column_structure=\u00bb1_2,1_2&#8243; _builder_version=\u00bb4.9.3&#8243; background_color=\u00bb#FFA822&#8243; use_background_color_gradient=\u00bbon\u00bb background_color_gradient_start=\u00bb#ff6150&#8243; background_color_gradient_end=\u00bb#ff6150&#8243; width=\u00bb95.8%\u00bb custom_margin=\u00bb|35px||auto||\u00bb custom_padding=\u00bb|0px||||\u00bb][et_pb_column type=\u00bb1_2&#8243; _builder_version=\u00bb3.25&#8243; custom_padding=\u00bb|||\u00bb custom_padding__hover=\u00bb|||\u00bb][et_pb_image src=\u00bbhttp:\/\/dcv.artcom.mx\/pda\/1190637\/wp-content\/uploads\/sites\/23\/2021\/03\/P.V2.jpg\u00bb title_text=\u00bbP.V2&#8243; align_tablet=\u00bbcenter\u00bb align_phone=\u00bb\u00bb align_last_edited=\u00bbon|desktop\u00bb _builder_version=\u00bb4.9.2&#8243; background_color=\u00bbRGBA(0,0,0,0)\u00bb transform_scale=\u00bb104%|104%\u00bb min_height=\u00bb477px\u00bb custom_margin=\u00bb|||\u00bb custom_padding=\u00bb70px||2px|||\u00bb animation_style=\u00bbslide\u00bb animation_direction=\u00bbbottom\u00bb animation_intensity_slide=\u00bb2%\u00bb border_radii=\u00bbon|3px|3px|3px|3px\u00bb][\/et_pb_image][\/et_pb_column][et_pb_column type=\u00bb1_2&#8243; _builder_version=\u00bb3.25&#8243; custom_padding=\u00bb|||\u00bb custom_padding__hover=\u00bb|||\u00bb][et_pb_cta title=\u00bbLa vida es una oportunidad para ser creativos\u00bb button_url=\u00bb#TOP\u00bb button_text=\u00bbConoce m\u00e1s de m\u00ed\u00bb _builder_version=\u00bb4.9.2&#8243; header_font=\u00bbDM Serif Display|700|||||||\u00bb header_text_color=\u00bb#FFFFFF\u00bb header_font_size=\u00bb44px\u00bb header_line_height=\u00bb1.5em\u00bb body_font=\u00bb||||||||\u00bb body_text_color=\u00bb#FFFFFF\u00bb body_font_size=\u00bb17px\u00bb body_line_height=\u00bb2em\u00bb use_background_color=\u00bboff\u00bb use_background_color_gradient=\u00bbon\u00bb background_color_gradient_start=\u00bb#134e6f\u00bb background_color_gradient_end=\u00bb#134e6f\u00bb custom_button=\u00bbon\u00bb button_text_size=\u00bb16px\u00bb button_text_color=\u00bb#FFFFFF\u00bb button_bg_color=\u00bb#FFA822&#8243; button_border_width=\u00bb5px\u00bb button_border_color=\u00bbRGBA(0,0,0,0)\u00bb button_border_radius=\u00bb100px\u00bb button_font=\u00bbAlmarai|800||on|||||\u00bb button_use_icon=\u00bboff\u00bb text_orientation=\u00bbleft\u00bb background_layout=\u00bblight\u00bb custom_margin=\u00bb60px|||-50px||\u00bb custom_padding=\u00bb||107px|16px||\u00bb header_font_size_tablet=\u00bb\u00bb header_font_size_phone=\u00bb34px\u00bb header_font_size_last_edited=\u00bbon|phone\u00bb button_text_shadow_style=\u00bbpreset2&#8243; button_text_color_hover=\u00bb#ffffff\u00bb button_border_color_hover=\u00bb#ff9e59&#8243; button_bg_color_hover=\u00bb#ff9e59&#8243; button_text_size__hover_enabled=\u00bboff\u00bb button_one_text_size__hover_enabled=\u00bboff\u00bb button_two_text_size__hover_enabled=\u00bboff\u00bb button_text_color__hover_enabled=\u00bbon\u00bb button_text_color__hover=\u00bb#ffffff\u00bb button_one_text_color__hover_enabled=\u00bboff\u00bb button_two_text_color__hover_enabled=\u00bboff\u00bb button_border_width__hover_enabled=\u00bboff\u00bb button_one_border_width__hover_enabled=\u00bboff\u00bb button_two_border_width__hover_enabled=\u00bboff\u00bb button_border_color__hover_enabled=\u00bbon\u00bb button_border_color__hover=\u00bb#ff9e59&#8243; button_one_border_color__hover_enabled=\u00bboff\u00bb button_two_border_color__hover_enabled=\u00bboff\u00bb button_border_radius__hover_enabled=\u00bboff\u00bb button_one_border_radius__hover_enabled=\u00bboff\u00bb button_two_border_radius__hover_enabled=\u00bboff\u00bb button_letter_spacing__hover_enabled=\u00bboff\u00bb button_one_letter_spacing__hover_enabled=\u00bboff\u00bb button_two_letter_spacing__hover_enabled=\u00bboff\u00bb button_bg_color__hover_enabled=\u00bbon\u00bb button_bg_color__hover=\u00bb#ff9e59&#8243; button_one_bg_color__hover_enabled=\u00bboff\u00bb button_two_bg_color__hover_enabled=\u00bboff\u00bb]<\/p>\n<p>Tuve el reto de crear una propuesta de la etiqueta y el empaque del saborizante de vainilla de la marca pasa. Un gran proyecto que me dej\u00f3 grandes experiencias y mucha satisfanci\u00f3n.<\/p>\n<p>[\/et_pb_cta][\/et_pb_column][\/et_pb_row][\/et_pb_section][et_pb_section fb_built=\u00bb1&#8243; admin_label=\u00bbUpcoming Trips\u00bb _builder_version=\u00bb4.9.0&#8243; background_color=\u00bb#134E6F\u00bb custom_padding=\u00bb54px|0px|54px|0px\u00bb][et_pb_row column_structure=\u00bb1_2,1_2&#8243; admin_label=\u00bbTitle Row\u00bb _builder_version=\u00bb4.9.2&#8243; background_color=\u00bb#1AC0C6&#8243; use_background_color_gradient=\u00bbon\u00bb background_color_gradient_start=\u00bb#1ac0c6&#8243; background_color_gradient_end=\u00bb#1ac0c6&#8243; custom_padding=\u00bb|||\u00bb box_shadow_style=\u00bbpreset4&#8243;][et_pb_column type=\u00bb1_2&#8243; _builder_version=\u00bb4.3.4&#8243; custom_padding=\u00bb|||\u00bb custom_padding__hover=\u00bb|||\u00bb][et_pb_text admin_label=\u00bbTitle &amp; Paragraph\u00bb _builder_version=\u00bb4.9.2&#8243; text_font=\u00bb||||||||\u00bb text_text_color=\u00bb#000000&#8243; text_font_size=\u00bb17px\u00bb text_line_height=\u00bb2em\u00bb link_font=\u00bb||||||||\u00bb ul_font=\u00bb||||||||\u00bb ol_font=\u00bb||||||||\u00bb quote_font=\u00bb||||||||\u00bb header_font=\u00bbDM Serif Display|700|||||||\u00bb header_text_align=\u00bbcenter\u00bb header_text_color=\u00bb#000000&#8243; header_2_font=\u00bbDM Serif Display|700|||||||\u00bb header_2_text_color=\u00bb#000000&#8243; header_2_font_size=\u00bb44px\u00bb header_2_line_height=\u00bb1.5em\u00bb header_3_font=\u00bb||||||||\u00bb transform_scale=\u00bb91%|91%\u00bb text_orientation=\u00bbcenter\u00bb max_width=\u00bb800px\u00bb module_alignment=\u00bbcenter\u00bb custom_padding=\u00bb||0px|||\u00bb header_2_font_size_tablet=\u00bb\u00bb header_2_font_size_phone=\u00bb34px\u00bb header_2_font_size_last_edited=\u00bbon|phone\u00bb]<\/p>\n<h2>Proyectos recientes<\/h2>\n<p>Estos son algunos de mis proyectos elavorados durante este a\u00f1o. Proyectos que son un verdadero reto personal realizarlos, pero que se convierten en sue\u00f1os hechos ralidad.\u00a0<\/p>\n<p>[\/et_pb_text][\/et_pb_column][et_pb_column type=\u00bb1_2&#8243; _builder_version=\u00bb4.9.0&#8243; _module_preset=\u00bbdefault\u00bb][et_pb_image src=\u00bbhttp:\/\/dcv.artcom.mx\/pda\/1190637\/wp-content\/uploads\/sites\/23\/2021\/03\/Captura-de-Pantalla-2021-03-21-a-las-15.20.10.png\u00bb title_text=\u00bbCaptura de Pantalla 2021-03-21 a la(s) 15.20.10&#8243; _builder_version=\u00bb4.9.2&#8243; _module_preset=\u00bbdefault\u00bb transform_scale=\u00bb135%|135%\u00bb transform_translate=\u00bb51px|0px\u00bb border_width_all=\u00bb20px\u00bb border_color_all=\u00bb#134E6F\u00bb][\/et_pb_image][\/et_pb_column][\/et_pb_row][et_pb_row _builder_version=\u00bb4.9.2&#8243; _module_preset=\u00bbdefault\u00bb][et_pb_column type=\u00bb4_4&#8243; _builder_version=\u00bb4.9.2&#8243; _module_preset=\u00bbdefault\u00bb][et_pb_image src=\u00bbhttp:\/\/dcv.artcom.mx\/pda\/1190637\/wp-content\/uploads\/sites\/23\/2021\/03\/lob.jpg\u00bb title_text=\u00bblob\u00bb _builder_version=\u00bb4.9.2&#8243; _module_preset=\u00bbdefault\u00bb transform_scale=\u00bb104%|104%\u00bb transform_translate=\u00bb109px|0px\u00bb animation_style=\u00bbzoom\u00bb border_color_all=\u00bb#FFA822&#8243; box_shadow_style=\u00bbpreset3&#8243; box_shadow_horizontal=\u00bb71px\u00bb box_shadow_vertical=\u00bb48px\u00bb box_shadow_blur=\u00bb54px\u00bb box_shadow_spread=\u00bb0px\u00bb box_shadow_color=\u00bb#032B35&#8243;][\/et_pb_image][\/et_pb_column][\/et_pb_row][et_pb_row _builder_version=\u00bb4.9.2&#8243; _module_preset=\u00bbdefault\u00bb][et_pb_column type=\u00bb4_4&#8243; _builder_version=\u00bb4.9.2&#8243; _module_preset=\u00bbdefault\u00bb][et_pb_image src=\u00bbhttp:\/\/dcv.artcom.mx\/pda\/1190637\/wp-content\/uploads\/sites\/23\/2021\/03\/GUIA-POR.jpg\u00bb title_text=\u00bbGU\u00cdA POR\u00bb _builder_version=\u00bb4.9.2&#8243; _module_preset=\u00bbdefault\u00bb transform_translate=\u00bb220px|0px\u00bb transform_translate_linked=\u00bboff\u00bb width=\u00bb100%\u00bb box_shadow_style=\u00bbpreset1&#8243; box_shadow_horizontal=\u00bb22px\u00bb box_shadow_vertical=\u00bb39px\u00bb box_shadow_blur=\u00bb28px\u00bb][\/et_pb_image][\/et_pb_column][\/et_pb_row][\/et_pb_section]<\/p>\n","protected":false},"excerpt":{"rendered":"<p>Tuve el reto de crear una propuesta de la etiqueta y el empaque del saborizante de vainilla de la marca pasa. Un gran proyecto que me dej\u00f3 grandes experiencias y mucha satisfanci\u00f3n.Proyectos recientes Estos son algunos de mis proyectos elavorados durante este a\u00f1o. Proyectos que son un verdadero reto personal realizarlos, pero que se convierten [&hellip;]<\/p>\n","protected":false},"author":27,"featured_media":0,"parent":0,"menu_order":1,"comment_status":"closed","ping_status":"closed","template":"","meta":{"_et_pb_use_builder":"on","_et_pb_old_content":"","_et_gb_content_width":"","inline_featured_image":false,"footnotes":""},"_links":{"self":[{"href":"https:\/\/dcv.artcom.mx\/pda\/1190637\/wp-json\/wp\/v2\/pages\/259"}],"collection":[{"href":"https:\/\/dcv.artcom.mx\/pda\/1190637\/wp-json\/wp\/v2\/pages"}],"about":[{"href":"https:\/\/dcv.artcom.mx\/pda\/1190637\/wp-json\/wp\/v2\/types\/page"}],"author":[{"embeddable":true,"href":"https:\/\/dcv.artcom.mx\/pda\/1190637\/wp-json\/wp\/v2\/users\/27"}],"replies":[{"embeddable":true,"href":"https:\/\/dcv.artcom.mx\/pda\/1190637\/wp-json\/wp\/v2\/comments?post=259"}],"version-history":[{"count":35,"href":"https:\/\/dcv.artcom.mx\/pda\/1190637\/wp-json\/wp\/v2\/pages\/259\/revisions"}],"predecessor-version":[{"id":755,"href":"https:\/\/dcv.artcom.mx\/pda\/1190637\/wp-json\/wp\/v2\/pages\/259\/revisions\/755"}],"wp:attachment":[{"href":"https:\/\/dcv.artcom.mx\/pda\/1190637\/wp-json\/wp\/v2\/media?parent=259"}],"curies":[{"name":"wp","href":"https:\/\/api.w.org\/{rel}","templated":true}]}}