{"id":159,"date":"2020-03-03T22:11:41","date_gmt":"2020-03-04T04:11:41","guid":{"rendered":"http:\/\/pdadcv.artcom.mx\/portafolio-demo\/?page_id=2"},"modified":"2021-05-11T20:34:28","modified_gmt":"2021-05-11T20:34:28","slug":"acerca-de-mi","status":"publish","type":"page","link":"https:\/\/dcv.artcom.mx\/pda\/1190637\/acerca-de-mi\/","title":{"rendered":"Acerca de mi"},"content":{"rendered":"<p>[et_pb_section fb_built=\u00bb1&#8243; admin_label=\u00bbHero Section\u00bb _builder_version=\u00bb4.9.0&#8243; background_color=\u00bb#134E6F\u00bb use_background_color_gradient=\u00bbon\u00bb background_color_gradient_start=\u00bbrgba(0,0,0,0)\u00bb background_color_gradient_end=\u00bbrgba(0,0,0,0)\u00bb background_color_gradient_direction=\u00bb1deg\u00bb background_color_gradient_start_position=\u00bb6%\u00bb background_color_gradient_end_position=\u00bb48%\u00bb custom_padding=\u00bb80px|0px|0px|0px||\u00bb animation_style=\u00bbslide\u00bb animation_direction=\u00bbtop\u00bb animation_intensity_slide=\u00bb2%\u00bb animation_starting_opacity=\u00bb100%\u00bb locked=\u00bboff\u00bb][et_pb_row column_structure=\u00bb1_2,1_2&#8243; _builder_version=\u00bb3.25&#8243; min_height=\u00bb288px\u00bb custom_padding=\u00bb||33px|||\u00bb custom_width_px=\u00bb1440px\u00bb][et_pb_column type=\u00bb1_2&#8243; _builder_version=\u00bb3.25&#8243; custom_padding=\u00bb|||\u00bb custom_padding__hover=\u00bb|||\u00bb][et_pb_text _builder_version=\u00bb4.9.3&#8243; text_font=\u00bbAlmarai||||||||\u00bb header_font=\u00bbDM Serif Display|700|||||||\u00bb header_text_color=\u00bb#ffffff\u00bb header_font_size=\u00bb60px\u00bb header_line_height=\u00bb1.5em\u00bb header_2_font=\u00bb||||||||\u00bb header_3_font=\u00bb||||||||\u00bb header_4_font=\u00bb||||||||\u00bb header_5_font=\u00bb||||||||\u00bb header_6_font=\u00bb||||||||\u00bb custom_margin=\u00bb||20px|\u00bb locked=\u00bboff\u00bb]<\/p>\n<h1>Acerca de mi<\/h1>\n<p>[\/et_pb_text][et_pb_divider color=\u00bb#f7d584&#8243; divider_weight=\u00bb3px\u00bb disabled_on=\u00bbon|on|off\u00bb _builder_version=\u00bb4.9.0&#8243; max_width=\u00bb100px\u00bb module_alignment=\u00bbleft\u00bb height=\u00bb10px\u00bb custom_margin=\u00bb||20px|\u00bb animation_style=\u00bbslide\u00bb animation_direction=\u00bbbottom\u00bb saved_tabs=\u00bball\u00bb locked=\u00bboff\u00bb][\/et_pb_divider][et_pb_text _builder_version=\u00bb4.9.3&#8243; text_font=\u00bb||||||||\u00bb text_text_color=\u00bbrgba(255,255,255,0.8)\u00bb text_font_size=\u00bb18px\u00bb text_line_height=\u00bb1.8em\u00bb header_font=\u00bbAlmarai||||||||\u00bb locked=\u00bboff\u00bb]<\/p>\n<p><span style=\"font-weight: 400\">Soy originario del estado de Chiapas M\u00e9xico, pero radico en Montemorelos N. L. M\u00e9xico.<\/span><\/p>\n<p>[\/et_pb_text][\/et_pb_column][et_pb_column type=\u00bb1_2&#8243; _builder_version=\u00bb3.25&#8243; custom_padding=\u00bb|||\u00bb custom_padding__hover=\u00bb|||\u00bb][\/et_pb_column][\/et_pb_row][\/et_pb_section][et_pb_section fb_built=\u00bb1&#8243; specialty=\u00bbon\u00bb admin_label=\u00bbAbout Us\u00bb _builder_version=\u00bb4.9.0&#8243; background_color=\u00bb#FF6150&#8243; use_background_color_gradient=\u00bbon\u00bb background_color_gradient_start=\u00bbrgba(0,0,0,0)\u00bb background_color_gradient_end=\u00bbrgba(0,0,0,0)\u00bb][et_pb_column type=\u00bb1_2&#8243; specialty_columns=\u00bb2&#8243; _builder_version=\u00bb3.25&#8243; custom_padding=\u00bb|||\u00bb custom_padding__hover=\u00bb|||\u00bb][et_pb_row_inner _builder_version=\u00bb4.9.2&#8243; background_color=\u00bb#DEE0E6&#8243; use_background_color_gradient=\u00bbon\u00bb background_color_gradient_start=\u00bbrgba(0,0,0,0)\u00bb background_color_gradient_end=\u00bbrgba(0,0,0,0)\u00bb width=\u00bb100%\u00bb custom_margin=\u00bb-11px|||||\u00bb border_radii=\u00bboff||||\u00bb][et_pb_column_inner saved_specialty_column_type=\u00bb1_2&#8243; _builder_version=\u00bb3.25&#8243; custom_padding=\u00bb|||\u00bb custom_padding__hover=\u00bb|||\u00bb][et_pb_text _builder_version=\u00bb4.9.4&#8243; text_font=\u00bb||||||||\u00bb text_text_color=\u00bb#134E6F\u00bb text_font_size=\u00bb15px\u00bb text_line_height=\u00bb1.9em\u00bb header_font=\u00bb||||||||\u00bb header_2_font=\u00bb||||||||\u00bb width=\u00bb92.9%\u00bb module_alignment=\u00bbcenter\u00bb min_height=\u00bb781px\u00bb custom_margin=\u00bb|40px||24px||\u00bb custom_padding=\u00bb|14px||11px||\u00bb hover_enabled=\u00bb0&#8243; sticky_enabled=\u00bb0&#8243;]<\/p>\n<p>&nbsp;<\/p>\n<p style=\"text-align: justify\"><span><span style=\"font-weight: 400\">Mi nombre es El\u00ed Ram\u00edrez Hern\u00e1ndez.<\/span><\/span><\/p>\n<p style=\"text-align: justify\"><span><span style=\"font-weight: 400\">Nac\u00ed en el estado de Chiapas, mismo en el que viv\u00ed y crec\u00ed hasta los 20 a\u00f1os. Emigr\u00e9 a Nuevo Le\u00f3n M\u00e9xico junto con mi familia buscando oportinidades para una mejor manera de vivir. Sin duda alguna Dios me ha guiado hasta este este municipio de Montemorelos para vivir en armon\u00eda con su voluntad haciendo su voluntad.\u00a0<\/span><\/span><\/p>\n<p style=\"text-align: justify\"><span><span style=\"font-weight: 400\">Actualmente curso la carrera de Licenciatura en dise\u00f1o de comunicaci\u00f3n visual en la Universidad de Montemorelos N.l. M\u00e9xico. Cuento con un curso de computaci\u00f3n realizados en el a\u00f1o 2000 en dicho municipio.<\/span><\/span><\/p>\n<p style=\"text-align: justify\"><span><span style=\"font-weight: 400\">Los s\u00e1bados nos reunimos en casa de mi madre para cantar, orar y realizar el culto, ya que por motivo de la pandemia no hay reuniones en los templos.<\/span><\/span><\/p>\n<p style=\"text-align: justify\"><span><span style=\"font-weight: 400\"> \u00a0En mis tiempos libres me gusta salir a correr y practicar ciclismo.<\/span><\/span><\/p>\n<p style=\"text-align: justify\"><span style=\"font-weight: 400\">Ser\u00e1 un verdadero placer poner en pr\u00e1ctica lo aprendido y aportar lo mejor de m\u00ed al servicio de Dios.<\/span><\/p>\n<p style=\"text-align: justify\"><span style=\"font-weight: 400\">Creo en un \u00a0su solo Dios. El creador de todo cuanto existe, el que gu\u00eda con amor mi vida, y pronto vendr\u00e1 a poner fin a la maldad, y a \u00a0gobernar con justicia las naciones.\u00a0<\/span><\/p>\n<p><span><span style=\"font-weight: 400\"><\/span><\/span><\/p>\n<p>[\/et_pb_text][\/et_pb_column_inner][\/et_pb_row_inner][et_pb_row_inner _builder_version=\u00bb4.9.2&#8243; _module_preset=\u00bbdefault\u00bb][et_pb_column_inner saved_specialty_column_type=\u00bb1_2&#8243; _builder_version=\u00bb4.9.2&#8243; _module_preset=\u00bbdefault\u00bb][et_pb_toggle title=\u00bbObjetivos\u00bb _builder_version=\u00bb4.9.2&#8243; _module_preset=\u00bbdefault\u00bb title_font=\u00bbDM Serif Display|700|||||||\u00bb title_text_align=\u00bbcenter\u00bb title_font_size=\u00bb20px\u00bb custom_margin=\u00bb-33px|||||\u00bb][\/et_pb_toggle][\/et_pb_column_inner][\/et_pb_row_inner][et_pb_row_inner column_structure=\u00bb1_2,1_2&#8243; _builder_version=\u00bb4.9.2&#8243; background_color=\u00bb#134E6F\u00bb custom_margin=\u00bb-76px|||||\u00bb custom_padding=\u00bb71px||48px|||\u00bb][et_pb_column_inner type=\u00bb1_2&#8243; saved_specialty_column_type=\u00bb1_2&#8243; _builder_version=\u00bb3.25&#8243; custom_padding=\u00bb|||\u00bb custom_padding__hover=\u00bb|||\u00bb][et_pb_text _builder_version=\u00bb4.9.2&#8243; text_font=\u00bb||||||||\u00bb text_text_color=\u00bb#FFFFFF\u00bb text_font_size=\u00bb15px\u00bb text_line_height=\u00bb1.9em\u00bb ul_text_color=\u00bb#FFFFFF\u00bb ol_text_align=\u00bbcenter\u00bb header_font=\u00bb||||||||\u00bb header_2_font=\u00bb||||||||\u00bb text_orientation=\u00bbcenter\u00bb module_alignment=\u00bbcenter\u00bb custom_margin=\u00bb||30px|\u00bb custom_padding=\u00bb|||7px||\u00bb]<\/p>\n<p>Corto plazo<\/p>\n<p>[\/et_pb_text][et_pb_text _builder_version=\u00bb4.9.3&#8243; _module_preset=\u00bbdefault\u00bb text_text_color=\u00bb#FFFFFF\u00bb text_font_size=\u00bb15px\u00bb text_line_height=\u00bb1.5em\u00bb transform_translate=\u00bb24px|0px\u00bb transform_translate_linked=\u00bboff\u00bb text_orientation=\u00bbjustified\u00bb custom_margin=\u00bb|8px||||\u00bb border_width_all=\u00bb5px\u00bb border_color_all=\u00bb#134E6F\u00bb]<\/p>\n<p style=\"text-align: justify\">Quier\u00a0terminar mi carrera \u00a0en dos a\u00a0tres a\u00f1os. Con la ayuda de\u00a0Dios espero lograrlo.<\/p>\n<p>&nbsp;<\/p>\n<p>[\/et_pb_text][\/et_pb_column_inner][et_pb_column_inner type=\u00bb1_2&#8243; saved_specialty_column_type=\u00bb1_2&#8243; _builder_version=\u00bb3.25&#8243; custom_padding=\u00bb|||\u00bb custom_padding__hover=\u00bb|||\u00bb][et_pb_text _builder_version=\u00bb4.9.2&#8243; text_font=\u00bb||||||||\u00bb text_text_color=\u00bb#FFFFFF\u00bb text_font_size=\u00bb15px\u00bb text_line_height=\u00bb1.9em\u00bb ul_text_align=\u00bbright\u00bb ul_text_color=\u00bb#FFFFFF\u00bb header_font=\u00bb||||||||\u00bb header_2_font=\u00bb||||||||\u00bb module_alignment=\u00bbcenter\u00bb custom_margin=\u00bb||30px|\u00bb custom_padding=\u00bb|||6px||\u00bb]<\/p>\n<p>Largo palzo<\/p>\n<p>[\/et_pb_text][et_pb_text _builder_version=\u00bb4.9.2&#8243; _module_preset=\u00bbdefault\u00bb text_text_color=\u00bb#FFFFFF\u00bb text_font_size=\u00bb15px\u00bb text_line_height=\u00bb1.5em\u00bb transform_translate=\u00bb-26px|0px\u00bb transform_translate_linked=\u00bboff\u00bb text_orientation=\u00bbjustified\u00bb custom_padding=\u00bb|||3px||\u00bb border_width_all=\u00bb5px\u00bb border_color_all=\u00bb#134E6F\u00bb]<\/p>\n<p style=\"text-align: justify\">Es mi deseo servir a la iglesia como ofrenda de gratitud \u00a0por todo lo mi dios ha hecho por mi.<\/p>\n<p>[\/et_pb_text][\/et_pb_column_inner][\/et_pb_row_inner][\/et_pb_column][et_pb_column type=\u00bb1_2&#8243; _builder_version=\u00bb3.25&#8243; custom_padding=\u00bb|||\u00bb custom_padding__hover=\u00bb|||\u00bb][et_pb_image src=\u00bbhttp:\/\/dcv.artcom.mx\/pda\/1190637\/wp-content\/uploads\/sites\/23\/2021\/03\/IMG_0372.jpg\u00bb title_text=\u00bbIMG_0372&#8243; force_fullwidth=\u00bbon\u00bb _builder_version=\u00bb4.9.2&#8243; background_color=\u00bb#FFA822&#8243; use_background_color_gradient=\u00bbon\u00bb background_color_gradient_start=\u00bb#dee0e6&#8243; background_color_gradient_end=\u00bb#ffa822&#8243; custom_margin=\u00bb-50%||123px|||\u00bb custom_margin_tablet=\u00bb0px|||\u00bb custom_margin_phone=\u00bb\u00bb custom_margin_last_edited=\u00bbon|phone\u00bb animation_style=\u00bbslide\u00bb animation_direction=\u00bbtop\u00bb animation_duration=\u00bb1500ms\u00bb animation_intensity_slide=\u00bb6%\u00bb animation_starting_opacity=\u00bb100%\u00bb box_shadow_style=\u00bbpreset2&#8243; box_shadow_horizontal=\u00bb27px\u00bb box_shadow_vertical=\u00bb38px\u00bb box_shadow_color=\u00bbrgba(0,0,0,0.2)\u00bb always_center_on_mobile=\u00bboff\u00bb locked=\u00bboff\u00bb][\/et_pb_image][\/et_pb_column][\/et_pb_section][et_pb_section fb_built=\u00bb1&#8243; admin_label=\u00bbStats\u00bb _builder_version=\u00bb4.9.0&#8243; background_color=\u00bb#1AC0C6&#8243; use_background_color_gradient=\u00bbon\u00bb background_color_gradient_start=\u00bb#ffffff\u00bb background_color_gradient_end=\u00bb#134e6f\u00bb custom_padding=\u00bb60px|0px|120px|0px\u00bb][et_pb_row column_structure=\u00bb1_2,1_2&#8243; _builder_version=\u00bb4.9.3&#8243; background_color=\u00bb#134E6F\u00bb width=\u00bb70%\u00bb max_width=\u00bb70%\u00bb module_alignment=\u00bbcenter\u00bb custom_margin=\u00bb|282px||auto||\u00bb custom_padding=\u00bb0px||8px|0px||\u00bb use_custom_width=\u00bbon\u00bb width_unit=\u00bboff\u00bb custom_width_percent=\u00bb70%\u00bb][et_pb_column type=\u00bb1_2&#8243; _builder_version=\u00bb4.9.3&#8243; background_color=\u00bb#134E6F\u00bb use_background_color_gradient=\u00bbon\u00bb background_color_gradient_start=\u00bb#ffa822&#8243; background_color_gradient_end=\u00bb#ffa822&#8243; background_color_gradient_direction=\u00bb0deg\u00bb background_color_gradient_start_position=\u00bb16%\u00bb background_color_gradient_end_position=\u00bb50%\u00bb custom_padding=\u00bb5%|5%||5%\u00bb custom_padding__hover=\u00bb|||\u00bb][et_pb_image src=\u00bbhttp:\/\/dcv.artcom.mx\/pda\/1190637\/wp-content\/uploads\/sites\/23\/2021\/03\/jpg.jpg\u00bb title_text=\u00bbjpg\u00bb force_fullwidth=\u00bbon\u00bb _builder_version=\u00bb4.9.2&#8243; use_background_color_gradient=\u00bbon\u00bb background_color_gradient_start=\u00bbrgba(0,0,0,0)\u00bb background_color_gradient_end=\u00bbrgba(0,0,0,0)\u00bb custom_margin=\u00bb|||\u00bb custom_margin_tablet=\u00bb||0px|\u00bb custom_margin_phone=\u00bb\u00bb custom_margin_last_edited=\u00bbon|phone\u00bb custom_padding=\u00bb|||\u00bb animation_style=\u00bbzoom\u00bb animation_direction=\u00bbbottom\u00bb animation_starting_opacity=\u00bb100%\u00bb box_shadow_style=\u00bbpreset1&#8243; box_shadow_vertical=\u00bb10px\u00bb box_shadow_blur=\u00bb100px\u00bb box_shadow_color=\u00bbrgba(0,0,0,0.2)\u00bb always_center_on_mobile=\u00bboff\u00bb][\/et_pb_image][\/et_pb_column][et_pb_column type=\u00bb1_2&#8243; _builder_version=\u00bb3.25&#8243; custom_padding=\u00bb40px|40px|40px|40px\u00bb custom_padding__hover=\u00bb|||\u00bb][et_pb_text _builder_version=\u00bb4.9.0&#8243; text_font=\u00bb||||||||\u00bb header_font=\u00bbDM Serif Display|700|||||||\u00bb header_text_align=\u00bbleft\u00bb header_text_color=\u00bb#FFFFFF\u00bb header_line_height=\u00bb1.3em\u00bb header_2_font=\u00bbDM Serif Display|700|||||||\u00bb header_2_text_align=\u00bbleft\u00bb header_2_text_color=\u00bb#FFFFFF\u00bb header_2_font_size=\u00bb42px\u00bb header_2_line_height=\u00bb1.5em\u00bb text_orientation=\u00bbcenter\u00bb module_alignment=\u00bbcenter\u00bb custom_margin=\u00bb||10px|\u00bb locked=\u00bboff\u00bb]<\/p>\n<h2>About me<\/h2>\n<p>[\/et_pb_text][et_pb_divider color=\u00bb#f7d584&#8243; divider_weight=\u00bb3px\u00bb disabled_on=\u00bbon|on|off\u00bb _builder_version=\u00bb3.2&#8243; max_width=\u00bb80px\u00bb module_alignment=\u00bbleft\u00bb height=\u00bb10px\u00bb custom_margin=\u00bb||20px|\u00bb animation_style=\u00bbslide\u00bb animation_direction=\u00bbbottom\u00bb saved_tabs=\u00bball\u00bb locked=\u00bboff\u00bb][\/et_pb_divider][et_pb_text _builder_version=\u00bb4.9.3&#8243; text_font=\u00bb||||||||\u00bb text_text_color=\u00bb#FFFFFF\u00bb text_font_size=\u00bb16px\u00bb text_line_height=\u00bb1.9em\u00bb header_font=\u00bb||||||||\u00bb header_2_font=\u00bb||||||||\u00bb background_color=\u00bb#1AC0C6&#8243; max_width=\u00bb644px\u00bb module_alignment=\u00bbleft\u00bb min_height=\u00bb790px\u00bb custom_margin=\u00bb||30px|-62px||\u00bb custom_padding=\u00bb16px|28px|28px|27px||\u00bb]<\/p>\n<p style=\"text-align: justify\">My nime is El\u00ed ram\u00edrez Hern\u00e1ndez<\/p>\n<p style=\"text-align: justify\">I was bord in the state of chiapas, the same state<span lang=\"en\"> in which I lived and grew up until I was 2 years old. I emigrated to Nuevo Le\u00f3n Mexico together with my family looking for opportunities for a better way of life. Without a doubt, God has guided me to this municipality of Montemorelos to live in harmony with his will by doing his will. I am currently studying a Bachelor&#8217;s degree in visual communication design at the University of Montemorelos N.l. Mexico. I have a computer course carried out in 2000 in said municipality. On Saturdays we meet at my mother&#8217;s house to sing, pray and worship, since due to the pandemic there are no meetings in the temples. In my free time I like to go running and cycling. It will be a real pleasure to put into practice what I have learned and to contribute my best to the service of God. I believe in one his only God. The creator of all that exists, the one who guides my life with love, and will soon come to put an end to evil, and to rule the nations with justice<\/span><\/p>\n<p>[\/et_pb_text][et_pb_accordion open_toggle_text_color=\u00bb#FFFFFF\u00bb _builder_version=\u00bb4.9.2&#8243; _module_preset=\u00bbdefault\u00bb toggle_font=\u00bbDM Serif Display|700|||||||\u00bb toggle_font_size=\u00bb20px\u00bb width=\u00bb100%\u00bb min_height=\u00bb64px\u00bb custom_margin=\u00bb20px|-122px|-29px|-334px||\u00bb border_color_all=\u00bb#1AC0C6&#8243;][et_pb_accordion_item title=\u00bb                           Goals\u00bb open=\u00bbon\u00bb _builder_version=\u00bb4.9.2&#8243; _module_preset=\u00bbdefault\u00bb background_color=\u00bb#134E6F\u00bb background_enable_color=\u00bbon\u00bb border_color_all=\u00bb#134E6F\u00bb][\/et_pb_accordion_item][\/et_pb_accordion][\/et_pb_column][\/et_pb_row][et_pb_row column_structure=\u00bb1_2,1_2&#8243; _builder_version=\u00bb4.9.2&#8243; background_color=\u00bb#1AC0C6&#8243; width=\u00bb70.2%\u00bb custom_margin=\u00bb-13px|auto|23px|auto||\u00bb custom_padding=\u00bb6px||11px|||\u00bb][et_pb_column type=\u00bb1_2&#8243; _builder_version=\u00bb3.25&#8243; custom_padding=\u00bb|||\u00bb custom_padding__hover=\u00bb|||\u00bb][et_pb_text _builder_version=\u00bb4.9.2&#8243; text_font=\u00bb||||||||\u00bb text_text_color=\u00bb#FFFFFF\u00bb text_font_size=\u00bb16px\u00bb text_line_height=\u00bb1.9em\u00bb ul_text_color=\u00bb#FFFFFF\u00bb ol_text_align=\u00bbcenter\u00bb header_font=\u00bb||||||||\u00bb header_2_font=\u00bb||||||||\u00bb text_orientation=\u00bbcenter\u00bb module_alignment=\u00bbcenter\u00bb custom_margin=\u00bb||30px|\u00bb custom_padding=\u00bb|||7px||\u00bb]<\/p>\n<p style=\"text-align: left\">\u00a0 \u00a0 \u00a0 \u00a0 \u00a0 \u00a0 \u00a0 \u00a0 Short term<\/p>\n<p>[\/et_pb_text][et_pb_text _builder_version=\u00bb4.9.2&#8243; _module_preset=\u00bbdefault\u00bb text_text_color=\u00bb#FFFFFF\u00bb text_font_size=\u00bb16px\u00bb text_line_height=\u00bb1.5em\u00bb transform_translate=\u00bb24px|0px\u00bb transform_translate_linked=\u00bboff\u00bb text_orientation=\u00bbjustified\u00bb width=\u00bb100%\u00bb custom_padding=\u00bb|57px||48px||\u00bb border_width_all=\u00bb5px\u00bb border_color_all=\u00bb#1AC0C6&#8243;]<\/p>\n<p style=\"text-align: justify\"><span lang=\"en\">I want to finish my degree in two to three years. With God&#8217;s help I hope to achieve it.<\/span><\/p>\n<p>&nbsp;<\/p>\n<p>[\/et_pb_text][\/et_pb_column][et_pb_column type=\u00bb1_2&#8243; _builder_version=\u00bb3.25&#8243; custom_padding=\u00bb|||\u00bb custom_padding__hover=\u00bb|||\u00bb][et_pb_text _builder_version=\u00bb4.9.3&#8243; text_font=\u00bb||||||||\u00bb text_text_color=\u00bb#FFFFFF\u00bb text_font_size=\u00bb16px\u00bb text_line_height=\u00bb1.9em\u00bb ul_text_align=\u00bbright\u00bb ul_text_color=\u00bb#FFFFFF\u00bb header_font=\u00bb||||||||\u00bb header_2_font=\u00bb||||||||\u00bb transform_translate=\u00bb49px|0px\u00bb transform_translate_linked=\u00bboff\u00bb width=\u00bb100%\u00bb module_alignment=\u00bbcenter\u00bb custom_margin=\u00bb-3px|478px|30px|-337px||\u00bb custom_padding=\u00bb7px|353px||6px||\u00bb]<\/p>\n<p><span lang=\"en\">Long term<\/span><\/p>\n<p>[\/et_pb_text][et_pb_text _builder_version=\u00bb4.9.2&#8243; _module_preset=\u00bbdefault\u00bb text_text_color=\u00bb#FFFFFF\u00bb text_font_size=\u00bb16px\u00bb text_line_height=\u00bb1.5em\u00bb transform_translate=\u00bb-26px|0px\u00bb transform_translate_linked=\u00bboff\u00bb text_orientation=\u00bbjustified\u00bb custom_margin=\u00bb|||7px||\u00bb custom_padding=\u00bb|63px||71px||\u00bb border_width_all=\u00bb5px\u00bb border_color_all=\u00bb#1AC0C6&#8243;]<\/p>\n<p style=\"text-align: justify\"><span lang=\"en\">It is my desire to serve the church as an offering of gratitude for all that my God has done for me.<\/span><\/p>\n<p>[\/et_pb_text][\/et_pb_column][\/et_pb_row][\/et_pb_section]<\/p>\n","protected":false},"excerpt":{"rendered":"<p>Acerca de miSoy originario del estado de Chiapas M\u00e9xico, pero radico en Montemorelos N. L. M\u00e9xico.&nbsp; Mi nombre es El\u00ed Ram\u00edrez Hern\u00e1ndez. Nac\u00ed en el estado de Chiapas, mismo en el que viv\u00ed y crec\u00ed hasta los 20 a\u00f1os. Emigr\u00e9 a Nuevo Le\u00f3n M\u00e9xico junto con mi familia buscando oportinidades para una mejor manera de [&hellip;]<\/p>\n","protected":false},"author":27,"featured_media":0,"parent":0,"menu_order":2,"comment_status":"closed","ping_status":"closed","template":"","meta":{"_et_pb_use_builder":"on","_et_pb_old_content":"<!-- wp:paragraph -->\n<p>Esta es una p\u00e1gina de ejemplo. Es diferente a una entrada del blog porque permanecer\u00e1 en un solo lugar y aparecer\u00e1 en la navegaci\u00f3n de tu sitio (en la mayor\u00eda de los temas). La mayor\u00eda de las personas comienzan con una p\u00e1gina \u00abAcerca de\u00bb que les presenta a los visitantes potenciales del sitio. Podr\u00edas decir algo as\u00ed:<\/p>\n<!-- \/wp:paragraph -->\n\n<!-- wp:quote -->\n<blockquote class=\"wp-block-quote\"><p>\u00a1Bienvenido! Soy camarero de d\u00eda, aspirante a actor de noche y esta es mi web. Vivo en Mairena del Alcor, tengo un perro que se llama Firulais y me gusta el rebujito. (Y las tardes largas con caf\u00e9).<\/p><\/blockquote>\n<!-- \/wp:quote -->\n\n<!-- wp:paragraph -->\n<p>\u2026o algo as\u00ed:<\/p>\n<!-- \/wp:paragraph -->\n\n<!-- wp:quote -->\n<blockquote class=\"wp-block-quote\"><p>La empresa \u00abMariscos Recio\u00bb fue fundada por Antonio Recio Mata. Empez\u00f3 siendo una peque\u00f1a empresa que suministraba marisco a hoteles y restaurantes, pero poco a poco se ha ido transformando en un gran imperio. Mariscos Recio, el mar al mejor precio.<\/p><\/blockquote>\n<!-- \/wp:quote -->\n\n<!-- wp:paragraph -->\n<p>Como nuevo usuario de WordPress, deber\u00edas ir a <a href=\"http:\/\/pdadcv.artcom.mx\/portafolio-demo\/wp-admin\/\">tu escritorio<\/a> para borrar esta p\u00e1gina y crear nuevas p\u00e1ginas para tu contenido. \u00a1P\u00e1salo bien!<\/p>\n<!-- \/wp:paragraph -->","_et_gb_content_width":"","inline_featured_image":false,"footnotes":""},"_links":{"self":[{"href":"https:\/\/dcv.artcom.mx\/pda\/1190637\/wp-json\/wp\/v2\/pages\/159"}],"collection":[{"href":"https:\/\/dcv.artcom.mx\/pda\/1190637\/wp-json\/wp\/v2\/pages"}],"about":[{"href":"https:\/\/dcv.artcom.mx\/pda\/1190637\/wp-json\/wp\/v2\/types\/page"}],"author":[{"embeddable":true,"href":"https:\/\/dcv.artcom.mx\/pda\/1190637\/wp-json\/wp\/v2\/users\/27"}],"replies":[{"embeddable":true,"href":"https:\/\/dcv.artcom.mx\/pda\/1190637\/wp-json\/wp\/v2\/comments?post=159"}],"version-history":[{"count":33,"href":"https:\/\/dcv.artcom.mx\/pda\/1190637\/wp-json\/wp\/v2\/pages\/159\/revisions"}],"predecessor-version":[{"id":1106,"href":"https:\/\/dcv.artcom.mx\/pda\/1190637\/wp-json\/wp\/v2\/pages\/159\/revisions\/1106"}],"wp:attachment":[{"href":"https:\/\/dcv.artcom.mx\/pda\/1190637\/wp-json\/wp\/v2\/media?parent=159"}],"curies":[{"name":"wp","href":"https:\/\/api.w.org\/{rel}","templated":true}]}}