{"id":639,"date":"2025-05-12T18:02:00","date_gmt":"2025-05-12T18:02:00","guid":{"rendered":"https:\/\/dcv.artcom.mx\/pda\/1190613\/?page_id=639"},"modified":"2025-05-13T21:58:17","modified_gmt":"2025-05-13T21:58:17","slug":"proyectos-academicos","status":"publish","type":"page","link":"https:\/\/dcv.artcom.mx\/pda\/1190613\/proyectos-academicos\/","title":{"rendered":"Proyectos Acad\u00e9micos"},"content":{"rendered":"<p>[et_pb_section fb_built=\u00bb1&#8243; admin_label=\u00bbProjects\u00bb _builder_version=\u00bb4.24.2&#8243; _module_preset=\u00bbdefault\u00bb min_height=\u00bb3499.5px\u00bb custom_margin=\u00bb||344px|||\u00bb locked=\u00bboff\u00bb collapsed=\u00bbon\u00bb global_colors_info=\u00bb{}\u00bb][et_pb_row _builder_version=\u00bb4.24.2&#8243; _module_preset=\u00bbdefault\u00bb global_colors_info=\u00bb{}\u00bb][et_pb_column type=\u00bb4_4&#8243; _builder_version=\u00bb4.20.0&#8243; _module_preset=\u00bbdefault\u00bb global_colors_info=\u00bb{}\u00bb][et_pb_text _builder_version=\u00bb4.20.0&#8243; _module_preset=\u00bb59ff0792-1661-4253-a10f-1626daf6bd59&#8243; inline_fonts=\u00bbNunito\u00bb global_colors_info=\u00bb{}\u00bb][\/et_pb_text][\/et_pb_column][\/et_pb_row][et_pb_row column_structure=\u00bb1_2,1_2&#8243; _builder_version=\u00bb4.24.2&#8243; _module_preset=\u00bbdefault\u00bb global_colors_info=\u00bb{}\u00bb][et_pb_column type=\u00bb1_2&#8243; _builder_version=\u00bb4.20.0&#8243; _module_preset=\u00bbdefault\u00bb custom_padding_tablet=\u00bb||30px||false|false\u00bb custom_padding_phone=\u00bb||30px||false|false\u00bb custom_padding_last_edited=\u00bbon|tablet\u00bb global_colors_info=\u00bb{}\u00bb][et_pb_image src=\u00bbhttp:\/\/dcv.artcom.mx\/pda\/1190613\/wp-content\/uploads\/sites\/53\/2025\/05\/aryy-1-1-scaled.jpg\u00bb title_text=\u00bbaryy 1 (1)\u00bb show_in_lightbox=\u00bbon\u00bb use_overlay=\u00bbon\u00bb overlay_icon_color=\u00bb#000000&#8243; hover_overlay_color=\u00bbRGBA(255,255,255,0)\u00bb hover_icon=\u00bb&#xf00e;||fa||900&#8243; _builder_version=\u00bb4.24.2&#8243; _module_preset=\u00bbdefault\u00bb background_color=\u00bbrgba(0,0,0,0.04)\u00bb custom_margin=\u00bb114px||||false|false\u00bb custom_padding=\u00bb||24px|||\u00bb box_shadow_style=\u00bbpreset4&#8243; box_shadow_horizontal=\u00bb0px\u00bb box_shadow_vertical=\u00bb0px\u00bb box_shadow_color=\u00bbrgba(0,0,0,0.05)\u00bb global_colors_info=\u00bb{}\u00bb custom_padding__hover_enabled=\u00bboff|hover\u00bb custom_padding__hover=\u00bb50px|50px|50px|50px|true|true\u00bb box_shadow_vertical__hover_enabled=\u00bboff|hover\u00bb box_shadow_blur__hover_enabled=\u00bboff|hover\u00bb box_shadow_blur__hover=\u00bb0px\u00bb box_shadow_color__hover_enabled=\u00bboff|hover\u00bb box_shadow_color__hover=\u00bbrgba(0,0,0,0.3)\u00bb custom_margin__hover_enabled=\u00bboff|hover\u00bb custom_margin__hover=\u00bb||62px||false|false\u00bb transform_styles__hover_enabled=\u00bbon|hover\u00bb transform_scale__hover_enabled=\u00bbon|hover\u00bb transform_translate__hover_enabled=\u00bbon|desktop\u00bb transform_rotate__hover_enabled=\u00bbon|desktop\u00bb transform_skew__hover_enabled=\u00bbon|desktop\u00bb transform_origin__hover_enabled=\u00bbon|desktop\u00bb transform_scale__hover=\u00bb90%|90%\u00bb box_shadow_spread__hover_enabled=\u00bbon|hover\u00bb box_shadow_spread__hover=\u00bb30px\u00bb][\/et_pb_image][et_pb_text _builder_version=\u00bb4.24.2&#8243; _module_preset=\u00bb3560731f-f1e7-46ac-ab33-31dd256a85b9&#8243; custom_margin=\u00bb-42px||-49px||false|false\u00bb custom_padding=\u00bb51px||60px|||\u00bb inline_fonts=\u00bbPoppins\u00bb global_colors_info=\u00bb{}\u00bb]<\/p>\n<p><span style=\"font-size: x-large;font-family: Poppins;font-weight: normal\"><strong>EVANESCENCE<\/strong><\/span><\/p>\n<p>[\/et_pb_text][et_pb_text _builder_version=\u00bb4.24.2&#8243; _module_preset=\u00bba88e5f7c-1444-41b1-9779-e62bddbae403&#8243; inline_fonts=\u00bbPoppins\u00bb global_colors_info=\u00bb{}\u00bb]<\/p>\n<p style=\"text-align: justify\"><span style=\"color: #0a0a0a\"><span style=\"font-family: Poppins;font-weight: normal\">Se implement\u00f3 la tendencia a trav\u00e9s de un efecto visual \u00abdreamy\u00bb utilizando texturas saturadas combinadas con elementos de granulado que aportan una atm\u00f3sfera nost\u00e1lgica. <\/span><span style=\"font-family: Poppins;font-weight: normal\">Se incorporaron detalles ornamentales para evocar a la est\u00e9tica g\u00f3tica. Todo el conjunto nos transporta a las vibras est\u00e9ticas de los a\u00f1os 2000, fusionando la intensidad del metal con la sensibilidad rom\u00e1ntica del goth<\/span><\/span><\/p>\n<p>[\/et_pb_text][\/et_pb_column][et_pb_column type=\u00bb1_2&#8243; _builder_version=\u00bb4.20.0&#8243; _module_preset=\u00bbdefault\u00bb global_colors_info=\u00bb{}\u00bb][et_pb_image src=\u00bbhttp:\/\/dcv.artcom.mx\/pda\/1190613\/wp-content\/uploads\/sites\/53\/2025\/05\/Monky-2.jpg\u00bb title_text=\u00bbMonky 2&#8243; show_in_lightbox=\u00bbon\u00bb use_overlay=\u00bbon\u00bb overlay_icon_color=\u00bb#000000&#8243; hover_overlay_color=\u00bbRGBA(255,255,255,0)\u00bb hover_icon=\u00bb&#xf00e;||fa||900&#8243; _builder_version=\u00bb4.24.2&#8243; _module_preset=\u00bbdefault\u00bb background_color=\u00bbrgba(0,0,0,0.04)\u00bb box_shadow_style=\u00bbpreset4&#8243; box_shadow_horizontal=\u00bb0px\u00bb box_shadow_vertical=\u00bb0px\u00bb box_shadow_color=\u00bbrgba(0,0,0,0.05)\u00bb global_colors_info=\u00bb{}\u00bb transform_styles__hover_enabled=\u00bbon|hover\u00bb transform_scale__hover=\u00bb90%|90%\u00bb transform_scale__hover_enabled=\u00bbon|hover\u00bb transform_translate__hover_enabled=\u00bbon|desktop\u00bb transform_rotate__hover_enabled=\u00bbon|desktop\u00bb transform_skew__hover_enabled=\u00bbon|desktop\u00bb transform_origin__hover_enabled=\u00bbon|desktop\u00bb box_shadow_spread__hover=\u00bb30px\u00bb box_shadow_spread__hover_enabled=\u00bbon|desktop\u00bb][\/et_pb_image][et_pb_text _builder_version=\u00bb4.24.2&#8243; _module_preset=\u00bbdefault\u00bb text_text_color=\u00bb#938357&#8243; custom_padding=\u00bb5px|||||\u00bb inline_fonts=\u00bbPoppins,Poor Story\u00bb global_colors_info=\u00bb{}\u00bb]<\/p>\n<p><span style=\"font-size: x-large\"><strong><span style=\"font-family: Poppins\">ADEU<\/span><\/strong><\/span><\/p>\n<p><span style=\"font-size: medium\"><strong><span style=\"font-family: Poppins\"><\/span><\/strong><\/span><\/p>\n<p>[\/et_pb_text][et_pb_text _builder_version=\u00bb4.24.2&#8243; _module_preset=\u00bba88e5f7c-1444-41b1-9779-e62bddbae403&#8243; text_font=\u00bbPoppins||||||||\u00bb text_text_color=\u00bb#000000&#8243; custom_margin=\u00bb-25px|||||\u00bb custom_padding=\u00bb||1px|||\u00bb inline_fonts=\u00bbPoppins\u00bb global_colors_info=\u00bb{}\u00bb]<\/p>\n<p><span style=\"font-family: Poppins\">Esta serie visual de fotograf\u00eda es una exploraci\u00f3n del cuerpo. A trav\u00e9s del blanco y negro, las texturas suaves y los encuadres fragmentados, se busca capturar lo \u00edntimo sin necesidad de mostrarlo todo<\/span><\/p>\n<p>[\/et_pb_text][et_pb_gallery gallery_ids=\u00bb702,703,704,705,706,707&#8243; fullwidth=\u00bbon\u00bb _builder_version=\u00bb4.24.2&#8243; _module_preset=\u00bbdefault\u00bb global_colors_info=\u00bb{}\u00bb][\/et_pb_gallery][\/et_pb_column][\/et_pb_row][et_pb_row column_structure=\u00bb1_2,1_2&#8243; _builder_version=\u00bb4.24.2&#8243; _module_preset=\u00bbdefault\u00bb global_colors_info=\u00bb{}\u00bb][et_pb_column type=\u00bb1_2&#8243; _builder_version=\u00bb4.20.0&#8243; _module_preset=\u00bbdefault\u00bb custom_padding_tablet=\u00bb||30px||false|false\u00bb custom_padding_phone=\u00bb||30px||false|false\u00bb custom_padding_last_edited=\u00bbon|tablet\u00bb global_colors_info=\u00bb{}\u00bb][et_pb_image src=\u00bbhttp:\/\/dcv.artcom.mx\/pda\/1190613\/wp-content\/uploads\/sites\/53\/2025\/05\/5-1.jpg\u00bb title_text=\u00bb5 (1)\u00bb show_in_lightbox=\u00bbon\u00bb use_overlay=\u00bbon\u00bb overlay_icon_color=\u00bb#000000&#8243; hover_overlay_color=\u00bbRGBA(255,255,255,0)\u00bb hover_icon=\u00bb&#xf00e;||fa||900&#8243; _builder_version=\u00bb4.24.2&#8243; _module_preset=\u00bbdefault\u00bb background_color=\u00bbrgba(0,0,0,0.04)\u00bb custom_margin=\u00bb-324px|||||\u00bb custom_padding=\u00bb||0px|||\u00bb box_shadow_style=\u00bbpreset4&#8243; box_shadow_horizontal=\u00bb0px\u00bb box_shadow_vertical=\u00bb0px\u00bb box_shadow_color=\u00bbrgba(0,0,0,0.05)\u00bb global_colors_info=\u00bb{}\u00bb transform_styles__hover_enabled=\u00bbon|hover\u00bb transform_scale__hover=\u00bb90%|90%\u00bb transform_scale__hover_enabled=\u00bbon|hover\u00bb transform_translate__hover_enabled=\u00bbon|desktop\u00bb transform_rotate__hover_enabled=\u00bbon|desktop\u00bb transform_skew__hover_enabled=\u00bbon|desktop\u00bb transform_origin__hover_enabled=\u00bbon|desktop\u00bb box_shadow_spread__hover=\u00bb30px\u00bb box_shadow_spread__hover_enabled=\u00bbon|hover\u00bb][\/et_pb_image][et_pb_text _builder_version=\u00bb4.24.2&#8243; _module_preset=\u00bbdefault\u00bb text_font=\u00bbPoppins||||||||\u00bb text_text_color=\u00bb#000000&#8243; custom_padding=\u00bb||0px|||\u00bb global_colors_info=\u00bb{}\u00bb]<\/p>\n<p><span style=\"font-size: x-large\"><strong><em>Area <\/em>de dise\u00f1o para la semana de la creatividad<\/strong><\/span><\/p>\n<p>[\/et_pb_text][et_pb_gallery gallery_ids=\u00bb722,723,724&#8243; gallery_orderby=\u00bbrand\u00bb fullwidth=\u00bbon\u00bb _builder_version=\u00bb4.24.2&#8243; _module_preset=\u00bbdefault\u00bb min_height=\u00bb161.4px\u00bb custom_margin=\u00bb18px|||||\u00bb animation_style=\u00bbfade\u00bb animation_duration=\u00bb1750ms\u00bb animation_delay=\u00bb250ms\u00bb animation_starting_opacity=\u00bb22%\u00bb animation_repeat=\u00bbloop\u00bb global_colors_info=\u00bb{}\u00bb][\/et_pb_gallery][et_pb_text _builder_version=\u00bb4.20.0&#8243; _module_preset=\u00bb3560731f-f1e7-46ac-ab33-31dd256a85b9&#8243; custom_margin=\u00bb||10px||false|false\u00bb global_colors_info=\u00bb{}\u00bb][\/et_pb_text][et_pb_text _builder_version=\u00bb4.24.2&#8243; _module_preset=\u00bba88e5f7c-1444-41b1-9779-e62bddbae403&#8243; text_font=\u00bbPoppins||||||||\u00bb min_height=\u00bb29.5px\u00bb custom_margin=\u00bb-31px||-86px|||\u00bb custom_padding=\u00bb||0px|||\u00bb global_colors_info=\u00bb{}\u00bb]<\/p>\n<p><span style=\"font-size: x-large\"><strong><span style=\"color: #0816aa\">K-FOOD<\/span><\/strong><\/span><\/p>\n<p>[\/et_pb_text][\/et_pb_column][et_pb_column type=\u00bb1_2&#8243; _builder_version=\u00bb4.20.0&#8243; _module_preset=\u00bbdefault\u00bb global_colors_info=\u00bb{}\u00bb][et_pb_text _builder_version=\u00bb4.24.2&#8243; _module_preset=\u00bb3560731f-f1e7-46ac-ab33-31dd256a85b9&#8243; min_height=\u00bb37px\u00bb custom_margin=\u00bb22px||10px||false|false\u00bb custom_padding=\u00bb0px|105px|15px|||\u00bb inline_fonts=\u00bbPoppins\u00bb global_colors_info=\u00bb{}\u00bb]<\/p>\n<p><span style=\"font-size: x-large\"><strong><span style=\"font-family: Poppins\">NOSTALG\u00cdA<\/span><\/strong><\/span><\/p>\n<p>[\/et_pb_text][et_pb_text _builder_version=\u00bb4.24.2&#8243; _module_preset=\u00bba88e5f7c-1444-41b1-9779-e62bddbae403&#8243; text_font=\u00bbPoppins||on||||||\u00bb text_text_color=\u00bb#000000&#8243; custom_margin=\u00bb-21px|||||\u00bb custom_padding=\u00bb1px|||||\u00bb inline_fonts=\u00bbPoppins\u00bb global_colors_info=\u00bb{}\u00bb]<\/p>\n<p><span class=\"OYPEnA font-feature-liga-off font-feature-clig-off font-feature-calt-off text-decoration-none text-strikethrough-none\" style=\"font-family: Poppins;font-weight: normal\">Sesi\u00f3n de fotos art\u00edsticas con \u00e9nfasis emocional <\/span><span style=\"font-family: Poppins;font-size: 16px\">A veces necesitamos detenernos y recordar lo que vivimos, mirar la naturaleza, y apreciar los instantes. Permitirse estar melanc\u00f3licos tambi\u00e9n es una forma de disfrutar la vida<\/span><\/p>\n<p>[\/et_pb_text][\/et_pb_column][\/et_pb_row][et_pb_row column_structure=\u00bb1_2,1_2&#8243; _builder_version=\u00bb4.20.0&#8243; _module_preset=\u00bbdefault\u00bb min_height=\u00bb2761.6px\u00bb custom_margin=\u00bb|auto|108px|auto||\u00bb custom_padding=\u00bb||0px|||\u00bb global_colors_info=\u00bb{}\u00bb][et_pb_column type=\u00bb1_2&#8243; _builder_version=\u00bb4.20.0&#8243; _module_preset=\u00bbdefault\u00bb custom_padding_tablet=\u00bb||30px||false|false\u00bb custom_padding_phone=\u00bb||30px||false|false\u00bb custom_padding_last_edited=\u00bbon|tablet\u00bb global_colors_info=\u00bb{}\u00bb][et_pb_image src=\u00bbhttp:\/\/dcv.artcom.mx\/pda\/1190613\/wp-content\/uploads\/sites\/53\/2025\/05\/pantallas-para-expo-02.jpg\u00bb title_text=\u00bbpantallas para expo-02&#8243; show_in_lightbox=\u00bbon\u00bb use_overlay=\u00bbon\u00bb overlay_icon_color=\u00bb#000000&#8243; hover_overlay_color=\u00bbRGBA(255,255,255,0)\u00bb hover_icon=\u00bb&#xf00e;||fa||900&#8243; _builder_version=\u00bb4.24.2&#8243; _module_preset=\u00bbdefault\u00bb background_color=\u00bbrgba(0,0,0,0.04)\u00bb custom_margin=\u00bb83px|||||\u00bb custom_padding=\u00bb|0px||||\u00bb box_shadow_style=\u00bbpreset4&#8243; box_shadow_horizontal=\u00bb0px\u00bb box_shadow_vertical=\u00bb0px\u00bb box_shadow_color=\u00bbrgba(0,0,0,0.05)\u00bb global_colors_info=\u00bb{}\u00bb transform_styles__hover_enabled=\u00bbon|hover\u00bb transform_scale__hover=\u00bb90%|90%\u00bb transform_scale__hover_enabled=\u00bbon|hover\u00bb transform_translate__hover_enabled=\u00bbon|desktop\u00bb transform_rotate__hover_enabled=\u00bbon|desktop\u00bb transform_skew__hover_enabled=\u00bbon|desktop\u00bb transform_origin__hover_enabled=\u00bbon|desktop\u00bb box_shadow_spread__hover=\u00bb30px\u00bb box_shadow_spread__hover_enabled=\u00bbon|hover\u00bb][\/et_pb_image][et_pb_text _builder_version=\u00bb4.24.2&#8243; _module_preset=\u00bb3560731f-f1e7-46ac-ab33-31dd256a85b9&#8243; text_font=\u00bbPoppins||||||||\u00bb text_text_color=\u00bb#b72419&#8243; custom_margin=\u00bb||10px||false|false\u00bb global_colors_info=\u00bb{}\u00bb]<\/p>\n<p><span style=\"font-size: x-large\"><strong>ENLACE CREATIVO (EXPO ARTCOM 2024-2025)<\/strong><\/span><\/p>\n<p>[\/et_pb_text][et_pb_image src=\u00bbhttp:\/\/dcv.artcom.mx\/pda\/1190613\/wp-content\/uploads\/sites\/53\/2025\/05\/Todos-los-lugares-que-mantuvimos-en-secreto_compressed-1-1_page-0002-scaled.jpg\u00bb title_text=\u00bbTodos los lugares que mantuvimos en secreto_compressed (1) (1)_page-0002&#8243; _builder_version=\u00bb4.24.2&#8243; _module_preset=\u00bbdefault\u00bb custom_padding=\u00bb93px|||||\u00bb global_colors_info=\u00bb{}\u00bb][\/et_pb_image][et_pb_text _builder_version=\u00bb4.24.2&#8243; _module_preset=\u00bbdefault\u00bb text_font=\u00bbPoppins||||||||\u00bb inline_fonts=\u00bbPoppins\u00bb global_colors_info=\u00bb{}\u00bb]<\/p>\n<p><span><strong><span style=\"font-size: x-large\"><span style=\"font-family: Poppins\">ALL THE PLACES WE KEPT SECRE<\/span>T<\/span><\/strong><\/span><\/p>\n<p>[\/et_pb_text][et_pb_text _builder_version=\u00bb4.24.2&#8243; _module_preset=\u00bba88e5f7c-1444-41b1-9779-e62bddbae403&#8243; text_font=\u00bbPoppins||||||||\u00bb text_text_color=\u00bb#943dba\u00bb min_height=\u00bb232px\u00bb custom_margin=\u00bb12px|||||\u00bb custom_padding=\u00bb7px||0px|||\u00bb global_colors_info=\u00bb{}\u00bb]<\/p>\n<p><span style=\"color: #0a0101\">El proyecto fue el dise\u00f1o de una plana sobre Finlandia, destacando lo que la hace un destino \u00fanico. Bajo un t\u00edtulo enigm\u00e1tico que re\u00fane todos los lugares que mantuvimos en secreto, se integraron elementos de publicidad e im\u00e1genes evocadoras.<\/span><\/p>\n<p>[\/et_pb_text][et_pb_text _builder_version=\u00bb4.24.2&#8243; _module_preset=\u00bba88e5f7c-1444-41b1-9779-e62bddbae403&#8243; text_font=\u00bbPoppins||||||||\u00bb text_text_color=\u00bb#943dba\u00bb custom_margin=\u00bb12px|||||\u00bb custom_padding=\u00bb7px||0px|||\u00bb global_colors_info=\u00bb{}\u00bb]<\/p>\n<p><span style=\"font-size: x-large\"><strong>SET DE VELAS DE FANTAS\u00cdA<\/strong><\/span><\/p>\n<p>[\/et_pb_text][et_pb_image src=\u00bbhttp:\/\/dcv.artcom.mx\/pda\/1190613\/wp-content\/uploads\/sites\/53\/2025\/05\/render-1-1-scaled.jpg\u00bb title_text=\u00bbrender (1) (1)\u00bb _builder_version=\u00bb4.24.2&#8243; _module_preset=\u00bbdefault\u00bb custom_padding=\u00bb||57px|||\u00bb global_colors_info=\u00bb{}\u00bb][\/et_pb_image][et_pb_image src=\u00bbhttp:\/\/dcv.artcom.mx\/pda\/1190613\/wp-content\/uploads\/sites\/53\/2025\/05\/Enlaceee-identidad-final_page-0001-1-scaled.jpg\u00bb title_text=\u00bbEnlaceee identidad final_page-0001 (1)\u00bb _builder_version=\u00bb4.24.2&#8243; _module_preset=\u00bbdefault\u00bb global_colors_info=\u00bb{}\u00bb][\/et_pb_image][\/et_pb_column][et_pb_column type=\u00bb1_2&#8243; _builder_version=\u00bb4.20.0&#8243; _module_preset=\u00bbdefault\u00bb global_colors_info=\u00bb{}\u00bb][et_pb_image src=\u00bbhttp:\/\/dcv.artcom.mx\/pda\/1190613\/wp-content\/uploads\/sites\/53\/2025\/05\/flores-marchitas_compressed_page-0013.jpg\u00bb title_text=\u00bbflores marchitas_compressed_page-0013&#8243; show_in_lightbox=\u00bbon\u00bb use_overlay=\u00bbon\u00bb overlay_icon_color=\u00bb#000000&#8243; hover_overlay_color=\u00bbRGBA(255,255,255,0)\u00bb hover_icon=\u00bb&#xf00e;||fa||900&#8243; _builder_version=\u00bb4.24.2&#8243; _module_preset=\u00bbdefault\u00bb background_color=\u00bbrgba(0,0,0,0.04)\u00bb min_height=\u00bb468.7px\u00bb custom_margin=\u00bb-597px|||||\u00bb box_shadow_style=\u00bbpreset4&#8243; box_shadow_horizontal=\u00bb0px\u00bb box_shadow_vertical=\u00bb0px\u00bb box_shadow_color=\u00bbrgba(0,0,0,0.05)\u00bb global_colors_info=\u00bb{}\u00bb transform_styles__hover_enabled=\u00bbon|hover\u00bb transform_scale__hover=\u00bb90%|90%\u00bb transform_scale__hover_enabled=\u00bbon|hover\u00bb transform_translate__hover_enabled=\u00bbon|desktop\u00bb transform_rotate__hover_enabled=\u00bbon|desktop\u00bb transform_skew__hover_enabled=\u00bbon|desktop\u00bb transform_origin__hover_enabled=\u00bbon|desktop\u00bb box_shadow_spread__hover=\u00bb30px\u00bb box_shadow_spread__hover_enabled=\u00bbon|hover\u00bb][\/et_pb_image][et_pb_text _builder_version=\u00bb4.20.0&#8243; _module_preset=\u00bb3560731f-f1e7-46ac-ab33-31dd256a85b9&#8243; custom_margin=\u00bb22px||10px||false|false\u00bb inline_fonts=\u00bbPoppins\u00bb global_colors_info=\u00bb{}\u00bb]<\/p>\n<p><span style=\"color: #9454ad\"><strong><span style=\"font-family: Poppins;font-size: x-large\">FLORES MARCHITAS<\/span><\/strong><\/span><\/p>\n<p>[\/et_pb_text][et_pb_text _builder_version=\u00bb4.24.2&#8243; _module_preset=\u00bba88e5f7c-1444-41b1-9779-e62bddbae403&#8243; text_font=\u00bbPoppins||||||||\u00bb global_colors_info=\u00bb{}\u00bb]<\/p>\n<p><span>Este recorrido de dise\u00f1o interactivo soluciona problemas relacionados con el feminicidio, abordando la falta de concienciaci\u00f3n, comprensi\u00f3n y acci\u00f3n en torno a esta problem\u00e1tica.\u00a0<\/span><\/p>\n<p>[\/et_pb_text][et_pb_gallery gallery_ids=\u00bb711,712,713,714,715,716&#8243; fullwidth=\u00bbon\u00bb _builder_version=\u00bb4.24.2&#8243; _module_preset=\u00bbdefault\u00bb custom_margin=\u00bb59px|||||\u00bb global_colors_info=\u00bb{}\u00bb][\/et_pb_gallery][et_pb_text _builder_version=\u00bb4.24.2&#8243; _module_preset=\u00bbdefault\u00bb text_font=\u00bbPoppins||||||||\u00bb text_text_color=\u00bb#E02B20&#8243; text_font_size=\u00bb16px\u00bb global_colors_info=\u00bb{}\u00bb]<\/p>\n<p><span style=\"font-size: x-large\"><strong>RECONECTA<\/strong>\u00a0<\/span><\/p>\n<p><span style=\"color: #0a0101\">Impulsar un v\u00ednculo social que logre mantener un proceso sostenible de producci\u00f3n de piezas de vestimenta \u201cupcycled\u201d.<\/span><\/p>\n<p>[\/et_pb_text][et_pb_gallery gallery_ids=\u00bb728,729,730,731,732,733,734,735,736&#8243; fullwidth=\u00bbon\u00bb _builder_version=\u00bb4.24.2&#8243; _module_preset=\u00bbdefault\u00bb custom_margin=\u00bb||94px|||\u00bb custom_padding=\u00bb77px|||||\u00bb global_colors_info=\u00bb{}\u00bb][\/et_pb_gallery][et_pb_image src=\u00bbhttp:\/\/dcv.artcom.mx\/pda\/1190613\/wp-content\/uploads\/sites\/53\/2025\/05\/faro-scaled.jpg\u00bb title_text=\u00bbfaro\u00bb _builder_version=\u00bb4.24.2&#8243; _module_preset=\u00bbdefault\u00bb custom_margin=\u00bb||18px|||\u00bb border_radii=\u00bbon|1px|1px|1px|1px\u00bb border_width_all=\u00bb13px\u00bb border_color_all=\u00bbrgba(238,239,174,0.73)\u00bb global_colors_info=\u00bb{}\u00bb][\/et_pb_image][et_pb_text _builder_version=\u00bb4.24.2&#8243; _module_preset=\u00bbdefault\u00bb min_height=\u00bb61.4px\u00bb inline_fonts=\u00bbPoppins\u00bb global_colors_info=\u00bb{}\u00bb]<\/p>\n<p><span style=\"font-family: Poppins;font-weight: normal;color: #ccc07c\"><strong><span style=\"font-size: x-large\">LIGHTHOUSE.<\/span><\/strong><\/span><\/p>\n<p>[\/et_pb_text][et_pb_gallery gallery_ids=\u00bb745,746,747,748,749,750&#8243; fullwidth=\u00bbon\u00bb _builder_version=\u00bb4.24.2&#8243; _module_preset=\u00bbdefault\u00bb custom_margin=\u00bb91px|||||\u00bb custom_padding=\u00bb2px|||||\u00bb global_colors_info=\u00bb{}\u00bb][\/et_pb_gallery][et_pb_text _builder_version=\u00bb4.24.2&#8243; _module_preset=\u00bbdefault\u00bb global_colors_info=\u00bb{}\u00bb]<\/p>\n<p><span style=\"color: #616782;font-size: x-large\"><strong>DAS TRIADISCHE BALLET<\/strong><\/span><\/p>\n<p><span style=\"color: #616782;font-size: x-large\"><strong><\/strong><\/span><\/p>\n<p>[\/et_pb_text][et_pb_text _builder_version=\u00bb4.24.2&#8243; _module_preset=\u00bbdefault\u00bb text_text_color=\u00bb#000000&#8243; custom_margin=\u00bb-23px|||||\u00bb inline_fonts=\u00bbPoppins\u00bb global_colors_info=\u00bb{}\u00bb]<\/p>\n<p><span class=\"OYPEnA font-feature-liga-off font-feature-clig-off font-feature-calt-off text-decoration-none text-strikethrough-none\" style=\"font-family: Poppins\">Colecci\u00f3n de playeras inspiradas en el Ballet Tri\u00e1dico de la Bauhaus y en el esp\u00edritu alternativo, callejero y desgastado de Berl\u00edn, Alemania. Cada playera presenta parches de algod\u00f3n sublimado con im\u00e1genes recortadas y cosidas a mano en la parte frontal, mientras que en la parte trasera incluye informaci\u00f3n sobre el concepto, fusionando arte, historia y funcionalidad<\/span><strong><span class=\"OYPEnA font-feature-liga-off font-feature-clig-off font-feature-calt-off text-decoration-none text-strikethrough-none\" style=\"font-family: Poppins\">.<\/span><\/strong><\/p>\n<p>[\/et_pb_text][et_pb_gallery gallery_ids=\u00bb757,759,763,758,761,762,760&#8243; fullwidth=\u00bbon\u00bb _builder_version=\u00bb4.24.2&#8243; _module_preset=\u00bbdefault\u00bb min_height=\u00bb296.4px\u00bb custom_margin=\u00bb1px|||||\u00bb custom_padding=\u00bb0px|||||\u00bb global_colors_info=\u00bb{}\u00bb][\/et_pb_gallery][et_pb_text _builder_version=\u00bb4.24.2&#8243; _module_preset=\u00bbdefault\u00bb text_font=\u00bbPoppins||||||||\u00bb global_colors_info=\u00bb{}\u00bb]<\/p>\n<p><span style=\"color: #818c4d\"><span style=\"font-size: 24px\"><b>REFLECTORES<\/b><\/span><\/span><\/p>\n<p>[\/et_pb_text][\/et_pb_column][\/et_pb_row][\/et_pb_section]<\/p>\n","protected":false},"excerpt":{"rendered":"<p>EVANESCENCESe implement\u00f3 la tendencia a trav\u00e9s de un efecto visual \u00abdreamy\u00bb utilizando texturas saturadas combinadas con elementos de granulado que aportan una atm\u00f3sfera nost\u00e1lgica. Se incorporaron detalles ornamentales para evocar a la est\u00e9tica g\u00f3tica. Todo el conjunto nos transporta a las vibras est\u00e9ticas de los a\u00f1os 2000, fusionando la intensidad del metal con la sensibilidad [&hellip;]<\/p>\n","protected":false},"author":49,"featured_media":0,"parent":0,"menu_order":0,"comment_status":"closed","ping_status":"closed","template":"","meta":{"_et_pb_use_builder":"on","_et_pb_old_content":"","_et_gb_content_width":"","inline_featured_image":false,"footnotes":""},"_links":{"self":[{"href":"https:\/\/dcv.artcom.mx\/pda\/1190613\/wp-json\/wp\/v2\/pages\/639"}],"collection":[{"href":"https:\/\/dcv.artcom.mx\/pda\/1190613\/wp-json\/wp\/v2\/pages"}],"about":[{"href":"https:\/\/dcv.artcom.mx\/pda\/1190613\/wp-json\/wp\/v2\/types\/page"}],"author":[{"embeddable":true,"href":"https:\/\/dcv.artcom.mx\/pda\/1190613\/wp-json\/wp\/v2\/users\/49"}],"replies":[{"embeddable":true,"href":"https:\/\/dcv.artcom.mx\/pda\/1190613\/wp-json\/wp\/v2\/comments?post=639"}],"version-history":[{"count":30,"href":"https:\/\/dcv.artcom.mx\/pda\/1190613\/wp-json\/wp\/v2\/pages\/639\/revisions"}],"predecessor-version":[{"id":949,"href":"https:\/\/dcv.artcom.mx\/pda\/1190613\/wp-json\/wp\/v2\/pages\/639\/revisions\/949"}],"wp:attachment":[{"href":"https:\/\/dcv.artcom.mx\/pda\/1190613\/wp-json\/wp\/v2\/media?parent=639"}],"curies":[{"name":"wp","href":"https:\/\/api.w.org\/{rel}","templated":true}]}}