{"id":160,"date":"2020-03-03T22:17:35","date_gmt":"2020-03-04T04:17:35","guid":{"rendered":"http:\/\/pdadcv.artcom.mx\/portafolio-demo\/?page_id=7"},"modified":"2024-05-07T17:03:53","modified_gmt":"2024-05-07T17:03:53","slug":"mi-carrera","status":"publish","type":"page","link":"https:\/\/dcv.artcom.mx\/pda\/1190613\/mi-carrera\/","title":{"rendered":"Mi carrera"},"content":{"rendered":"<p>[et_pb_section fb_built=\u00bb1&#8243; make_equal=\u00bbon\u00bb use_custom_gutter=\u00bbon\u00bb specialty=\u00bbon\u00bb bg_img_1=\u00bbhttp:\/\/pdadcv.artcom.mx\/portafolio-demo\/wp-content\/uploads\/sites\/2\/2020\/03\/fashion-21.jpg\u00bb padding_top_2=\u00bb100px\u00bb padding_right_2=\u00bb40px\u00bb padding_bottom_2=\u00bb100px\u00bb padding_left_2=\u00bb40px\u00bb _builder_version=\u00bb4.24.2&#8243; background_color=\u00bbrgba(140,109,25,0.97)\u00bb inner_width=\u00bb100%\u00bb inner_max_width=\u00bb100%\u00bb custom_margin=\u00bb|||\u00bb custom_padding=\u00bb0px|0px|0px|0px\u00bb hover_enabled=\u00bb0&#8243; custom_css_main_element=\u00bbmargin-left: 0 !important;\u00bb use_custom_width=\u00bbon\u00bb width_unit=\u00bboff\u00bb custom_width_percent=\u00bb100%\u00bb global_colors_info=\u00bb{}\u00bb sticky_enabled=\u00bb0&#8243;][et_pb_column type=\u00bb1_2&#8243; _builder_version=\u00bb4.16&#8243; custom_padding=\u00bb|||\u00bb global_colors_info=\u00bb{}\u00bb custom_padding__hover=\u00bb|||\u00bb][et_pb_image src=\u00bbhttp:\/\/dcv.artcom.mx\/pda\/1190613\/wp-content\/uploads\/sites\/53\/2024\/05\/WhatsApp-Image-2024-05-07-at-11.00.30-AM.jpeg\u00bb title_text=\u00bbWhatsApp Image 2024-05-07 at 11.00.30 AM\u00bb _builder_version=\u00bb4.24.2&#8243; _module_preset=\u00bbdefault\u00bb hover_enabled=\u00bb0&#8243; global_colors_info=\u00bb{}\u00bb sticky_enabled=\u00bb0&#8243;][\/et_pb_image][\/et_pb_column][et_pb_column type=\u00bb1_2&#8243; specialty_columns=\u00bb2&#8243; _builder_version=\u00bb4.16&#8243; custom_padding=\u00bb|||\u00bb global_colors_info=\u00bb{}\u00bb custom_padding__hover=\u00bb|||\u00bb][et_pb_row_inner _builder_version=\u00bb4.20.4&#8243; max_width=\u00bb800px\u00bb min_height=\u00bb0px\u00bb custom_margin=\u00bb||109px|||\u00bb custom_padding=\u00bb0px|0px|0px|0px||\u00bb animation_style=\u00bbslide\u00bb animation_direction=\u00bbbottom\u00bb animation_intensity_slide=\u00bb10%\u00bb global_colors_info=\u00bb{}\u00bb][et_pb_column_inner saved_specialty_column_type=\u00bb1_2&#8243; _builder_version=\u00bb4.20.4&#8243; custom_padding=\u00bb|||\u00bb global_colors_info=\u00bb{}\u00bb custom_padding__hover=\u00bb|||\u00bb][et_pb_text _builder_version=\u00bb4.24.2&#8243; text_font=\u00bbPoppins|600|||||||\u00bb text_text_color=\u00bbrgba(0,0,0,0.6)\u00bb text_font_size=\u00bb16px\u00bb text_line_height=\u00bb1.9em\u00bb header_font=\u00bb||||||||\u00bb header_2_font=\u00bb||||||||\u00bb module_alignment=\u00bbcenter\u00bb min_height=\u00bb415.8px\u00bb custom_margin=\u00bb||579px|||\u00bb custom_padding=\u00bb157px|||||\u00bb hover_enabled=\u00bb0&#8243; locked=\u00bboff\u00bb inline_fonts=\u00bbBai Jamjuree\u00bb global_colors_info=\u00bb{}\u00bb sticky_enabled=\u00bb0&#8243;]<\/p>\n<p><span style=\"font-size: x-large\"><em><span style=\"color: #f2e3c9;font-family: 'Bai Jamjuree';font-weight: normal\">Cuando estaba peque\u00f1a decid\u00ed que quer\u00eda estudiar derecho por lo que en mi cabeza nunca se me pas\u00f3 la idea del dise\u00f1o. Recuerdo haber escuchado a familiares cercanos decir, \u00abno dibujes, eso no se te da a ti\u00bb. crec\u00ed con esa idea y cuando decid\u00ed a elegir carrera entr\u00e9 en colapso, ya no quer\u00eda derecho, quer\u00eda algo creativo y eleg\u00ed comunicaci\u00f3n, pero algo me faltaba, no sent\u00eda que encajaba y no aprend\u00eda nada. En una pl\u00e1tica con Dios donde yo estaba muriendo en el suelo de mi habitaci\u00f3n, el\u00a0 en medio del caos me mostr\u00f3 que intentar algo nuevo podr\u00eda ser lo que necesitaba y al d\u00eda siguiente me inscrib\u00ed a dise\u00f1o. en cuanto entr\u00e9 al nuevo sal\u00f3n me di cuenta que estaba en el lugar correcto<\/span><\/em><\/span><\/p>\n<p>[\/et_pb_text][\/et_pb_column_inner][\/et_pb_row_inner][\/et_pb_column][\/et_pb_section]<\/p>\n","protected":false},"excerpt":{"rendered":"<p>Cuando estaba peque\u00f1a decid\u00ed que quer\u00eda estudiar derecho por lo que en mi cabeza nunca se me pas\u00f3 la idea del dise\u00f1o. Recuerdo haber escuchado a familiares cercanos decir, \u00abno dibujes, eso no se te da a ti\u00bb. crec\u00ed con esa idea y cuando decid\u00ed a elegir carrera entr\u00e9 en colapso, ya no quer\u00eda derecho, [&hellip;]<\/p>\n","protected":false},"author":49,"featured_media":0,"parent":0,"menu_order":3,"comment_status":"closed","ping_status":"closed","template":"","meta":{"_et_pb_use_builder":"on","_et_pb_old_content":"","_et_gb_content_width":"","inline_featured_image":false,"footnotes":""},"_links":{"self":[{"href":"https:\/\/dcv.artcom.mx\/pda\/1190613\/wp-json\/wp\/v2\/pages\/160"}],"collection":[{"href":"https:\/\/dcv.artcom.mx\/pda\/1190613\/wp-json\/wp\/v2\/pages"}],"about":[{"href":"https:\/\/dcv.artcom.mx\/pda\/1190613\/wp-json\/wp\/v2\/types\/page"}],"author":[{"embeddable":true,"href":"https:\/\/dcv.artcom.mx\/pda\/1190613\/wp-json\/wp\/v2\/users\/49"}],"replies":[{"embeddable":true,"href":"https:\/\/dcv.artcom.mx\/pda\/1190613\/wp-json\/wp\/v2\/comments?post=160"}],"version-history":[{"count":16,"href":"https:\/\/dcv.artcom.mx\/pda\/1190613\/wp-json\/wp\/v2\/pages\/160\/revisions"}],"predecessor-version":[{"id":620,"href":"https:\/\/dcv.artcom.mx\/pda\/1190613\/wp-json\/wp\/v2\/pages\/160\/revisions\/620"}],"wp:attachment":[{"href":"https:\/\/dcv.artcom.mx\/pda\/1190613\/wp-json\/wp\/v2\/media?parent=160"}],"curies":[{"name":"wp","href":"https:\/\/api.w.org\/{rel}","templated":true}]}}