{"id":159,"date":"2020-03-03T22:11:41","date_gmt":"2020-03-04T04:11:41","guid":{"rendered":"http:\/\/pdadcv.artcom.mx\/portafolio-demo\/?page_id=2"},"modified":"2025-05-13T21:29:48","modified_gmt":"2025-05-13T21:29:48","slug":"acerca-de-mi","status":"publish","type":"page","link":"https:\/\/dcv.artcom.mx\/pda\/1190613\/acerca-de-mi\/","title":{"rendered":"Acerca de mi"},"content":{"rendered":"<p>[et_pb_section fb_built=\u00bb1&#8243; admin_label=\u00bbHeader\u00bb _builder_version=\u00bb4.24.2&#8243; _module_preset=\u00bbdefault\u00bb collapsed=\u00bbon\u00bb global_colors_info=\u00bb{}\u00bb][et_pb_row column_structure=\u00bb1_3,2_3&#8243; make_equal=\u00bbon\u00bb _builder_version=\u00bb4.20.0&#8243; _module_preset=\u00bbdefault\u00bb global_colors_info=\u00bb{}\u00bb][et_pb_column type=\u00bb1_3&#8243; _builder_version=\u00bb4.20.0&#8243; _module_preset=\u00bbdefault\u00bb global_colors_info=\u00bb{}\u00bb][et_pb_image src=\u00bbhttp:\/\/dcv.artcom.mx\/pda\/1190613\/wp-content\/uploads\/sites\/53\/2024\/04\/4W2A2976-1-scaled.jpg\u00bb title_text=\u00bb4W2A2976 (1)\u00bb show_in_lightbox=\u00bbon\u00bb use_overlay=\u00bbon\u00bb overlay_icon_color=\u00bb#000000&#8243; hover_overlay_color=\u00bbRGBA(255,255,255,0)\u00bb hover_icon=\u00bb&#xf00e;||fa||900&#8243; _builder_version=\u00bb4.24.2&#8243; _module_preset=\u00bbdefault\u00bb background_color=\u00bbrgba(0,0,0,0.04)\u00bb custom_margin=\u00bb||||false|false\u00bb box_shadow_style=\u00bbpreset4&#8243; box_shadow_horizontal=\u00bb0px\u00bb box_shadow_vertical=\u00bb0px\u00bb box_shadow_color=\u00bbrgba(0,0,0,0.05)\u00bb locked=\u00bboff\u00bb global_colors_info=\u00bb{}\u00bb custom_padding__hover_enabled=\u00bboff|hover\u00bb custom_padding__hover=\u00bb50px|50px|50px|50px|true|true\u00bb box_shadow_vertical__hover_enabled=\u00bboff|hover\u00bb box_shadow_blur__hover_enabled=\u00bboff|hover\u00bb box_shadow_blur__hover=\u00bb0px\u00bb box_shadow_color__hover_enabled=\u00bboff|hover\u00bb box_shadow_color__hover=\u00bbrgba(0,0,0,0.3)\u00bb custom_margin__hover_enabled=\u00bboff|hover\u00bb custom_margin__hover=\u00bb||62px||false|false\u00bb transform_styles__hover_enabled=\u00bbon|hover\u00bb transform_scale__hover_enabled=\u00bbon|hover\u00bb transform_translate__hover_enabled=\u00bbon|desktop\u00bb transform_rotate__hover_enabled=\u00bbon|desktop\u00bb transform_skew__hover_enabled=\u00bbon|desktop\u00bb transform_origin__hover_enabled=\u00bbon|desktop\u00bb transform_scale__hover=\u00bb90%|90%\u00bb box_shadow_spread__hover_enabled=\u00bbon|hover\u00bb box_shadow_spread__hover=\u00bb30px\u00bb][\/et_pb_image][\/et_pb_column][et_pb_column type=\u00bb2_3&#8243; _builder_version=\u00bb4.20.0&#8243; _module_preset=\u00bbdefault\u00bb global_colors_info=\u00bb{}\u00bb][et_pb_image src=\u00bbhttp:\/\/dcv.artcom.mx\/pda\/1190613\/wp-content\/uploads\/sites\/53\/2024\/04\/4W2A3026-1-2-1-1-scaled.jpg\u00bb title_text=\u00bb4W2A3026 (1) (2) (1) (1)\u00bb show_in_lightbox=\u00bbon\u00bb use_overlay=\u00bbon\u00bb overlay_icon_color=\u00bb#000000&#8243; hover_overlay_color=\u00bbRGBA(255,255,255,0)\u00bb hover_icon=\u00bb&#xf00e;||fa||900&#8243; _builder_version=\u00bb4.24.2&#8243; _module_preset=\u00bbdefault\u00bb background_color=\u00bbrgba(0,0,0,0.04)\u00bb custom_margin=\u00bb||||false|false\u00bb box_shadow_style=\u00bbpreset4&#8243; box_shadow_horizontal=\u00bb0px\u00bb box_shadow_vertical=\u00bb0px\u00bb box_shadow_color=\u00bbrgba(0,0,0,0.05)\u00bb locked=\u00bboff\u00bb global_colors_info=\u00bb{}\u00bb custom_padding__hover_enabled=\u00bboff|hover\u00bb custom_padding__hover=\u00bb50px|50px|50px|50px|true|true\u00bb box_shadow_vertical__hover_enabled=\u00bboff|hover\u00bb box_shadow_blur__hover_enabled=\u00bboff|hover\u00bb box_shadow_blur__hover=\u00bb0px\u00bb box_shadow_color__hover_enabled=\u00bboff|hover\u00bb box_shadow_color__hover=\u00bbrgba(0,0,0,0.3)\u00bb custom_margin__hover_enabled=\u00bboff|hover\u00bb custom_margin__hover=\u00bb||62px||false|false\u00bb transform_styles__hover_enabled=\u00bbon|hover\u00bb transform_scale__hover_enabled=\u00bbon|hover\u00bb transform_translate__hover_enabled=\u00bbon|desktop\u00bb transform_rotate__hover_enabled=\u00bbon|desktop\u00bb transform_skew__hover_enabled=\u00bbon|desktop\u00bb transform_origin__hover_enabled=\u00bbon|desktop\u00bb transform_scale__hover=\u00bb90%|90%\u00bb box_shadow_spread__hover_enabled=\u00bbon|hover\u00bb box_shadow_spread__hover=\u00bb30px\u00bb][\/et_pb_image][\/et_pb_column][\/et_pb_row][et_pb_row _builder_version=\u00bb4.20.0&#8243; _module_preset=\u00bbdefault\u00bb global_colors_info=\u00bb{}\u00bb][et_pb_column type=\u00bb4_4&#8243; _builder_version=\u00bb4.20.0&#8243; _module_preset=\u00bbdefault\u00bb global_colors_info=\u00bb{}\u00bb][et_pb_text _builder_version=\u00bb4.20.0&#8243; _module_preset=\u00bb8767fe9f-c6a4-41d0-a3b5-2c87d07d01dd\u00bb inline_fonts=\u00bbPoppins\u00bb global_colors_info=\u00bb{}\u00bb]<\/p>\n<p data-start=\"118\" data-end=\"377\" class=\"\" style=\"text-align: justify\"><span style=\"font-family: Poppins;font-weight: normal;font-size: medium;color: #000000\">Soy Marieli. Me gustan el cielo, los d\u00edas fr\u00edos y todo lo que tenga que ver con el arte. Nac\u00ed el 31 de diciembre de 2003 en Hidalgo del Parral, Chihuahua, y ahora estoy viviendo mi etapa universitaria, entre libros, proyectos y momentos que me est\u00e1n formando.<\/span><\/p>\n<p data-start=\"379\" data-end=\"624\" class=\"\" style=\"text-align: justify\"><span style=\"font-family: Poppins;font-weight: normal;font-size: medium;color: #000000\">Me encanta viajar y descubrir nuevos lugares. Siento que soy una mezcla de cada lugar en el que he estado y de todos los que sue\u00f1o con conocer. Lo mismo me pasa con los libros: los que he le\u00eddo y los que quiero leer tambi\u00e9n me han ido moldeando.<\/span><\/p>\n<p>&nbsp;<\/p>\n<p>[\/et_pb_text][\/et_pb_column][\/et_pb_row][\/et_pb_section][et_pb_section fb_built=\u00bb1&#8243; _builder_version=\u00bb4.24.2&#8243; _module_preset=\u00bbdefault\u00bb global_colors_info=\u00bb{}\u00bb][et_pb_row _builder_version=\u00bb4.24.2&#8243; _module_preset=\u00bbdefault\u00bb column_structure=\u00bb1_2,1_2&#8243;][et_pb_column _builder_version=\u00bb4.24.2&#8243; _module_preset=\u00bbdefault\u00bb type=\u00bb1_2&#8243;][et_pb_gallery _builder_version=\u00bb4.24.2&#8243; _module_preset=\u00bbdefault\u00bb gallery_ids=\u00bb875,876,868,867,878,941,942,943&#8243; fullwidth=\u00bbon\u00bb hover_enabled=\u00bb0&#8243; sticky_enabled=\u00bb0&#8243; custom_padding=\u00bb|66px||65px||\u00bb][\/et_pb_gallery][\/et_pb_column][et_pb_column _builder_version=\u00bb4.24.2&#8243; _module_preset=\u00bbdefault\u00bb type=\u00bb1_2&#8243;][et_pb_text _builder_version=\u00bb4.24.2&#8243; _module_preset=\u00bbdefault\u00bb text_font=\u00bbPoppins||||||||\u00bb text_text_color=\u00bb#000000&#8243; hover_enabled=\u00bb0&#8243; sticky_enabled=\u00bb0&#8243; custom_padding=\u00bb||0px|||\u00bb inline_fonts=\u00bbPoppins\u00bb min_height=\u00bb114.6px\u00bb custom_margin=\u00bb180px||87px|||\u00bb]<\/p>\n<p style=\"text-align: justify\">E<span style=\"font-family: Poppins;font-weight: normal\">ntre mis metas a corto plazo est\u00e1n descubrir y definir mi estilo personal, aprender nuevas herramientas m\u00e1s all\u00e1 de lo que ofrece la escuela, mejorar mi nivel de ingl\u00e9s y subir mis proyectos actuales a Behance. A mediano y largo plazo, deseo viajar, formarme como misionera e ingresar a una escuela de misiones. Tambi\u00e9n me motiva encontrar formas de dise\u00f1ar herramientas que beneficien a ni\u00f1os con autismo.<\/span><\/p>\n<p>[\/et_pb_text][\/et_pb_column][\/et_pb_row][\/et_pb_section][et_pb_section fb_built=\u00bb1&#8243; admin_label=\u00bbFeatures\u00bb _builder_version=\u00bb4.20.0&#8243; _module_preset=\u00bbdefault\u00bb collapsed=\u00bbon\u00bb global_colors_info=\u00bb{}\u00bb][\/et_pb_section]<\/p>\n","protected":false},"excerpt":{"rendered":"<p>Soy Marieli. Me gustan el cielo, los d\u00edas fr\u00edos y todo lo que tenga que ver con el arte. Nac\u00ed el 31 de diciembre de 2003 en Hidalgo del Parral, Chihuahua, y ahora estoy viviendo mi etapa universitaria, entre libros, proyectos y momentos que me est\u00e1n formando. Me encanta viajar y descubrir nuevos lugares. Siento [&hellip;]<\/p>\n","protected":false},"author":49,"featured_media":0,"parent":0,"menu_order":2,"comment_status":"closed","ping_status":"closed","template":"","meta":{"_et_pb_use_builder":"on","_et_pb_old_content":"<!-- wp:paragraph -->\n<p>Esta es una p\u00e1gina de ejemplo. Es diferente a una entrada del blog porque permanecer\u00e1 en un solo lugar y aparecer\u00e1 en la navegaci\u00f3n de tu sitio (en la mayor\u00eda de los temas). La mayor\u00eda de las personas comienzan con una p\u00e1gina \u00abAcerca de\u00bb que les presenta a los visitantes potenciales del sitio. Podr\u00edas decir algo as\u00ed:<\/p>\n<!-- \/wp:paragraph -->\n\n<!-- wp:quote -->\n<blockquote class=\"wp-block-quote\"><p>\u00a1Bienvenido! Soy camarero de d\u00eda, aspirante a actor de noche y esta es mi web. Vivo en Mairena del Alcor, tengo un perro que se llama Firulais y me gusta el rebujito. (Y las tardes largas con caf\u00e9).<\/p><\/blockquote>\n<!-- \/wp:quote -->\n\n<!-- wp:paragraph -->\n<p>\u2026o algo as\u00ed:<\/p>\n<!-- \/wp:paragraph -->\n\n<!-- wp:quote -->\n<blockquote class=\"wp-block-quote\"><p>La empresa \u00abMariscos Recio\u00bb fue fundada por Antonio Recio Mata. Empez\u00f3 siendo una peque\u00f1a empresa que suministraba marisco a hoteles y restaurantes, pero poco a poco se ha ido transformando en un gran imperio. Mariscos Recio, el mar al mejor precio.<\/p><\/blockquote>\n<!-- \/wp:quote -->\n\n<!-- wp:paragraph -->\n<p>Como nuevo usuario de WordPress, deber\u00edas ir a <a href=\"http:\/\/pdadcv.artcom.mx\/portafolio-demo\/wp-admin\/\">tu escritorio<\/a> para borrar esta p\u00e1gina y crear nuevas p\u00e1ginas para tu contenido. \u00a1P\u00e1salo bien!<\/p>\n<!-- \/wp:paragraph -->","_et_gb_content_width":"","inline_featured_image":false,"footnotes":""},"_links":{"self":[{"href":"https:\/\/dcv.artcom.mx\/pda\/1190613\/wp-json\/wp\/v2\/pages\/159"}],"collection":[{"href":"https:\/\/dcv.artcom.mx\/pda\/1190613\/wp-json\/wp\/v2\/pages"}],"about":[{"href":"https:\/\/dcv.artcom.mx\/pda\/1190613\/wp-json\/wp\/v2\/types\/page"}],"author":[{"embeddable":true,"href":"https:\/\/dcv.artcom.mx\/pda\/1190613\/wp-json\/wp\/v2\/users\/49"}],"replies":[{"embeddable":true,"href":"https:\/\/dcv.artcom.mx\/pda\/1190613\/wp-json\/wp\/v2\/comments?post=159"}],"version-history":[{"count":10,"href":"https:\/\/dcv.artcom.mx\/pda\/1190613\/wp-json\/wp\/v2\/pages\/159\/revisions"}],"predecessor-version":[{"id":945,"href":"https:\/\/dcv.artcom.mx\/pda\/1190613\/wp-json\/wp\/v2\/pages\/159\/revisions\/945"}],"wp:attachment":[{"href":"https:\/\/dcv.artcom.mx\/pda\/1190613\/wp-json\/wp\/v2\/media?parent=159"}],"curies":[{"name":"wp","href":"https:\/\/api.w.org\/{rel}","templated":true}]}}