{"id":17,"date":"2020-03-03T22:36:20","date_gmt":"2020-03-04T04:36:20","guid":{"rendered":"http:\/\/pdadcv.artcom.mx\/portafolio-demo\/?page_id=17"},"modified":"2021-05-14T01:13:42","modified_gmt":"2021-05-14T01:13:42","slug":"investigaciones","status":"publish","type":"page","link":"https:\/\/dcv.artcom.mx\/pda\/1190459\/investigaciones\/","title":{"rendered":"Investigaciones"},"content":{"rendered":"<p>[et_pb_section fb_built=\u00bb1&#8243; admin_label=\u00bbPage Title Section\u00bb _builder_version=\u00bb4.9.0&#8243; use_background_color_gradient=\u00bbon\u00bb background_color_gradient_start=\u00bb#ffffda\u00bb background_color_gradient_end=\u00bbrgba(49,62,71,0.5)\u00bb background_color_gradient_overlays_image=\u00bbon\u00bb background_image=\u00bbhttp:\/\/dcv.artcom.mx\/pda\/1190459\/wp-content\/uploads\/sites\/16\/2021\/02\/law-firm-27.jpg\u00bb custom_padding=\u00bb120px||120px|\u00bb][et_pb_row admin_label=\u00bbPage Title Area\u00bb _builder_version=\u00bb3.25&#8243; background_size=\u00bbinitial\u00bb background_position=\u00bbtop_left\u00bb background_repeat=\u00bbrepeat\u00bb][et_pb_column type=\u00bb4_4&#8243; _builder_version=\u00bb3.25&#8243; custom_padding=\u00bb|||\u00bb custom_padding__hover=\u00bb|||\u00bb][et_pb_text admin_label=\u00bbPage Title\u00bb _builder_version=\u00bb3.27.4&#8243; text_font=\u00bb||||||||\u00bb text_font_size=\u00bb18px\u00bb text_line_height=\u00bb2em\u00bb link_font=\u00bb||||||||\u00bb ul_font=\u00bb||||||||\u00bb ol_font=\u00bb||||||||\u00bb quote_font=\u00bb||||||||\u00bb header_font=\u00bbPrata||||||||\u00bb header_font_size=\u00bb60px\u00bb header_line_height=\u00bb1.6em\u00bb header_2_font=\u00bb||||||||\u00bb header_3_font=\u00bb||||||||\u00bb header_4_font=\u00bb||||||||\u00bb header_5_font=\u00bb||||||||\u00bb header_6_font=\u00bb||||||||\u00bb text_orientation=\u00bbcenter\u00bb background_layout=\u00bbdark\u00bb max_width=\u00bb700px\u00bb module_alignment=\u00bbcenter\u00bb custom_margin=\u00bb|||\u00bb animation_style=\u00bbfade\u00bb header_font_size_tablet=\u00bb40px\u00bb header_font_size_phone=\u00bb\u00bb header_font_size_last_edited=\u00bbon|tablet\u00bb]<\/p>\n<h1><span style=\"color: #1c1b4d\">Investigaci\u00f3n<\/span><\/h1>\n<p>[\/et_pb_text][\/et_pb_column][\/et_pb_row][\/et_pb_section][et_pb_section fb_built=\u00bb1&#8243; admin_label=\u00bbGet In Touch Section\u00bb _builder_version=\u00bb3.22&#8243; background_color=\u00bb#f7f7f7&#8243; custom_padding=\u00bb110px||110px|\u00bb border_width_right=\u00bb8vw\u00bb border_color_right=\u00bbrgba(255,186,96,0.6)\u00bb][et_pb_row column_structure=\u00bb1_2,1_2&#8243; _builder_version=\u00bb4.9.4&#8243; _module_preset=\u00bbdefault\u00bb][et_pb_column type=\u00bb1_2&#8243; _builder_version=\u00bb4.9.4&#8243; _module_preset=\u00bbdefault\u00bb][et_pb_gallery _builder_version=\u00bb4.9.4&#8243; _module_preset=\u00bbdefault\u00bb gallery_ids=\u00bb932,933&#8243; fullwidth=\u00bbon\u00bb hover_enabled=\u00bb0&#8243; sticky_enabled=\u00bb0&#8243;][\/et_pb_gallery][\/et_pb_column][et_pb_column type=\u00bb1_2&#8243; _builder_version=\u00bb4.9.4&#8243; _module_preset=\u00bbdefault\u00bb][et_pb_text _builder_version=\u00bb4.9.4&#8243; _module_preset=\u00bbdefault\u00bb text_font=\u00bbPoppins||||||||\u00bb text_font_size=\u00bb16px\u00bb custom_margin=\u00bb106px||||false|false\u00bb]<\/p>\n<p style=\"text-align: center\"><strong>Titulo de la Investigaci\u00f3n<\/strong><\/p>\n<p style=\"text-align: center\">De la exposici\u00f3n a la venta. La tienda ARTCOM como proyecto de emprendimiento personal.<\/p>\n<p style=\"text-align: center\"><strong>Docente:<\/strong><\/p>\n<p style=\"text-align: center\">Rub\u00ed Janeth L\u00f3pez Aguirre.<\/p>\n<p style=\"text-align: center\"><strong>Aporte de Investigaci\u00f3n<\/strong><\/p>\n<p style=\"text-align: center\">Estudiantes con una marca personal de emprendimiento, realizado en le workshop creativo y utilizando la plataforma de la tienda Artcom para su venta y promoci\u00f3n.<\/p>\n<p style=\"text-align: center\"><strong>L\u00edneas de Investigaci\u00f3n<\/strong><\/p>\n<p style=\"text-align: center\">Dise\u00f1o en emprendimiento e Innovaci\u00f3n.<\/p>\n<p>[\/et_pb_text][\/et_pb_column][\/et_pb_row][\/et_pb_section]<\/p>\n","protected":false},"excerpt":{"rendered":"<p>Investigaci\u00f3nTitulo de la Investigaci\u00f3n De la exposici\u00f3n a la venta. La tienda ARTCOM como proyecto de emprendimiento personal. Docente: Rub\u00ed Janeth L\u00f3pez Aguirre. Aporte de Investigaci\u00f3n Estudiantes con una marca personal de emprendimiento, realizado en le workshop creativo y utilizando la plataforma de la tienda Artcom para su venta y promoci\u00f3n. L\u00edneas de Investigaci\u00f3n Dise\u00f1o [&hellip;]<\/p>\n","protected":false},"author":20,"featured_media":0,"parent":0,"menu_order":7,"comment_status":"closed","ping_status":"closed","template":"","meta":{"_et_pb_use_builder":"on","_et_pb_old_content":"<!-- wp:divi\/placeholder \/-->","_et_gb_content_width":"","inline_featured_image":false,"footnotes":""},"_links":{"self":[{"href":"https:\/\/dcv.artcom.mx\/pda\/1190459\/wp-json\/wp\/v2\/pages\/17"}],"collection":[{"href":"https:\/\/dcv.artcom.mx\/pda\/1190459\/wp-json\/wp\/v2\/pages"}],"about":[{"href":"https:\/\/dcv.artcom.mx\/pda\/1190459\/wp-json\/wp\/v2\/types\/page"}],"author":[{"embeddable":true,"href":"https:\/\/dcv.artcom.mx\/pda\/1190459\/wp-json\/wp\/v2\/users\/20"}],"replies":[{"embeddable":true,"href":"https:\/\/dcv.artcom.mx\/pda\/1190459\/wp-json\/wp\/v2\/comments?post=17"}],"version-history":[{"count":8,"href":"https:\/\/dcv.artcom.mx\/pda\/1190459\/wp-json\/wp\/v2\/pages\/17\/revisions"}],"predecessor-version":[{"id":935,"href":"https:\/\/dcv.artcom.mx\/pda\/1190459\/wp-json\/wp\/v2\/pages\/17\/revisions\/935"}],"wp:attachment":[{"href":"https:\/\/dcv.artcom.mx\/pda\/1190459\/wp-json\/wp\/v2\/media?parent=17"}],"curies":[{"name":"wp","href":"https:\/\/api.w.org\/{rel}","templated":true}]}}