{"id":7,"date":"2020-03-03T22:17:35","date_gmt":"2020-03-04T04:17:35","guid":{"rendered":"http:\/\/pdadcv.artcom.mx\/portafolio-demo\/?page_id=7"},"modified":"2024-04-08T15:00:31","modified_gmt":"2024-04-08T15:00:31","slug":"mi-carrera","status":"publish","type":"page","link":"https:\/\/dcv.artcom.mx\/pda\/1190457\/mi-carrera\/","title":{"rendered":"Mi carrera"},"content":{"rendered":"<p>[et_pb_section fb_built=\u00bb1&#8243; make_equal=\u00bbon\u00bb use_custom_gutter=\u00bbon\u00bb gutter_width=\u00bb2&#8243; specialty=\u00bbon\u00bb bg_img_1=\u00bbhttp:\/\/pdadcv.artcom.mx\/portafolio-demo\/wp-content\/uploads\/sites\/2\/2020\/03\/fashion-21.jpg\u00bb use_background_color_gradient_2=\u00bboff\u00bb padding_top_2=\u00bb100px\u00bb padding_right_2=\u00bb40px\u00bb padding_bottom_2=\u00bb100px\u00bb padding_left_2=\u00bb40px\u00bb _builder_version=\u00bb4.24.2&#8243; use_background_color_gradient=\u00bbon\u00bb background_color_gradient_direction=\u00bb163deg\u00bb background_color_gradient_stops=\u00bb#6a9eda 0%|#000000 49%\u00bb inner_width=\u00bb100%\u00bb inner_max_width=\u00bb100%\u00bb custom_margin=\u00bb|||\u00bb custom_padding=\u00bb31px|0px|0px|0px||\u00bb animation_style=\u00bbfade\u00bb custom_css_main_element=\u00bbmargin-left: 0 !important;\u00bb use_custom_width=\u00bbon\u00bb width_unit=\u00bboff\u00bb custom_width_percent=\u00bb100%\u00bb global_colors_info=\u00bb{}\u00bb][et_pb_column type=\u00bb1_2&#8243; _builder_version=\u00bb4.16&#8243; custom_padding=\u00bb|||\u00bb global_colors_info=\u00bb{}\u00bb custom_padding__hover=\u00bb|||\u00bb][et_pb_image src=\u00bbhttp:\/\/dcv.artcom.mx\/pda\/1190457\/wp-content\/uploads\/sites\/52\/2023\/05\/WhatsApp-Image-2023-05-08-at-17.54.20.jpeg\u00bb title_text=\u00bbWhatsApp Image 2023-05-08 at 17.54.20&#8243; _builder_version=\u00bb4.20.4&#8243; _module_preset=\u00bbdefault\u00bb global_colors_info=\u00bb{}\u00bb][\/et_pb_image][\/et_pb_column][et_pb_column type=\u00bb1_2&#8243; specialty_columns=\u00bb2&#8243; _builder_version=\u00bb4.16&#8243; custom_padding=\u00bb|||\u00bb global_colors_info=\u00bb{}\u00bb custom_padding__hover=\u00bb|||\u00bb][et_pb_row_inner _builder_version=\u00bb4.24.2&#8243; max_width=\u00bb800px\u00bb custom_padding=\u00bb30px|0px|30px|0px\u00bb animation_style=\u00bbfade\u00bb animation_direction=\u00bbbottom\u00bb hover_enabled=\u00bb0&#8243; global_colors_info=\u00bb{}\u00bb sticky_enabled=\u00bb0&#8243;][et_pb_column_inner saved_specialty_column_type=\u00bb1_2&#8243; _builder_version=\u00bb4.16&#8243; custom_padding=\u00bb|||\u00bb global_colors_info=\u00bb{}\u00bb custom_padding__hover=\u00bb|||\u00bb][et_pb_text _builder_version=\u00bb4.20.4&#8243; text_font=\u00bb||||||||\u00bb header_font=\u00bbPoppins|600|||||||\u00bb header_text_align=\u00bbcenter\u00bb header_text_color=\u00bb#FFFFFF\u00bb header_font_size=\u00bb56px\u00bb header_text_shadow_style=\u00bbpreset4&#8243; header_text_shadow_color=\u00bb#000000&#8243; global_colors_info=\u00bb{}\u00bb]<\/p>\n<h1><span style=\"color: #ffffff\">Mi carrera<\/span><\/h1>\n<p>[\/et_pb_text][et_pb_divider color=\u00bb#f7d584&#8243; divider_weight=\u00bb3px\u00bb disabled_on=\u00bbon|on|off\u00bb _builder_version=\u00bb4.20.4&#8243; max_width=\u00bb80px\u00bb module_alignment=\u00bbcenter\u00bb height=\u00bb10px\u00bb custom_margin=\u00bb||20px|\u00bb animation_style=\u00bbslide\u00bb animation_direction=\u00bbbottom\u00bb saved_tabs=\u00bball\u00bb locked=\u00bboff\u00bb global_colors_info=\u00bb{}\u00bb][\/et_pb_divider][et_pb_text _builder_version=\u00bb4.16&#8243; text_font=\u00bbPlayfair Display||on||||||\u00bb text_text_color=\u00bbrgba(0,0,0,0.31)\u00bb text_letter_spacing=\u00bb1px\u00bb text_line_height=\u00bb1.8em\u00bb text_orientation=\u00bbcenter\u00bb module_alignment=\u00bbcenter\u00bb min_height=\u00bb32px\u00bb custom_padding=\u00bb||0px|||\u00bb inline_fonts=\u00bbMontserrat\u00bb global_colors_info=\u00bb{}\u00bb]<\/p>\n<p><span style=\"font-family: Montserrat;font-weight: normal;color: #ffffff\">Dise\u00f1o en Comunicaci\u00f3n Visual<\/span><\/p>\n<p>[\/et_pb_text][\/et_pb_column_inner][\/et_pb_row_inner][et_pb_row_inner _builder_version=\u00bb4.20.4&#8243; max_width=\u00bb800px\u00bb custom_padding=\u00bb30px|0px|30px|0px\u00bb animation_style=\u00bbfade\u00bb animation_direction=\u00bbbottom\u00bb global_colors_info=\u00bb{}\u00bb][et_pb_column_inner saved_specialty_column_type=\u00bb1_2&#8243; _builder_version=\u00bb4.16&#8243; custom_padding=\u00bb|||\u00bb global_colors_info=\u00bb{}\u00bb custom_padding__hover=\u00bb|||\u00bb][et_pb_text _builder_version=\u00bb4.20.4&#8243; text_font=\u00bbPoppins|600|||||||\u00bb text_text_color=\u00bb#FFFFFF\u00bb text_font_size=\u00bb16px\u00bb text_line_height=\u00bb1.9em\u00bb header_font=\u00bb||||||||\u00bb header_2_font=\u00bb||||||||\u00bb module_alignment=\u00bbcenter\u00bb custom_margin=\u00bb|||\u00bb locked=\u00bboff\u00bb global_colors_info=\u00bb{}\u00bb]<\/p>\n<p><span>Actualmente estoy terminando el 4to semestre de Dise\u00f1o de Comunicaci\u00f3n Visual, y\u00a0siento que el tiempo a pasado muy\u00a0<\/span><span><\/span>r\u00e1pido, estoy muy fel\u00edz con la carrera que estudio y me siento muy c\u00f3modo con la oportunidad que tengo de mostrar a los dem\u00e1s mi habilidad con el arte a trav\u00e9s de esta carrera tan bonita.<\/p>\n<p>Al ingresar a esta carrera aprendes a trabajar en equipo con inclusive otras carreras, desarrollas habilidades que beneficiaran tu desempe\u00f1o acad\u00e9mico y laboral&#8230; y si hablamos en particular de la universidad en donde estudio podr\u00e1s adquirir conocimiento espiritual que te ayudar\u00e1 a solidificar tu cosmovisi\u00f3n.<\/p>\n<p>&nbsp;<\/p>\n<p>[\/et_pb_text][\/et_pb_column_inner][\/et_pb_row_inner][et_pb_row_inner _builder_version=\u00bb4.20.4&#8243; max_width=\u00bb795px\u00bb custom_padding=\u00bb30px|0px|30px|0px\u00bb animation_style=\u00bbfade\u00bb animation_direction=\u00bbbottom\u00bb global_colors_info=\u00bb{}\u00bb][et_pb_column_inner saved_specialty_column_type=\u00bb1_2&#8243; _builder_version=\u00bb4.16&#8243; custom_padding=\u00bb|||\u00bb global_colors_info=\u00bb{}\u00bb custom_padding__hover=\u00bb|||\u00bb][et_pb_text _builder_version=\u00bb4.16&#8243; text_font=\u00bbPoppins|600|||||||\u00bb text_text_color=\u00bbrgba(0,0,0,0.6)\u00bb text_font_size=\u00bb16px\u00bb text_line_height=\u00bb1.9em\u00bb header_font=\u00bb||||||||\u00bb header_2_font=\u00bbPlayfair Display||on||||||\u00bb header_2_text_align=\u00bbcenter\u00bb header_2_font_size=\u00bb60px\u00bb header_2_line_height=\u00bb1.5em\u00bb max_width=\u00bb633px\u00bb module_alignment=\u00bbcenter\u00bb custom_margin=\u00bb|||\u00bb animation_style=\u00bbflip\u00bb animation_direction=\u00bbright\u00bb locked=\u00bboff\u00bb global_colors_info=\u00bb{}\u00bb]<\/p>\n<h2><span style=\"color: #ffffff\">\u00abHaz lo que mejor sabes hacer, pero s\u00e9 capaz de cambiar con el tiempo.\u00bb Paula Scher.<\/span><\/h2>\n<p>[\/et_pb_text][\/et_pb_column_inner][\/et_pb_row_inner][\/et_pb_column][\/et_pb_section]<\/p>\n","protected":false},"excerpt":{"rendered":"<p>Mi carreraDise\u00f1o en Comunicaci\u00f3n VisualActualmente estoy terminando el 4to semestre de Dise\u00f1o de Comunicaci\u00f3n Visual, y\u00a0siento que el tiempo a pasado muy\u00a0r\u00e1pido, estoy muy fel\u00edz con la carrera que estudio y me siento muy c\u00f3modo con la oportunidad que tengo de mostrar a los dem\u00e1s mi habilidad con el arte a trav\u00e9s de esta carrera [&hellip;]<\/p>\n","protected":false},"author":55,"featured_media":0,"parent":0,"menu_order":3,"comment_status":"closed","ping_status":"closed","template":"","meta":{"_et_pb_use_builder":"on","_et_pb_old_content":"","_et_gb_content_width":"","inline_featured_image":false,"footnotes":""},"_links":{"self":[{"href":"https:\/\/dcv.artcom.mx\/pda\/1190457\/wp-json\/wp\/v2\/pages\/7"}],"collection":[{"href":"https:\/\/dcv.artcom.mx\/pda\/1190457\/wp-json\/wp\/v2\/pages"}],"about":[{"href":"https:\/\/dcv.artcom.mx\/pda\/1190457\/wp-json\/wp\/v2\/types\/page"}],"author":[{"embeddable":true,"href":"https:\/\/dcv.artcom.mx\/pda\/1190457\/wp-json\/wp\/v2\/users\/55"}],"replies":[{"embeddable":true,"href":"https:\/\/dcv.artcom.mx\/pda\/1190457\/wp-json\/wp\/v2\/comments?post=7"}],"version-history":[{"count":10,"href":"https:\/\/dcv.artcom.mx\/pda\/1190457\/wp-json\/wp\/v2\/pages\/7\/revisions"}],"predecessor-version":[{"id":432,"href":"https:\/\/dcv.artcom.mx\/pda\/1190457\/wp-json\/wp\/v2\/pages\/7\/revisions\/432"}],"wp:attachment":[{"href":"https:\/\/dcv.artcom.mx\/pda\/1190457\/wp-json\/wp\/v2\/media?parent=7"}],"curies":[{"name":"wp","href":"https:\/\/api.w.org\/{rel}","templated":true}]}}