{"id":394,"date":"2024-03-25T14:31:47","date_gmt":"2024-03-25T14:31:47","guid":{"rendered":"https:\/\/dcv.artcom.mx\/pda\/1190457\/?page_id=394"},"modified":"2024-05-07T16:53:34","modified_gmt":"2024-05-07T16:53:34","slug":"proyectos-academicos-2","status":"publish","type":"page","link":"https:\/\/dcv.artcom.mx\/pda\/1190457\/evidencias\/proyectos-academicos-2\/","title":{"rendered":"Proyectos Acad\u00e9micos *"},"content":{"rendered":"<p>[et_pb_section fb_built=\u00bb1&#8243; _builder_version=\u00bb4.24.2&#8243; _module_preset=\u00bbdefault\u00bb use_background_color_gradient=\u00bbon\u00bb background_color_gradient_direction=\u00bb277deg\u00bb background_color_gradient_stops=\u00bb#000000 52%|#6a9eda 100%\u00bb animation_style=\u00bbfade\u00bb global_colors_info=\u00bb{}\u00bb][et_pb_row column_structure=\u00bb1_2,1_2&#8243; _builder_version=\u00bb4.20.4&#8243; _module_preset=\u00bbdefault\u00bb custom_margin=\u00bb|auto|-89px|auto||\u00bb animation_style=\u00bbfade\u00bb global_colors_info=\u00bb{}\u00bb][et_pb_column type=\u00bb1_2&#8243; _builder_version=\u00bb4.20.4&#8243; _module_preset=\u00bbdefault\u00bb global_colors_info=\u00bb{}\u00bb][et_pb_text _builder_version=\u00bb4.20.4&#8243; _module_preset=\u00bbdefault\u00bb text_font=\u00bbPoppins|700|||||||\u00bb text_text_color=\u00bb#FFFFFF\u00bb text_font_size=\u00bb38px\u00bb min_height=\u00bb117px\u00bb custom_padding=\u00bb54px|||||\u00bb animation_style=\u00bbfade\u00bb text_text_shadow_style=\u00bbpreset4&#8243; global_colors_info=\u00bb{}\u00bb]<\/p>\n<p>3er Semestre<\/p>\n<p>&nbsp;<\/p>\n<p>[\/et_pb_text][\/et_pb_column][et_pb_column type=\u00bb1_2&#8243; _builder_version=\u00bb4.20.4&#8243; _module_preset=\u00bbdefault\u00bb global_colors_info=\u00bb{}\u00bb][\/et_pb_column][\/et_pb_row][\/et_pb_section][et_pb_section fb_built=\u00bb1&#8243; _builder_version=\u00bb4.24.2&#8243; _module_preset=\u00bbdefault\u00bb use_background_color_gradient=\u00bbon\u00bb background_color_gradient_direction=\u00bb277deg\u00bb background_color_gradient_stops=\u00bb#000000 52%|#6a9eda 100%\u00bb animation_style=\u00bbfade\u00bb global_colors_info=\u00bb{}\u00bb][et_pb_row column_structure=\u00bb1_2,1_2&#8243; _builder_version=\u00bb4.20.4&#8243; _module_preset=\u00bbdefault\u00bb custom_margin=\u00bb|auto|200px|auto||\u00bb animation_style=\u00bbfade\u00bb global_colors_info=\u00bb{}\u00bb][et_pb_column type=\u00bb1_2&#8243; _builder_version=\u00bb4.20.4&#8243; _module_preset=\u00bbdefault\u00bb global_colors_info=\u00bb{}\u00bb][et_pb_text _builder_version=\u00bb4.20.4&#8243; _module_preset=\u00bbdefault\u00bb text_font=\u00bbPoppins|700|||||||\u00bb text_text_color=\u00bb#FFFFFF\u00bb text_font_size=\u00bb38px\u00bb min_height=\u00bb117px\u00bb custom_padding=\u00bb54px|||||\u00bb animation_style=\u00bbfade\u00bb text_text_shadow_style=\u00bbpreset4&#8243; global_colors_info=\u00bb{}\u00bb]<\/p>\n<p>ILUSTRACI\u00d3N DEL DILUVIO<\/p>\n<p>&nbsp;<\/p>\n<p>[\/et_pb_text][et_pb_text _builder_version=\u00bb4.20.4&#8243; _module_preset=\u00bbdefault\u00bb text_font=\u00bbPoppins|600|||||||\u00bb text_text_color=\u00bb#FFFFFF\u00bb text_font_size=\u00bb15px\u00bb global_colors_info=\u00bb{}\u00bb]<\/p>\n<p>En la clase de ciencia y religi\u00f3n hicimos un proyecto relacionado a la magnificencia De Dios y como el tiene el control de muchas de las cosas que pasamos, entre ellas el diluvio.<\/p>\n<p>&nbsp;<\/p>\n<p>[\/et_pb_text][\/et_pb_column][et_pb_column type=\u00bb1_2&#8243; _builder_version=\u00bb4.20.4&#8243; _module_preset=\u00bbdefault\u00bb global_colors_info=\u00bb{}\u00bb][et_pb_slider _builder_version=\u00bb4.24.2&#8243; _module_preset=\u00bbdefault\u00bb background_color=\u00bbRGBA(255,255,255,0)\u00bb animation_style=\u00bbfade\u00bb hover_enabled=\u00bb0&#8243; global_colors_info=\u00bb{}\u00bb sticky_enabled=\u00bb0&#8243;][et_pb_slide image=\u00bbhttp:\/\/dcv.artcom.mx\/pda\/1190457\/wp-content\/uploads\/sites\/52\/2024\/05\/Captura-de-Pantalla-2022-11-17-a-las-22.39.26.png\u00bb _builder_version=\u00bb4.24.2&#8243; _module_preset=\u00bbdefault\u00bb hover_enabled=\u00bb0&#8243; global_colors_info=\u00bb{}\u00bb sticky_transition=\u00bbon\u00bb sticky_enabled=\u00bb0&#8243; title_text=\u00bbCaptura de Pantalla 2022-11-17 a la(s) 22.39.26&#8243;][\/et_pb_slide][\/et_pb_slider][\/et_pb_column][\/et_pb_row][et_pb_row column_structure=\u00bb1_2,1_2&#8243; _builder_version=\u00bb4.20.4&#8243; _module_preset=\u00bbdefault\u00bb custom_margin=\u00bb|auto|200px|auto||\u00bb global_colors_info=\u00bb{}\u00bb][et_pb_column type=\u00bb1_2&#8243; _builder_version=\u00bb4.20.4&#8243; _module_preset=\u00bbdefault\u00bb global_colors_info=\u00bb{}\u00bb][et_pb_slider _builder_version=\u00bb4.20.4&#8243; _module_preset=\u00bbdefault\u00bb background_color=\u00bbRGBA(255,255,255,0)\u00bb global_colors_info=\u00bb{}\u00bb][\/et_pb_slider][et_pb_image src=\u00bbhttp:\/\/dcv.artcom.mx\/pda\/1190457\/wp-content\/uploads\/sites\/52\/2024\/05\/EMPAQUE-DE-GALLETA-PROYECTO-Recuperado-pdf.jpg\u00bb title_text=\u00bbEMPAQUE DE GALLETA PROYECTO %91Recuperado%93&#8243; _builder_version=\u00bb4.24.2&#8243; _module_preset=\u00bbdefault\u00bb animation_style=\u00bbfade\u00bb hover_enabled=\u00bb0&#8243; global_colors_info=\u00bb{}\u00bb sticky_enabled=\u00bb0&#8243;][\/et_pb_image][\/et_pb_column][et_pb_column type=\u00bb1_2&#8243; _builder_version=\u00bb4.20.4&#8243; _module_preset=\u00bbdefault\u00bb global_colors_info=\u00bb{}\u00bb][et_pb_text _builder_version=\u00bb4.20.4&#8243; _module_preset=\u00bbdefault\u00bb text_font=\u00bbPoppins|700|||||||\u00bb text_text_color=\u00bb#FFFFFF\u00bb text_font_size=\u00bb38px\u00bb min_height=\u00bb117px\u00bb custom_padding=\u00bb59px|||||\u00bb animation_style=\u00bbfade\u00bb text_text_shadow_style=\u00bbpreset4&#8243; global_colors_info=\u00bb{}\u00bb]<\/p>\n<p>REDISE\u00d1O DEL EMPAQUE DE<\/p>\n<p>UN PRODUCTO<\/p>\n<p>&nbsp;<\/p>\n<p>[\/et_pb_text][et_pb_text _builder_version=\u00bb4.20.4&#8243; _module_preset=\u00bbdefault\u00bb text_font=\u00bbPoppins|600|||||||\u00bb text_text_color=\u00bb#FFFFFF\u00bb text_font_size=\u00bb15px\u00bb animation_style=\u00bbfade\u00bb global_colors_info=\u00bb{}\u00bb]<\/p>\n<p>Seleccione la marca de Galletas Marias pues me pareci\u00f3 interesante hacer una mini versi\u00f3n de la galleta que tanto nos gusta para chapear en caf\u00e9.<\/p>\n<p>&nbsp;<\/p>\n<p>[\/et_pb_text][\/et_pb_column][\/et_pb_row][et_pb_row column_structure=\u00bb1_2,1_2&#8243; _builder_version=\u00bb4.20.4&#8243; _module_preset=\u00bbdefault\u00bb custom_margin=\u00bb|auto|200px|auto||\u00bb global_colors_info=\u00bb{}\u00bb][et_pb_column type=\u00bb1_2&#8243; _builder_version=\u00bb4.20.4&#8243; _module_preset=\u00bbdefault\u00bb global_colors_info=\u00bb{}\u00bb][et_pb_text _builder_version=\u00bb4.20.4&#8243; _module_preset=\u00bbdefault\u00bb text_font=\u00bbPoppins|700|||||||\u00bb text_text_color=\u00bb#FFFFFF\u00bb text_font_size=\u00bb38px\u00bb min_height=\u00bb117px\u00bb custom_padding=\u00bb44px|||||\u00bb animation_style=\u00bbfade\u00bb text_text_shadow_style=\u00bbpreset4&#8243; global_colors_info=\u00bb{}\u00bb]<\/p>\n<p>PROYECTO DE EMPAQUE<\/p>\n<p>BASADO EN PRODUCTO<\/p>\n<p>EXISTENTE PARA CREAR<\/p>\n<p>UNO NUEVO<\/p>\n<p>&nbsp;<\/p>\n<p>[\/et_pb_text][et_pb_text _builder_version=\u00bb4.20.4&#8243; _module_preset=\u00bbdefault\u00bb text_font=\u00bbPoppins|600|||||||\u00bb text_text_color=\u00bb#FFFFFF\u00bb text_font_size=\u00bb15px\u00bb animation_style=\u00bbfade\u00bb global_colors_info=\u00bb{}\u00bb]<\/p>\n<p>Se cre\u00f3 un producto nuevo a partir de uno existente haciendo un dise\u00f1o se su empaque para la eficiencia del mismo. Se hizo el empaque como las etiquetas de cada leche.<\/p>\n<p>&nbsp;<\/p>\n<p>[\/et_pb_text][\/et_pb_column][et_pb_column type=\u00bb1_2&#8243; _builder_version=\u00bb4.20.4&#8243; _module_preset=\u00bbdefault\u00bb global_colors_info=\u00bb{}\u00bb][et_pb_slider _builder_version=\u00bb4.24.2&#8243; _module_preset=\u00bbdefault\u00bb background_color=\u00bbRGBA(255,255,255,0)\u00bb animation_style=\u00bbfade\u00bb hover_enabled=\u00bb0&#8243; global_colors_info=\u00bb{}\u00bb sticky_enabled=\u00bb0&#8243;][et_pb_slide image=\u00bbhttp:\/\/dcv.artcom.mx\/pda\/1190457\/wp-content\/uploads\/sites\/52\/2024\/05\/DISENO-DE-CAJA-PROYECTO-EXTRA.jpg\u00bb _builder_version=\u00bb4.24.2&#8243; _module_preset=\u00bbdefault\u00bb hover_enabled=\u00bb0&#8243; global_colors_info=\u00bb{}\u00bb sticky_transition=\u00bbon\u00bb title_text=\u00bbDISE\u00d1O DE CAJA PROYECTO EXTRA\u00bb sticky_enabled=\u00bb0&#8243;][\/et_pb_slide][et_pb_slide image=\u00bbhttp:\/\/dcv.artcom.mx\/pda\/1190457\/wp-content\/uploads\/sites\/52\/2024\/05\/ETIQUETA-CAJA-MILK-jpg.jpg\u00bb _builder_version=\u00bb4.24.2&#8243; _module_preset=\u00bbdefault\u00bb hover_enabled=\u00bb0&#8243; global_colors_info=\u00bb{}\u00bb sticky_transition=\u00bbon\u00bb title_text=\u00bbETIQUETA CAJA MILK jpg\u00bb sticky_enabled=\u00bb0&#8243;][\/et_pb_slide][\/et_pb_slider][\/et_pb_column][\/et_pb_row][\/et_pb_section]<\/p>\n","protected":false},"excerpt":{"rendered":"<p>3er Semestre &nbsp;ILUSTRACI\u00d3N DEL DILUVIO &nbsp;En la clase de ciencia y religi\u00f3n hicimos un proyecto relacionado a la magnificencia De Dios y como el tiene el control de muchas de las cosas que pasamos, entre ellas el diluvio. &nbsp;REDISE\u00d1O DEL EMPAQUE DE UN PRODUCTO &nbsp;Seleccione la marca de Galletas Marias pues me pareci\u00f3 interesante hacer [&hellip;]<\/p>\n","protected":false},"author":55,"featured_media":0,"parent":11,"menu_order":1,"comment_status":"closed","ping_status":"closed","template":"","meta":{"_et_pb_use_builder":"on","_et_pb_old_content":"","_et_gb_content_width":"","inline_featured_image":false,"footnotes":""},"_links":{"self":[{"href":"https:\/\/dcv.artcom.mx\/pda\/1190457\/wp-json\/wp\/v2\/pages\/394"}],"collection":[{"href":"https:\/\/dcv.artcom.mx\/pda\/1190457\/wp-json\/wp\/v2\/pages"}],"about":[{"href":"https:\/\/dcv.artcom.mx\/pda\/1190457\/wp-json\/wp\/v2\/types\/page"}],"author":[{"embeddable":true,"href":"https:\/\/dcv.artcom.mx\/pda\/1190457\/wp-json\/wp\/v2\/users\/55"}],"replies":[{"embeddable":true,"href":"https:\/\/dcv.artcom.mx\/pda\/1190457\/wp-json\/wp\/v2\/comments?post=394"}],"version-history":[{"count":4,"href":"https:\/\/dcv.artcom.mx\/pda\/1190457\/wp-json\/wp\/v2\/pages\/394\/revisions"}],"predecessor-version":[{"id":501,"href":"https:\/\/dcv.artcom.mx\/pda\/1190457\/wp-json\/wp\/v2\/pages\/394\/revisions\/501"}],"up":[{"embeddable":true,"href":"https:\/\/dcv.artcom.mx\/pda\/1190457\/wp-json\/wp\/v2\/pages\/11"}],"wp:attachment":[{"href":"https:\/\/dcv.artcom.mx\/pda\/1190457\/wp-json\/wp\/v2\/media?parent=394"}],"curies":[{"name":"wp","href":"https:\/\/api.w.org\/{rel}","templated":true}]}}