{"id":159,"date":"2020-03-03T22:11:41","date_gmt":"2020-03-04T04:11:41","guid":{"rendered":"http:\/\/pdadcv.artcom.mx\/portafolio-demo\/?page_id=2"},"modified":"2024-05-07T17:21:09","modified_gmt":"2024-05-07T17:21:09","slug":"acerca-de-mi","status":"publish","type":"page","link":"https:\/\/dcv.artcom.mx\/pda\/1190457\/acerca-de-mi\/","title":{"rendered":"Acerca de mi"},"content":{"rendered":"<p>[et_pb_section fb_built=\u00bb1&#8243; admin_label=\u00bbHero Section\u00bb _builder_version=\u00bb4.24.2&#8243; background_color=\u00bbRGBA(255,255,255,0)\u00bb use_background_color_gradient=\u00bbon\u00bb background_color_gradient_direction=\u00bb225deg\u00bb background_color_gradient_stops=\u00bb#000000 61%|#6a9eda 100%\u00bb background_color_gradient_start=\u00bb#000000&#8243; background_color_gradient_start_position=\u00bb58%\u00bb background_color_gradient_end=\u00bb#e02b20&#8243; custom_padding=\u00bb40px|0px||0px||\u00bb animation_style=\u00bbslide\u00bb animation_direction=\u00bbtop\u00bb animation_intensity_slide=\u00bb2%\u00bb animation_starting_opacity=\u00bb100%\u00bb locked=\u00bboff\u00bb global_colors_info=\u00bb{}\u00bb][et_pb_row _builder_version=\u00bb4.24.2&#8243; width=\u00bb82.2%\u00bb module_alignment=\u00bbcenter\u00bb min_height=\u00bb225px\u00bb custom_padding=\u00bb|||\u00bb custom_width_px=\u00bb1440px\u00bb global_colors_info=\u00bb{}\u00bb][et_pb_column type=\u00bb4_4&#8243; _builder_version=\u00bb4.16&#8243; custom_padding=\u00bb|||\u00bb global_colors_info=\u00bb{}\u00bb custom_padding__hover=\u00bb|||\u00bb][et_pb_text _builder_version=\u00bb4.24.2&#8243; text_font=\u00bbPoppins||||||||\u00bb header_font=\u00bbPoppins|700|||||||\u00bb header_text_align=\u00bbleft\u00bb header_text_color=\u00bb#FFFFFF\u00bb header_font_size=\u00bb60px\u00bb header_line_height=\u00bb1.5em\u00bb header_2_font=\u00bb||||||||\u00bb header_3_font=\u00bb||||||||\u00bb header_4_font=\u00bb||||||||\u00bb header_5_font=\u00bb||||||||\u00bb header_6_font=\u00bb||||||||\u00bb width=\u00bb63.9%\u00bb module_alignment=\u00bbleft\u00bb min_height=\u00bb320px\u00bb custom_margin=\u00bb||-386px|||\u00bb custom_padding=\u00bb|126px||0px||\u00bb animation_style=\u00bbfade\u00bb animation_speed_curve=\u00bblinear\u00bb header_text_shadow_style=\u00bbpreset4&#8243; header_text_shadow_color=\u00bb#000000&#8243; locked=\u00bboff\u00bb global_colors_info=\u00bb{}\u00bb]<\/p>\n<h1 style=\"text-align: left\">Acerca de mi<\/h1>\n<p>[\/et_pb_text][\/et_pb_column][\/et_pb_row][\/et_pb_section][et_pb_section fb_built=\u00bb1&#8243; specialty=\u00bbon\u00bb admin_label=\u00bbAbout Us\u00bb _builder_version=\u00bb4.16&#8243; background_color=\u00bb#000000&#8243; custom_margin=\u00bb-63px|||||\u00bb global_colors_info=\u00bb{}\u00bb][et_pb_column type=\u00bb1_2&#8243; specialty_columns=\u00bb2&#8243; _builder_version=\u00bb4.16&#8243; custom_padding=\u00bb|||\u00bb global_colors_info=\u00bb{}\u00bb custom_padding__hover=\u00bb|||\u00bb][et_pb_row_inner _builder_version=\u00bb4.16&#8243; global_colors_info=\u00bb{}\u00bb][et_pb_column_inner saved_specialty_column_type=\u00bb1_2&#8243; _builder_version=\u00bb4.16&#8243; custom_padding=\u00bb|||\u00bb global_colors_info=\u00bb{}\u00bb custom_padding__hover=\u00bb|||\u00bb][et_pb_text _builder_version=\u00bb4.20.4&#8243; text_font=\u00bbPoppins|600|||||||\u00bb text_text_color=\u00bb#FFFFFF\u00bb text_font_size=\u00bb16px\u00bb text_letter_spacing=\u00bb2px\u00bb text_line_height=\u00bb1.9em\u00bb header_font=\u00bb||||||||\u00bb header_2_font=\u00bb||||||||\u00bb width=\u00bb100%\u00bb module_alignment=\u00bbcenter\u00bb custom_margin=\u00bb|||\u00bb animation_style=\u00bbfade\u00bb inline_fonts=\u00bbPoppins\u00bb global_colors_info=\u00bb{}\u00bb]<\/p>\n<p style=\"text-align: justify\"><span style=\"font-family: Poppins\"><span style=\"font-weight: normal\">Don quijote de la mancha, Aladino y la lampara\u00a0<\/span><span style=\"font-weight: 400\">m\u00e1gica, Homero\u00a0Iliada, Diario de Ana Frank historias asombrosas\u00a0existiendo en letras pero llenando nuestra imaginaci\u00f3n de aventura y emoci\u00f3n,<\/span><span style=\"font-weight: normal\"> mi nombre es Abnel Vazquez Garcia y \u00e9sta es una peque\u00f1a parte de mi historia la cual se est\u00e1 volviendo fascinante: nac\u00ed en la ciudad de Playa Vicente Veracruz tengo 23 a\u00f1os y estudio la carrera de Dise\u00f1o de Comunicaci\u00f3n Visual en la universidad de Montemorelos N.L; los estudios del bachillerato los realic\u00e9 en el Colegio Lazaro Cardenas en el municipio de Reforma Chis. y gracias a Dios y el apoyo de mis padres he tenido la oportunidad de desempe\u00f1ar cargos en la iglesia como Dir. de <\/span><\/span><span style=\"font-family: Poppins;font-weight: 400\">proyecci\u00f3n<\/span><span style=\"font-family: Poppins;font-weight: normal\">\u00a0y sonido, Dir. de departamento de Primarios e Intermediarios. <\/span><\/p>\n<p style=\"text-align: justify\"><span style=\"font-family: Poppins;font-weight: normal\">Estoy interesado en crear a\u00a0<\/span><span style=\"font-family: Poppins\"><span style=\"font-weight: 400\">trav\u00e9s del dise\u00f1o y la\u00a0fotograf\u00eda mensajes claros y contundentes a la comunidad\u00a0sobre el apoyo al ser humano como tambi\u00e9n al apoyo a la fauna y naturaleza.<\/span><\/span><span style=\"font-family: Poppins;font-weight: normal\">\u00a0Me gusta practicar deportes como el futbol, basquetbol y\u00a0<\/span><span style=\"font-family: Poppins\"><span style=\"font-weight: 400\">b\u00e9isbol, soy amante de los videojuegos y la buena lectura, me gusta pasar tiempo solo como tambi\u00e9n disfruto la\u00a0compa\u00f1\u00eda.<\/span><\/span><\/p>\n<p style=\"text-align: justify\"><span style=\"font-family: Poppins;font-weight: normal\">Desde la secundaria he tenido el\u00a0<\/span><span style=\"font-family: Poppins\"><span style=\"font-weight: 400\">inter\u00e9s por estudiar la carrera de Dise\u00f1o de comunicaci\u00f3n Visual pero al entrar a la preparatoria cambi\u00e9 de plan para la universidad y entr\u00e9 al \u00e1rea de\u00a0fisico matem\u00e1tico pues el interes era estudiar Arquitectura<\/span><\/span><span style=\"font-family: Poppins\"><span style=\"font-weight: normal\">\u00a0pero dentro de m\u00ed segu\u00eda la misma idea del principio estudiar dise\u00f1o y Dios me di\u00f3 la\u00a0<\/span><span style=\"font-weight: 400\">oportunidad<\/span><span style=\"font-weight: normal\">\u00a0de ahora ser estudiante de esta bella\u00a0<\/span><span style=\"font-weight: 400\">carrera universitaria. <\/span><\/span><\/p>\n<p style=\"text-align: justify\"><span style=\"font-family: Poppins\"><span style=\"font-weight: normal\">Espero al concluir la carrera tener los conocimientos necesarios para ser un buen dise\u00f1ador cumpliendo\u00a0<\/span><span style=\"font-weight: 400\">planes<\/span><span style=\"font-weight: normal\">\u00a0de vida y d<\/span><span style=\"font-weight: 400\">e Dios.<\/span><span style=\"font-weight: normal\">\u00a0<\/span><\/span><\/p>\n<p>[\/et_pb_text][\/et_pb_column_inner][\/et_pb_row_inner][\/et_pb_column][et_pb_column type=\u00bb1_2&#8243; _builder_version=\u00bb4.16&#8243; custom_padding=\u00bb|||\u00bb global_colors_info=\u00bb{}\u00bb custom_padding__hover=\u00bb|||\u00bb][et_pb_image src=\u00bbhttp:\/\/dcv.artcom.mx\/pda\/1190457\/wp-content\/uploads\/sites\/52\/2023\/03\/WhatsApp-Image-2023-03-12-at-11.21.14-PM.jpeg\u00bb title_text=\u00bbWhatsApp Image 2023-03-12 at 11.21.14 PM\u00bb align=\u00bbright\u00bb _builder_version=\u00bb4.16&#8243; module_alignment=\u00bbright\u00bb custom_margin=\u00bb-150px|-68px||3px|false|false\u00bb custom_padding=\u00bb0px|0px|0px|45px|false|false\u00bb animation_style=\u00bbfade\u00bb animation_direction=\u00bbtop\u00bb always_center_on_mobile=\u00bboff\u00bb locked=\u00bboff\u00bb global_colors_info=\u00bb{}\u00bb][\/et_pb_image][\/et_pb_column][\/et_pb_section][et_pb_section fb_built=\u00bb1&#8243; admin_label=\u00bbStats\u00bb _builder_version=\u00bb4.16&#8243; background_color=\u00bb#000000&#8243; min_height=\u00bb956.3px\u00bb custom_padding=\u00bb60px|0px|101px|0px|false|false\u00bb global_colors_info=\u00bb{}\u00bb][et_pb_row column_structure=\u00bb1_2,1_2&#8243; _builder_version=\u00bb4.16&#8243; width=\u00bb100%\u00bb max_width=\u00bb70%\u00bb module_alignment=\u00bbcenter\u00bb custom_margin=\u00bb||0px||false|false\u00bb custom_padding=\u00bb0px||30px|0px|false|false\u00bb use_custom_width=\u00bbon\u00bb width_unit=\u00bboff\u00bb custom_width_percent=\u00bb70%\u00bb global_colors_info=\u00bb{}\u00bb][et_pb_column type=\u00bb1_2&#8243; _builder_version=\u00bb4.16&#8243; custom_padding=\u00bb40px|40px|40px|40px\u00bb global_colors_info=\u00bb{}\u00bb custom_padding__hover=\u00bb|||\u00bb][et_pb_image src=\u00bbhttp:\/\/dcv.artcom.mx\/pda\/1190457\/wp-content\/uploads\/sites\/52\/2023\/03\/WhatsApp-Image-2023-03-16-at-12.07.12-PM-2.jpeg\u00bb title_text=\u00bbWhatsApp Image 2023-03-16 at 12.07.12 PM-2&#8243; _builder_version=\u00bb4.16&#8243; _module_preset=\u00bbdefault\u00bb global_colors_info=\u00bb{}\u00bb][\/et_pb_image][\/et_pb_column][et_pb_column type=\u00bb1_2&#8243; _builder_version=\u00bb4.16&#8243; custom_padding=\u00bb40px|40px|40px|40px\u00bb global_colors_info=\u00bb{}\u00bb custom_padding__hover=\u00bb|||\u00bb][et_pb_text _builder_version=\u00bb4.24.2&#8243; text_font=\u00bb||||||||\u00bb header_font=\u00bb||||||||\u00bb header_text_align=\u00bbleft\u00bb header_text_color=\u00bb#2b2b2b\u00bb header_line_height=\u00bb1.3em\u00bb header_2_font=\u00bbPoppins|700|||||||\u00bb header_2_text_align=\u00bbleft\u00bb header_2_text_color=\u00bb#6A9EDA\u00bb header_2_font_size=\u00bb42px\u00bb header_2_line_height=\u00bb1.5em\u00bb text_orientation=\u00bbcenter\u00bb module_alignment=\u00bbcenter\u00bb custom_margin=\u00bb||10px|\u00bb animation_style=\u00bbfade\u00bb locked=\u00bboff\u00bb global_colors_info=\u00bb{}\u00bb]<\/p>\n<h2>About me<\/h2>\n<p>[\/et_pb_text][et_pb_divider color=\u00bb#f7d584&#8243; divider_weight=\u00bb3px\u00bb disabled_on=\u00bbon|on|off\u00bb _builder_version=\u00bb4.16&#8243; max_width=\u00bb80px\u00bb module_alignment=\u00bbleft\u00bb height=\u00bb10px\u00bb custom_margin=\u00bb||20px|\u00bb animation_style=\u00bbslide\u00bb animation_direction=\u00bbbottom\u00bb saved_tabs=\u00bball\u00bb locked=\u00bboff\u00bb global_colors_info=\u00bb{}\u00bb][\/et_pb_divider][et_pb_text _builder_version=\u00bb4.20.4&#8243; text_font=\u00bbPoppins||||||||\u00bb text_text_color=\u00bb#FFFFFF\u00bb text_font_size=\u00bb16px\u00bb text_line_height=\u00bb1.9em\u00bb header_font=\u00bb||||||||\u00bb header_2_font=\u00bb||||||||\u00bb text_orientation=\u00bbjustified\u00bb max_width=\u00bb600px\u00bb module_alignment=\u00bbleft\u00bb min_height=\u00bb686px\u00bb custom_margin=\u00bb|-48px|30px|||\u00bb animation_style=\u00bbfade\u00bb global_colors_info=\u00bb{}\u00bb]<\/p>\n<p><span>Don Quixote de la mancha, Aladdin and the magic lamp, Homer Illiad, Diary of Anna Frank\u00a0amazing stories existing in letters but filing our imagination with adventure and emotion, my name is Abnel\u00a0<\/span>Vazquez Garcia and this is small part of my story which it is becoming fascinating: I was born of the city Playa Vicente Veracruz, I&#8217;m 22 years old and I am studying Visual Communication Design at the University of \u00a0Montemorelos N.L; I completed my high school studies at the Lazaro Cardenas College in the municipality of Reforma Chis. And thanks to God and the support of my parents I have had opportunity to hold positions in the church as director of projection and sound, director of the primary and intermediate department.<\/p>\n<p>I am interested in creating clear and forceful messages to the community through design and photography about supporting human beings as well as supporting wildlife and nature. I like to play sport like soccer, basketball and baseball. I am a lover a video games and good reading. I like to spend time alone I also enjoy the company. Since high school<\/p>\n<p>I have had interest in estudying Visual Cumunication Visual but when I entered high school I changed my plan for the university and entered the area of \u00a0mathematical physics because the interest was to study Architecture but whitin me I followed the same idea of I started studying design and God gave me opportunity to now be a student of this beautiful university course.<\/p>\n<p>I hope at the end of my degree have the neccesary knowledge to be a good designer fulfilling life and God&#8217;s plans.<\/p>\n<p>&nbsp;<\/p>\n<pre class=\"tw-data-text tw-text-large tw-ta\" data-placeholder=\"Traducci\u00f3n\" id=\"tw-target-text\"><\/pre>\n<p>[\/et_pb_text][\/et_pb_column][\/et_pb_row][\/et_pb_section][et_pb_section fb_built=\u00bb1&#8243; _builder_version=\u00bb4.16&#8243; _module_preset=\u00bbdefault\u00bb background_color=\u00bb#000000&#8243; global_colors_info=\u00bb{}\u00bb][et_pb_row column_structure=\u00bb2_5,3_5&#8243; _builder_version=\u00bb4.24.2&#8243; _module_preset=\u00bbdefault\u00bb global_colors_info=\u00bb{}\u00bb][et_pb_column type=\u00bb2_5&#8243; _builder_version=\u00bb4.16&#8243; _module_preset=\u00bbdefault\u00bb global_colors_info=\u00bb{}\u00bb][et_pb_image src=\u00bbhttp:\/\/dcv.artcom.mx\/pda\/1190457\/wp-content\/uploads\/sites\/52\/2024\/05\/services-parametres-et-icone-d-engrenage-bleue.png\u00bb title_text=\u00bbservices-parametres-et-icone-d-engrenage-bleue\u00bb _builder_version=\u00bb4.24.2&#8243; _module_preset=\u00bbdefault\u00bb animation_style=\u00bbfade\u00bb global_colors_info=\u00bb{}\u00bb][\/et_pb_image][\/et_pb_column][et_pb_column type=\u00bb3_5&#8243; _builder_version=\u00bb4.16&#8243; _module_preset=\u00bbdefault\u00bb global_colors_info=\u00bb{}\u00bb][et_pb_counters use_percentages=\u00bboff\u00bb _builder_version=\u00bb4.24.2&#8243; title_font=\u00bbPoppins||||||||\u00bb title_text_color=\u00bb#FFFFFF\u00bb percent_font_size=\u00bb5px\u00bb background_color=\u00bbrgba(221,221,221,0.45)\u00bb custom_margin=\u00bb|||\u00bb custom_padding=\u00bb0px||0px|\u00bb animation_style=\u00bbfade\u00bb hover_enabled=\u00bb0&#8243; locked=\u00bboff\u00bb global_colors_info=\u00bb{}\u00bb sticky_enabled=\u00bb0&#8243;][et_pb_counter percent=\u00bb75&#8243; bar_background_color=\u00bb#6A9EDA\u00bb _builder_version=\u00bb4.24.2&#8243; title_font=\u00bbMontserrat||||\u00bb title_font_size=\u00bb15px\u00bb title_line_height=\u00bb3em\u00bb percent_font=\u00bbMontserrat||||\u00bb background_enable_video_mp4=\u00bbon\u00bb background_enable_video_webm=\u00bbon\u00bb hover_enabled=\u00bb0&#8243; border_radii=\u00bbon|180px|180px|180px|180px\u00bb global_colors_info=\u00bb{}\u00bb bar_background_color_default=\u00bb#2ea3f2&#8243; use_percentages=\u00bboff\u00bb sticky_enabled=\u00bb0&#8243;]Photoshop[\/et_pb_counter][et_pb_counter percent=\u00bb80&#8243; bar_background_color=\u00bb#6A9EDA\u00bb _builder_version=\u00bb4.24.2&#8243; title_font=\u00bbMontserrat||||\u00bb title_font_size=\u00bb15px\u00bb title_line_height=\u00bb3em\u00bb percent_font=\u00bbMontserrat||||\u00bb background_enable_video_mp4=\u00bbon\u00bb background_enable_video_webm=\u00bbon\u00bb hover_enabled=\u00bb0&#8243; border_radii=\u00bbon|180px|180px|180px|180px\u00bb global_colors_info=\u00bb{}\u00bb bar_background_color_default=\u00bb#2ea3f2&#8243; use_percentages=\u00bboff\u00bb sticky_enabled=\u00bb0&#8243;]Illustrator[\/et_pb_counter][et_pb_counter percent=\u00bb80&#8243; bar_background_color=\u00bb#6A9EDA\u00bb _builder_version=\u00bb4.24.2&#8243; title_font=\u00bbMontserrat||||\u00bb title_font_size=\u00bb15px\u00bb title_line_height=\u00bb3em\u00bb percent_font=\u00bbMontserrat||||\u00bb background_enable_video_mp4=\u00bbon\u00bb background_enable_video_webm=\u00bbon\u00bb border_radii=\u00bbon|180px|180px|180px|180px\u00bb global_colors_info=\u00bb{}\u00bb bar_background_color_default=\u00bb#2ea3f2&#8243; use_percentages=\u00bboff\u00bb]Filmora[\/et_pb_counter][et_pb_counter percent=\u00bb55&#8243; bar_background_color=\u00bb#6A9EDA\u00bb _builder_version=\u00bb4.24.2&#8243; title_font=\u00bbMontserrat||||\u00bb title_font_size=\u00bb15px\u00bb title_line_height=\u00bb3em\u00bb percent_font=\u00bbMontserrat||||\u00bb background_enable_video_mp4=\u00bbon\u00bb background_enable_video_webm=\u00bbon\u00bb hover_enabled=\u00bb0&#8243; border_radii=\u00bbon|180px|180px|180px|180px\u00bb global_colors_info=\u00bb{}\u00bb bar_background_color_default=\u00bb#2ea3f2&#8243; use_percentages=\u00bboff\u00bb sticky_enabled=\u00bb0&#8243;]Procreate[\/et_pb_counter][\/et_pb_counters][\/et_pb_column][\/et_pb_row][\/et_pb_section]<\/p>\n","protected":false},"excerpt":{"rendered":"<p>Acerca de miDon quijote de la mancha, Aladino y la lampara\u00a0m\u00e1gica, Homero\u00a0Iliada, Diario de Ana Frank historias asombrosas\u00a0existiendo en letras pero llenando nuestra imaginaci\u00f3n de aventura y emoci\u00f3n, mi nombre es Abnel Vazquez Garcia y \u00e9sta es una peque\u00f1a parte de mi historia la cual se est\u00e1 volviendo fascinante: nac\u00ed en la ciudad de Playa [&hellip;]<\/p>\n","protected":false},"author":55,"featured_media":0,"parent":0,"menu_order":2,"comment_status":"closed","ping_status":"closed","template":"","meta":{"_et_pb_use_builder":"on","_et_pb_old_content":"<!-- wp:paragraph -->\n<p>Esta es una p\u00e1gina de ejemplo. Es diferente a una entrada del blog porque permanecer\u00e1 en un solo lugar y aparecer\u00e1 en la navegaci\u00f3n de tu sitio (en la mayor\u00eda de los temas). La mayor\u00eda de las personas comienzan con una p\u00e1gina \u00abAcerca de\u00bb que les presenta a los visitantes potenciales del sitio. Podr\u00edas decir algo as\u00ed:<\/p>\n<!-- \/wp:paragraph -->\n\n<!-- wp:quote -->\n<blockquote class=\"wp-block-quote\"><p>\u00a1Bienvenido! Soy camarero de d\u00eda, aspirante a actor de noche y esta es mi web. Vivo en Mairena del Alcor, tengo un perro que se llama Firulais y me gusta el rebujito. (Y las tardes largas con caf\u00e9).<\/p><\/blockquote>\n<!-- \/wp:quote -->\n\n<!-- wp:paragraph -->\n<p>\u2026o algo as\u00ed:<\/p>\n<!-- \/wp:paragraph -->\n\n<!-- wp:quote -->\n<blockquote class=\"wp-block-quote\"><p>La empresa \u00abMariscos Recio\u00bb fue fundada por Antonio Recio Mata. Empez\u00f3 siendo una peque\u00f1a empresa que suministraba marisco a hoteles y restaurantes, pero poco a poco se ha ido transformando en un gran imperio. Mariscos Recio, el mar al mejor precio.<\/p><\/blockquote>\n<!-- \/wp:quote -->\n\n<!-- wp:paragraph -->\n<p>Como nuevo usuario de WordPress, deber\u00edas ir a <a href=\"http:\/\/pdadcv.artcom.mx\/portafolio-demo\/wp-admin\/\">tu escritorio<\/a> para borrar esta p\u00e1gina y crear nuevas p\u00e1ginas para tu contenido. \u00a1P\u00e1salo bien!<\/p>\n<!-- \/wp:paragraph -->","_et_gb_content_width":"","inline_featured_image":false,"footnotes":""},"_links":{"self":[{"href":"https:\/\/dcv.artcom.mx\/pda\/1190457\/wp-json\/wp\/v2\/pages\/159"}],"collection":[{"href":"https:\/\/dcv.artcom.mx\/pda\/1190457\/wp-json\/wp\/v2\/pages"}],"about":[{"href":"https:\/\/dcv.artcom.mx\/pda\/1190457\/wp-json\/wp\/v2\/types\/page"}],"author":[{"embeddable":true,"href":"https:\/\/dcv.artcom.mx\/pda\/1190457\/wp-json\/wp\/v2\/users\/55"}],"replies":[{"embeddable":true,"href":"https:\/\/dcv.artcom.mx\/pda\/1190457\/wp-json\/wp\/v2\/comments?post=159"}],"version-history":[{"count":14,"href":"https:\/\/dcv.artcom.mx\/pda\/1190457\/wp-json\/wp\/v2\/pages\/159\/revisions"}],"predecessor-version":[{"id":513,"href":"https:\/\/dcv.artcom.mx\/pda\/1190457\/wp-json\/wp\/v2\/pages\/159\/revisions\/513"}],"wp:attachment":[{"href":"https:\/\/dcv.artcom.mx\/pda\/1190457\/wp-json\/wp\/v2\/media?parent=159"}],"curies":[{"name":"wp","href":"https:\/\/api.w.org\/{rel}","templated":true}]}}