{"id":15,"date":"2020-03-03T22:35:51","date_gmt":"2020-03-04T04:35:51","guid":{"rendered":"http:\/\/pdadcv.artcom.mx\/portafolio-demo\/?page_id=15"},"modified":"2024-05-07T17:22:53","modified_gmt":"2024-05-07T17:22:53","slug":"autoevaluaciones","status":"publish","type":"page","link":"https:\/\/dcv.artcom.mx\/pda\/1190457\/autoevaluaciones\/","title":{"rendered":"Autoevaluaciones"},"content":{"rendered":"<p>[et_pb_section fb_built=\u00bb1&#8243; _builder_version=\u00bb4.24.2&#8243; _module_preset=\u00bbdefault\u00bb use_background_color_gradient=\u00bbon\u00bb background_color_gradient_direction=\u00bb312deg\u00bb background_color_gradient_stops=\u00bb#000000 42%|#6a9eda 100%\u00bb custom_padding=\u00bb||531px|||\u00bb animation_style=\u00bbfade\u00bb global_colors_info=\u00bb{}\u00bb][et_pb_row _builder_version=\u00bb4.20.4&#8243; _module_preset=\u00bbdefault\u00bb global_colors_info=\u00bb{}\u00bb][et_pb_column type=\u00bb4_4&#8243; _builder_version=\u00bb4.20.4&#8243; _module_preset=\u00bbdefault\u00bb global_colors_info=\u00bb{}\u00bb][et_pb_text _builder_version=\u00bb4.20.4&#8243; _module_preset=\u00bbdefault\u00bb text_font=\u00bbPoppins|700|||||||\u00bb text_text_color=\u00bb#FFFFFF\u00bb text_font_size=\u00bb61px\u00bb text_text_shadow_style=\u00bbpreset4&#8243; text_text_shadow_color=\u00bb#000000&#8243; global_colors_info=\u00bb{}\u00bb]<\/p>\n<p>AUTOEVALUACI\u00d3N<\/p>\n<p>[\/et_pb_text][\/et_pb_column][\/et_pb_row][et_pb_row _builder_version=\u00bb4.20.4&#8243; _module_preset=\u00bbdefault\u00bb global_colors_info=\u00bb{}\u00bb][et_pb_column type=\u00bb4_4&#8243; _builder_version=\u00bb4.20.4&#8243; _module_preset=\u00bbdefault\u00bb global_colors_info=\u00bb{}\u00bb][et_pb_text _builder_version=\u00bb4.20.4&#8243; _module_preset=\u00bbdefault\u00bb text_font=\u00bbPoppins|600|||||||\u00bb text_text_color=\u00bb#FFFFFF\u00bb text_font_size=\u00bb16px\u00bb global_colors_info=\u00bb{}\u00bb]<\/p>\n<p>&nbsp;<\/p>\n<p>\u00a0En el transcurso de estos a\u00f1os como estudiante de la carrera de Dise\u00f1o de Comunicaci\u00f3n he notado que si hay algo que me gustar\u00eda mejorar es la disciplina ya que tiendo a procrastinar mucho y me ha tra\u00eddo problemas, pero si hablamos de otros apartados he crecido en creativad, dibujo, manejo de sotfwares e inclusive el trabajo en equipo.<\/p>\n<p>&nbsp;<\/p>\n<p>[\/et_pb_text][\/et_pb_column][\/et_pb_row][et_pb_row _builder_version=\u00bb4.24.2&#8243; _module_preset=\u00bbdefault\u00bb global_colors_info=\u00bb{}\u00bb][et_pb_column type=\u00bb4_4&#8243; _builder_version=\u00bb4.24.2&#8243; _module_preset=\u00bbdefault\u00bb global_colors_info=\u00bb{}\u00bb][et_pb_counters _builder_version=\u00bb4.24.2&#8243; _module_preset=\u00bbdefault\u00bb title_font=\u00bbPoppins||||||||\u00bb title_font_size=\u00bb16px\u00bb percent_font_size=\u00bb12px\u00bb hover_enabled=\u00bb0&#8243; global_colors_info=\u00bb{}\u00bb sticky_enabled=\u00bb0&#8243;][et_pb_counter percent=\u00bb50&#8243; bar_background_color=\u00bb#6A9EDA\u00bb _builder_version=\u00bb4.24.2&#8243; _module_preset=\u00bbdefault\u00bb title_font=\u00bbPoppins||||||||\u00bb title_text_color=\u00bb#FFFFFF\u00bb title_font_size=\u00bb16px\u00bb percent_text_color=\u00bbRGBA(255,255,255,0)\u00bb hover_enabled=\u00bb0&#8243; border_radii=\u00bbon|130px|130px|130px|130px\u00bb global_colors_info=\u00bb{}\u00bb bar_background_color_default=\u00bb#2ea3f2&#8243; use_percentages=\u00bbon\u00bb sticky_enabled=\u00bb0&#8243;]Social[\/et_pb_counter][et_pb_counter percent=\u00bb80&#8243; bar_background_color=\u00bb#6A9EDA\u00bb _builder_version=\u00bb4.24.2&#8243; _module_preset=\u00bbdefault\u00bb title_font=\u00bbPoppins||||||||\u00bb title_text_color=\u00bb#FFFFFF\u00bb title_font_size=\u00bb16px\u00bb percent_text_color=\u00bbRGBA(255,255,255,0)\u00bb percent_font_size=\u00bb20px\u00bb hover_enabled=\u00bb0&#8243; border_radii=\u00bbon|130px|130px|130px|130px\u00bb global_colors_info=\u00bb{}\u00bb bar_background_color_default=\u00bb#2ea3f2&#8243; use_percentages=\u00bbon\u00bb sticky_enabled=\u00bb0&#8243;]Creatividad[\/et_pb_counter][et_pb_counter percent=\u00bb65&#8243; bar_background_color=\u00bb#6A9EDA\u00bb _builder_version=\u00bb4.24.2&#8243; _module_preset=\u00bbdefault\u00bb title_text_color=\u00bb#FFFFFF\u00bb percent_text_color=\u00bbRGBA(255,255,255,0)\u00bb hover_enabled=\u00bb0&#8243; border_radii=\u00bbon|130px|130px|130px|130px\u00bb global_colors_info=\u00bb{}\u00bb bar_background_color_default=\u00bb#2ea3f2&#8243; use_percentages=\u00bbon\u00bb sticky_enabled=\u00bb0&#8243;]Espiritualidad[\/et_pb_counter][et_pb_counter percent=\u00bb50&#8243; bar_background_color=\u00bb#6A9EDA\u00bb _builder_version=\u00bb4.24.2&#8243; _module_preset=\u00bbdefault\u00bb title_text_color=\u00bb#FFFFFF\u00bb percent_text_color=\u00bbRGBA(255,255,255,0)\u00bb hover_enabled=\u00bb0&#8243; border_radii=\u00bbon|130px|130px|130px|130px\u00bb global_colors_info=\u00bb{}\u00bb bar_background_color_default=\u00bb#2ea3f2&#8243; use_percentages=\u00bbon\u00bb sticky_enabled=\u00bb0&#8243;]Organizaci\u00f3n[\/et_pb_counter][et_pb_counter percent=\u00bb85&#8243; bar_background_color=\u00bb#6A9EDA\u00bb _builder_version=\u00bb4.24.2&#8243; _module_preset=\u00bbdefault\u00bb title_text_color=\u00bb#FFFFFF\u00bb percent_text_color=\u00bbRGBA(255,255,255,0)\u00bb hover_enabled=\u00bb0&#8243; border_radii=\u00bbon|130px|130px|130px|130px\u00bb global_colors_info=\u00bb{}\u00bb bar_background_color_default=\u00bb#2ea3f2&#8243; use_percentages=\u00bbon\u00bb sticky_enabled=\u00bb0&#8243;]Conocimiento[\/et_pb_counter][\/et_pb_counters][\/et_pb_column][\/et_pb_row][\/et_pb_section]<\/p>\n","protected":false},"excerpt":{"rendered":"<p>AUTOEVALUACI\u00d3N&nbsp; \u00a0En el transcurso de estos a\u00f1os como estudiante de la carrera de Dise\u00f1o de Comunicaci\u00f3n he notado que si hay algo que me gustar\u00eda mejorar es la disciplina ya que tiendo a procrastinar mucho y me ha tra\u00eddo problemas, pero si hablamos de otros apartados he crecido en creativad, dibujo, manejo de sotfwares e [&hellip;]<\/p>\n","protected":false},"author":55,"featured_media":0,"parent":0,"menu_order":6,"comment_status":"closed","ping_status":"closed","template":"","meta":{"_et_pb_use_builder":"on","_et_pb_old_content":"<!-- wp:divi\/placeholder \/-->","_et_gb_content_width":"","inline_featured_image":false,"footnotes":""},"_links":{"self":[{"href":"https:\/\/dcv.artcom.mx\/pda\/1190457\/wp-json\/wp\/v2\/pages\/15"}],"collection":[{"href":"https:\/\/dcv.artcom.mx\/pda\/1190457\/wp-json\/wp\/v2\/pages"}],"about":[{"href":"https:\/\/dcv.artcom.mx\/pda\/1190457\/wp-json\/wp\/v2\/types\/page"}],"author":[{"embeddable":true,"href":"https:\/\/dcv.artcom.mx\/pda\/1190457\/wp-json\/wp\/v2\/users\/55"}],"replies":[{"embeddable":true,"href":"https:\/\/dcv.artcom.mx\/pda\/1190457\/wp-json\/wp\/v2\/comments?post=15"}],"version-history":[{"count":7,"href":"https:\/\/dcv.artcom.mx\/pda\/1190457\/wp-json\/wp\/v2\/pages\/15\/revisions"}],"predecessor-version":[{"id":515,"href":"https:\/\/dcv.artcom.mx\/pda\/1190457\/wp-json\/wp\/v2\/pages\/15\/revisions\/515"}],"wp:attachment":[{"href":"https:\/\/dcv.artcom.mx\/pda\/1190457\/wp-json\/wp\/v2\/media?parent=15"}],"curies":[{"name":"wp","href":"https:\/\/api.w.org\/{rel}","templated":true}]}}