{"id":13,"date":"2020-03-03T22:19:04","date_gmt":"2020-03-04T04:19:04","guid":{"rendered":"http:\/\/pdadcv.artcom.mx\/portafolio-demo\/?page_id=13"},"modified":"2024-05-07T07:33:38","modified_gmt":"2024-05-07T07:33:38","slug":"actividades-laborales-y-certificaciones","status":"publish","type":"page","link":"https:\/\/dcv.artcom.mx\/pda\/1190457\/evidencias\/actividades-laborales-y-certificaciones\/","title":{"rendered":"Actividades laborales y certificaciones"},"content":{"rendered":"<p>[et_pb_section fb_built=\u00bb1&#8243; admin_label=\u00bbImage &#8211; Text\u00bb _builder_version=\u00bb4.24.2&#8243; use_background_color_gradient=\u00bbon\u00bb background_color_gradient_direction=\u00bb279deg\u00bb background_color_gradient_stops=\u00bb#000000 1%|#6a9eda 100%\u00bb background_color_gradient_start=\u00bb#ff6a88&#8243; background_color_gradient_end=\u00bb#ff99ac\u00bb min_height=\u00bb646px\u00bb custom_margin=\u00bb||11px|||\u00bb custom_padding=\u00bb||2px|||\u00bb animation_style=\u00bbfade\u00bb animation_starting_opacity=\u00bb100%\u00bb hover_enabled=\u00bb0&#8243; box_shadow_style=\u00bbpreset7&#8243; box_shadow_horizontal=\u00bb0px\u00bb box_shadow_vertical=\u00bb-100px\u00bb box_shadow_color=\u00bb#ffffff\u00bb saved_tabs=\u00bball\u00bb locked=\u00bboff\u00bb global_colors_info=\u00bb{}\u00bb sticky_enabled=\u00bb0&#8243;][et_pb_row column_structure=\u00bb1_2,1_2&#8243; _builder_version=\u00bb4.20.4&#8243; background_color=\u00bbRGBA(255,255,255,0)\u00bb min_height=\u00bb395.7px\u00bb custom_padding=\u00bb51px||31px|||\u00bb global_colors_info=\u00bb{}\u00bb][et_pb_column type=\u00bb1_2&#8243; _builder_version=\u00bb4.16&#8243; custom_padding=\u00bb80px|||\u00bb global_colors_info=\u00bb{}\u00bb custom_padding__hover=\u00bb|||\u00bb][et_pb_text _builder_version=\u00bb4.20.4&#8243; text_font=\u00bb||||||||\u00bb header_font=\u00bb||||||||\u00bb header_line_height=\u00bb1.5em\u00bb header_2_font=\u00bbPoppins|700|||||||\u00bb header_2_text_color=\u00bb#ffffff\u00bb header_2_font_size=\u00bb42px\u00bb header_2_line_height=\u00bb1.5em\u00bb header_3_font=\u00bb||||||||\u00bb header_4_font=\u00bb||||||||\u00bb header_5_font=\u00bb||||||||\u00bb header_6_font=\u00bb||||||||\u00bb custom_margin=\u00bb||10px|\u00bb header_2_text_shadow_style=\u00bbpreset4&#8243; header_2_text_shadow_color=\u00bb#000000&#8243; locked=\u00bboff\u00bb global_colors_info=\u00bb{}\u00bb]<\/p>\n<h2>Actividades laborales y certificaciones<\/h2>\n<p>[\/et_pb_text][et_pb_text _builder_version=\u00bb4.20.4&#8243; text_font=\u00bbPoppins||||||||\u00bb text_text_color=\u00bb#ffffff\u00bb text_font_size=\u00bb18px\u00bb text_line_height=\u00bb1.8em\u00bb header_font=\u00bb||||||||\u00bb custom_margin=\u00bb||383px|||\u00bb locked=\u00bboff\u00bb global_colors_info=\u00bb{}\u00bb]<\/p>\n<p>En este apartado muestro una actividad laboral que he realizado con bastante frecuencia para el pago de mis estudios. Como tambi\u00e9n el trabajo a una empresa de igual forma para el beneficio de mi educaci\u00f3n<\/p>\n<p>Tambi\u00e9n se puede observar constancias de cursos o talleres que realizo para el avance de mi formaci\u00f3n vocacional.<\/p>\n<p>&nbsp;<\/p>\n<p>[\/et_pb_text][et_pb_slider _builder_version=\u00bb4.20.4&#8243; _module_preset=\u00bbdefault\u00bb global_colors_info=\u00bb{}\u00bb][et_pb_slide image=\u00bbhttp:\/\/dcv.artcom.mx\/pda\/1190457\/wp-content\/uploads\/sites\/52\/2023\/05\/WhatsApp-Image-2023-05-08-at-17.13.16-1.jpeg\u00bb _builder_version=\u00bb4.20.4&#8243; _module_preset=\u00bbdefault\u00bb background_color=\u00bbRGBA(255,255,255,0)\u00bb background_enable_color=\u00bbon\u00bb global_colors_info=\u00bb{}\u00bb sticky_transition=\u00bbon\u00bb][\/et_pb_slide][et_pb_slide image=\u00bbhttp:\/\/dcv.artcom.mx\/pda\/1190457\/wp-content\/uploads\/sites\/52\/2023\/05\/WhatsApp-Image-2023-05-08-at-17.13.16.jpeg\u00bb _builder_version=\u00bb4.20.4&#8243; _module_preset=\u00bbdefault\u00bb background_color=\u00bbRGBA(255,255,255,0)\u00bb background_enable_color=\u00bbon\u00bb global_colors_info=\u00bb{}\u00bb sticky_transition=\u00bbon\u00bb][\/et_pb_slide][\/et_pb_slider][\/et_pb_column][et_pb_column type=\u00bb1_2&#8243; _builder_version=\u00bb4.16&#8243; custom_padding=\u00bb|||\u00bb global_colors_info=\u00bb{}\u00bb custom_padding__hover=\u00bb|||\u00bb][et_pb_slider _builder_version=\u00bb4.24.2&#8243; _module_preset=\u00bbdefault\u00bb custom_margin=\u00bb||18px|||\u00bb custom_padding=\u00bb177px|||||\u00bb hover_enabled=\u00bb0&#8243; global_colors_info=\u00bb{}\u00bb sticky_enabled=\u00bb0&#8243;][et_pb_slide image=\u00bbhttp:\/\/dcv.artcom.mx\/pda\/1190457\/wp-content\/uploads\/sites\/52\/2023\/05\/WhatsApp-Image-2023-05-08-at-17.12.40-1.jpeg\u00bb _builder_version=\u00bb4.20.4&#8243; _module_preset=\u00bbdefault\u00bb background_color=\u00bbRGBA(255,255,255,0)\u00bb background_enable_color=\u00bbon\u00bb global_colors_info=\u00bb{}\u00bb sticky_transition=\u00bbon\u00bb][\/et_pb_slide][et_pb_slide image=\u00bbhttp:\/\/dcv.artcom.mx\/pda\/1190457\/wp-content\/uploads\/sites\/52\/2023\/05\/WhatsApp-Image-2023-05-08-at-17.12.40.jpeg\u00bb _builder_version=\u00bb4.20.4&#8243; _module_preset=\u00bbdefault\u00bb background_color=\u00bbRGBA(255,255,255,0)\u00bb background_enable_color=\u00bbon\u00bb global_colors_info=\u00bb{}\u00bb sticky_transition=\u00bbon\u00bb][\/et_pb_slide][et_pb_slide image=\u00bbhttp:\/\/dcv.artcom.mx\/pda\/1190457\/wp-content\/uploads\/sites\/52\/2024\/05\/GRUA-Y-GENERADOR-FUENTES_compressed_page-0001.jpg\u00bb _builder_version=\u00bb4.24.2&#8243; _module_preset=\u00bbdefault\u00bb background_color=\u00bbRGBA(255,255,255,0)\u00bb background_enable_color=\u00bbon\u00bb hover_enabled=\u00bb0&#8243; global_colors_info=\u00bb{}\u00bb sticky_transition=\u00bbon\u00bb title_text=\u00bbGRUA Y GENERADOR FUENTES_compressed_page-0001&#8243; sticky_enabled=\u00bb0&#8243;][\/et_pb_slide][et_pb_slide image=\u00bbhttp:\/\/dcv.artcom.mx\/pda\/1190457\/wp-content\/uploads\/sites\/52\/2024\/05\/GRUA-Y-GENERADOR-FUENTES_compressed_page-0003.jpg\u00bb _builder_version=\u00bb4.24.2&#8243; _module_preset=\u00bbdefault\u00bb background_color=\u00bbRGBA(255,255,255,0)\u00bb background_enable_color=\u00bbon\u00bb hover_enabled=\u00bb0&#8243; global_colors_info=\u00bb{}\u00bb sticky_transition=\u00bbon\u00bb title_text=\u00bbGRUA Y GENERADOR FUENTES_compressed_page-0003&#8243; sticky_enabled=\u00bb0&#8243;][\/et_pb_slide][et_pb_slide image=\u00bbhttp:\/\/dcv.artcom.mx\/pda\/1190457\/wp-content\/uploads\/sites\/52\/2024\/05\/GRUA-Y-GENERADOR-FUENTES_compressed_page-0002-scaled.jpg\u00bb _builder_version=\u00bb4.24.2&#8243; _module_preset=\u00bbdefault\u00bb background_color=\u00bbRGBA(255,255,255,0)\u00bb background_enable_color=\u00bbon\u00bb hover_enabled=\u00bb0&#8243; global_colors_info=\u00bb{}\u00bb sticky_transition=\u00bbon\u00bb title_text=\u00bbGRUA Y GENERADOR FUENTES_compressed_page-0002&#8243; sticky_enabled=\u00bb0&#8243;][\/et_pb_slide][et_pb_slide image=\u00bbhttp:\/\/dcv.artcom.mx\/pda\/1190457\/wp-content\/uploads\/sites\/52\/2024\/05\/GRUA-Y-GENERADOR-FUENTES_compressed_page-0004.jpg\u00bb _builder_version=\u00bb4.24.2&#8243; _module_preset=\u00bbdefault\u00bb background_color=\u00bbRGBA(255,255,255,0)\u00bb background_enable_color=\u00bbon\u00bb hover_enabled=\u00bb0&#8243; global_colors_info=\u00bb{}\u00bb sticky_transition=\u00bbon\u00bb title_text=\u00bbGRUA Y GENERADOR FUENTES_compressed_page-0004&#8243; sticky_enabled=\u00bb0&#8243;][\/et_pb_slide][et_pb_slide image=\u00bbhttp:\/\/dcv.artcom.mx\/pda\/1190457\/wp-content\/uploads\/sites\/52\/2024\/05\/GRUA-Y-GENERADOR-FUENTES_compressed_page-0005.jpg\u00bb _builder_version=\u00bb4.24.2&#8243; _module_preset=\u00bbdefault\u00bb background_color=\u00bbRGBA(255,255,255,0)\u00bb background_enable_color=\u00bbon\u00bb hover_enabled=\u00bb0&#8243; global_colors_info=\u00bb{}\u00bb sticky_transition=\u00bbon\u00bb title_text=\u00bbGRUA Y GENERADOR FUENTES_compressed_page-0005&#8243; sticky_enabled=\u00bb0&#8243;][\/et_pb_slide][et_pb_slide image=\u00bbhttp:\/\/dcv.artcom.mx\/pda\/1190457\/wp-content\/uploads\/sites\/52\/2024\/05\/GRUA-Y-GENERADOR-FUENTES_compressed_page-0006-scaled.jpg\u00bb _builder_version=\u00bb4.24.2&#8243; _module_preset=\u00bbdefault\u00bb background_color=\u00bbRGBA(255,255,255,0)\u00bb background_enable_color=\u00bbon\u00bb hover_enabled=\u00bb0&#8243; global_colors_info=\u00bb{}\u00bb sticky_transition=\u00bbon\u00bb title_text=\u00bbGRUA Y GENERADOR FUENTES_compressed_page-0006&#8243; sticky_enabled=\u00bb0&#8243;][\/et_pb_slide][\/et_pb_slider][et_pb_text _builder_version=\u00bb4.20.4&#8243; _module_preset=\u00bbdefault\u00bb text_font=\u00bbPoppins|600|||||||\u00bb text_text_color=\u00bb#ffffff\u00bb global_colors_info=\u00bb{}\u00bb]<\/p>\n<p>IEST ANAHUAC<\/p>\n<p>REVIRAR<\/p>\n<p>ENCUENTRO NACIONAL DE ESCUELAS DE DISE\u00d1O GRAFICO<\/p>\n<p>&nbsp;<\/p>\n<p>[\/et_pb_text][\/et_pb_column][\/et_pb_row][\/et_pb_section]<\/p>\n","protected":false},"excerpt":{"rendered":"<p>Actividades laborales y certificacionesEn este apartado muestro una actividad laboral que he realizado con bastante frecuencia para el pago de mis estudios. Como tambi\u00e9n el trabajo a una empresa de igual forma para el beneficio de mi educaci\u00f3n Tambi\u00e9n se puede observar constancias de cursos o talleres que realizo para el avance de mi formaci\u00f3n [&hellip;]<\/p>\n","protected":false},"author":55,"featured_media":0,"parent":11,"menu_order":3,"comment_status":"closed","ping_status":"closed","template":"","meta":{"_et_pb_use_builder":"on","_et_pb_old_content":"","_et_gb_content_width":"","inline_featured_image":false,"footnotes":""},"_links":{"self":[{"href":"https:\/\/dcv.artcom.mx\/pda\/1190457\/wp-json\/wp\/v2\/pages\/13"}],"collection":[{"href":"https:\/\/dcv.artcom.mx\/pda\/1190457\/wp-json\/wp\/v2\/pages"}],"about":[{"href":"https:\/\/dcv.artcom.mx\/pda\/1190457\/wp-json\/wp\/v2\/types\/page"}],"author":[{"embeddable":true,"href":"https:\/\/dcv.artcom.mx\/pda\/1190457\/wp-json\/wp\/v2\/users\/55"}],"replies":[{"embeddable":true,"href":"https:\/\/dcv.artcom.mx\/pda\/1190457\/wp-json\/wp\/v2\/comments?post=13"}],"version-history":[{"count":3,"href":"https:\/\/dcv.artcom.mx\/pda\/1190457\/wp-json\/wp\/v2\/pages\/13\/revisions"}],"predecessor-version":[{"id":470,"href":"https:\/\/dcv.artcom.mx\/pda\/1190457\/wp-json\/wp\/v2\/pages\/13\/revisions\/470"}],"up":[{"embeddable":true,"href":"https:\/\/dcv.artcom.mx\/pda\/1190457\/wp-json\/wp\/v2\/pages\/11"}],"wp:attachment":[{"href":"https:\/\/dcv.artcom.mx\/pda\/1190457\/wp-json\/wp\/v2\/media?parent=13"}],"curies":[{"name":"wp","href":"https:\/\/api.w.org\/{rel}","templated":true}]}}