{"id":9,"date":"2020-03-03T22:18:20","date_gmt":"2020-03-04T04:18:20","guid":{"rendered":"http:\/\/pdadcv.artcom.mx\/portafolio-demo\/?page_id=9"},"modified":"2021-04-21T22:47:42","modified_gmt":"2021-04-21T22:47:42","slug":"mi-ple","status":"publish","type":"page","link":"https:\/\/dcv.artcom.mx\/pda\/1190240\/mi-ple\/","title":{"rendered":"Mi PLE"},"content":{"rendered":"<p>[et_pb_section fb_built=\u00bb1&#8243; admin_label=\u00bbHero Section\u00bb _builder_version=\u00bb4.9.3&#8243; background_color=\u00bb#000000&#8243; background_color_gradient_direction=\u00bb131deg\u00bb background_image=\u00bbhttp:\/\/pdadcv.artcom.mx\/portafolio-demo\/wp-content\/uploads\/sites\/2\/2020\/03\/fashion-22.jpg\u00bb custom_padding=\u00bb110px|0px|110px|0px\u00bb animation_style=\u00bbslide\u00bb animation_direction=\u00bbtop\u00bb animation_intensity_slide=\u00bb2%\u00bb animation_starting_opacity=\u00bb100%\u00bb][et_pb_row column_structure=\u00bb1_2,1_2&#8243; _builder_version=\u00bb3.25&#8243; background_size=\u00bbinitial\u00bb background_position=\u00bbtop_left\u00bb background_repeat=\u00bbrepeat\u00bb custom_width_px=\u00bb1440px\u00bb][et_pb_column type=\u00bb1_2&#8243; _builder_version=\u00bb3.25&#8243; custom_padding=\u00bb|||\u00bb custom_padding__hover=\u00bb|||\u00bb][et_pb_text _builder_version=\u00bb4.9.3&#8243; text_font=\u00bb||||||||\u00bb header_font=\u00bb|700|||||||\u00bb header_text_color=\u00bb#ffffff\u00bb header_font_size=\u00bb60px\u00bb header_line_height=\u00bb1.5em\u00bb header_2_font=\u00bb||||||||\u00bb header_3_font=\u00bb||||||||\u00bb header_4_font=\u00bb||||||||\u00bb header_5_font=\u00bb||||||||\u00bb header_6_font=\u00bb||||||||\u00bb background_size=\u00bbinitial\u00bb background_position=\u00bbtop_left\u00bb background_repeat=\u00bbrepeat\u00bb custom_margin=\u00bb||20px|\u00bb locked=\u00bboff\u00bb]<\/p>\n<h1>Mi PLE<\/h1>\n<p>[\/et_pb_text][et_pb_divider divider_weight=\u00bb3px\u00bb disabled_on=\u00bbon|on|off\u00bb _builder_version=\u00bb4.9.0&#8243; max_width=\u00bb80px\u00bb module_alignment=\u00bbleft\u00bb height=\u00bb10px\u00bb custom_margin=\u00bb||20px|\u00bb animation_style=\u00bbslide\u00bb animation_direction=\u00bbbottom\u00bb saved_tabs=\u00bball\u00bb locked=\u00bboff\u00bb][\/et_pb_divider][et_pb_text _builder_version=\u00bb3.27.4&#8243; text_font=\u00bbPoppins||||||||\u00bb text_text_color=\u00bbrgba(255,255,255,0.8)\u00bb text_font_size=\u00bb18px\u00bb text_line_height=\u00bb1.8em\u00bb header_font=\u00bb||||||||\u00bb background_size=\u00bbinitial\u00bb background_position=\u00bbtop_left\u00bb background_repeat=\u00bbrepeat\u00bb locked=\u00bboff\u00bb]<\/p>\n<p>En esta secci\u00f3n publicar\u00e9 las diferentes plataformas en las que trabajo y subo mis proyectos personales, y en las plataformas de las que me suelo inspirar para poder fluir de una mejor manera en mi propio trabajo.<\/p>\n<p>[\/et_pb_text][\/et_pb_column][et_pb_column type=\u00bb1_2&#8243; _builder_version=\u00bb3.25&#8243; custom_padding=\u00bb|||\u00bb custom_padding__hover=\u00bb|||\u00bb][et_pb_image src=\u00bbhttp:\/\/dcv.artcom.mx\/pda\/1190240\/wp-content\/uploads\/sites\/20\/2021\/04\/inspiracion-vector-plantilla-diseno_8163-140.jpg\u00bb title_text=\u00bbinspiracion-vector-plantilla-diseno_8163-140&#8243; _builder_version=\u00bb4.9.3&#8243; _module_preset=\u00bbdefault\u00bb][\/et_pb_image][\/et_pb_column][\/et_pb_row][\/et_pb_section][et_pb_section fb_built=\u00bb1&#8243; _builder_version=\u00bb4.9.3&#8243; _module_preset=\u00bbdefault\u00bb][et_pb_row column_structure=\u00bb1_2,1_4,1_4&#8243; _builder_version=\u00bb4.9.3&#8243; _module_preset=\u00bbdefault\u00bb][et_pb_column type=\u00bb1_2&#8243; _builder_version=\u00bb4.9.3&#8243; _module_preset=\u00bbdefault\u00bb][et_pb_text _builder_version=\u00bb4.9.3&#8243; _module_preset=\u00bbdefault\u00bb text_font=\u00bb|700|||||||\u00bb text_font_size=\u00bb30px\u00bb text_letter_spacing=\u00bb1px\u00bb]<\/p>\n<p>Plataformas en las que trabajo<\/p>\n<p>[\/et_pb_text][et_pb_text _builder_version=\u00bb4.9.3&#8243; _module_preset=\u00bbdefault\u00bb]<\/p>\n<p>En estas dos plataformas, YouTube e Instagram, suelo subir mis proyectos en los que trabajo de manera independiente, y es que estas redes sociales se me hacen un punto muy importante para poder iniciar para demostrar el trabajo que soy capaz de hacer.<\/p>\n<p>[\/et_pb_text][\/et_pb_column][et_pb_column type=\u00bb1_4&#8243; _builder_version=\u00bb4.9.3&#8243; _module_preset=\u00bbdefault\u00bb][et_pb_image src=\u00bbhttp:\/\/dcv.artcom.mx\/pda\/1190240\/wp-content\/uploads\/sites\/20\/2021\/04\/instagram-logo-041EABACE1-seeklogo.com_.png\u00bb title_text=\u00bbinstagram-logo-041EABACE1-seeklogo.com\u00bb _builder_version=\u00bb4.9.3&#8243; _module_preset=\u00bbdefault\u00bb][\/et_pb_image][et_pb_button button_url=\u00bbhttps:\/\/www.instagram.com\/marquezypz\/\u00bb button_text=\u00bbMy Profile\u00bb _builder_version=\u00bb4.9.3&#8243; _module_preset=\u00bbdefault\u00bb custom_button=\u00bbon\u00bb button_text_color=\u00bb#000000&#8243; button_border_width=\u00bb1px\u00bb button_border_radius=\u00bb0px\u00bb button_font=\u00bb|300|||||||\u00bb button_icon=\u00bb%%20%%\u00bb button_icon_color=\u00bb#000000&#8243; button_on_hover=\u00bboff\u00bb][\/et_pb_button][\/et_pb_column][et_pb_column type=\u00bb1_4&#8243; _builder_version=\u00bb4.9.3&#8243; _module_preset=\u00bbdefault\u00bb][et_pb_image src=\u00bbhttp:\/\/dcv.artcom.mx\/pda\/1190240\/wp-content\/uploads\/sites\/20\/2021\/04\/youtube-logo-5-2.png\u00bb title_text=\u00bbyoutube-logo-5-2&#8243; _builder_version=\u00bb4.9.3&#8243; _module_preset=\u00bbdefault\u00bb][\/et_pb_image][et_pb_button button_url=\u00bbhttps:\/\/www.youtube.com\/channel\/UCFY4fTf6iyOu_YIXp0rID4Q\u00bb button_text=\u00bbMy Channel\u00bb _builder_version=\u00bb4.9.3&#8243; _module_preset=\u00bbdefault\u00bb custom_button=\u00bbon\u00bb button_text_color=\u00bb#000000&#8243; button_bg_color=\u00bb#FFFFFF\u00bb button_border_width=\u00bb1px\u00bb button_border_color=\u00bb#9B9B9B\u00bb button_border_radius=\u00bb0px\u00bb button_letter_spacing=\u00bb0px\u00bb button_font=\u00bb|300|||||||\u00bb button_icon=\u00bb%%20%%\u00bb button_icon_color=\u00bb#000000&#8243; button_on_hover=\u00bboff\u00bb][\/et_pb_button][\/et_pb_column][\/et_pb_row][\/et_pb_section][et_pb_section fb_built=\u00bb1&#8243; _builder_version=\u00bb4.9.3&#8243; _module_preset=\u00bbdefault\u00bb][et_pb_row _builder_version=\u00bb4.9.3&#8243; _module_preset=\u00bbdefault\u00bb][et_pb_column type=\u00bb4_4&#8243; _builder_version=\u00bb4.9.3&#8243; _module_preset=\u00bbdefault\u00bb][et_pb_text _builder_version=\u00bb4.9.3&#8243; _module_preset=\u00bbdefault\u00bb text_font=\u00bb|700|||||||\u00bb text_font_size=\u00bb30px\u00bb text_letter_spacing=\u00bb5px\u00bb]<\/p>\n<p style=\"text-align: center\">Mis espacios de inspiraci\u00f3n<\/p>\n<p>[\/et_pb_text][et_pb_text _builder_version=\u00bb4.9.3&#8243; _module_preset=\u00bbdefault\u00bb text_font=\u00bb||||||||\u00bb text_letter_spacing=\u00bb2px\u00bb]<\/p>\n<p style=\"text-align: center\">A continuaci\u00f3n les presento algunos de mis espacios en donde suelo buscar inspiraci\u00f3n para el trabajo diario.<\/p>\n<p>[\/et_pb_text][\/et_pb_column][\/et_pb_row][\/et_pb_section][et_pb_section fb_built=\u00bb1&#8243; _builder_version=\u00bb4.9.3&#8243; _module_preset=\u00bbdefault\u00bb][et_pb_row column_structure=\u00bb1_6,1_6,1_6,1_6,1_6,1_6&#8243; _builder_version=\u00bb4.9.3&#8243; _module_preset=\u00bbdefault\u00bb][et_pb_column type=\u00bb1_6&#8243; _builder_version=\u00bb4.9.3&#8243; _module_preset=\u00bbdefault\u00bb][et_pb_image src=\u00bbhttp:\/\/dcv.artcom.mx\/pda\/1190240\/wp-content\/uploads\/sites\/20\/2021\/04\/unnamed.jpg\u00bb title_text=\u00bbunnamed\u00bb _builder_version=\u00bb4.9.3&#8243; _module_preset=\u00bbdefault\u00bb][\/et_pb_image][et_pb_text _builder_version=\u00bb4.9.3&#8243; _module_preset=\u00bbdefault\u00bb hover_enabled=\u00bb0&#8243; text_font=\u00bb|800|||||||\u00bb sticky_enabled=\u00bb0&#8243;]<\/p>\n<p>Marcos Alberca<\/p>\n<p>[\/et_pb_text][et_pb_text _builder_version=\u00bb4.9.3&#8243; _module_preset=\u00bbdefault\u00bb]<\/p>\n<p><span>Fot\u00f3grafo espa\u00f1ol que ha obtenido fama por su canal de YouTube. Ha obtenido m\u00e1s de 97 millones de reproducciones totales por sus tutoriales de fotograf\u00eda, consejos de edici\u00f3n y vlogs de sesiones.<\/span><\/p>\n<p>[\/et_pb_text][\/et_pb_column][et_pb_column type=\u00bb1_6&#8243; _builder_version=\u00bb4.9.3&#8243; _module_preset=\u00bbdefault\u00bb][et_pb_image src=\u00bbhttp:\/\/dcv.artcom.mx\/pda\/1190240\/wp-content\/uploads\/sites\/20\/2021\/04\/watchluke-5161bf845a1830daa21b976749e4f221.jpg\u00bb title_text=\u00bbwatchluke-5161bf845a1830daa21b976749e4f221&#8243; _builder_version=\u00bb4.9.3&#8243; _module_preset=\u00bbdefault\u00bb][\/et_pb_image][et_pb_text _builder_version=\u00bb4.9.3&#8243; _module_preset=\u00bbdefault\u00bb hover_enabled=\u00bb0&#8243; text_font=\u00bb|800|||||||\u00bb sticky_enabled=\u00bb0&#8243;]<\/p>\n<p>Watch Luke<\/p>\n<p>[\/et_pb_text][et_pb_text _builder_version=\u00bb4.9.3&#8243; _module_preset=\u00bbdefault\u00bb]<\/p>\n<p>Fot\u00f3grafo del Reino Unido en el cual su estilo es \u00fanico y distinguible, especializado en la fotograf\u00eda de paisaje.<\/p>\n<p>[\/et_pb_text][\/et_pb_column][et_pb_column type=\u00bb1_6&#8243; _builder_version=\u00bb4.9.3&#8243; _module_preset=\u00bbdefault\u00bb][et_pb_image src=\u00bbhttp:\/\/dcv.artcom.mx\/pda\/1190240\/wp-content\/uploads\/sites\/20\/2021\/04\/AKZi6rKE_400x400.jpg\u00bb title_text=\u00bbAKZi6rKE_400x400&#8243; _builder_version=\u00bb4.9.3&#8243; _module_preset=\u00bbdefault\u00bb][\/et_pb_image][et_pb_text _builder_version=\u00bb4.9.3&#8243; _module_preset=\u00bbdefault\u00bb hover_enabled=\u00bb0&#8243; text_font=\u00bb|800|||||||\u00bb sticky_enabled=\u00bb0&#8243;]<\/p>\n<p>Carlos Lang<\/p>\n<p>[\/et_pb_text][et_pb_text _builder_version=\u00bb4.9.3&#8243; _module_preset=\u00bbdefault\u00bb]<\/p>\n<p><span>Es un artista, fot\u00f3grafo y dise\u00f1ador independiente que a sus 27 a\u00f1os ha conseguido hacer de su vida un extraordinario viaje interminable. Se considera a s\u00ed mismo un viajero y la filosof\u00eda de saber que nada es para siempre es lo que lo mantiene vivo y disfrutando de cada instante.<\/span><\/p>\n<p>[\/et_pb_text][\/et_pb_column][et_pb_column type=\u00bb1_6&#8243; _builder_version=\u00bb4.9.3&#8243; _module_preset=\u00bbdefault\u00bb][et_pb_image src=\u00bbhttp:\/\/dcv.artcom.mx\/pda\/1190240\/wp-content\/uploads\/sites\/20\/2021\/04\/marco_creativo-oawz77snkbqw2arke9xdgenel47xjk0zsf93mzmisg.jpg\u00bb title_text=\u00bbmarco_creativo-oawz77snkbqw2arke9xdgenel47xjk0zsf93mzmisg\u00bb _builder_version=\u00bb4.9.3&#8243; _module_preset=\u00bbdefault\u00bb][\/et_pb_image][et_pb_text _builder_version=\u00bb4.9.3&#8243; _module_preset=\u00bbdefault\u00bb hover_enabled=\u00bb0&#8243; text_font=\u00bb|800|||||||\u00bb sticky_enabled=\u00bb0&#8243;]<\/p>\n<p>Marcos Creativo<\/p>\n<p>[\/et_pb_text][et_pb_text _builder_version=\u00bb4.9.3&#8243; _module_preset=\u00bbdefault\u00bb]<\/p>\n<p><span>Es un estudio de dise\u00f1o gr\u00e1fico especializado en branding e identidad visual corporativa. Sabemos\u00a0<\/span>que<span>\u00a0lanzar una startup o tener una pyme no es nada f\u00e1cil, y por eso entendemos\u00a0<\/span>que<span>\u00a0lo mejor es trabajar con un estudio especializado\u00a0<\/span>que<span>\u00a0pueda desarrollar tu identidad visual y verbal.<\/span><\/p>\n<p>[\/et_pb_text][\/et_pb_column][et_pb_column type=\u00bb1_6&#8243; _builder_version=\u00bb4.9.3&#8243; _module_preset=\u00bbdefault\u00bb][et_pb_image src=\u00bbhttp:\/\/dcv.artcom.mx\/pda\/1190240\/wp-content\/uploads\/sites\/20\/2021\/04\/73b5b5660e6dd4e8a465186248f9b70d.png\u00bb title_text=\u00bb73b5b5660e6dd4e8a465186248f9b70d\u00bb _builder_version=\u00bb4.9.3&#8243; _module_preset=\u00bbdefault\u00bb][\/et_pb_image][et_pb_text _builder_version=\u00bb4.9.3&#8243; _module_preset=\u00bbdefault\u00bb hover_enabled=\u00bb0&#8243; text_font=\u00bb|800|||||||\u00bb sticky_enabled=\u00bb0&#8243;]<\/p>\n<p>Spotify<\/p>\n<p>[\/et_pb_text][et_pb_text _builder_version=\u00bb4.9.3&#8243; _module_preset=\u00bbdefault\u00bb hover_enabled=\u00bb0&#8243; sticky_enabled=\u00bb0&#8243;]<\/p>\n<p><span>Es una aplicaci\u00f3n multiplataforma sueco-estadounidense, empleada para la reproducci\u00f3n de m\u00fasica v\u00eda streaming.<\/span><\/p>\n<p>[\/et_pb_text][\/et_pb_column][et_pb_column type=\u00bb1_6&#8243; _builder_version=\u00bb4.9.3&#8243; _module_preset=\u00bbdefault\u00bb][et_pb_image src=\u00bbhttp:\/\/dcv.artcom.mx\/pda\/1190240\/wp-content\/uploads\/sites\/20\/2021\/04\/GiyR9MkCQOivaV5522pC_s8G16o37kK3Sl03c.png\u00bb title_text=\u00bbGiyR9MkCQOivaV5522pC_s8G16o37kK3Sl03c\u00bb _builder_version=\u00bb4.9.3&#8243; _module_preset=\u00bbdefault\u00bb][\/et_pb_image][et_pb_text _builder_version=\u00bb4.9.3&#8243; _module_preset=\u00bbdefault\u00bb text_font=\u00bb|800|||||||\u00bb hover_enabled=\u00bb0&#8243; sticky_enabled=\u00bb0&#8243;]<\/p>\n<p>Nomadic<\/p>\n<p>[\/et_pb_text][et_pb_text _builder_version=\u00bb4.9.3&#8243; _module_preset=\u00bbdefault\u00bb hover_enabled=\u00bb0&#8243; sticky_enabled=\u00bb0&#8243;]<\/p>\n<p>Es una cuenta de Instagram en donde recopila diferentes fotos de grandes fot\u00f3grafos de todos los estilos.<\/p>\n<p>[\/et_pb_text][\/et_pb_column][\/et_pb_row][\/et_pb_section]<\/p>\n","protected":false},"excerpt":{"rendered":"<p>Mi PLEEn esta secci\u00f3n publicar\u00e9 las diferentes plataformas en las que trabajo y subo mis proyectos personales, y en las plataformas de las que me suelo inspirar para poder fluir de una mejor manera en mi propio trabajo.Plataformas en las que trabajoEn estas dos plataformas, YouTube e Instagram, suelo subir mis proyectos en los que [&hellip;]<\/p>\n","protected":false},"author":24,"featured_media":0,"parent":0,"menu_order":4,"comment_status":"closed","ping_status":"closed","template":"","meta":{"_et_pb_use_builder":"on","_et_pb_old_content":"","_et_gb_content_width":"","inline_featured_image":false,"footnotes":""},"_links":{"self":[{"href":"https:\/\/dcv.artcom.mx\/pda\/1190240\/wp-json\/wp\/v2\/pages\/9"}],"collection":[{"href":"https:\/\/dcv.artcom.mx\/pda\/1190240\/wp-json\/wp\/v2\/pages"}],"about":[{"href":"https:\/\/dcv.artcom.mx\/pda\/1190240\/wp-json\/wp\/v2\/types\/page"}],"author":[{"embeddable":true,"href":"https:\/\/dcv.artcom.mx\/pda\/1190240\/wp-json\/wp\/v2\/users\/24"}],"replies":[{"embeddable":true,"href":"https:\/\/dcv.artcom.mx\/pda\/1190240\/wp-json\/wp\/v2\/comments?post=9"}],"version-history":[{"count":4,"href":"https:\/\/dcv.artcom.mx\/pda\/1190240\/wp-json\/wp\/v2\/pages\/9\/revisions"}],"predecessor-version":[{"id":440,"href":"https:\/\/dcv.artcom.mx\/pda\/1190240\/wp-json\/wp\/v2\/pages\/9\/revisions\/440"}],"wp:attachment":[{"href":"https:\/\/dcv.artcom.mx\/pda\/1190240\/wp-json\/wp\/v2\/media?parent=9"}],"curies":[{"name":"wp","href":"https:\/\/api.w.org\/{rel}","templated":true}]}}