{"id":7,"date":"2020-03-03T22:17:35","date_gmt":"2020-03-04T04:17:35","guid":{"rendered":"http:\/\/pdadcv.artcom.mx\/portafolio-demo\/?page_id=7"},"modified":"2021-05-11T20:24:40","modified_gmt":"2021-05-11T20:24:40","slug":"mi-carrera","status":"publish","type":"page","link":"https:\/\/dcv.artcom.mx\/pda\/1190240\/mi-carrera\/","title":{"rendered":"Mi carrera"},"content":{"rendered":"<p>[et_pb_section fb_built=\u00bb1&#8243; make_equal=\u00bbon\u00bb use_custom_gutter=\u00bbon\u00bb gutter_width=\u00bb2&#8243; specialty=\u00bbon\u00bb bg_img_1=\u00bbhttp:\/\/pdadcv.artcom.mx\/portafolio-demo\/wp-content\/uploads\/sites\/2\/2020\/03\/fashion-21.jpg\u00bb padding_top_2=\u00bb100px\u00bb padding_right_2=\u00bb40px\u00bb padding_bottom_2=\u00bb100px\u00bb padding_left_2=\u00bb40px\u00bb _builder_version=\u00bb4.9.2&#8243; background_color=\u00bb#000000&#8243; inner_width=\u00bb100%\u00bb inner_max_width=\u00bb100%\u00bb custom_margin=\u00bb|||\u00bb custom_padding=\u00bb0px|0px|0px|0px\u00bb custom_css_main_element=\u00bbmargin-left: 0 !important;\u00bb use_custom_width=\u00bbon\u00bb width_unit=\u00bboff\u00bb custom_width_percent=\u00bb100%\u00bb][et_pb_column type=\u00bb1_2&#8243; _builder_version=\u00bb3.25&#8243; custom_padding=\u00bb|||\u00bb custom_padding__hover=\u00bb|||\u00bb][et_pb_image src=\u00bbhttp:\/\/dcv.artcom.mx\/pda\/1190240\/wp-content\/uploads\/sites\/20\/2021\/03\/Diseno.png\u00bb title_text=\u00bbDise\u00f1o\u00bb _builder_version=\u00bb4.9.2&#8243; _module_preset=\u00bbdefault\u00bb][\/et_pb_image][\/et_pb_column][et_pb_column type=\u00bb1_2&#8243; specialty_columns=\u00bb2&#8243; _builder_version=\u00bb3.25&#8243; custom_padding=\u00bb|||\u00bb custom_padding__hover=\u00bb|||\u00bb][et_pb_row_inner _builder_version=\u00bb3.25&#8243; max_width=\u00bb800px\u00bb custom_padding=\u00bb30px|0px|30px|0px\u00bb animation_style=\u00bbslide\u00bb animation_direction=\u00bbbottom\u00bb animation_intensity_slide=\u00bb10%\u00bb][et_pb_column_inner saved_specialty_column_type=\u00bb1_2&#8243; _builder_version=\u00bb3.25&#8243; custom_padding=\u00bb|||\u00bb custom_padding__hover=\u00bb|||\u00bb][et_pb_text _builder_version=\u00bb4.9.3&#8243; text_font=\u00bbNoto Serif||||||||\u00bb header_font=\u00bbMontserrat|700|||||||\u00bb header_text_align=\u00bbcenter\u00bb header_text_color=\u00bb#FFFFFF\u00bb header_font_size=\u00bb56px\u00bb header_letter_spacing=\u00bb5px\u00bb]<\/p>\n<h1>Mi carrera<\/h1>\n<p>[\/et_pb_text][et_pb_divider color=\u00bb#FFFFFF\u00bb divider_weight=\u00bb3px\u00bb disabled_on=\u00bbon|on|off\u00bb _builder_version=\u00bb4.9.2&#8243; background_color=\u00bbRGBA(131,0,233,0)\u00bb max_width=\u00bb80px\u00bb module_alignment=\u00bbcenter\u00bb height=\u00bb10px\u00bb custom_margin=\u00bb||20px|\u00bb animation_style=\u00bbslide\u00bb animation_direction=\u00bbbottom\u00bb saved_tabs=\u00bball\u00bb locked=\u00bboff\u00bb][\/et_pb_divider][et_pb_text _builder_version=\u00bb4.9.2&#8243; text_font=\u00bbMontserrat||on||||||\u00bb text_text_color=\u00bb#FFFFFF\u00bb text_letter_spacing=\u00bb1px\u00bb text_line_height=\u00bb1.8em\u00bb text_orientation=\u00bbcenter\u00bb module_alignment=\u00bbcenter\u00bb min_height=\u00bb32px\u00bb custom_padding=\u00bb||0px|||\u00bb]<\/p>\n<p>Dise\u00f1o en Comunicaci\u00f3n Visual<\/p>\n<p>[\/et_pb_text][\/et_pb_column_inner][\/et_pb_row_inner][et_pb_row_inner _builder_version=\u00bb3.25&#8243; max_width=\u00bb800px\u00bb custom_padding=\u00bb30px|0px|30px|0px\u00bb animation_style=\u00bbslide\u00bb animation_direction=\u00bbbottom\u00bb animation_intensity_slide=\u00bb10%\u00bb][et_pb_column_inner saved_specialty_column_type=\u00bb1_2&#8243; _builder_version=\u00bb3.25&#8243; custom_padding=\u00bb|||\u00bb custom_padding__hover=\u00bb|||\u00bb][et_pb_text _builder_version=\u00bb4.9.2&#8243; text_font=\u00bbMontserrat|600|||||||\u00bb text_text_color=\u00bb#FFFFFF\u00bb text_font_size=\u00bb16px\u00bb text_line_height=\u00bb1.9em\u00bb header_font=\u00bbPoppins||||||||\u00bb header_2_font=\u00bb||||||||\u00bb module_alignment=\u00bbcenter\u00bb custom_margin=\u00bb|||\u00bb locked=\u00bboff\u00bb]<\/p>\n<p>Lo que la sociedad opina sobre mi carrera de Dise\u00f1o de Comunicaci\u00f3n Visual es diverso, la mayor\u00eda de la gente cree que esta carrera es una de las peores, porque se cree que es una carrera en la cual no se paga bien, no se tiene mucha demanda de esta a la hora tanto de ingresar a estudiarla como al momento de salir de ella y buscar alg\u00fan trabajo, una carrera f\u00e1cil en donde s\u00f3lo se dibuja y se pasa a las computadoras, sin embargo, es mucho m\u00e1s que eso.<\/p>\n<p>La carrera de dise\u00f1o es m\u00e1s que creatividad, es crear diferentes versiones de una realidad, llegar por medio de varios caminos hasta un punto correcto de encuentro. El dise\u00f1ar no es simplemente hacer dibujos, colocar colores al azar o tal vez porque se cree que se ve bonito, no es cuesti\u00f3n de eso, es pensar, es jugar con la psicolog\u00eda para el ojo y cerebro humano, por ejemplo, con los colores, tratar de comunicar algo por medio de los significados de estos, buscar formas ya sea geom\u00e9tricas en un dibujo, analizar los diferentes fundamentos, buscar una buena armon\u00eda de colores, formas, tonos, buscar una buena jerarquizaci\u00f3n, etc., es decir, no simplemente es hacer algo al azar o porque se ve atractivo, es ir m\u00e1s all\u00e1 y saber argumentar y fundamentar nuestro dise\u00f1o, el por qu\u00e9 de las cosas y los elementos que hemos colocado.<\/p>\n<p>[\/et_pb_text][\/et_pb_column_inner][\/et_pb_row_inner][et_pb_row_inner _builder_version=\u00bb3.25&#8243; max_width=\u00bb800px\u00bb custom_padding=\u00bb30px|0px|30px|0px\u00bb animation_style=\u00bbslide\u00bb animation_direction=\u00bbbottom\u00bb animation_intensity_slide=\u00bb10%\u00bb][et_pb_column_inner saved_specialty_column_type=\u00bb1_2&#8243; _builder_version=\u00bb3.25&#8243; custom_padding=\u00bb|||\u00bb custom_padding__hover=\u00bb|||\u00bb][et_pb_text _builder_version=\u00bb4.9.2&#8243; text_font=\u00bbPoppins|600|||||||\u00bb text_text_color=\u00bbrgba(0,0,0,0.6)\u00bb text_font_size=\u00bb16px\u00bb text_line_height=\u00bb1.9em\u00bb header_font=\u00bb||||||||\u00bb header_2_font=\u00bbPlayfair Display||on||||||\u00bb header_2_text_align=\u00bbcenter\u00bb header_2_font_size=\u00bb60px\u00bb header_2_line_height=\u00bb1.5em\u00bb background_layout=\u00bbdark\u00bb max_width=\u00bb600px\u00bb module_alignment=\u00bbcenter\u00bb custom_margin=\u00bb|||\u00bb animation_style=\u00bbflip\u00bb animation_direction=\u00bbright\u00bb locked=\u00bboff\u00bb]<\/p>\n<h2>\u00abEl dise\u00f1o gr\u00e1fico no es lo que ves, sino lo que debes hacer que otras personas vean.\u00bb<\/h2>\n<p>[\/et_pb_text][\/et_pb_column_inner][\/et_pb_row_inner][\/et_pb_column][\/et_pb_section]<\/p>\n","protected":false},"excerpt":{"rendered":"<p>Mi carreraDise\u00f1o en Comunicaci\u00f3n VisualLo que la sociedad opina sobre mi carrera de Dise\u00f1o de Comunicaci\u00f3n Visual es diverso, la mayor\u00eda de la gente cree que esta carrera es una de las peores, porque se cree que es una carrera en la cual no se paga bien, no se tiene mucha demanda de esta a [&hellip;]<\/p>\n","protected":false},"author":24,"featured_media":0,"parent":0,"menu_order":3,"comment_status":"closed","ping_status":"closed","template":"","meta":{"_et_pb_use_builder":"on","_et_pb_old_content":"","_et_gb_content_width":"","inline_featured_image":false,"footnotes":""},"_links":{"self":[{"href":"https:\/\/dcv.artcom.mx\/pda\/1190240\/wp-json\/wp\/v2\/pages\/7"}],"collection":[{"href":"https:\/\/dcv.artcom.mx\/pda\/1190240\/wp-json\/wp\/v2\/pages"}],"about":[{"href":"https:\/\/dcv.artcom.mx\/pda\/1190240\/wp-json\/wp\/v2\/types\/page"}],"author":[{"embeddable":true,"href":"https:\/\/dcv.artcom.mx\/pda\/1190240\/wp-json\/wp\/v2\/users\/24"}],"replies":[{"embeddable":true,"href":"https:\/\/dcv.artcom.mx\/pda\/1190240\/wp-json\/wp\/v2\/comments?post=7"}],"version-history":[{"count":6,"href":"https:\/\/dcv.artcom.mx\/pda\/1190240\/wp-json\/wp\/v2\/pages\/7\/revisions"}],"predecessor-version":[{"id":481,"href":"https:\/\/dcv.artcom.mx\/pda\/1190240\/wp-json\/wp\/v2\/pages\/7\/revisions\/481"}],"wp:attachment":[{"href":"https:\/\/dcv.artcom.mx\/pda\/1190240\/wp-json\/wp\/v2\/media?parent=7"}],"curies":[{"name":"wp","href":"https:\/\/api.w.org\/{rel}","templated":true}]}}