{"id":63,"date":"2020-03-03T17:43:09","date_gmt":"2020-03-03T23:43:09","guid":{"rendered":"http:\/\/pdadcv.artcom.mx\/portafolio-demo\/?page_id=63"},"modified":"2021-04-04T20:28:33","modified_gmt":"2021-04-04T20:28:33","slug":"actividades-eclesiasticas-y-espirituales","status":"publish","type":"page","link":"https:\/\/dcv.artcom.mx\/pda\/1190240\/evidencias\/actividades-eclesiasticas-y-espirituales\/","title":{"rendered":"Actividades eclesi\u00e1sticas y espirituales"},"content":{"rendered":"<p>[et_pb_section fb_built=\u00bb1&#8243; admin_label=\u00bbFeatured Products\u00bb _builder_version=\u00bb4.9.3&#8243; hover_enabled=\u00bb0&#8243; background_color=\u00bb#000000&#8243; sticky_enabled=\u00bb0&#8243;][et_pb_row _builder_version=\u00bb3.25&#8243;][et_pb_column type=\u00bb4_4&#8243; _builder_version=\u00bb3.25&#8243; custom_padding=\u00bb|||\u00bb custom_padding__hover=\u00bb|||\u00bb][et_pb_text _builder_version=\u00bb4.9.3&#8243; text_font=\u00bb||||||||\u00bb header_font=\u00bbNoto Serif||||||||\u00bb header_2_font=\u00bbMontserrat|700|||||||\u00bb header_2_text_align=\u00bbcenter\u00bb header_2_text_color=\u00bb#FFFFFF\u00bb header_2_font_size=\u00bb40px\u00bb header_2_line_height=\u00bb1.5em\u00bb text_orientation=\u00bbcenter\u00bb module_alignment=\u00bbcenter\u00bb custom_margin=\u00bb||10px|\u00bb hover_enabled=\u00bb0&#8243; locked=\u00bboff\u00bb header_text_color=\u00bb#FFFFFF\u00bb sticky_enabled=\u00bb0&#8243; header_2_letter_spacing=\u00bb3px\u00bb]<\/p>\n<h2><strong>Actividades eclesi\u00e1sticas y espirituales<\/strong><\/h2>\n<p>[\/et_pb_text][et_pb_divider color=\u00bb#f7d584&#8243; divider_weight=\u00bb3px\u00bb disabled_on=\u00bbon|on|off\u00bb _builder_version=\u00bb3.2&#8243; max_width=\u00bb80px\u00bb module_alignment=\u00bbcenter\u00bb height=\u00bb10px\u00bb custom_margin=\u00bb||20px|\u00bb animation_style=\u00bbslide\u00bb animation_direction=\u00bbbottom\u00bb saved_tabs=\u00bball\u00bb locked=\u00bboff\u00bb][\/et_pb_divider][et_pb_text _builder_version=\u00bb4.9.3&#8243; text_font=\u00bbMontserrat||||||||\u00bb text_text_color=\u00bb#FFFFFF\u00bb text_font_size=\u00bb16px\u00bb text_line_height=\u00bb1.9em\u00bb header_font=\u00bb||||||||\u00bb header_2_font=\u00bb||||||||\u00bb text_orientation=\u00bbcenter\u00bb max_width=\u00bb700px\u00bb module_alignment=\u00bbcenter\u00bb hover_enabled=\u00bb0&#8243; sticky_enabled=\u00bb0&#8243; text_letter_spacing=\u00bb-1px\u00bb]<\/p>\n<p><span><span style=\"font-weight: 400\">A continuaci\u00f3n te presentare una explicaci\u00f3n y evidencias de lo que he hecho en los ministerios de la iglesia, destacando\u00a0 las habilidades y experiencias que han tenido m\u00e1s satisfacci\u00f3n e impacto en mi vida espiritual, acad\u00e9mica y profesional.<\/span><\/span><\/p>\n<p>[\/et_pb_text][\/et_pb_column][\/et_pb_row][\/et_pb_section][et_pb_section fb_built=\u00bb1&#8243; _builder_version=\u00bb4.9.3&#8243; _module_preset=\u00bbdefault\u00bb background_color=\u00bb#000000&#8243; hover_enabled=\u00bb0&#8243; sticky_enabled=\u00bb0&#8243;][et_pb_row _builder_version=\u00bb4.9.3&#8243; _module_preset=\u00bbdefault\u00bb column_structure=\u00bb1_2,1_2&#8243;][et_pb_column _builder_version=\u00bb4.9.3&#8243; _module_preset=\u00bbdefault\u00bb type=\u00bb1_2&#8243;][et_pb_image src=\u00bbhttp:\/\/dcv.artcom.mx\/pda\/1190240\/wp-content\/uploads\/sites\/20\/2021\/04\/Cuarteto-Adora-Sion.jpg\u00bb _builder_version=\u00bb4.9.3&#8243; _module_preset=\u00bbdefault\u00bb title_text=\u00bbCuarteto Adora-Sion\u00bb hover_enabled=\u00bb0&#8243; sticky_enabled=\u00bb0&#8243;][\/et_pb_image][\/et_pb_column][et_pb_column _builder_version=\u00bb4.9.3&#8243; _module_preset=\u00bbdefault\u00bb type=\u00bb1_2&#8243;][et_pb_text _builder_version=\u00bb4.9.3&#8243; _module_preset=\u00bbdefault\u00bb hover_enabled=\u00bb0&#8243; sticky_enabled=\u00bb0&#8243; text_text_color=\u00bb#8e8e8e\u00bb]<\/p>\n<p>Dios me ha dado la bendici\u00f3n de participar en un cuarteto para la alabanza a \u00c9l en agradecimiento por lo que ha hecho en mi vida y en la de mis seres queridos.<\/p>\n<p>Hemos participado en diferentes iglesias de diferentes estados y regiones, haciendo algunas giras en estados como Veracruz, Puebla, Morelos, CDMX, Guerrero, Sonora, etc.<\/p>\n<p>[\/et_pb_text][et_pb_button button_text=\u00bbConoce m\u00e1s del Ministerio Adora-Si\u00f3n\u00bb _builder_version=\u00bb4.9.3&#8243; _module_preset=\u00bbdefault\u00bb hover_enabled=\u00bb0&#8243; sticky_enabled=\u00bb0&#8243; custom_button=\u00bbon\u00bb button_text_color=\u00bb#FFFFFF\u00bb background_layout=\u00bbdark\u00bb button_url=\u00bbhttps:\/\/www.facebook.com\/cuartetoadorasion\u00bb button_text_size=\u00bb13px\u00bb button_letter_spacing=\u00bb2px\u00bb][\/et_pb_button][\/et_pb_column][\/et_pb_row][\/et_pb_section][et_pb_section fb_built=\u00bb1&#8243; _builder_version=\u00bb4.9.3&#8243; _module_preset=\u00bbdefault\u00bb background_color=\u00bb#000000&#8243; hover_enabled=\u00bb0&#8243; sticky_enabled=\u00bb0&#8243;][et_pb_row _builder_version=\u00bb4.9.3&#8243; _module_preset=\u00bbdefault\u00bb column_structure=\u00bb1_2,1_2&#8243;][et_pb_column _builder_version=\u00bb4.9.3&#8243; _module_preset=\u00bbdefault\u00bb type=\u00bb1_2&#8243;][et_pb_text _builder_version=\u00bb4.9.3&#8243; _module_preset=\u00bbdefault\u00bb hover_enabled=\u00bb0&#8243; sticky_enabled=\u00bb0&#8243; text_text_color=\u00bb#8e8e8e\u00bb]<\/p>\n<p>Tambi\u00e9n me desempe\u00f1o en el \u00e1rea de sonido y transmisi\u00f3n de la Iglesia Adventista de Narvarte, ubicada en la CDMX, la Iglesia Narvarte es una de las m\u00e1s importantes a nivel Asociaci\u00f3n. Mi principal funci\u00f3n est\u00e1 en el \u00e1rea de sonido, donde me encargo de controlar y regular el sonido, el pase de diapositivas y\/o multimedia requerida para las transmisi\u00f3nes de los diferentes programas presentados.<\/p>\n<p>[\/et_pb_text][et_pb_button button_text=\u00bbVisita la IASD Narvarte\u00bb _builder_version=\u00bb4.9.3&#8243; _module_preset=\u00bbdefault\u00bb hover_enabled=\u00bb0&#8243; sticky_enabled=\u00bb0&#8243; custom_button=\u00bbon\u00bb button_text_color=\u00bb#FFFFFF\u00bb background_layout=\u00bbdark\u00bb button_url=\u00bbhttps:\/\/www.youtube.com\/user\/NarvarteIASD\u00bb button_text_size=\u00bb15px\u00bb button_border_width=\u00bb1px\u00bb button_letter_spacing=\u00bb2px\u00bb button_icon=\u00bb%%28%%\u00bb][\/et_pb_button][\/et_pb_column][et_pb_column _builder_version=\u00bb4.9.3&#8243; _module_preset=\u00bbdefault\u00bb type=\u00bb1_2&#8243;][et_pb_image src=\u00bbhttp:\/\/dcv.artcom.mx\/pda\/1190240\/wp-content\/uploads\/sites\/20\/2021\/04\/153160276_4083674211685435_4963117036747566799_n.jpg\u00bb _builder_version=\u00bb4.9.3&#8243; _module_preset=\u00bbdefault\u00bb title_text=\u00bb153160276_4083674211685435_4963117036747566799_n\u00bb hover_enabled=\u00bb0&#8243; sticky_enabled=\u00bb0&#8243;][\/et_pb_image][\/et_pb_column][\/et_pb_row][\/et_pb_section]<\/p>\n","protected":false},"excerpt":{"rendered":"<p>Actividades eclesi\u00e1sticas y espiritualesA continuaci\u00f3n te presentare una explicaci\u00f3n y evidencias de lo que he hecho en los ministerios de la iglesia, destacando\u00a0 las habilidades y experiencias que han tenido m\u00e1s satisfacci\u00f3n e impacto en mi vida espiritual, acad\u00e9mica y profesional.Dios me ha dado la bendici\u00f3n de participar en un cuarteto para la alabanza a [&hellip;]<\/p>\n","protected":false},"author":24,"featured_media":0,"parent":11,"menu_order":5,"comment_status":"closed","ping_status":"closed","template":"","meta":{"_et_pb_use_builder":"on","_et_pb_old_content":"<!-- wp:divi\/placeholder \/-->","_et_gb_content_width":"","inline_featured_image":false,"footnotes":""},"_links":{"self":[{"href":"https:\/\/dcv.artcom.mx\/pda\/1190240\/wp-json\/wp\/v2\/pages\/63"}],"collection":[{"href":"https:\/\/dcv.artcom.mx\/pda\/1190240\/wp-json\/wp\/v2\/pages"}],"about":[{"href":"https:\/\/dcv.artcom.mx\/pda\/1190240\/wp-json\/wp\/v2\/types\/page"}],"author":[{"embeddable":true,"href":"https:\/\/dcv.artcom.mx\/pda\/1190240\/wp-json\/wp\/v2\/users\/24"}],"replies":[{"embeddable":true,"href":"https:\/\/dcv.artcom.mx\/pda\/1190240\/wp-json\/wp\/v2\/comments?post=63"}],"version-history":[{"count":5,"href":"https:\/\/dcv.artcom.mx\/pda\/1190240\/wp-json\/wp\/v2\/pages\/63\/revisions"}],"predecessor-version":[{"id":388,"href":"https:\/\/dcv.artcom.mx\/pda\/1190240\/wp-json\/wp\/v2\/pages\/63\/revisions\/388"}],"up":[{"embeddable":true,"href":"https:\/\/dcv.artcom.mx\/pda\/1190240\/wp-json\/wp\/v2\/pages\/11"}],"wp:attachment":[{"href":"https:\/\/dcv.artcom.mx\/pda\/1190240\/wp-json\/wp\/v2\/media?parent=63"}],"curies":[{"name":"wp","href":"https:\/\/api.w.org\/{rel}","templated":true}]}}