{"id":9,"date":"2020-03-03T22:18:20","date_gmt":"2020-03-04T04:18:20","guid":{"rendered":"http:\/\/pdadcv.artcom.mx\/portafolio-demo\/?page_id=9"},"modified":"2023-06-21T00:41:32","modified_gmt":"2023-06-21T00:41:32","slug":"mi-ple","status":"publish","type":"page","link":"https:\/\/dcv.artcom.mx\/pda\/1190191\/mi-ple\/","title":{"rendered":"Mi PLE"},"content":{"rendered":"<p>[et_pb_section fb_built=\u00bb1&#8243; _builder_version=\u00bb4.20.4&#8243; _module_preset=\u00bbdefault\u00bb background_color=\u00bb#f2eadf\u00bb min_height=\u00bb160.6px\u00bb global_colors_info=\u00bb{}\u00bb][et_pb_row _builder_version=\u00bb4.20.4&#8243; _module_preset=\u00bbdefault\u00bb global_colors_info=\u00bb{}\u00bb][et_pb_column type=\u00bb4_4&#8243; _builder_version=\u00bb4.20.4&#8243; _module_preset=\u00bbdefault\u00bb global_colors_info=\u00bb{}\u00bb][et_pb_image src=\u00bbhttp:\/\/dcv.artcom.mx\/pda\/1190191\/wp-content\/uploads\/sites\/2\/2023\/05\/Recurso-11@4x.png\u00bb title_text=\u00bbRecurso 11@4x\u00bb _builder_version=\u00bb4.20.4&#8243; _module_preset=\u00bbdefault\u00bb global_colors_info=\u00bb{}\u00bb][\/et_pb_image][\/et_pb_column][\/et_pb_row][\/et_pb_section][et_pb_section fb_built=\u00bb1&#8243; _builder_version=\u00bb4.20.4&#8243; _module_preset=\u00bbdefault\u00bb background_color=\u00bb#006699&#8243; min_height=\u00bb160.6px\u00bb hover_enabled=\u00bb0&#8243; global_colors_info=\u00bb{}\u00bb sticky_enabled=\u00bb0&#8243;][et_pb_row _builder_version=\u00bb4.20.4&#8243; _module_preset=\u00bbdefault\u00bb global_colors_info=\u00bb{}\u00bb][et_pb_column type=\u00bb4_4&#8243; _builder_version=\u00bb4.20.4&#8243; _module_preset=\u00bbdefault\u00bb global_colors_info=\u00bb{}\u00bb][et_pb_text _builder_version=\u00bb4.20.4&#8243; _module_preset=\u00bbdefault\u00bb text_font=\u00bb|700|||||||\u00bb text_font_size=\u00bb23px\u00bb global_colors_info=\u00bb{}\u00bb]<\/p>\n<p style=\"text-align: center\">\u00bfD\u00f3nde me inspiro?<\/p>\n<p>[\/et_pb_text][\/et_pb_column][\/et_pb_row][et_pb_row column_structure=\u00bb1_3,1_3,1_3&#8243; _builder_version=\u00bb4.20.4&#8243; _module_preset=\u00bbdefault\u00bb global_colors_info=\u00bb{}\u00bb][et_pb_column type=\u00bb1_3&#8243; _builder_version=\u00bb4.20.4&#8243; _module_preset=\u00bbdefault\u00bb global_colors_info=\u00bb{}\u00bb][et_pb_image src=\u00bbhttp:\/\/dcv.artcom.mx\/pda\/1190191\/wp-content\/uploads\/sites\/2\/2023\/05\/Gawx.jpg\u00bb title_text=\u00bbGawx\u00bb url=\u00bbhttps:\/\/www.instagram.com\/gawx_art\/\u00bb url_new_window=\u00bbon\u00bb _builder_version=\u00bb4.20.4&#8243; _module_preset=\u00bbdefault\u00bb border_radii=\u00bbon|12px|12px|12px|12px\u00bb box_shadow_style=\u00bbpreset6&#8243; global_colors_info=\u00bb{}\u00bb][\/et_pb_image][et_pb_text _builder_version=\u00bb4.20.4&#8243; _module_preset=\u00bbdefault\u00bb global_colors_info=\u00bb{}\u00bb]<\/p>\n<p>@gawx_art<\/p>\n<p>[\/et_pb_text][et_pb_text _builder_version=\u00bb4.20.4&#8243; _module_preset=\u00bbdefault\u00bb global_colors_info=\u00bb{}\u00bb]<\/p>\n<p>Gawx es todo lo que est\u00e1 bien en internet. Es un artista mexicano, con m\u00e1s de 2 millones de seguidores en Youtube, adem\u00e1s de sus miles de seguidores en Instagram. Es artista, dise\u00f1ador, hace video y ahora est\u00e1 trabajando en su propia marca de ropa. Si quieres no sigas leyendo y corre a ver su arte, si le das click a la imagen te lleva a su perfil en Instagram.<\/p>\n<p>[\/et_pb_text][\/et_pb_column][et_pb_column type=\u00bb1_3&#8243; _builder_version=\u00bb4.20.4&#8243; _module_preset=\u00bbdefault\u00bb global_colors_info=\u00bb{}\u00bb][et_pb_image src=\u00bbhttp:\/\/dcv.artcom.mx\/pda\/1190191\/wp-content\/uploads\/sites\/2\/2023\/05\/Leo-Baquero.jpg\u00bb title_text=\u00bbLeo Baquero\u00bb url=\u00bbhttps:\/\/www.youtube.com\/@LeoBaquero\u00bb url_new_window=\u00bbon\u00bb _builder_version=\u00bb4.20.4&#8243; _module_preset=\u00bbdefault\u00bb border_radii=\u00bbon|12px|12px|12px|12px\u00bb border_color_all=\u00bb#E02B20&#8243; box_shadow_style=\u00bbpreset6&#8243; global_colors_info=\u00bb{}\u00bb][\/et_pb_image][et_pb_text _builder_version=\u00bb4.20.4&#8243; _module_preset=\u00bbdefault\u00bb global_colors_info=\u00bb{}\u00bb]<\/p>\n<p>@leobaquero<\/p>\n<p>[\/et_pb_text][et_pb_text _builder_version=\u00bb4.20.4&#8243; _module_preset=\u00bbdefault\u00bb global_colors_info=\u00bb{}\u00bb]<\/p>\n<p>Leo Baquero es un fot\u00f3grafo que dedica parte de su tiempo a compartir lo que sabe con sus seguidores en Youtube, sube videos<span> sobre fotograf\u00eda, lecciones de Photoshop y reviews de tecnolog\u00eda. Creo que tambi\u00e9n sube videos a TikTok en formatos m\u00e1s cortos, te dejo su perfil de Youtube.<\/span><\/p>\n<p>[\/et_pb_text][\/et_pb_column][et_pb_column type=\u00bb1_3&#8243; _builder_version=\u00bb4.20.4&#8243; _module_preset=\u00bbdefault\u00bb global_colors_info=\u00bb{}\u00bb][et_pb_image src=\u00bbhttp:\/\/dcv.artcom.mx\/pda\/1190191\/wp-content\/uploads\/sites\/2\/2023\/05\/Megan-Tan.jpg\u00bb title_text=\u00bbMegan Tan\u00bb url=\u00bbhttps:\/\/www.tiktok.com\/@megantanart?is_from_webapp=1&amp;sender_device=pc\u00bb url_new_window=\u00bbon\u00bb _builder_version=\u00bb4.20.4&#8243; _module_preset=\u00bbdefault\u00bb border_radii=\u00bbon|12px|12px|12px|12px\u00bb box_shadow_style=\u00bbpreset6&#8243; global_colors_info=\u00bb{}\u00bb][\/et_pb_image][et_pb_text _builder_version=\u00bb4.20.4&#8243; _module_preset=\u00bbdefault\u00bb global_colors_info=\u00bb{}\u00bb]<\/p>\n<p>@megantanart<\/p>\n<p>[\/et_pb_text][et_pb_text _builder_version=\u00bb4.20.4&#8243; _module_preset=\u00bbdefault\u00bb global_colors_info=\u00bb{}\u00bb]<\/p>\n<p>Megan Tan es filmmaker y comparte su trabajo en TikTok, ah\u00ed la conoc\u00ed yo, ah\u00ed sube un poco sobre el proceso y resultado de su trabajo, pero en tambi\u00e9n est\u00e1 en Youtube y por este medio comparte su conocimiento sobre video y un poco de la teor\u00eda que ella sabe y aplica.<\/p>\n<p>[\/et_pb_text][\/et_pb_column][\/et_pb_row][\/et_pb_section][et_pb_section fb_built=\u00bb1&#8243; _builder_version=\u00bb4.20.4&#8243; _module_preset=\u00bbdefault\u00bb background_color=\u00bb#dc9888&#8243; min_height=\u00bb160.6px\u00bb hover_enabled=\u00bb0&#8243; global_colors_info=\u00bb{}\u00bb sticky_enabled=\u00bb0&#8243;][et_pb_row _builder_version=\u00bb4.20.4&#8243; _module_preset=\u00bbdefault\u00bb global_colors_info=\u00bb{}\u00bb][et_pb_column type=\u00bb4_4&#8243; _builder_version=\u00bb4.20.4&#8243; _module_preset=\u00bbdefault\u00bb global_colors_info=\u00bb{}\u00bb][et_pb_text _builder_version=\u00bb4.20.4&#8243; _module_preset=\u00bbdefault\u00bb text_font=\u00bb|700|||||||\u00bb text_text_color=\u00bb#FFFFFF\u00bb text_font_size=\u00bb23px\u00bb global_colors_info=\u00bb{}\u00bb]<\/p>\n<p style=\"text-align: center\">\u00bfD\u00f3nde comparto?<\/p>\n<p>[\/et_pb_text][\/et_pb_column][\/et_pb_row][et_pb_row column_structure=\u00bb1_2,1_2&#8243; _builder_version=\u00bb4.20.4&#8243; _module_preset=\u00bbdefault\u00bb global_colors_info=\u00bb{}\u00bb][et_pb_column type=\u00bb1_2&#8243; _builder_version=\u00bb4.20.4&#8243; _module_preset=\u00bbdefault\u00bb global_colors_info=\u00bb{}\u00bb][et_pb_image src=\u00bbhttp:\/\/dcv.artcom.mx\/pda\/1190191\/wp-content\/uploads\/sites\/2\/2023\/05\/Y2K-1.1.jpg\u00bb title_text=\u00bbY2K 1.1&#8243; url=\u00bbhttps:\/\/www.instagram.com\/grayolas\/\u00bb url_new_window=\u00bbon\u00bb _builder_version=\u00bb4.20.4&#8243; _module_preset=\u00bbdefault\u00bb border_radii=\u00bbon|12px|12px|12px|12px\u00bb box_shadow_style=\u00bbpreset6&#8243; global_colors_info=\u00bb{}\u00bb][\/et_pb_image][et_pb_text _builder_version=\u00bb4.20.4&#8243; _module_preset=\u00bbdefault\u00bb text_text_color=\u00bb#FFFFFF\u00bb global_colors_info=\u00bb{}\u00bb]<\/p>\n<p>@grayolas<\/p>\n<p>[\/et_pb_text][et_pb_text _builder_version=\u00bb4.20.4&#8243; _module_preset=\u00bbdefault\u00bb text_text_color=\u00bb#FFFFFF\u00bb global_colors_info=\u00bb{}\u00bb]<\/p>\n<p>Esta es una cuenta que cre\u00e9 a incios de la carrera, lleva ya un tiempo existiendo pero realmente no subo tantas cosas, igual en alg\u00fan momento podr\u00e1s ver m\u00e1s contenido de lo que he creado.<\/p>\n<p>[\/et_pb_text][\/et_pb_column][et_pb_column type=\u00bb1_2&#8243; _builder_version=\u00bb4.20.4&#8243; _module_preset=\u00bbdefault\u00bb global_colors_info=\u00bb{}\u00bb][et_pb_image src=\u00bbhttp:\/\/dcv.artcom.mx\/pda\/1190191\/wp-content\/uploads\/sites\/2\/2023\/05\/vaquis.jpg\u00bb title_text=\u00bbvaquis\u00bb url=\u00bbhttps:\/\/www.instagram.com\/uogwithcam\/\u00bb url_new_window=\u00bbon\u00bb _builder_version=\u00bb4.20.4&#8243; _module_preset=\u00bbdefault\u00bb border_radii=\u00bbon|12px|12px|12px|12px\u00bb border_color_all=\u00bb#E02B20&#8243; box_shadow_style=\u00bbpreset6&#8243; global_colors_info=\u00bb{}\u00bb][\/et_pb_image][et_pb_text _builder_version=\u00bb4.20.4&#8243; _module_preset=\u00bbdefault\u00bb text_text_color=\u00bb#FFFFFF\u00bb global_colors_info=\u00bb{}\u00bb]<\/p>\n<p>@uogwithcam<\/p>\n<p>[\/et_pb_text][et_pb_text _builder_version=\u00bb4.20.4&#8243; _module_preset=\u00bbdefault\u00bb text_text_color=\u00bb#FFFFFF\u00bb global_colors_info=\u00bb{}\u00bb]<\/p>\n<p>Aqu\u00ed pretendo subir fotos, m\u00e1s que nada, me gusta mucho la fotograf\u00eda y espero poder aprender mucho m\u00e1s<\/p>\n<p>[\/et_pb_text][\/et_pb_column][\/et_pb_row][\/et_pb_section]<\/p>\n","protected":false},"excerpt":{"rendered":"<p>\u00bfD\u00f3nde me inspiro?@gawx_artGawx es todo lo que est\u00e1 bien en internet. Es un artista mexicano, con m\u00e1s de 2 millones de seguidores en Youtube, adem\u00e1s de sus miles de seguidores en Instagram. Es artista, dise\u00f1ador, hace video y ahora est\u00e1 trabajando en su propia marca de ropa. Si quieres no sigas leyendo y corre a [&hellip;]<\/p>\n","protected":false},"author":6,"featured_media":0,"parent":0,"menu_order":4,"comment_status":"closed","ping_status":"closed","template":"","meta":{"_et_pb_use_builder":"on","_et_pb_old_content":"","_et_gb_content_width":"","inline_featured_image":false,"footnotes":""},"_links":{"self":[{"href":"https:\/\/dcv.artcom.mx\/pda\/1190191\/wp-json\/wp\/v2\/pages\/9"}],"collection":[{"href":"https:\/\/dcv.artcom.mx\/pda\/1190191\/wp-json\/wp\/v2\/pages"}],"about":[{"href":"https:\/\/dcv.artcom.mx\/pda\/1190191\/wp-json\/wp\/v2\/types\/page"}],"author":[{"embeddable":true,"href":"https:\/\/dcv.artcom.mx\/pda\/1190191\/wp-json\/wp\/v2\/users\/6"}],"replies":[{"embeddable":true,"href":"https:\/\/dcv.artcom.mx\/pda\/1190191\/wp-json\/wp\/v2\/comments?post=9"}],"version-history":[{"count":25,"href":"https:\/\/dcv.artcom.mx\/pda\/1190191\/wp-json\/wp\/v2\/pages\/9\/revisions"}],"predecessor-version":[{"id":887,"href":"https:\/\/dcv.artcom.mx\/pda\/1190191\/wp-json\/wp\/v2\/pages\/9\/revisions\/887"}],"wp:attachment":[{"href":"https:\/\/dcv.artcom.mx\/pda\/1190191\/wp-json\/wp\/v2\/media?parent=9"}],"curies":[{"name":"wp","href":"https:\/\/api.w.org\/{rel}","templated":true}]}}