{"id":160,"date":"2020-03-03T22:36:20","date_gmt":"2020-03-04T04:36:20","guid":{"rendered":"http:\/\/pdadcv.artcom.mx\/portafolio-demo\/?page_id=17"},"modified":"2023-05-09T19:21:44","modified_gmt":"2023-05-09T19:21:44","slug":"investigaciones","status":"publish","type":"page","link":"https:\/\/dcv.artcom.mx\/pda\/1190191\/investigaciones\/","title":{"rendered":"Investigaciones"},"content":{"rendered":"<p>[et_pb_section fb_built=\u00bb1&#8243; theme_builder_area=\u00bbpost_content\u00bb _builder_version=\u00bb4.20.4&#8243; _module_preset=\u00bbdefault\u00bb min_height=\u00bb613px\u00bb title_text=\u00bbrevrev\u00bb background_image=\u00bbhttp:\/\/dcv.artcom.mx\/pda\/1190191\/wp-content\/uploads\/sites\/2\/2023\/05\/revrev.jpg\u00bb hover_enabled=\u00bb0&#8243; sticky_enabled=\u00bb0&#8243;][\/et_pb_section][et_pb_section fb_built=\u00bb1&#8243; theme_builder_area=\u00bbpost_content\u00bb _builder_version=\u00bb4.20.4&#8243; _module_preset=\u00bbdefault\u00bb min_height=\u00bb613px\u00bb title_text=\u00bbrevolucion\u00bb hover_enabled=\u00bb0&#8243; sticky_enabled=\u00bb0&#8243; background_enable_image=\u00bboff\u00bb background_color=\u00bb#e94b0f\u00bb][et_pb_row _builder_version=\u00bb4.20.4&#8243; _module_preset=\u00bbdefault\u00bb theme_builder_area=\u00bbpost_content\u00bb][et_pb_column _builder_version=\u00bb4.20.4&#8243; _module_preset=\u00bbdefault\u00bb type=\u00bb4_4&#8243; theme_builder_area=\u00bbpost_content\u00bb][et_pb_divider _builder_version=\u00bb4.20.4&#8243; _module_preset=\u00bbdefault\u00bb theme_builder_area=\u00bbpost_content\u00bb show_divider=\u00bboff\u00bb hover_enabled=\u00bb0&#8243; sticky_enabled=\u00bb0&#8243;][\/et_pb_divider][\/et_pb_column][\/et_pb_row][et_pb_row _builder_version=\u00bb4.20.4&#8243; _module_preset=\u00bbdefault\u00bb theme_builder_area=\u00bbpost_content\u00bb hover_enabled=\u00bb0&#8243; sticky_enabled=\u00bb0&#8243;][et_pb_column _builder_version=\u00bb4.20.4&#8243; _module_preset=\u00bbdefault\u00bb type=\u00bb4_4&#8243; theme_builder_area=\u00bbpost_content\u00bb][et_pb_text _builder_version=\u00bb4.20.4&#8243; _module_preset=\u00bbdefault\u00bb theme_builder_area=\u00bbpost_content\u00bb hover_enabled=\u00bb0&#8243; sticky_enabled=\u00bb0&#8243; text_text_color=\u00bb#FFFFFF\u00bb text_font=\u00bb|800|||||||\u00bb]<\/p>\n<p style=\"text-align: center\"><span style=\"font-weight: 400\">\u00bfCu\u00e1les son los elementos clave que alteraron el ejercicio profesional del dise\u00f1o tipogr\u00e1fico durante las diferentes etapas de la revoluci\u00f3n industrial, con el surgimiento de nuevas tecnolog\u00edas?<\/span><\/p>\n<p>[\/et_pb_text][\/et_pb_column][\/et_pb_row][\/et_pb_section]<\/p>\n","protected":false},"excerpt":{"rendered":"<p>\u00bfCu\u00e1les son los elementos clave que alteraron el ejercicio profesional del dise\u00f1o tipogr\u00e1fico durante las diferentes etapas de la revoluci\u00f3n industrial, con el surgimiento de nuevas tecnolog\u00edas?<\/p>\n","protected":false},"author":6,"featured_media":0,"parent":0,"menu_order":7,"comment_status":"closed","ping_status":"closed","template":"","meta":{"_et_pb_use_builder":"on","_et_pb_old_content":"<!-- wp:divi\/placeholder \/-->","_et_gb_content_width":"","inline_featured_image":false,"footnotes":""},"_links":{"self":[{"href":"https:\/\/dcv.artcom.mx\/pda\/1190191\/wp-json\/wp\/v2\/pages\/160"}],"collection":[{"href":"https:\/\/dcv.artcom.mx\/pda\/1190191\/wp-json\/wp\/v2\/pages"}],"about":[{"href":"https:\/\/dcv.artcom.mx\/pda\/1190191\/wp-json\/wp\/v2\/types\/page"}],"author":[{"embeddable":true,"href":"https:\/\/dcv.artcom.mx\/pda\/1190191\/wp-json\/wp\/v2\/users\/6"}],"replies":[{"embeddable":true,"href":"https:\/\/dcv.artcom.mx\/pda\/1190191\/wp-json\/wp\/v2\/comments?post=160"}],"version-history":[{"count":2,"href":"https:\/\/dcv.artcom.mx\/pda\/1190191\/wp-json\/wp\/v2\/pages\/160\/revisions"}],"predecessor-version":[{"id":759,"href":"https:\/\/dcv.artcom.mx\/pda\/1190191\/wp-json\/wp\/v2\/pages\/160\/revisions\/759"}],"wp:attachment":[{"href":"https:\/\/dcv.artcom.mx\/pda\/1190191\/wp-json\/wp\/v2\/media?parent=160"}],"curies":[{"name":"wp","href":"https:\/\/api.w.org\/{rel}","templated":true}]}}