{"id":63,"date":"2020-03-03T17:43:09","date_gmt":"2020-03-03T23:43:09","guid":{"rendered":"http:\/\/pdadcv.artcom.mx\/portafolio-demo\/?page_id=63"},"modified":"2024-05-07T10:48:49","modified_gmt":"2024-05-07T10:48:49","slug":"actividades-eclesiasticas-y-espirituales","status":"publish","type":"page","link":"https:\/\/dcv.artcom.mx\/pda\/1190144\/evidencias\/actividades-eclesiasticas-y-espirituales\/","title":{"rendered":"Actividades eclesi\u00e1sticas y espirituales"},"content":{"rendered":"<p>[et_pb_section fb_built=\u00bb1&#8243; admin_label=\u00bbFeatured Products\u00bb _builder_version=\u00bb4.16&#8243; global_colors_info=\u00bb{}\u00bb][et_pb_row _builder_version=\u00bb4.16&#8243; global_colors_info=\u00bb{}\u00bb custom_margin=\u00bb|auto|-208px|auto||\u00bb][et_pb_column type=\u00bb4_4&#8243; _builder_version=\u00bb4.16&#8243; custom_padding=\u00bb|||\u00bb global_colors_info=\u00bb{}\u00bb custom_padding__hover=\u00bb|||\u00bb][et_pb_text _builder_version=\u00bb4.24.2&#8243; text_font=\u00bbAbril Fatface||||||||\u00bb header_font=\u00bb||||||||\u00bb header_2_font=\u00bbPlayfair Display|700|||||||\u00bb header_2_text_align=\u00bbcenter\u00bb header_2_text_color=\u00bb#2b2b2b\u00bb header_2_font_size=\u00bb42px\u00bb header_2_line_height=\u00bb1.5em\u00bb text_orientation=\u00bbcenter\u00bb module_alignment=\u00bbcenter\u00bb custom_margin=\u00bb||10px|\u00bb hover_enabled=\u00bb0&#8243; locked=\u00bboff\u00bb global_colors_info=\u00bb{}\u00bb text_letter_spacing=\u00bb12px\u00bb text_font_size=\u00bb43px\u00bb sticky_enabled=\u00bb0&#8243;]<\/p>\n<h2><strong>Actividades eclesi\u00e1sticas y espirituales<\/strong><\/h2>\n<p>[\/et_pb_text][\/et_pb_column][\/et_pb_row][et_pb_row _builder_version=\u00bb4.24.2&#8243; _module_preset=\u00bbdefault\u00bb custom_margin=\u00bb32px|auto||auto||\u00bb][et_pb_column _builder_version=\u00bb4.24.2&#8243; _module_preset=\u00bbdefault\u00bb type=\u00bb4_4&#8243;][et_pb_divider _builder_version=\u00bb4.24.2&#8243; _module_preset=\u00bbdefault\u00bb divider_weight=\u00bb3px\u00bb hover_enabled=\u00bb0&#8243; sticky_enabled=\u00bb0&#8243; max_width=\u00bb40%\u00bb module_alignment=\u00bbcenter\u00bb][\/et_pb_divider][\/et_pb_column][\/et_pb_row][et_pb_row column_structure=\u00bb1_2,1_2&#8243; _builder_version=\u00bb4.16&#8243; locked=\u00bboff\u00bb global_colors_info=\u00bb{}\u00bb custom_padding=\u00bb112px|||||\u00bb][et_pb_column type=\u00bb1_2&#8243; _builder_version=\u00bb4.16&#8243; custom_padding=\u00bb|||\u00bb global_colors_info=\u00bb{}\u00bb custom_padding__hover=\u00bb|||\u00bb][et_pb_gallery gallery_ids=\u00bb1042,1043,1044&#8243; fullwidth=\u00bbon\u00bb _builder_version=\u00bb4.24.2&#8243; _module_preset=\u00bbdefault\u00bb min_height=\u00bb923.9px\u00bb custom_margin=\u00bb||-327px|||\u00bb custom_padding=\u00bb0px|||||\u00bb global_colors_info=\u00bb{}\u00bb][\/et_pb_gallery][\/et_pb_column][et_pb_column type=\u00bb1_2&#8243; _builder_version=\u00bb4.16&#8243; custom_padding=\u00bb|||\u00bb global_colors_info=\u00bb{}\u00bb custom_padding__hover=\u00bb|||\u00bb][et_pb_text _builder_version=\u00bb4.24.2&#8243; _module_preset=\u00bbdefault\u00bb global_colors_info=\u00bb{}\u00bb]<\/p>\n<p>&nbsp;<\/p>\n<p>&nbsp;<\/p>\n<p>&nbsp;<\/p>\n<p>&nbsp;<\/p>\n<p>&nbsp;<\/p>\n<p>&nbsp;<\/p>\n<p>&nbsp;<\/p>\n<p>Con compa\u00f1eros del trabajo, nos pusimos de acuerdo y hemos salido un par de veces a participar en la Sociedad de Jovenes en la iglesia Emmanuel, en el distrito Mutualismo, en la Colonia Padre Mier.<\/p>\n<p>&nbsp;<\/p>\n<p>En conjunto con un compa\u00f1ero de Teologia, que estuvo haciendo sus practicas en esa iglesia. Fue la misma iglesia que nos extendio la invitaci\u00f3n, a pesar de ser una iglesia peque\u00f1a, se puede sentir un aire familiar en ella, porque los hermanos nos recivieron con esa calidez que te da alguien cercano.<\/p>\n<p>&nbsp;<\/p>\n<p>Ademas de salir un poco de nuestra zona de confort, nos aventuramos a hacer programas de despedia de s\u00e1bado al aire libre. Con\u00a0 actividades que puedan fortalecer nuestra fe, ademas de una convivencia sana estrechando lazos unos con otros.<\/p>\n<p>[\/et_pb_text][\/et_pb_column][\/et_pb_row][et_pb_row _builder_version=\u00bb4.24.2&#8243; _module_preset=\u00bbdefault\u00bb global_colors_info=\u00bb{}\u00bb][et_pb_column type=\u00bb4_4&#8243; _builder_version=\u00bb4.24.2&#8243; _module_preset=\u00bbdefault\u00bb global_colors_info=\u00bb{}\u00bb][et_pb_image src=\u00bbhttp:\/\/dcv.artcom.mx\/pda\/1190144\/wp-content\/uploads\/sites\/24\/2024\/05\/salidaaa.jpeg\u00bb title_text=\u00bbsalidaaa\u00bb _builder_version=\u00bb4.24.2&#8243; _module_preset=\u00bbdefault\u00bb global_colors_info=\u00bb{}\u00bb][\/et_pb_image][\/et_pb_column][\/et_pb_row][\/et_pb_section]<\/p>\n","protected":false},"excerpt":{"rendered":"<p>Actividades eclesi\u00e1sticas y espirituales&nbsp; &nbsp; &nbsp; &nbsp; &nbsp; &nbsp; &nbsp; Con compa\u00f1eros del trabajo, nos pusimos de acuerdo y hemos salido un par de veces a participar en la Sociedad de Jovenes en la iglesia Emmanuel, en el distrito Mutualismo, en la Colonia Padre Mier. &nbsp; En conjunto con un compa\u00f1ero de Teologia, que estuvo [&hellip;]<\/p>\n","protected":false},"author":28,"featured_media":0,"parent":11,"menu_order":5,"comment_status":"closed","ping_status":"closed","template":"","meta":{"_et_pb_use_builder":"on","_et_pb_old_content":"<!-- wp:divi\/placeholder \/-->","_et_gb_content_width":"","inline_featured_image":false,"footnotes":""},"_links":{"self":[{"href":"https:\/\/dcv.artcom.mx\/pda\/1190144\/wp-json\/wp\/v2\/pages\/63"}],"collection":[{"href":"https:\/\/dcv.artcom.mx\/pda\/1190144\/wp-json\/wp\/v2\/pages"}],"about":[{"href":"https:\/\/dcv.artcom.mx\/pda\/1190144\/wp-json\/wp\/v2\/types\/page"}],"author":[{"embeddable":true,"href":"https:\/\/dcv.artcom.mx\/pda\/1190144\/wp-json\/wp\/v2\/users\/28"}],"replies":[{"embeddable":true,"href":"https:\/\/dcv.artcom.mx\/pda\/1190144\/wp-json\/wp\/v2\/comments?post=63"}],"version-history":[{"count":5,"href":"https:\/\/dcv.artcom.mx\/pda\/1190144\/wp-json\/wp\/v2\/pages\/63\/revisions"}],"predecessor-version":[{"id":1056,"href":"https:\/\/dcv.artcom.mx\/pda\/1190144\/wp-json\/wp\/v2\/pages\/63\/revisions\/1056"}],"up":[{"embeddable":true,"href":"https:\/\/dcv.artcom.mx\/pda\/1190144\/wp-json\/wp\/v2\/pages\/11"}],"wp:attachment":[{"href":"https:\/\/dcv.artcom.mx\/pda\/1190144\/wp-json\/wp\/v2\/media?parent=63"}],"curies":[{"name":"wp","href":"https:\/\/api.w.org\/{rel}","templated":true}]}}