{"id":270,"date":"2021-04-05T12:31:55","date_gmt":"2021-04-05T12:31:55","guid":{"rendered":"http:\/\/dcv.artcom.mx\/pda\/1190144\/?page_id=270"},"modified":"2023-05-09T00:01:14","modified_gmt":"2023-05-09T00:01:14","slug":"proyectos-academicos-2","status":"publish","type":"page","link":"https:\/\/dcv.artcom.mx\/pda\/1190144\/evidencias\/proyectos-academicos-2\/","title":{"rendered":"Proyectos Acad\u00e9micos"},"content":{"rendered":"<p>[et_pb_section fb_built=\u00bb1&#8243; admin_label=\u00bbHero\u00bb _builder_version=\u00bb4.20.4&#8243; use_background_color_gradient=\u00bbon\u00bb background_color_gradient_stops=\u00bbrgba(255,255,255,0) 2%|rgba(255,255,255,0) 100%\u00bb background_color_gradient_start=\u00bb#dcb4ce\u00bb background_color_gradient_end=\u00bb#836aa6&#8243; background_image=\u00bbhttp:\/\/dcv.artcom.mx\/pda\/1190144\/wp-content\/uploads\/sites\/24\/2021\/04\/circle-background-pattern.png\u00bb background_size=\u00bbcontain\u00bb background_position=\u00bbcenter_left\u00bb background_repeat=\u00bbrepeat\u00bb background_blend=\u00bbexclusion\u00bb custom_padding=\u00bb|||\u00bb animation_style=\u00bbzoom\u00bb animation_intensity_zoom=\u00bb4%\u00bb hover_enabled=\u00bb0&#8243; border_color_all=\u00bbRGBA(0,0,0,0)\u00bb global_colors_info=\u00bb{}\u00bb sticky_enabled=\u00bb0&#8243; background_color=\u00bbRGBA(255,255,255,0)\u00bb][et_pb_row _builder_version=\u00bb4.20.4&#8243; background_color=\u00bbRGBA(255,255,255,0)\u00bb use_background_color_gradient=\u00bbon\u00bb background_color_gradient_stops=\u00bbrgba(255,255,255,0) 0%|rgba(255,255,255,0) 100%\u00bb background_color_gradient_start=\u00bb#dcb4ce\u00bb background_color_gradient_end=\u00bb#b989d9&#8243; background_size=\u00bbinitial\u00bb background_position=\u00bbtop_left\u00bb background_repeat=\u00bbrepeat\u00bb custom_padding=\u00bb|||\u00bb animation_style=\u00bbslide\u00bb animation_direction=\u00bbtop\u00bb animation_intensity_slide=\u00bb3%\u00bb global_colors_info=\u00bb{}\u00bb][et_pb_column type=\u00bb4_4&#8243; _builder_version=\u00bb4.16&#8243; custom_padding=\u00bb|||\u00bb global_colors_info=\u00bb{}\u00bb custom_padding__hover=\u00bb|||\u00bb][et_pb_text _builder_version=\u00bb4.20.4&#8243; text_font=\u00bb||||||||\u00bb header_font=\u00bbMontserrat|700||on|||||dotted\u00bb header_text_color=\u00bb#353740&#8243; header_font_size=\u00bb60px\u00bb header_line_height=\u00bb1.3em\u00bb background_color=\u00bbRGBA(255,255,255,0)\u00bb use_background_color_gradient=\u00bbon\u00bb background_color_gradient_direction=\u00bb179deg\u00bb background_color_gradient_stops=\u00bbrgba(255,255,255,0) 0em|rgba(255,255,255,0) 100em\u00bb background_color_gradient_unit=\u00bbem\u00bb background_color_gradient_overlays_image=\u00bbon\u00bb background_size=\u00bbinitial\u00bb background_position=\u00bbtop_left\u00bb background_repeat=\u00bbrepeat\u00bb custom_margin=\u00bb|||\u00bb custom_padding=\u00bb||3px|||\u00bb animation_style=\u00bbfade\u00bb header_font_size_last_edited=\u00bboff|desktop\u00bb locked=\u00bboff\u00bb global_colors_info=\u00bb{}\u00bb]<\/p>\n<pre><\/pre>\n<p>&nbsp;<\/p>\n<h1 style=\"text-align: center\"><span style=\"color: #08080a\">Proyectos Acad\u00e9micos<\/span><\/h1>\n<p>[\/et_pb_text][et_pb_divider show_divider=\u00bboff\u00bb disabled_on=\u00bbon|on|off\u00bb _builder_version=\u00bb4.16&#8243; max_width=\u00bb120px\u00bb animation_style=\u00bbslide\u00bb animation_direction=\u00bbtop\u00bb animation_intensity_slide=\u00bb30%\u00bb global_colors_info=\u00bb{}\u00bb][\/et_pb_divider][\/et_pb_column][\/et_pb_row][\/et_pb_section][et_pb_section fb_built=\u00bb1&#8243; admin_label=\u00bbBlog Section\u00bb _builder_version=\u00bb4.20.4&#8243; background_color=\u00bbRGBA(255,255,255,0)\u00bb use_background_color_gradient=\u00bbon\u00bb background_color_gradient_stops=\u00bbrgba(255,255,255,0) 0%|rgba(255,255,255,0) 99%\u00bb background_color_gradient_start=\u00bb#836aa6&#8243; background_color_gradient_end=\u00bb#ffffff\u00bb custom_margin=\u00bb|||\u00bb custom_padding=\u00bb110px||70px|\u00bb border_color_all=\u00bbRGBA(0,0,0,0)\u00bb global_colors_info=\u00bb{}\u00bb][et_pb_row column_structure=\u00bb1_2,1_2&#8243; _builder_version=\u00bb4.16&#8243; _module_preset=\u00bbdefault\u00bb background_color=\u00bbRGBA(0,0,0,0)\u00bb global_colors_info=\u00bb{}\u00bb][et_pb_column type=\u00bb1_2&#8243; _builder_version=\u00bb4.16&#8243; _module_preset=\u00bbdefault\u00bb global_colors_info=\u00bb{}\u00bb][et_pb_gallery gallery_ids=\u00bb799&#8243; fullwidth=\u00bbon\u00bb _builder_version=\u00bb4.20.4&#8243; _module_preset=\u00bbdefault\u00bb border_radii=\u00bbon|12px|12px|12px|12px\u00bb global_colors_info=\u00bb{}\u00bb][\/et_pb_gallery][\/et_pb_column][et_pb_column type=\u00bb1_2&#8243; _builder_version=\u00bb4.16&#8243; _module_preset=\u00bbdefault\u00bb global_colors_info=\u00bb{}\u00bb][et_pb_text _builder_version=\u00bb4.20.4&#8243; _module_preset=\u00bbdefault\u00bb global_colors_info=\u00bb{}\u00bb]<\/p>\n<h1>Ilustraci\u00f3n Publicitaria<\/h1>\n<p><span style=\"font-weight: 400\">Descripci\u00f3n: En este proyecto, se realizaria un ilustracion combinando dos tecnicas plasticas visuales, las cuales son lapiz de color y pastel. Se generar\u00eda una composici\u00f3n que muestre las caracter\u00edsticas de un producto para su promoci\u00f3n, resaltando las cualidades y atractivo. El tema son frutas, postres o bebidas, teniendo como p\u00fablico objetivo adolescentes y adultos con un nivel bajo de abstracci\u00f3n.<\/span><\/p>\n<p><span style=\"font-weight: 400\">Profesor: Jose Fabian Olea<\/span><\/p>\n<p><span style=\"font-weight: 400\">Materia: Ilustraci\u00f3n<\/span><\/p>\n<p><span style=\"font-weight: 400\">Entrega:\u00a0 07 de Septiembre 2022<\/span><\/p>\n<p><span style=\"font-weight: 400\">Tama\u00f1o: \u00bc de Papel Gilbert Importado de 38 x 51 cm\u00a0<\/span><\/p>\n<p><span style=\"font-weight: 400\">T\u00e9cnica: Lapiz de Color y Pastel\u00a0<\/span><\/p>\n<p><span style=\"font-weight: 400\">Enfoque: Negocios<\/span><\/p>\n<p>&nbsp;<\/p>\n<p>&nbsp;<\/p>\n<p>&nbsp;<\/p>\n<p>&nbsp;<\/p>\n<p>&nbsp;<\/p>\n<p>[\/et_pb_text][\/et_pb_column][\/et_pb_row][\/et_pb_section][et_pb_section fb_built=\u00bb1&#8243; admin_label=\u00bbSubscription Section\u00bb _builder_version=\u00bb4.20.4&#8243; background_color=\u00bbRGBA(255,255,255,0)\u00bb use_background_color_gradient=\u00bbon\u00bb background_color_gradient_stops=\u00bbrgba(255,255,255,0) 0%|rgba(255,255,255,0) 100%\u00bb background_color_gradient_start=\u00bb#ffffff\u00bb background_color_gradient_end=\u00bb#836aa6&#8243; custom_padding=\u00bb110px||110px|\u00bb global_colors_info=\u00bb{}\u00bb][et_pb_row column_structure=\u00bb1_2,1_2&#8243; _builder_version=\u00bb4.16&#8243; _module_preset=\u00bbdefault\u00bb global_colors_info=\u00bb{}\u00bb][et_pb_column type=\u00bb1_2&#8243; _builder_version=\u00bb4.16&#8243; _module_preset=\u00bbdefault\u00bb global_colors_info=\u00bb{}\u00bb][et_pb_text _builder_version=\u00bb4.20.4&#8243; _module_preset=\u00bbdefault\u00bb locked=\u00bboff\u00bb global_colors_info=\u00bb{}\u00bb]<\/p>\n<h1>Ilustraci\u00f3n Narrativa<\/h1>\n<p>&nbsp;<\/p>\n<p>Una pieza de ilustraci\u00f3n Narrativa <span style=\"font-weight: 400\">distribuidas en m\u00ednimo 10 vi\u00f1etas, realizando una planificaci\u00f3n de 2 p\u00e1ginas de c\u00f3mic. Basado en el texto adjunto que describe los eventos del libro B\u00edblico de 1a\u00a0 de Reyes, que aborda la historia del vi\u00f1edo de Nabot.<\/span><\/p>\n<p><span style=\"font-weight: 400\">Profesor: Jos\u00e9 Fabian.<\/span><\/p>\n<p><span style=\"font-weight: 400\">Tama\u00f1o: 1\/4\u00a0de papel Gilbert importado en formato horizontal (51 x 38 cms).<\/span><\/p>\n<p><span style=\"font-weight: 400\">Tecnica: Acuarelas y entintado con estilografos.<\/span><\/p>\n<p><span style=\"font-weight: 400\">Enfoque: Fe.<\/span><\/p>\n<p>[\/et_pb_text][\/et_pb_column][et_pb_column type=\u00bb1_2&#8243; _builder_version=\u00bb4.16&#8243; _module_preset=\u00bbdefault\u00bb global_colors_info=\u00bb{}\u00bb][et_pb_gallery gallery_ids=\u00bb793&#8243; fullwidth=\u00bbon\u00bb _builder_version=\u00bb4.20.4&#8243; _module_preset=\u00bbdefault\u00bb border_radii=\u00bbon|12px|12px|12px|12px\u00bb locked=\u00bboff\u00bb global_colors_info=\u00bb{}\u00bb][\/et_pb_gallery][\/et_pb_column][\/et_pb_row][\/et_pb_section][et_pb_section fb_built=\u00bb1&#8243; admin_label=\u00bbSubscription Section\u00bb _builder_version=\u00bb4.20.4&#8243; background_color=\u00bbRGBA(255,255,255,0)\u00bb use_background_color_gradient=\u00bbon\u00bb background_color_gradient_stops=\u00bbrgba(255,255,255,0) 0%|rgba(255,255,255,0) 98%\u00bb background_color_gradient_start=\u00bb#836aa6&#8243; background_color_gradient_end=\u00bb#ffffff\u00bb custom_padding=\u00bb110px||110px|\u00bb locked=\u00bboff\u00bb global_colors_info=\u00bb{}\u00bb][et_pb_row column_structure=\u00bb1_2,1_2&#8243; _builder_version=\u00bb4.16&#8243; _module_preset=\u00bbdefault\u00bb global_colors_info=\u00bb{}\u00bb][et_pb_column type=\u00bb1_2&#8243; _builder_version=\u00bb4.16&#8243; _module_preset=\u00bbdefault\u00bb global_colors_info=\u00bb{}\u00bb][et_pb_gallery gallery_ids=\u00bb794&#8243; fullwidth=\u00bbon\u00bb _builder_version=\u00bb4.20.4&#8243; _module_preset=\u00bbdefault\u00bb border_radii=\u00bbon|12px|12px|12px|12px\u00bb global_colors_info=\u00bb{}\u00bb][\/et_pb_gallery][\/et_pb_column][et_pb_column type=\u00bb1_2&#8243; _builder_version=\u00bb4.16&#8243; _module_preset=\u00bbdefault\u00bb global_colors_info=\u00bb{}\u00bb][et_pb_text _builder_version=\u00bb4.20.4&#8243; _module_preset=\u00bbdefault\u00bb global_colors_info=\u00bb{}\u00bb]<\/p>\n<h1>Envace de Producto Alimenticio<\/h1>\n<p><span>Una propuesta de dise\u00f1o de envase para un producto alimenticio s\u00f3lido, Los materiales para su maquetaci\u00f3n deben ser, cartulina sulfatada, papel caple, papel opalina, impresi\u00f3n de etiquetas. Generar el dise\u00f1o impreso coherente con el producto y su marca, conteniendo la informaci\u00f3n del producto. Debera incluir el elemento de termoformado en PET como recipiente.<\/span><\/p>\n<p><span style=\"font-weight: 400\">Profesor: <\/span><span style=\"font-weight: 400\">Jos\u00e9 Fabian.<\/span><\/p>\n<p><span style=\"font-weight: 400\">Entrega: 13 de octubre 2022.<\/span><\/p>\n<p><span style=\"font-weight: 400\">Software: Illustrator.<\/span><\/p>\n<p><span style=\"font-weight: 400\">Enfoque: Negocios.<\/span><\/p>\n<p>[\/et_pb_text][\/et_pb_column][\/et_pb_row][\/et_pb_section][et_pb_section fb_built=\u00bb1&#8243; admin_label=\u00bbSubscription Section\u00bb _builder_version=\u00bb4.20.4&#8243; background_color=\u00bbRGBA(255,255,255,0)\u00bb use_background_color_gradient=\u00bbon\u00bb background_color_gradient_stops=\u00bbrgba(255,255,255,0) 0%|rgba(255,255,255,0) 100%\u00bb background_color_gradient_start=\u00bb#ffffff\u00bb background_color_gradient_end=\u00bb#836aa6&#8243; custom_padding=\u00bb110px||110px|\u00bb locked=\u00bboff\u00bb global_colors_info=\u00bb{}\u00bb][et_pb_row column_structure=\u00bb1_2,1_2&#8243; _builder_version=\u00bb4.16&#8243; _module_preset=\u00bbdefault\u00bb global_colors_info=\u00bb{}\u00bb][et_pb_column type=\u00bb1_2&#8243; _builder_version=\u00bb4.16&#8243; _module_preset=\u00bbdefault\u00bb global_colors_info=\u00bb{}\u00bb][et_pb_text _builder_version=\u00bb4.20.4&#8243; _module_preset=\u00bbdefault\u00bb global_colors_info=\u00bb{}\u00bb]<\/p>\n<h1>Taquito Feli<\/h1>\n<p>&nbsp;<\/p>\n<p>\u00a0Una ilustraci\u00f3n realizada para la imagen visual del proyecto integrador.<\/p>\n<p><span style=\"font-weight: 400\">Profesor: Jos\u00e9 Fabian<\/span><\/p>\n<p><span style=\"font-weight: 400\">Tama\u00f1o: 51 x 38<\/span><span style=\"font-weight: 400\">\u00a0cent\u00edmetros.<\/span><\/p>\n<p><span style=\"font-weight: 400\">T\u00e9cnica: Pintura acrilica\u00a0<\/span><\/p>\n<p><span style=\"font-weight: 400\">Enfoque: Negocios<\/span><\/p>\n<p>[\/et_pb_text][\/et_pb_column][et_pb_column type=\u00bb1_2&#8243; _builder_version=\u00bb4.16&#8243; _module_preset=\u00bbdefault\u00bb global_colors_info=\u00bb{}\u00bb][et_pb_gallery gallery_ids=\u00bb801&#8243; fullwidth=\u00bbon\u00bb _builder_version=\u00bb4.20.4&#8243; _module_preset=\u00bbdefault\u00bb border_radii=\u00bbon|12px|12px|12px|12px\u00bb global_colors_info=\u00bb{}\u00bb][\/et_pb_gallery][\/et_pb_column][\/et_pb_row][\/et_pb_section][et_pb_section fb_built=\u00bb1&#8243; admin_label=\u00bbSubscription Section\u00bb _builder_version=\u00bb4.20.4&#8243; background_color=\u00bbRGBA(255,255,255,0)\u00bb use_background_color_gradient=\u00bbon\u00bb background_color_gradient_stops=\u00bbrgba(255,255,255,0) 1%|rgba(255,255,255,0) 100%\u00bb background_color_gradient_start=\u00bb#836aa6&#8243; background_color_gradient_end=\u00bb#ffffff\u00bb custom_padding=\u00bb110px||110px|\u00bb locked=\u00bboff\u00bb global_colors_info=\u00bb{}\u00bb][et_pb_row column_structure=\u00bb1_2,1_2&#8243; _builder_version=\u00bb4.16&#8243; _module_preset=\u00bbdefault\u00bb global_colors_info=\u00bb{}\u00bb][et_pb_column type=\u00bb1_2&#8243; _builder_version=\u00bb4.16&#8243; _module_preset=\u00bbdefault\u00bb global_colors_info=\u00bb{}\u00bb][et_pb_image src=\u00bbhttp:\/\/dcv.artcom.mx\/pda\/1190144\/wp-content\/uploads\/sites\/24\/2023\/05\/A1JuegoDeMesa_compressed_page-0001-scaled.jpg\u00bb title_text=\u00bbA1JuegoDeMesa_compressed_page-0001&#8243; _builder_version=\u00bb4.20.4&#8243; _module_preset=\u00bbdefault\u00bb border_radii=\u00bbon|12px|12px|12px|12px\u00bb global_colors_info=\u00bb{}\u00bb][\/et_pb_image][\/et_pb_column][et_pb_column type=\u00bb1_2&#8243; _builder_version=\u00bb4.16&#8243; _module_preset=\u00bbdefault\u00bb global_colors_info=\u00bb{}\u00bb][et_pb_text _builder_version=\u00bb4.20.4&#8243; _module_preset=\u00bbdefault\u00bb global_colors_info=\u00bb{}\u00bb]<\/p>\n<h1>Ilustraciones de Juego\u00a0\u00a0<\/h1>\n<p>Serie de Ilustraciones para aplicar en un juego de mesa, con tema b\u00edblico, para adolescentes.<\/p>\n<p><span style=\"font-weight: 400\">Profesor: Jos\u00e9 Fabian<\/span><\/p>\n<p><span style=\"font-weight: 400\">Entrega: 3 de Octubre 2019.<\/span><\/p>\n<p><span style=\"font-weight: 400\">Tama\u00f1o: Tabloide <\/span><span style=\"font-weight: 400\">11 x 17 pulgadas.<\/span><\/p>\n<p><span style=\"font-weight: 400\">Software: Ilustrador, Photoshop<\/span><\/p>\n<p><span style=\"font-weight: 400\">Enfoque: Fe, Negocios<\/span><\/p>\n<p>[\/et_pb_text][\/et_pb_column][\/et_pb_row][\/et_pb_section][et_pb_section fb_built=\u00bb1&#8243; admin_label=\u00bbContact Form Section\u00bb _builder_version=\u00bb4.20.4&#8243; background_color=\u00bbRGBA(255,255,255,0)\u00bb use_background_color_gradient=\u00bbon\u00bb background_color_gradient_stops=\u00bbrgba(255,255,255,0) 0%|rgba(255,255,255,0) 100%\u00bb background_color_gradient_start=\u00bb#f2dfe4&#8243; background_color_gradient_end=\u00bb#836aa6&#8243; custom_padding=\u00bb110px||110px|\u00bb animation_style=\u00bbzoom\u00bb animation_direction=\u00bbbottom\u00bb animation_intensity_zoom=\u00bb10%\u00bb saved_tabs=\u00bball\u00bb locked=\u00bboff\u00bb global_colors_info=\u00bb{}\u00bb][et_pb_row column_structure=\u00bb1_2,1_2&#8243; _builder_version=\u00bb4.16&#8243; _module_preset=\u00bbdefault\u00bb global_colors_info=\u00bb{}\u00bb][et_pb_column type=\u00bb1_2&#8243; _builder_version=\u00bb4.16&#8243; _module_preset=\u00bbdefault\u00bb global_colors_info=\u00bb{}\u00bb][et_pb_text _builder_version=\u00bb4.16&#8243; _module_preset=\u00bbdefault\u00bb hover_enabled=\u00bb0&#8243; global_colors_info=\u00bb{}\u00bb sticky_enabled=\u00bb0&#8243;]<\/p>\n<h1>Fasty<\/h1>\n<h1>Bien Tasty, Bien Fasty<\/h1>\n<p><span style=\"font-weight: 400\">El proyecto consisti\u00f3 en hacer propuesta de cambio a una problematica dando una creativa soluci\u00f3n mediante al desarrollo de ideas de los integrantes del equipo.<\/span><\/p>\n<p>Dando como resultado La propuesta de servicio a la universidad, Un delivery, dirigido por estudiantes, para una mejora en atenci\u00f3n al cliente mediante una red movil.<span style=\"font-weight: 400\"><\/span><\/p>\n<p><span style=\"font-weight: 400\"><\/span><\/p>\n<p><span style=\"font-weight: 400\">Profesor: Juan Carlos Ni\u00f1o de Gusm\u00e1n<\/span><\/p>\n<p><span style=\"font-weight: 400\">Software:\u00a0 Word, Presentaciones<\/span><\/p>\n<p><span style=\"font-weight: 400\">Enfoque: Negocios<\/span><\/p>\n<p>[\/et_pb_text][\/et_pb_column][et_pb_column type=\u00bb1_2&#8243; _builder_version=\u00bb4.16&#8243; _module_preset=\u00bbdefault\u00bb global_colors_info=\u00bb{}\u00bb][et_pb_gallery gallery_ids=\u00bb804,805,806,807,808,809,810,811,812,813,814,815&#8243; fullwidth=\u00bbon\u00bb _builder_version=\u00bb4.20.4&#8243; _module_preset=\u00bbdefault\u00bb border_radii=\u00bbon|12px|12px|12px|12px\u00bb global_colors_info=\u00bb{}\u00bb][\/et_pb_gallery][\/et_pb_column][\/et_pb_row][\/et_pb_section][et_pb_section fb_built=\u00bb1&#8243; admin_label=\u00bbContact Form Section\u00bb _builder_version=\u00bb4.20.4&#8243; background_color=\u00bbRGBA(255,255,255,0)\u00bb use_background_color_gradient=\u00bbon\u00bb background_color_gradient_stops=\u00bbrgba(255,255,255,0) 0%|rgba(255,255,255,0) 98%\u00bb background_color_gradient_start=\u00bb#836aa6&#8243; background_color_gradient_end=\u00bb#f2dfe4&#8243; custom_padding=\u00bb110px||110px|\u00bb animation_style=\u00bbzoom\u00bb animation_direction=\u00bbbottom\u00bb animation_intensity_zoom=\u00bb10%\u00bb saved_tabs=\u00bball\u00bb global_colors_info=\u00bb{}\u00bb][et_pb_row column_structure=\u00bb1_2,1_2&#8243; _builder_version=\u00bb4.16&#8243; _module_preset=\u00bbdefault\u00bb global_colors_info=\u00bb{}\u00bb][et_pb_column type=\u00bb1_2&#8243; _builder_version=\u00bb4.16&#8243; _module_preset=\u00bbdefault\u00bb global_colors_info=\u00bb{}\u00bb][et_pb_image src=\u00bbhttp:\/\/dcv.artcom.mx\/pda\/1190144\/wp-content\/uploads\/sites\/24\/2023\/05\/IsoArios_compressed-pdf.jpg\u00bb title_text=\u00bbIsoArios_compressed\u00bb _builder_version=\u00bb4.20.4&#8243; _module_preset=\u00bbdefault\u00bb border_radii=\u00bbon|12px|12px|12px|12px\u00bb global_colors_info=\u00bb{}\u00bb][\/et_pb_image][\/et_pb_column][et_pb_column type=\u00bb1_2&#8243; _builder_version=\u00bb4.16&#8243; _module_preset=\u00bbdefault\u00bb global_colors_info=\u00bb{}\u00bb][et_pb_text _builder_version=\u00bb4.16&#8243; _module_preset=\u00bbdefault\u00bb global_colors_info=\u00bb{}\u00bb]<\/p>\n<h1>Isometr\u00eda<\/h1>\n<p>&nbsp;<\/p>\n<p>Ilustraci\u00f3n Isometrica de una\u00a0 habitaci\u00f3n con elementos decorativos, a base de vectores\u00a0 \u00a0<\/p>\n<p><span style=\"font-weight: 400\">Profesor: Jos\u00e9 Fabian<\/span><\/p>\n<p><span style=\"font-weight: 400\">Tama\u00f1o: 11 x 18 pulgadas, con marco negro de 1 pulgada de grosor-<\/span><\/p>\n<p><span style=\"font-weight: 400\">Software: Illustrador.<\/span><\/p>\n<p><span style=\"font-weight: 400\">Enfoque: Negocios<\/span><\/p>\n<p>&nbsp;<\/p>\n<p>[\/et_pb_text][\/et_pb_column][\/et_pb_row][\/et_pb_section][et_pb_section fb_built=\u00bb1&#8243; admin_label=\u00bbContact Form Section\u00bb _builder_version=\u00bb4.20.4&#8243; background_color=\u00bbRGBA(255,255,255,0)\u00bb use_background_color_gradient=\u00bbon\u00bb background_color_gradient_stops=\u00bbrgba(255,255,255,0) 0%|rgba(255,255,255,0) 100%\u00bb background_color_gradient_start=\u00bb#f2dfe4&#8243; background_color_gradient_end=\u00bb#836aa6&#8243; custom_padding=\u00bb110px||110px|\u00bb animation_style=\u00bbzoom\u00bb animation_direction=\u00bbbottom\u00bb animation_intensity_zoom=\u00bb10%\u00bb saved_tabs=\u00bball\u00bb locked=\u00bboff\u00bb global_colors_info=\u00bb{}\u00bb][et_pb_row column_structure=\u00bb1_2,1_2&#8243; _builder_version=\u00bb4.16&#8243; _module_preset=\u00bbdefault\u00bb hover_enabled=\u00bb0&#8243; global_colors_info=\u00bb{}\u00bb sticky_enabled=\u00bb0&#8243;][et_pb_column type=\u00bb1_2&#8243; _builder_version=\u00bb4.16&#8243; _module_preset=\u00bbdefault\u00bb global_colors_info=\u00bb{}\u00bb][et_pb_text _builder_version=\u00bb4.20.4&#8243; _module_preset=\u00bbdefault\u00bb hover_enabled=\u00bb0&#8243; global_colors_info=\u00bb{}\u00bb sticky_enabled=\u00bb0&#8243;]<\/p>\n<h1><span style=\"font-weight: 400\">Impresi\u00f3n Textil<\/span><\/h1>\n<p><span style=\"font-weight: 400\"><\/span><\/p>\n<p>Se realizo un\u00a0 dise\u00f1o de estampado para playeras a dos tintas usando la tecnica de serigraf\u00eda<\/p>\n<p><span style=\"font-size: 20px\">Profesor: Jos\u00e9 Fabian<\/span><\/p>\n<p><span style=\"font-weight: 400\">Software: Illustrador.<\/span><\/p>\n<p><span style=\"font-weight: 400\">Enfoque: Negocios<\/span><\/p>\n<p>[\/et_pb_text][\/et_pb_column][et_pb_column type=\u00bb1_2&#8243; _builder_version=\u00bb4.16&#8243; _module_preset=\u00bbdefault\u00bb global_colors_info=\u00bb{}\u00bb][et_pb_gallery gallery_ids=\u00bb823,821,820&#8243; fullwidth=\u00bbon\u00bb _builder_version=\u00bb4.20.4&#8243; _module_preset=\u00bbdefault\u00bb border_radii=\u00bbon|12px|12px|12px|12px\u00bb global_colors_info=\u00bb{}\u00bb][\/et_pb_gallery][\/et_pb_column][\/et_pb_row][\/et_pb_section][et_pb_section fb_built=\u00bb1&#8243; admin_label=\u00bbContact Form Section\u00bb _builder_version=\u00bb4.20.4&#8243; background_color=\u00bbRGBA(255,255,255,0)\u00bb use_background_color_gradient=\u00bbon\u00bb background_color_gradient_stops=\u00bbrgba(255,255,255,0) 0%|rgba(255,255,255,0) 100%\u00bb background_color_gradient_start=\u00bb#836aa6&#8243; background_color_gradient_end=\u00bb#ffffff\u00bb custom_padding=\u00bb110px||110px|\u00bb animation_style=\u00bbzoom\u00bb animation_direction=\u00bbbottom\u00bb animation_intensity_zoom=\u00bb10%\u00bb hover_enabled=\u00bb0&#8243; saved_tabs=\u00bball\u00bb locked=\u00bboff\u00bb global_colors_info=\u00bb{}\u00bb sticky_enabled=\u00bb0&#8243;][et_pb_row column_structure=\u00bb1_2,1_2&#8243; _builder_version=\u00bb4.16&#8243; _module_preset=\u00bbdefault\u00bb global_colors_info=\u00bb{}\u00bb][et_pb_column type=\u00bb1_2&#8243; _builder_version=\u00bb4.16&#8243; _module_preset=\u00bbdefault\u00bb global_colors_info=\u00bb{}\u00bb][et_pb_gallery gallery_ids=\u00bb845,843,842&#8243; fullwidth=\u00bbon\u00bb _builder_version=\u00bb4.20.4&#8243; _module_preset=\u00bbdefault\u00bb hover_enabled=\u00bb0&#8243; global_colors_info=\u00bb{}\u00bb sticky_enabled=\u00bb0&#8243;][\/et_pb_gallery][\/et_pb_column][et_pb_column type=\u00bb1_2&#8243; _builder_version=\u00bb4.16&#8243; _module_preset=\u00bbdefault\u00bb global_colors_info=\u00bb{}\u00bb][et_pb_text _builder_version=\u00bb4.16&#8243; _module_preset=\u00bbdefault\u00bb locked=\u00bboff\u00bb global_colors_info=\u00bb{}\u00bb]<\/p>\n<h1>Macro<\/h1>\n<p>&nbsp;<\/p>\n<p>\u00a0Practicas de fotograf\u00edas en Macro, usando c\u00e1mara\u00a0fotogr\u00e1fica <span style=\"font-weight: 400\">.<\/span><\/p>\n<p><span style=\"font-weight: 400\">Profesor: Antonio Lerma<\/span><\/p>\n<p><span style=\"font-weight: 400\">Tama\u00f1o: Imagen de 11 x 17 pulgadas<\/span><\/p>\n<p><span style=\"font-weight: 400\"><\/span><\/p>\n<p>T\u00e9cnica: Fotogr\u00e1fica\u00a0Macro<\/p>\n<p><span style=\"font-weight: 400\">Enfoque: Entorno<\/span><\/p>\n<p>[\/et_pb_text][\/et_pb_column][\/et_pb_row][et_pb_row column_structure=\u00bb1_3,1_3,1_3&#8243; _builder_version=\u00bb4.16&#8243; _module_preset=\u00bbdefault\u00bb global_colors_info=\u00bb{}\u00bb][et_pb_column _builder_version=\u00bb4.20.4&#8243; _module_preset=\u00bbdefault\u00bb type=\u00bb1_3&#8243;][et_pb_text _builder_version=\u00bb4.20.4&#8243; _module_preset=\u00bbdefault\u00bb hover_enabled=\u00bb0&#8243; locked=\u00bboff\u00bb global_colors_info=\u00bb{}\u00bb sticky_enabled=\u00bb0&#8243;]<\/p>\n<h1>Tecnica Fotografica Retrato<\/h1>\n<p>\u00a0Arriba<\/p>\n<p><span style=\"font-weight: 400\">Mediante los conocimientos previos, dados en clase, la seleccion de fotografias retrato.<\/span><\/p>\n<p><span style=\"font-weight: 400\">Profesor: Antonio Lerma<\/span><\/p>\n<p><span style=\"font-weight: 400\">Tama\u00f1o: 11 x17 pulgadas<\/span><\/p>\n<p><span style=\"font-weight: 400\">T\u00e9cnica: Fotografica<\/span><\/p>\n<p><span style=\"font-weight: 400\">Enfoque: Entorno<\/span><\/p>\n<p>[\/et_pb_text][\/et_pb_column][et_pb_column type=\u00bb1_3&#8243; _builder_version=\u00bb4.16&#8243; _module_preset=\u00bbdefault\u00bb global_colors_info=\u00bb{}\u00bb][et_pb_gallery gallery_ids=\u00bb841,839,837&#8243; fullwidth=\u00bbon\u00bb _builder_version=\u00bb4.20.4&#8243; _module_preset=\u00bbdefault\u00bb hover_enabled=\u00bb0&#8243; global_colors_info=\u00bb{}\u00bb sticky_enabled=\u00bb0&#8243;][\/et_pb_gallery][et_pb_gallery gallery_ids=\u00bb836,835,834&#8243; fullwidth=\u00bbon\u00bb _builder_version=\u00bb4.20.4&#8243; _module_preset=\u00bbdefault\u00bb hover_enabled=\u00bb0&#8243; global_colors_info=\u00bb{}\u00bb sticky_enabled=\u00bb0&#8243;][\/et_pb_gallery][\/et_pb_column][et_pb_column type=\u00bb1_3&#8243; _builder_version=\u00bb4.16&#8243; _module_preset=\u00bbdefault\u00bb global_colors_info=\u00bb{}\u00bb][et_pb_text _builder_version=\u00bb4.20.4&#8243; _module_preset=\u00bbdefault\u00bb hover_enabled=\u00bb0&#8243; locked=\u00bboff\u00bb global_colors_info=\u00bb{}\u00bb sticky_enabled=\u00bb0&#8243;]<\/p>\n<h1>Tecnica Fotograf\u00edca Silueta<\/h1>\n<p>\u00a0Abajo<\/p>\n<p>Aprovechando la expocicion de luz, damos un acercamiento certero a nustra fotograf\u00eda, una perfecta silueta.<\/p>\n<p><span style=\"font-weight: 400\">Profesor: Antonio Lerma<\/span><\/p>\n<p><span style=\"font-weight: 400\">Tama\u00f1o: 11x 17 pulgadas<\/span><\/p>\n<p><span style=\"font-weight: 400\">T\u00e9cnica: Fotograf\u00edca\u00a0<\/span><\/p>\n<p><span style=\"font-weight: 400\">Enfoque: Entorno<\/span><\/p>\n<p>[\/et_pb_text][\/et_pb_column][\/et_pb_row][\/et_pb_section]<\/p>\n","protected":false},"excerpt":{"rendered":"<p>&nbsp; Proyectos Acad\u00e9micosIlustraci\u00f3n Publicitaria Descripci\u00f3n: En este proyecto, se realizaria un ilustracion combinando dos tecnicas plasticas visuales, las cuales son lapiz de color y pastel. Se generar\u00eda una composici\u00f3n que muestre las caracter\u00edsticas de un producto para su promoci\u00f3n, resaltando las cualidades y atractivo. El tema son frutas, postres o bebidas, teniendo como p\u00fablico objetivo [&hellip;]<\/p>\n","protected":false},"author":28,"featured_media":0,"parent":11,"menu_order":1,"comment_status":"closed","ping_status":"closed","template":"","meta":{"_et_pb_use_builder":"on","_et_pb_old_content":"","_et_gb_content_width":"","inline_featured_image":false,"footnotes":""},"_links":{"self":[{"href":"https:\/\/dcv.artcom.mx\/pda\/1190144\/wp-json\/wp\/v2\/pages\/270"}],"collection":[{"href":"https:\/\/dcv.artcom.mx\/pda\/1190144\/wp-json\/wp\/v2\/pages"}],"about":[{"href":"https:\/\/dcv.artcom.mx\/pda\/1190144\/wp-json\/wp\/v2\/types\/page"}],"author":[{"embeddable":true,"href":"https:\/\/dcv.artcom.mx\/pda\/1190144\/wp-json\/wp\/v2\/users\/28"}],"replies":[{"embeddable":true,"href":"https:\/\/dcv.artcom.mx\/pda\/1190144\/wp-json\/wp\/v2\/comments?post=270"}],"version-history":[{"count":17,"href":"https:\/\/dcv.artcom.mx\/pda\/1190144\/wp-json\/wp\/v2\/pages\/270\/revisions"}],"predecessor-version":[{"id":850,"href":"https:\/\/dcv.artcom.mx\/pda\/1190144\/wp-json\/wp\/v2\/pages\/270\/revisions\/850"}],"up":[{"embeddable":true,"href":"https:\/\/dcv.artcom.mx\/pda\/1190144\/wp-json\/wp\/v2\/pages\/11"}],"wp:attachment":[{"href":"https:\/\/dcv.artcom.mx\/pda\/1190144\/wp-json\/wp\/v2\/media?parent=270"}],"curies":[{"name":"wp","href":"https:\/\/api.w.org\/{rel}","templated":true}]}}