{"id":159,"date":"2020-03-03T22:11:41","date_gmt":"2020-03-04T04:11:41","guid":{"rendered":"http:\/\/pdadcv.artcom.mx\/portafolio-demo\/?page_id=2"},"modified":"2024-03-03T19:59:04","modified_gmt":"2024-03-03T19:59:04","slug":"acerca-de-mi","status":"publish","type":"page","link":"https:\/\/dcv.artcom.mx\/pda\/1190144\/acerca-de-mi\/","title":{"rendered":"Acerca de mi"},"content":{"rendered":"<p>[et_pb_section fb_built=\u00bb1&#8243; admin_label=\u00bbHero Section\u00bb _builder_version=\u00bb4.20.4&#8243; background_color=\u00bbRGBA(255,255,255,0)\u00bb use_background_color_gradient=\u00bbon\u00bb background_color_gradient_direction=\u00bb131deg\u00bb background_color_gradient_stops=\u00bbrgba(255,255,255,0) 0%|rgba(255,255,255,0) 100%\u00bb background_color_gradient_start=\u00bb#b989d9&#8243; background_color_gradient_end=\u00bb#89a3d9&#8243; custom_padding=\u00bb80px|0px|0px|0px||\u00bb animation_style=\u00bbslide\u00bb animation_direction=\u00bbtop\u00bb animation_intensity_slide=\u00bb2%\u00bb animation_starting_opacity=\u00bb100%\u00bb locked=\u00bboff\u00bb global_colors_info=\u00bb{}\u00bb][et_pb_row column_structure=\u00bb1_2,1_2&#8243; _builder_version=\u00bb4.16&#8243; background_color=\u00bbRGBA(255,255,255,0)\u00bb custom_margin=\u00bb|auto|148px|auto||\u00bb custom_padding=\u00bb0px|||||\u00bb custom_width_px=\u00bb1440px\u00bb global_colors_info=\u00bb{}\u00bb][et_pb_column type=\u00bb1_2&#8243; _builder_version=\u00bb4.16&#8243; custom_padding=\u00bb|||\u00bb global_colors_info=\u00bb{}\u00bb custom_padding__hover=\u00bb|||\u00bb][et_pb_text _builder_version=\u00bb4.20.4&#8243; text_font=\u00bb||||||||\u00bb text_text_color=\u00bb#000000&#8243; header_font=\u00bbPlayfair Display|700|||||||\u00bb header_text_color=\u00bb#ffffff\u00bb header_font_size=\u00bb60px\u00bb header_line_height=\u00bb1.5em\u00bb header_2_font=\u00bb||||||||\u00bb header_3_font=\u00bb||||||||\u00bb header_4_font=\u00bb||||||||\u00bb header_5_font=\u00bb||||||||\u00bb header_6_font=\u00bb||||||||\u00bb background_color=\u00bbRGBA(255,255,255,0)\u00bb custom_margin=\u00bb||20px|\u00bb hover_enabled=\u00bb0&#8243; locked=\u00bboff\u00bb global_colors_info=\u00bb{}\u00bb sticky_enabled=\u00bb0&#8243;]<\/p>\n<h1><span style=\"color: #0a0a0a\">Acerca de mi<\/span><\/h1>\n<p>[\/et_pb_text][et_pb_divider color=\u00bb#db3fa2&#8243; divider_weight=\u00bb3px\u00bb disabled_on=\u00bbon|on|off\u00bb _builder_version=\u00bb4.16&#8243; max_width=\u00bb80px\u00bb module_alignment=\u00bbleft\u00bb height=\u00bb10px\u00bb custom_margin=\u00bb||20px|\u00bb animation_style=\u00bbslide\u00bb animation_direction=\u00bbbottom\u00bb saved_tabs=\u00bball\u00bb locked=\u00bboff\u00bb global_colors_info=\u00bb{}\u00bb][\/et_pb_divider][et_pb_text _builder_version=\u00bb4.20.4&#8243; text_font=\u00bbPoppins||||||||\u00bb text_text_color=\u00bb#000000&#8243; text_font_size=\u00bb18px\u00bb text_line_height=\u00bb1.8em\u00bb header_font=\u00bb||||||||\u00bb background_color=\u00bbRGBA(255,255,255,0)\u00bb locked=\u00bboff\u00bb global_colors_info=\u00bb{}\u00bb]<\/p>\n<p><span style=\"font-weight: 400\">Hola! soy Ariadna Judith. <\/span><\/p>\n<p>Te invito a conocer sobre mi.<\/p>\n<p><span style=\"font-weight: 400\"><\/span><\/p>\n<p>[\/et_pb_text][\/et_pb_column][et_pb_column type=\u00bb1_2&#8243; _builder_version=\u00bb4.16&#8243; custom_padding=\u00bb|||\u00bb global_colors_info=\u00bb{}\u00bb custom_padding__hover=\u00bb|||\u00bb][\/et_pb_column][\/et_pb_row][\/et_pb_section][et_pb_section fb_built=\u00bb1&#8243; specialty=\u00bbon\u00bb admin_label=\u00bbAbout Us\u00bb _builder_version=\u00bb4.20.4&#8243; background_color=\u00bbRGBA(255,255,255,0)\u00bb use_background_color_gradient=\u00bbon\u00bb background_color_gradient_direction=\u00bb158deg\u00bb background_color_gradient_stops=\u00bbrgba(255,255,255,0) 0%|rgba(255,255,255,0) 100%\u00bb background_color_gradient_start=\u00bb#b989d9&#8243; background_color_gradient_end=\u00bb#99d0f2&#8243; custom_margin=\u00bb-152px|||||\u00bb custom_padding=\u00bb||156px|||\u00bb global_colors_info=\u00bb{}\u00bb][et_pb_column type=\u00bb1_2&#8243; specialty_columns=\u00bb2&#8243; _builder_version=\u00bb4.16&#8243; custom_padding=\u00bb|||\u00bb global_colors_info=\u00bb{}\u00bb custom_padding__hover=\u00bb|||\u00bb][et_pb_row_inner _builder_version=\u00bb4.16&#8243; _module_preset=\u00bbdefault\u00bb global_colors_info=\u00bb{}\u00bb][et_pb_column_inner saved_specialty_column_type=\u00bb1_2&#8243; _builder_version=\u00bb4.16&#8243; _module_preset=\u00bbdefault\u00bb global_colors_info=\u00bb{}\u00bb][et_pb_text _builder_version=\u00bb4.20.4&#8243; text_font=\u00bbPoppins|600|||||||\u00bb text_text_color=\u00bb#000000&#8243; text_line_height=\u00bb1.9em\u00bb header_font=\u00bb||||||||\u00bb header_2_font=\u00bb||||||||\u00bb module_alignment=\u00bbcenter\u00bb custom_margin=\u00bb|||\u00bb locked=\u00bboff\u00bb inline_fonts=\u00bbPridi\u00bb global_colors_info=\u00bb{}\u00bb]<\/p>\n<p><span style=\"font-weight: normal;font-family: inherit\">Soy Ariadna Judith Rios Lopez. Nac\u00ed en la costa de Bah\u00edas de Huatulco Oaxaca el 07 de Junio de 2001, pero recidi m\u00e1s a\u00f1os en Santo Domingo Ingenio Oaxaca, en el Istmo de Tehuantepec.<\/span><\/p>\n<p><span style=\"font-weight: normal;font-family: inherit\"><\/span><\/p>\n<p><span style=\"font-weight: normal;font-family: inherit\">\u00a0Desde que tengo memoria, siempre me llam\u00f3 la atenci\u00f3n dibujar y experimentar, comenzando desde peque\u00f1a, haciendo peque\u00f1os dibujos que para mi tienen mucho significado. Dado a que en las escuelas que estudi\u00e9, no hab\u00eda talleres o recursos m\u00e1s significativos para el dise\u00f1o, desde secundaria, me gustaba ver videos y tutoriales respecto al tema, adentrandome mucho m\u00e1s al \u00e1rea.<\/span><\/p>\n<p style=\"text-align: left\">\n<p><span style=\"font-weight: normal;font-family: inherit\">Mi familia tambi\u00e9n me apoyo en lo que respecta al arte, siendo que mi padre usaba tambi\u00e9n su talento para el beneficio de la obra, haciendo ilustraciones, carteles y murales, siendo inspiraci\u00f3n para mi; siempre me gusto apoyar a la iglesia, y que mejor que hacerlo con materiales visuales, que puedan expresar un mensaje.<\/span><\/p>\n<p style=\"text-align: left\">\n<p><span style=\"font-weight: normal;font-family: inherit\">Actualmente, tengo 21 a\u00f1os y estoy cursando la carrera de Dise\u00f1o en Comunicaci\u00f3n Visual, me gusta aprender nuevas t\u00e9cnicas de dise\u00f1o e ilustraci\u00f3n y me esfuerzo demasiado en hacer que mis trabajos, expresen un buen mensaje, pese a mi limitado tiempo.<\/span><\/p>\n<p><span style=\"font-weight: normal;font-family: inherit\">En mis ratos libres, me gusta dibujar y en especial combinar el lettering con peque\u00f1os elementos de decoraci\u00f3n, y creo que me siento m\u00e1s relacionada con la ilustraci\u00f3n y la tipograf\u00eda, quiero hacer de mi trabajo algo que sea satisfactorio para mi, y para mi entorno.\u00a0<\/span><\/p>\n<p>[\/et_pb_text][\/et_pb_column_inner][\/et_pb_row_inner][\/et_pb_column][et_pb_column type=\u00bb1_2&#8243; _builder_version=\u00bb4.16&#8243; custom_padding=\u00bb|||\u00bb global_colors_info=\u00bb{}\u00bb custom_padding__hover=\u00bb|||\u00bb][et_pb_image src=\u00bbhttp:\/\/dcv.artcom.mx\/pda\/1190144\/wp-content\/uploads\/sites\/24\/2021\/04\/WhatsApp-Image-2021-04-03-at-20.00.36.jpeg\u00bb title_text=\u00bbWhatsApp Image 2021-04-03 at 20.00.36&#8243; align=\u00bbcenter\u00bb force_fullwidth=\u00bbon\u00bb _builder_version=\u00bb4.16&#8243; background_color=\u00bbRGBA(0,0,0,0)\u00bb custom_margin=\u00bb-50%|||\u00bb custom_margin_tablet=\u00bb0px|||\u00bb custom_margin_phone=\u00bb\u00bb custom_margin_last_edited=\u00bbon|phone\u00bb animation_style=\u00bbslide\u00bb animation_direction=\u00bbtop\u00bb animation_duration=\u00bb1500ms\u00bb animation_intensity_slide=\u00bb6%\u00bb animation_starting_opacity=\u00bb100%\u00bb border_radii=\u00bbon|17px|17px|17px|17px\u00bb border_width_right=\u00bb10px\u00bb border_color_right=\u00bbrgba(255,255,255,0)\u00bb border_style_right=\u00bbnone\u00bb box_shadow_style=\u00bbpreset1&#8243; box_shadow_vertical=\u00bb10px\u00bb box_shadow_blur=\u00bb100px\u00bb box_shadow_color=\u00bbrgba(0,0,0,0.2)\u00bb always_center_on_mobile=\u00bboff\u00bb locked=\u00bboff\u00bb global_colors_info=\u00bb{}\u00bb][\/et_pb_image][\/et_pb_column][\/et_pb_section][et_pb_section fb_built=\u00bb1&#8243; admin_label=\u00bbStats\u00bb _builder_version=\u00bb4.20.4&#8243; background_color=\u00bbRGBA(255,255,255,0)\u00bb use_background_color_gradient=\u00bbon\u00bb background_color_gradient_stops=\u00bbrgba(255,255,255,0) 1%|rgba(255,255,255,0) 99%\u00bb background_color_gradient_start=\u00bb#99d0f2&#8243; background_color_gradient_end=\u00bb#b989d9&#8243; min_height=\u00bb1409.5px\u00bb custom_margin=\u00bb-3px|||||\u00bb custom_padding=\u00bb58px|0px|58px|0px|true|\u00bb global_colors_info=\u00bb{}\u00bb][et_pb_row _builder_version=\u00bb4.20.4&#8243; background_color=\u00bbRGBA(0,0,0,0)\u00bb use_background_color_gradient=\u00bbon\u00bb background_color_gradient_direction=\u00bb175deg\u00bb background_color_gradient_stops=\u00bb#fbe7c1 0%|#f3ac74 100%\u00bb background_color_gradient_start=\u00bb#f2dfe4&#8243; background_color_gradient_end=\u00bb#dcb4ce\u00bb width=\u00bb70%\u00bb max_width=\u00bb70%\u00bb module_alignment=\u00bbcenter\u00bb custom_margin=\u00bb|||\u00bb custom_padding=\u00bb0px||0px|\u00bb animation_style=\u00bbfade\u00bb animation_duration=\u00bb1450ms\u00bb use_custom_width=\u00bbon\u00bb width_unit=\u00bboff\u00bb custom_width_percent=\u00bb70%\u00bb global_colors_info=\u00bb{}\u00bb][et_pb_column type=\u00bb4_4&#8243; _builder_version=\u00bb4.16&#8243; custom_padding=\u00bb40px|40px|40px|40px\u00bb global_colors_info=\u00bb{}\u00bb custom_padding__hover=\u00bb|||\u00bb][et_pb_text _builder_version=\u00bb4.16&#8243; text_font=\u00bb||||||||\u00bb header_font=\u00bb||||||||\u00bb header_text_align=\u00bbleft\u00bb header_text_color=\u00bb#2b2b2b\u00bb header_line_height=\u00bb1.3em\u00bb header_2_font=\u00bbPlayfair Display|700|||||||\u00bb header_2_text_align=\u00bbleft\u00bb header_2_text_color=\u00bb#2b2b2b\u00bb header_2_font_size=\u00bb42px\u00bb header_2_line_height=\u00bb1.5em\u00bb text_orientation=\u00bbcenter\u00bb module_alignment=\u00bbcenter\u00bb custom_margin=\u00bb||10px|\u00bb locked=\u00bboff\u00bb global_colors_info=\u00bb{}\u00bb]<\/p>\n<h2>About me<\/h2>\n<p>[\/et_pb_text][et_pb_divider color=\u00bb#B989D9&#8243; divider_weight=\u00bb3px\u00bb disabled_on=\u00bbon|on|off\u00bb _builder_version=\u00bb4.24.0&#8243; max_width=\u00bb80px\u00bb module_alignment=\u00bbleft\u00bb height=\u00bb10px\u00bb custom_margin=\u00bb||20px|\u00bb animation_style=\u00bbslide\u00bb animation_direction=\u00bbbottom\u00bb hover_enabled=\u00bb0&#8243; saved_tabs=\u00bball\u00bb locked=\u00bboff\u00bb global_colors_info=\u00bb{}\u00bb background_color=\u00bb#F3AC74&#8243; sticky_enabled=\u00bb0&#8243;][\/et_pb_divider][et_pb_text _builder_version=\u00bb4.16&#8243; text_font=\u00bbPoppins||||||||\u00bb text_text_color=\u00bbrgba(0,0,0,0.4)\u00bb text_line_height=\u00bb1.9em\u00bb header_font=\u00bb||||||||\u00bb header_2_font=\u00bb||||||||\u00bb background_color=\u00bbRGBA(0,0,0,0)\u00bb max_width=\u00bb1154px\u00bb module_alignment=\u00bbleft\u00bb custom_margin=\u00bb|27px|30px|||\u00bb global_colors_info=\u00bb{}\u00bb]<\/p>\n<p style=\"text-align: left\"><span style=\"font-weight: 400\">My name is Ariadna Judith Rios Lopez. I was born on the coast of Bah\u00edas de Huatulco Oaxaca on June 7, 2001, but I relapsed more years in Santo Domingo Ingenio Oaxaca, on the Isthmus of Tehuantepec.<\/span><\/p>\n<p style=\"text-align: left\"><span style=\"font-weight: 400\">\u00a0As long as I can remember, drawing and experimenting have always caught my attention, starting at a young age, making small drawings that have a lot of meaning for me. Given that in the schools I studied, there were no more significant workshops or resources for design, since high school, I liked to watch videos and tutorials on the subject, getting much more into the area.<\/span><\/p>\n<p><span style=\"font-weight: 400\">My family also supported me in regards to art, being that my father also used his talent for the benefit of the work, making illustrations, posters and murals, being an inspiration for me; I always like to support the church, and what better way to do it with visual materials that can express a message.<\/span><\/p>\n<p><span style=\"font-weight: 400\">Currently, I am 21 years old and I am studying Design in Visual Communication, I like to learn new design and illustration techniques and I try too hard to make my work express a good message, despite my limited time.<\/span><\/p>\n<p><span style=\"font-weight: 400\">In my spare time, I like to draw and especially combine lettering with small decorative elements, and I think I feel more related to illustration and typography, I want to make my work something that is satisfactory for me, and for my environment .<\/span><\/p>\n<p>[\/et_pb_text][\/et_pb_column][\/et_pb_row][\/et_pb_section][et_pb_section fb_built=\u00bb1&#8243; _builder_version=\u00bb4.24.0&#8243; _module_preset=\u00bbdefault\u00bb background_color=\u00bbRGBA(255,255,255,0)\u00bb use_background_color_gradient=\u00bbon\u00bb background_color_gradient_stops=\u00bb#ebcdbb 0%|#ebcdbb 100%\u00bb background_color_gradient_start=\u00bb#b989d9&#8243; background_color_gradient_end=\u00bb#dcb4ce\u00bb min_height=\u00bb632.9px\u00bb custom_margin=\u00bb||4px|||\u00bb hover_enabled=\u00bb0&#8243; global_colors_info=\u00bb{}\u00bb sticky_enabled=\u00bb0&#8243;][et_pb_row _builder_version=\u00bb4.16&#8243; _module_preset=\u00bbdefault\u00bb global_colors_info=\u00bb{}\u00bb][et_pb_column type=\u00bb4_4&#8243; _builder_version=\u00bb4.16&#8243; _module_preset=\u00bbdefault\u00bb global_colors_info=\u00bb{}\u00bb][et_pb_text _builder_version=\u00bb4.24.0&#8243; _module_preset=\u00bbdefault\u00bb min_height=\u00bb179.5px\u00bb custom_margin=\u00bb||-427px|||\u00bb hover_enabled=\u00bb0&#8243; global_colors_info=\u00bb{}\u00bb text_text_color=\u00bb#000000&#8243; header_text_color=\u00bb#000000&#8243; sticky_enabled=\u00bb0&#8243;]<\/p>\n<h1 style=\"text-align: center\"><b>Mi Cosmovisi\u00f3n\u00a0<\/b><\/h1>\n<p><span style=\"font-weight: 400\">\u00a0<\/span><\/p>\n<p style=\"text-align: center\"><span style=\"font-weight: 400\">La naturaleza es un gran ejemplo de ello de que el dise\u00f1o puede estar en cualquier lugar, porque todo all\u00e1 afuera tiene una funci\u00f3n vital para un equilibrio. Siendo Dios el primer Dise\u00f1ador de todo, creando todo lo que nos rodea para demostrarnos su gran amor; Nosotros como dise\u00f1adores, esperamos que nuestras creaciones puedan generar impacto para quien las percibe, enviando un mensaje a trav\u00e9s de ellos.\u00a0<\/span><\/p>\n<p style=\"text-align: center\"><span style=\"font-weight: 400\">Quiero ser instrumento para que con mi trabajo, la obra de Dios llegue a todos lados.\u00a0<\/span><\/p>\n<h1><b><\/b><\/h1>\n<h1 style=\"text-align: center\"><b>Metas<\/b><\/h1>\n<p style=\"text-align: center\">Poder graduar sin Problemas<\/p>\n<p style=\"text-align: center\">Especializarme en Ilustraci\u00f3n Editorial o Animaci\u00f3n<\/p>\n<p style=\"text-align: center\">Regresar a un poco del apoyo que mis padres me dieron para este largo camino<\/p>\n<p><span style=\"font-weight: 400\"><\/span><\/p>\n<p>&nbsp;<\/p>\n<p>&nbsp;<\/p>\n<p>&nbsp;<\/p>\n<p>&nbsp;<\/p>\n<p>&nbsp;<\/p>\n<p>&nbsp;<\/p>\n<p>[\/et_pb_text][\/et_pb_column][\/et_pb_row][\/et_pb_section]<\/p>\n","protected":false},"excerpt":{"rendered":"<p>Acerca de miHola! soy Ariadna Judith. Te invito a conocer sobre mi. Soy Ariadna Judith Rios Lopez. Nac\u00ed en la costa de Bah\u00edas de Huatulco Oaxaca el 07 de Junio de 2001, pero recidi m\u00e1s a\u00f1os en Santo Domingo Ingenio Oaxaca, en el Istmo de Tehuantepec. \u00a0Desde que tengo memoria, siempre me llam\u00f3 la atenci\u00f3n [&hellip;]<\/p>\n","protected":false},"author":28,"featured_media":0,"parent":0,"menu_order":2,"comment_status":"closed","ping_status":"closed","template":"","meta":{"_et_pb_use_builder":"on","_et_pb_old_content":"<!-- wp:paragraph -->\n<p>Esta es una p\u00e1gina de ejemplo. Es diferente a una entrada del blog porque permanecer\u00e1 en un solo lugar y aparecer\u00e1 en la navegaci\u00f3n de tu sitio (en la mayor\u00eda de los temas). La mayor\u00eda de las personas comienzan con una p\u00e1gina \u00abAcerca de\u00bb que les presenta a los visitantes potenciales del sitio. Podr\u00edas decir algo as\u00ed:<\/p>\n<!-- \/wp:paragraph -->\n\n<!-- wp:quote -->\n<blockquote class=\"wp-block-quote\"><p>\u00a1Bienvenido! Soy camarero de d\u00eda, aspirante a actor de noche y esta es mi web. Vivo en Mairena del Alcor, tengo un perro que se llama Firulais y me gusta el rebujito. (Y las tardes largas con caf\u00e9).<\/p><\/blockquote>\n<!-- \/wp:quote -->\n\n<!-- wp:paragraph -->\n<p>\u2026o algo as\u00ed:<\/p>\n<!-- \/wp:paragraph -->\n\n<!-- wp:quote -->\n<blockquote class=\"wp-block-quote\"><p>La empresa \u00abMariscos Recio\u00bb fue fundada por Antonio Recio Mata. Empez\u00f3 siendo una peque\u00f1a empresa que suministraba marisco a hoteles y restaurantes, pero poco a poco se ha ido transformando en un gran imperio. Mariscos Recio, el mar al mejor precio.<\/p><\/blockquote>\n<!-- \/wp:quote -->\n\n<!-- wp:paragraph -->\n<p>Como nuevo usuario de WordPress, deber\u00edas ir a <a href=\"http:\/\/pdadcv.artcom.mx\/portafolio-demo\/wp-admin\/\">tu escritorio<\/a> para borrar esta p\u00e1gina y crear nuevas p\u00e1ginas para tu contenido. \u00a1P\u00e1salo bien!<\/p>\n<!-- \/wp:paragraph -->","_et_gb_content_width":"","inline_featured_image":false,"footnotes":""},"_links":{"self":[{"href":"https:\/\/dcv.artcom.mx\/pda\/1190144\/wp-json\/wp\/v2\/pages\/159"}],"collection":[{"href":"https:\/\/dcv.artcom.mx\/pda\/1190144\/wp-json\/wp\/v2\/pages"}],"about":[{"href":"https:\/\/dcv.artcom.mx\/pda\/1190144\/wp-json\/wp\/v2\/types\/page"}],"author":[{"embeddable":true,"href":"https:\/\/dcv.artcom.mx\/pda\/1190144\/wp-json\/wp\/v2\/users\/28"}],"replies":[{"embeddable":true,"href":"https:\/\/dcv.artcom.mx\/pda\/1190144\/wp-json\/wp\/v2\/comments?post=159"}],"version-history":[{"count":20,"href":"https:\/\/dcv.artcom.mx\/pda\/1190144\/wp-json\/wp\/v2\/pages\/159\/revisions"}],"predecessor-version":[{"id":906,"href":"https:\/\/dcv.artcom.mx\/pda\/1190144\/wp-json\/wp\/v2\/pages\/159\/revisions\/906"}],"wp:attachment":[{"href":"https:\/\/dcv.artcom.mx\/pda\/1190144\/wp-json\/wp\/v2\/media?parent=159"}],"curies":[{"name":"wp","href":"https:\/\/api.w.org\/{rel}","templated":true}]}}