{"id":15,"date":"2020-03-03T22:35:51","date_gmt":"2020-03-04T04:35:51","guid":{"rendered":"http:\/\/pdadcv.artcom.mx\/portafolio-demo\/?page_id=15"},"modified":"2024-05-07T18:14:48","modified_gmt":"2024-05-07T18:14:48","slug":"autoevaluaciones","status":"publish","type":"page","link":"https:\/\/dcv.artcom.mx\/pda\/1190144\/autoevaluaciones\/","title":{"rendered":"Autoevaluaciones"},"content":{"rendered":"<p>[et_pb_section fb_built=\u00bb1&#8243; _builder_version=\u00bb4.16&#8243; _module_preset=\u00bbdefault\u00bb global_colors_info=\u00bb{}\u00bb][et_pb_row _builder_version=\u00bb4.24.2&#8243; _module_preset=\u00bbdefault\u00bb global_colors_info=\u00bb{}\u00bb][et_pb_column type=\u00bb4_4&#8243; _builder_version=\u00bb4.24.2&#8243; _module_preset=\u00bbdefault\u00bb global_colors_info=\u00bb{}\u00bb][et_pb_heading title=\u00bbAUTOEVALUACI\u00d3N\u00bb _builder_version=\u00bb4.24.2&#8243; _module_preset=\u00bbdefault\u00bb title_font=\u00bbAbril Fatface||||||||\u00bb title_text_align=\u00bbcenter\u00bb title_text_color=\u00bb#000000&#8243; title_font_size=\u00bb43px\u00bb title_letter_spacing=\u00bb12px\u00bb global_colors_info=\u00bb{}\u00bb][\/et_pb_heading][\/et_pb_column][\/et_pb_row][et_pb_row _builder_version=\u00bb4.24.2&#8243; _module_preset=\u00bbdefault\u00bb custom_padding=\u00bb0px|||||\u00bb global_colors_info=\u00bb{}\u00bb][et_pb_column type=\u00bb4_4&#8243; _builder_version=\u00bb4.24.2&#8243; _module_preset=\u00bbdefault\u00bb global_colors_info=\u00bb{}\u00bb][et_pb_divider divider_weight=\u00bb3px\u00bb _builder_version=\u00bb4.24.2&#8243; _module_preset=\u00bbdefault\u00bb width=\u00bb40%\u00bb module_alignment=\u00bbcenter\u00bb global_colors_info=\u00bb{}\u00bb][\/et_pb_divider][\/et_pb_column][\/et_pb_row][et_pb_row _builder_version=\u00bb4.16&#8243; _module_preset=\u00bbdefault\u00bb global_colors_info=\u00bb{}\u00bb][et_pb_column type=\u00bb4_4&#8243; _builder_version=\u00bb4.16&#8243; _module_preset=\u00bbdefault\u00bb global_colors_info=\u00bb{}\u00bb][et_pb_text _builder_version=\u00bb4.16&#8243; _module_preset=\u00bbdefault\u00bb global_colors_info=\u00bb{}\u00bb]<\/p>\n<p>Durante el primer <span class=\"Y2IQFc\" lang=\"es\">a\u00f1o fue , note varias de mis fortalezas y debilidades, y se que tengo que mejorar muchas cosas, aprender a trabajar y estudiar es dif\u00edcil, y siempre es importante para mi tener que administrar mi tiempo, y hacer las cosas bien.<\/span><\/p>\n<p><span class=\"Y2IQFc\" lang=\"es\">Fue dif\u00edcil, tambi\u00e9n dada a las circunstancias, no cre\u00ed terminar mi primer a\u00f1o de manera virtual, pero uno se debe adaptar a las situaciones que se interpongan.<\/span><\/p>\n<pre class=\"tw-data-text tw-text-large XcVN5d tw-ta\" data-placeholder=\"Traducci\u00f3n\" id=\"tw-target-text\"><\/pre>\n<p>[\/et_pb_text][\/et_pb_column][\/et_pb_row][et_pb_row column_structure=\u00bb1_2,1_2&#8243; _builder_version=\u00bb4.16&#8243; _module_preset=\u00bbdefault\u00bb global_colors_info=\u00bb{}\u00bb][et_pb_column type=\u00bb1_2&#8243; _builder_version=\u00bb4.16&#8243; _module_preset=\u00bbdefault\u00bb global_colors_info=\u00bb{}\u00bb][et_pb_counters bar_bg_color=\u00bb#44d606&#8243; _builder_version=\u00bb4.24.0&#8243; _module_preset=\u00bbdefault\u00bb background_color=\u00bbRGBA(0,0,0,0)\u00bb filter_hue_rotate=\u00bb295deg\u00bb filter_saturate=\u00bb98%\u00bb filter_brightness=\u00bb116%\u00bb filter_sepia=\u00bb26%\u00bb global_colors_info=\u00bb{}\u00bb][et_pb_counter percent=\u00bb72&#8243; _builder_version=\u00bb4.16&#8243; _module_preset=\u00bbdefault\u00bb title_text_color=\u00bb#000000&#8243; global_colors_info=\u00bb{}\u00bb bar_background_color_default=\u00bb#44d606&#8243; use_percentages=\u00bbon\u00bb]Fundamentos del Dise\u00f1o Gr\u00e1fico[\/et_pb_counter][et_pb_counter percent=\u00bb87&#8243; _builder_version=\u00bb4.16&#8243; _module_preset=\u00bbdefault\u00bb title_text_color=\u00bb#000000&#8243; global_colors_info=\u00bb{}\u00bb bar_background_color_default=\u00bb#44d606&#8243; use_percentages=\u00bbon\u00bb]Taller de Gr\u00e1ficos Vectoriales[\/et_pb_counter][et_pb_counter percent=\u00bb73&#8243; _builder_version=\u00bb4.16&#8243; _module_preset=\u00bbdefault\u00bb title_text_color=\u00bb#000000&#8243; global_colors_info=\u00bb{}\u00bb bar_background_color_default=\u00bb#44d606&#8243; use_percentages=\u00bbon\u00bb]Fundamentos de Tipografia[\/et_pb_counter][et_pb_counter percent=\u00bb97&#8243; _builder_version=\u00bb4.16&#8243; _module_preset=\u00bbdefault\u00bb title_text_color=\u00bb#000000&#8243; global_colors_info=\u00bb{}\u00bb bar_background_color_default=\u00bb#44d606&#8243; use_percentages=\u00bbon\u00bb]Proceso Creativo[\/et_pb_counter][et_pb_counter percent=\u00bb92&#8243; _builder_version=\u00bb4.16&#8243; _module_preset=\u00bbdefault\u00bb title_text_color=\u00bb#000000&#8243; background_color=\u00bbRGBA(0,0,0,0)\u00bb background_enable_color=\u00bbon\u00bb global_colors_info=\u00bb{}\u00bb bar_background_color_default=\u00bb#44d606&#8243; use_percentages=\u00bbon\u00bb]Dibujo Academico[\/et_pb_counter][\/et_pb_counters][\/et_pb_column][et_pb_column type=\u00bb1_2&#8243; _builder_version=\u00bb4.16&#8243; _module_preset=\u00bbdefault\u00bb global_colors_info=\u00bb{}\u00bb][et_pb_counters bar_bg_color=\u00bb#44d606&#8243; _builder_version=\u00bb4.24.0&#8243; _module_preset=\u00bbdefault\u00bb filter_hue_rotate=\u00bb309deg\u00bb filter_brightness=\u00bb101%\u00bb global_colors_info=\u00bb{}\u00bb][et_pb_counter percent=\u00bb72&#8243; _builder_version=\u00bb4.16&#8243; _module_preset=\u00bbdefault\u00bb title_text_color=\u00bb#000000&#8243; global_colors_info=\u00bb{}\u00bb bar_background_color_default=\u00bb#44d606&#8243; use_percentages=\u00bbon\u00bb]Dise\u00f1o Gr\u00e1fico[\/et_pb_counter][et_pb_counter percent=\u00bb90&#8243; _builder_version=\u00bb4.16&#8243; _module_preset=\u00bbdefault\u00bb title_text_color=\u00bb#000000&#8243; global_colors_info=\u00bb{}\u00bb bar_background_color_default=\u00bb#44d606&#8243; use_percentages=\u00bbon\u00bb]Gesti\u00f3n del Dise\u00f1o[\/et_pb_counter][et_pb_counter percent=\u00bb80&#8243; _builder_version=\u00bb4.16&#8243; _module_preset=\u00bbdefault\u00bb title_text_color=\u00bb#000000&#8243; global_colors_info=\u00bb{}\u00bb bar_background_color_default=\u00bb#44d606&#8243; use_percentages=\u00bbon\u00bb]Taller de Mapa de Bits[\/et_pb_counter][et_pb_counter percent=\u00bb80&#8243; _builder_version=\u00bb4.16&#8243; _module_preset=\u00bbdefault\u00bb title_text_color=\u00bb#000000&#8243; global_colors_info=\u00bb{}\u00bb bar_background_color_default=\u00bb#44d606&#8243; use_percentages=\u00bbon\u00bb]Geometr\u00eda Descriptiva[\/et_pb_counter][et_pb_counter percent=\u00bb85&#8243; _builder_version=\u00bb4.16&#8243; _module_preset=\u00bbdefault\u00bb title_text_color=\u00bb#000000&#8243; percent_text_color=\u00bb#FFFFFF\u00bb global_colors_info=\u00bb{}\u00bb bar_background_color_default=\u00bb#44d606&#8243; use_percentages=\u00bbon\u00bb]Taller de Literatura Cientifica[\/et_pb_counter][et_pb_counter percent=\u00bb85&#8243; _builder_version=\u00bb4.16&#8243; _module_preset=\u00bbdefault\u00bb title_text_color=\u00bb#000000&#8243; global_colors_info=\u00bb{}\u00bb bar_background_color_default=\u00bb#44d606&#8243; use_percentages=\u00bbon\u00bb]Semi\u00f3tica[\/et_pb_counter][\/et_pb_counters][\/et_pb_column][\/et_pb_row][et_pb_row _builder_version=\u00bb4.16&#8243; _module_preset=\u00bbdefault\u00bb global_colors_info=\u00bb{}\u00bb][et_pb_column type=\u00bb4_4&#8243; _builder_version=\u00bb4.16&#8243; _module_preset=\u00bbdefault\u00bb global_colors_info=\u00bb{}\u00bb][et_pb_text _builder_version=\u00bb4.24.2&#8243; _module_preset=\u00bbdefault\u00bb global_colors_info=\u00bb{}\u00bb]<\/p>\n<p>&nbsp;<\/p>\n<p>&nbsp;<\/p>\n<p>En aspectos de softwares, tuve un crecimiento significativo en Ilustraitor y Photoshop, siendo de las herramientas de dise\u00f1o que mas utilizo.<\/p>\n<p>[\/et_pb_text][\/et_pb_column][\/et_pb_row][et_pb_row column_structure=\u00bb1_4,1_4,1_4,1_4&#8243; _builder_version=\u00bb4.24.0&#8243; _module_preset=\u00bbdefault\u00bb animation_style=\u00bbzoom\u00bb global_colors_info=\u00bb{}\u00bb][et_pb_column type=\u00bb1_4&#8243; _builder_version=\u00bb4.24.0&#8243; _module_preset=\u00bbdefault\u00bb global_colors_info=\u00bb{}\u00bb][et_pb_circle_counter title=\u00bbAdobe Ilustrator\u00bb number=\u00bb85&#8243; bar_bg_color=\u00bb#F3AC74&#8243; circle_color=\u00bb#E3A173&#8243; circle_color_alpha=\u00bb0.15&#8243; _builder_version=\u00bb4.24.0&#8243; _module_preset=\u00bbdefault\u00bb title_font=\u00bbAcme||||||||\u00bb number_text_color=\u00bb#f3ac74&#8243; global_colors_info=\u00bb{}\u00bb][\/et_pb_circle_counter][\/et_pb_column][et_pb_column type=\u00bb1_4&#8243; _builder_version=\u00bb4.24.0&#8243; _module_preset=\u00bbdefault\u00bb global_colors_info=\u00bb{}\u00bb][et_pb_circle_counter title=\u00bbAdobe Photoshop\u00bb number=\u00bb80&#8243; bar_bg_color=\u00bbrgba(44,113,170,0.86)\u00bb _builder_version=\u00bb4.24.0&#8243; _module_preset=\u00bbdefault\u00bb title_font=\u00bbAcme||||||||\u00bb title_text_color=\u00bbrgba(44,113,170,0.86)\u00bb number_text_color=\u00bbrgba(44,113,170,0.86)\u00bb global_colors_info=\u00bb{}\u00bb][\/et_pb_circle_counter][\/et_pb_column][et_pb_column type=\u00bb1_4&#8243; _builder_version=\u00bb4.24.0&#8243; _module_preset=\u00bbdefault\u00bb global_colors_info=\u00bb{}\u00bb][et_pb_circle_counter title=\u00bbAdobe After Effects\u00bb number=\u00bb30&#8243; bar_bg_color=\u00bbrgba(62,52,201,0.86)\u00bb circle_color=\u00bbrgba(62,52,201,0.86)\u00bb _builder_version=\u00bb4.24.0&#8243; _module_preset=\u00bbdefault\u00bb title_font=\u00bbAcme||||||||\u00bb title_text_color=\u00bbrgba(62,52,201,0.86)\u00bb number_text_color=\u00bbrgba(62,52,201,0.86)\u00bb global_colors_info=\u00bb{}\u00bb][\/et_pb_circle_counter][\/et_pb_column][et_pb_column type=\u00bb1_4&#8243; _builder_version=\u00bb4.24.0&#8243; _module_preset=\u00bbdefault\u00bb global_colors_info=\u00bb{}\u00bb][et_pb_circle_counter title=\u00bbAdobe Premiere Pro\u00bb number=\u00bb30&#8243; bar_bg_color=\u00bbrgba(116,50,209,0.86)\u00bb _builder_version=\u00bb4.24.0&#8243; _module_preset=\u00bbdefault\u00bb title_font=\u00bbAcme||||||||\u00bb title_text_color=\u00bbrgba(116,50,209,0.86)\u00bb number_font=\u00bbAcme||||||||\u00bb number_text_color=\u00bbrgba(116,50,209,0.86)\u00bb global_colors_info=\u00bb{}\u00bb][\/et_pb_circle_counter][\/et_pb_column][\/et_pb_row][et_pb_row _builder_version=\u00bb4.24.2&#8243; _module_preset=\u00bbdefault\u00bb column_structure=\u00bb1_3,1_3,1_3&#8243;][et_pb_column _builder_version=\u00bb4.24.2&#8243; _module_preset=\u00bbdefault\u00bb type=\u00bb1_3&#8243;][et_pb_counters _builder_version=\u00bb4.24.2&#8243; _module_preset=\u00bbdefault\u00bb hover_enabled=\u00bb0&#8243; sticky_enabled=\u00bb0&#8243;][et_pb_counter percent=\u00bb65&#8243; _builder_version=\u00bb4.24.2&#8243; _module_preset=\u00bbdefault\u00bb bar_background_color_default=\u00bbrgba(165,116,43,0.86)\u00bb use_percentages=\u00bbon\u00bb hover_enabled=\u00bb0&#8243; sticky_enabled=\u00bb0&#8243;]<\/p>\n<p>Gesti\u00f3n de Tiempo<\/p>\n<p>[\/et_pb_counter][\/et_pb_counters][\/et_pb_column][et_pb_column _builder_version=\u00bb4.24.2&#8243; _module_preset=\u00bbdefault\u00bb type=\u00bb1_3&#8243;][et_pb_counters _builder_version=\u00bb4.24.2&#8243; _module_preset=\u00bbdefault\u00bb hover_enabled=\u00bb0&#8243; sticky_enabled=\u00bb0&#8243;][et_pb_counter percent=\u00bb70&#8243; _builder_version=\u00bb4.24.2&#8243; _module_preset=\u00bbdefault\u00bb bar_background_color_default=\u00bbrgba(165,116,43,0.86)\u00bb use_percentages=\u00bbon\u00bb hover_enabled=\u00bb0&#8243; sticky_enabled=\u00bb0&#8243;]<\/p>\n<p>Trabajo en equipo<\/p>\n<p>[\/et_pb_counter][\/et_pb_counters][\/et_pb_column][et_pb_column _builder_version=\u00bb4.24.2&#8243; _module_preset=\u00bbdefault\u00bb type=\u00bb1_3&#8243;][et_pb_counters _builder_version=\u00bb4.24.2&#8243; _module_preset=\u00bbdefault\u00bb hover_enabled=\u00bb0&#8243; sticky_enabled=\u00bb0&#8243;][et_pb_counter percent=\u00bb70&#8243; _builder_version=\u00bb4.24.2&#8243; _module_preset=\u00bbdefault\u00bb bar_background_color_default=\u00bbrgba(165,116,43,0.86)\u00bb use_percentages=\u00bbon\u00bb hover_enabled=\u00bb0&#8243; sticky_enabled=\u00bb0&#8243;]<\/p>\n<p>Crecimiento Personal<\/p>\n<p>[\/et_pb_counter][\/et_pb_counters][\/et_pb_column][\/et_pb_row][et_pb_row _builder_version=\u00bb4.24.2&#8243; _module_preset=\u00bbdefault\u00bb][et_pb_column _builder_version=\u00bb4.24.2&#8243; _module_preset=\u00bbdefault\u00bb type=\u00bb4_4&#8243;][et_pb_text _builder_version=\u00bb4.24.2&#8243; _module_preset=\u00bbdefault\u00bb hover_enabled=\u00bb0&#8243; sticky_enabled=\u00bb0&#8243;]<\/p>\n<p>En lo personal, creo que estos tres ultimos son a los que deberia poner mas atenci\u00f3n. Ya que son un poco m\u00e1s personales.<\/p>\n<p>[\/et_pb_text][\/et_pb_column][\/et_pb_row][\/et_pb_section]<\/p>\n","protected":false},"excerpt":{"rendered":"<p>Durante el primer a\u00f1o fue , note varias de mis fortalezas y debilidades, y se que tengo que mejorar muchas cosas, aprender a trabajar y estudiar es dif\u00edcil, y siempre es importante para mi tener que administrar mi tiempo, y hacer las cosas bien. Fue dif\u00edcil, tambi\u00e9n dada a las circunstancias, no cre\u00ed terminar mi [&hellip;]<\/p>\n","protected":false},"author":28,"featured_media":0,"parent":0,"menu_order":6,"comment_status":"closed","ping_status":"closed","template":"","meta":{"_et_pb_use_builder":"on","_et_pb_old_content":"<!-- wp:divi\/placeholder \/-->","_et_gb_content_width":"","inline_featured_image":false,"footnotes":""},"_links":{"self":[{"href":"https:\/\/dcv.artcom.mx\/pda\/1190144\/wp-json\/wp\/v2\/pages\/15"}],"collection":[{"href":"https:\/\/dcv.artcom.mx\/pda\/1190144\/wp-json\/wp\/v2\/pages"}],"about":[{"href":"https:\/\/dcv.artcom.mx\/pda\/1190144\/wp-json\/wp\/v2\/types\/page"}],"author":[{"embeddable":true,"href":"https:\/\/dcv.artcom.mx\/pda\/1190144\/wp-json\/wp\/v2\/users\/28"}],"replies":[{"embeddable":true,"href":"https:\/\/dcv.artcom.mx\/pda\/1190144\/wp-json\/wp\/v2\/comments?post=15"}],"version-history":[{"count":8,"href":"https:\/\/dcv.artcom.mx\/pda\/1190144\/wp-json\/wp\/v2\/pages\/15\/revisions"}],"predecessor-version":[{"id":1095,"href":"https:\/\/dcv.artcom.mx\/pda\/1190144\/wp-json\/wp\/v2\/pages\/15\/revisions\/1095"}],"wp:attachment":[{"href":"https:\/\/dcv.artcom.mx\/pda\/1190144\/wp-json\/wp\/v2\/media?parent=15"}],"curies":[{"name":"wp","href":"https:\/\/api.w.org\/{rel}","templated":true}]}}