{"id":67,"date":"2020-03-03T18:04:14","date_gmt":"2020-03-04T00:04:14","guid":{"rendered":"http:\/\/pdadcv.artcom.mx\/portafolio-demo\/?page_id=67"},"modified":"2023-07-18T15:24:46","modified_gmt":"2023-07-18T15:24:46","slug":"diarios-metacognitivos","status":"publish","type":"page","link":"https:\/\/dcv.artcom.mx\/pda\/1190013\/diarios-metacognitivos\/","title":{"rendered":"Hope Channel\/UMTv"},"content":{"rendered":"<p>[et_pb_section fb_built=\u00bb1&#8243; _builder_version=\u00bb4.20.4&#8243; _module_preset=\u00bbdefault\u00bb global_colors_info=\u00bb{}\u00bb][et_pb_row column_structure=\u00bb1_2,1_2&#8243; _builder_version=\u00bb4.20.4&#8243; _module_preset=\u00bbdefault\u00bb global_colors_info=\u00bb{}\u00bb][et_pb_column type=\u00bb1_2&#8243; _builder_version=\u00bb4.20.4&#8243; _module_preset=\u00bbdefault\u00bb global_colors_info=\u00bb{}\u00bb][et_pb_image src=\u00bbhttp:\/\/dcv.artcom.mx\/pda\/1190013\/wp-content\/uploads\/sites\/18\/2023\/07\/Semana-de-Oracion.jpg\u00bb title_text=\u00bbSemana de Oraci\u00f3n\u00bb _builder_version=\u00bb4.20.4&#8243; _module_preset=\u00bbdefault\u00bb global_colors_info=\u00bb{}\u00bb][\/et_pb_image][\/et_pb_column][et_pb_column type=\u00bb1_2&#8243; _builder_version=\u00bb4.20.4&#8243; _module_preset=\u00bbdefault\u00bb global_colors_info=\u00bb{}\u00bb][et_pb_text _builder_version=\u00bb4.20.4&#8243; _module_preset=\u00bbdefault\u00bb global_colors_info=\u00bb{}\u00bb]<\/p>\n<p><strong>Semanas de Oraci\u00f3n<\/strong><\/p>\n<p>En cada semestre, la Universidad de Montemorelos organiza una semana de oraci\u00f3n especial, en la cual se invita a pastores destacados para impartir mensajes inspiradores dirigidos a los j\u00f3venes estudiantes. Estos cultos se llevan a cabo desde el viernes hasta el s\u00e1bado siguiente, con una sesi\u00f3n matutina y otra nocturna.<\/p>\n<p>Ha sido un privilegio indescriptible tener la maravillosa oportunidad de brindar mi apoyo durante las transmisiones de estas significativas semanas de oraci\u00f3n.\u00a0Desde el control t\u00e9cnico hasta la producci\u00f3n audiovisual, he colaborado con entusiasmo en cada etapa del proceso.<\/p>\n<p>Cada momento compartido en la preparaci\u00f3n y desarrollo de estas semanas de oraci\u00f3n ha fortalecido mi convicci\u00f3n de que los medios de comunicaci\u00f3n desempe\u00f1an un papel fundamental en la difusi\u00f3n del evangelio en nuestra generaci\u00f3n.\u00a0<\/p>\n<p>[\/et_pb_text][\/et_pb_column][\/et_pb_row][et_pb_row column_structure=\u00bb1_2,1_2&#8243; _builder_version=\u00bb4.20.4&#8243; _module_preset=\u00bbdefault\u00bb global_colors_info=\u00bb{}\u00bb][et_pb_column type=\u00bb1_2&#8243; _builder_version=\u00bb4.20.4&#8243; _module_preset=\u00bbdefault\u00bb global_colors_info=\u00bb{}\u00bb][et_pb_image src=\u00bbhttp:\/\/dcv.artcom.mx\/pda\/1190013\/wp-content\/uploads\/sites\/18\/2023\/07\/encendida-de-arbol.jpg\u00bb title_text=\u00bbencendida de arbol\u00bb _builder_version=\u00bb4.20.4&#8243; _module_preset=\u00bbdefault\u00bb global_colors_info=\u00bb{}\u00bb][\/et_pb_image][\/et_pb_column][et_pb_column type=\u00bb1_2&#8243; _builder_version=\u00bb4.20.4&#8243; _module_preset=\u00bbdefault\u00bb global_colors_info=\u00bb{}\u00bb][et_pb_text _builder_version=\u00bb4.20.4&#8243; _module_preset=\u00bbdefault\u00bb global_colors_info=\u00bb{}\u00bb]<\/p>\n<p><strong>Encendida del \u00e1rbol navide\u00f1o<\/strong><\/p>\n<p>En diciembre del 2022 tuve mi primer encuentro con una transmisi\u00f3n en vivo fuera de las trasnmisiones de la iglesia. Este evento fue la esperada encendida del \u00e1rbol navide\u00f1o, evento que se realiza a finales de cada a\u00f1o.<\/p>\n<p>Durante esa ocasi\u00f3n especial, tuve el honor de contribuir en diversas tareas log\u00edsticas. Desde el transporte de herramientas hasta la colocaci\u00f3n de c\u00e1maras, cables de audio y video. Adem\u00e1s, asum\u00ed la responsabilidad de operar una de las c\u00e1maras, capturando los momentos m\u00e1gicos que envolv\u00edan la atm\u00f3sfera navide\u00f1a.<\/p>\n<p>Esta experiencia me brind\u00f3 una invaluable oportunidad para participar activamente en un evento emblem\u00e1tico de la universidad, siendo testigo de la meticulosa planificaci\u00f3n y ejecuci\u00f3n que se requer\u00eda para crear una transmisi\u00f3n en vivo.<\/p>\n<p>[\/et_pb_text][\/et_pb_column][\/et_pb_row][et_pb_row column_structure=\u00bb1_2,1_2&#8243; _builder_version=\u00bb4.20.4&#8243; _module_preset=\u00bbdefault\u00bb global_colors_info=\u00bb{}\u00bb][et_pb_column type=\u00bb1_2&#8243; _builder_version=\u00bb4.20.4&#8243; _module_preset=\u00bbdefault\u00bb global_colors_info=\u00bb{}\u00bb][et_pb_image src=\u00bbhttp:\/\/dcv.artcom.mx\/pda\/1190013\/wp-content\/uploads\/sites\/18\/2023\/07\/Transmisiones-Iglesia.jpg\u00bb title_text=\u00bbTransmisiones Iglesia\u00bb _builder_version=\u00bb4.20.4&#8243; _module_preset=\u00bbdefault\u00bb global_colors_info=\u00bb{}\u00bb][\/et_pb_image][\/et_pb_column][et_pb_column type=\u00bb1_2&#8243; _builder_version=\u00bb4.20.4&#8243; _module_preset=\u00bbdefault\u00bb global_colors_info=\u00bb{}\u00bb][et_pb_text _builder_version=\u00bb4.20.4&#8243; _module_preset=\u00bbdefault\u00bb global_colors_info=\u00bb{}\u00bb custom_margin=\u00bb||10px|||\u00bb]<\/p>\n<p><strong>Transmisiones de la Iglesia Adventista de Montemorelos<\/strong><\/p>\n<p><span>He tenido la oportunidad de formar parte de las transmisiones regulares de la Iglesia Adventista Universitaria, tanto detr\u00e1s de las c\u00e1maras como desde el cuarto de control en el \u00e1rea de gr\u00e1ficos.<\/span><\/p>\n<p><span> Capturar momentos sagrados y especiales de los cultos a trav\u00e9s de im\u00e1genes significativas ha sido una experiencia emocionante. Adem\u00e1s, colaborar con un equipo dedicado me ha permitido asegurarme de capturar cada detalle con precisi\u00f3n y excelencia. <\/span><\/p>\n<p><span>Estas oportunidades me han brindado crecimiento personal y profesional, profundizando mi comprensi\u00f3n de la producci\u00f3n audiovisual en un contexto religioso. He aprendido a trabajar en equipo, ser flexible y adaptarme a los desaf\u00edos y cambios de \u00faltimo momento durante las transmisiones en vivo.<\/span><\/p>\n<p>[\/et_pb_text][et_pb_button button_text=\u00bbVer M\u00e1s\u00bb _builder_version=\u00bb4.20.4&#8243; _module_preset=\u00bbdefault\u00bb custom_margin=\u00bb6px|||||\u00bb hover_enabled=\u00bb0&#8243; global_colors_info=\u00bb{}\u00bb button_url=\u00bbhttps:\/\/www.youtube.com\/@cultosenvivo\/playlists\u00bb custom_button=\u00bbon\u00bb button_text_color=\u00bb#F2A71D\u00bb sticky_enabled=\u00bb0&#8243;][\/et_pb_button][\/et_pb_column][\/et_pb_row][et_pb_row column_structure=\u00bb1_2,1_2&#8243; _builder_version=\u00bb4.20.4&#8243; _module_preset=\u00bbdefault\u00bb global_colors_info=\u00bb{}\u00bb][et_pb_column type=\u00bb1_2&#8243; _builder_version=\u00bb4.20.4&#8243; _module_preset=\u00bbdefault\u00bb global_colors_info=\u00bb{}\u00bb][et_pb_image src=\u00bbhttp:\/\/dcv.artcom.mx\/pda\/1190013\/wp-content\/uploads\/sites\/18\/2023\/07\/Vive-Bien.jpg\u00bb title_text=\u00bbVive Bien\u00bb _builder_version=\u00bb4.20.4&#8243; _module_preset=\u00bbdefault\u00bb global_colors_info=\u00bb{}\u00bb][\/et_pb_image][\/et_pb_column][et_pb_column type=\u00bb1_2&#8243; _builder_version=\u00bb4.20.4&#8243; _module_preset=\u00bbdefault\u00bb global_colors_info=\u00bb{}\u00bb][et_pb_text _builder_version=\u00bb4.20.4&#8243; _module_preset=\u00bbdefault\u00bb global_colors_info=\u00bb{}\u00bb custom_margin=\u00bb||13px|||\u00bb]<\/p>\n<p><strong>Saber Vivir Hope Channel<\/strong><\/p>\n<p>Durante mi segundo encuentro con un programa de Hope Channel, tuve el privilegio de colaborar en la producci\u00f3n del programa \u00abSaber Vivir\u00bb.\u00a0<\/p>\n<p>Desde el inicio particip\u00e9 activamente en la construcci\u00f3n del set, y durante las grabaciones me encargu\u00e9 de coordinar el timer, asegur\u00e1ndome de que cada segmento se ajustara adecuadamente al tiempo asignado, manteniendo un flujo constante y preciso en el programa.<\/p>\n<p>Participar en la realizaci\u00f3n de \u00abSaber Vivir\u00bb fue una experiencia enriquecedora que me permiti\u00f3 adquirir conocimientos valiosos en el \u00e1mbito de la producci\u00f3n televisiva. Aprend\u00ed sobre la importancia de la planificaci\u00f3n detallada, la coordinaci\u00f3n eficiente y la creatividad para lograr un resultado final impactante.<\/p>\n<p>[\/et_pb_text][et_pb_button button_text=\u00bbVer M\u00e1s\u00bb _builder_version=\u00bb4.20.4&#8243; _module_preset=\u00bbdefault\u00bb button_url=\u00bbhttps:\/\/hopechannelinteramerica.org\/series\/vive-bien\u00bb custom_button=\u00bbon\u00bb button_text_color=\u00bb#F2A71D\u00bb hover_enabled=\u00bb0&#8243; sticky_enabled=\u00bb0&#8243;][\/et_pb_button][\/et_pb_column][\/et_pb_row][et_pb_row column_structure=\u00bb1_2,1_2&#8243; _builder_version=\u00bb4.20.4&#8243; _module_preset=\u00bbdefault\u00bb global_colors_info=\u00bb{}\u00bb][et_pb_column type=\u00bb1_2&#8243; _builder_version=\u00bb4.20.4&#8243; _module_preset=\u00bbdefault\u00bb global_colors_info=\u00bb{}\u00bb][et_pb_image src=\u00bbhttp:\/\/dcv.artcom.mx\/pda\/1190013\/wp-content\/uploads\/sites\/18\/2023\/07\/IMG-20230517-WA0087.jpg\u00bb title_text=\u00bbIMG-20230517-WA0087&#8243; _builder_version=\u00bb4.20.4&#8243; _module_preset=\u00bbdefault\u00bb global_colors_info=\u00bb{}\u00bb][\/et_pb_image][\/et_pb_column][et_pb_column type=\u00bb1_2&#8243; _builder_version=\u00bb4.20.4&#8243; _module_preset=\u00bbdefault\u00bb global_colors_info=\u00bb{}\u00bb][et_pb_text _builder_version=\u00bb4.20.4&#8243; _module_preset=\u00bbdefault\u00bb global_colors_info=\u00bb{}\u00bb custom_margin=\u00bb||18px|||\u00bb]<\/p>\n<p><strong>Escuela Sab\u00e1tica Universitaria<\/strong><\/p>\n<p>UMTv es responsable de grabar los estudios de la Escuela Sab\u00e1tica, y he tenido la fortuna de desempe\u00f1ar un papel importante en estas grabaciones. En ocasiones, me he encargado del control del tiempo durante las sesiones, asegur\u00e1ndome de que cada segmento se ajuste al horario establecido. Adem\u00e1s, en otras ocasiones, he trabajado detr\u00e1s de las c\u00e1maras, capturando momentos valiosos desde \u00e1ngulos estrat\u00e9gicos.<\/p>\n<p>Adem\u00e1s de participar en las grabaciones de la Escuela Sab\u00e1tica, tambi\u00e9n he tenido la incre\u00edble oportunidad de ser invitada al programa de la Escuela Sab\u00e1tica Universitaria. Esta experiencia me ha permitido compartir mis conocimientos y perspectivas con la audiencia.<\/p>\n<p>Participar en UMTv y en el programa de la Escuela Sab\u00e1tica Universitaria ha sido una experiencia gratificante.<\/p>\n<p>[\/et_pb_text][et_pb_button button_text=\u00bbVer M\u00e1s\u00bb _builder_version=\u00bb4.20.4&#8243; _module_preset=\u00bbdefault\u00bb button_url=\u00bbhttps:\/\/www.youtube.com\/playlist?list=PLnEWn_yzEqTvxZB-2PxQqorbdJpka7ABr\u00bb custom_button=\u00bbon\u00bb button_text_color=\u00bb#F2A71D\u00bb hover_enabled=\u00bb0&#8243; sticky_enabled=\u00bb0&#8243;][\/et_pb_button][\/et_pb_column][\/et_pb_row][\/et_pb_section]<\/p>\n","protected":false},"excerpt":{"rendered":"<p>Semanas de Oraci\u00f3n En cada semestre, la Universidad de Montemorelos organiza una semana de oraci\u00f3n especial, en la cual se invita a pastores destacados para impartir mensajes inspiradores dirigidos a los j\u00f3venes estudiantes. Estos cultos se llevan a cabo desde el viernes hasta el s\u00e1bado siguiente, con una sesi\u00f3n matutina y otra nocturna. Ha sido [&hellip;]<\/p>\n","protected":false},"author":22,"featured_media":0,"parent":0,"menu_order":2,"comment_status":"closed","ping_status":"closed","template":"","meta":{"_et_pb_use_builder":"on","_et_pb_old_content":"<!-- wp:divi\/placeholder \/-->","_et_gb_content_width":"","inline_featured_image":false,"footnotes":""},"_links":{"self":[{"href":"https:\/\/dcv.artcom.mx\/pda\/1190013\/wp-json\/wp\/v2\/pages\/67"}],"collection":[{"href":"https:\/\/dcv.artcom.mx\/pda\/1190013\/wp-json\/wp\/v2\/pages"}],"about":[{"href":"https:\/\/dcv.artcom.mx\/pda\/1190013\/wp-json\/wp\/v2\/types\/page"}],"author":[{"embeddable":true,"href":"https:\/\/dcv.artcom.mx\/pda\/1190013\/wp-json\/wp\/v2\/users\/22"}],"replies":[{"embeddable":true,"href":"https:\/\/dcv.artcom.mx\/pda\/1190013\/wp-json\/wp\/v2\/comments?post=67"}],"version-history":[{"count":17,"href":"https:\/\/dcv.artcom.mx\/pda\/1190013\/wp-json\/wp\/v2\/pages\/67\/revisions"}],"predecessor-version":[{"id":685,"href":"https:\/\/dcv.artcom.mx\/pda\/1190013\/wp-json\/wp\/v2\/pages\/67\/revisions\/685"}],"wp:attachment":[{"href":"https:\/\/dcv.artcom.mx\/pda\/1190013\/wp-json\/wp\/v2\/media?parent=67"}],"curies":[{"name":"wp","href":"https:\/\/api.w.org\/{rel}","templated":true}]}}