{"id":63,"date":"2020-03-03T17:43:09","date_gmt":"2020-03-03T23:43:09","guid":{"rendered":"http:\/\/pdadcv.artcom.mx\/portafolio-demo\/?page_id=63"},"modified":"2023-07-18T15:51:11","modified_gmt":"2023-07-18T15:51:11","slug":"actividades-eclesiasticas-y-espirituales","status":"publish","type":"page","link":"https:\/\/dcv.artcom.mx\/pda\/1190013\/actividades-eclesiasticas-y-espirituales\/","title":{"rendered":"Certificados\/Cursos"},"content":{"rendered":"<p>[et_pb_section fb_built=\u00bb1&#8243; _builder_version=\u00bb4.20.4&#8243; _module_preset=\u00bbdefault\u00bb global_colors_info=\u00bb{}\u00bb][et_pb_row column_structure=\u00bb1_2,1_2&#8243; _builder_version=\u00bb4.20.4&#8243; _module_preset=\u00bbdefault\u00bb global_colors_info=\u00bb{}\u00bb][et_pb_column type=\u00bb1_2&#8243; _builder_version=\u00bb4.20.4&#8243; _module_preset=\u00bbdefault\u00bb global_colors_info=\u00bb{}\u00bb][et_pb_image src=\u00bbhttp:\/\/dcv.artcom.mx\/pda\/1190013\/wp-content\/uploads\/sites\/18\/2023\/07\/PSEA_2017-Espanol_Certificado-del-curso-Prevencion-de-la-explotacion-y-el-abuso-sexuales-1-pdf.jpg\u00bb title_text=\u00bbPSEA_2017 (Espa\u00f1ol)_Certificado del curso &#8211; Prevenci\u00f3n de la explotaci\u00f3n y el abuso sexuales (1)\u00bb _builder_version=\u00bb4.20.4&#8243; _module_preset=\u00bbdefault\u00bb global_colors_info=\u00bb{}\u00bb][\/et_pb_image][et_pb_text _builder_version=\u00bb4.20.4&#8243; _module_preset=\u00bbdefault\u00bb global_colors_info=\u00bb{}\u00bb]<\/p>\n<h4>PSEA UNICEF<\/h4>\n<p style=\"text-align: justify\"><span>Este curso de aprendizaje electr\u00f3nico se compone de un conjunto de lecciones dise\u00f1adas para aumentar la concienciaci\u00f3n sobre la explotaci\u00f3n y el abuso sexuales, familiarizarse con una serie de medidas para combatir la explotaci\u00f3n y el abuso sexuales, comprender cu\u00e1l es el impacto de la explotaci\u00f3n y el abuso sexuales en las v\u00edctimas y las consecuencias para el personal de la ONU que comete actos de explotaci\u00f3n y abuso sexuales.<\/span><\/p>\n<p>[\/et_pb_text][\/et_pb_column][et_pb_column type=\u00bb1_2&#8243; _builder_version=\u00bb4.20.4&#8243; _module_preset=\u00bbdefault\u00bb global_colors_info=\u00bb{}\u00bb][et_pb_image src=\u00bbhttp:\/\/dcv.artcom.mx\/pda\/1190013\/wp-content\/uploads\/sites\/18\/2023\/07\/Certificate-pdf.jpg\u00bb title_text=\u00bbCertificate\u00bb _builder_version=\u00bb4.20.4&#8243; _module_preset=\u00bbdefault\u00bb global_colors_info=\u00bb{}\u00bb][\/et_pb_image][et_pb_text _builder_version=\u00bb4.20.4&#8243; _module_preset=\u00bbdefault\u00bb global_colors_info=\u00bb{}\u00bb]<\/p>\n<h4 style=\"text-align: justify\"><span>BSAFE UNDSS<\/span><\/h4>\n<p style=\"text-align: justify\"><span>El curso BSAFE contiene informaci\u00f3n de seguridad vital para el personal, los familiares y otras personas cubiertas por el Sistema de Gesti\u00f3n de Seguridad de la ONU (UNSMS).<\/span><\/p>\n<p>[\/et_pb_text][\/et_pb_column][\/et_pb_row][et_pb_row column_structure=\u00bb1_2,1_2&#8243; _builder_version=\u00bb4.20.4&#8243; _module_preset=\u00bbdefault\u00bb global_colors_info=\u00bb{}\u00bb][et_pb_column type=\u00bb1_2&#8243; _builder_version=\u00bb4.20.4&#8243; _module_preset=\u00bbdefault\u00bb global_colors_info=\u00bb{}\u00bb][et_pb_image src=\u00bbhttp:\/\/dcv.artcom.mx\/pda\/1190013\/wp-content\/uploads\/sites\/18\/2023\/07\/certificate-1-1-pdf.jpg\u00bb title_text=\u00bbcertificate (1)\u00bb _builder_version=\u00bb4.20.4&#8243; _module_preset=\u00bbdefault\u00bb global_colors_info=\u00bb{}\u00bb][\/et_pb_image][et_pb_text _builder_version=\u00bb4.20.4&#8243; _module_preset=\u00bbdefault\u00bb global_colors_info=\u00bb{}\u00bb]<\/p>\n<h4 style=\"text-align: left\">Curso de Entrenamiento de Voluntarios en Emergencias<\/h4>\n<p style=\"text-align: justify\">Esta capacitaci\u00f3n se centra en el voluntariado en ADRA en contextos de respuestas a emergencias humanitarias. Este es el primer curso, que corresponde al nivel b\u00e1sico de capacitaci\u00f3n para ser un voluntario de ADRA en situaciones de emergencias y desastres.<\/p>\n<p>[\/et_pb_text][\/et_pb_column][et_pb_column type=\u00bb1_2&#8243; _builder_version=\u00bb4.20.4&#8243; _module_preset=\u00bbdefault\u00bb global_colors_info=\u00bb{}\u00bb][et_pb_image src=\u00bbhttp:\/\/dcv.artcom.mx\/pda\/1190013\/wp-content\/uploads\/sites\/18\/2023\/07\/Ruth-Maldonado-pdf.jpg\u00bb title_text=\u00bbRuth Maldonado\u00bb _builder_version=\u00bb4.20.4&#8243; _module_preset=\u00bbdefault\u00bb global_colors_info=\u00bb{}\u00bb][\/et_pb_image][et_pb_text _builder_version=\u00bb4.20.4&#8243; _module_preset=\u00bbdefault\u00bb global_colors_info=\u00bb{}\u00bb]<\/p>\n<h4>Certificado de Misionera<\/h4>\n<p style=\"text-align: justify\">Este curso se llev\u00f3 a cabo en las fechas del 18 al 23 de marzo del a\u00f1o 2023. En dicho curso se obtuvo conocimientos de las diferentes culturas, de c\u00f3mo poder acoplarse a ellas respetandolas y sobre c\u00f3mo poder ser un misionero en diferentes pa\u00edses.<\/p>\n<p>[\/et_pb_text][\/et_pb_column][\/et_pb_row][\/et_pb_section]<\/p>\n","protected":false},"excerpt":{"rendered":"<p>PSEA UNICEF Este curso de aprendizaje electr\u00f3nico se compone de un conjunto de lecciones dise\u00f1adas para aumentar la concienciaci\u00f3n sobre la explotaci\u00f3n y el abuso sexuales, familiarizarse con una serie de medidas para combatir la explotaci\u00f3n y el abuso sexuales, comprender cu\u00e1l es el impacto de la explotaci\u00f3n y el abuso sexuales en las v\u00edctimas [&hellip;]<\/p>\n","protected":false},"author":22,"featured_media":0,"parent":0,"menu_order":5,"comment_status":"closed","ping_status":"closed","template":"","meta":{"_et_pb_use_builder":"on","_et_pb_old_content":"<!-- wp:divi\/placeholder \/-->","_et_gb_content_width":"","inline_featured_image":false,"footnotes":""},"_links":{"self":[{"href":"https:\/\/dcv.artcom.mx\/pda\/1190013\/wp-json\/wp\/v2\/pages\/63"}],"collection":[{"href":"https:\/\/dcv.artcom.mx\/pda\/1190013\/wp-json\/wp\/v2\/pages"}],"about":[{"href":"https:\/\/dcv.artcom.mx\/pda\/1190013\/wp-json\/wp\/v2\/types\/page"}],"author":[{"embeddable":true,"href":"https:\/\/dcv.artcom.mx\/pda\/1190013\/wp-json\/wp\/v2\/users\/22"}],"replies":[{"embeddable":true,"href":"https:\/\/dcv.artcom.mx\/pda\/1190013\/wp-json\/wp\/v2\/comments?post=63"}],"version-history":[{"count":14,"href":"https:\/\/dcv.artcom.mx\/pda\/1190013\/wp-json\/wp\/v2\/pages\/63\/revisions"}],"predecessor-version":[{"id":692,"href":"https:\/\/dcv.artcom.mx\/pda\/1190013\/wp-json\/wp\/v2\/pages\/63\/revisions\/692"}],"wp:attachment":[{"href":"https:\/\/dcv.artcom.mx\/pda\/1190013\/wp-json\/wp\/v2\/media?parent=63"}],"curies":[{"name":"wp","href":"https:\/\/api.w.org\/{rel}","templated":true}]}}