{"id":626,"date":"2023-07-18T16:07:23","date_gmt":"2023-07-18T16:07:23","guid":{"rendered":"https:\/\/dcv.artcom.mx\/pda\/1190013\/?page_id=626"},"modified":"2023-07-18T16:07:24","modified_gmt":"2023-07-18T16:07:24","slug":"mundo-universitario-y-ja","status":"publish","type":"page","link":"https:\/\/dcv.artcom.mx\/pda\/1190013\/mundo-universitario-y-ja\/","title":{"rendered":"Mundo Universitario y JA"},"content":{"rendered":"\n[et_pb_section fb_built=\u00bb1&#8243; theme_builder_area=\u00bbpost_content\u00bb _builder_version=\u00bb4.20.4&#8243; _module_preset=\u00bbdefault\u00bb][et_pb_row _builder_version=\u00bb4.20.4&#8243; _module_preset=\u00bbdefault\u00bb column_structure=\u00bb1_3,1_3,1_3&#8243; theme_builder_area=\u00bbpost_content\u00bb][et_pb_column _builder_version=\u00bb4.20.4&#8243; _module_preset=\u00bbdefault\u00bb type=\u00bb1_3&#8243; theme_builder_area=\u00bbpost_content\u00bb][et_pb_image src=\u00bbhttp:\/\/dcv.artcom.mx\/pda\/1190013\/wp-content\/uploads\/sites\/18\/2023\/07\/1-1.png\u00bb _builder_version=\u00bb4.20.4&#8243; _module_preset=\u00bbdefault\u00bb theme_builder_area=\u00bbpost_content\u00bb title_text=\u00bb1&#8243; hover_enabled=\u00bb0&#8243; sticky_enabled=\u00bb0&#8243;][\/et_pb_image][et_pb_text _builder_version=\u00bb4.20.4&#8243; _module_preset=\u00bbdefault\u00bb theme_builder_area=\u00bbpost_content\u00bb hover_enabled=\u00bb0&#8243; sticky_enabled=\u00bb0&#8243;]<h4>L\u00edder Juvenil<\/h4>\n<p style=\"text-align: justify\">En mayo de 2021 pude concluir con todos los requisitos para poder investirme de L\u00edder Juvenil en el Club de Doulos.<br \/>Durante mi a\u00f1o de preparaci\u00f3n aprend\u00ed soobre el liderazgo de j\u00f3venes, los cuidados y la organizaci\u00f3n de eventos y salidas.<\/p>[\/et_pb_text][\/et_pb_column][et_pb_column _builder_version=\u00bb4.20.4&#8243; _module_preset=\u00bbdefault\u00bb type=\u00bb1_3&#8243; theme_builder_area=\u00bbpost_content\u00bb][et_pb_image src=\u00bbhttp:\/\/dcv.artcom.mx\/pda\/1190013\/wp-content\/uploads\/sites\/18\/2023\/07\/3-1.png\u00bb _builder_version=\u00bb4.20.4&#8243; _module_preset=\u00bbdefault\u00bb theme_builder_area=\u00bbpost_content\u00bb title_text=\u00bb3&#8243; hover_enabled=\u00bb0&#8243; sticky_enabled=\u00bb0&#8243;][\/et_pb_image][et_pb_text _builder_version=\u00bb4.20.4&#8243; _module_preset=\u00bbdefault\u00bb theme_builder_area=\u00bbpost_content\u00bb hover_enabled=\u00bb0&#8243; sticky_enabled=\u00bb0&#8243;]<h4>Gu\u00eda Mayor<\/h4>\n<p style=\"text-align: justify\">En mayo de 2022 Dios me di\u00f3 la oportunidad de finalizar con mi clase de Gu\u00eda Mayor como integrante del Club de Doulos.<br \/>Pude seguir con mi aprendizaje en nudos y amarres, adem\u00e1s de primeros auxilios y marchas.<\/p>[\/et_pb_text][\/et_pb_column][et_pb_column _builder_version=\u00bb4.20.4&#8243; _module_preset=\u00bbdefault\u00bb type=\u00bb1_3&#8243; theme_builder_area=\u00bbpost_content\u00bb][et_pb_image src=\u00bbhttp:\/\/dcv.artcom.mx\/pda\/1190013\/wp-content\/uploads\/sites\/18\/2023\/07\/2-1.png\u00bb _builder_version=\u00bb4.20.4&#8243; _module_preset=\u00bbdefault\u00bb theme_builder_area=\u00bbpost_content\u00bb title_text=\u00bb2&#8243; hover_enabled=\u00bb0&#8243; sticky_enabled=\u00bb0&#8243;][\/et_pb_image][et_pb_text _builder_version=\u00bb4.20.4&#8243; _module_preset=\u00bbdefault\u00bb theme_builder_area=\u00bbpost_content\u00bb hover_enabled=\u00bb0&#8243; sticky_enabled=\u00bb0&#8243;]<h4>CRAH<\/h4>\n<p style=\"text-align: justify\">Para esta investidura de mayo 2023 pude pasar a investirme del Cuerpo de Rescate Adventista Humanitario de parte del Club de Doulos.<br \/>Pude sacar un certificado como primer correspondiente en primeros auxilios.<\/p>[\/et_pb_text][\/et_pb_column][\/et_pb_row][et_pb_row _builder_version=\u00bb4.20.4&#8243; _module_preset=\u00bbdefault\u00bb column_structure=\u00bb1_3,1_3,1_3&#8243; theme_builder_area=\u00bbpost_content\u00bb][et_pb_column _builder_version=\u00bb4.20.4&#8243; _module_preset=\u00bbdefault\u00bb type=\u00bb1_3&#8243; theme_builder_area=\u00bbpost_content\u00bb][et_pb_image src=\u00bbhttp:\/\/dcv.artcom.mx\/pda\/1190013\/wp-content\/uploads\/sites\/18\/2023\/07\/1-2.png\u00bb _builder_version=\u00bb4.20.4&#8243; _module_preset=\u00bbdefault\u00bb theme_builder_area=\u00bbpost_content\u00bb title_text=\u00bb1&#8243; hover_enabled=\u00bb0&#8243; sticky_enabled=\u00bb0&#8243;][\/et_pb_image][et_pb_text _builder_version=\u00bb4.20.4&#8243; _module_preset=\u00bbdefault\u00bb theme_builder_area=\u00bbpost_content\u00bb hover_enabled=\u00bb0&#8243; sticky_enabled=\u00bb0&#8243;]<h3>Directiva Club Doulos<\/h3>\n<p>Durante los 4 a\u00f1os de mi carrera universitaria Dios me concedi\u00f3 el privilegio de formar parte de la directiva del club m\u00e1s grande de Latinoam\u00e9rica, el Club Doulos con el cargo de Directora de Media.<\/p>[\/et_pb_text][\/et_pb_column][et_pb_column _builder_version=\u00bb4.20.4&#8243; _module_preset=\u00bbdefault\u00bb type=\u00bb1_3&#8243; theme_builder_area=\u00bbpost_content\u00bb][et_pb_image src=\u00bbhttp:\/\/dcv.artcom.mx\/pda\/1190013\/wp-content\/uploads\/sites\/18\/2023\/07\/2-2.png\u00bb _builder_version=\u00bb4.20.4&#8243; _module_preset=\u00bbdefault\u00bb theme_builder_area=\u00bbpost_content\u00bb title_text=\u00bb2&#8243; hover_enabled=\u00bb0&#8243; sticky_enabled=\u00bb0&#8243;][\/et_pb_image][et_pb_text _builder_version=\u00bb4.20.4&#8243; _module_preset=\u00bbdefault\u00bb theme_builder_area=\u00bbpost_content\u00bb header_3_line_height=\u00bb1.1em\u00bb hover_enabled=\u00bb0&#8243; sticky_enabled=\u00bb0&#8243;]<h3>Directiva Federaci\u00f3n Estudiantil UM<\/h3>\n<p>En mi \u00faltimo a\u00f1o de mi carrera pude integrarme en la directiva de la Federaci\u00f3n Estudiantil de la Universidad de Montemorelos como parte del equipo de media.<br \/>Nos encargabamos de hacer la publicaciones de todo los eventos, subir fotos de cada evento y apoyar en la log\u00edstica de ellos.<\/p>[\/et_pb_text][\/et_pb_column][et_pb_column _builder_version=\u00bb4.20.4&#8243; _module_preset=\u00bbdefault\u00bb type=\u00bb1_3&#8243; theme_builder_area=\u00bbpost_content\u00bb][et_pb_image src=\u00bbhttp:\/\/dcv.artcom.mx\/pda\/1190013\/wp-content\/uploads\/sites\/18\/2023\/07\/3-2.png\u00bb _builder_version=\u00bb4.20.4&#8243; _module_preset=\u00bbdefault\u00bb theme_builder_area=\u00bbpost_content\u00bb title_text=\u00bb3&#8243; hover_enabled=\u00bb0&#8243; sticky_enabled=\u00bb0&#8243;][\/et_pb_image][et_pb_text _builder_version=\u00bb4.20.4&#8243; _module_preset=\u00bbdefault\u00bb theme_builder_area=\u00bbpost_content\u00bb hover_enabled=\u00bb0&#8243; sticky_enabled=\u00bb0&#8243;]<h3>Directiva de Graduandos<\/h3>\n<p>Dios me di\u00f3 el privilegio de ser parte de la Directiva de Graduandos con el cargo de Procuraci\u00f3n de Fondos. Como directiva tuvimos la responsabilidad de organizar los programas de graduaci\u00f3n y tambi\u00e9n los colores y su decoraci\u00f3n.<\/p>[\/et_pb_text][\/et_pb_column][\/et_pb_row][\/et_pb_section]\n","protected":false},"excerpt":{"rendered":"<p>L\u00edder Juvenil En mayo de 2021 pude concluir con todos los requisitos para poder investirme de L\u00edder Juvenil en el Club de Doulos.Durante mi a\u00f1o de preparaci\u00f3n aprend\u00ed soobre el liderazgo de j\u00f3venes, los cuidados y la organizaci\u00f3n de eventos y salidas.Gu\u00eda Mayor En mayo de 2022 Dios me di\u00f3 la oportunidad de finalizar con [&hellip;]<\/p>\n","protected":false},"author":22,"featured_media":0,"parent":0,"menu_order":0,"comment_status":"closed","ping_status":"closed","template":"","meta":{"_et_pb_use_builder":"on","_et_pb_old_content":"","_et_gb_content_width":"","inline_featured_image":false,"footnotes":""},"_links":{"self":[{"href":"https:\/\/dcv.artcom.mx\/pda\/1190013\/wp-json\/wp\/v2\/pages\/626"}],"collection":[{"href":"https:\/\/dcv.artcom.mx\/pda\/1190013\/wp-json\/wp\/v2\/pages"}],"about":[{"href":"https:\/\/dcv.artcom.mx\/pda\/1190013\/wp-json\/wp\/v2\/types\/page"}],"author":[{"embeddable":true,"href":"https:\/\/dcv.artcom.mx\/pda\/1190013\/wp-json\/wp\/v2\/users\/22"}],"replies":[{"embeddable":true,"href":"https:\/\/dcv.artcom.mx\/pda\/1190013\/wp-json\/wp\/v2\/comments?post=626"}],"version-history":[{"count":4,"href":"https:\/\/dcv.artcom.mx\/pda\/1190013\/wp-json\/wp\/v2\/pages\/626\/revisions"}],"predecessor-version":[{"id":695,"href":"https:\/\/dcv.artcom.mx\/pda\/1190013\/wp-json\/wp\/v2\/pages\/626\/revisions\/695"}],"wp:attachment":[{"href":"https:\/\/dcv.artcom.mx\/pda\/1190013\/wp-json\/wp\/v2\/media?parent=626"}],"curies":[{"name":"wp","href":"https:\/\/api.w.org\/{rel}","templated":true}]}}