{"id":15,"date":"2020-03-03T22:35:51","date_gmt":"2020-03-04T04:35:51","guid":{"rendered":"http:\/\/pdadcv.artcom.mx\/portafolio-demo\/?page_id=15"},"modified":"2023-08-08T15:00:49","modified_gmt":"2023-08-08T15:00:49","slug":"autoevaluaciones","status":"publish","type":"page","link":"https:\/\/dcv.artcom.mx\/pda\/1190013\/autoevaluaciones\/","title":{"rendered":"Acerca de m\u00ed"},"content":{"rendered":"<p>[et_pb_section fb_built=\u00bb1&#8243; fullwidth=\u00bbon\u00bb _builder_version=\u00bb4.20.4&#8243; _module_preset=\u00bbdefault\u00bb global_colors_info=\u00bb{}\u00bb][et_pb_fullwidth_image src=\u00bbhttp:\/\/dcv.artcom.mx\/pda\/1190013\/wp-content\/uploads\/sites\/18\/2023\/07\/Diseno-sin-titulo.png\u00bb title_text=\u00bbDise\u00f1o sin t\u00edtulo\u00bb _builder_version=\u00bb4.20.4&#8243; _module_preset=\u00bbdefault\u00bb min_height=\u00bb775.5px\u00bb custom_margin=\u00bb||1px|||\u00bb custom_padding=\u00bb||0px|||\u00bb global_colors_info=\u00bb{}\u00bb][\/et_pb_fullwidth_image][\/et_pb_section][et_pb_section fb_built=\u00bb1&#8243; _builder_version=\u00bb4.20.4&#8243; _module_preset=\u00bbdefault\u00bb custom_padding=\u00bb3px|||||\u00bb global_colors_info=\u00bb{}\u00bb][et_pb_row _builder_version=\u00bb4.20.4&#8243; _module_preset=\u00bbdefault\u00bb global_colors_info=\u00bb{}\u00bb][et_pb_column type=\u00bb4_4&#8243; _builder_version=\u00bb4.20.4&#8243; _module_preset=\u00bbdefault\u00bb global_colors_info=\u00bb{}\u00bb][et_pb_text _builder_version=\u00bb4.20.4&#8243; _module_preset=\u00bbdefault\u00bb global_colors_info=\u00bb{}\u00bb]<\/p>\n<h1 style=\"text-align: justify\"><strong>\u00a1Hola! Soy Adely Maldonado.<\/strong><\/h1>\n<p style=\"text-align: justify\">Mi nombre completo es Ruth Adely Maldonado Baldelomar, nacida el 06 de abril de 2001 en El Salvador. Poseo la nacionalidad costarricense por parte de mi madre y guatemalteca por parte de mi padre. A lo largo de mi vida, he vivido en diferentes lugares de El Salvador, lo que me ha brindado una gran capacidad de adaptaci\u00f3n a distintos entornos.<\/p>\n<p>Complet\u00e9 mis estudios de preparatoria en la Escuela de Capacitaci\u00f3n Adventista Salvadore\u00f1a, ubicada en San Juan Opico. Mi educaci\u00f3n primaria y secundaria la curs\u00e9 en el Colegio Adventista de Quezaltepeque, en el departamento de La Libertad. Asimismo, obtuve mi t\u00edtulo de bachiller en el Colegio Adventista de Cojutepeque, situado en el departamento de Cuscatl\u00e1n. Por \u00faltimo, realic\u00e9 mi licenciatura en Dise\u00f1o y Comunicaci\u00f3n Visual en la Universidad Adventista de Montemorelos, ubicada en el estado de Nuevo Le\u00f3n, M\u00e9xico.<\/p>\n<p>Desde peque\u00f1a, siempre me he considerado una persona creativa, dispuesta a participar en todo lo que pueda. El mundo de la fotograf\u00eda y la videograf\u00eda siempre ha capturado mi atenci\u00f3n. Durante mi tiempo en la Universidad de Montemorelos, me involucr\u00e9 en el \u00e1rea de comunicaciones de los clubes. En mi \u00faltimo a\u00f1o de carrera, tuve la oportunidad de colaborar en UMTv y Hope Channel, participando en diversas grabaciones de programas, transmisiones de cultos de la Iglesia Adventista Universitaria y eventos de la Universidad de Montemorelos. Al sumergirme en este maravilloso universo, descubr\u00ed mi pasi\u00f3n por formar parte de todo esto. Me di cuenta de que los medios de comunicaci\u00f3n son la principal y m\u00e1s reconocida forma de compartir mensajes en la actualidad. Por esta raz\u00f3n, anhelo involucrarme a\u00fan m\u00e1s en esta \u00e1rea para cumplir mi misi\u00f3n de compartir el mensaje del advenimiento con el mundo en mi generaci\u00f3n.<\/p>\n<p>[\/et_pb_text][\/et_pb_column][\/et_pb_row][\/et_pb_section]<\/p>\n","protected":false},"excerpt":{"rendered":"<p>\u00a1Hola! Soy Adely Maldonado. Mi nombre completo es Ruth Adely Maldonado Baldelomar, nacida el 06 de abril de 2001 en El Salvador. Poseo la nacionalidad costarricense por parte de mi madre y guatemalteca por parte de mi padre. A lo largo de mi vida, he vivido en diferentes lugares de El Salvador, lo que me [&hellip;]<\/p>\n","protected":false},"author":22,"featured_media":0,"parent":0,"menu_order":6,"comment_status":"closed","ping_status":"closed","template":"","meta":{"_et_pb_use_builder":"on","_et_pb_old_content":"<!-- wp:divi\/placeholder \/-->","_et_gb_content_width":"","inline_featured_image":false,"footnotes":""},"_links":{"self":[{"href":"https:\/\/dcv.artcom.mx\/pda\/1190013\/wp-json\/wp\/v2\/pages\/15"}],"collection":[{"href":"https:\/\/dcv.artcom.mx\/pda\/1190013\/wp-json\/wp\/v2\/pages"}],"about":[{"href":"https:\/\/dcv.artcom.mx\/pda\/1190013\/wp-json\/wp\/v2\/types\/page"}],"author":[{"embeddable":true,"href":"https:\/\/dcv.artcom.mx\/pda\/1190013\/wp-json\/wp\/v2\/users\/22"}],"replies":[{"embeddable":true,"href":"https:\/\/dcv.artcom.mx\/pda\/1190013\/wp-json\/wp\/v2\/comments?post=15"}],"version-history":[{"count":10,"href":"https:\/\/dcv.artcom.mx\/pda\/1190013\/wp-json\/wp\/v2\/pages\/15\/revisions"}],"predecessor-version":[{"id":696,"href":"https:\/\/dcv.artcom.mx\/pda\/1190013\/wp-json\/wp\/v2\/pages\/15\/revisions\/696"}],"wp:attachment":[{"href":"https:\/\/dcv.artcom.mx\/pda\/1190013\/wp-json\/wp\/v2\/media?parent=15"}],"curies":[{"name":"wp","href":"https:\/\/api.w.org\/{rel}","templated":true}]}}