{"id":13,"date":"2020-03-03T22:19:04","date_gmt":"2020-03-04T04:19:04","guid":{"rendered":"http:\/\/pdadcv.artcom.mx\/portafolio-demo\/?page_id=13"},"modified":"2024-10-01T13:50:51","modified_gmt":"2024-10-01T13:50:51","slug":"actividades-laborales-y-certificaciones","status":"publish","type":"page","link":"https:\/\/dcv.artcom.mx\/pda\/1190013\/actividades-laborales-y-certificaciones\/","title":{"rendered":"Producci\u00f3n Audiovisual"},"content":{"rendered":"<p>[et_pb_section fb_built=\u00bb1&#8243; _builder_version=\u00bb4.16&#8243; _module_preset=\u00bbdefault\u00bb custom_margin=\u00bb9px|||||\u00bb global_colors_info=\u00bb{}\u00bb][et_pb_row column_structure=\u00bb1_3,1_3,1_3&#8243; _builder_version=\u00bb4.20.4&#8243; _module_preset=\u00bbdefault\u00bb global_colors_info=\u00bb{}\u00bb][et_pb_column type=\u00bb1_3&#8243; _builder_version=\u00bb4.20.4&#8243; _module_preset=\u00bbdefault\u00bb global_colors_info=\u00bb{}\u00bb][et_pb_image src=\u00bbhttp:\/\/dcv.artcom.mx\/pda\/1190013\/wp-content\/uploads\/sites\/18\/2021\/05\/WhatsApp-Image-2021-05-04-at-12.23.14-PM.jpeg\u00bb title_text=\u00bbWhatsApp Image 2021-05-04 at 12.23.14 PM\u00bb _builder_version=\u00bb4.20.4&#8243; _module_preset=\u00bbdefault\u00bb global_colors_info=\u00bb{}\u00bb][\/et_pb_image][et_pb_text _builder_version=\u00bb4.20.4&#8243; _module_preset=\u00bbdefault\u00bb global_colors_info=\u00bb{}\u00bb]<\/p>\n<p style=\"text-align: justify\"><span>En el a\u00f1o 2020, me enfrent\u00e9 a un emocionante desaf\u00edo al realizar mi primer video musical. Cont\u00e9 con la ayuda de Ludwin Alfaro, quien se encarg\u00f3 de la edici\u00f3n del video mientras yo me ocupaba de la grabaci\u00f3n. Esta experiencia marc\u00f3 nuestro primer proyecto musical en conjunto, lleno de aprendizaje y trabajo en equipo. La distancia no nos impidi\u00f3 comenzar esta obra de evangelizaci\u00f3n.<\/span><\/p>\n<p>[\/et_pb_text][et_pb_button button_url=\u00bbhttps:\/\/www.facebook.com\/107479230791353\/videos\/266022228486832&#8243; button_text=\u00bbVer Video\u00bb _builder_version=\u00bb4.20.4&#8243; _module_preset=\u00bbdefault\u00bb custom_button=\u00bbon\u00bb button_text_color=\u00bb#F2A71D\u00bb global_colors_info=\u00bb{}\u00bb][\/et_pb_button][\/et_pb_column][et_pb_column type=\u00bb1_3&#8243; _builder_version=\u00bb4.20.4&#8243; _module_preset=\u00bbdefault\u00bb global_colors_info=\u00bb{}\u00bb][et_pb_image src=\u00bbhttp:\/\/dcv.artcom.mx\/pda\/1190013\/wp-content\/uploads\/sites\/18\/2021\/05\/WhatsApp-Image-2021-05-04-at-12.23.14-PM-1.jpeg\u00bb title_text=\u00bbWhatsApp Image 2021-05-04 at 12.23.14 PM (1)\u00bb _builder_version=\u00bb4.20.4&#8243; _module_preset=\u00bbdefault\u00bb global_colors_info=\u00bb{}\u00bb][\/et_pb_image][et_pb_text _builder_version=\u00bb4.20.4&#8243; _module_preset=\u00bbdefault\u00bb global_colors_info=\u00bb{}\u00bb]<\/p>\n<p style=\"text-align: justify\"><span>Durante los desafiantes momentos de la pandemia, tuve la fortuna de contar con la valiosa colaboraci\u00f3n de dos amigos, Daniel Ch\u00e1vez y Ludwin Alfaro, para la creaci\u00f3n de este video. <\/span><span>Este video representa no solo nuestra pasi\u00f3n compartida por el arte audiovisual, sino tambi\u00e9n nuestra capacidad para adaptarnos y encontrar formas de expresi\u00f3n durante tiempos inciertos.<\/span><\/p>\n<p>[\/et_pb_text][et_pb_button button_url=\u00bbhttps:\/\/www.facebook.com\/107479230791353\/videos\/1101068230304788&#8243; button_text=\u00bbVer Video\u00bb _builder_version=\u00bb4.20.4&#8243; _module_preset=\u00bbdefault\u00bb custom_button=\u00bbon\u00bb button_text_color=\u00bb#976A4A\u00bb global_colors_info=\u00bb{}\u00bb][\/et_pb_button][\/et_pb_column][et_pb_column type=\u00bb1_3&#8243; _builder_version=\u00bb4.20.4&#8243; _module_preset=\u00bbdefault\u00bb global_colors_info=\u00bb{}\u00bb][et_pb_image src=\u00bbhttp:\/\/dcv.artcom.mx\/pda\/1190013\/wp-content\/uploads\/sites\/18\/2021\/05\/WhatsApp-Image-2021-05-04-at-12.23.14-PM-2.jpeg\u00bb title_text=\u00bbWhatsApp Image 2021-05-04 at 12.23.14 PM (2)\u00bb _builder_version=\u00bb4.20.4&#8243; _module_preset=\u00bbdefault\u00bb global_colors_info=\u00bb{}\u00bb][\/et_pb_image][et_pb_text _builder_version=\u00bb4.20.4&#8243; _module_preset=\u00bbdefault\u00bb global_colors_info=\u00bb{}\u00bb]<\/p>\n<p style=\"text-align: justify\"><span>Nuestro \u00faltimo proyecto musical, en colaboraci\u00f3n con Ludwin Alfaro, fue una experiencia emocionante y significativa.<br \/><\/span><span>Este video represent\u00f3 nuestro tercer proyecto juntos, donde mantuvimos nuestros roles habituales: yo me encargaba de la grabaci\u00f3n mientras Ludwin se dedicaba a la edici\u00f3n del v\u00eddeo. Para este proyecto pudimos trabajar de manera presencial.<\/span><\/p>\n<p>[\/et_pb_text][et_pb_button button_url=\u00bbhttps:\/\/www.facebook.com\/107479230791353\/videos\/947612442679213&#8243; button_text=\u00bbVer Video\u00bb _builder_version=\u00bb4.20.4&#8243; _module_preset=\u00bbdefault\u00bb custom_button=\u00bbon\u00bb button_text_color=\u00bb#989081&#8243; global_colors_info=\u00bb{}\u00bb][\/et_pb_button][\/et_pb_column][\/et_pb_row][\/et_pb_section][et_pb_section fb_built=\u00bb1&#8243; _builder_version=\u00bb4.20.4&#8243; _module_preset=\u00bbdefault\u00bb global_colors_info=\u00bb{}\u00bb][et_pb_row column_structure=\u00bb1_3,1_3,1_3&#8243; _builder_version=\u00bb4.20.4&#8243; _module_preset=\u00bbdefault\u00bb global_colors_info=\u00bb{}\u00bb][et_pb_column type=\u00bb1_3&#8243; _builder_version=\u00bb4.20.4&#8243; _module_preset=\u00bbdefault\u00bb global_colors_info=\u00bb{}\u00bb][et_pb_image src=\u00bbhttp:\/\/dcv.artcom.mx\/pda\/1190013\/wp-content\/uploads\/sites\/18\/2023\/07\/Portada-Home_Mesa-de-trabajo-1.png\u00bb title_text=\u00bbPortada Home_Mesa de trabajo 1&#8243; _builder_version=\u00bb4.20.4&#8243; _module_preset=\u00bbdefault\u00bb global_colors_info=\u00bb{}\u00bb][\/et_pb_image][et_pb_text _builder_version=\u00bb4.20.4&#8243; _module_preset=\u00bbdefault\u00bb global_colors_info=\u00bb{}\u00bb]<\/p>\n<p><span>Durante mi pen\u00faltimo semestre, tuve el desaf\u00edo de reaizar proyecto de animaci\u00f3n, creando gr\u00e1ficos desde cero y dominando las t\u00e9cnicas en PSD. Cada detalle recibi\u00f3 atenci\u00f3n meticulosa, buscando transmitir efectivamente la historia y las emociones.<\/span><\/p>\n<p>[\/et_pb_text][et_pb_button button_url=\u00bbhttps:\/\/drive.google.com\/file\/d\/1PIbRhOo5WP8Q15Gd_14hffiP95DfqK7S\/view?usp=sharing\u00bb button_text=\u00bbVer Video\u00bb _builder_version=\u00bb4.20.4&#8243; _module_preset=\u00bbdefault\u00bb custom_button=\u00bbon\u00bb button_text_color=\u00bb#F2A71D\u00bb global_colors_info=\u00bb{}\u00bb][\/et_pb_button][\/et_pb_column][et_pb_column type=\u00bb1_3&#8243; _builder_version=\u00bb4.20.4&#8243; _module_preset=\u00bbdefault\u00bb global_colors_info=\u00bb{}\u00bb][et_pb_image src=\u00bbhttp:\/\/dcv.artcom.mx\/pda\/1190013\/wp-content\/uploads\/sites\/18\/2023\/07\/Diseno-sin-titulo-1.png\u00bb title_text=\u00bbDise\u00f1o sin t\u00edtulo (1)\u00bb _builder_version=\u00bb4.20.4&#8243; _module_preset=\u00bbdefault\u00bb global_colors_info=\u00bb{}\u00bb][\/et_pb_image][et_pb_text _builder_version=\u00bb4.20.4&#8243; _module_preset=\u00bbdefault\u00bb global_colors_info=\u00bb{}\u00bb]<\/p>\n<p><span>En mi segundo semestre, trabaj\u00e9 en un proyecto de animaci\u00f3n junto a mis compa\u00f1eros de estudio. Nuestro objetivo principal fue promover la Facultad de Artes de la UM y dar visibilidad a su p\u00e1gina web. Para esta ocasi\u00f3n hicimos uso de los Motion Graphics.<\/span><\/p>\n<p>[\/et_pb_text][et_pb_button button_url=\u00bbhttps:\/\/drive.google.com\/file\/d\/1ViNFGaJhQi3uDZl4fE-36ap3zx8wIEeA\/view\u00bb button_text=\u00bbVer Video\u00bb _builder_version=\u00bb4.24.2&#8243; _module_preset=\u00bbdefault\u00bb custom_button=\u00bbon\u00bb button_text_color=\u00bb#976A4A\u00bb hover_enabled=\u00bb0&#8243; global_colors_info=\u00bb{}\u00bb sticky_enabled=\u00bb0&#8243;][\/et_pb_button][\/et_pb_column][et_pb_column type=\u00bb1_3&#8243; _builder_version=\u00bb4.20.4&#8243; _module_preset=\u00bbdefault\u00bb global_colors_info=\u00bb{}\u00bb][et_pb_image src=\u00bbhttp:\/\/dcv.artcom.mx\/pda\/1190013\/wp-content\/uploads\/sites\/18\/2023\/07\/Diseno-sin-titulo-2.png\u00bb title_text=\u00bbDise\u00f1o sin t\u00edtulo (2)\u00bb _builder_version=\u00bb4.20.4&#8243; _module_preset=\u00bbdefault\u00bb global_colors_info=\u00bb{}\u00bb][\/et_pb_image][et_pb_text _builder_version=\u00bb4.20.4&#8243; _module_preset=\u00bbdefault\u00bb global_colors_info=\u00bb{}\u00bb]<\/p>\n<p>Realic\u00e9 un proyecto escolar donde aprendimos a usar After Effects para la animaci\u00f3n de logos. Para este proyecto utilic\u00e9 logos creados por mi persona y otros logos en existencia. La animaci\u00f3n se hizo desde cero poniendo la creatividad en cada uno de ellos.<\/p>\n<p>[\/et_pb_text][et_pb_button button_url=\u00bbhttps:\/\/drive.google.com\/file\/d\/1EDBFU3ojFmcbhNPRY3nm9PrlBMvxcyIM\/view?usp=sharing\u00bb button_text=\u00bbVer Video\u00bb _builder_version=\u00bb4.20.4&#8243; _module_preset=\u00bbdefault\u00bb custom_button=\u00bbon\u00bb button_text_color=\u00bb#989081&#8243; global_colors_info=\u00bb{}\u00bb][\/et_pb_button][\/et_pb_column][\/et_pb_row][\/et_pb_section]<\/p>\n","protected":false},"excerpt":{"rendered":"<p>En el a\u00f1o 2020, me enfrent\u00e9 a un emocionante desaf\u00edo al realizar mi primer video musical. Cont\u00e9 con la ayuda de Ludwin Alfaro, quien se encarg\u00f3 de la edici\u00f3n del video mientras yo me ocupaba de la grabaci\u00f3n. Esta experiencia marc\u00f3 nuestro primer proyecto musical en conjunto, lleno de aprendizaje y trabajo en equipo. La [&hellip;]<\/p>\n","protected":false},"author":22,"featured_media":0,"parent":0,"menu_order":3,"comment_status":"closed","ping_status":"closed","template":"","meta":{"_et_pb_use_builder":"on","_et_pb_old_content":"","_et_gb_content_width":"","inline_featured_image":false,"footnotes":""},"_links":{"self":[{"href":"https:\/\/dcv.artcom.mx\/pda\/1190013\/wp-json\/wp\/v2\/pages\/13"}],"collection":[{"href":"https:\/\/dcv.artcom.mx\/pda\/1190013\/wp-json\/wp\/v2\/pages"}],"about":[{"href":"https:\/\/dcv.artcom.mx\/pda\/1190013\/wp-json\/wp\/v2\/types\/page"}],"author":[{"embeddable":true,"href":"https:\/\/dcv.artcom.mx\/pda\/1190013\/wp-json\/wp\/v2\/users\/22"}],"replies":[{"embeddable":true,"href":"https:\/\/dcv.artcom.mx\/pda\/1190013\/wp-json\/wp\/v2\/comments?post=13"}],"version-history":[{"count":15,"href":"https:\/\/dcv.artcom.mx\/pda\/1190013\/wp-json\/wp\/v2\/pages\/13\/revisions"}],"predecessor-version":[{"id":701,"href":"https:\/\/dcv.artcom.mx\/pda\/1190013\/wp-json\/wp\/v2\/pages\/13\/revisions\/701"}],"wp:attachment":[{"href":"https:\/\/dcv.artcom.mx\/pda\/1190013\/wp-json\/wp\/v2\/media?parent=13"}],"curies":[{"name":"wp","href":"https:\/\/api.w.org\/{rel}","templated":true}]}}