{"id":697,"date":"2025-03-03T14:37:21","date_gmt":"2025-03-03T14:37:21","guid":{"rendered":"https:\/\/dcv.artcom.mx\/pda\/1180753\/?page_id=697"},"modified":"2025-04-29T03:28:23","modified_gmt":"2025-04-29T03:28:23","slug":"diarios-metacognitivos-2","status":"publish","type":"page","link":"https:\/\/dcv.artcom.mx\/pda\/1180753\/evidencias\/diarios-metacognitivos-2\/","title":{"rendered":"Diarios Metacognitivos 2"},"content":{"rendered":"<p>[et_pb_section fb_built=\u00bb1&#8243; _builder_version=\u00bb4.24.2&#8243; _module_preset=\u00bbdefault\u00bb background_color=\u00bb#0a0a0a\u00bb custom_padding=\u00bb||598px|||\u00bb hover_enabled=\u00bb0&#8243; global_colors_info=\u00bb{}\u00bb title_text=\u00bbdiario metacognitivo\u00bb background_image=\u00bbhttp:\/\/dcv.artcom.mx\/pda\/1180753\/wp-content\/uploads\/sites\/51\/2025\/04\/diario-metacognitivo.jpg\u00bb sticky_enabled=\u00bb0&#8243; animation_style=\u00bbslide\u00bb animation_duration=\u00bb2000ms\u00bb animation_intensity_slide=\u00bb5%\u00bb animation_starting_opacity=\u00bb5%\u00bb][\/et_pb_section][et_pb_section fb_built=\u00bb1&#8243; _builder_version=\u00bb4.24.2&#8243; _module_preset=\u00bbdefault\u00bb custom_padding=\u00bb60px|||||\u00bb hover_enabled=\u00bb0&#8243; global_colors_info=\u00bb{}\u00bb sticky_enabled=\u00bb0&#8243;][et_pb_row _builder_version=\u00bb4.24.2&#8243; _module_preset=\u00bbdefault\u00bb hover_enabled=\u00bb0&#8243; global_colors_info=\u00bb{}\u00bb sticky_enabled=\u00bb0&#8243;][et_pb_column type=\u00bb4_4&#8243; _builder_version=\u00bb4.20.4&#8243; _module_preset=\u00bbdefault\u00bb global_colors_info=\u00bb{}\u00bb][et_pb_text _builder_version=\u00bb4.24.2&#8243; _module_preset=\u00bbdefault\u00bb text_font=\u00bbAbril Fatface||||||||\u00bb text_text_color=\u00bb#0a0a0a\u00bb text_font_size=\u00bb45px\u00bb text_line_height=\u00bb1.2em\u00bb hover_enabled=\u00bb0&#8243; global_colors_info=\u00bb{}\u00bb sticky_enabled=\u00bb0&#8243;]<\/p>\n<p style=\"text-align: center\">PROYECTO DE SE\u00d1ALETICA, PROYECTO INTEGRADOR<\/p>\n<p>[\/et_pb_text][\/et_pb_column][\/et_pb_row][et_pb_row column_structure=\u00bb1_2,1_2&#8243; _builder_version=\u00bb4.20.4&#8243; _module_preset=\u00bbdefault\u00bb custom_margin=\u00bb60px|auto||auto||\u00bb global_colors_info=\u00bb{}\u00bb][et_pb_column type=\u00bb1_2&#8243; _builder_version=\u00bb4.20.4&#8243; _module_preset=\u00bbdefault\u00bb global_colors_info=\u00bb{}\u00bb][et_pb_text _builder_version=\u00bb4.24.2&#8243; _module_preset=\u00bbdefault\u00bb text_font=\u00bbAkshar|800|||||||\u00bb text_text_color=\u00bb#0a0a0a\u00bb text_font_size=\u00bb34px\u00bb text_line_height=\u00bb1.2em\u00bb hover_enabled=\u00bb0&#8243; global_colors_info=\u00bb{}\u00bb sticky_enabled=\u00bb0&#8243;]<\/p>\n<h3 class=\"panel-title\"><span id=\"ctl00_ContentPanelCentral_lbltitulo\">Se\u00f1al\u00e9tica de la EXPO ARTCOM<\/span><\/h3>\n<p>[\/et_pb_text][et_pb_text _builder_version=\u00bb4.24.2&#8243; _module_preset=\u00bbdefault\u00bb text_font=\u00bbAkshar||||||||\u00bb text_text_color=\u00bb#0a0a0a\u00bb text_font_size=\u00bb24px\u00bb text_line_height=\u00bb1.2em\u00bb hover_enabled=\u00bb0&#8243; global_colors_info=\u00bb{}\u00bb sticky_enabled=\u00bb0&#8243;]<\/p>\n<p>En esta actividad desarrollamos una soluci\u00f3n integral que incluye la distribuci\u00f3n de espacios y recorridos mediante un croquis, el dise\u00f1o de se\u00f1ales (definiendo materiales, sujeci\u00f3n, sistema de variaciones y apariencia) y el contenido de las se\u00f1ales, como pictogramas, textos y composiciones. El trabajo se organiza en tres equipos: el Equipo 1 se encarga de la digitalizaci\u00f3n del croquis, distribuci\u00f3n de espacios y definici\u00f3n de recorridos; el Equipo 2 se encarga del dise\u00f1o de las se\u00f1ales, la paleta crom\u00e1tica, la tipograf\u00eda y la composici\u00f3n; y el Equipo 3 se dedica a la producci\u00f3n de los iconos. Todo se integrar\u00e1 en un solo documento final para su entrega.<\/p>\n<p>[\/et_pb_text][\/et_pb_column][et_pb_column type=\u00bb1_2&#8243; _builder_version=\u00bb4.20.4&#8243; _module_preset=\u00bbdefault\u00bb global_colors_info=\u00bb{}\u00bb][et_pb_gallery gallery_ids=\u00bb855&#8243; fullwidth=\u00bbon\u00bb _builder_version=\u00bb4.24.2&#8243; _module_preset=\u00bbdefault\u00bb animation_style=\u00bbslide\u00bb animation_duration=\u00bb2000ms\u00bb animation_intensity_slide=\u00bb10%\u00bb hover_enabled=\u00bb0&#8243; global_colors_info=\u00bb{}\u00bb sticky_enabled=\u00bb0&#8243; custom_padding=\u00bb||0px|||\u00bb][\/et_pb_gallery][et_pb_text _builder_version=\u00bb4.24.2&#8243; _module_preset=\u00bbdefault\u00bb text_font=\u00bbAkshar||||||||\u00bb text_text_color=\u00bb#0a0a0a\u00bb text_font_size=\u00bb24px\u00bb hover_enabled=\u00bb0&#8243; global_colors_info=\u00bb{}\u00bb locked=\u00bboff\u00bb sticky_enabled=\u00bb0&#8243;]<\/p>\n<p style=\"text-align: center\"><strong>NIVEL:<\/strong> Cuarto semestre<\/p>\n<p style=\"text-align: center\"><strong>MATERIA:\u00a0<\/strong>Dise\u00f1o de infromaci\u00f3n hambiental<\/p>\n<p style=\"text-align: center\"><strong>PROYECTO:\u00a0<\/strong>Se\u00f1aletica de EXPO ARTCOM<\/p>\n<p>[\/et_pb_text][\/et_pb_column][\/et_pb_row][\/et_pb_section]<\/p>\n","protected":false},"excerpt":{"rendered":"<p>PROYECTO DE SE\u00d1ALETICA, PROYECTO INTEGRADORSe\u00f1al\u00e9tica de la EXPO ARTCOMEn esta actividad desarrollamos una soluci\u00f3n integral que incluye la distribuci\u00f3n de espacios y recorridos mediante un croquis, el dise\u00f1o de se\u00f1ales (definiendo materiales, sujeci\u00f3n, sistema de variaciones y apariencia) y el contenido de las se\u00f1ales, como pictogramas, textos y composiciones. El trabajo se organiza en tres [&hellip;]<\/p>\n","protected":false},"author":54,"featured_media":0,"parent":11,"menu_order":2,"comment_status":"closed","ping_status":"closed","template":"","meta":{"_et_pb_use_builder":"on","_et_pb_old_content":"<!-- wp:divi\/placeholder \/-->","_et_gb_content_width":"","inline_featured_image":false,"footnotes":""},"_links":{"self":[{"href":"https:\/\/dcv.artcom.mx\/pda\/1180753\/wp-json\/wp\/v2\/pages\/697"}],"collection":[{"href":"https:\/\/dcv.artcom.mx\/pda\/1180753\/wp-json\/wp\/v2\/pages"}],"about":[{"href":"https:\/\/dcv.artcom.mx\/pda\/1180753\/wp-json\/wp\/v2\/types\/page"}],"author":[{"embeddable":true,"href":"https:\/\/dcv.artcom.mx\/pda\/1180753\/wp-json\/wp\/v2\/users\/54"}],"replies":[{"embeddable":true,"href":"https:\/\/dcv.artcom.mx\/pda\/1180753\/wp-json\/wp\/v2\/comments?post=697"}],"version-history":[{"count":3,"href":"https:\/\/dcv.artcom.mx\/pda\/1180753\/wp-json\/wp\/v2\/pages\/697\/revisions"}],"predecessor-version":[{"id":869,"href":"https:\/\/dcv.artcom.mx\/pda\/1180753\/wp-json\/wp\/v2\/pages\/697\/revisions\/869"}],"up":[{"embeddable":true,"href":"https:\/\/dcv.artcom.mx\/pda\/1180753\/wp-json\/wp\/v2\/pages\/11"}],"wp:attachment":[{"href":"https:\/\/dcv.artcom.mx\/pda\/1180753\/wp-json\/wp\/v2\/media?parent=697"}],"curies":[{"name":"wp","href":"https:\/\/api.w.org\/{rel}","templated":true}]}}