{"id":67,"date":"2020-03-03T18:04:14","date_gmt":"2020-03-04T00:04:14","guid":{"rendered":"http:\/\/pdadcv.artcom.mx\/portafolio-demo\/?page_id=67"},"modified":"2023-05-08T05:17:43","modified_gmt":"2023-05-08T05:17:43","slug":"diarios-metacognitivos","status":"publish","type":"page","link":"https:\/\/dcv.artcom.mx\/pda\/1180753\/evidencias\/diarios-metacognitivos\/","title":{"rendered":"Diarios Metacognitivos"},"content":{"rendered":"<p>[et_pb_section fb_built=\u00bb1&#8243; _builder_version=\u00bb4.20.4&#8243; _module_preset=\u00bbdefault\u00bb background_color=\u00bb#0a0a0a\u00bb custom_padding=\u00bb||257px|||\u00bb box_shadow_style=\u00bbpreset1&#8243; box_shadow_blur=\u00bb50px\u00bb box_shadow_spread=\u00bb22px\u00bb box_shadow_color=\u00bb#0C71C3&#8243; global_colors_info=\u00bb{}\u00bb][et_pb_row _builder_version=\u00bb4.20.4&#8243; _module_preset=\u00bbdefault\u00bb custom_margin=\u00bb176px|auto||auto||\u00bb global_colors_info=\u00bb{}\u00bb][et_pb_column type=\u00bb4_4&#8243; _builder_version=\u00bb4.20.4&#8243; _module_preset=\u00bbdefault\u00bb global_colors_info=\u00bb{}\u00bb][et_pb_text _builder_version=\u00bb4.20.4&#8243; _module_preset=\u00bbdefault\u00bb text_font=\u00bbAbhaya Libre||||||||\u00bb text_text_color=\u00bb#ffffff\u00bb text_font_size=\u00bb45px\u00bb text_line_height=\u00bb1.2em\u00bb hover_enabled=\u00bb0&#8243; global_colors_info=\u00bb{}\u00bb animation_style=\u00bbslide\u00bb animation_direction=\u00bbleft\u00bb animation_duration=\u00bb2000ms\u00bb animation_intensity_slide=\u00bb10%\u00bb sticky_enabled=\u00bb0&#8243;]<\/p>\n<p style=\"text-align: center\">DIARIOS METACOGNITIVOS<\/p>\n<p>[\/et_pb_text][et_pb_divider color=\u00bb#0C71C3&#8243; _builder_version=\u00bb4.20.4&#8243; _module_preset=\u00bbdefault\u00bb global_colors_info=\u00bb{}\u00bb][\/et_pb_divider][\/et_pb_column][\/et_pb_row][\/et_pb_section][et_pb_section fb_built=\u00bb1&#8243; _builder_version=\u00bb4.20.4&#8243; _module_preset=\u00bbdefault\u00bb custom_padding=\u00bb130px|||||\u00bb global_colors_info=\u00bb{}\u00bb][et_pb_row _builder_version=\u00bb4.20.4&#8243; _module_preset=\u00bbdefault\u00bb global_colors_info=\u00bb{}\u00bb][et_pb_column type=\u00bb4_4&#8243; _builder_version=\u00bb4.20.4&#8243; _module_preset=\u00bbdefault\u00bb global_colors_info=\u00bb{}\u00bb][et_pb_text _builder_version=\u00bb4.20.4&#8243; _module_preset=\u00bbdefault\u00bb text_font=\u00bbAbhaya Libre||||||||\u00bb text_text_color=\u00bb#0a0a0a\u00bb text_font_size=\u00bb45px\u00bb text_line_height=\u00bb1.2em\u00bb global_colors_info=\u00bb{}\u00bb]<\/p>\n<p style=\"text-align: center\">PROYECTO INTEGRADOR, CREACI\u00d3N DE UNA APP<\/p>\n<p>[\/et_pb_text][\/et_pb_column][\/et_pb_row][et_pb_row column_structure=\u00bb1_2,1_2&#8243; _builder_version=\u00bb4.20.4&#8243; _module_preset=\u00bbdefault\u00bb custom_margin=\u00bb60px|auto||auto||\u00bb global_colors_info=\u00bb{}\u00bb][et_pb_column type=\u00bb1_2&#8243; _builder_version=\u00bb4.20.4&#8243; _module_preset=\u00bbdefault\u00bb global_colors_info=\u00bb{}\u00bb][et_pb_text _builder_version=\u00bb4.20.4&#8243; _module_preset=\u00bbdefault\u00bb text_font=\u00bbAbhaya Libre|800|||||||\u00bb text_text_color=\u00bb#0a0a0a\u00bb text_font_size=\u00bb24px\u00bb text_line_height=\u00bb1.2em\u00bb global_colors_info=\u00bb{}\u00bb]<\/p>\n<p>CARTEL DE LA CREACI\u00d3N DE UNA APP<\/p>\n<p>[\/et_pb_text][et_pb_text _builder_version=\u00bb4.20.4&#8243; _module_preset=\u00bbdefault\u00bb text_font=\u00bbAbhaya Libre||||||||\u00bb text_text_color=\u00bb#0a0a0a\u00bb text_font_size=\u00bb20px\u00bb text_line_height=\u00bb1.2em\u00bb global_colors_info=\u00bb{}\u00bb]<\/p>\n<p>En este proyecto realizamos creaci\u00f3n de una app con la finalidad de ayudar a mejorar un lugar de nuestro entorno. Se realizo una investigaci\u00f3n para determinar que es lo que ibamos a mejorar. Realizamos diversos prototipos de logotipos para nuestra aplicaci\u00f3n. Seleccionamos una tipograf\u00eda que armonizara con el dise\u00f1o de muestra app. Dise\u00f1amos el men\u00fa de nuestra app. Se hizo una selecci\u00f3n de la paleta crom\u00e1tica y al final se organiz\u00f3 todo en un cartel.\u00a0<\/p>\n<p>[\/et_pb_text][et_pb_text _builder_version=\u00bb4.20.4&#8243; _module_preset=\u00bbdefault\u00bb text_font=\u00bbAbhaya Libre||||||||\u00bb text_text_color=\u00bb#0a0a0a\u00bb text_font_size=\u00bb20px\u00bb text_line_height=\u00bb1.2em\u00bb global_colors_info=\u00bb{}\u00bb]<\/p>\n<p>GYM UM se dise\u00f1o con la finalidad de ser usada en un futuro gimasio de la UNIVIERSIDAD DE MONTEMORELOS. esta aplicaci\u00f3n tiene la finalidad de ser usada como una gu\u00eda para los usuarios que no saben nada de ejercicio y quieren empezar una vida m\u00e1s saluable.\u00a0<\/p>\n<p>[\/et_pb_text][et_pb_text _builder_version=\u00bb4.20.4&#8243; _module_preset=\u00bbdefault\u00bb text_font=\u00bbAbhaya Libre||||||||\u00bb text_text_color=\u00bb#0a0a0a\u00bb text_font_size=\u00bb19px\u00bb global_colors_info=\u00bb{}\u00bb]<\/p>\n<p style=\"text-align: center\"><strong>NIVEL:<\/strong> primer semestre<\/p>\n<p style=\"text-align: center\"><strong>MATERIA:\u00a0<\/strong>Taller de gr\u00e1ficos vectoriales<\/p>\n<p style=\"text-align: center\"><strong>PROYECTO:\u00a0<\/strong>Cartel de la creaci\u00f3n de una app<\/p>\n<p>[\/et_pb_text][\/et_pb_column][et_pb_column type=\u00bb1_2&#8243; _builder_version=\u00bb4.20.4&#8243; _module_preset=\u00bbdefault\u00bb global_colors_info=\u00bb{}\u00bb][et_pb_gallery gallery_ids=\u00bb512,514,515,516,517&#8243; fullwidth=\u00bbon\u00bb _builder_version=\u00bb4.20.4&#8243; _module_preset=\u00bbdefault\u00bb hover_enabled=\u00bb0&#8243; global_colors_info=\u00bb{}\u00bb animation_style=\u00bbslide\u00bb animation_duration=\u00bb2000ms\u00bb animation_intensity_slide=\u00bb10%\u00bb sticky_enabled=\u00bb0&#8243;][\/et_pb_gallery][\/et_pb_column][\/et_pb_row][\/et_pb_section][et_pb_section fb_built=\u00bb1&#8243; _builder_version=\u00bb4.20.4&#8243; _module_preset=\u00bbdefault\u00bb background_color=\u00bb#0a0a0a\u00bb custom_padding=\u00bb0px||0px|||\u00bb global_colors_info=\u00bb{}\u00bb][\/et_pb_section][et_pb_section fb_built=\u00bb1&#8243; _builder_version=\u00bb4.20.4&#8243; _module_preset=\u00bbdefault\u00bb custom_padding=\u00bb129px||59px|||\u00bb global_colors_info=\u00bb{}\u00bb][et_pb_row _builder_version=\u00bb4.20.4&#8243; _module_preset=\u00bbdefault\u00bb global_colors_info=\u00bb{}\u00bb][et_pb_column type=\u00bb4_4&#8243; _builder_version=\u00bb4.20.4&#8243; _module_preset=\u00bbdefault\u00bb global_colors_info=\u00bb{}\u00bb][et_pb_text _builder_version=\u00bb4.20.4&#8243; _module_preset=\u00bbdefault\u00bb text_font=\u00bbAbhaya Libre||||||||\u00bb text_text_color=\u00bb#0a0a0a\u00bb text_font_size=\u00bb45px\u00bb text_line_height=\u00bb1.2em\u00bb global_colors_info=\u00bb{}\u00bb]<\/p>\n<p style=\"text-align: center\">PROYECTO INTEGRADOR, CREACI\u00d3N DE SERIE DE CART\u00c9LES<\/p>\n<p>[\/et_pb_text][\/et_pb_column][\/et_pb_row][\/et_pb_section][et_pb_section fb_built=\u00bb1&#8243; _builder_version=\u00bb4.20.4&#8243; _module_preset=\u00bbdefault\u00bb custom_padding=\u00bb2px||44px|||\u00bb global_colors_info=\u00bb{}\u00bb][et_pb_row column_structure=\u00bb2_5,3_5&#8243; _builder_version=\u00bb4.20.4&#8243; _module_preset=\u00bbdefault\u00bb global_colors_info=\u00bb{}\u00bb][et_pb_column type=\u00bb2_5&#8243; _builder_version=\u00bb4.20.4&#8243; _module_preset=\u00bbdefault\u00bb global_colors_info=\u00bb{}\u00bb][et_pb_gallery gallery_ids=\u00bb502,504,507&#8243; fullwidth=\u00bbon\u00bb _builder_version=\u00bb4.20.4&#8243; _module_preset=\u00bbdefault\u00bb hover_enabled=\u00bb0&#8243; global_colors_info=\u00bb{}\u00bb animation_style=\u00bbslide\u00bb animation_duration=\u00bb2000ms\u00bb animation_intensity_slide=\u00bb10%\u00bb sticky_enabled=\u00bb0&#8243;][\/et_pb_gallery][\/et_pb_column][et_pb_column type=\u00bb3_5&#8243; _builder_version=\u00bb4.20.4&#8243; _module_preset=\u00bbdefault\u00bb global_colors_info=\u00bb{}\u00bb][et_pb_text _builder_version=\u00bb4.20.4&#8243; _module_preset=\u00bbdefault\u00bb text_font=\u00bbAbhaya Libre||||||||\u00bb text_text_color=\u00bb#0a0a0a\u00bb text_font_size=\u00bb24px\u00bb text_line_height=\u00bb1.2em\u00bb global_colors_info=\u00bb{}\u00bb]<\/p>\n<p><strong>SERIE DE CARTELES TRATANDO PROBLEM\u00c1TICAS SOCIALES<\/strong><\/p>\n<p>[\/et_pb_text][et_pb_text _builder_version=\u00bb4.20.4&#8243; _module_preset=\u00bbdefault\u00bb text_font=\u00bbAbhaya Libre||||||||\u00bb text_text_color=\u00bb#0a0a0a\u00bb text_font_size=\u00bb20px\u00bb text_line_height=\u00bb1.2em\u00bb global_colors_info=\u00bb{}\u00bb]<\/p>\n<p class=\"p1\"><strong>Cartel 1- El machismo y violencia contra la mujer en Nuevo Le\u00f3n,<\/strong> <strong>\/ INFORMATIVO\/ EROTEMA \/ FOTOGR\u00c1FICO.<\/strong> El objetivo central de estos carteles era hacer conciencia sobre las diferentes problematicas sociales que enfrenta la sociedad. El primer cartel use tecnica fotogr\u00e1fica y mi objetivo era generar tensi\u00f3n e incomodidad con la fotograf\u00eda mostrando la pregunta \u00bfSER\u00c9MOS SILENCIADAS TODA LA VIDA? no es necesario responderla solo hay que pensar en eso, eso se le llama erotema.<\/p>\n<p>[\/et_pb_text][et_pb_text _builder_version=\u00bb4.20.4&#8243; _module_preset=\u00bbdefault\u00bb text_font=\u00bbAbhaya Libre||||||||\u00bb text_text_color=\u00bb#0a0a0a\u00bb text_font_size=\u00bb20px\u00bb text_line_height=\u00bb1.2em\u00bb global_colors_info=\u00bb{}\u00bb]<\/p>\n<p class=\"p1\"><strong>Cartel 2-mala calidad de educaci\u00f3n p\u00fablica en Nuevo Le\u00f3n, \/ INFORMATIVOS \/ HUMORISMO \/ TIPOGR\u00c1FICO. <\/strong>La t\u00e9cnica empleada fue tip\u00f3grafica, forme un un ni\u00f1o con cabeza de burro con palabras y representaba el humor de las escuelas p\u00fablicas.<\/p>\n<p>[\/et_pb_text][et_pb_text _builder_version=\u00bb4.20.4&#8243; _module_preset=\u00bbdefault\u00bb text_font=\u00bbAbhaya Libre||||||||\u00bb text_text_color=\u00bb#0a0a0a\u00bb text_font_size=\u00bb20px\u00bb text_line_height=\u00bb1.2em\u00bb global_colors_info=\u00bb{}\u00bb]<\/p>\n<p class=\"p1\"><strong>Cartel 3- Obesidad en Nuevo Le\u00f3n, \/ FORMATIVOS \/ SARCASMO \/ ILUSTRACI\u00d3N. <\/strong><strong><\/strong>La t\u00e9cnica empleada fue ilustraci\u00f3n, realice una ilustraci\u00f3n digital en el programa AI ILUSTRATOR representando la obesidad y poniendo una frase sarc\u00e1stica en medio de la imagen.<\/p>\n<p>[\/et_pb_text][et_pb_text _builder_version=\u00bb4.20.4&#8243; _module_preset=\u00bbdefault\u00bb text_font=\u00bbAbhaya Libre||||||||\u00bb text_text_color=\u00bb#0a0a0a\u00bb text_font_size=\u00bb20px\u00bb text_line_height=\u00bb1.2em\u00bb global_colors_info=\u00bb{}\u00bb]<\/p>\n<p class=\"p1\"><strong>Cartel 3- Obesidad en Nuevo Le\u00f3n, \/ FORMATIVOS \/ SARCASMO \/ ILUSTRACI\u00d3N. <\/strong><strong><\/strong>La t\u00e9cnica empleada fue ilustraci\u00f3n, realice una ilustraci\u00f3n digital en el programa AI ILUSTRATOR representando la obesidad y poniendo una frase sarc\u00e1stica en medio de la imagen.<\/p>\n<p>[\/et_pb_text][et_pb_text _builder_version=\u00bb4.20.4&#8243; _module_preset=\u00bbdefault\u00bb text_font=\u00bbAbhaya Libre||||||||\u00bb text_text_color=\u00bb#0a0a0a\u00bb text_font_size=\u00bb20px\u00bb text_line_height=\u00bb1.2em\u00bb global_colors_info=\u00bb{}\u00bb]<\/p>\n<p class=\"p1\"><strong>Cartel 3- Obesidad en Nuevo Le\u00f3n, \/ FORMATIVOS \/ SARCASMO \/ ILUSTRACI\u00d3N. <\/strong><strong><\/strong>La t\u00e9cnica empleada fue ilustraci\u00f3n, realice una ilustraci\u00f3n digital en el programa AI ILUSTRATOR representando la obesidad y poniendo una frase sarc\u00e1stica en medio de la imagen.<\/p>\n<p>[\/et_pb_text][\/et_pb_column][\/et_pb_row][et_pb_row _builder_version=\u00bb4.20.4&#8243; _module_preset=\u00bbdefault\u00bb global_colors_info=\u00bb{}\u00bb][et_pb_column type=\u00bb4_4&#8243; _builder_version=\u00bb4.20.4&#8243; _module_preset=\u00bbdefault\u00bb global_colors_info=\u00bb{}\u00bb][et_pb_text _builder_version=\u00bb4.20.4&#8243; _module_preset=\u00bbdefault\u00bb text_font=\u00bbAbhaya Libre||||||||\u00bb text_text_color=\u00bb#0a0a0a\u00bb text_font_size=\u00bb20px\u00bb text_line_height=\u00bb1.2em\u00bb global_colors_info=\u00bb{}\u00bb]<\/p>\n<p style=\"text-align: center\"><strong>NIVEL:<\/strong> segundo semestre<\/p>\n<p>[\/et_pb_text][et_pb_text _builder_version=\u00bb4.20.4&#8243; _module_preset=\u00bbdefault\u00bb text_font=\u00bbAbhaya Libre||||||||\u00bb text_text_color=\u00bb#0a0a0a\u00bb text_font_size=\u00bb20px\u00bb text_line_height=\u00bb1.2em\u00bb global_colors_info=\u00bb{}\u00bb]<\/p>\n<p style=\"text-align: center\"><strong>MATERIA:<\/strong> dise\u00f1o gr\u00e1fico<\/p>\n<p>[\/et_pb_text][et_pb_text _builder_version=\u00bb4.20.4&#8243; _module_preset=\u00bbdefault\u00bb text_font=\u00bbAbhaya Libre||||||||\u00bb text_text_color=\u00bb#0a0a0a\u00bb text_font_size=\u00bb20px\u00bb text_line_height=\u00bb1.2em\u00bb global_colors_info=\u00bb{}\u00bb]<\/p>\n<p style=\"text-align: center\"><strong>PROYECTO:<\/strong> SERIE DE CARTELES CON PROBLEMATICAS SOCIALES<\/p>\n<p>[\/et_pb_text][\/et_pb_column][\/et_pb_row][\/et_pb_section]<\/p>\n","protected":false},"excerpt":{"rendered":"<p>DIARIOS METACOGNITIVOSPROYECTO INTEGRADOR, CREACI\u00d3N DE UNA APPCARTEL DE LA CREACI\u00d3N DE UNA APPEn este proyecto realizamos creaci\u00f3n de una app con la finalidad de ayudar a mejorar un lugar de nuestro entorno. Se realizo una investigaci\u00f3n para determinar que es lo que ibamos a mejorar. Realizamos diversos prototipos de logotipos para nuestra aplicaci\u00f3n. Seleccionamos una [&hellip;]<\/p>\n","protected":false},"author":54,"featured_media":0,"parent":11,"menu_order":2,"comment_status":"closed","ping_status":"closed","template":"","meta":{"_et_pb_use_builder":"on","_et_pb_old_content":"<!-- wp:divi\/placeholder \/-->","_et_gb_content_width":"","inline_featured_image":false,"footnotes":""},"_links":{"self":[{"href":"https:\/\/dcv.artcom.mx\/pda\/1180753\/wp-json\/wp\/v2\/pages\/67"}],"collection":[{"href":"https:\/\/dcv.artcom.mx\/pda\/1180753\/wp-json\/wp\/v2\/pages"}],"about":[{"href":"https:\/\/dcv.artcom.mx\/pda\/1180753\/wp-json\/wp\/v2\/types\/page"}],"author":[{"embeddable":true,"href":"https:\/\/dcv.artcom.mx\/pda\/1180753\/wp-json\/wp\/v2\/users\/54"}],"replies":[{"embeddable":true,"href":"https:\/\/dcv.artcom.mx\/pda\/1180753\/wp-json\/wp\/v2\/comments?post=67"}],"version-history":[{"count":10,"href":"https:\/\/dcv.artcom.mx\/pda\/1180753\/wp-json\/wp\/v2\/pages\/67\/revisions"}],"predecessor-version":[{"id":519,"href":"https:\/\/dcv.artcom.mx\/pda\/1180753\/wp-json\/wp\/v2\/pages\/67\/revisions\/519"}],"up":[{"embeddable":true,"href":"https:\/\/dcv.artcom.mx\/pda\/1180753\/wp-json\/wp\/v2\/pages\/11"}],"wp:attachment":[{"href":"https:\/\/dcv.artcom.mx\/pda\/1180753\/wp-json\/wp\/v2\/media?parent=67"}],"curies":[{"name":"wp","href":"https:\/\/api.w.org\/{rel}","templated":true}]}}