{"id":575,"date":"2024-02-19T14:44:20","date_gmt":"2024-02-19T14:44:20","guid":{"rendered":"https:\/\/dcv.artcom.mx\/pda\/1180753\/?page_id=575"},"modified":"2024-02-19T14:45:27","modified_gmt":"2024-02-19T14:45:27","slug":"actividades-eclesiasticas-y-espirituales-4","status":"publish","type":"page","link":"https:\/\/dcv.artcom.mx\/pda\/1180753\/evidencias\/actividades-eclesiasticas-y-espirituales-4\/","title":{"rendered":"Actividades eclesi\u00e1sticas y espirituales"},"content":{"rendered":"\n[et_pb_section fb_built=\u00bb1&#8243; admin_label=\u00bbFeatured Products\u00bb _builder_version=\u00bb4.20.4&#8243; hover_enabled=\u00bb0&#8243; global_colors_info=\u00bb{}\u00bb background_color=\u00bb#0c0c0c\u00bb sticky_enabled=\u00bb0&#8243; box_shadow_style=\u00bbpreset1&#8243; box_shadow_blur=\u00bb42px\u00bb box_shadow_spread=\u00bb22px\u00bb box_shadow_color=\u00bb#0C71C3&#8243; custom_padding=\u00bb||268px|||\u00bb][et_pb_row _builder_version=\u00bb4.16&#8243; global_colors_info=\u00bb{}\u00bb custom_margin=\u00bb190px|auto||auto||\u00bb][et_pb_column type=\u00bb4_4&#8243; _builder_version=\u00bb4.16&#8243; custom_padding=\u00bb|||\u00bb global_colors_info=\u00bb{}\u00bb custom_padding__hover=\u00bb|||\u00bb][et_pb_text _builder_version=\u00bb4.20.4&#8243; text_font=\u00bb||||||||\u00bb header_font=\u00bb||||||||\u00bb header_2_font=\u00bbAbhaya Libre|700|||||||\u00bb header_2_text_align=\u00bbcenter\u00bb header_2_text_color=\u00bb#ffffff\u00bb header_2_font_size=\u00bb50px\u00bb header_2_line_height=\u00bb1.2em\u00bb text_orientation=\u00bbcenter\u00bb module_alignment=\u00bbcenter\u00bb custom_margin=\u00bb||10px|\u00bb hover_enabled=\u00bb0&#8243; locked=\u00bboff\u00bb global_colors_info=\u00bb{}\u00bb sticky_enabled=\u00bb0&#8243;]<h2><strong>Actividades eclesi\u00e1sticas y espirituales<\/strong><\/h2>[\/et_pb_text][et_pb_divider color=\u00bb#0C71C3&#8243; divider_weight=\u00bb3px\u00bb disabled_on=\u00bbon|on|off\u00bb _builder_version=\u00bb4.16&#8243; max_width=\u00bb80px\u00bb module_alignment=\u00bbcenter\u00bb height=\u00bb10px\u00bb custom_margin=\u00bb||20px|\u00bb animation_style=\u00bbslide\u00bb animation_direction=\u00bbbottom\u00bb hover_enabled=\u00bb0&#8243; saved_tabs=\u00bball\u00bb locked=\u00bboff\u00bb global_colors_info=\u00bb{}\u00bb sticky_enabled=\u00bb0&#8243;][\/et_pb_divider][\/et_pb_column][\/et_pb_row][\/et_pb_section][et_pb_section fb_built=\u00bb1&#8243; theme_builder_area=\u00bbpost_content\u00bb _builder_version=\u00bb4.20.4&#8243; _module_preset=\u00bbdefault\u00bb][et_pb_row _builder_version=\u00bb4.20.4&#8243; _module_preset=\u00bbdefault\u00bb theme_builder_area=\u00bbpost_content\u00bb][et_pb_column _builder_version=\u00bb4.20.4&#8243; _module_preset=\u00bbdefault\u00bb type=\u00bb4_4&#8243; theme_builder_area=\u00bbpost_content\u00bb][et_pb_image src=\u00bbhttp:\/\/dcv.artcom.mx\/pda\/1180753\/wp-content\/uploads\/sites\/51\/2023\/04\/IMG_0128.jpg\u00bb _builder_version=\u00bb4.20.4&#8243; _module_preset=\u00bbdefault\u00bb theme_builder_area=\u00bbpost_content\u00bb hover_enabled=\u00bb0&#8243; sticky_enabled=\u00bb0&#8243; title_text=\u00bbIMG_0128&#8243; custom_margin=\u00bb|||135px||\u00bb][\/et_pb_image][\/et_pb_column][\/et_pb_row][et_pb_row _builder_version=\u00bb4.20.4&#8243; _module_preset=\u00bbdefault\u00bb theme_builder_area=\u00bbpost_content\u00bb hover_enabled=\u00bb0&#8243; sticky_enabled=\u00bb0&#8243;][et_pb_column _builder_version=\u00bb4.20.4&#8243; _module_preset=\u00bbdefault\u00bb type=\u00bb4_4&#8243; theme_builder_area=\u00bbpost_content\u00bb][et_pb_text _builder_version=\u00bb4.20.4&#8243; _module_preset=\u00bbdefault\u00bb theme_builder_area=\u00bbpost_content\u00bb text_font=\u00bbAbhaya Libre||||||||\u00bb text_font_size=\u00bb22px\u00bb text_line_height=\u00bb1.2em\u00bb text_text_color=\u00bb#0a0a0a\u00bb hover_enabled=\u00bb0&#8243; sticky_enabled=\u00bb0&#8243;]<p style=\"text-align: center\">Durante mi segundo semestre de la carrera de dise\u00f1o de comunicaci\u00f3n visual forme parte del coro del dormitorio 3 haciendo la voz de tenor 1. Este coro fue dirigido por el estudiante Caleb Trujillo.<\/p>[\/et_pb_text][\/et_pb_column][\/et_pb_row][et_pb_row _builder_version=\u00bb4.20.4&#8243; _module_preset=\u00bbdefault\u00bb theme_builder_area=\u00bbpost_content\u00bb][et_pb_column _builder_version=\u00bb4.20.4&#8243; _module_preset=\u00bbdefault\u00bb type=\u00bb4_4&#8243; theme_builder_area=\u00bbpost_content\u00bb][et_pb_image src=\u00bbhttp:\/\/dcv.artcom.mx\/pda\/1180753\/wp-content\/uploads\/sites\/51\/2023\/05\/Coro-7-2.png\u00bb _builder_version=\u00bb4.20.4&#8243; _module_preset=\u00bbdefault\u00bb theme_builder_area=\u00bbpost_content\u00bb title_text=\u00bbCoro-7&#8243; hover_enabled=\u00bb0&#8243; sticky_enabled=\u00bb0&#8243;][\/et_pb_image][\/et_pb_column][\/et_pb_row][et_pb_row _builder_version=\u00bb4.20.4&#8243; _module_preset=\u00bbdefault\u00bb theme_builder_area=\u00bbpost_content\u00bb][et_pb_column _builder_version=\u00bb4.20.4&#8243; _module_preset=\u00bbdefault\u00bb type=\u00bb4_4&#8243; theme_builder_area=\u00bbpost_content\u00bb][et_pb_text _builder_version=\u00bb4.20.4&#8243; _module_preset=\u00bbdefault\u00bb theme_builder_area=\u00bbpost_content\u00bb text_font=\u00bbAbhaya Libre||||||||\u00bb text_font_size=\u00bb24px\u00bb text_text_color=\u00bb#0a0a0a\u00bb text_line_height=\u00bb1.2em\u00bb hover_enabled=\u00bb0&#8243; sticky_enabled=\u00bb0&#8243;]<p style=\"text-align: center\">Por mi participaci\u00f3n en este coro del dormitorio recib\u00ed un reconocimiento por parte del dormitorio por formar parte de las actviidades de este curso escolar.<\/p>[\/et_pb_text][\/et_pb_column][\/et_pb_row][\/et_pb_section]\n","protected":false},"excerpt":{"rendered":"<p>Actividades eclesi\u00e1sticas y espiritualesDurante mi segundo semestre de la carrera de dise\u00f1o de comunicaci\u00f3n visual forme parte del coro del dormitorio 3 haciendo la voz de tenor 1. Este coro fue dirigido por el estudiante Caleb Trujillo.Por mi participaci\u00f3n en este coro del dormitorio recib\u00ed un reconocimiento por parte del dormitorio por formar parte de [&hellip;]<\/p>\n","protected":false},"author":54,"featured_media":0,"parent":11,"menu_order":5,"comment_status":"closed","ping_status":"closed","template":"","meta":{"_et_pb_use_builder":"on","_et_pb_old_content":"<!-- wp:divi\/placeholder \/-->","_et_gb_content_width":"","inline_featured_image":false,"footnotes":""},"_links":{"self":[{"href":"https:\/\/dcv.artcom.mx\/pda\/1180753\/wp-json\/wp\/v2\/pages\/575"}],"collection":[{"href":"https:\/\/dcv.artcom.mx\/pda\/1180753\/wp-json\/wp\/v2\/pages"}],"about":[{"href":"https:\/\/dcv.artcom.mx\/pda\/1180753\/wp-json\/wp\/v2\/types\/page"}],"author":[{"embeddable":true,"href":"https:\/\/dcv.artcom.mx\/pda\/1180753\/wp-json\/wp\/v2\/users\/54"}],"replies":[{"embeddable":true,"href":"https:\/\/dcv.artcom.mx\/pda\/1180753\/wp-json\/wp\/v2\/comments?post=575"}],"version-history":[{"count":3,"href":"https:\/\/dcv.artcom.mx\/pda\/1180753\/wp-json\/wp\/v2\/pages\/575\/revisions"}],"predecessor-version":[{"id":585,"href":"https:\/\/dcv.artcom.mx\/pda\/1180753\/wp-json\/wp\/v2\/pages\/575\/revisions\/585"}],"up":[{"embeddable":true,"href":"https:\/\/dcv.artcom.mx\/pda\/1180753\/wp-json\/wp\/v2\/pages\/11"}],"wp:attachment":[{"href":"https:\/\/dcv.artcom.mx\/pda\/1180753\/wp-json\/wp\/v2\/media?parent=575"}],"curies":[{"name":"wp","href":"https:\/\/api.w.org\/{rel}","templated":true}]}}