{"id":160,"date":"2020-03-03T22:17:35","date_gmt":"2020-03-04T04:17:35","guid":{"rendered":"http:\/\/pdadcv.artcom.mx\/portafolio-demo\/?page_id=7"},"modified":"2025-04-28T00:48:00","modified_gmt":"2025-04-28T00:48:00","slug":"mi-carrera","status":"publish","type":"page","link":"https:\/\/dcv.artcom.mx\/pda\/1180753\/mi-carrera\/","title":{"rendered":"Mi carrera"},"content":{"rendered":"<p>[et_pb_section fb_built=\u00bb1&#8243; make_equal=\u00bbon\u00bb use_custom_gutter=\u00bbon\u00bb gutter_width=\u00bb2&#8243; specialty=\u00bbon\u00bb bg_img_1=\u00bbhttp:\/\/pdadcv.artcom.mx\/portafolio-demo\/wp-content\/uploads\/sites\/2\/2020\/03\/fashion-21.jpg\u00bb padding_top_2=\u00bb100px\u00bb padding_right_2=\u00bb40px\u00bb padding_bottom_2=\u00bb100px\u00bb padding_left_2=\u00bb40px\u00bb _builder_version=\u00bb4.24.2&#8243; inner_width=\u00bb100%\u00bb inner_max_width=\u00bb100%\u00bb min_height=\u00bb1270.1px\u00bb custom_margin=\u00bb||-12px|||\u00bb custom_padding=\u00bb0px|0px|0px|0px||\u00bb hover_enabled=\u00bb0&#8243; custom_css_main_element=\u00bbmargin-left: 0 !important;\u00bb use_custom_width=\u00bbon\u00bb width_unit=\u00bboff\u00bb custom_width_percent=\u00bb100%\u00bb global_colors_info=\u00bb{}\u00bb sticky_enabled=\u00bb0&#8243;][et_pb_column type=\u00bb1_2&#8243; _builder_version=\u00bb4.16&#8243; custom_padding=\u00bb|||\u00bb global_colors_info=\u00bb{}\u00bb custom_padding__hover=\u00bb|||\u00bb][et_pb_image src=\u00bbhttp:\/\/dcv.artcom.mx\/pda\/1180753\/wp-content\/uploads\/sites\/51\/2025\/04\/YO-PORTAFOLIO-scaled.jpg\u00bb title_text=\u00bbYO PORTAFOLIO\u00bb _builder_version=\u00bb4.24.2&#8243; _module_preset=\u00bbdefault\u00bb hover_enabled=\u00bb0&#8243; global_colors_info=\u00bb{}\u00bb sticky_enabled=\u00bb0&#8243;][\/et_pb_image][et_pb_text _builder_version=\u00bb4.24.2&#8243; text_font=\u00bbPoppins||||||||\u00bb text_text_color=\u00bbrgba(0,0,0,0.4)\u00bb text_line_height=\u00bb1.9em\u00bb header_font=\u00bb||||||||\u00bb header_2_font=\u00bb||||||||\u00bb module_alignment=\u00bbcenter\u00bb custom_margin=\u00bb|||\u00bb custom_padding=\u00bb|||50px||\u00bb animation_style=\u00bbslide\u00bb animation_duration=\u00bb2000ms\u00bb animation_intensity_slide=\u00bb10%\u00bb locked=\u00bboff\u00bb global_colors_info=\u00bb{}\u00bb]<\/p>\n<p><strong>Expectativas:<\/strong><\/p>\n<ul>\n<li>Convertirme en un fotografo muy experimentado.<\/li>\n<li>Aprender a dominar los programas.<\/li>\n<li>hacer dise\u00f1os funcionales y atractivos.<\/li>\n<\/ul>\n<ul><\/ul>\n<p>[\/et_pb_text][et_pb_text _builder_version=\u00bb4.20.4&#8243; text_font=\u00bbPoppins||||||||\u00bb text_text_color=\u00bbrgba(0,0,0,0.4)\u00bb text_line_height=\u00bb1.9em\u00bb header_font=\u00bb||||||||\u00bb header_2_font=\u00bb||||||||\u00bb module_alignment=\u00bbcenter\u00bb custom_margin=\u00bb|336px||||\u00bb custom_padding=\u00bb|0px||48px||\u00bb animation_style=\u00bbslide\u00bb animation_duration=\u00bb2000ms\u00bb animation_intensity_slide=\u00bb10%\u00bb locked=\u00bboff\u00bb global_colors_info=\u00bb{}\u00bb width=\u00bb100%\u00bb]<\/p>\n<p><strong>Delimitantes:<\/strong><\/p>\n<ul>\n<li><span>Cuesti\u00f3n econ\u00f3mica.<\/span><\/li>\n<\/ul>\n<ul><\/ul>\n<p>[\/et_pb_text][et_pb_text _builder_version=\u00bb4.20.4&#8243; text_font=\u00bbPoppins||||||||\u00bb text_text_color=\u00bbrgba(0,0,0,0.4)\u00bb text_line_height=\u00bb1.9em\u00bb header_font=\u00bb||||||||\u00bb header_2_font=\u00bb||||||||\u00bb module_alignment=\u00bbcenter\u00bb custom_margin=\u00bb-24px|||||\u00bb custom_padding=\u00bb|||46px||\u00bb animation_style=\u00bbslide\u00bb animation_duration=\u00bb2000ms\u00bb animation_intensity_slide=\u00bb10%\u00bb locked=\u00bboff\u00bb global_colors_info=\u00bb{}\u00bb]<\/p>\n<p><strong>Fortalezas:<\/strong><\/p>\n<ul>\n<li><span>Determinante<\/span><\/li>\n<li><span>Enfocado<\/span><\/li>\n<li>Perserverante<\/li>\n<\/ul>\n<ul><\/ul>\n<p>[\/et_pb_text][\/et_pb_column][et_pb_column type=\u00bb1_2&#8243; specialty_columns=\u00bb2&#8243; _builder_version=\u00bb4.16&#8243; custom_padding=\u00bb|||\u00bb global_colors_info=\u00bb{}\u00bb custom_padding__hover=\u00bb|||\u00bb][et_pb_row_inner _builder_version=\u00bb4.16&#8243; max_width=\u00bb800px\u00bb custom_margin=\u00bb-80px|||||\u00bb custom_padding=\u00bb30px|0px|30px|0px\u00bb animation_style=\u00bbslide\u00bb animation_direction=\u00bbbottom\u00bb animation_intensity_slide=\u00bb10%\u00bb global_colors_info=\u00bb{}\u00bb][et_pb_column_inner saved_specialty_column_type=\u00bb1_2&#8243; _builder_version=\u00bb4.16&#8243; custom_padding=\u00bb|||\u00bb global_colors_info=\u00bb{}\u00bb custom_padding__hover=\u00bb|||\u00bb][et_pb_text _builder_version=\u00bb4.24.2&#8243; _module_preset=\u00bbdefault\u00bb text_font=\u00bbAbril Fatface||||||||\u00bb hover_enabled=\u00bb0&#8243; sticky_enabled=\u00bb0&#8243; text_font_size=\u00bb50px\u00bb text_text_color=\u00bb#0a0a0a\u00bb]<\/p>\n<p style=\"text-align: center\">MI CARRERA<\/p>\n<p>[\/et_pb_text][et_pb_divider color=\u00bb#0C71C3&#8243; divider_weight=\u00bb3px\u00bb disabled_on=\u00bbon|on|off\u00bb _builder_version=\u00bb4.20.4&#8243; max_width=\u00bb80px\u00bb module_alignment=\u00bbcenter\u00bb height=\u00bb10px\u00bb custom_margin=\u00bb||20px|\u00bb animation_style=\u00bbslide\u00bb animation_direction=\u00bbbottom\u00bb saved_tabs=\u00bball\u00bb locked=\u00bboff\u00bb global_colors_info=\u00bb{}\u00bb][\/et_pb_divider][et_pb_text _builder_version=\u00bb4.24.2&#8243; text_font=\u00bbAbril Fatface||on||||||\u00bb text_text_color=\u00bbrgba(0,0,0,0.31)\u00bb text_font_size=\u00bb24px\u00bb text_letter_spacing=\u00bb1px\u00bb text_line_height=\u00bb1.8em\u00bb text_orientation=\u00bbcenter\u00bb module_alignment=\u00bbcenter\u00bb min_height=\u00bb32px\u00bb custom_padding=\u00bb||0px|||\u00bb animation_style=\u00bbslide\u00bb animation_duration=\u00bb2000ms\u00bb animation_intensity_slide=\u00bb10%\u00bb hover_enabled=\u00bb0&#8243; global_colors_info=\u00bb{}\u00bb sticky_enabled=\u00bb0&#8243;]<\/p>\n<p>Dise\u00f1o en Comunicaci\u00f3n Visual<\/p>\n<p>[\/et_pb_text][\/et_pb_column_inner][\/et_pb_row_inner][et_pb_row_inner _builder_version=\u00bb4.16&#8243; max_width=\u00bb800px\u00bb custom_padding=\u00bb0px|0px|30px|0px||\u00bb animation_style=\u00bbslide\u00bb animation_direction=\u00bbbottom\u00bb animation_intensity_slide=\u00bb10%\u00bb global_colors_info=\u00bb{}\u00bb][et_pb_column_inner saved_specialty_column_type=\u00bb1_2&#8243; _builder_version=\u00bb4.16&#8243; custom_padding=\u00bb|||\u00bb global_colors_info=\u00bb{}\u00bb custom_padding__hover=\u00bb|||\u00bb][et_pb_text _builder_version=\u00bb4.24.2&#8243; text_font=\u00bbAkshar|600|||||||\u00bb text_text_color=\u00bbrgba(0,0,0,0.6)\u00bb text_font_size=\u00bb16px\u00bb text_line_height=\u00bb1.9em\u00bb header_font=\u00bb||||||||\u00bb header_2_font=\u00bb||||||||\u00bb module_alignment=\u00bbcenter\u00bb custom_margin=\u00bb||5px|||\u00bb animation_style=\u00bbslide\u00bb animation_duration=\u00bb2000ms\u00bb animation_intensity_slide=\u00bb10%\u00bb hover_enabled=\u00bb0&#8243; locked=\u00bboff\u00bb global_colors_info=\u00bb{}\u00bb sticky_enabled=\u00bb0&#8243;]<\/p>\n<p><span>Crec\u00ed viendo mucho contenido en YouTube, cuando era m\u00e1s peque\u00f1o y ve\u00eda como personas grababan lo que jugaban y reaccionaban a lo que hac\u00edan yo deseaba ser como ellos, mientras m\u00e1s crec\u00eda m\u00e1s me interesaba por el mundo digital. llego el momento de estudiar la universidad y estaba muy indeciso en que estudiar. Curse un semestre de arquitectura con la idea de poder dibujar y tomar muchas fotos, pero me equivoque, as\u00ed que decid\u00ed cambiarme a dise\u00f1o de comunicaci\u00f3n visual. Me vi muy influenciado por mi youtuber y fot\u00f3grafo favorito (Marcos Alberca) el cual estudio dise\u00f1o de comunicaci\u00f3n visual y me dejo maravillado con su trabajo, \u00e9l es una de las razones por las cuales escog\u00ed estudiar esta carrera, pero debo decir que el estar en esta carrera me ha maravillado m\u00e1s de lo que esperaba. Estoy desarrollando habilidades que jam\u00e1s cre\u00ed que pod\u00eda tener. Por m\u00e1s que me apasione la fotograf\u00eda, mi amor por el dise\u00f1ar cosas creci\u00f3 exponencialmente en este primer a\u00f1o de mi carrera. El aprender a ilustrar en ilustrator, el poder crear montajes surrealistas en photoshop, el haber creado mi propia tipograf\u00eda son cosas que nunca imagine que pod\u00eda hacer, sin duda alguna estudiar dise\u00f1o de comunicaci\u00f3n visual a sido la mejor decisi\u00f3n que e tomado en mi vida.\u00a0<\/span><\/p>\n<p>[\/et_pb_text][et_pb_text _builder_version=\u00bb4.24.2&#8243; text_font=\u00bbAkshar|600|||||||\u00bb text_text_color=\u00bbrgba(0,0,0,0.6)\u00bb text_font_size=\u00bb16px\u00bb text_line_height=\u00bb1.9em\u00bb header_font=\u00bb||||||||\u00bb header_2_font=\u00bb||||||||\u00bb module_alignment=\u00bbcenter\u00bb custom_margin=\u00bb|||\u00bb animation_style=\u00bbslide\u00bb animation_duration=\u00bb2000ms\u00bb animation_intensity_slide=\u00bb10%\u00bb hover_enabled=\u00bb0&#8243; locked=\u00bboff\u00bb global_colors_info=\u00bb{}\u00bb sticky_enabled=\u00bb0&#8243;]<\/p>\n<p><span>Crec\u00ed viendo mucho contenido en YouTube, cuando era m\u00e1s peque\u00f1o y ve\u00eda como personas grababan lo que jugaban y reaccionaban a lo que hac\u00edan yo deseaba ser como ellos, mientras m\u00e1s crec\u00eda m\u00e1s me interesaba por el mundo digital. llego el momento de estudiar la universidad y estaba muy indeciso en que estudiar. Curse un semestre de arquitectura con la idea de poder dibujar y tomar muchas fotos, pero me equivoque, as\u00ed que decid\u00ed cambiarme a dise\u00f1o de comunicaci\u00f3n visual. Me vi muy influenciado por mi youtuber y fot\u00f3grafo favorito (Marcos Alberca) el cual estudio dise\u00f1o de comunicaci\u00f3n visual y me dejo maravillado con su trabajo, \u00e9l es una de las razones por las cuales escog\u00ed estudiar esta carrera, pero debo decir que el estar en esta carrera me ha maravillado m\u00e1s de lo que esperaba. Estoy desarrollando habilidades que jam\u00e1s cre\u00ed que pod\u00eda tener. Por m\u00e1s que me apasione la fotograf\u00eda, mi amor por el dise\u00f1ar cosas creci\u00f3 exponencialmente en este primer a\u00f1o de mi carrera. El aprender a ilustrar en ilustrator, el poder crear montajes surrealistas en photoshop, el haber creado mi propia tipograf\u00eda son cosas que nunca imagine que pod\u00eda hacer, sin duda alguna estudiar dise\u00f1o de comunicaci\u00f3n visual a sido la mejor decisi\u00f3n que e tomado en mi vida.\u00a0<\/span><\/p>\n<p>[\/et_pb_text][\/et_pb_column_inner][\/et_pb_row_inner][et_pb_row_inner _builder_version=\u00bb4.24.2&#8243; max_width=\u00bb800px\u00bb custom_margin=\u00bb|107px||-56px||\u00bb custom_padding=\u00bb30px|0px|30px|0px\u00bb animation_style=\u00bbslide\u00bb animation_direction=\u00bbbottom\u00bb animation_intensity_slide=\u00bb10%\u00bb hover_enabled=\u00bb0&#8243; global_colors_info=\u00bb{}\u00bb sticky_enabled=\u00bb0&#8243;][et_pb_column_inner saved_specialty_column_type=\u00bb1_2&#8243; _builder_version=\u00bb4.24.2&#8243; custom_padding=\u00bb|||\u00bb global_colors_info=\u00bb{}\u00bb custom_padding__hover=\u00bb|||\u00bb][et_pb_text _builder_version=\u00bb4.24.2&#8243; _module_preset=\u00bbdefault\u00bb text_font=\u00bbAbril Fatface||||||||\u00bb text_font_size=\u00bb80px\u00bb text_line_height=\u00bb1em\u00bb hover_enabled=\u00bb0&#8243; sticky_enabled=\u00bb0&#8243; custom_margin=\u00bb40px||5px|-166px||\u00bb custom_padding=\u00bb||0px|||\u00bb]<\/p>\n<p>\u00abSIC PARVIS MAGNA\u00bb<\/p>\n<p>&nbsp;<\/p>\n<p>[\/et_pb_text][et_pb_text _builder_version=\u00bb4.24.2&#8243; _module_preset=\u00bbdefault\u00bb text_font_size=\u00bb22px\u00bb text_line_height=\u00bb1em\u00bb text_font=\u00bbAkshar||||||||\u00bb hover_enabled=\u00bb0&#8243; sticky_enabled=\u00bb0&#8243; custom_margin=\u00bb-148px||-3px|-138px||\u00bb min_height=\u00bb17px\u00bb custom_padding=\u00bb||29px|||\u00bb]<\/p>\n<p>\u00abLA GRANDEZA NACE DE\u00a0 PEQUE\u00d1OS COMIENZOS\u00bb<\/p>\n<p>[\/et_pb_text][\/et_pb_column_inner][\/et_pb_row_inner][\/et_pb_column][\/et_pb_section][et_pb_section fb_built=\u00bb1&#8243; theme_builder_area=\u00bbpost_content\u00bb _builder_version=\u00bb4.24.2&#8243; _module_preset=\u00bbdefault\u00bb title_text=\u00bbFONDO 2&#8243; background_image=\u00bbhttp:\/\/dcv.artcom.mx\/pda\/1180753\/wp-content\/uploads\/sites\/51\/2025\/04\/FONDO-2.jpg\u00bb hover_enabled=\u00bb0&#8243; sticky_enabled=\u00bb0&#8243; custom_padding=\u00bb||120px|||\u00bb][\/et_pb_section][et_pb_section fb_built=\u00bb1&#8243; make_equal=\u00bbon\u00bb use_custom_gutter=\u00bbon\u00bb gutter_width=\u00bb2&#8243; specialty=\u00bbon\u00bb bg_img_1=\u00bbhttp:\/\/pdadcv.artcom.mx\/portafolio-demo\/wp-content\/uploads\/sites\/2\/2020\/03\/fashion-21.jpg\u00bb padding_top_2=\u00bb100px\u00bb padding_right_2=\u00bb40px\u00bb padding_bottom_2=\u00bb100px\u00bb padding_left_2=\u00bb40px\u00bb _builder_version=\u00bb4.24.2&#8243; inner_width=\u00bb100%\u00bb inner_max_width=\u00bb100%\u00bb min_height=\u00bb1270.1px\u00bb custom_margin=\u00bb||11px|||\u00bb custom_padding=\u00bb36px|0px|0px|0px||\u00bb hover_enabled=\u00bb0&#8243; custom_css_main_element=\u00bbmargin-left: 0 !important;\u00bb use_custom_width=\u00bbon\u00bb width_unit=\u00bboff\u00bb custom_width_percent=\u00bb100%\u00bb global_colors_info=\u00bb{}\u00bb sticky_enabled=\u00bb0&#8243;][et_pb_column type=\u00bb1_2&#8243; _builder_version=\u00bb4.16&#8243; custom_padding=\u00bb|||\u00bb global_colors_info=\u00bb{}\u00bb custom_padding__hover=\u00bb|||\u00bb][et_pb_image src=\u00bbhttp:\/\/dcv.artcom.mx\/pda\/1180753\/wp-content\/uploads\/sites\/51\/2025\/04\/Y0-5-scaled.jpg\u00bb title_text=\u00bbY0 5&#8243; _builder_version=\u00bb4.24.2&#8243; _module_preset=\u00bbdefault\u00bb hover_enabled=\u00bb0&#8243; global_colors_info=\u00bb{}\u00bb sticky_enabled=\u00bb0&#8243;][\/et_pb_image][et_pb_text _builder_version=\u00bb4.24.2&#8243; text_font=\u00bbPoppins||||||||\u00bb text_text_color=\u00bbrgba(0,0,0,0.4)\u00bb text_line_height=\u00bb1.9em\u00bb header_font=\u00bb||||||||\u00bb header_2_font=\u00bb||||||||\u00bb module_alignment=\u00bbcenter\u00bb custom_margin=\u00bb|||\u00bb custom_padding=\u00bb|||50px||\u00bb animation_style=\u00bbslide\u00bb animation_duration=\u00bb2000ms\u00bb animation_intensity_slide=\u00bb10%\u00bb hover_enabled=\u00bb0&#8243; locked=\u00bboff\u00bb global_colors_info=\u00bb{}\u00bb sticky_enabled=\u00bb0&#8243;]<\/p>\n<p>Expectations:<\/p>\n<ul>\n<li>Become a highly experienced photographer.<\/li>\n<li>Learn to master the software.<\/li>\n<li>Create functional and attractive designs.<\/li>\n<\/ul>\n<p>[\/et_pb_text][et_pb_text _builder_version=\u00bb4.24.2&#8243; text_font=\u00bbPoppins||||||||\u00bb text_text_color=\u00bbrgba(0,0,0,0.4)\u00bb text_line_height=\u00bb1.9em\u00bb header_font=\u00bb||||||||\u00bb header_2_font=\u00bb||||||||\u00bb module_alignment=\u00bbcenter\u00bb custom_margin=\u00bb|336px||||\u00bb custom_padding=\u00bb|0px||48px||\u00bb animation_style=\u00bbslide\u00bb animation_duration=\u00bb2000ms\u00bb animation_intensity_slide=\u00bb10%\u00bb hover_enabled=\u00bb0&#8243; locked=\u00bboff\u00bb global_colors_info=\u00bb{}\u00bb width=\u00bb100%\u00bb sticky_enabled=\u00bb0&#8243;]<\/p>\n<p>Delimiters:<\/p>\n<ul>\n<li>Economic issue.<\/li>\n<\/ul>\n<p>[\/et_pb_text][et_pb_text _builder_version=\u00bb4.24.2&#8243; text_font=\u00bbPoppins||||||||\u00bb text_text_color=\u00bbrgba(0,0,0,0.4)\u00bb text_line_height=\u00bb1.9em\u00bb header_font=\u00bb||||||||\u00bb header_2_font=\u00bb||||||||\u00bb module_alignment=\u00bbcenter\u00bb custom_margin=\u00bb-24px|||||\u00bb custom_padding=\u00bb|||46px||\u00bb animation_style=\u00bbslide\u00bb animation_duration=\u00bb2000ms\u00bb animation_intensity_slide=\u00bb10%\u00bb hover_enabled=\u00bb0&#8243; locked=\u00bboff\u00bb global_colors_info=\u00bb{}\u00bb sticky_enabled=\u00bb0&#8243;]<\/p>\n<p>Strengths:<\/p>\n<ul>\n<li>Determined<\/li>\n<li>Focused<\/li>\n<li>Persistent<\/li>\n<\/ul>\n<p>[\/et_pb_text][\/et_pb_column][et_pb_column type=\u00bb1_2&#8243; specialty_columns=\u00bb2&#8243; _builder_version=\u00bb4.16&#8243; custom_padding=\u00bb|||\u00bb global_colors_info=\u00bb{}\u00bb custom_padding__hover=\u00bb|||\u00bb][et_pb_row_inner _builder_version=\u00bb4.16&#8243; max_width=\u00bb800px\u00bb custom_margin=\u00bb-80px|||||\u00bb custom_padding=\u00bb30px|0px|30px|0px\u00bb animation_style=\u00bbslide\u00bb animation_direction=\u00bbbottom\u00bb animation_intensity_slide=\u00bb10%\u00bb global_colors_info=\u00bb{}\u00bb][et_pb_column_inner saved_specialty_column_type=\u00bb1_2&#8243; _builder_version=\u00bb4.16&#8243; custom_padding=\u00bb|||\u00bb global_colors_info=\u00bb{}\u00bb custom_padding__hover=\u00bb|||\u00bb][et_pb_text _builder_version=\u00bb4.24.2&#8243; _module_preset=\u00bbdefault\u00bb text_font=\u00bbAbril Fatface||||||||\u00bb hover_enabled=\u00bb0&#8243; sticky_enabled=\u00bb0&#8243; text_font_size=\u00bb50px\u00bb text_text_color=\u00bb#0a0a0a\u00bb]<\/p>\n<p style=\"text-align: center\">MY CAREER<\/p>\n<p>[\/et_pb_text][et_pb_divider color=\u00bb#0C71C3&#8243; divider_weight=\u00bb3px\u00bb disabled_on=\u00bbon|on|off\u00bb _builder_version=\u00bb4.20.4&#8243; max_width=\u00bb80px\u00bb module_alignment=\u00bbcenter\u00bb height=\u00bb10px\u00bb custom_margin=\u00bb||20px|\u00bb animation_style=\u00bbslide\u00bb animation_direction=\u00bbbottom\u00bb saved_tabs=\u00bball\u00bb locked=\u00bboff\u00bb global_colors_info=\u00bb{}\u00bb][\/et_pb_divider][et_pb_text _builder_version=\u00bb4.24.2&#8243; text_font=\u00bbAbril Fatface||on||||||\u00bb text_text_color=\u00bbrgba(0,0,0,0.31)\u00bb text_font_size=\u00bb24px\u00bb text_letter_spacing=\u00bb1px\u00bb text_line_height=\u00bb1.8em\u00bb text_orientation=\u00bbcenter\u00bb module_alignment=\u00bbcenter\u00bb min_height=\u00bb32px\u00bb custom_padding=\u00bb||0px|||\u00bb animation_style=\u00bbslide\u00bb animation_duration=\u00bb2000ms\u00bb animation_intensity_slide=\u00bb10%\u00bb hover_enabled=\u00bb0&#8243; global_colors_info=\u00bb{}\u00bb sticky_enabled=\u00bb0&#8243;]<\/p>\n<p>Visual Communication Design<\/p>\n<p>[\/et_pb_text][\/et_pb_column_inner][\/et_pb_row_inner][et_pb_row_inner _builder_version=\u00bb4.16&#8243; max_width=\u00bb800px\u00bb custom_padding=\u00bb0px|0px|30px|0px||\u00bb animation_style=\u00bbslide\u00bb animation_direction=\u00bbbottom\u00bb animation_intensity_slide=\u00bb10%\u00bb global_colors_info=\u00bb{}\u00bb][et_pb_column_inner saved_specialty_column_type=\u00bb1_2&#8243; _builder_version=\u00bb4.16&#8243; custom_padding=\u00bb|||\u00bb global_colors_info=\u00bb{}\u00bb custom_padding__hover=\u00bb|||\u00bb][et_pb_text _builder_version=\u00bb4.24.2&#8243; text_font=\u00bbAkshar|600|||||||\u00bb text_text_color=\u00bbrgba(0,0,0,0.6)\u00bb text_font_size=\u00bb16px\u00bb text_line_height=\u00bb1.9em\u00bb header_font=\u00bb||||||||\u00bb header_2_font=\u00bb||||||||\u00bb module_alignment=\u00bbcenter\u00bb custom_margin=\u00bb||5px|||\u00bb animation_style=\u00bbslide\u00bb animation_duration=\u00bb2000ms\u00bb animation_intensity_slide=\u00bb10%\u00bb hover_enabled=\u00bb0&#8243; locked=\u00bboff\u00bb global_colors_info=\u00bb{}\u00bb sticky_enabled=\u00bb0&#8243;]<\/p>\n<p>I grew up watching a lot of content on YouTube. When I was younger, I saw people recording their games and reacting to what they did. I wanted to be like them. The older I got, the more interested I became in the digital world. It was time to go to college, and I was very undecided about what to study. I took a semester of architecture with the idea of \u200b\u200bbeing able to draw and take a lot of photos, but I was wrong, so I decided to switch to visual communication design. I was greatly influenced by my favorite YouTuber and photographer (Marcos Alberca), who studied visual communication design and amazed me with his work. He is one of the reasons why I chose to study this career. But I must say that being in this field has amazed me more than I expected. I am developing skills that I never thought I could have. As much as I am passionate about photography, my love for designing things grew exponentially in this first year of my degree. Learning to illustrate in Illustrator, being able to create surreal montages in Photoshop, having created my own typography are things I never imagined I could do. Without a doubt, studying visual communication design has been the best decision I&#8217;ve ever made in my life.<\/p>\n<p>[\/et_pb_text][et_pb_text _builder_version=\u00bb4.24.2&#8243; text_font=\u00bbAkshar|600|||||||\u00bb text_text_color=\u00bbrgba(0,0,0,0.6)\u00bb text_font_size=\u00bb16px\u00bb text_line_height=\u00bb1.9em\u00bb header_font=\u00bb||||||||\u00bb header_2_font=\u00bb||||||||\u00bb module_alignment=\u00bbcenter\u00bb custom_margin=\u00bb|||\u00bb animation_style=\u00bbslide\u00bb animation_duration=\u00bb2000ms\u00bb animation_intensity_slide=\u00bb10%\u00bb hover_enabled=\u00bb0&#8243; locked=\u00bboff\u00bb global_colors_info=\u00bb{}\u00bb sticky_enabled=\u00bb0&#8243;]<\/p>\n<p>I grew up watching a lot of content on YouTube. When I was younger, I saw people recording their games and reacting to what they did. I wanted to be like them. The older I got, the more interested I became in the digital world. It was time to go to college, and I was very undecided about what to study. I took a semester of architecture with the idea of \u200b\u200bbeing able to draw and take a lot of photos, but I was wrong, so I decided to switch to visual communication design. I was greatly influenced by my favorite YouTuber and photographer (Marcos Alberca), who studied visual communication design and amazed me with his work. He is one of the reasons why I chose to study this career. But I must say that being in this field has amazed me more than I expected. I am developing skills that I never thought I could have. As much as I am passionate about photography, my love for designing things grew exponentially in this first year of my degree. Learning to illustrate in Illustrator, being able to create surreal montages in Photoshop, having created my own typography are things I never imagined I could do. Without a doubt, studying visual communication design has been the best decision I&#8217;ve ever made in my life.<\/p>\n<p>[\/et_pb_text][\/et_pb_column_inner][\/et_pb_row_inner][et_pb_row_inner _builder_version=\u00bb4.24.2&#8243; max_width=\u00bb800px\u00bb custom_margin=\u00bb|107px||-56px||\u00bb custom_padding=\u00bb30px|0px|30px|0px\u00bb animation_style=\u00bbslide\u00bb animation_direction=\u00bbbottom\u00bb animation_intensity_slide=\u00bb10%\u00bb hover_enabled=\u00bb0&#8243; global_colors_info=\u00bb{}\u00bb sticky_enabled=\u00bb0&#8243;][et_pb_column_inner saved_specialty_column_type=\u00bb1_2&#8243; _builder_version=\u00bb4.24.2&#8243; custom_padding=\u00bb|||\u00bb global_colors_info=\u00bb{}\u00bb custom_padding__hover=\u00bb|||\u00bb][et_pb_text _builder_version=\u00bb4.24.2&#8243; _module_preset=\u00bbdefault\u00bb text_font=\u00bbAbril Fatface||||||||\u00bb text_font_size=\u00bb80px\u00bb text_line_height=\u00bb1em\u00bb hover_enabled=\u00bb0&#8243; sticky_enabled=\u00bb0&#8243; custom_margin=\u00bb40px||5px|-166px||\u00bb custom_padding=\u00bb||0px|||\u00bb]<\/p>\n<p>\u00abSIC PARVIS MAGNA\u00bb<\/p>\n<p>&nbsp;<\/p>\n<p>[\/et_pb_text][et_pb_text _builder_version=\u00bb4.24.2&#8243; _module_preset=\u00bbdefault\u00bb text_font_size=\u00bb22px\u00bb text_line_height=\u00bb1em\u00bb text_font=\u00bbAkshar||||||||\u00bb hover_enabled=\u00bb0&#8243; sticky_enabled=\u00bb0&#8243; custom_margin=\u00bb-148px||-3px|-138px||\u00bb min_height=\u00bb17px\u00bb custom_padding=\u00bb||29px|||\u00bb]<\/p>\n<p>\u00abGREATNESS IS BORN FROM SMALL BEGINNINGS\u00bb<\/p>\n<p>[\/et_pb_text][\/et_pb_column_inner][\/et_pb_row_inner][\/et_pb_column][\/et_pb_section]<\/p>\n","protected":false},"excerpt":{"rendered":"<p>Expectativas: Convertirme en un fotografo muy experimentado. Aprender a dominar los programas. hacer dise\u00f1os funcionales y atractivos. Delimitantes: Cuesti\u00f3n econ\u00f3mica. Fortalezas: Determinante Enfocado Perserverante MI CARRERADise\u00f1o en Comunicaci\u00f3n VisualCrec\u00ed viendo mucho contenido en YouTube, cuando era m\u00e1s peque\u00f1o y ve\u00eda como personas grababan lo que jugaban y reaccionaban a lo que hac\u00edan yo deseaba ser [&hellip;]<\/p>\n","protected":false},"author":54,"featured_media":0,"parent":0,"menu_order":3,"comment_status":"closed","ping_status":"closed","template":"","meta":{"_et_pb_use_builder":"on","_et_pb_old_content":"","_et_gb_content_width":"","inline_featured_image":false,"footnotes":""},"_links":{"self":[{"href":"https:\/\/dcv.artcom.mx\/pda\/1180753\/wp-json\/wp\/v2\/pages\/160"}],"collection":[{"href":"https:\/\/dcv.artcom.mx\/pda\/1180753\/wp-json\/wp\/v2\/pages"}],"about":[{"href":"https:\/\/dcv.artcom.mx\/pda\/1180753\/wp-json\/wp\/v2\/types\/page"}],"author":[{"embeddable":true,"href":"https:\/\/dcv.artcom.mx\/pda\/1180753\/wp-json\/wp\/v2\/users\/54"}],"replies":[{"embeddable":true,"href":"https:\/\/dcv.artcom.mx\/pda\/1180753\/wp-json\/wp\/v2\/comments?post=160"}],"version-history":[{"count":14,"href":"https:\/\/dcv.artcom.mx\/pda\/1180753\/wp-json\/wp\/v2\/pages\/160\/revisions"}],"predecessor-version":[{"id":832,"href":"https:\/\/dcv.artcom.mx\/pda\/1180753\/wp-json\/wp\/v2\/pages\/160\/revisions\/832"}],"wp:attachment":[{"href":"https:\/\/dcv.artcom.mx\/pda\/1180753\/wp-json\/wp\/v2\/media?parent=160"}],"curies":[{"name":"wp","href":"https:\/\/api.w.org\/{rel}","templated":true}]}}