{"id":9,"date":"2020-03-03T22:18:20","date_gmt":"2020-03-03T22:18:20","guid":{"rendered":"http:\/\/pdadcv.artcom.mx\/portafolio-demo\/?page_id=9"},"modified":"2025-05-14T23:04:59","modified_gmt":"2025-05-14T23:04:59","slug":"mi-entorno-personal-de-aprendizaje","status":"publish","type":"page","link":"https:\/\/dcv.artcom.mx\/pda\/1180412\/mi-entorno-personal-de-aprendizaje\/","title":{"rendered":"Mi entorno personal de Aprendizaje"},"content":{"rendered":"<p>[et_pb_section fb_built=\u00bb1&#8243; admin_label=\u00bbHeader\u00bb _builder_version=\u00bb4.24.2&#8243; _module_preset=\u00bbdefault\u00bb background_color=\u00bbgcid-67960745-cc0c-4d73-b86b-ef2d6023be78&#8243; background_enable_image=\u00bboff\u00bb custom_padding=\u00bb0px||0px||true|\u00bb collapsed=\u00bbon\u00bb global_colors_info=\u00bb{%22gcid-67960745-cc0c-4d73-b86b-ef2d6023be78%22:%91%22background_color%22%93}\u00bb][et_pb_row _builder_version=\u00bb4.24.2&#8243; _module_preset=\u00bbdefault\u00bb custom_padding=\u00bb116px||33px|||\u00bb global_colors_info=\u00bb{}\u00bb][et_pb_column type=\u00bb4_4&#8243; _builder_version=\u00bb4.24.2&#8243; _module_preset=\u00bbdefault\u00bb global_colors_info=\u00bb{}\u00bb][et_pb_text _builder_version=\u00bb4.24.2&#8243; _module_preset=\u00bbdefault\u00bb text_font=\u00bbAdamina|700|||||||\u00bb text_text_color=\u00bb#000000&#8243; text_font_size=\u00bb52px\u00bb text_line_height=\u00bb1.1em\u00bb custom_margin=\u00bb35px||19px|||\u00bb custom_padding=\u00bb|29px||1px||\u00bb global_colors_info=\u00bb{}\u00bb]<\/p>\n<p style=\"text-align: center\">This is where I get my Inspiration<\/p>\n<p>&nbsp;<\/p>\n<p>[\/et_pb_text][\/et_pb_column][\/et_pb_row][\/et_pb_section][et_pb_section fb_built=\u00bb1&#8243; admin_label=\u00bbCountdown\u00bb _builder_version=\u00bb4.24.2&#8243; _module_preset=\u00bbdefault\u00bb background_color=\u00bbrgba(0,0,0,0.94)\u00bb background_enable_image=\u00bboff\u00bb background_position=\u00bbbottom_center\u00bb background_vertical_offset=\u00bb100%\u00bb custom_margin=\u00bb-22px|||||\u00bb custom_padding=\u00bb17px|0px|7vw||false|false\u00bb collapsed=\u00bbon\u00bb global_colors_info=\u00bb{}\u00bb][et_pb_row column_structure=\u00bb1_5,1_5,1_5,1_5,1_5&#8243; _builder_version=\u00bb4.24.2&#8243; _module_preset=\u00bbdefault\u00bb width=\u00bb100%\u00bb max_width=\u00bb1298px\u00bb custom_margin=\u00bb50px|32px|14px|87px||\u00bb custom_padding=\u00bb49px||33px|||\u00bb global_colors_info=\u00bb{}\u00bb][et_pb_column type=\u00bb1_5&#8243; _builder_version=\u00bb4.24.2&#8243; _module_preset=\u00bbdefault\u00bb link_option_url=\u00bbhttps:\/\/pin.it\/27M5lAvds\u00bb link_option_url_new_window=\u00bbon\u00bb global_colors_info=\u00bb{}\u00bb][et_pb_image src=\u00bbhttp:\/\/dcv.artcom.mx\/pda\/1180412\/wp-content\/uploads\/sites\/37\/2025\/05\/Elementos-portafolio-digi-9.png\u00bb title_text=\u00bbElementos portafolio digi (9)\u00bb _builder_version=\u00bb4.24.2&#8243; _module_preset=\u00bbdefault\u00bb width=\u00bb129.7%\u00bb custom_margin=\u00bb|-27px|-2px|-52px||\u00bb custom_padding=\u00bb|||1px||\u00bb global_colors_info=\u00bb{}\u00bb][\/et_pb_image][et_pb_text _builder_version=\u00bb4.24.2&#8243; _module_preset=\u00bbdefault\u00bb text_font=\u00bbAdamina|700|||||||\u00bb text_text_color=\u00bb#FFFFFF\u00bb text_font_size=\u00bb30px\u00bb text_orientation=\u00bbcenter\u00bb custom_margin=\u00bb|||-29px||\u00bb global_colors_info=\u00bb{}\u00bb]<\/p>\n<p>Pinterest<\/p>\n<p>[\/et_pb_text][\/et_pb_column][et_pb_column type=\u00bb1_5&#8243; _builder_version=\u00bb4.24.2&#8243; _module_preset=\u00bbdefault\u00bb global_colors_info=\u00bb{}\u00bb][et_pb_image src=\u00bbhttp:\/\/dcv.artcom.mx\/pda\/1180412\/wp-content\/uploads\/sites\/37\/2025\/05\/Elementos-portafolio-digi-11.png\u00bb title_text=\u00bbElementos portafolio digi (11)\u00bb url=\u00bbhttps:\/\/same.energy\/\u00bb url_new_window=\u00bbon\u00bb align=\u00bbcenter\u00bb _builder_version=\u00bb4.24.2&#8243; _module_preset=\u00bbdefault\u00bb custom_margin=\u00bb|||-55px||\u00bb custom_padding=\u00bb|0px||0px||\u00bb global_colors_info=\u00bb{}\u00bb][\/et_pb_image][et_pb_text _builder_version=\u00bb4.24.2&#8243; _module_preset=\u00bbdefault\u00bb text_font=\u00bbAdamina|700|||||||\u00bb text_text_color=\u00bb#FFFFFF\u00bb text_font_size=\u00bb30px\u00bb text_line_height=\u00bb0.2em\u00bb text_orientation=\u00bbcenter\u00bb custom_margin=\u00bb-27px|||-45px||\u00bb global_colors_info=\u00bb{}\u00bb]<\/p>\n<p>Same Energy<\/p>\n<p>[\/et_pb_text][\/et_pb_column][et_pb_column type=\u00bb1_5&#8243; _builder_version=\u00bb4.24.2&#8243; _module_preset=\u00bbdefault\u00bb global_colors_info=\u00bb{}\u00bb][et_pb_image src=\u00bbhttp:\/\/dcv.artcom.mx\/pda\/1180412\/wp-content\/uploads\/sites\/37\/2025\/05\/Elementos-portafolio-digi-10-1.png\u00bb title_text=\u00bbElementos portafolio digi (10)\u00bb url=\u00bbhttps:\/\/savee.it\/\u00bb url_new_window=\u00bbon\u00bb align=\u00bbcenter\u00bb _builder_version=\u00bb4.24.2&#8243; _module_preset=\u00bbdefault\u00bb custom_margin=\u00bb-2px|||-62px||\u00bb custom_padding=\u00bb|||0px||\u00bb global_colors_info=\u00bb{}\u00bb][\/et_pb_image][et_pb_text _builder_version=\u00bb4.24.2&#8243; _module_preset=\u00bbdefault\u00bb text_font=\u00bbAdamina|700|||||||\u00bb text_text_color=\u00bb#FFFFFF\u00bb text_font_size=\u00bb30px\u00bb text_line_height=\u00bb0.2em\u00bb text_orientation=\u00bbcenter\u00bb min_height=\u00bb26px\u00bb custom_margin=\u00bb-24px|||-51px||\u00bb global_colors_info=\u00bb{}\u00bb]<\/p>\n<p>Savee.it<\/p>\n<p>[\/et_pb_text][\/et_pb_column][et_pb_column type=\u00bb1_5&#8243; _builder_version=\u00bb4.24.2&#8243; _module_preset=\u00bbdefault\u00bb global_colors_info=\u00bb{}\u00bb][et_pb_image src=\u00bbhttp:\/\/dcv.artcom.mx\/pda\/1180412\/wp-content\/uploads\/sites\/37\/2025\/05\/Elementos-portafolio-digi-12.png\u00bb title_text=\u00bbElementos portafolio digi (12)\u00bb url=\u00bbhttps:\/\/logosystem.co\/\u00bb url_new_window=\u00bbon\u00bb align=\u00bbcenter\u00bb _builder_version=\u00bb4.24.2&#8243; _module_preset=\u00bbdefault\u00bb custom_margin=\u00bb|||-59px||\u00bb global_colors_info=\u00bb{}\u00bb][\/et_pb_image][et_pb_text _builder_version=\u00bb4.24.2&#8243; _module_preset=\u00bbdefault\u00bb text_font=\u00bbAdamina|700|||||||\u00bb text_text_color=\u00bb#FFFFFF\u00bb text_font_size=\u00bb30px\u00bb text_line_height=\u00bb0.2em\u00bb text_orientation=\u00bbcenter\u00bb min_height=\u00bb25px\u00bb custom_margin=\u00bb-27px|||-45px||\u00bb global_colors_info=\u00bb{}\u00bb]<\/p>\n<p>Logo System<\/p>\n<p>[\/et_pb_text][\/et_pb_column][et_pb_column type=\u00bb1_5&#8243; _builder_version=\u00bb4.24.2&#8243; _module_preset=\u00bbdefault\u00bb global_colors_info=\u00bb{}\u00bb][et_pb_image src=\u00bbhttp:\/\/dcv.artcom.mx\/pda\/1180412\/wp-content\/uploads\/sites\/37\/2025\/05\/Elementos-portafolio-digi-13.png\u00bb title_text=\u00bbElementos portafolio digi (13)\u00bb url=\u00bbhttps:\/\/www.behance.net\/\u00bb url_new_window=\u00bbon\u00bb _builder_version=\u00bb4.24.2&#8243; _module_preset=\u00bbdefault\u00bb custom_margin=\u00bb|||-60px||\u00bb global_colors_info=\u00bb{}\u00bb][\/et_pb_image][et_pb_text _builder_version=\u00bb4.24.2&#8243; _module_preset=\u00bbdefault\u00bb text_font=\u00bbAdamina|700|||||||\u00bb text_text_color=\u00bb#FFFFFF\u00bb text_font_size=\u00bb30px\u00bb text_line_height=\u00bb0.2em\u00bb text_orientation=\u00bbcenter\u00bb min_height=\u00bb25px\u00bb custom_margin=\u00bb-22px|||-49px||\u00bb global_colors_info=\u00bb{}\u00bb]<\/p>\n<p>Behance<\/p>\n<p>[\/et_pb_text][\/et_pb_column][\/et_pb_row][\/et_pb_section][et_pb_section fb_built=\u00bb1&#8243; admin_label=\u00bbProducts\u00bb _builder_version=\u00bb4.20.0&#8243; _module_preset=\u00bbdefault\u00bb custom_margin=\u00bb||23px|||\u00bb custom_padding=\u00bb||56px|||\u00bb collapsed=\u00bbon\u00bb global_colors_info=\u00bb{}\u00bb][\/et_pb_section][et_pb_section fb_built=\u00bb1&#8243; admin_label=\u00bbAbout\u00bb _builder_version=\u00bb4.24.2&#8243; _module_preset=\u00bbdefault\u00bb width=\u00bb100%\u00bb overflow-x=\u00bbhidden\u00bb overflow-y=\u00bbhidden\u00bb custom_margin=\u00bb1px|||||\u00bb collapsed=\u00bbon\u00bb global_colors_info=\u00bb{}\u00bb][et_pb_row column_structure=\u00bb1_2,1_2&#8243; _builder_version=\u00bb4.24.2&#8243; _module_preset=\u00bbdefault\u00bb custom_margin=\u00bb-89px|-22px||214px||\u00bb custom_padding=\u00bb81px||115px|||\u00bb global_colors_info=\u00bb{}\u00bb][et_pb_column type=\u00bb1_2&#8243; _builder_version=\u00bb4.20.0&#8243; _module_preset=\u00bbdefault\u00bb global_colors_info=\u00bb{}\u00bb][et_pb_text _builder_version=\u00bb4.24.2&#8243; _module_preset=\u00bb_initial\u00bb text_font=\u00bbAdamina|700|||||||\u00bb text_text_color=\u00bb#000000&#8243; text_font_size=\u00bb52px\u00bb text_line_height=\u00bb1.9em\u00bb header_2_font=\u00bbArial|700|||||||\u00bb header_2_text_color=\u00bb#000000&#8243; header_2_font_size=\u00bb48px\u00bb header_2_line_height=\u00bb1.2em\u00bb min_height=\u00bb112.6px\u00bb custom_margin=\u00bb12px|||||\u00bb custom_padding=\u00bb1px|||||\u00bb header_2_font_size_tablet=\u00bb32px\u00bb header_2_font_size_phone=\u00bb20px\u00bb header_2_font_size_last_edited=\u00bbon|desktop\u00bb global_colors_info=\u00bb{}\u00bb]<\/p>\n<p>Some tips for you&#8230;<\/p>\n<p>[\/et_pb_text][et_pb_text _builder_version=\u00bb4.24.2&#8243; _module_preset=\u00bb_initial\u00bb text_font=\u00bbActor||||||||\u00bb text_text_color=\u00bb#000000&#8243; text_font_size=\u00bb16px\u00bb text_line_height=\u00bb1.4em\u00bb custom_margin=\u00bb-13px|-100px||||\u00bb custom_padding=\u00bb||0px|||\u00bb text_font_size_tablet=\u00bb15px\u00bb text_font_size_phone=\u00bb14px\u00bb text_font_size_last_edited=\u00bbon|desktop\u00bb inline_fonts=\u00bbABeeZee\u00bb global_colors_info=\u00bb{}\u00bb]<\/p>\n<p>Creative life can be a little chaotic\u2014and that\u2019s part of what makes us human. What matters is finding a system that works for <em data-start=\"673\" data-end=\"678\">you<\/em>, in your own time and your own way.<\/p>\n<p data-start=\"718\" data-end=\"797\">There\u2019s no right or wrong path here\u2014just processes. And everyone has their own.<\/p>\n<p data-start=\"718\" data-end=\"797\">Here&#8217;s what works for me:<\/p>\n<ul>\n<li data-start=\"830\" data-end=\"927\">\n<p data-start=\"832\" data-end=\"927\"><strong data-start=\"832\" data-end=\"843\">Notion:<\/strong> A flexible, fully customizable app where you can organize pretty much everything.<\/p>\n<\/li>\n<li data-start=\"928\" data-end=\"1031\">\n<p data-start=\"930\" data-end=\"1031\"><strong data-start=\"930\" data-end=\"943\">Notebook:<\/strong> Writing by hand boosts memory\u2014and checking things off feels rewarding and motivating.<\/p>\n<\/li>\n<li data-start=\"1032\" data-end=\"1148\">\n<p data-start=\"1034\" data-end=\"1148\"><strong data-start=\"1034\" data-end=\"1048\">Reminders:<\/strong> In a world full of ideas, having a digital assistant to remember both big and small tasks is key.<\/p>\n<\/li>\n<li data-start=\"1149\" data-end=\"1239\">\n<p data-start=\"1151\" data-end=\"1239\"><strong data-start=\"1151\" data-end=\"1164\">Calendar:<\/strong> Perfect for visualizing events, deadlines, and carving out time to create.<\/p>\n<\/li>\n<\/ul>\n<p>[\/et_pb_text][et_pb_text _builder_version=\u00bb4.24.2&#8243; _module_preset=\u00bb_initial\u00bb text_font=\u00bbActor||on||||||\u00bb text_text_color=\u00bb#828282&#8243; text_font_size=\u00bb16px\u00bb text_line_height=\u00bb1.4em\u00bb min_height=\u00bb352.8px\u00bb custom_margin=\u00bb|-100px||||\u00bb custom_padding=\u00bb0px|1px||||\u00bb text_font_size_tablet=\u00bb15px\u00bb text_font_size_phone=\u00bb14px\u00bb text_font_size_last_edited=\u00bbon|desktop\u00bb inline_fonts=\u00bbABeeZee\u00bb global_colors_info=\u00bb{}\u00bb]<\/p>\n<p data-start=\"142\" data-end=\"372\"><br data-start=\"178\" data-end=\"181\" \/>La vida creativa puede ser un poco ca\u00f3tica, y eso tambi\u00e9n es parte de lo que nos hace humanos. Lo importante es descubrir un m\u00e9todo que funcione para ti, a tu ritmo y seg\u00fan tus necesidades.<\/p>\n<p data-start=\"374\" data-end=\"469\">En este camino no hay una forma correcta o incorrecta, solo procesos. Y cada uno tiene el suyo.<\/p>\n<p data-start=\"374\" data-end=\"469\">Esto es lo que ha funcionado para mi:<\/p>\n<ul>\n<li data-start=\"269\" data-end=\"372\">\n<p data-start=\"271\" data-end=\"372\"><strong data-start=\"271\" data-end=\"282\">Notion:<\/strong> Una app vers\u00e1til y totalmente personalizable donde puedes organizar pr\u00e1cticamente todo.<\/p>\n<\/li>\n<li data-start=\"373\" data-end=\"489\">\n<p data-start=\"375\" data-end=\"489\"><strong data-start=\"375\" data-end=\"387\">Libreta:<\/strong> Escribir a mano ayuda a memorizar mejor. Y nada como tachar tareas para sentir avance y motivaci\u00f3n.<\/p>\n<\/li>\n<li data-start=\"490\" data-end=\"627\">\n<p data-start=\"492\" data-end=\"627\"><strong data-start=\"492\" data-end=\"510\">Recordatorios:<\/strong> En un mundo lleno de ideas, tener un asistente digital que te recuerde lo importante (y lo cotidiano) es esencial.<\/p>\n<\/li>\n<li data-start=\"628\" data-end=\"716\">\n<p data-start=\"630\" data-end=\"716\"><strong data-start=\"630\" data-end=\"645\">Calendario:<\/strong> Ideal para visualizar eventos, deadlines y reservar tiempo para crear.<\/p>\n<\/li>\n<\/ul>\n<p>[\/et_pb_text][\/et_pb_column][et_pb_column type=\u00bb1_2&#8243; _builder_version=\u00bb4.20.0&#8243; _module_preset=\u00bbdefault\u00bb global_colors_info=\u00bb{}\u00bb][et_pb_image src=\u00bbhttp:\/\/dcv.artcom.mx\/pda\/1180412\/wp-content\/uploads\/sites\/37\/2025\/05\/Elementos-portafolio-digi-15.png\u00bb title_text=\u00bbElementos portafolio digi (15)\u00bb _builder_version=\u00bb4.24.2&#8243; _module_preset=\u00bbdefault\u00bb parallax=\u00bbon\u00bb custom_margin=\u00bb-14px|-1px|-1px|60px||\u00bb custom_padding=\u00bb||2px|||\u00bb global_colors_info=\u00bb{}\u00bb][\/et_pb_image][\/et_pb_column][\/et_pb_row][\/et_pb_section][et_pb_section fb_built=\u00bb1&#8243; specialty=\u00bbon\u00bb admin_label=\u00bbFooter\u00bb _builder_version=\u00bb4.24.2&#8243; _module_preset=\u00bbdefault\u00bb background_color=\u00bb#000000&#8243; custom_padding=\u00bb47px||0px||false|false\u00bb saved_tabs=\u00bball\u00bb collapsed=\u00bbon\u00bb global_colors_info=\u00bb{}\u00bb][et_pb_column type=\u00bb1_2&#8243; _builder_version=\u00bb4.16&#8243; _module_preset=\u00bbdefault\u00bb custom_padding=\u00bb|||\u00bb global_colors_info=\u00bb{}\u00bb custom_padding__hover=\u00bb|||\u00bb][et_pb_text _builder_version=\u00bb4.24.2&#8243; _module_preset=\u00bb_initial\u00bb text_font=\u00bbAdamina||||||||\u00bb header_4_font=\u00bbArial|700|||||||\u00bb header_4_text_color=\u00bb#FFFFFF\u00bb header_4_font_size=\u00bb20px\u00bb header_4_line_height=\u00bb1.2em\u00bb header_4_font_size_tablet=\u00bb16px\u00bb header_4_font_size_phone=\u00bb15px\u00bb header_4_font_size_last_edited=\u00bbon|desktop\u00bb inline_fonts=\u00bbAdamina\u00bb global_colors_info=\u00bb{}\u00bb]<\/p>\n<h4><span style=\"font-family: Adamina\">Thank you for stopping by. <\/span><\/h4>\n<h4><span style=\"font-family: Adamina\">I hope something here inspires you<\/span><\/h4>\n<h4><span style=\"font-family: Adamina\"> on your own path.<\/span><\/h4>\n<p>[\/et_pb_text][et_pb_text _builder_version=\u00bb4.20.0&#8243; _module_preset=\u00bb_initial\u00bb text_font=\u00bb|600|||||||\u00bb text_text_color=\u00bb#FFFFFF\u00bb text_line_height=\u00bb1.8em\u00bb global_colors_info=\u00bb{}\u00bb][\/et_pb_text][et_pb_social_media_follow _builder_version=\u00bb4.24.2&#8243; _module_preset=\u00bbdefault\u00bb global_colors_info=\u00bb{}\u00bb][et_pb_social_media_follow_network social_network=\u00bbinstagram\u00bb _builder_version=\u00bb4.24.2&#8243; _module_preset=\u00bbdefault\u00bb background_color=\u00bb#ea2c59&#8243; global_colors_info=\u00bb{}\u00bb follow_button=\u00bboff\u00bb url_new_window=\u00bbon\u00bb]instagram[\/et_pb_social_media_follow_network][et_pb_social_media_follow_network social_network=\u00bbspotify\u00bb _builder_version=\u00bb4.24.2&#8243; _module_preset=\u00bbdefault\u00bb background_color=\u00bb#1db954&#8243; global_colors_info=\u00bb{}\u00bb follow_button=\u00bboff\u00bb url_new_window=\u00bbon\u00bb]spotify[\/et_pb_social_media_follow_network][\/et_pb_social_media_follow][\/et_pb_column][et_pb_column type=\u00bb1_2&#8243; specialty_columns=\u00bb2&#8243; _builder_version=\u00bb4.16&#8243; _module_preset=\u00bbdefault\u00bb custom_padding=\u00bb|||\u00bb global_colors_info=\u00bb{}\u00bb custom_padding__hover=\u00bb|||\u00bb][et_pb_row_inner use_custom_gutter=\u00bbon\u00bb gutter_width=\u00bb1&#8243; _builder_version=\u00bb4.24.2&#8243; _module_preset=\u00bbdefault\u00bb width=\u00bb100%\u00bb custom_padding=\u00bb0px|||||\u00bb border_color_all=\u00bb#FFFFFF\u00bb global_colors_info=\u00bb{}\u00bb][et_pb_column_inner saved_specialty_column_type=\u00bb1_2&#8243; _builder_version=\u00bb4.20.0&#8243; _module_preset=\u00bbdefault\u00bb global_colors_info=\u00bb{}\u00bb][et_pb_contact_form captcha=\u00bboff\u00bb email=\u00bbandy.graphs01@gmail.com\u00bb _builder_version=\u00bb4.24.2&#8243; _module_preset=\u00bbdefault\u00bb _unique_id=\u00bb2bd003fb-d649-4d81-8015-e33b7fb3d42e\u00bb form_field_background_color=\u00bb#FFFFFF\u00bb form_field_text_color=\u00bb#000000&#8243; form_field_focus_background_color=\u00bbRGBA(255,255,255,0)\u00bb form_field_focus_text_color=\u00bbRGBA(255,255,255,0)\u00bb title_font=\u00bb||||||||\u00bb form_field_font=\u00bb|300|||||||\u00bb background_enable_color=\u00bboff\u00bb custom_button=\u00bbon\u00bb button_text_size=\u00bb13px\u00bb button_text_color=\u00bb#000000&#8243; button_bg_color=\u00bb#c1db77&#8243; button_border_width=\u00bb0px\u00bb button_border_radius=\u00bb61px\u00bb button_font=\u00bb||||||||\u00bb button_icon_color=\u00bb#000000&#8243; button_on_hover=\u00bboff\u00bb custom_margin=\u00bb23px|-1px||||\u00bb border_color_all=\u00bb#FFFFFF\u00bb global_colors_info=\u00bb{}\u00bb][et_pb_contact_field field_id=\u00bbName\u00bb field_title=\u00bbName \/ Nombre\u00bb _builder_version=\u00bb4.24.2&#8243; global_colors_info=\u00bb{}\u00bb button_text_size__hover_enabled=\u00bboff\u00bb button_one_text_size__hover_enabled=\u00bboff\u00bb button_two_text_size__hover_enabled=\u00bboff\u00bb button_text_color__hover_enabled=\u00bboff\u00bb button_one_text_color__hover_enabled=\u00bboff\u00bb button_two_text_color__hover_enabled=\u00bboff\u00bb button_border_width__hover_enabled=\u00bboff\u00bb button_one_border_width__hover_enabled=\u00bboff\u00bb button_two_border_width__hover_enabled=\u00bboff\u00bb button_border_color__hover_enabled=\u00bboff\u00bb button_one_border_color__hover_enabled=\u00bboff\u00bb button_two_border_color__hover_enabled=\u00bboff\u00bb button_border_radius__hover_enabled=\u00bboff\u00bb button_one_border_radius__hover_enabled=\u00bboff\u00bb button_two_border_radius__hover_enabled=\u00bboff\u00bb button_letter_spacing__hover_enabled=\u00bboff\u00bb button_one_letter_spacing__hover_enabled=\u00bboff\u00bb button_two_letter_spacing__hover_enabled=\u00bboff\u00bb button_bg_color__hover_enabled=\u00bboff\u00bb button_one_bg_color__hover_enabled=\u00bboff\u00bb button_two_bg_color__hover_enabled=\u00bboff\u00bb][\/et_pb_contact_field][et_pb_contact_field field_id=\u00bbEmail\u00bb field_title=\u00bbMail \/ Correo\u00bb field_type=\u00bbemail\u00bb _builder_version=\u00bb4.24.2&#8243; global_colors_info=\u00bb{}\u00bb button_text_size__hover_enabled=\u00bboff\u00bb button_one_text_size__hover_enabled=\u00bboff\u00bb button_two_text_size__hover_enabled=\u00bboff\u00bb button_text_color__hover_enabled=\u00bboff\u00bb button_one_text_color__hover_enabled=\u00bboff\u00bb button_two_text_color__hover_enabled=\u00bboff\u00bb button_border_width__hover_enabled=\u00bboff\u00bb button_one_border_width__hover_enabled=\u00bboff\u00bb button_two_border_width__hover_enabled=\u00bboff\u00bb button_border_color__hover_enabled=\u00bboff\u00bb button_one_border_color__hover_enabled=\u00bboff\u00bb button_two_border_color__hover_enabled=\u00bboff\u00bb button_border_radius__hover_enabled=\u00bboff\u00bb button_one_border_radius__hover_enabled=\u00bboff\u00bb button_two_border_radius__hover_enabled=\u00bboff\u00bb button_letter_spacing__hover_enabled=\u00bboff\u00bb button_one_letter_spacing__hover_enabled=\u00bboff\u00bb button_two_letter_spacing__hover_enabled=\u00bboff\u00bb button_bg_color__hover_enabled=\u00bboff\u00bb button_one_bg_color__hover_enabled=\u00bboff\u00bb button_two_bg_color__hover_enabled=\u00bboff\u00bb][\/et_pb_contact_field][et_pb_contact_field field_id=\u00bbMessage\u00bb field_title=\u00bbYour idea is one message away.\u00bb field_type=\u00bbtext\u00bb fullwidth_field=\u00bbon\u00bb _builder_version=\u00bb4.24.2&#8243; global_colors_info=\u00bb{}\u00bb button_text_size__hover_enabled=\u00bboff\u00bb button_one_text_size__hover_enabled=\u00bboff\u00bb button_two_text_size__hover_enabled=\u00bboff\u00bb button_text_color__hover_enabled=\u00bboff\u00bb button_one_text_color__hover_enabled=\u00bboff\u00bb button_two_text_color__hover_enabled=\u00bboff\u00bb button_border_width__hover_enabled=\u00bboff\u00bb button_one_border_width__hover_enabled=\u00bboff\u00bb button_two_border_width__hover_enabled=\u00bboff\u00bb button_border_color__hover_enabled=\u00bboff\u00bb button_one_border_color__hover_enabled=\u00bboff\u00bb button_two_border_color__hover_enabled=\u00bboff\u00bb button_border_radius__hover_enabled=\u00bboff\u00bb button_one_border_radius__hover_enabled=\u00bboff\u00bb button_two_border_radius__hover_enabled=\u00bboff\u00bb button_letter_spacing__hover_enabled=\u00bboff\u00bb button_one_letter_spacing__hover_enabled=\u00bboff\u00bb button_two_letter_spacing__hover_enabled=\u00bboff\u00bb button_bg_color__hover_enabled=\u00bboff\u00bb button_one_bg_color__hover_enabled=\u00bboff\u00bb button_two_bg_color__hover_enabled=\u00bboff\u00bb][\/et_pb_contact_field][\/et_pb_contact_form][\/et_pb_column_inner][\/et_pb_row_inner][\/et_pb_column][\/et_pb_section]<\/p>\n","protected":false},"excerpt":{"rendered":"<p>This is where I get my Inspiration &nbsp;PinterestSame EnergySavee.itLogo SystemBehanceSome tips for you&#8230;Creative life can be a little chaotic\u2014and that\u2019s part of what makes us human. What matters is finding a system that works for you, in your own time and your own way. There\u2019s no right or wrong path here\u2014just processes. And everyone has [&hellip;]<\/p>\n","protected":false},"author":40,"featured_media":0,"parent":0,"menu_order":4,"comment_status":"closed","ping_status":"closed","template":"","meta":{"_et_pb_use_builder":"on","_et_pb_old_content":"","_et_gb_content_width":"","inline_featured_image":false,"footnotes":""},"_links":{"self":[{"href":"https:\/\/dcv.artcom.mx\/pda\/1180412\/wp-json\/wp\/v2\/pages\/9"}],"collection":[{"href":"https:\/\/dcv.artcom.mx\/pda\/1180412\/wp-json\/wp\/v2\/pages"}],"about":[{"href":"https:\/\/dcv.artcom.mx\/pda\/1180412\/wp-json\/wp\/v2\/types\/page"}],"author":[{"embeddable":true,"href":"https:\/\/dcv.artcom.mx\/pda\/1180412\/wp-json\/wp\/v2\/users\/40"}],"replies":[{"embeddable":true,"href":"https:\/\/dcv.artcom.mx\/pda\/1180412\/wp-json\/wp\/v2\/comments?post=9"}],"version-history":[{"count":77,"href":"https:\/\/dcv.artcom.mx\/pda\/1180412\/wp-json\/wp\/v2\/pages\/9\/revisions"}],"predecessor-version":[{"id":1504,"href":"https:\/\/dcv.artcom.mx\/pda\/1180412\/wp-json\/wp\/v2\/pages\/9\/revisions\/1504"}],"wp:attachment":[{"href":"https:\/\/dcv.artcom.mx\/pda\/1180412\/wp-json\/wp\/v2\/media?parent=9"}],"curies":[{"name":"wp","href":"https:\/\/api.w.org\/{rel}","templated":true}]}}