{"id":7,"date":"2020-03-03T22:17:35","date_gmt":"2020-03-04T04:17:35","guid":{"rendered":"http:\/\/pdadcv.artcom.mx\/portafolio-demo\/?page_id=7"},"modified":"2024-05-06T16:31:09","modified_gmt":"2024-05-06T16:31:09","slug":"mi-carrera","status":"publish","type":"page","link":"https:\/\/dcv.artcom.mx\/pda\/1170603\/mi-carrera\/","title":{"rendered":"Mi carrera"},"content":{"rendered":"<p>[et_pb_section fb_built=\u00bb1&#8243; make_equal=\u00bbon\u00bb use_custom_gutter=\u00bbon\u00bb gutter_width=\u00bb2&#8243; specialty=\u00bbon\u00bb bg_img_1=\u00bbhttp:\/\/dcv.artcom.mx\/pda\/1170603\/wp-content\/uploads\/sites\/43\/2023\/03\/travel-landscape-01.jpg\u00bb padding_top_2=\u00bb100px\u00bb padding_right_2=\u00bb40px\u00bb padding_bottom_2=\u00bb100px\u00bb padding_left_2=\u00bb40px\u00bb _builder_version=\u00bb4.16&#8243; inner_width=\u00bb100%\u00bb inner_max_width=\u00bb100%\u00bb custom_margin=\u00bb|||\u00bb custom_padding=\u00bb0px|0px|0px|0px\u00bb hover_enabled=\u00bb0&#8243; custom_css_main_element=\u00bbmargin-left: 0 !important;\u00bb use_custom_width=\u00bbon\u00bb width_unit=\u00bboff\u00bb custom_width_percent=\u00bb100%\u00bb global_colors_info=\u00bb{}\u00bb sticky_enabled=\u00bb0&#8243;][et_pb_column type=\u00bb1_2&#8243; _builder_version=\u00bb4.16&#8243; custom_padding=\u00bb|||\u00bb global_colors_info=\u00bb{}\u00bb custom_padding__hover=\u00bb|||\u00bb][et_pb_divider show_divider=\u00bboff\u00bb disabled_on=\u00bboff|off|on\u00bb _builder_version=\u00bb4.16&#8243; height=\u00bb400px\u00bb hover_enabled=\u00bb0&#8243; global_colors_info=\u00bb{}\u00bb sticky_enabled=\u00bb0&#8243;][\/et_pb_divider][\/et_pb_column][et_pb_column type=\u00bb1_2&#8243; specialty_columns=\u00bb2&#8243; _builder_version=\u00bb4.16&#8243; custom_padding=\u00bb|||\u00bb global_colors_info=\u00bb{}\u00bb custom_padding__hover=\u00bb|||\u00bb][et_pb_row_inner _builder_version=\u00bb4.16&#8243; max_width=\u00bb800px\u00bb custom_padding=\u00bb30px|0px|30px|0px\u00bb animation_style=\u00bbslide\u00bb animation_direction=\u00bbbottom\u00bb animation_intensity_slide=\u00bb10%\u00bb global_colors_info=\u00bb{}\u00bb][et_pb_column_inner saved_specialty_column_type=\u00bb1_2&#8243; _builder_version=\u00bb4.16&#8243; custom_padding=\u00bb|||\u00bb global_colors_info=\u00bb{}\u00bb custom_padding__hover=\u00bb|||\u00bb][et_pb_text _builder_version=\u00bb4.16&#8243; text_font=\u00bb||||||||\u00bb header_font=\u00bbPoppins|600|||||||\u00bb header_text_align=\u00bbcenter\u00bb header_font_size=\u00bb56px\u00bb global_colors_info=\u00bb{}\u00bb]<\/p>\n<h1><em>Mi carrera<\/em><\/h1>\n<p>[\/et_pb_text][et_pb_divider color=\u00bb#f7d584&#8243; divider_weight=\u00bb3px\u00bb disabled_on=\u00bbon|on|off\u00bb _builder_version=\u00bb4.16&#8243; max_width=\u00bb80px\u00bb module_alignment=\u00bbcenter\u00bb height=\u00bb10px\u00bb custom_margin=\u00bb||20px|\u00bb animation_style=\u00bbslide\u00bb animation_direction=\u00bbbottom\u00bb saved_tabs=\u00bball\u00bb locked=\u00bboff\u00bb global_colors_info=\u00bb{}\u00bb][\/et_pb_divider][et_pb_text _builder_version=\u00bb4.16&#8243; text_font=\u00bbPlayfair Display||on||||||\u00bb text_text_color=\u00bbrgba(0,0,0,0.31)\u00bb text_letter_spacing=\u00bb1px\u00bb text_line_height=\u00bb1.8em\u00bb text_orientation=\u00bbcenter\u00bb module_alignment=\u00bbcenter\u00bb min_height=\u00bb32px\u00bb custom_padding=\u00bb||0px|||\u00bb global_colors_info=\u00bb{}\u00bb]<\/p>\n<p>Dise\u00f1o en Comunicaci\u00f3n Visual<\/p>\n<p>[\/et_pb_text][\/et_pb_column_inner][\/et_pb_row_inner][et_pb_row_inner _builder_version=\u00bb4.16&#8243; max_width=\u00bb800px\u00bb custom_padding=\u00bb30px|0px|30px|0px\u00bb animation_style=\u00bbslide\u00bb animation_direction=\u00bbbottom\u00bb animation_intensity_slide=\u00bb10%\u00bb global_colors_info=\u00bb{}\u00bb][et_pb_column_inner saved_specialty_column_type=\u00bb1_2&#8243; _builder_version=\u00bb4.16&#8243; custom_padding=\u00bb|||\u00bb global_colors_info=\u00bb{}\u00bb custom_padding__hover=\u00bb|||\u00bb][et_pb_text _builder_version=\u00bb4.16&#8243; text_font=\u00bbPoppins|600|||||||\u00bb text_text_color=\u00bbrgba(0,0,0,0.6)\u00bb text_font_size=\u00bb16px\u00bb text_line_height=\u00bb1.9em\u00bb header_font=\u00bb||||||||\u00bb header_2_font=\u00bb||||||||\u00bb module_alignment=\u00bbcenter\u00bb custom_margin=\u00bb|||\u00bb locked=\u00bboff\u00bb global_colors_info=\u00bb{}\u00bb]<\/p>\n<p><span>Siempre supe que ten\u00eda que estudiar algo relacionado con el dise\u00f1o, me interesa mucho poder juntar conocimientos de Programaci\u00f3n, con dise\u00f1o y poder crear experiencia de usuario, as\u00ed tambi\u00e9n como interfaces de usuario. Actualmente estoy en 4 semestre y en cada una de las materias que he cursado, he aprendido bastante y me han gustado.\u00a0<\/span><\/p>\n<p>[\/et_pb_text][\/et_pb_column_inner][\/et_pb_row_inner][et_pb_row_inner _builder_version=\u00bb4.16&#8243; max_width=\u00bb800px\u00bb custom_padding=\u00bb30px|0px|30px|0px\u00bb animation_style=\u00bbslide\u00bb animation_direction=\u00bbbottom\u00bb animation_intensity_slide=\u00bb10%\u00bb global_colors_info=\u00bb{}\u00bb][et_pb_column_inner saved_specialty_column_type=\u00bb1_2&#8243; _builder_version=\u00bb4.16&#8243; custom_padding=\u00bb|||\u00bb global_colors_info=\u00bb{}\u00bb custom_padding__hover=\u00bb|||\u00bb][et_pb_text _builder_version=\u00bb4.16&#8243; text_font=\u00bbPoppins|600|||||||\u00bb text_text_color=\u00bbrgba(0,0,0,0.6)\u00bb text_font_size=\u00bb16px\u00bb text_line_height=\u00bb1.9em\u00bb header_font=\u00bb||||||||\u00bb header_2_font=\u00bbPlayfair Display||on||||||\u00bb header_2_text_align=\u00bbcenter\u00bb header_2_font_size=\u00bb60px\u00bb header_2_line_height=\u00bb1.5em\u00bb max_width=\u00bb600px\u00bb module_alignment=\u00bbcenter\u00bb custom_margin=\u00bb|||\u00bb animation_style=\u00bbflip\u00bb animation_direction=\u00bbright\u00bb locked=\u00bboff\u00bb global_colors_info=\u00bb{}\u00bb]<\/p>\n<h2>\u00abLa mejor forma de predecir el futuro es cre\u00e1ndolo.\u00bb<\/h2>\n<p>[\/et_pb_text][\/et_pb_column_inner][\/et_pb_row_inner][et_pb_row_inner _builder_version=\u00bb4.16&#8243; max_width=\u00bb800px\u00bb custom_padding=\u00bb30px|0px|30px|0px\u00bb animation_style=\u00bbslide\u00bb animation_direction=\u00bbbottom\u00bb animation_intensity_slide=\u00bb10%\u00bb global_colors_info=\u00bb{}\u00bb][et_pb_column_inner saved_specialty_column_type=\u00bb1_2&#8243; _builder_version=\u00bb4.16&#8243; custom_padding=\u00bb|||\u00bb global_colors_info=\u00bb{}\u00bb custom_padding__hover=\u00bb|||\u00bb][\/et_pb_column_inner][\/et_pb_row_inner][\/et_pb_column][\/et_pb_section]<\/p>\n","protected":false},"excerpt":{"rendered":"<p>Mi carreraDise\u00f1o en Comunicaci\u00f3n VisualSiempre supe que ten\u00eda que estudiar algo relacionado con el dise\u00f1o, me interesa mucho poder juntar conocimientos de Programaci\u00f3n, con dise\u00f1o y poder crear experiencia de usuario, as\u00ed tambi\u00e9n como interfaces de usuario. Actualmente estoy en 4 semestre y en cada una de las materias que he cursado, he aprendido bastante [&hellip;]<\/p>\n","protected":false},"author":45,"featured_media":0,"parent":0,"menu_order":3,"comment_status":"closed","ping_status":"closed","template":"","meta":{"_et_pb_use_builder":"on","_et_pb_old_content":"","_et_gb_content_width":"","inline_featured_image":false,"footnotes":""},"_links":{"self":[{"href":"https:\/\/dcv.artcom.mx\/pda\/1170603\/wp-json\/wp\/v2\/pages\/7"}],"collection":[{"href":"https:\/\/dcv.artcom.mx\/pda\/1170603\/wp-json\/wp\/v2\/pages"}],"about":[{"href":"https:\/\/dcv.artcom.mx\/pda\/1170603\/wp-json\/wp\/v2\/types\/page"}],"author":[{"embeddable":true,"href":"https:\/\/dcv.artcom.mx\/pda\/1170603\/wp-json\/wp\/v2\/users\/45"}],"replies":[{"embeddable":true,"href":"https:\/\/dcv.artcom.mx\/pda\/1170603\/wp-json\/wp\/v2\/comments?post=7"}],"version-history":[{"count":2,"href":"https:\/\/dcv.artcom.mx\/pda\/1170603\/wp-json\/wp\/v2\/pages\/7\/revisions"}],"predecessor-version":[{"id":446,"href":"https:\/\/dcv.artcom.mx\/pda\/1170603\/wp-json\/wp\/v2\/pages\/7\/revisions\/446"}],"wp:attachment":[{"href":"https:\/\/dcv.artcom.mx\/pda\/1170603\/wp-json\/wp\/v2\/media?parent=7"}],"curies":[{"name":"wp","href":"https:\/\/api.w.org\/{rel}","templated":true}]}}