{"id":586,"date":"2025-02-24T14:26:41","date_gmt":"2025-02-24T14:26:41","guid":{"rendered":"https:\/\/dcv.artcom.mx\/pda\/1170490\/?page_id=586"},"modified":"2025-05-13T22:44:17","modified_gmt":"2025-05-13T22:44:17","slug":"proyectos-del-semestre-2","status":"publish","type":"page","link":"https:\/\/dcv.artcom.mx\/pda\/1170490\/proyectos-del-semestre-2\/","title":{"rendered":"Proyectos del semestre"},"content":{"rendered":"<p>[et_pb_section fb_built=\u00bb1&#8243; admin_label=\u00bbHero Section\u00bb _builder_version=\u00bb4.24.2&#8243; background_color=\u00bbgcid-2dd78f0d-61d7-4227-b0e0-a1e6afb1df23&#8243; background_color_gradient_direction=\u00bb131deg\u00bb background_color_gradient_start=\u00bb#ff6a88&#8243; background_color_gradient_end=\u00bb#ff99ac\u00bb custom_padding=\u00bb100px|0px|100px|0px\u00bb animation_style=\u00bbslide\u00bb animation_direction=\u00bbtop\u00bb animation_intensity_slide=\u00bb2%\u00bb animation_starting_opacity=\u00bb100%\u00bb global_colors_info=\u00bb{%22gcid-2dd78f0d-61d7-4227-b0e0-a1e6afb1df23%22:%91%22background_color%22%93}\u00bb][et_pb_row _builder_version=\u00bb4.16&#8243; max_width=\u00bb1440px\u00bb use_custom_width=\u00bbon\u00bb custom_width_px=\u00bb1440px\u00bb global_colors_info=\u00bb{}\u00bb][et_pb_column type=\u00bb4_4&#8243; _builder_version=\u00bb4.16&#8243; custom_padding=\u00bb|||\u00bb global_colors_info=\u00bb{}\u00bb custom_padding__hover=\u00bb|||\u00bb][et_pb_text _builder_version=\u00bb4.16&#8243; text_font=\u00bb||||||||\u00bb header_font=\u00bbPlayfair Display|700|||||||\u00bb header_text_color=\u00bb#ffffff\u00bb header_font_size=\u00bb60px\u00bb header_line_height=\u00bb1.5em\u00bb header_2_font=\u00bb||||||||\u00bb header_3_font=\u00bb||||||||\u00bb header_4_font=\u00bb||||||||\u00bb header_5_font=\u00bb||||||||\u00bb header_6_font=\u00bb||||||||\u00bb custom_margin=\u00bb||20px|\u00bb locked=\u00bboff\u00bb inline_fonts=\u00bbLora\u00bb global_colors_info=\u00bb{}\u00bb]<\/p>\n<h1><span style=\"color: #232323\"><strong><span style=\"font-family: Lora\"><\/span><\/strong><\/span><\/h1>\n<h1><span style=\"color: #232323\"><strong><span style=\"font-family: Lora\">EVIDENCIA DE PROYECTOS <\/span><\/strong><\/span><\/h1>\n<h1><span style=\"color: #232323\"><strong><span style=\"font-family: Lora\">6to. SEMESTRE.<\/span><\/strong><\/span><\/h1>\n<p>[\/et_pb_text][\/et_pb_column][\/et_pb_row][\/et_pb_section][et_pb_section fb_built=\u00bb1&#8243; admin_label=\u00bbAbout Us \u00bb _builder_version=\u00bb4.24.2&#8243; background_color=\u00bbgcid-90335b04-3cb1-443a-8fb4-32f37cf86a95&#8243; custom_padding=\u00bb84px|0px|60px|0px||\u00bb global_colors_info=\u00bb{%22gcid-90335b04-3cb1-443a-8fb4-32f37cf86a95%22:%91%22background_color%22%93}\u00bb][et_pb_row column_structure=\u00bb1_2,1_2&#8243; _builder_version=\u00bb4.24.2&#8243; module_alignment=\u00bbcenter\u00bb custom_margin=\u00bb|||\u00bb custom_padding=\u00bb|||\u00bb global_colors_info=\u00bb{}\u00bb][et_pb_column type=\u00bb1_2&#8243; _builder_version=\u00bb4.16&#8243; background_color_gradient_direction=\u00bb35deg\u00bb custom_padding=\u00bb|60px||\u00bb global_colors_info=\u00bb{}\u00bb custom_padding__hover=\u00bb|||\u00bb][et_pb_text _builder_version=\u00bb4.24.2&#8243; text_font=\u00bb||||||||\u00bb header_font=\u00bb||||||||\u00bb header_text_align=\u00bbleft\u00bb header_text_color=\u00bb#2b2b2b\u00bb header_line_height=\u00bb1.3em\u00bb header_2_font=\u00bbPlayfair Display|700|||||||\u00bb header_2_text_align=\u00bbleft\u00bb header_2_text_color=\u00bb#2b2b2b\u00bb header_2_font_size=\u00bb42px\u00bb header_2_line_height=\u00bb1.5em\u00bb text_orientation=\u00bbcenter\u00bb module_alignment=\u00bbcenter\u00bb custom_margin=\u00bb||10px|\u00bb inline_fonts=\u00bbLora\u00bb global_colors_info=\u00bb{}\u00bb]<\/p>\n<h2><span style=\"color: #0a0a0a\"><strong><span style=\"font-family: Lora\">Infografia: Creaci\u00f3n de publicaciones digitales.<\/span><\/strong><\/span><\/h2>\n<p>[\/et_pb_text][et_pb_text _builder_version=\u00bb4.20.4&#8243; text_font=\u00bbPoppins||||||||\u00bb text_text_color=\u00bb#000000&#8243; text_font_size=\u00bb20px\u00bb text_line_height=\u00bb1.9em\u00bb header_font=\u00bb||||||||\u00bb header_2_font=\u00bb||||||||\u00bb module_alignment=\u00bbcenter\u00bb custom_margin=\u00bb||30px|\u00bb custom_padding=\u00bb||0px|||\u00bb inline_fonts=\u00bbLora\u00bb global_colors_info=\u00bb{}\u00bb]<\/p>\n<p><span style=\"color: #0a0a0a;font-family: Lora\">Infograf\u00eda para conocer el proceso de la creaci\u00f3n que nos sirve como contexto para poder crear la publicaciones digitales.<\/span><\/p>\n<p>[\/et_pb_text][\/et_pb_column][et_pb_column type=\u00bb1_2&#8243; _builder_version=\u00bb4.24.2&#8243; background_color=\u00bbgcid-2dd78f0d-61d7-4227-b0e0-a1e6afb1df23&#8243; custom_padding=\u00bb|||\u00bb global_colors_info=\u00bb{%22gcid-2dd78f0d-61d7-4227-b0e0-a1e6afb1df23%22:%91%22background_color%22%93}\u00bb custom_padding__hover=\u00bb|||\u00bb][et_pb_image src=\u00bbhttp:\/\/dcv.artcom.mx\/pda\/1170490\/wp-content\/uploads\/sites\/49\/2025\/05\/8947096-pdf.jpg\u00bb title_text=\u00bb8947096&#8243; align=\u00bbcenter\u00bb _builder_version=\u00bb4.24.2&#8243; custom_padding=\u00bb|||\u00bb animation_style=\u00bbzoom\u00bb animation_direction=\u00bbright\u00bb animation_intensity_zoom=\u00bb6%\u00bb animation_starting_opacity=\u00bb100%\u00bb border_color_all=\u00bb#FFFFFF\u00bb box_shadow_style=\u00bbpreset3&#8243; box_shadow_horizontal=\u00bb13px\u00bb box_shadow_vertical=\u00bb42px\u00bb box_shadow_blur=\u00bb45px\u00bb box_shadow_spread=\u00bb-3px\u00bb box_shadow_color=\u00bbrgba(0,0,0,0.1)\u00bb always_center_on_mobile=\u00bboff\u00bb global_colors_info=\u00bb{}\u00bb][\/et_pb_image][\/et_pb_column][\/et_pb_row][\/et_pb_section][et_pb_section fb_built=\u00bb1&#8243; admin_label=\u00bbAbout Us \u00bb _builder_version=\u00bb4.24.2&#8243; background_color=\u00bbgcid-2dd78f0d-61d7-4227-b0e0-a1e6afb1df23&#8243; custom_padding=\u00bb56px|0px|60px|0px||\u00bb global_colors_info=\u00bb{%22gcid-2dd78f0d-61d7-4227-b0e0-a1e6afb1df23%22:%91%22background_color%22%93}\u00bb][et_pb_row column_structure=\u00bb1_2,1_2&#8243; _builder_version=\u00bb4.24.2&#8243; module_alignment=\u00bbcenter\u00bb custom_margin=\u00bb|auto||82px||\u00bb custom_padding=\u00bb|||\u00bb global_colors_info=\u00bb{}\u00bb][et_pb_column type=\u00bb1_2&#8243; _builder_version=\u00bb4.16&#8243; background_color_gradient_direction=\u00bb35deg\u00bb custom_padding=\u00bb|60px||\u00bb global_colors_info=\u00bb{}\u00bb custom_padding__hover=\u00bb|||\u00bb][et_pb_text _builder_version=\u00bb4.24.2&#8243; text_font=\u00bb||||||||\u00bb header_font=\u00bb||||||||\u00bb header_text_align=\u00bbleft\u00bb header_text_color=\u00bb#2b2b2b\u00bb header_line_height=\u00bb1.3em\u00bb header_2_font=\u00bbPlayfair Display|700|||||||\u00bb header_2_text_align=\u00bbleft\u00bb header_2_text_color=\u00bb#2b2b2b\u00bb header_2_font_size=\u00bb42px\u00bb header_2_line_height=\u00bb1.5em\u00bb text_orientation=\u00bbcenter\u00bb module_alignment=\u00bbcenter\u00bb custom_margin=\u00bb||10px|\u00bb inline_fonts=\u00bbLora\u00bb global_colors_info=\u00bb{}\u00bb]<\/p>\n<h2><span style=\"color: #0a0a0a\"><strong><span style=\"font-family: Lora\">Agenda interactiva.<\/span><\/strong><\/span><\/h2>\n<p>[\/et_pb_text][et_pb_text _builder_version=\u00bb4.20.4&#8243; text_font=\u00bbPoppins||||||||\u00bb text_text_color=\u00bb#000000&#8243; text_font_size=\u00bb20px\u00bb text_line_height=\u00bb1.9em\u00bb header_font=\u00bb||||||||\u00bb header_2_font=\u00bb||||||||\u00bb module_alignment=\u00bbcenter\u00bb custom_margin=\u00bb||30px|\u00bb inline_fonts=\u00bbLora\u00bb global_colors_info=\u00bb{}\u00bb]<\/p>\n<p><span style=\"color: #0a0a0a;font-family: Lora\">Dise\u00f1o de una agenda interactiva que sirve como una <span>invitaci\u00f3n<\/span> interactiva y publicidad, sirvi\u00f3 como complemento para el proyecto integrador.<\/span><\/p>\n<p>[\/et_pb_text][\/et_pb_column][et_pb_column type=\u00bb1_2&#8243; _builder_version=\u00bb4.24.2&#8243; background_color=\u00bbgcid-90335b04-3cb1-443a-8fb4-32f37cf86a95&#8243; custom_padding=\u00bb|||\u00bb global_colors_info=\u00bb{%22gcid-90335b04-3cb1-443a-8fb4-32f37cf86a95%22:%91%22background_color%22%93}\u00bb custom_padding__hover=\u00bb|||\u00bb][et_pb_image src=\u00bbhttp:\/\/dcv.artcom.mx\/pda\/1170490\/wp-content\/uploads\/sites\/49\/2025\/05\/Captura-de-pantalla-2025-05-13-a-las-12.55.49\u202fp.m.png\u00bb title_text=\u00bbCaptura de pantalla 2025-05-13 a la(s) 12.55.49\u202fp.m.\u00bb _builder_version=\u00bb4.24.2&#8243; _module_preset=\u00bbdefault\u00bb global_colors_info=\u00bb{}\u00bb][\/et_pb_image][\/et_pb_column][\/et_pb_row][\/et_pb_section][et_pb_section fb_built=\u00bb1&#8243; admin_label=\u00bbAbout Us \u00bb _builder_version=\u00bb4.24.2&#8243; background_color=\u00bbgcid-90335b04-3cb1-443a-8fb4-32f37cf86a95&#8243; custom_padding=\u00bb46px|0px|60px|0px||\u00bb global_colors_info=\u00bb{%22gcid-90335b04-3cb1-443a-8fb4-32f37cf86a95%22:%91%22background_color%22%93}\u00bb][et_pb_row column_structure=\u00bb1_2,1_2&#8243; _builder_version=\u00bb4.24.2&#8243; module_alignment=\u00bbcenter\u00bb custom_margin=\u00bb|||\u00bb custom_padding=\u00bb|||\u00bb global_colors_info=\u00bb{}\u00bb][et_pb_column type=\u00bb1_2&#8243; _builder_version=\u00bb4.16&#8243; background_color_gradient_direction=\u00bb35deg\u00bb custom_padding=\u00bb|60px||\u00bb global_colors_info=\u00bb{}\u00bb custom_padding__hover=\u00bb|||\u00bb][et_pb_text _builder_version=\u00bb4.16&#8243; text_font=\u00bb||||||||\u00bb header_font=\u00bb||||||||\u00bb header_text_align=\u00bbleft\u00bb header_text_color=\u00bb#2b2b2b\u00bb header_line_height=\u00bb1.3em\u00bb header_2_font=\u00bbPlayfair Display|700|||||||\u00bb header_2_text_align=\u00bbleft\u00bb header_2_text_color=\u00bb#2b2b2b\u00bb header_2_font_size=\u00bb42px\u00bb header_2_line_height=\u00bb1.5em\u00bb text_orientation=\u00bbcenter\u00bb module_alignment=\u00bbcenter\u00bb custom_margin=\u00bb||10px|\u00bb inline_fonts=\u00bbLora\u00bb global_colors_info=\u00bb{}\u00bb]<\/p>\n<h2><span style=\"color: #0a0a0a\"><strong><span style=\"font-family: Lora\">Mapa exposici\u00f3n ARTCOM.<\/span><\/strong><\/span><\/h2>\n<p>[\/et_pb_text][et_pb_text _builder_version=\u00bb4.20.4&#8243; text_font=\u00bbPoppins||||||||\u00bb text_text_color=\u00bbrgba(0,0,0,0.4)\u00bb text_font_size=\u00bb20px\u00bb text_line_height=\u00bb1.9em\u00bb header_font=\u00bb||||||||\u00bb header_2_font=\u00bb||||||||\u00bb module_alignment=\u00bbcenter\u00bb custom_margin=\u00bb||30px|\u00bb custom_padding=\u00bb||0px|||\u00bb inline_fonts=\u00bbLora\u00bb global_colors_info=\u00bb{}\u00bb]<\/p>\n<p><span style=\"color: #0a0a0a;font-family: Lora\">Desarrollo<\/span><span style=\"color: #0a0a0a;font-family: Lora\"> de mini congreso de la facultad de dise\u00f1o gr\u00e1fico. En este proyecto tuve el rol de l\u00edder del equipo lo que represent\u00f3 muchos retos en el buen sentido, el reforzar las fortalezas como idea y tambi\u00e9n las debilidades para que en el futuro cuando tenga mi agencia pueda poner en pr\u00e1ctica todo lo aprendido.<\/span><\/p>\n<p>[\/et_pb_text][\/et_pb_column][et_pb_column type=\u00bb1_2&#8243; _builder_version=\u00bb4.24.2&#8243; background_color=\u00bbgcid-2dd78f0d-61d7-4227-b0e0-a1e6afb1df23&#8243; custom_padding=\u00bb|||\u00bb global_colors_info=\u00bb{%22gcid-2dd78f0d-61d7-4227-b0e0-a1e6afb1df23%22:%91%22background_color%22%93}\u00bb custom_padding__hover=\u00bb|||\u00bb][et_pb_image src=\u00bbhttp:\/\/dcv.artcom.mx\/pda\/1170490\/wp-content\/uploads\/sites\/49\/2025\/05\/5-2-1.png\u00bb title_text=\u00bb5-2&#8243; align=\u00bbcenter\u00bb _builder_version=\u00bb4.24.2&#8243; custom_padding=\u00bb|||\u00bb animation_style=\u00bbzoom\u00bb animation_direction=\u00bbright\u00bb animation_intensity_zoom=\u00bb6%\u00bb animation_starting_opacity=\u00bb100%\u00bb box_shadow_style=\u00bbpreset3&#8243; box_shadow_horizontal=\u00bb13px\u00bb box_shadow_vertical=\u00bb42px\u00bb box_shadow_blur=\u00bb45px\u00bb box_shadow_spread=\u00bb-3px\u00bb box_shadow_color=\u00bbrgba(0,0,0,0.1)\u00bb always_center_on_mobile=\u00bboff\u00bb global_colors_info=\u00bb{}\u00bb][\/et_pb_image][\/et_pb_column][\/et_pb_row][\/et_pb_section][et_pb_section fb_built=\u00bb1&#8243; admin_label=\u00bbAbout Us \u00bb _builder_version=\u00bb4.24.2&#8243; background_color=\u00bbgcid-90335b04-3cb1-443a-8fb4-32f37cf86a95&#8243; custom_padding=\u00bb46px|0px|60px|0px||\u00bb global_colors_info=\u00bb{%22gcid-90335b04-3cb1-443a-8fb4-32f37cf86a95%22:%91%22background_color%22%93}\u00bb][et_pb_row column_structure=\u00bb1_2,1_2&#8243; _builder_version=\u00bb4.24.2&#8243; module_alignment=\u00bbcenter\u00bb custom_margin=\u00bb|||\u00bb custom_padding=\u00bb|||\u00bb global_colors_info=\u00bb{}\u00bb][et_pb_column type=\u00bb1_2&#8243; _builder_version=\u00bb4.16&#8243; background_color_gradient_direction=\u00bb35deg\u00bb custom_padding=\u00bb|60px||\u00bb global_colors_info=\u00bb{}\u00bb custom_padding__hover=\u00bb|||\u00bb][et_pb_text _builder_version=\u00bb4.16&#8243; text_font=\u00bb||||||||\u00bb header_font=\u00bb||||||||\u00bb header_text_align=\u00bbleft\u00bb header_text_color=\u00bb#2b2b2b\u00bb header_line_height=\u00bb1.3em\u00bb header_2_font=\u00bbPlayfair Display|700|||||||\u00bb header_2_text_align=\u00bbleft\u00bb header_2_text_color=\u00bb#2b2b2b\u00bb header_2_font_size=\u00bb42px\u00bb header_2_line_height=\u00bb1.5em\u00bb text_orientation=\u00bbcenter\u00bb module_alignment=\u00bbcenter\u00bb custom_margin=\u00bb||10px|\u00bb inline_fonts=\u00bbLora\u00bb global_colors_info=\u00bb{}\u00bb]<\/p>\n<h2><strong><span style=\"color: #0a0a0a;font-family: Lora\">Actualizaci\u00f3n de mi p\u00e1gina de <span>Instagram<\/span>.<\/span><\/strong><\/h2>\n<p>[\/et_pb_text][et_pb_text _builder_version=\u00bb4.20.4&#8243; text_font=\u00bbPoppins||||||||\u00bb text_text_color=\u00bbrgba(0,0,0,0.4)\u00bb text_font_size=\u00bb20px\u00bb text_line_height=\u00bb1.9em\u00bb header_font=\u00bb||||||||\u00bb header_2_font=\u00bb||||||||\u00bb module_alignment=\u00bbcenter\u00bb custom_margin=\u00bb||30px|\u00bb custom_padding=\u00bb||0px|||\u00bb inline_fonts=\u00bbLora\u00bb global_colors_info=\u00bb{}\u00bb]<\/p>\n<p><span style=\"color: #0a0a0a;font-family: Lora\"><span>Fue una actividad en la que deb\u00edamos organizarnos para poder mantener un emprendimiento y mantenerlo vivo, en este caso yo eleg\u00ed mi cuenta de foto en la que deb\u00eda cumplir con ciertos objetivos y metas<\/span>.<\/span><\/p>\n<p>[\/et_pb_text][\/et_pb_column][et_pb_column type=\u00bb1_2&#8243; _builder_version=\u00bb4.24.2&#8243; background_color=\u00bbgcid-2dd78f0d-61d7-4227-b0e0-a1e6afb1df23&#8243; custom_padding=\u00bb|||\u00bb global_colors_info=\u00bb{%22gcid-2dd78f0d-61d7-4227-b0e0-a1e6afb1df23%22:%91%22background_color%22%93}\u00bb custom_padding__hover=\u00bb|||\u00bb][et_pb_image src=\u00bbhttp:\/\/dcv.artcom.mx\/pda\/1170490\/wp-content\/uploads\/sites\/49\/2025\/05\/Screenshot-2025-05-13-at-4.10.50\u202fp.m-scaled.jpeg\u00bb title_text=\u00bbScreenshot 2025-05-13 at 4.10.50\u202fp.m.\u00bb align=\u00bbcenter\u00bb _builder_version=\u00bb4.24.2&#8243; custom_padding=\u00bb|||\u00bb animation_style=\u00bbzoom\u00bb animation_direction=\u00bbright\u00bb animation_intensity_zoom=\u00bb6%\u00bb animation_starting_opacity=\u00bb100%\u00bb hover_enabled=\u00bb0&#8243; box_shadow_style=\u00bbpreset3&#8243; box_shadow_horizontal=\u00bb13px\u00bb box_shadow_vertical=\u00bb42px\u00bb box_shadow_blur=\u00bb45px\u00bb box_shadow_spread=\u00bb-3px\u00bb box_shadow_color=\u00bbrgba(0,0,0,0.1)\u00bb always_center_on_mobile=\u00bboff\u00bb global_colors_info=\u00bb{}\u00bb sticky_enabled=\u00bb0&#8243;][\/et_pb_image][\/et_pb_column][\/et_pb_row][\/et_pb_section]<\/p>\n","protected":false},"excerpt":{"rendered":"<p>EVIDENCIA DE PROYECTOS 6to. SEMESTRE.Infografia: Creaci\u00f3n de publicaciones digitales.Infograf\u00eda para conocer el proceso de la creaci\u00f3n que nos sirve como contexto para poder crear la publicaciones digitales.Agenda interactiva.Dise\u00f1o de una agenda interactiva que sirve como una invitaci\u00f3n interactiva y publicidad, sirvi\u00f3 como complemento para el proyecto integrador.Mapa exposici\u00f3n ARTCOM.Desarrollo de mini congreso de la facultad [&hellip;]<\/p>\n","protected":false},"author":52,"featured_media":0,"parent":0,"menu_order":0,"comment_status":"closed","ping_status":"closed","template":"","meta":{"_et_pb_use_builder":"on","_et_pb_old_content":"<!-- wp:divi\/placeholder \/-->","_et_gb_content_width":"","inline_featured_image":false,"footnotes":""},"_links":{"self":[{"href":"https:\/\/dcv.artcom.mx\/pda\/1170490\/wp-json\/wp\/v2\/pages\/586"}],"collection":[{"href":"https:\/\/dcv.artcom.mx\/pda\/1170490\/wp-json\/wp\/v2\/pages"}],"about":[{"href":"https:\/\/dcv.artcom.mx\/pda\/1170490\/wp-json\/wp\/v2\/types\/page"}],"author":[{"embeddable":true,"href":"https:\/\/dcv.artcom.mx\/pda\/1170490\/wp-json\/wp\/v2\/users\/52"}],"replies":[{"embeddable":true,"href":"https:\/\/dcv.artcom.mx\/pda\/1170490\/wp-json\/wp\/v2\/comments?post=586"}],"version-history":[{"count":5,"href":"https:\/\/dcv.artcom.mx\/pda\/1170490\/wp-json\/wp\/v2\/pages\/586\/revisions"}],"predecessor-version":[{"id":702,"href":"https:\/\/dcv.artcom.mx\/pda\/1170490\/wp-json\/wp\/v2\/pages\/586\/revisions\/702"}],"wp:attachment":[{"href":"https:\/\/dcv.artcom.mx\/pda\/1170490\/wp-json\/wp\/v2\/media?parent=586"}],"curies":[{"name":"wp","href":"https:\/\/api.w.org\/{rel}","templated":true}]}}