{"id":2,"date":"2023-01-30T14:33:25","date_gmt":"2023-01-30T14:33:25","guid":{"rendered":"https:\/\/dcv.artcom.mx\/pda\/1170490\/?page_id=2"},"modified":"2025-05-13T23:46:17","modified_gmt":"2025-05-13T23:46:17","slug":"pagina-ejemplo","status":"publish","type":"page","link":"https:\/\/dcv.artcom.mx\/pda\/1170490\/","title":{"rendered":"\u00a1Hola!"},"content":{"rendered":"<p>[et_pb_section fb_built=\u00bb1&#8243; admin_label=\u00bbAbout\u00bb _builder_version=\u00bb4.24.0&#8243; background_color=\u00bb#88C4DD\u00bb background_enable_image=\u00bboff\u00bb background_size=\u00bbinitial\u00bb custom_padding=\u00bb||90px|||\u00bb locked=\u00bboff\u00bb global_colors_info=\u00bb{}\u00bb][et_pb_row _builder_version=\u00bb4.20.4&#8243; min_height=\u00bb387.5px\u00bb custom_margin=\u00bb|auto|-47px|auto||\u00bb custom_padding=\u00bb8px||0px|||\u00bb global_colors_info=\u00bb{}\u00bb][et_pb_column type=\u00bb4_4&#8243; _builder_version=\u00bb4.16&#8243; global_colors_info=\u00bb{}\u00bb][et_pb_text _builder_version=\u00bb4.16&#8243; text_font=\u00bbLora||||||||\u00bb text_line_height=\u00bb2em\u00bb header_text_color=\u00bb#280400&#8243; header_font_size=\u00bb100px\u00bb header_line_height=\u00bb1.2em\u00bb max_width=\u00bb72.8%\u00bb max_width_tablet=\u00bb68%\u00bb max_width_phone=\u00bb75%\u00bb max_width_last_edited=\u00bbon|phone\u00bb custom_margin=\u00bb|-334px||||\u00bb header_font_size_tablet=\u00bb60px\u00bb header_font_size_phone=\u00bb40px\u00bb header_font_size_last_edited=\u00bbon|phone\u00bb header_line_height_tablet=\u00bb1.4em\u00bb header_line_height_phone=\u00bb\u00bb header_line_height_last_edited=\u00bbon|phone\u00bb global_colors_info=\u00bb{}\u00bb max_width__hover_enabled=\u00bboff|desktop\u00bb]<\/p>\n<h1>Ren\u00e9 Mois\u00e9s Flores Guzm\u00e1n<\/h1>\n<p>[\/et_pb_text][et_pb_text _builder_version=\u00bb4.20.4&#8243; _module_preset=\u00bbdefault\u00bb text_font=\u00bbLora||||||||\u00bb text_text_color=\u00bb#000000&#8243; text_font_size=\u00bb20px\u00bb custom_padding=\u00bb|637px|1px|||\u00bb global_colors_info=\u00bb{}\u00bb]<\/p>\n<p style=\"text-align: left\">Dise\u00f1ador gr\u00e1fico e ilustrador y fot\u00f3grafo mexicano estudiante de la Universidad de Montemorelos en el estado de Nuevo Le\u00f3n.<\/p>\n<p>[\/et_pb_text][et_pb_image src=\u00bbhttp:\/\/dcv.artcom.mx\/pda\/1170490\/wp-content\/uploads\/sites\/49\/2023\/03\/IMG_4907-scaled.jpg\u00bb title_text=\u00bbProcessed with VSCO with b5 preset\u00bb _builder_version=\u00bb4.20.4&#8243; _module_preset=\u00bbdefault\u00bb custom_margin=\u00bb1px|||||\u00bb global_colors_info=\u00bb{}\u00bb][\/et_pb_image][\/et_pb_column][\/et_pb_row][et_pb_row _builder_version=\u00bb4.16&#8243; custom_margin=\u00bb113px|auto||auto||\u00bb locked=\u00bboff\u00bb global_colors_info=\u00bb{}\u00bb][et_pb_column type=\u00bb4_4&#8243; _builder_version=\u00bb4.16&#8243; global_colors_info=\u00bb{}\u00bb][et_pb_text _builder_version=\u00bb4.16&#8243; text_font=\u00bbLora||||||||\u00bb header_2_text_color=\u00bb#280400&#8243; header_2_font_size=\u00bb60px\u00bb header_2_line_height=\u00bb1.2em\u00bb text_orientation=\u00bbcenter\u00bb header_2_font_size_tablet=\u00bb40px\u00bb header_2_font_size_phone=\u00bb28px\u00bb header_2_font_size_last_edited=\u00bbon|phone\u00bb header_2_line_height_tablet=\u00bb1.4em\u00bb header_2_line_height_phone=\u00bb\u00bb header_2_line_height_last_edited=\u00bbon|phone\u00bb global_colors_info=\u00bb{}\u00bb]<\/p>\n<h2>Un poco sobre mi:<\/h2>\n<p>[\/et_pb_text][\/et_pb_column][\/et_pb_row][et_pb_row column_structure=\u00bb1_2,1_2&#8243; _builder_version=\u00bb4.16&#8243; background_color=\u00bbRGBA(255,255,255,0)\u00bb custom_margin=\u00bb|auto|-104px|auto||\u00bb global_colors_info=\u00bb{}\u00bb][et_pb_column type=\u00bb1_2&#8243; _builder_version=\u00bb4.16&#8243; background_enable_image=\u00bboff\u00bb global_colors_info=\u00bb{}\u00bb][et_pb_text _builder_version=\u00bb4.20.4&#8243; text_font=\u00bbLora||||||||\u00bb text_text_color=\u00bb#000000&#8243; text_line_height=\u00bb2em\u00bb custom_padding=\u00bb0px|||0px||\u00bb locked=\u00bboff\u00bb global_colors_info=\u00bb{}\u00bb]<\/p>\n<p><span style=\"font-size: medium\">Hello! My name is Ren\u00e8 Moises Flores Guzman, I studied preschool, and part of my primary school in Pichucalco Chis. and in Cancun Qroo. I finished it; I studied middle school and high school in Tuxtla Guti\u00e9rrez Chis. I studied medicine for 5 years at the University of Montemorelos and in 2022 I started a career in Graphic Design.<\/span><br \/><span style=\"font-size: medium\">I really enjoy painting, illustrating digital and traditional, I am passionate about swimming and athletics. I want to be a designer who can contribute something positive to society, help others with my talents, and serve today, im finishing my second year at the graphic design school.<\/span><\/p>\n<p>[\/et_pb_text][\/et_pb_column][et_pb_column type=\u00bb1_2&#8243; _builder_version=\u00bb4.16&#8243; _module_preset=\u00bbdefault\u00bb global_colors_info=\u00bb{}\u00bb][et_pb_text _builder_version=\u00bb4.20.4&#8243; text_font=\u00bbLora||||||||\u00bb text_text_color=\u00bb#000000&#8243; text_line_height=\u00bb2em\u00bb width=\u00bb100%\u00bb custom_padding=\u00bb||4px|||\u00bb locked=\u00bboff\u00bb global_colors_info=\u00bb{}\u00bb]<\/p>\n<p><span style=\"font-size: medium\">\u00a1Hola! Me llamo Ren\u00e8 Moises Flores Guzman, estudi\u00e9 preescolar, y parte de mi primaria en Pichucalco Chis. y en Canc\u00fan Qroo. la culmine; estudi\u00e9 la secundaria y la preparatoria en Tuxtla Guti\u00e9rrez Chis. Estudi\u00e9 5 a\u00f1os de medicina en la Universidad de Montemorelos y en 2022 comenc\u00e9 la carrera de Dise\u00f1o gr\u00e1fico.<\/span><br \/><span style=\"font-size: medium\">Disfruto mucho pintar, ilustrar digital y tradicional, me apasione la nataci\u00f3n y el atletismo. Quiero ser un dise\u00f1ador que pueda aportar a la sociedad algo positivo, ayudar a los dem\u00e1s con mis talentos y servir; actualmente estoy cursando el segundo a\u00f1o de mi carrera.<\/span><\/p>\n<p>&nbsp;<\/p>\n<p>[\/et_pb_text][\/et_pb_column][\/et_pb_row][\/et_pb_section][et_pb_section fb_built=\u00bb1&#8243; _builder_version=\u00bb4.24.2&#8243; _module_preset=\u00bbdefault\u00bb background_color=\u00bbgcid-90335b04-3cb1-443a-8fb4-32f37cf86a95&#8243; global_colors_info=\u00bb{%22gcid-90335b04-3cb1-443a-8fb4-32f37cf86a95%22:%91%22background_color%22%93}\u00bb][et_pb_row _builder_version=\u00bb4.24.2&#8243; _module_preset=\u00bbdefault\u00bb global_colors_info=\u00bb{}\u00bb][et_pb_column type=\u00bb4_4&#8243; _builder_version=\u00bb4.24.2&#8243; _module_preset=\u00bbdefault\u00bb global_colors_info=\u00bb{}\u00bb][et_pb_text _builder_version=\u00bb4.24.2&#8243; _module_preset=\u00bbdefault\u00bb text_font=\u00bbLora|700|||||||\u00bb text_text_color=\u00bb#000000&#8243; text_font_size=\u00bb47px\u00bb text_letter_spacing=\u00bb6px\u00bb global_colors_info=\u00bb{}\u00bb]<\/p>\n<h1 style=\"text-align: center\"><span style=\"color: #0a0a0a\"><strong><span style=\"font-size: xx-large\">METAS<\/span><\/strong><\/span><\/h1>\n<p>[\/et_pb_text][\/et_pb_column][\/et_pb_row][et_pb_row column_structure=\u00bb1_2,1_2&#8243; _builder_version=\u00bb4.24.2&#8243; _module_preset=\u00bbdefault\u00bb global_colors_info=\u00bb{}\u00bb][et_pb_column type=\u00bb1_2&#8243; _builder_version=\u00bb4.24.2&#8243; _module_preset=\u00bbdefault\u00bb global_colors_info=\u00bb{}\u00bb][et_pb_text _builder_version=\u00bb4.24.2&#8243; _module_preset=\u00bbdefault\u00bb hover_enabled=\u00bb0&#8243; inline_fonts=\u00bbLora\u00bb global_colors_info=\u00bb{}\u00bb sticky_enabled=\u00bb0&#8243;]<\/p>\n<ul>\n<li>\n<h2><span style=\"font-size: medium\"><span style=\"font-family: Lora;color: #0a0a0a\">Crear una agencia de dise\u00f1o y fotograf\u00eda.<\/span><span style=\"font-family: Lora;color: #0a0a0a\"><\/span><\/span><\/h2>\n<\/li>\n<li>\n<h2><span style=\"font-size: medium;font-family: Lora;color: #0a0a0a\">Hacer un proyecto del cuidado ambiente que tenga un gran impacto.<\/span><\/h2>\n<\/li>\n<li>\n<h2><span style=\"font-size: medium;font-family: Lora;color: #0a0a0a\">Colaborar con marcas reconocidas.<\/span><\/h2>\n<\/li>\n<li>\n<h2><span style=\"font-size: medium;font-family: Lora;color: #0a0a0a\"><\/span><span style=\"color: #0a0a0a;font-family: Lora;font-size: medium\">Ser maestro en una universidad.<\/span><\/h2>\n<\/li>\n<\/ul>\n<p>[\/et_pb_text][et_pb_text _builder_version=\u00bb4.24.2&#8243; _module_preset=\u00bbdefault\u00bb inline_fonts=\u00bbLora\u00bb global_colors_info=\u00bb{}\u00bb][\/et_pb_text][\/et_pb_column][et_pb_column type=\u00bb1_2&#8243; _builder_version=\u00bb4.24.2&#8243; _module_preset=\u00bbdefault\u00bb global_colors_info=\u00bb{}\u00bb][et_pb_text _builder_version=\u00bb4.24.2&#8243; _module_preset=\u00bbdefault\u00bb inline_fonts=\u00bbLora\u00bb global_colors_info=\u00bb{}\u00bb]<\/p>\n<ul>\n<li class=\"tw-data-text tw-text-large tw-ta\" data-placeholder=\"Traducci\u00f3n\" id=\"tw-target-text\" data-ved=\"2ahUKEwj3lprjtaGNAxU0le4BHeAZHigQ3ewLegQICRAV\" dir=\"ltr\" aria-label=\"Texto traducido: Create a design and photography agency. Develop an environmental project that has a significant impact. Collaborate with renowned brands. Collaborate with Huawei and live in China. Become a teacher at a university.\">\n<h2><span class=\"Y2IQFc\" lang=\"en\" style=\"font-family: Lora;color: #0a0a0a;font-size: medium\">Create a design and photography agency.<\/span><\/h2>\n<\/li>\n<li class=\"tw-data-text tw-text-large tw-ta\" data-placeholder=\"Traducci\u00f3n\" data-ved=\"2ahUKEwj3lprjtaGNAxU0le4BHeAZHigQ3ewLegQICRAV\" dir=\"ltr\" aria-label=\"Texto traducido: Create a design and photography agency. Develop an environmental project that has a significant impact. Collaborate with renowned brands. Collaborate with Huawei and live in China. Become a teacher at a university.\">\n<h2><span class=\"Y2IQFc\" lang=\"en\" style=\"font-family: Lora;color: #0a0a0a;font-size: medium\">Develop an environmental project that has a significant impact.<\/span><\/h2>\n<\/li>\n<li class=\"tw-data-text tw-text-large tw-ta\" data-placeholder=\"Traducci\u00f3n\" data-ved=\"2ahUKEwj3lprjtaGNAxU0le4BHeAZHigQ3ewLegQICRAV\" dir=\"ltr\" aria-label=\"Texto traducido: Create a design and photography agency. Develop an environmental project that has a significant impact. Collaborate with renowned brands. Collaborate with Huawei and live in China. Become a teacher at a university.\">\n<h2><span class=\"Y2IQFc\" lang=\"en\" style=\"font-family: Lora;color: #0a0a0a;font-size: medium\">Collaborate with renowned brands.<\/span><\/h2>\n<\/li>\n<li class=\"tw-data-text tw-text-large tw-ta\" data-placeholder=\"Traducci\u00f3n\" data-ved=\"2ahUKEwj3lprjtaGNAxU0le4BHeAZHigQ3ewLegQICRAV\" dir=\"ltr\" aria-label=\"Texto traducido: Create a design and photography agency. Develop an environmental project that has a significant impact. Collaborate with renowned brands. Collaborate with Huawei and live in China. Become a teacher at a university.\">\n<h2><span class=\"Y2IQFc\" lang=\"en\" style=\"font-family: Lora;color: #0a0a0a;font-size: medium\">Become a teacher at a university.<\/span><\/h2>\n<\/li>\n<\/ul>\n<p>[\/et_pb_text][\/et_pb_column][\/et_pb_row][\/et_pb_section][et_pb_section fb_built=\u00bb1&#8243; custom_padding_last_edited=\u00bbon|tablet\u00bb admin_label=\u00bbImages\u00bb _builder_version=\u00bb4.24.0&#8243; background_color=\u00bb#88C4DD\u00bb min_height=\u00bb285.2px\u00bb custom_padding=\u00bb||200px|||\u00bb custom_padding_tablet=\u00bb||50px||false|false\u00bb custom_padding_phone=\u00bb\u00bb locked=\u00bboff\u00bb global_colors_info=\u00bb{}\u00bb][et_pb_row column_structure=\u00bb1_2,1_2&#8243; use_custom_gutter=\u00bbon\u00bb gutter_width=\u00bb2&#8243; _builder_version=\u00bb4.24.2&#8243; global_colors_info=\u00bb{}\u00bb][et_pb_column type=\u00bb1_2&#8243; _builder_version=\u00bb4.16&#8243; global_colors_info=\u00bb{}\u00bb][et_pb_image src=\u00bbhttp:\/\/dcv.artcom.mx\/pda\/1170490\/wp-content\/uploads\/sites\/49\/2025\/05\/5-2.png\u00bb title_text=\u00bb5-2&#8243; align=\u00bbcenter\u00bb _builder_version=\u00bb4.24.2&#8243; max_height_tablet=\u00bb400px\u00bb max_height_phone=\u00bb300px\u00bb max_height_last_edited=\u00bbon|phone\u00bb global_colors_info=\u00bb{}\u00bb][\/et_pb_image][\/et_pb_column][et_pb_column type=\u00bb1_2&#8243; _builder_version=\u00bb4.16&#8243; global_colors_info=\u00bb{}\u00bb][et_pb_image src=\u00bbhttp:\/\/dcv.artcom.mx\/pda\/1170490\/wp-content\/uploads\/sites\/49\/2025\/05\/Captura-de-pantalla-2025-05-13-a-las-10.01.24\u202fa.m.png\u00bb title_text=\u00bbCaptura de pantalla 2025-05-13 a la(s) 10.01.24\u202fa.m.\u00bb align=\u00bbcenter\u00bb _builder_version=\u00bb4.24.2&#8243; max_height_tablet=\u00bb400px\u00bb max_height_phone=\u00bb300px\u00bb max_height_last_edited=\u00bbon|phone\u00bb locked=\u00bboff\u00bb global_colors_info=\u00bb{}\u00bb][\/et_pb_image][\/et_pb_column][\/et_pb_row][\/et_pb_section][et_pb_section fb_built=\u00bb1&#8243; specialty=\u00bbon\u00bb admin_label=\u00bbFooter\u00bb _builder_version=\u00bb4.24.0&#8243; background_color=\u00bb#4ca0e0&#8243; background_color_gradient_direction=\u00bb90deg\u00bb background_color_gradient_start=\u00bb#f9f5f1&#8243; background_color_gradient_end=\u00bb#e8e2d7&#8243; background_enable_image=\u00bboff\u00bb background_size=\u00bbinitial\u00bb custom_margin=\u00bb-160px||-209px|||\u00bb custom_padding=\u00bb164px||1px||false|false\u00bb background_last_edited=\u00bbon|desktop\u00bb background_color_gradient_stops_tablet=\u00bb#f9f5f1 80%|#e8e2d7 80%\u00bb background_color_gradient_stops_phone=\u00bb#f9f5f1 75%|#e8e2d7 75%\u00bb background_color_gradient_start_position_tablet=\u00bb80%\u00bb background_color_gradient_start_position_phone=\u00bb75%\u00bb background_color_gradient_end_position_tablet=\u00bb80%\u00bb background_color_gradient_end_position_phone=\u00bb75%\u00bb background_position_tablet=\u00bbbottom_center\u00bb locked=\u00bboff\u00bb global_colors_info=\u00bb{}\u00bb][et_pb_column type=\u00bb1_2&#8243; _builder_version=\u00bb4.16&#8243; custom_padding=\u00bb|||\u00bb global_colors_info=\u00bb{}\u00bb custom_padding__hover=\u00bb|||\u00bb][et_pb_text _builder_version=\u00bb4.24.2&#8243; text_font=\u00bbLora||||||||\u00bb text_font_size=\u00bb2px\u00bb header_font_size=\u00bb19px\u00bb header_2_font=\u00bb|||on|||||\u00bb header_2_text_color=\u00bb#280400&#8243; header_2_font_size=\u00bb80px\u00bb header_2_letter_spacing=\u00bb8px\u00bb header_2_line_height=\u00bb1.2em\u00bb max_width_tablet=\u00bb\u00bb max_width_phone=\u00bb\u00bb max_width_last_edited=\u00bbon|desktop\u00bb header_2_font_size_tablet=\u00bb40px\u00bb header_2_font_size_phone=\u00bb28px\u00bb header_2_font_size_last_edited=\u00bbon|phone\u00bb header_2_line_height_tablet=\u00bb1.4em\u00bb header_2_line_height_phone=\u00bb\u00bb header_2_line_height_last_edited=\u00bbon|phone\u00bb locked=\u00bboff\u00bb global_colors_info=\u00bb{}\u00bb]<\/p>\n<h1><span style=\"font-size: xx-large\">Puedes contactarme por aqu\u00ed<\/span><\/h1>\n<p>[\/et_pb_text][\/et_pb_column][et_pb_column type=\u00bb1_2&#8243; specialty_columns=\u00bb2&#8243; _builder_version=\u00bb4.16&#8243; custom_padding=\u00bb|||\u00bb global_colors_info=\u00bb{}\u00bb custom_padding__hover=\u00bb|||\u00bb][et_pb_row_inner _builder_version=\u00bb4.24.0&#8243; background_color=\u00bb#0C71C3&#8243; max_width=\u00bb280px\u00bb custom_margin=\u00bb||||false|false\u00bb custom_padding=\u00bb140px|30px|100px|30px|false|true\u00bb scroll_vertical_motion_enable=\u00bbon\u00bb scroll_vertical_motion=\u00bb0|0|0|50|0|0|-2&#8243; motion_trigger_start=\u00bbtop\u00bb scroll_vertical_motion_tablet=\u00bb0|0|0|50|0|0|0&#8243; scroll_vertical_motion_phone=\u00bb\u00bb scroll_vertical_motion_last_edited=\u00bbon|tablet\u00bb global_colors_info=\u00bb{}\u00bb][et_pb_column_inner saved_specialty_column_type=\u00bb1_2&#8243; _builder_version=\u00bb4.16&#8243; global_colors_info=\u00bb{}\u00bb][et_pb_text _builder_version=\u00bb4.16&#8243; link_font=\u00bbLora||on||||||\u00bb link_text_color=\u00bb#ffffff\u00bb link_line_height=\u00bb2em\u00bb header_3_font=\u00bb|700||on|||||\u00bb header_3_font_size=\u00bb12px\u00bb header_3_letter_spacing=\u00bb2px\u00bb header_3_line_height=\u00bb1.4em\u00bb background_layout=\u00bbdark\u00bb link_font_size_tablet=\u00bb20px\u00bb link_font_size_phone=\u00bb18px\u00bb link_font_size_last_edited=\u00bboff|desktop\u00bb locked=\u00bboff\u00bb global_colors_info=\u00bb{}\u00bb]<\/p>\n<h3>Phone<\/h3>\n<p><a href=\"#\">961 271 1630<\/a><\/p>\n<p>[\/et_pb_text][et_pb_text _builder_version=\u00bb4.16&#8243; link_font=\u00bbLora||on||||||\u00bb link_text_color=\u00bb#ffffff\u00bb link_line_height=\u00bb2em\u00bb header_3_font=\u00bb|700||on|||||\u00bb header_3_font_size=\u00bb12px\u00bb header_3_letter_spacing=\u00bb2px\u00bb header_3_line_height=\u00bb1.4em\u00bb background_layout=\u00bbdark\u00bb custom_margin=\u00bb40px||||false|false\u00bb link_font_size_tablet=\u00bb20px\u00bb link_font_size_phone=\u00bb18px\u00bb link_font_size_last_edited=\u00bbon|phone\u00bb locked=\u00bboff\u00bb global_colors_info=\u00bb{}\u00bb][\/et_pb_text][et_pb_text _builder_version=\u00bb4.16&#8243; text_font=\u00bbLora||||||||\u00bb header_2_font_size=\u00bb40px\u00bb header_2_line_height=\u00bb1.2em\u00bb background_layout=\u00bbdark\u00bb max_width=\u00bb260px\u00bb max_width_tablet=\u00bb200px\u00bb max_width_phone=\u00bb150px\u00bb max_width_last_edited=\u00bbon|phone\u00bb custom_margin=\u00bb40px||||false|false\u00bb custom_padding=\u00bb||8px|||\u00bb header_2_font_size_tablet=\u00bb36px\u00bb header_2_font_size_phone=\u00bb28px\u00bb header_2_font_size_last_edited=\u00bbon|desktop\u00bb header_2_line_height_tablet=\u00bb1.4em\u00bb header_2_line_height_phone=\u00bb\u00bb header_2_line_height_last_edited=\u00bbon|phone\u00bb locked=\u00bboff\u00bb global_colors_info=\u00bb{}\u00bb]<\/p>\n<h2>Gracias!<\/h2>\n<p>[\/et_pb_text][\/et_pb_column_inner][\/et_pb_row_inner][\/et_pb_column][\/et_pb_section]<\/p>\n","protected":false},"excerpt":{"rendered":"<p>Ren\u00e9 Mois\u00e9s Flores Guzm\u00e1nDise\u00f1ador gr\u00e1fico e ilustrador y fot\u00f3grafo mexicano estudiante de la Universidad de Montemorelos en el estado de Nuevo Le\u00f3n.Un poco sobre mi:Hello! My name is Ren\u00e8 Moises Flores Guzman, I studied preschool, and part of my primary school in Pichucalco Chis. and in Cancun Qroo. I finished it; I studied middle school [&hellip;]<\/p>\n","protected":false},"author":52,"featured_media":0,"parent":0,"menu_order":0,"comment_status":"closed","ping_status":"open","template":"","meta":{"_et_pb_use_builder":"on","_et_pb_old_content":"<!-- wp:paragraph -->\n<p>Esta es una p\u00e1gina de ejemplo. Es diferente a una entrada del blog porque permanecer\u00e1 en un solo lugar y aparecer\u00e1 en la navegaci\u00f3n de tu sitio (en la mayor\u00eda de los temas). La mayor\u00eda de las personas comienzan con una p\u00e1gina \u00abAcerca de\u00bb que les presenta a los visitantes potenciales del sitio. Podr\u00edas decir algo as\u00ed:<\/p>\n<!-- \/wp:paragraph -->\n\n<!-- wp:quote -->\n<blockquote class=\"wp-block-quote\"><p>\u00a1Bienvenido! Soy camarero de d\u00eda, aspirante a actor de noche y esta es mi web. Vivo en Mairena del Alcor, tengo un perro que se llama Firulais y me gusta el rebujito. (Y las tardes largas con caf\u00e9).<\/p><\/blockquote>\n<!-- \/wp:quote -->\n\n<!-- wp:paragraph -->\n<p>\u2026o algo as\u00ed:<\/p>\n<!-- \/wp:paragraph -->\n\n<!-- wp:quote -->\n<blockquote class=\"wp-block-quote\"><p>La empresa \u00abMariscos Recio\u00bb fue fundada por Antonio Recio Mata. Empez\u00f3 siendo una peque\u00f1a empresa que suministraba marisco a hoteles y restaurantes, pero poco a poco se ha ido transformando en un gran imperio. Mariscos Recio, el mar al mejor precio.<\/p><\/blockquote>\n<!-- \/wp:quote -->\n\n<!-- wp:paragraph -->\n<p>Como nuevo usuario de WordPress, deber\u00edas ir a <a href=\"https:\/\/dcv.artcom.mx\/pda\/1170490\/wp-admin\/\">tu escritorio<\/a> para borrar esta p\u00e1gina y crear nuevas p\u00e1ginas para tu contenido. \u00a1P\u00e1salo bien!<\/p>\n<!-- \/wp:paragraph -->","_et_gb_content_width":"","inline_featured_image":false,"footnotes":""},"_links":{"self":[{"href":"https:\/\/dcv.artcom.mx\/pda\/1170490\/wp-json\/wp\/v2\/pages\/2"}],"collection":[{"href":"https:\/\/dcv.artcom.mx\/pda\/1170490\/wp-json\/wp\/v2\/pages"}],"about":[{"href":"https:\/\/dcv.artcom.mx\/pda\/1170490\/wp-json\/wp\/v2\/types\/page"}],"author":[{"embeddable":true,"href":"https:\/\/dcv.artcom.mx\/pda\/1170490\/wp-json\/wp\/v2\/users\/52"}],"replies":[{"embeddable":true,"href":"https:\/\/dcv.artcom.mx\/pda\/1170490\/wp-json\/wp\/v2\/comments?post=2"}],"version-history":[{"count":25,"href":"https:\/\/dcv.artcom.mx\/pda\/1170490\/wp-json\/wp\/v2\/pages\/2\/revisions"}],"predecessor-version":[{"id":717,"href":"https:\/\/dcv.artcom.mx\/pda\/1170490\/wp-json\/wp\/v2\/pages\/2\/revisions\/717"}],"wp:attachment":[{"href":"https:\/\/dcv.artcom.mx\/pda\/1170490\/wp-json\/wp\/v2\/media?parent=2"}],"curies":[{"name":"wp","href":"https:\/\/api.w.org\/{rel}","templated":true}]}}